{"id":13589,"date":"2023-06-30T17:17:02","date_gmt":"2023-06-30T15:17:02","guid":{"rendered":"https:\/\/funstorage.thehuettl.com\/?post_type=product&#038;p=13589"},"modified":"2023-11-14T00:49:57","modified_gmt":"2023-11-13T23:49:57","slug":"lego-21170-das-schweinehaus","status":"publish","type":"product","link":"https:\/\/funstorage.thehuettl.com\/en\/shop\/lego-21170-das-schweinehaus\/","title":{"rendered":"LEGO\u00ae 21170 Das Schweinehaus"},"content":{"rendered":"<dl class=\"dl-horizontal\">\n<dd>\n<div id=\"ctl00_main_mgcProduct_ctl00_v1_ctrl_metadata_ProductDescription_divReadmore\">Benutze dein ganzes Minecraft\u2122 K\u00f6nnen, um das Haus in der Form eines Riesenschweins zu bauen! Eine Seite l\u00e4sst sich \u00f6ffnen, um einen gro\u00dfen Raum preiszugeben, und unter dem abnehmbaren Dach kommt ein kleineres Zimmer im Schweinekopf zum Vorschein. Entdecke an der Seite von Alex das Innenleben \u2013 aber h\u00fcte dich vor dem Creeper\u2122. Hast du Lust auf einen Umbau? Dann versetze den Kopf einfach an eine andere Stelle. Soll ein v\u00f6lliger Neubau entstehen? Dann verwende die Explosionsfunktion, um dein Modell in seine Einzelteile zu zerlegen.<\/div>\n<\/dd>\n<\/dl>\n<div><\/div>\n<div>\n<dl class=\"dl-horizontal\">\n<dd><span id=\"ctl00_main_mgcProduct_ctl00_v1_ctrl_metadata_ProductShopper_l2\">Mit dem LEGO\u00ae Minecraft\u2122 Set \u201eDas Schweinehaus\u201c (21170) erleben Minecraft\u2122 Spieler ihr Lieblingsonlinespiel auf einem v\u00f6llig neuen Niveau. Dieses authentische Minecraft\u2122 Spielset bietet dasselbe Spielvergn\u00fcgen und dieselben kreativen Abenteuer wie das Onlinespiel \u2013 und ein aktives und vielseitiges LEGO Bauerlebnis. Auf der Suche nach dem perfekten Minecraft\u2122 Geschenk? Kinder benutzen ihr Minecraft\u2122 K\u00f6nnen, um ein \u00e4hnlich komisches Bauwerk zu erschaffen wie im Onlinespiel: ein Haus in der Form eines Riesenschweins. Eine Seite des Geb\u00e4udes l\u00e4sst sich \u00f6ffnen, um einen gro\u00dfen Raum preiszugeben, und unter dem abnehmbaren Dach kommt ein weiteres Zimmer zum Vorschein. Das Modell l\u00e4sst sich vielseitig umbauen \u2013 und der Raum im Kopf kann abgenommen und an anderer Stelle angebaut werden. Alex, die mutige Heldin des Onlinespiels, macht bei dem Spa\u00df mit, w\u00e4hrend ein kultverd\u00e4chtiger Creeper\u2122 im Hinterhalt lauert. Auch drau\u00dfen locken Aktivit\u00e4ten, denn zwei niedliche Schweine m\u00fcssen versorgt werden. Typische Minecraft\u2122 Action bietet auch eine Explosionsfunktion, die das Spielzeug in seine Einzelteile zerbersten l\u00e4sst!<\/span><\/dd>\n<\/dl>\n<\/div>\n<p>&nbsp;<\/p>\n<p>Anzahl Teile: 490<br \/>\nAltersempfehlung: 8+<br \/>\nThema: LEGO\u00ae Minecraft\u2122<br \/>\nEAN: 5702016913880<\/p>\n<p>&nbsp;<\/p>\n<dl class=\"dl-horizontal\">\n<dd>\n<div id=\"ctl00_main_mgcProduct_ctl00_v1_ctrl_metadata_ProductBullets_divReadmore\">\u2022 Das LEGO\u00ae Minecraft\u2122 Set \u201eDas Schweinehaus\u201c (21170) weckt die Leidenschaft eines Minecraft\u2122 Spielers f\u00fcr das Onlinespiel. Das Spielvergn\u00fcgen, die Kreativit\u00e4t und die Abenteuer aus Minecraft treffen auf das aktive Bauerlebnis und die Vielseitigkeit des LEGO Steins.<br \/>\n\u2022 Authentisches LEGO\u00ae Minecraft\u2122 Bau- und Spielset mit dem beliebten Onlinespielcharakter Alex, einem kultverd\u00e4chtigen Creeper\u2122, zwei Schweinen, Zubeh\u00f6r f\u00fcr Alex und Karotten f\u00fcr die Schweine.<br \/>\n\u2022 Nachdem die Kinder das schweinef\u00f6rmiges Haus aufgebaut haben, k\u00f6nnen sie das Dach abnehmen, um die verborgenen R\u00e4ume zu erkunden, sich vor dem Creeper\u2122 zu verstecken, die Schweine zu versorgen \u2013 und das Haus mit der Explosionsfunktion zum Einsturz zu bringen!<br \/>\n\u2022 F\u00fcr Kinder ab 8 Jahren. Das perfekte Geschenk f\u00fcr Kinder, die sich ein neuartiges Minecraft\u2122 Spielerlebnis w\u00fcnschen.<br \/>\n\u2022 Das Modell ist 14 cm hoch, 20 cm breit und 19 cm tief, regt zum aktiven Spielen an und bereichert als spektakul\u00e4res Schaust\u00fcck das Zimmer jedes Minecraft\u2122 Fans.<br \/>\n\u2022 Dieses LEGO\u00ae Minecraft\u2122 Set ist besonders robust und l\u00e4sst sich leicht umgestalten und mit anderen LEGO\u00ae Minecraft\u2122 Spielzeugen kombinieren.<br \/>\n\u2022 Die unterschiedlichen LEGO\u00ae Minecraft\u2122 Spielsets erwecken das Minecraft Onlinespiel mit Charakteren, Kulissen und Funktionen zum Leben, die sich mit den unverw\u00fcstlichen LEGO Steinen nachbilden lassen.<br \/>\n\u2022 LEGO\u00ae Elemente entsprechen schon seit 1958 strengen Branchenstandards, damit sie einheitlich und kompatibel sind und sich stets perfekt zusammenstecken und m\u00fchelos wieder trennen lassen.<br \/>\n\u2022 LEGO\u00ae Elemente werden Fall-, Hitze-, Druck- und Torsionstests unterzogen und analysiert, damit sie strikten globalen Sicherheitsstandards entsprechen.<\/div>\n<\/dd>\n<\/dl>","protected":false},"excerpt":{"rendered":"<dl class=\"dl-horizontal\">\n<dd><span id=\"ctl00_main_mgcProduct_ctl00_v1_ctrl_metadata_ProductOneliner_l2\">Minecraft\u2122 Spieler k\u00f6nnen das tolle schweinef\u00f6rmige Haus nachbauen und in dem Geb\u00e4ude mit ihren Minecraft\u2122 Lieblingscharakteren unz\u00e4hlige Abenteuer erleben.<\/span><\/dd>\n<\/dl>","protected":false},"featured_media":13590,"comment_status":"closed","ping_status":"closed","template":"","meta":[],"product_brand":[],"product_cat":[34,302],"product_tag":[81,45,306,415,416],"class_list":{"0":"post-13589","1":"product","2":"type-product","3":"status-publish","4":"has-post-thumbnail","6":"product_cat-lego","7":"product_cat-lego-minecraft","8":"product_tag-haus","9":"product_tag-lego","10":"product_tag-minecraft","11":"product_tag-schwein","12":"product_tag-schweinhaus","14":"first","15":"instock","16":"taxable","17":"shipping-taxable","18":"purchasable","19":"product-type-simple"},"yoast_head":"<!-- This site is optimized with the Yoast SEO plugin v26.4 - https:\/\/yoast.com\/wordpress\/plugins\/seo\/ -->\n<title>Aktives Minecraft\u2122 Spielvergn\u00fcgen im im Schweinehaus<\/title>\n<meta name=\"description\" content=\"Minecraft\u2122 Spieler k\u00f6nnen das tolle schweinef\u00f6rmige Haus nachbauen und in dem Geb\u00e4ude mit ihren Minecraft\u2122 Lieblingscharakteren unz\u00e4hlige Abenteuer erleben.\" \/>\n<meta name=\"robots\" content=\"index, follow, max-snippet:-1, max-image-preview:large, max-video-preview:-1\" \/>\n<link rel=\"canonical\" href=\"https:\/\/funstorage.thehuettl.com\/en\/wp-json\/wp\/v2\/product\/13589\" \/>\n<meta property=\"og:locale\" content=\"en_US\" \/>\n<meta property=\"og:type\" content=\"article\" \/>\n<meta property=\"og:title\" content=\"Aktives Minecraft\u2122 Spielvergn\u00fcgen im im Schweinehaus\" \/>\n<meta property=\"og:description\" content=\"Minecraft\u2122 Spieler k\u00f6nnen das tolle schweinef\u00f6rmige Haus nachbauen und in dem Geb\u00e4ude mit ihren Minecraft\u2122 Lieblingscharakteren unz\u00e4hlige Abenteuer erleben.\" \/>\n<meta property=\"og:url\" content=\"https:\/\/funstorage.thehuettl.com\/en\/shop\/lego-21170-das-schweinehaus\/\" \/>\n<meta property=\"og:site_name\" content=\"FunStorage\" \/>\n<meta property=\"article:publisher\" content=\"https:\/\/www.facebook.com\/funstorage.de\" \/>\n<meta property=\"article:modified_time\" content=\"2023-11-13T23:49:57+00:00\" \/>\n<meta property=\"og:image\" content=\"https:\/\/funstorage.thehuettl.com\/wp-content\/uploads\/2023\/06\/21170_boxprod_v29-scaled.jpg\" \/>\n\t<meta property=\"og:image:width\" content=\"2560\" \/>\n\t<meta property=\"og:image:height\" content=\"2560\" \/>\n\t<meta property=\"og:image:type\" content=\"image\/jpeg\" \/>\n<meta name=\"twitter:card\" content=\"summary_large_image\" \/>\n<meta name=\"twitter:label1\" content=\"Est. reading time\" \/>\n\t<meta name=\"twitter:data1\" content=\"3 minutes\" \/>\n<script type=\"application\/ld+json\" class=\"yoast-schema-graph\">{\"@context\":\"https:\/\/schema.org\",\"@graph\":[{\"@type\":\"WebPage\",\"@id\":\"https:\/\/funstorage.thehuettl.com\/shop\/lego-21170-das-schweinehaus\/\",\"url\":\"https:\/\/funstorage.thehuettl.com\/shop\/lego-21170-das-schweinehaus\/\",\"name\":\"Aktives Minecraft\u2122 Spielvergn\u00fcgen im im Schweinehaus\",\"isPartOf\":{\"@id\":\"https:\/\/funstorage.thehuettl.com\/#website\"},\"primaryImageOfPage\":{\"@id\":\"https:\/\/funstorage.thehuettl.com\/shop\/lego-21170-das-schweinehaus\/#primaryimage\"},\"image\":{\"@id\":\"https:\/\/funstorage.thehuettl.com\/shop\/lego-21170-das-schweinehaus\/#primaryimage\"},\"thumbnailUrl\":\"https:\/\/funstorage.thehuettl.com\/wp-content\/uploads\/2023\/06\/21170_boxprod_v29-scaled.jpg\",\"datePublished\":\"2023-06-30T15:17:02+00:00\",\"dateModified\":\"2023-11-13T23:49:57+00:00\",\"description\":\"Minecraft\u2122 Spieler k\u00f6nnen das tolle schweinef\u00f6rmige Haus nachbauen und in dem Geb\u00e4ude mit ihren Minecraft\u2122 Lieblingscharakteren unz\u00e4hlige Abenteuer erleben.\",\"breadcrumb\":{\"@id\":\"https:\/\/funstorage.thehuettl.com\/shop\/lego-21170-das-schweinehaus\/#breadcrumb\"},\"inLanguage\":\"en-US\",\"potentialAction\":[{\"@type\":\"ReadAction\",\"target\":[\"https:\/\/funstorage.thehuettl.com\/shop\/lego-21170-das-schweinehaus\/\"]}]},{\"@type\":\"ImageObject\",\"inLanguage\":\"en-US\",\"@id\":\"https:\/\/funstorage.thehuettl.com\/shop\/lego-21170-das-schweinehaus\/#primaryimage\",\"url\":\"https:\/\/funstorage.thehuettl.com\/wp-content\/uploads\/2023\/06\/21170_boxprod_v29-scaled.jpg\",\"contentUrl\":\"https:\/\/funstorage.thehuettl.com\/wp-content\/uploads\/2023\/06\/21170_boxprod_v29-scaled.jpg\",\"width\":2560,\"height\":2560},{\"@type\":\"BreadcrumbList\",\"@id\":\"https:\/\/funstorage.thehuettl.com\/shop\/lego-21170-das-schweinehaus\/#breadcrumb\",\"itemListElement\":[{\"@type\":\"ListItem\",\"position\":1,\"name\":\"Startseite\",\"item\":\"https:\/\/funstorage.thehuettl.com\/step\/homepage\/\"},{\"@type\":\"ListItem\",\"position\":2,\"name\":\"Shop\",\"item\":\"https:\/\/funstorage.thehuettl.com\/shop\/\"},{\"@type\":\"ListItem\",\"position\":3,\"name\":\"LEGO\u00ae 21170 Das Schweinehaus\"}]},{\"@type\":\"WebSite\",\"@id\":\"https:\/\/funstorage.thehuettl.com\/#website\",\"url\":\"https:\/\/funstorage.thehuettl.com\/\",\"name\":\"FunStorage\",\"description\":\"\",\"publisher\":{\"@id\":\"https:\/\/funstorage.thehuettl.com\/#organization\"},\"potentialAction\":[{\"@type\":\"SearchAction\",\"target\":{\"@type\":\"EntryPoint\",\"urlTemplate\":\"https:\/\/funstorage.thehuettl.com\/?s={search_term_string}\"},\"query-input\":{\"@type\":\"PropertyValueSpecification\",\"valueRequired\":true,\"valueName\":\"search_term_string\"}}],\"inLanguage\":\"en-US\"},{\"@type\":\"Organization\",\"@id\":\"https:\/\/funstorage.thehuettl.com\/#organization\",\"name\":\"FunStorage\",\"url\":\"https:\/\/funstorage.thehuettl.com\/\",\"logo\":{\"@type\":\"ImageObject\",\"inLanguage\":\"en-US\",\"@id\":\"https:\/\/funstorage.thehuettl.com\/#\/schema\/logo\/image\/\",\"url\":\"https:\/\/funstorage.thehuettl.com\/wp-content\/uploads\/2023\/02\/cropped-D2BA2C24-7753-4AC3-9F3B-6C174C5BCB99.png\",\"contentUrl\":\"https:\/\/funstorage.thehuettl.com\/wp-content\/uploads\/2023\/02\/cropped-D2BA2C24-7753-4AC3-9F3B-6C174C5BCB99.png\",\"width\":512,\"height\":512,\"caption\":\"FunStorage\"},\"image\":{\"@id\":\"https:\/\/funstorage.thehuettl.com\/#\/schema\/logo\/image\/\"},\"sameAs\":[\"https:\/\/www.facebook.com\/funstorage.de\"]}]}<\/script>\n<!-- \/ Yoast SEO plugin. -->","yoast_head_json":{"title":"Aktives Minecraft\u2122 Spielvergn\u00fcgen im im Schweinehaus","description":"Minecraft\u2122 Spieler k\u00f6nnen das tolle schweinef\u00f6rmige Haus nachbauen und in dem Geb\u00e4ude mit ihren Minecraft\u2122 Lieblingscharakteren unz\u00e4hlige Abenteuer erleben.","robots":{"index":"index","follow":"follow","max-snippet":"max-snippet:-1","max-image-preview":"max-image-preview:large","max-video-preview":"max-video-preview:-1"},"canonical":"https:\/\/funstorage.thehuettl.com\/en\/wp-json\/wp\/v2\/product\/13589","og_locale":"en_US","og_type":"article","og_title":"Aktives Minecraft\u2122 Spielvergn\u00fcgen im im Schweinehaus","og_description":"Minecraft\u2122 Spieler k\u00f6nnen das tolle schweinef\u00f6rmige Haus nachbauen und in dem Geb\u00e4ude mit ihren Minecraft\u2122 Lieblingscharakteren unz\u00e4hlige Abenteuer erleben.","og_url":"https:\/\/funstorage.thehuettl.com\/en\/shop\/lego-21170-das-schweinehaus\/","og_site_name":"FunStorage","article_publisher":"https:\/\/www.facebook.com\/funstorage.de","article_modified_time":"2023-11-13T23:49:57+00:00","og_image":[{"width":2560,"height":2560,"url":"https:\/\/funstorage.thehuettl.com\/wp-content\/uploads\/2023\/06\/21170_boxprod_v29-scaled.jpg","type":"image\/jpeg"}],"twitter_card":"summary_large_image","twitter_misc":{"Est. reading time":"3 minutes"},"schema":{"@context":"https:\/\/schema.org","@graph":[{"@type":"WebPage","@id":"https:\/\/funstorage.thehuettl.com\/shop\/lego-21170-das-schweinehaus\/","url":"https:\/\/funstorage.thehuettl.com\/shop\/lego-21170-das-schweinehaus\/","name":"Aktives Minecraft\u2122 Spielvergn\u00fcgen im im Schweinehaus","isPartOf":{"@id":"https:\/\/funstorage.thehuettl.com\/#website"},"primaryImageOfPage":{"@id":"https:\/\/funstorage.thehuettl.com\/shop\/lego-21170-das-schweinehaus\/#primaryimage"},"image":{"@id":"https:\/\/funstorage.thehuettl.com\/shop\/lego-21170-das-schweinehaus\/#primaryimage"},"thumbnailUrl":"https:\/\/funstorage.thehuettl.com\/wp-content\/uploads\/2023\/06\/21170_boxprod_v29-scaled.jpg","datePublished":"2023-06-30T15:17:02+00:00","dateModified":"2023-11-13T23:49:57+00:00","description":"Minecraft\u2122 Spieler k\u00f6nnen das tolle schweinef\u00f6rmige Haus nachbauen und in dem Geb\u00e4ude mit ihren Minecraft\u2122 Lieblingscharakteren unz\u00e4hlige Abenteuer erleben.","breadcrumb":{"@id":"https:\/\/funstorage.thehuettl.com\/shop\/lego-21170-das-schweinehaus\/#breadcrumb"},"inLanguage":"en-US","potentialAction":[{"@type":"ReadAction","target":["https:\/\/funstorage.thehuettl.com\/shop\/lego-21170-das-schweinehaus\/"]}]},{"@type":"ImageObject","inLanguage":"en-US","@id":"https:\/\/funstorage.thehuettl.com\/shop\/lego-21170-das-schweinehaus\/#primaryimage","url":"https:\/\/funstorage.thehuettl.com\/wp-content\/uploads\/2023\/06\/21170_boxprod_v29-scaled.jpg","contentUrl":"https:\/\/funstorage.thehuettl.com\/wp-content\/uploads\/2023\/06\/21170_boxprod_v29-scaled.jpg","width":2560,"height":2560},{"@type":"BreadcrumbList","@id":"https:\/\/funstorage.thehuettl.com\/shop\/lego-21170-das-schweinehaus\/#breadcrumb","itemListElement":[{"@type":"ListItem","position":1,"name":"Startseite","item":"https:\/\/funstorage.thehuettl.com\/step\/homepage\/"},{"@type":"ListItem","position":2,"name":"Shop","item":"https:\/\/funstorage.thehuettl.com\/shop\/"},{"@type":"ListItem","position":3,"name":"LEGO\u00ae 21170 Das Schweinehaus"}]},{"@type":"WebSite","@id":"https:\/\/funstorage.thehuettl.com\/#website","url":"https:\/\/funstorage.thehuettl.com\/","name":"FunStorage","description":"","publisher":{"@id":"https:\/\/funstorage.thehuettl.com\/#organization"},"potentialAction":[{"@type":"SearchAction","target":{"@type":"EntryPoint","urlTemplate":"https:\/\/funstorage.thehuettl.com\/?s={search_term_string}"},"query-input":{"@type":"PropertyValueSpecification","valueRequired":true,"valueName":"search_term_string"}}],"inLanguage":"en-US"},{"@type":"Organization","@id":"https:\/\/funstorage.thehuettl.com\/#organization","name":"FunStorage","url":"https:\/\/funstorage.thehuettl.com\/","logo":{"@type":"ImageObject","inLanguage":"en-US","@id":"https:\/\/funstorage.thehuettl.com\/#\/schema\/logo\/image\/","url":"https:\/\/funstorage.thehuettl.com\/wp-content\/uploads\/2023\/02\/cropped-D2BA2C24-7753-4AC3-9F3B-6C174C5BCB99.png","contentUrl":"https:\/\/funstorage.thehuettl.com\/wp-content\/uploads\/2023\/02\/cropped-D2BA2C24-7753-4AC3-9F3B-6C174C5BCB99.png","width":512,"height":512,"caption":"FunStorage"},"image":{"@id":"https:\/\/funstorage.thehuettl.com\/#\/schema\/logo\/image\/"},"sameAs":["https:\/\/www.facebook.com\/funstorage.de"]}]}},"_links":{"self":[{"href":"https:\/\/funstorage.thehuettl.com\/en\/wp-json\/wp\/v2\/product\/13589","targetHints":{"allow":["GET"]}}],"collection":[{"href":"https:\/\/funstorage.thehuettl.com\/en\/wp-json\/wp\/v2\/product"}],"about":[{"href":"https:\/\/funstorage.thehuettl.com\/en\/wp-json\/wp\/v2\/types\/product"}],"replies":[{"embeddable":true,"href":"https:\/\/funstorage.thehuettl.com\/en\/wp-json\/wp\/v2\/comments?post=13589"}],"version-history":[{"count":0,"href":"https:\/\/funstorage.thehuettl.com\/en\/wp-json\/wp\/v2\/product\/13589\/revisions"}],"wp:featuredmedia":[{"embeddable":true,"href":"https:\/\/funstorage.thehuettl.com\/en\/wp-json\/wp\/v2\/media\/13590"}],"wp:attachment":[{"href":"https:\/\/funstorage.thehuettl.com\/en\/wp-json\/wp\/v2\/media?parent=13589"}],"wp:term":[{"taxonomy":"product_brand","embeddable":true,"href":"https:\/\/funstorage.thehuettl.com\/en\/wp-json\/wp\/v2\/product_brand?post=13589"},{"taxonomy":"product_cat","embeddable":true,"href":"https:\/\/funstorage.thehuettl.com\/en\/wp-json\/wp\/v2\/product_cat?post=13589"},{"taxonomy":"product_tag","embeddable":true,"href":"https:\/\/funstorage.thehuettl.com\/en\/wp-json\/wp\/v2\/product_tag?post=13589"}],"curies":[{"name":"wp","href":"https:\/\/api.w.org\/{rel}","templated":true}]}}