{"id":13601,"date":"2023-06-30T17:34:25","date_gmt":"2023-06-30T15:34:25","guid":{"rendered":"https:\/\/funstorage.thehuettl.com\/?post_type=product&#038;p=13601"},"modified":"2023-11-14T00:49:55","modified_gmt":"2023-11-13T23:49:55","slug":"koenigsegg-jesko-nachbildung-des-supersportwagens-fuer-fans-schneller-autos","status":"publish","type":"product","link":"https:\/\/funstorage.thehuettl.com\/en\/shop\/koenigsegg-jesko-nachbildung-des-supersportwagens-fuer-fans-schneller-autos\/","title":{"rendered":"LEGO\u00ae 76900 Koenigsegg Jesko"},"content":{"rendered":"<dl class=\"dl-horizontal\">\n<dd>\n<div id=\"ctl00_main_mgcProduct_ctl00_v1_ctrl_metadata_ProductDescription_divReadmore\">Sieh dir einen der ersten mehr als 480 km\/h schnellen Supersportwagen aus der N\u00e4he an \u2013 den LEGO\u00ae Speed Champions Koenigsegg Jesko. Bestaune jedes atemberaubende Detail und das aerodynamische Design des Wagens, w\u00e4hrend du das Modell baust. Zeig den Flitzer dann deinen Freunden oder setz den Koenigsegg-Fahrer ins Cockpit des Zweisitzers und fahr zur n\u00e4chsten Rennstrecke. Gut festhalten!<\/div>\n<\/dd>\n<\/dl>\n<div><\/div>\n<div>\n<dl class=\"dl-horizontal\">\n<dd><span id=\"ctl00_main_mgcProduct_ctl00_v1_ctrl_metadata_ProductShopper_l2\">Kinder und Autoliebhaber werden den LEGO\u00ae Speed Champions Koenigsegg Jesko (76900) lieben. Diese detailgetreue Nachbildung des schwedischen Supersportwagens spiegelt das aerodynamische Design des Originals wider, das zu atemberaubenden Spitzengeschwindigkeiten von mehr 480 km\/h auf der Rennstrecke beitr\u00e4gt. Entdecke beim Bauen die faszinierenden Details und stelle das Modell aus oder erlebe\u00a0Nervenkitzel auf der Rennstrecke.Realistische DetailsDieses Sammlerst\u00fcck verf\u00fcgt \u00fcber ein breites Fahrgestell, das Platz f\u00fcr ein Cockpit mit 2 Sitzen und weitere authentische Details l\u00e4sst. Ein Koenigsegg-Fahrer mit Rennoverall, Schutzhelm und Schraubenschl\u00fcssel l\u00e4sst Kinder fantasievoll spielen.Spektakel auf der RennstreckeLEGO Speed Champions Bausets verschaffen Kindern und Autoliebhabern die Chance, Mini-Versionen der weltweit bekanntesten und besten Autos zu bauen und sammeln. Diese Fahrzeuge zum Ausstellen eignen sich auch f\u00fcr spannende Rennen mit anderen Flitzern aus der Speed Champions Reihe.<\/span><\/dd>\n<\/dl>\n<p>&nbsp;<\/p>\n<\/div>\n<p>Anzahl Teile: 290<br \/>\nAltersempfehlung: 7+<br \/>\nThema: LEGO\u00ae Speed Champions<br \/>\nEAN: 5702016912371<\/p>\n<p>&nbsp;<\/p>\n<dl class=\"dl-horizontal\">\n<dd>\n<div id=\"ctl00_main_mgcProduct_ctl00_v1_ctrl_metadata_ProductBullets_divReadmore\">\u2022 Der LEGO\u00ae Speed Champions Koenigsegg Jesko (76900) ist eine spektakul\u00e4re und besonders detailgetreue Nachbildung. Ein perfektes Spielset f\u00fcr alle, die coole Spielzeug-Sportwagen und spannende Rennen lieben.<br \/>\n\u2022 Inhalt des Sets: Alles, was du brauchst, um ein imposantes Modell des Koenigsegg Jesko zu bauen, sowie ein Koenigsegg-Rennfahrer.<br \/>\n\u2022 Kinder k\u00f6nnen sich jedes Detail des Koenigsegg Jesko ansehen, wenn sie die realistische Nachbildung des Supersportwagens bauen. Anschlie\u00dfend k\u00f6nnen sie das Modell ausstellen oder spannende Speed Champions Rennen mit ihren Freunden austragen.<br \/>\n\u2022 Dieses 280-teilige LEGO\u00ae Speed Champions Modellauto ist ein tolles Geburtstags- oder \u00dcberraschungsgeschenk f\u00fcr Jungen und M\u00e4dchen ab 7\u00a0Jahren und f\u00fcr alle Fans cooler Sportwagen.<br \/>\n\u2022 Diese Nachbildung des Koenigsegg Jesko ist 4\u00a0cm hoch, 15\u00a0cm lang und 7\u00a0cm breit. Dank des 8 Noppen breiten Fahrgestells lassen sich 2 Minifiguren und viele weitere authentische Details in dem Modell unterbringen.<br \/>\n\u2022 F\u00fcr dieses Spielzeugauto werden keine Batterien ben\u00f6tigt. Die Fantasie der Kinder reicht v\u00f6llig, um die spannenden Rennen niemals enden zu lassen!<br \/>\n\u2022 Kaufst du dieses Set f\u00fcr jemanden, der noch keine LEGO\u00ae Bausets hat? Kein Problem. Eine einfache Schritt-f\u00fcr-Schritt-Bauanleitung liegt bei.<br \/>\n\u2022 LEGO\u00ae Speed Champions Bauset lassen dich einige der faszinierendsten Autos der Welt entdecken. Die robusten Nachbildungen eignen sich zum Ausstellen und Spielen.<br \/>\n\u2022 LEGO\u00ae Steine entsprechen seit 1958 strengen Branchenstandards, damit sie nicht nur einheitlich und kompatibel sind, sondern sich auch jedes Mal wieder leicht trennen lassen.<br \/>\n\u2022 Diese LEGO\u00ae Speed Champions Bausets werden gr\u00fcndlich getestet, damit jedes Spielset strenge Sicherheitsstandards erf\u00fcllt.<\/div>\n<\/dd>\n<\/dl>","protected":false},"excerpt":{"rendered":"<dl class=\"dl-horizontal\">\n<dd>\n<dl class=\"dl-horizontal\">\n<dd><span id=\"ctl00_main_mgcProduct_ctl00_v1_ctrl_metadata_ProductOneliner_l2\">Kinder und Autoliebhaber jeden Alters werden diese Nachbildung des Koenigsegg Jesko zum Spielen und Ausstellen lieben. Der Jesko ist einer der schnellsten Supersportwagen der Welt.<\/span><\/dd>\n<\/dl>\n<\/dd>\n<\/dl>","protected":false},"featured_media":13603,"comment_status":"closed","ping_status":"closed","template":"","meta":[],"product_brand":[],"product_cat":[34,210],"product_tag":[101,418,419,420,45,417,218],"class_list":{"0":"post-13601","1":"product","2":"type-product","3":"status-publish","4":"has-post-thumbnail","6":"product_cat-lego","7":"product_cat-lego-speed-champions","8":"product_tag-auto","9":"product_tag-car","10":"product_tag-jesko","11":"product_tag-koenigsegg","12":"product_tag-lego","13":"product_tag-speed","14":"product_tag-speed-champion","16":"first","17":"instock","18":"taxable","19":"shipping-taxable","20":"purchasable","21":"product-type-simple"},"yoast_head":"<!-- This site is optimized with the Yoast SEO plugin v26.4 - https:\/\/yoast.com\/wordpress\/plugins\/seo\/ -->\n<title>LEGO\u00ae 76900 Koenigsegg Jesko - FunStorage<\/title>\n<meta name=\"description\" content=\"Kinder und Autoliebhaber jeden Alters werden diese Nachbildung des Koenigsegg Jesko zum Spielen und Ausstellen lieben. Der Jesko ist einer der schnellsten Supersportwagen der Welt.\" \/>\n<meta name=\"robots\" content=\"index, follow, max-snippet:-1, max-image-preview:large, max-video-preview:-1\" \/>\n<link rel=\"canonical\" href=\"https:\/\/funstorage.thehuettl.com\/en\/wp-json\/wp\/v2\/product\/13601\" \/>\n<meta property=\"og:locale\" content=\"en_US\" \/>\n<meta property=\"og:type\" content=\"article\" \/>\n<meta property=\"og:title\" content=\"LEGO\u00ae 76900 Koenigsegg Jesko - FunStorage\" \/>\n<meta property=\"og:description\" content=\"Kinder und Autoliebhaber jeden Alters werden diese Nachbildung des Koenigsegg Jesko zum Spielen und Ausstellen lieben. Der Jesko ist einer der schnellsten Supersportwagen der Welt.\" \/>\n<meta property=\"og:url\" content=\"https:\/\/funstorage.thehuettl.com\/en\/shop\/koenigsegg-jesko-nachbildung-des-supersportwagens-fuer-fans-schneller-autos\/\" \/>\n<meta property=\"og:site_name\" content=\"FunStorage\" \/>\n<meta property=\"article:publisher\" content=\"https:\/\/www.facebook.com\/funstorage.de\" \/>\n<meta property=\"article:modified_time\" content=\"2023-11-13T23:49:55+00:00\" \/>\n<meta property=\"og:image\" content=\"https:\/\/funstorage.thehuettl.com\/wp-content\/uploads\/2023\/06\/76900_boxprod_v29_we_sha-scaled.jpg\" \/>\n\t<meta property=\"og:image:width\" content=\"2560\" \/>\n\t<meta property=\"og:image:height\" content=\"2560\" \/>\n\t<meta property=\"og:image:type\" content=\"image\/jpeg\" \/>\n<meta name=\"twitter:card\" content=\"summary_large_image\" \/>\n<meta name=\"twitter:label1\" content=\"Est. reading time\" \/>\n\t<meta name=\"twitter:data1\" content=\"3 minutes\" \/>\n<script type=\"application\/ld+json\" class=\"yoast-schema-graph\">{\"@context\":\"https:\/\/schema.org\",\"@graph\":[{\"@type\":\"WebPage\",\"@id\":\"https:\/\/funstorage.thehuettl.com\/shop\/koenigsegg-jesko-nachbildung-des-supersportwagens-fuer-fans-schneller-autos\/\",\"url\":\"https:\/\/funstorage.thehuettl.com\/shop\/koenigsegg-jesko-nachbildung-des-supersportwagens-fuer-fans-schneller-autos\/\",\"name\":\"LEGO\u00ae 76900 Koenigsegg Jesko - FunStorage\",\"isPartOf\":{\"@id\":\"https:\/\/funstorage.thehuettl.com\/#website\"},\"primaryImageOfPage\":{\"@id\":\"https:\/\/funstorage.thehuettl.com\/shop\/koenigsegg-jesko-nachbildung-des-supersportwagens-fuer-fans-schneller-autos\/#primaryimage\"},\"image\":{\"@id\":\"https:\/\/funstorage.thehuettl.com\/shop\/koenigsegg-jesko-nachbildung-des-supersportwagens-fuer-fans-schneller-autos\/#primaryimage\"},\"thumbnailUrl\":\"https:\/\/funstorage.thehuettl.com\/wp-content\/uploads\/2023\/06\/76900_boxprod_v29_we_sha-scaled.jpg\",\"datePublished\":\"2023-06-30T15:34:25+00:00\",\"dateModified\":\"2023-11-13T23:49:55+00:00\",\"description\":\"Kinder und Autoliebhaber jeden Alters werden diese Nachbildung des Koenigsegg Jesko zum Spielen und Ausstellen lieben. Der Jesko ist einer der schnellsten Supersportwagen der Welt.\",\"breadcrumb\":{\"@id\":\"https:\/\/funstorage.thehuettl.com\/shop\/koenigsegg-jesko-nachbildung-des-supersportwagens-fuer-fans-schneller-autos\/#breadcrumb\"},\"inLanguage\":\"en-US\",\"potentialAction\":[{\"@type\":\"ReadAction\",\"target\":[\"https:\/\/funstorage.thehuettl.com\/shop\/koenigsegg-jesko-nachbildung-des-supersportwagens-fuer-fans-schneller-autos\/\"]}]},{\"@type\":\"ImageObject\",\"inLanguage\":\"en-US\",\"@id\":\"https:\/\/funstorage.thehuettl.com\/shop\/koenigsegg-jesko-nachbildung-des-supersportwagens-fuer-fans-schneller-autos\/#primaryimage\",\"url\":\"https:\/\/funstorage.thehuettl.com\/wp-content\/uploads\/2023\/06\/76900_boxprod_v29_we_sha-scaled.jpg\",\"contentUrl\":\"https:\/\/funstorage.thehuettl.com\/wp-content\/uploads\/2023\/06\/76900_boxprod_v29_we_sha-scaled.jpg\",\"width\":2560,\"height\":2560,\"caption\":\"Koenigsegg Jesko\"},{\"@type\":\"BreadcrumbList\",\"@id\":\"https:\/\/funstorage.thehuettl.com\/shop\/koenigsegg-jesko-nachbildung-des-supersportwagens-fuer-fans-schneller-autos\/#breadcrumb\",\"itemListElement\":[{\"@type\":\"ListItem\",\"position\":1,\"name\":\"Startseite\",\"item\":\"https:\/\/funstorage.thehuettl.com\/step\/homepage\/\"},{\"@type\":\"ListItem\",\"position\":2,\"name\":\"Shop\",\"item\":\"https:\/\/funstorage.thehuettl.com\/shop\/\"},{\"@type\":\"ListItem\",\"position\":3,\"name\":\"LEGO\u00ae 76900 Koenigsegg Jesko\"}]},{\"@type\":\"WebSite\",\"@id\":\"https:\/\/funstorage.thehuettl.com\/#website\",\"url\":\"https:\/\/funstorage.thehuettl.com\/\",\"name\":\"FunStorage\",\"description\":\"\",\"publisher\":{\"@id\":\"https:\/\/funstorage.thehuettl.com\/#organization\"},\"potentialAction\":[{\"@type\":\"SearchAction\",\"target\":{\"@type\":\"EntryPoint\",\"urlTemplate\":\"https:\/\/funstorage.thehuettl.com\/?s={search_term_string}\"},\"query-input\":{\"@type\":\"PropertyValueSpecification\",\"valueRequired\":true,\"valueName\":\"search_term_string\"}}],\"inLanguage\":\"en-US\"},{\"@type\":\"Organization\",\"@id\":\"https:\/\/funstorage.thehuettl.com\/#organization\",\"name\":\"FunStorage\",\"url\":\"https:\/\/funstorage.thehuettl.com\/\",\"logo\":{\"@type\":\"ImageObject\",\"inLanguage\":\"en-US\",\"@id\":\"https:\/\/funstorage.thehuettl.com\/#\/schema\/logo\/image\/\",\"url\":\"https:\/\/funstorage.thehuettl.com\/wp-content\/uploads\/2023\/02\/cropped-D2BA2C24-7753-4AC3-9F3B-6C174C5BCB99.png\",\"contentUrl\":\"https:\/\/funstorage.thehuettl.com\/wp-content\/uploads\/2023\/02\/cropped-D2BA2C24-7753-4AC3-9F3B-6C174C5BCB99.png\",\"width\":512,\"height\":512,\"caption\":\"FunStorage\"},\"image\":{\"@id\":\"https:\/\/funstorage.thehuettl.com\/#\/schema\/logo\/image\/\"},\"sameAs\":[\"https:\/\/www.facebook.com\/funstorage.de\"]}]}<\/script>\n<!-- \/ Yoast SEO plugin. -->","yoast_head_json":{"title":"LEGO\u00ae 76900 Koenigsegg Jesko - FunStorage","description":"Kinder und Autoliebhaber jeden Alters werden diese Nachbildung des Koenigsegg Jesko zum Spielen und Ausstellen lieben. Der Jesko ist einer der schnellsten Supersportwagen der Welt.","robots":{"index":"index","follow":"follow","max-snippet":"max-snippet:-1","max-image-preview":"max-image-preview:large","max-video-preview":"max-video-preview:-1"},"canonical":"https:\/\/funstorage.thehuettl.com\/en\/wp-json\/wp\/v2\/product\/13601","og_locale":"en_US","og_type":"article","og_title":"LEGO\u00ae 76900 Koenigsegg Jesko - FunStorage","og_description":"Kinder und Autoliebhaber jeden Alters werden diese Nachbildung des Koenigsegg Jesko zum Spielen und Ausstellen lieben. Der Jesko ist einer der schnellsten Supersportwagen der Welt.","og_url":"https:\/\/funstorage.thehuettl.com\/en\/shop\/koenigsegg-jesko-nachbildung-des-supersportwagens-fuer-fans-schneller-autos\/","og_site_name":"FunStorage","article_publisher":"https:\/\/www.facebook.com\/funstorage.de","article_modified_time":"2023-11-13T23:49:55+00:00","og_image":[{"width":2560,"height":2560,"url":"https:\/\/funstorage.thehuettl.com\/wp-content\/uploads\/2023\/06\/76900_boxprod_v29_we_sha-scaled.jpg","type":"image\/jpeg"}],"twitter_card":"summary_large_image","twitter_misc":{"Est. reading time":"3 minutes"},"schema":{"@context":"https:\/\/schema.org","@graph":[{"@type":"WebPage","@id":"https:\/\/funstorage.thehuettl.com\/shop\/koenigsegg-jesko-nachbildung-des-supersportwagens-fuer-fans-schneller-autos\/","url":"https:\/\/funstorage.thehuettl.com\/shop\/koenigsegg-jesko-nachbildung-des-supersportwagens-fuer-fans-schneller-autos\/","name":"LEGO\u00ae 76900 Koenigsegg Jesko - FunStorage","isPartOf":{"@id":"https:\/\/funstorage.thehuettl.com\/#website"},"primaryImageOfPage":{"@id":"https:\/\/funstorage.thehuettl.com\/shop\/koenigsegg-jesko-nachbildung-des-supersportwagens-fuer-fans-schneller-autos\/#primaryimage"},"image":{"@id":"https:\/\/funstorage.thehuettl.com\/shop\/koenigsegg-jesko-nachbildung-des-supersportwagens-fuer-fans-schneller-autos\/#primaryimage"},"thumbnailUrl":"https:\/\/funstorage.thehuettl.com\/wp-content\/uploads\/2023\/06\/76900_boxprod_v29_we_sha-scaled.jpg","datePublished":"2023-06-30T15:34:25+00:00","dateModified":"2023-11-13T23:49:55+00:00","description":"Kinder und Autoliebhaber jeden Alters werden diese Nachbildung des Koenigsegg Jesko zum Spielen und Ausstellen lieben. Der Jesko ist einer der schnellsten Supersportwagen der Welt.","breadcrumb":{"@id":"https:\/\/funstorage.thehuettl.com\/shop\/koenigsegg-jesko-nachbildung-des-supersportwagens-fuer-fans-schneller-autos\/#breadcrumb"},"inLanguage":"en-US","potentialAction":[{"@type":"ReadAction","target":["https:\/\/funstorage.thehuettl.com\/shop\/koenigsegg-jesko-nachbildung-des-supersportwagens-fuer-fans-schneller-autos\/"]}]},{"@type":"ImageObject","inLanguage":"en-US","@id":"https:\/\/funstorage.thehuettl.com\/shop\/koenigsegg-jesko-nachbildung-des-supersportwagens-fuer-fans-schneller-autos\/#primaryimage","url":"https:\/\/funstorage.thehuettl.com\/wp-content\/uploads\/2023\/06\/76900_boxprod_v29_we_sha-scaled.jpg","contentUrl":"https:\/\/funstorage.thehuettl.com\/wp-content\/uploads\/2023\/06\/76900_boxprod_v29_we_sha-scaled.jpg","width":2560,"height":2560,"caption":"Koenigsegg Jesko"},{"@type":"BreadcrumbList","@id":"https:\/\/funstorage.thehuettl.com\/shop\/koenigsegg-jesko-nachbildung-des-supersportwagens-fuer-fans-schneller-autos\/#breadcrumb","itemListElement":[{"@type":"ListItem","position":1,"name":"Startseite","item":"https:\/\/funstorage.thehuettl.com\/step\/homepage\/"},{"@type":"ListItem","position":2,"name":"Shop","item":"https:\/\/funstorage.thehuettl.com\/shop\/"},{"@type":"ListItem","position":3,"name":"LEGO\u00ae 76900 Koenigsegg Jesko"}]},{"@type":"WebSite","@id":"https:\/\/funstorage.thehuettl.com\/#website","url":"https:\/\/funstorage.thehuettl.com\/","name":"FunStorage","description":"","publisher":{"@id":"https:\/\/funstorage.thehuettl.com\/#organization"},"potentialAction":[{"@type":"SearchAction","target":{"@type":"EntryPoint","urlTemplate":"https:\/\/funstorage.thehuettl.com\/?s={search_term_string}"},"query-input":{"@type":"PropertyValueSpecification","valueRequired":true,"valueName":"search_term_string"}}],"inLanguage":"en-US"},{"@type":"Organization","@id":"https:\/\/funstorage.thehuettl.com\/#organization","name":"FunStorage","url":"https:\/\/funstorage.thehuettl.com\/","logo":{"@type":"ImageObject","inLanguage":"en-US","@id":"https:\/\/funstorage.thehuettl.com\/#\/schema\/logo\/image\/","url":"https:\/\/funstorage.thehuettl.com\/wp-content\/uploads\/2023\/02\/cropped-D2BA2C24-7753-4AC3-9F3B-6C174C5BCB99.png","contentUrl":"https:\/\/funstorage.thehuettl.com\/wp-content\/uploads\/2023\/02\/cropped-D2BA2C24-7753-4AC3-9F3B-6C174C5BCB99.png","width":512,"height":512,"caption":"FunStorage"},"image":{"@id":"https:\/\/funstorage.thehuettl.com\/#\/schema\/logo\/image\/"},"sameAs":["https:\/\/www.facebook.com\/funstorage.de"]}]}},"_links":{"self":[{"href":"https:\/\/funstorage.thehuettl.com\/en\/wp-json\/wp\/v2\/product\/13601","targetHints":{"allow":["GET"]}}],"collection":[{"href":"https:\/\/funstorage.thehuettl.com\/en\/wp-json\/wp\/v2\/product"}],"about":[{"href":"https:\/\/funstorage.thehuettl.com\/en\/wp-json\/wp\/v2\/types\/product"}],"replies":[{"embeddable":true,"href":"https:\/\/funstorage.thehuettl.com\/en\/wp-json\/wp\/v2\/comments?post=13601"}],"version-history":[{"count":0,"href":"https:\/\/funstorage.thehuettl.com\/en\/wp-json\/wp\/v2\/product\/13601\/revisions"}],"wp:featuredmedia":[{"embeddable":true,"href":"https:\/\/funstorage.thehuettl.com\/en\/wp-json\/wp\/v2\/media\/13603"}],"wp:attachment":[{"href":"https:\/\/funstorage.thehuettl.com\/en\/wp-json\/wp\/v2\/media?parent=13601"}],"wp:term":[{"taxonomy":"product_brand","embeddable":true,"href":"https:\/\/funstorage.thehuettl.com\/en\/wp-json\/wp\/v2\/product_brand?post=13601"},{"taxonomy":"product_cat","embeddable":true,"href":"https:\/\/funstorage.thehuettl.com\/en\/wp-json\/wp\/v2\/product_cat?post=13601"},{"taxonomy":"product_tag","embeddable":true,"href":"https:\/\/funstorage.thehuettl.com\/en\/wp-json\/wp\/v2\/product_tag?post=13601"}],"curies":[{"name":"wp","href":"https:\/\/api.w.org\/{rel}","templated":true}]}}