{"id":13610,"date":"2023-06-30T20:25:51","date_gmt":"2023-06-30T18:25:51","guid":{"rendered":"https:\/\/funstorage.thehuettl.com\/?post_type=product&#038;p=13610"},"modified":"2023-11-19T18:50:42","modified_gmt":"2023-11-19T17:50:42","slug":"lego-76910-aston-martin-valkyrie-amr-pro-aston-martin-vantage-gt3","status":"publish","type":"product","link":"https:\/\/funstorage.thehuettl.com\/en\/shop\/lego-76910-aston-martin-valkyrie-amr-pro-aston-martin-vantage-gt3\/","title":{"rendered":"LEGO\u00ae 76910 Aston Martin Valkyrie AMR Pro &#038; Aston Martin Vantage GT3"},"content":{"rendered":"<dl class=\"dl-horizontal\">\n<dd>\n<div id=\"ctl00_main_mgcProduct_ctl00_v1_ctrl_metadata_ProductDescription_divReadmore\">Dieses Speed Champions Spielset beinhaltet den Aston Martin Valkyrie AMR Pro und den Vantage GT3, um dich 2 Rennautos in hochmodernem Motorsportdesign erkunden zu lassen. Jetzt kannst du diese authentischen LEGO\u00ae Nachbildungen sammeln, bauen und n\u00e4her betrachten. Die originalgetreuen Details werden jeden Motorsportfan beeindrucken. Setz einfach die Rennfahrer-Minifiguren in ihren Aston Martin-Rennoutfits ans Steuer, um viele hochdramatische Rennen auszutragen.<\/div>\n<\/dd>\n<\/dl>\n<div>\n<dl class=\"dl-horizontal\">\n<dd><span id=\"ctl00_main_mgcProduct_ctl00_v1_ctrl_metadata_ProductShopper_l2\">Das LEGO\u00ae Speed Champions Bau- und Spielset \u201eAston Martin Valkyrie AMR Pro &amp; Aston Martin Vantage GT3\u201c (76910) beinhaltet 2 Modelle f\u00fcr Fans superschneller Rennwagen. Jetzt kannst du diese detailgetreuen LEGO Modelle sammeln, bauen und erkunden. Freu dich auf ein anspruchsvolles Bauerlebnis, spektakul\u00e4re Ausstellungsst\u00fccke und spannende Rennen! Digitale Bauanleitung Diesem Speed Champions Set liegt eine gedruckte Bauanleitung bei. In der kostenlosen LEGO Building Instructions App f\u00fcr Smartphones und Tablets ist au\u00dferdem eine interaktive Bauanleitung verf\u00fcgbar. Faszinierende Dreh- und Vergr\u00f6\u00dferungsfunktionen lassen dein Kind digitale Ansichten des Modells aus jedem Winkel betrachten. Hommage an innovatives Design LEGO Speed Champions Sets beinhalten baubare Versionen der beliebtesten und innovativsten Fahrzeuge der Welt. Die coolen Modelle zum Sammeln, Spielen und Ausstellen bieten Bauspa\u00df und lassen dein Kind hochdramatische Rennen darstellen. Deshalb sind die Flitzer eine tolle Geschenkidee f\u00fcr Kinder und Autofans jeden Alters.<\/span><\/dd>\n<\/dl>\n<\/div>\n<p>Anzahl Teile: 592<br \/>\nAltersempfehlung: 9+<br \/>\nThema: LEGO\u00ae Speed Champions<br \/>\nEAN: 5702017160849<\/p>\n<dl class=\"dl-horizontal\">\n<dd>\n<div id=\"ctl00_main_mgcProduct_ctl00_v1_ctrl_metadata_ProductBullets_divReadmore\">\u2022 LEGO\u00ae Nachbildungen des Aston Martin Valkyrie AMR Pro und des Aston Martin Vantage GT3: Spielset f\u00fcr Kinder und Autoliebhaber, die sich f\u00fcr Rennautos und innovative Fahrzeuge begeistern<br \/>\n\u2022 Inhalt der Box: Alles, was du brauchst, um den Aston Martin Valkyrie AMR Pro und den Vantage GT3 mit LEGO\u00ae Steinen nachzubilden, sowie 2 Rennfahrer-Minifiguren mit Rennoverall, Helm, Per\u00fccke und Schraubenschl\u00fcssel<br \/>\n\u2022 Sammeln, spielen, ausstellen: Diese Spielzeugautos zum Sammeln und Ausstellen lassen dein Kind auch fantasievolle Rennen austragen<br \/>\n\u2022 Geschenk f\u00fcr jeden Anlass: Das 592-teilige LEGO\u00ae Speed Champions Set \u201eAston Martin Valkyrie AMR Pro &amp; Aston Martin Vantage GT3\u201c (76910) ist ein grandioses Geburtstags- oder \u00dcberraschungsgeschenk f\u00fcr Kinder und Autofans ab 9 Jahren<br \/>\n\u2022 Leicht mitzunehmen, schnell aufger\u00e4umt: Der Aston Martin Valkyrie AMR Pro ist 4\u00a0cm hoch, 18\u00a0cm lang und 7\u00a0cm breit<br \/>\n\u2022 Batterien werden nicht ben\u00f6tigt: Den Autos aus diesem Spielset reicht die Fantasie deines Kindes, um viele spannende Rennen auszutragen!<br \/>\n\u2022 Interaktive Bauanleitungen: In der LEGO\u00ae Building Instructions App f\u00fcr Smartphones und Tablets sind Dreh- und Vergr\u00f6\u00dferungsfunktionen verf\u00fcgbar, die dein Kind digitale Modellansichten aus jedem Winkel betrachten lassen<br \/>\n\u2022 Innovationen im Rampenlicht: LEGO\u00ae Speed Champions Bausets lassen Kinder und Autoliebhaber innovatives Fahrzeugdesign aus der N\u00e4he betrachten<br \/>\n\u2022 Qualit\u00e4t hat Vorrang: LEGO\u00ae Elemente entsprechen schon seit 1958 strengen Branchenstandards, damit sie einheitlich und kompatibel sind und riesigen Bauspa\u00df bieten<br \/>\n\u2022 Gepr\u00fcfte Sicherheit: Alle LEGO\u00ae Bauspielzeuge werden akribisch getestet, damit jedes Spielset strenge Sicherheitsstandards erf\u00fcllt<\/div>\n<\/dd>\n<\/dl>","protected":false},"excerpt":{"rendered":"<dl class=\"dl-horizontal\">\n<dd><span id=\"ctl00_main_mgcProduct_ctl00_v1_ctrl_metadata_ProductOneliner_l2\">Kinder und Autoliebhaber werden den Aston Martin Valkyrie AMR Pro und den Vantage GT3 aus diesem coolen Set zum Sammeln, Ausstellen und Spielen lieben.<\/span><\/dd>\n<\/dl>","protected":false},"featured_media":13612,"comment_status":"closed","ping_status":"closed","template":"","meta":[],"product_brand":[],"product_cat":[34],"product_tag":[],"class_list":{"0":"post-13610","1":"product","2":"type-product","3":"status-publish","4":"has-post-thumbnail","6":"product_cat-lego","8":"first","9":"instock","10":"taxable","11":"shipping-taxable","12":"purchasable","13":"product-type-simple"},"yoast_head":"<!-- This site is optimized with the Yoast SEO plugin v26.4 - https:\/\/yoast.com\/wordpress\/plugins\/seo\/ -->\n<title>LEGO\u00ae 76910 Aston Martin Valkyrie AMR Pro &amp; Aston Martin Vantage GT3<\/title>\n<meta name=\"description\" content=\"Kinder und Autoliebhaber werden den Aston Martin Valkyrie AMR Pro und den Vantage GT3 aus diesem coolen Set zum Sammeln, Ausstellen und Spielen lieben.\" \/>\n<meta name=\"robots\" content=\"index, follow, max-snippet:-1, max-image-preview:large, max-video-preview:-1\" \/>\n<link rel=\"canonical\" href=\"https:\/\/funstorage.thehuettl.com\/en\/wp-json\/wp\/v2\/product\/13610\" \/>\n<meta property=\"og:locale\" content=\"en_US\" \/>\n<meta property=\"og:type\" content=\"article\" \/>\n<meta property=\"og:title\" content=\"LEGO\u00ae 76910 Aston Martin Valkyrie AMR Pro &amp; Aston Martin Vantage GT3\" \/>\n<meta property=\"og:description\" content=\"Kinder und Autoliebhaber werden den Aston Martin Valkyrie AMR Pro und den Vantage GT3 aus diesem coolen Set zum Sammeln, Ausstellen und Spielen lieben.\" \/>\n<meta property=\"og:url\" content=\"https:\/\/funstorage.thehuettl.com\/en\/shop\/lego-76910-aston-martin-valkyrie-amr-pro-aston-martin-vantage-gt3\/\" \/>\n<meta property=\"og:site_name\" content=\"FunStorage\" \/>\n<meta property=\"article:publisher\" content=\"https:\/\/www.facebook.com\/funstorage.de\" \/>\n<meta property=\"article:modified_time\" content=\"2023-11-19T17:50:42+00:00\" \/>\n<meta property=\"og:image\" content=\"https:\/\/funstorage.thehuettl.com\/wp-content\/uploads\/2023\/06\/76910_boxprod_v29_we_sha-scaled.jpg\" \/>\n\t<meta property=\"og:image:width\" content=\"2560\" \/>\n\t<meta property=\"og:image:height\" content=\"2560\" \/>\n\t<meta property=\"og:image:type\" content=\"image\/jpeg\" \/>\n<meta name=\"twitter:card\" content=\"summary_large_image\" \/>\n<meta name=\"twitter:label1\" content=\"Est. reading time\" \/>\n\t<meta name=\"twitter:data1\" content=\"3 minutes\" \/>\n<script type=\"application\/ld+json\" class=\"yoast-schema-graph\">{\"@context\":\"https:\/\/schema.org\",\"@graph\":[{\"@type\":\"WebPage\",\"@id\":\"https:\/\/funstorage.thehuettl.com\/shop\/lego-76910-aston-martin-valkyrie-amr-pro-aston-martin-vantage-gt3\/\",\"url\":\"https:\/\/funstorage.thehuettl.com\/shop\/lego-76910-aston-martin-valkyrie-amr-pro-aston-martin-vantage-gt3\/\",\"name\":\"LEGO\u00ae 76910 Aston Martin Valkyrie AMR Pro & Aston Martin Vantage GT3\",\"isPartOf\":{\"@id\":\"https:\/\/funstorage.thehuettl.com\/#website\"},\"primaryImageOfPage\":{\"@id\":\"https:\/\/funstorage.thehuettl.com\/shop\/lego-76910-aston-martin-valkyrie-amr-pro-aston-martin-vantage-gt3\/#primaryimage\"},\"image\":{\"@id\":\"https:\/\/funstorage.thehuettl.com\/shop\/lego-76910-aston-martin-valkyrie-amr-pro-aston-martin-vantage-gt3\/#primaryimage\"},\"thumbnailUrl\":\"https:\/\/funstorage.thehuettl.com\/wp-content\/uploads\/2023\/06\/76910_boxprod_v29_we_sha-scaled.jpg\",\"datePublished\":\"2023-06-30T18:25:51+00:00\",\"dateModified\":\"2023-11-19T17:50:42+00:00\",\"description\":\"Kinder und Autoliebhaber werden den Aston Martin Valkyrie AMR Pro und den Vantage GT3 aus diesem coolen Set zum Sammeln, Ausstellen und Spielen lieben.\",\"breadcrumb\":{\"@id\":\"https:\/\/funstorage.thehuettl.com\/shop\/lego-76910-aston-martin-valkyrie-amr-pro-aston-martin-vantage-gt3\/#breadcrumb\"},\"inLanguage\":\"en-US\",\"potentialAction\":[{\"@type\":\"ReadAction\",\"target\":[\"https:\/\/funstorage.thehuettl.com\/shop\/lego-76910-aston-martin-valkyrie-amr-pro-aston-martin-vantage-gt3\/\"]}]},{\"@type\":\"ImageObject\",\"inLanguage\":\"en-US\",\"@id\":\"https:\/\/funstorage.thehuettl.com\/shop\/lego-76910-aston-martin-valkyrie-amr-pro-aston-martin-vantage-gt3\/#primaryimage\",\"url\":\"https:\/\/funstorage.thehuettl.com\/wp-content\/uploads\/2023\/06\/76910_boxprod_v29_we_sha-scaled.jpg\",\"contentUrl\":\"https:\/\/funstorage.thehuettl.com\/wp-content\/uploads\/2023\/06\/76910_boxprod_v29_we_sha-scaled.jpg\",\"width\":2560,\"height\":2560,\"caption\":\"Aston Martin Valkyrie AMR Pro & Aston Martin Vantage GT3\"},{\"@type\":\"BreadcrumbList\",\"@id\":\"https:\/\/funstorage.thehuettl.com\/shop\/lego-76910-aston-martin-valkyrie-amr-pro-aston-martin-vantage-gt3\/#breadcrumb\",\"itemListElement\":[{\"@type\":\"ListItem\",\"position\":1,\"name\":\"Startseite\",\"item\":\"https:\/\/funstorage.thehuettl.com\/step\/homepage\/\"},{\"@type\":\"ListItem\",\"position\":2,\"name\":\"Shop\",\"item\":\"https:\/\/funstorage.thehuettl.com\/shop\/\"},{\"@type\":\"ListItem\",\"position\":3,\"name\":\"LEGO\u00ae 76910 Aston Martin Valkyrie AMR Pro &#038; Aston Martin Vantage GT3\"}]},{\"@type\":\"WebSite\",\"@id\":\"https:\/\/funstorage.thehuettl.com\/#website\",\"url\":\"https:\/\/funstorage.thehuettl.com\/\",\"name\":\"FunStorage\",\"description\":\"\",\"publisher\":{\"@id\":\"https:\/\/funstorage.thehuettl.com\/#organization\"},\"potentialAction\":[{\"@type\":\"SearchAction\",\"target\":{\"@type\":\"EntryPoint\",\"urlTemplate\":\"https:\/\/funstorage.thehuettl.com\/?s={search_term_string}\"},\"query-input\":{\"@type\":\"PropertyValueSpecification\",\"valueRequired\":true,\"valueName\":\"search_term_string\"}}],\"inLanguage\":\"en-US\"},{\"@type\":\"Organization\",\"@id\":\"https:\/\/funstorage.thehuettl.com\/#organization\",\"name\":\"FunStorage\",\"url\":\"https:\/\/funstorage.thehuettl.com\/\",\"logo\":{\"@type\":\"ImageObject\",\"inLanguage\":\"en-US\",\"@id\":\"https:\/\/funstorage.thehuettl.com\/#\/schema\/logo\/image\/\",\"url\":\"https:\/\/funstorage.thehuettl.com\/wp-content\/uploads\/2023\/02\/cropped-D2BA2C24-7753-4AC3-9F3B-6C174C5BCB99.png\",\"contentUrl\":\"https:\/\/funstorage.thehuettl.com\/wp-content\/uploads\/2023\/02\/cropped-D2BA2C24-7753-4AC3-9F3B-6C174C5BCB99.png\",\"width\":512,\"height\":512,\"caption\":\"FunStorage\"},\"image\":{\"@id\":\"https:\/\/funstorage.thehuettl.com\/#\/schema\/logo\/image\/\"},\"sameAs\":[\"https:\/\/www.facebook.com\/funstorage.de\"]}]}<\/script>\n<!-- \/ Yoast SEO plugin. -->","yoast_head_json":{"title":"LEGO\u00ae 76910 Aston Martin Valkyrie AMR Pro & Aston Martin Vantage GT3","description":"Kinder und Autoliebhaber werden den Aston Martin Valkyrie AMR Pro und den Vantage GT3 aus diesem coolen Set zum Sammeln, Ausstellen und Spielen lieben.","robots":{"index":"index","follow":"follow","max-snippet":"max-snippet:-1","max-image-preview":"max-image-preview:large","max-video-preview":"max-video-preview:-1"},"canonical":"https:\/\/funstorage.thehuettl.com\/en\/wp-json\/wp\/v2\/product\/13610","og_locale":"en_US","og_type":"article","og_title":"LEGO\u00ae 76910 Aston Martin Valkyrie AMR Pro & Aston Martin Vantage GT3","og_description":"Kinder und Autoliebhaber werden den Aston Martin Valkyrie AMR Pro und den Vantage GT3 aus diesem coolen Set zum Sammeln, Ausstellen und Spielen lieben.","og_url":"https:\/\/funstorage.thehuettl.com\/en\/shop\/lego-76910-aston-martin-valkyrie-amr-pro-aston-martin-vantage-gt3\/","og_site_name":"FunStorage","article_publisher":"https:\/\/www.facebook.com\/funstorage.de","article_modified_time":"2023-11-19T17:50:42+00:00","og_image":[{"width":2560,"height":2560,"url":"https:\/\/funstorage.thehuettl.com\/wp-content\/uploads\/2023\/06\/76910_boxprod_v29_we_sha-scaled.jpg","type":"image\/jpeg"}],"twitter_card":"summary_large_image","twitter_misc":{"Est. reading time":"3 minutes"},"schema":{"@context":"https:\/\/schema.org","@graph":[{"@type":"WebPage","@id":"https:\/\/funstorage.thehuettl.com\/shop\/lego-76910-aston-martin-valkyrie-amr-pro-aston-martin-vantage-gt3\/","url":"https:\/\/funstorage.thehuettl.com\/shop\/lego-76910-aston-martin-valkyrie-amr-pro-aston-martin-vantage-gt3\/","name":"LEGO\u00ae 76910 Aston Martin Valkyrie AMR Pro & Aston Martin Vantage GT3","isPartOf":{"@id":"https:\/\/funstorage.thehuettl.com\/#website"},"primaryImageOfPage":{"@id":"https:\/\/funstorage.thehuettl.com\/shop\/lego-76910-aston-martin-valkyrie-amr-pro-aston-martin-vantage-gt3\/#primaryimage"},"image":{"@id":"https:\/\/funstorage.thehuettl.com\/shop\/lego-76910-aston-martin-valkyrie-amr-pro-aston-martin-vantage-gt3\/#primaryimage"},"thumbnailUrl":"https:\/\/funstorage.thehuettl.com\/wp-content\/uploads\/2023\/06\/76910_boxprod_v29_we_sha-scaled.jpg","datePublished":"2023-06-30T18:25:51+00:00","dateModified":"2023-11-19T17:50:42+00:00","description":"Kinder und Autoliebhaber werden den Aston Martin Valkyrie AMR Pro und den Vantage GT3 aus diesem coolen Set zum Sammeln, Ausstellen und Spielen lieben.","breadcrumb":{"@id":"https:\/\/funstorage.thehuettl.com\/shop\/lego-76910-aston-martin-valkyrie-amr-pro-aston-martin-vantage-gt3\/#breadcrumb"},"inLanguage":"en-US","potentialAction":[{"@type":"ReadAction","target":["https:\/\/funstorage.thehuettl.com\/shop\/lego-76910-aston-martin-valkyrie-amr-pro-aston-martin-vantage-gt3\/"]}]},{"@type":"ImageObject","inLanguage":"en-US","@id":"https:\/\/funstorage.thehuettl.com\/shop\/lego-76910-aston-martin-valkyrie-amr-pro-aston-martin-vantage-gt3\/#primaryimage","url":"https:\/\/funstorage.thehuettl.com\/wp-content\/uploads\/2023\/06\/76910_boxprod_v29_we_sha-scaled.jpg","contentUrl":"https:\/\/funstorage.thehuettl.com\/wp-content\/uploads\/2023\/06\/76910_boxprod_v29_we_sha-scaled.jpg","width":2560,"height":2560,"caption":"Aston Martin Valkyrie AMR Pro & Aston Martin Vantage GT3"},{"@type":"BreadcrumbList","@id":"https:\/\/funstorage.thehuettl.com\/shop\/lego-76910-aston-martin-valkyrie-amr-pro-aston-martin-vantage-gt3\/#breadcrumb","itemListElement":[{"@type":"ListItem","position":1,"name":"Startseite","item":"https:\/\/funstorage.thehuettl.com\/step\/homepage\/"},{"@type":"ListItem","position":2,"name":"Shop","item":"https:\/\/funstorage.thehuettl.com\/shop\/"},{"@type":"ListItem","position":3,"name":"LEGO\u00ae 76910 Aston Martin Valkyrie AMR Pro &#038; Aston Martin Vantage GT3"}]},{"@type":"WebSite","@id":"https:\/\/funstorage.thehuettl.com\/#website","url":"https:\/\/funstorage.thehuettl.com\/","name":"FunStorage","description":"","publisher":{"@id":"https:\/\/funstorage.thehuettl.com\/#organization"},"potentialAction":[{"@type":"SearchAction","target":{"@type":"EntryPoint","urlTemplate":"https:\/\/funstorage.thehuettl.com\/?s={search_term_string}"},"query-input":{"@type":"PropertyValueSpecification","valueRequired":true,"valueName":"search_term_string"}}],"inLanguage":"en-US"},{"@type":"Organization","@id":"https:\/\/funstorage.thehuettl.com\/#organization","name":"FunStorage","url":"https:\/\/funstorage.thehuettl.com\/","logo":{"@type":"ImageObject","inLanguage":"en-US","@id":"https:\/\/funstorage.thehuettl.com\/#\/schema\/logo\/image\/","url":"https:\/\/funstorage.thehuettl.com\/wp-content\/uploads\/2023\/02\/cropped-D2BA2C24-7753-4AC3-9F3B-6C174C5BCB99.png","contentUrl":"https:\/\/funstorage.thehuettl.com\/wp-content\/uploads\/2023\/02\/cropped-D2BA2C24-7753-4AC3-9F3B-6C174C5BCB99.png","width":512,"height":512,"caption":"FunStorage"},"image":{"@id":"https:\/\/funstorage.thehuettl.com\/#\/schema\/logo\/image\/"},"sameAs":["https:\/\/www.facebook.com\/funstorage.de"]}]}},"_links":{"self":[{"href":"https:\/\/funstorage.thehuettl.com\/en\/wp-json\/wp\/v2\/product\/13610","targetHints":{"allow":["GET"]}}],"collection":[{"href":"https:\/\/funstorage.thehuettl.com\/en\/wp-json\/wp\/v2\/product"}],"about":[{"href":"https:\/\/funstorage.thehuettl.com\/en\/wp-json\/wp\/v2\/types\/product"}],"replies":[{"embeddable":true,"href":"https:\/\/funstorage.thehuettl.com\/en\/wp-json\/wp\/v2\/comments?post=13610"}],"version-history":[{"count":0,"href":"https:\/\/funstorage.thehuettl.com\/en\/wp-json\/wp\/v2\/product\/13610\/revisions"}],"wp:featuredmedia":[{"embeddable":true,"href":"https:\/\/funstorage.thehuettl.com\/en\/wp-json\/wp\/v2\/media\/13612"}],"wp:attachment":[{"href":"https:\/\/funstorage.thehuettl.com\/en\/wp-json\/wp\/v2\/media?parent=13610"}],"wp:term":[{"taxonomy":"product_brand","embeddable":true,"href":"https:\/\/funstorage.thehuettl.com\/en\/wp-json\/wp\/v2\/product_brand?post=13610"},{"taxonomy":"product_cat","embeddable":true,"href":"https:\/\/funstorage.thehuettl.com\/en\/wp-json\/wp\/v2\/product_cat?post=13610"},{"taxonomy":"product_tag","embeddable":true,"href":"https:\/\/funstorage.thehuettl.com\/en\/wp-json\/wp\/v2\/product_tag?post=13610"}],"curies":[{"name":"wp","href":"https:\/\/api.w.org\/{rel}","templated":true}]}}