{"id":13621,"date":"2023-06-30T20:31:56","date_gmt":"2023-06-30T18:31:56","guid":{"rendered":"https:\/\/funstorage.thehuettl.com\/?post_type=product&#038;p=13621"},"modified":"2023-11-14T00:49:52","modified_gmt":"2023-11-13T23:49:52","slug":"lego-76908-lamborghini-countach","status":"publish","type":"product","link":"https:\/\/funstorage.thehuettl.com\/en\/shop\/lego-76908-lamborghini-countach\/","title":{"rendered":"LEGO\u00ae 76908 Lamborghini Countach"},"content":{"rendered":"<dl class=\"dl-horizontal\">\n<dd>\n<div id=\"ctl00_main_mgcProduct_ctl00_v1_ctrl_metadata_ProductDescription_divReadmore\">Freu dich darauf, den Lamborghini Countach aus der N\u00e4he zu betrachten. Der legend\u00e4re Supersportwagen wird von Fans aus aller Welt f\u00fcr sein atemberaubendes Design und seine unfassbare Performance gefeiert. Jetzt kannst du diese LEGO\u00ae Speed Champions Nachbildung zum Sammeln, Bauen und Ausstellen entdecken. Setz den Lamborghini-Rennfahrer ans Steuer, um das Ausstellungsst\u00fcck zu vollenden oder spannende Rennen auszutragen!<\/div>\n<\/dd>\n<\/dl>\n<div><\/div>\n<div>\n<dl class=\"dl-horizontal\">\n<dd><span id=\"ctl00_main_mgcProduct_ctl00_v1_ctrl_metadata_ProductShopper_l2\">Der LEGO\u00ae Speed Champions Lamborghini Countach (76908) l\u00e4sst Kinder und Autoliebhaber einen der ber\u00fchmtesten Sportwagen der Welt sammeln, bauen und entdecken. Diese detailgetreue Nachbildung fasziniert aus jedem Blickwinkel. Das Bauset bietet ein fesselndes Bauerlebnis, und dein Kind kann das fertige Modell ausstellen oder in spannende Rennen schicken. Digitale Bauanleitung Diesem Rennauto zum Spielen und Sammeln liegt eine gedruckte Bauanleitung bei. In der kostenlosen LEGO Building Instructions App f\u00fcr Smartphones und Tablets ist au\u00dferdem eine interaktive Bauanleitung verf\u00fcgbar. Faszinierende Dreh- und Vergr\u00f6\u00dferungsfunktionen lassen dein Kind digitale Ansichten des Modells aus jedem Winkel betrachten. Hommage an legend\u00e4re Technik und faszinierendes Design LEGO Speed Champions Bausets enthalten baubare Versionen der bekanntesten und besten Fahrzeuge der Welt. Diese originalgetreuen Modelle f\u00fcr Kinder und Autofans jeden Alters eignen sich auch f\u00fcr spannende Rennen mit anderen Spielzeugflitzern aus der Speed Champions Reihe.<\/span><\/dd>\n<\/dl>\n<p>Anzahl Teile: 262<br \/>\nAltersempfehlung: 8+<br \/>\nThema: LEGO\u00ae Speed Champions<br \/>\nEAN: 5702017156729<\/p>\n<\/div>\n<p>&nbsp;<\/p>\n<dl class=\"dl-horizontal\">\n<dd>\n<div id=\"ctl00_main_mgcProduct_ctl00_v1_ctrl_metadata_ProductBullets_divReadmore\">\u2022 LEGO\u00ae Nachbildung des legend\u00e4ren Lamborghini Countach: Modell f\u00fcr Kinder und Erwachsene, die sich f\u00fcr innovative Hochleistungsflitzer begeistern<br \/>\n\u2022 Inhalt der Box: In diesem Bauset findest du alles, was du brauchst, um einen wei\u00dfen Lamborghini Countach zu bauen. Ein Lamborghini-Rennfahrer mit Helm, Per\u00fccke und Schraubenschl\u00fcssel ist ebenfalls enthalten<br \/>\n\u2022 Sammeln, spielen, ausstellen: Baue deinen eigenen Lamborghini Countach, zeig ihn deinen Freunden und schick ihn in spannende Rennen gegen andere Speed Champions Flitzer<br \/>\n\u2022 Geschenk f\u00fcr jeden Anlass: Der LEGO\u00ae Speed Champions Lamborghini Countach (76908) ist ein Modellauto aus 262 Teilen und eignet sich als Geburtstags- oder \u00dcberraschungsgeschenk f\u00fcr Kinder und Autofans ab 8 Jahren<br \/>\n\u2022 Bekannte Details: Der Lamborghini Countach hat ein 2-Sitzer-Cockpit und viele authentische Details. Das Modell ist 4\u00a0cm hoch, 15\u00a0cm lang und 7\u00a0cm breit<br \/>\n\u2022 Batterien werden nicht ben\u00f6tigt. Die Fantasie der Kinder reicht v\u00f6llig, um den coolen Lamborghini Countach in viele spannende Rennen zu schicken!<br \/>\n\u2022 Interaktive Bauanleitungen: In der LEGO\u00ae Building Instructions App f\u00fcr Smartphones und Tablets sind Dreh- und Vergr\u00f6\u00dferungsfunktionen verf\u00fcgbar, die dein Kind digitale Modellansichten aus jedem Winkel betrachten lassen<br \/>\n\u2022 Legend\u00e4res Design: Die Modelle zum Sammeln, Spielen und Ausstellen aus den LEGO\u00ae Speed Champions Sets lassen Kinder und Autofans einige der bekanntesten Fahrzeuge der Welt entdecken<br \/>\n\u2022 Qualit\u00e4t hat Vorrang: LEGO\u00ae Elemente entsprechen schon seit 1958 strengen Branchenstandards, damit sie einheitlich und kompatibel sind und riesigen Bauspa\u00df bieten<br \/>\n\u2022 Gepr\u00fcfte Sicherheit: Alle LEGO\u00ae Bauspielzeuge werden akribisch getestet, damit jedes Spielset strenge Sicherheitsstandards erf\u00fcllt<\/div>\n<\/dd>\n<\/dl>","protected":false},"excerpt":{"rendered":"<dl class=\"dl-horizontal\">\n<dd><span id=\"ctl00_main_mgcProduct_ctl00_v1_ctrl_metadata_ProductOneliner_l2\">Kinder und Autofans ab 8 Jahren werden diese LEGO\u00ae Nachbildung des legend\u00e4ren Lamborghini Countach lieben. Grandioses Modell zum Sammeln, Spielen und Ausstellen.<\/span><\/dd>\n<\/dl>","protected":false},"featured_media":13623,"comment_status":"closed","ping_status":"closed","template":"","meta":[],"product_brand":[],"product_cat":[34,210],"product_tag":[418,422,421,425,424,45,423,417,214],"class_list":{"0":"post-13621","1":"product","2":"type-product","3":"status-publish","4":"has-post-thumbnail","6":"product_cat-lego","7":"product_cat-lego-speed-champions","8":"product_tag-car","9":"product_tag-champion","10":"product_tag-champions","11":"product_tag-countach","12":"product_tag-lamborghini","13":"product_tag-lego","14":"product_tag-race","15":"product_tag-speed","16":"product_tag-speed-champions","18":"first","19":"instock","20":"taxable","21":"shipping-taxable","22":"purchasable","23":"product-type-simple"},"yoast_head":"<!-- This site is optimized with the Yoast SEO plugin v26.4 - https:\/\/yoast.com\/wordpress\/plugins\/seo\/ -->\n<title>Baue und erkunde den legend\u00e4ren Lamborghini Countach<\/title>\n<meta name=\"description\" content=\"Kinder und Autofans ab 8 Jahren werden diese LEGO\u00ae Nachbildung des legend\u00e4ren Lamborghini Countach lieben. Grandioses Modell zum Sammeln, Spielen und Ausstellen.\" \/>\n<meta name=\"robots\" content=\"index, follow, max-snippet:-1, max-image-preview:large, max-video-preview:-1\" \/>\n<link rel=\"canonical\" href=\"https:\/\/funstorage.thehuettl.com\/en\/wp-json\/wp\/v2\/product\/13621\" \/>\n<meta property=\"og:locale\" content=\"en_US\" \/>\n<meta property=\"og:type\" content=\"article\" \/>\n<meta property=\"og:title\" content=\"Baue und erkunde den legend\u00e4ren Lamborghini Countach\" \/>\n<meta property=\"og:description\" content=\"Kinder und Autofans ab 8 Jahren werden diese LEGO\u00ae Nachbildung des legend\u00e4ren Lamborghini Countach lieben. Grandioses Modell zum Sammeln, Spielen und Ausstellen.\" \/>\n<meta property=\"og:url\" content=\"https:\/\/funstorage.thehuettl.com\/en\/shop\/lego-76908-lamborghini-countach\/\" \/>\n<meta property=\"og:site_name\" content=\"FunStorage\" \/>\n<meta property=\"article:publisher\" content=\"https:\/\/www.facebook.com\/funstorage.de\" \/>\n<meta property=\"article:modified_time\" content=\"2023-11-13T23:49:52+00:00\" \/>\n<meta property=\"og:image\" content=\"https:\/\/funstorage.thehuettl.com\/wp-content\/uploads\/2023\/06\/76908_boxprod_v29-scaled.jpg\" \/>\n\t<meta property=\"og:image:width\" content=\"2560\" \/>\n\t<meta property=\"og:image:height\" content=\"2560\" \/>\n\t<meta property=\"og:image:type\" content=\"image\/jpeg\" \/>\n<meta name=\"twitter:card\" content=\"summary_large_image\" \/>\n<meta name=\"twitter:label1\" content=\"Est. reading time\" \/>\n\t<meta name=\"twitter:data1\" content=\"3 minutes\" \/>\n<script type=\"application\/ld+json\" class=\"yoast-schema-graph\">{\"@context\":\"https:\/\/schema.org\",\"@graph\":[{\"@type\":\"WebPage\",\"@id\":\"https:\/\/funstorage.thehuettl.com\/shop\/lego-76908-lamborghini-countach\/\",\"url\":\"https:\/\/funstorage.thehuettl.com\/shop\/lego-76908-lamborghini-countach\/\",\"name\":\"Baue und erkunde den legend\u00e4ren Lamborghini Countach\",\"isPartOf\":{\"@id\":\"https:\/\/funstorage.thehuettl.com\/#website\"},\"primaryImageOfPage\":{\"@id\":\"https:\/\/funstorage.thehuettl.com\/shop\/lego-76908-lamborghini-countach\/#primaryimage\"},\"image\":{\"@id\":\"https:\/\/funstorage.thehuettl.com\/shop\/lego-76908-lamborghini-countach\/#primaryimage\"},\"thumbnailUrl\":\"https:\/\/funstorage.thehuettl.com\/wp-content\/uploads\/2023\/06\/76908_boxprod_v29-scaled.jpg\",\"datePublished\":\"2023-06-30T18:31:56+00:00\",\"dateModified\":\"2023-11-13T23:49:52+00:00\",\"description\":\"Kinder und Autofans ab 8 Jahren werden diese LEGO\u00ae Nachbildung des legend\u00e4ren Lamborghini Countach lieben. Grandioses Modell zum Sammeln, Spielen und Ausstellen.\",\"breadcrumb\":{\"@id\":\"https:\/\/funstorage.thehuettl.com\/shop\/lego-76908-lamborghini-countach\/#breadcrumb\"},\"inLanguage\":\"en-US\",\"potentialAction\":[{\"@type\":\"ReadAction\",\"target\":[\"https:\/\/funstorage.thehuettl.com\/shop\/lego-76908-lamborghini-countach\/\"]}]},{\"@type\":\"ImageObject\",\"inLanguage\":\"en-US\",\"@id\":\"https:\/\/funstorage.thehuettl.com\/shop\/lego-76908-lamborghini-countach\/#primaryimage\",\"url\":\"https:\/\/funstorage.thehuettl.com\/wp-content\/uploads\/2023\/06\/76908_boxprod_v29-scaled.jpg\",\"contentUrl\":\"https:\/\/funstorage.thehuettl.com\/wp-content\/uploads\/2023\/06\/76908_boxprod_v29-scaled.jpg\",\"width\":2560,\"height\":2560,\"caption\":\"Lamborghini Countach LEGO\u00ae 76908\"},{\"@type\":\"BreadcrumbList\",\"@id\":\"https:\/\/funstorage.thehuettl.com\/shop\/lego-76908-lamborghini-countach\/#breadcrumb\",\"itemListElement\":[{\"@type\":\"ListItem\",\"position\":1,\"name\":\"Startseite\",\"item\":\"https:\/\/funstorage.thehuettl.com\/step\/homepage\/\"},{\"@type\":\"ListItem\",\"position\":2,\"name\":\"Shop\",\"item\":\"https:\/\/funstorage.thehuettl.com\/shop\/\"},{\"@type\":\"ListItem\",\"position\":3,\"name\":\"LEGO\u00ae 76908 Lamborghini Countach\"}]},{\"@type\":\"WebSite\",\"@id\":\"https:\/\/funstorage.thehuettl.com\/#website\",\"url\":\"https:\/\/funstorage.thehuettl.com\/\",\"name\":\"FunStorage\",\"description\":\"\",\"publisher\":{\"@id\":\"https:\/\/funstorage.thehuettl.com\/#organization\"},\"potentialAction\":[{\"@type\":\"SearchAction\",\"target\":{\"@type\":\"EntryPoint\",\"urlTemplate\":\"https:\/\/funstorage.thehuettl.com\/?s={search_term_string}\"},\"query-input\":{\"@type\":\"PropertyValueSpecification\",\"valueRequired\":true,\"valueName\":\"search_term_string\"}}],\"inLanguage\":\"en-US\"},{\"@type\":\"Organization\",\"@id\":\"https:\/\/funstorage.thehuettl.com\/#organization\",\"name\":\"FunStorage\",\"url\":\"https:\/\/funstorage.thehuettl.com\/\",\"logo\":{\"@type\":\"ImageObject\",\"inLanguage\":\"en-US\",\"@id\":\"https:\/\/funstorage.thehuettl.com\/#\/schema\/logo\/image\/\",\"url\":\"https:\/\/funstorage.thehuettl.com\/wp-content\/uploads\/2023\/02\/cropped-D2BA2C24-7753-4AC3-9F3B-6C174C5BCB99.png\",\"contentUrl\":\"https:\/\/funstorage.thehuettl.com\/wp-content\/uploads\/2023\/02\/cropped-D2BA2C24-7753-4AC3-9F3B-6C174C5BCB99.png\",\"width\":512,\"height\":512,\"caption\":\"FunStorage\"},\"image\":{\"@id\":\"https:\/\/funstorage.thehuettl.com\/#\/schema\/logo\/image\/\"},\"sameAs\":[\"https:\/\/www.facebook.com\/funstorage.de\"]}]}<\/script>\n<!-- \/ Yoast SEO plugin. -->","yoast_head_json":{"title":"Baue und erkunde den legend\u00e4ren Lamborghini Countach","description":"Kinder und Autofans ab 8 Jahren werden diese LEGO\u00ae Nachbildung des legend\u00e4ren Lamborghini Countach lieben. Grandioses Modell zum Sammeln, Spielen und Ausstellen.","robots":{"index":"index","follow":"follow","max-snippet":"max-snippet:-1","max-image-preview":"max-image-preview:large","max-video-preview":"max-video-preview:-1"},"canonical":"https:\/\/funstorage.thehuettl.com\/en\/wp-json\/wp\/v2\/product\/13621","og_locale":"en_US","og_type":"article","og_title":"Baue und erkunde den legend\u00e4ren Lamborghini Countach","og_description":"Kinder und Autofans ab 8 Jahren werden diese LEGO\u00ae Nachbildung des legend\u00e4ren Lamborghini Countach lieben. Grandioses Modell zum Sammeln, Spielen und Ausstellen.","og_url":"https:\/\/funstorage.thehuettl.com\/en\/shop\/lego-76908-lamborghini-countach\/","og_site_name":"FunStorage","article_publisher":"https:\/\/www.facebook.com\/funstorage.de","article_modified_time":"2023-11-13T23:49:52+00:00","og_image":[{"width":2560,"height":2560,"url":"https:\/\/funstorage.thehuettl.com\/wp-content\/uploads\/2023\/06\/76908_boxprod_v29-scaled.jpg","type":"image\/jpeg"}],"twitter_card":"summary_large_image","twitter_misc":{"Est. reading time":"3 minutes"},"schema":{"@context":"https:\/\/schema.org","@graph":[{"@type":"WebPage","@id":"https:\/\/funstorage.thehuettl.com\/shop\/lego-76908-lamborghini-countach\/","url":"https:\/\/funstorage.thehuettl.com\/shop\/lego-76908-lamborghini-countach\/","name":"Baue und erkunde den legend\u00e4ren Lamborghini Countach","isPartOf":{"@id":"https:\/\/funstorage.thehuettl.com\/#website"},"primaryImageOfPage":{"@id":"https:\/\/funstorage.thehuettl.com\/shop\/lego-76908-lamborghini-countach\/#primaryimage"},"image":{"@id":"https:\/\/funstorage.thehuettl.com\/shop\/lego-76908-lamborghini-countach\/#primaryimage"},"thumbnailUrl":"https:\/\/funstorage.thehuettl.com\/wp-content\/uploads\/2023\/06\/76908_boxprod_v29-scaled.jpg","datePublished":"2023-06-30T18:31:56+00:00","dateModified":"2023-11-13T23:49:52+00:00","description":"Kinder und Autofans ab 8 Jahren werden diese LEGO\u00ae Nachbildung des legend\u00e4ren Lamborghini Countach lieben. Grandioses Modell zum Sammeln, Spielen und Ausstellen.","breadcrumb":{"@id":"https:\/\/funstorage.thehuettl.com\/shop\/lego-76908-lamborghini-countach\/#breadcrumb"},"inLanguage":"en-US","potentialAction":[{"@type":"ReadAction","target":["https:\/\/funstorage.thehuettl.com\/shop\/lego-76908-lamborghini-countach\/"]}]},{"@type":"ImageObject","inLanguage":"en-US","@id":"https:\/\/funstorage.thehuettl.com\/shop\/lego-76908-lamborghini-countach\/#primaryimage","url":"https:\/\/funstorage.thehuettl.com\/wp-content\/uploads\/2023\/06\/76908_boxprod_v29-scaled.jpg","contentUrl":"https:\/\/funstorage.thehuettl.com\/wp-content\/uploads\/2023\/06\/76908_boxprod_v29-scaled.jpg","width":2560,"height":2560,"caption":"Lamborghini Countach LEGO\u00ae 76908"},{"@type":"BreadcrumbList","@id":"https:\/\/funstorage.thehuettl.com\/shop\/lego-76908-lamborghini-countach\/#breadcrumb","itemListElement":[{"@type":"ListItem","position":1,"name":"Startseite","item":"https:\/\/funstorage.thehuettl.com\/step\/homepage\/"},{"@type":"ListItem","position":2,"name":"Shop","item":"https:\/\/funstorage.thehuettl.com\/shop\/"},{"@type":"ListItem","position":3,"name":"LEGO\u00ae 76908 Lamborghini Countach"}]},{"@type":"WebSite","@id":"https:\/\/funstorage.thehuettl.com\/#website","url":"https:\/\/funstorage.thehuettl.com\/","name":"FunStorage","description":"","publisher":{"@id":"https:\/\/funstorage.thehuettl.com\/#organization"},"potentialAction":[{"@type":"SearchAction","target":{"@type":"EntryPoint","urlTemplate":"https:\/\/funstorage.thehuettl.com\/?s={search_term_string}"},"query-input":{"@type":"PropertyValueSpecification","valueRequired":true,"valueName":"search_term_string"}}],"inLanguage":"en-US"},{"@type":"Organization","@id":"https:\/\/funstorage.thehuettl.com\/#organization","name":"FunStorage","url":"https:\/\/funstorage.thehuettl.com\/","logo":{"@type":"ImageObject","inLanguage":"en-US","@id":"https:\/\/funstorage.thehuettl.com\/#\/schema\/logo\/image\/","url":"https:\/\/funstorage.thehuettl.com\/wp-content\/uploads\/2023\/02\/cropped-D2BA2C24-7753-4AC3-9F3B-6C174C5BCB99.png","contentUrl":"https:\/\/funstorage.thehuettl.com\/wp-content\/uploads\/2023\/02\/cropped-D2BA2C24-7753-4AC3-9F3B-6C174C5BCB99.png","width":512,"height":512,"caption":"FunStorage"},"image":{"@id":"https:\/\/funstorage.thehuettl.com\/#\/schema\/logo\/image\/"},"sameAs":["https:\/\/www.facebook.com\/funstorage.de"]}]}},"_links":{"self":[{"href":"https:\/\/funstorage.thehuettl.com\/en\/wp-json\/wp\/v2\/product\/13621","targetHints":{"allow":["GET"]}}],"collection":[{"href":"https:\/\/funstorage.thehuettl.com\/en\/wp-json\/wp\/v2\/product"}],"about":[{"href":"https:\/\/funstorage.thehuettl.com\/en\/wp-json\/wp\/v2\/types\/product"}],"replies":[{"embeddable":true,"href":"https:\/\/funstorage.thehuettl.com\/en\/wp-json\/wp\/v2\/comments?post=13621"}],"version-history":[{"count":0,"href":"https:\/\/funstorage.thehuettl.com\/en\/wp-json\/wp\/v2\/product\/13621\/revisions"}],"wp:featuredmedia":[{"embeddable":true,"href":"https:\/\/funstorage.thehuettl.com\/en\/wp-json\/wp\/v2\/media\/13623"}],"wp:attachment":[{"href":"https:\/\/funstorage.thehuettl.com\/en\/wp-json\/wp\/v2\/media?parent=13621"}],"wp:term":[{"taxonomy":"product_brand","embeddable":true,"href":"https:\/\/funstorage.thehuettl.com\/en\/wp-json\/wp\/v2\/product_brand?post=13621"},{"taxonomy":"product_cat","embeddable":true,"href":"https:\/\/funstorage.thehuettl.com\/en\/wp-json\/wp\/v2\/product_cat?post=13621"},{"taxonomy":"product_tag","embeddable":true,"href":"https:\/\/funstorage.thehuettl.com\/en\/wp-json\/wp\/v2\/product_tag?post=13621"}],"curies":[{"name":"wp","href":"https:\/\/api.w.org\/{rel}","templated":true}]}}