{"id":13643,"date":"2023-06-30T21:24:49","date_gmt":"2023-06-30T19:24:49","guid":{"rendered":"https:\/\/funstorage.thehuettl.com\/?post_type=product&#038;p=13643"},"modified":"2023-11-14T00:57:25","modified_gmt":"2023-11-13T23:57:25","slug":"lego-10313-wildblumenstrauss","status":"publish","type":"product","link":"https:\/\/funstorage.thehuettl.com\/en\/shop\/lego-10313-wildblumenstrauss\/","title":{"rendered":"LEGO\u00ae 10313 Wildblumenstrau\u00df"},"content":{"rendered":"<dl class=\"dl-horizontal\">\n<dd>\n<dl class=\"dl-horizontal\">\n<dd>\n<div id=\"ctl00_main_mgcProduct_ctl00_v1_ctrl_metadata_ProductDescription_divReadmore\">Belohne dich oder eine deiner Lieben mit dem LEGO\u00ae Icons Wildblumenstrau\u00df, der niemals verwelkt. 8 Wildblumenarten bilden einen farbenpr\u00e4chtigen Blumenstrau\u00df, der aus raffiniert zusammengef\u00fcgten LEGO Steinen besteht. Die Blumen verf\u00fcgen \u00fcber verstellbare St\u00e4ngel, damit du deinen ganz individuellen und besonders kreativen Blumenstrau\u00df erschaffen kannst, der alle Blicke auf sich zieht.<\/div>\n<div><\/div>\n<\/dd>\n<\/dl>\n<\/dd>\n<dd><span id=\"ctl00_main_mgcProduct_ctl00_v1_ctrl_metadata_ProductShopper_l2\">Blumen bereiten immer gro\u00dfe Freude. Doch dieser LEGO\u00ae Icons Wildblumenstrau\u00df verleiht diesem Klassiker unter den Geschenken eine ebenso kreative wie zeitlose Note. Warum schenkst du einer deiner Lieben zum n\u00e4chsten besonderen Anlass nicht einfach einen Blumenstrau\u00df, der niemals verwelkt und nie gegossen werden muss? Lass deiner Kreativit\u00e4t freien Lauf Der Wildblumenstrau\u00df besteht aus aufwendig zusammengef\u00fcgten LEGO Teilen, die 8 Wildblumenarten mit verstellbaren St\u00e4ngeln darstellen. Aufstrebende Floristinnen und Blumenliebhaber k\u00f6nnen sich viele Stunden damit besch\u00e4ftigen, die Bl\u00fcten zu bauen und zu identifizieren, denen echte Kornblumen, Lavendel, Wald-Scheinmohn, Wiesenkerbel, Lederfarne, Gerbera-G\u00e4nsebl\u00fcmchen, Rittersporn und Lupinen als Vorlage dienten. Die fertigen LEGO Blumen kann man in seine Lieblingsvase stellen, um einen echten Hingucker zu erschaffen, der in jedem Zimmer gro\u00dfe Freude bereiten wird. Pflanzen aus Pflanzen Dieses Set geh\u00f6rt zur bahnbrechenden LEGO Botanik Kollektion f\u00fcr Erwachsene und enth\u00e4lt einige Elemente aus Biokunststoff, der aus nachhaltig angebautem Zuckerrohr gewonnen wird.<\/span><\/dd>\n<\/dl>\n<p>Anzahl Teile: 939<br \/>\nAltersempfehlung: 18+<br \/>\nThema: LEGO\u00ae Icons<br \/>\nEAN: 5702017416663<\/p>\n<dl class=\"dl-horizontal\">\n<dd>\n<div id=\"ctl00_main_mgcProduct_ctl00_v1_ctrl_metadata_ProductBullets_divReadmore\">\u2022 Leb deine kreative Seite aus: Der lebensechte LEGO\u00ae Icons Wildblumenstrau\u00df (10313) zum Bauen und Ausstellen bietet Erwachsenen ein fesselndes Bauprojekt. Hinweis: Es ist keine Vase enthalten<br \/>\n\u2022 Viel Spa\u00df beim Arrangieren der Blumen: Das Set beinhaltet 16 einzelne h\u00f6henverstellbare St\u00e4ngel, damit du mit unterschiedlichen Arrangements experimentieren kannst<br \/>\n\u2022 Lass deine Einrichtung aufbl\u00fchen: Du kannst den fertigen Strau\u00df in eine Vase stellen, um dein Wohnzimmer aufzupeppen<br \/>\n\u2022 Geschenk f\u00fcr Blumenliebhaber: Begeisterte Floristinnen und Blumenfreunde k\u00f6nnen ihren eigenen LEGO\u00ae Icons\u00a0Wildblumenstrau\u00df erschaffen<br \/>\n\u2022 Du m\u00f6chtest einen noch gr\u00f6\u00dferen Strau\u00df? Dieses Bauset l\u00e4sst sich mit dem LEGO\u00ae Blumenstrau\u00df (10280) kombinieren, um einen gro\u00dfen Strau\u00df oder 2 verschiedene Arrangements zu erschaffen<br \/>\n\u2022 Abmessungen: Die St\u00e4ngel sind in unterschiedlichen L\u00e4ngen enthalten. Der Rittersporn ist mit seinem geraden St\u00e4ngel 47\u00a0cm hoch (nur als Anhaltspunkt)<br \/>\n\u2022 Pflanzen aus Pflanzen: Da dieses Set zur LEGO\u00ae Botanik Kollektion geh\u00f6rt, beinhaltet es Elemente aus Biokunststoff, der aus nachhaltig angebautem Zuckerrohr hergestellt wird<br \/>\n\u2022 Digitale Bauanleitungen &#8211; die LEGO\u00ae Builder App bietet eine digitale Version der Bauanleitungen zu diesem Set.<br \/>\n\u2022 Hochwertiges Produkt: LEGO\u00ae Bausteine erf\u00fcllen strenge Branchenstandards. Seit mehr als 60 Jahren sind sie einheitlich und kompatibel und lassen sich m\u00fchelos zusammenstecken<br \/>\n\u2022 Garantierte Sicherheit: LEGO\u00ae Steine und Teile werden gr\u00fcndlich getestet, damit sie den strengen globalen Sicherheits- und Qualit\u00e4tsstandards entsprechen und damit du wei\u00dft, dass du in sicheren H\u00e4nden bist<\/div>\n<\/dd>\n<\/dl>","protected":false},"excerpt":{"rendered":"<dl class=\"dl-horizontal\">\n<dd><span id=\"ctl00_main_mgcProduct_ctl00_v1_ctrl_metadata_ProductOneliner_l2\">Der LEGO\u00ae Icons Wildblumenstrau\u00df ist ein Bauset, das Erwachsene fantasievoll und achtsam bauen l\u00e4sst. Ein au\u00dfergew\u00f6hnliches Geschenk f\u00fcr dich selbst oder deine Lieben.<\/span><\/dd>\n<\/dl>","protected":false},"featured_media":13655,"comment_status":"closed","ping_status":"closed","template":"","meta":[],"product_brand":[],"product_cat":[34,429],"product_tag":[431,432,435,430,436,45,434,433],"class_list":{"0":"post-13643","1":"product","2":"type-product","3":"status-publish","4":"has-post-thumbnail","6":"product_cat-lego","7":"product_cat-lego-icons","8":"product_tag-bloom","9":"product_tag-bloomen","10":"product_tag-botanical","11":"product_tag-flower","12":"product_tag-icon","13":"product_tag-lego","14":"product_tag-wild","15":"product_tag-wildblumenstrauss","17":"first","18":"instock","19":"taxable","20":"shipping-taxable","21":"purchasable","22":"product-type-simple"},"yoast_head":"<!-- This site is optimized with the Yoast SEO plugin v26.4 - https:\/\/yoast.com\/wordpress\/plugins\/seo\/ -->\n<title>LEGO\u00ae Icons Wildblumenstrau\u00df mit authentischen Details<\/title>\n<meta name=\"description\" content=\"De LEGO\u00ae Icons Wildblumenstrau\u00df ist ein Bauset, das Erwachsene fantasievoll und achtsam bauen l\u00e4sst. Ein au\u00dfergew\u00f6hnliches Geschenk f\u00fcr dich selbst oder deine Lieben.\" \/>\n<meta name=\"robots\" content=\"index, follow, max-snippet:-1, max-image-preview:large, max-video-preview:-1\" \/>\n<link rel=\"canonical\" href=\"https:\/\/funstorage.thehuettl.com\/en\/wp-json\/wp\/v2\/product\/13643\" \/>\n<meta property=\"og:locale\" content=\"en_US\" \/>\n<meta property=\"og:type\" content=\"article\" \/>\n<meta property=\"og:title\" content=\"LEGO\u00ae Icons Wildblumenstrau\u00df mit authentischen Details\" \/>\n<meta property=\"og:description\" content=\"De LEGO\u00ae Icons Wildblumenstrau\u00df ist ein Bauset, das Erwachsene fantasievoll und achtsam bauen l\u00e4sst. Ein au\u00dfergew\u00f6hnliches Geschenk f\u00fcr dich selbst oder deine Lieben.\" \/>\n<meta property=\"og:url\" content=\"https:\/\/funstorage.thehuettl.com\/en\/shop\/lego-10313-wildblumenstrauss\/\" \/>\n<meta property=\"og:site_name\" content=\"FunStorage\" \/>\n<meta property=\"article:publisher\" content=\"https:\/\/www.facebook.com\/funstorage.de\" \/>\n<meta property=\"article:modified_time\" content=\"2023-11-13T23:57:25+00:00\" \/>\n<meta property=\"og:image\" content=\"https:\/\/funstorage.thehuettl.com\/wp-content\/uploads\/2023\/06\/10313_boxprod_v29-scaled.jpg\" \/>\n\t<meta property=\"og:image:width\" content=\"2560\" \/>\n\t<meta property=\"og:image:height\" content=\"2560\" \/>\n\t<meta property=\"og:image:type\" content=\"image\/jpeg\" \/>\n<meta name=\"twitter:card\" content=\"summary_large_image\" \/>\n<meta name=\"twitter:label1\" content=\"Est. reading time\" \/>\n\t<meta name=\"twitter:data1\" content=\"3 minutes\" \/>\n<script type=\"application\/ld+json\" class=\"yoast-schema-graph\">{\"@context\":\"https:\/\/schema.org\",\"@graph\":[{\"@type\":\"WebPage\",\"@id\":\"https:\/\/funstorage.thehuettl.com\/shop\/lego-10313-wildblumenstrauss\/\",\"url\":\"https:\/\/funstorage.thehuettl.com\/shop\/lego-10313-wildblumenstrauss\/\",\"name\":\"LEGO\u00ae Icons Wildblumenstrau\u00df mit authentischen Details\",\"isPartOf\":{\"@id\":\"https:\/\/funstorage.thehuettl.com\/#website\"},\"primaryImageOfPage\":{\"@id\":\"https:\/\/funstorage.thehuettl.com\/shop\/lego-10313-wildblumenstrauss\/#primaryimage\"},\"image\":{\"@id\":\"https:\/\/funstorage.thehuettl.com\/shop\/lego-10313-wildblumenstrauss\/#primaryimage\"},\"thumbnailUrl\":\"https:\/\/funstorage.thehuettl.com\/wp-content\/uploads\/2023\/06\/10313_boxprod_v29-scaled.jpg\",\"datePublished\":\"2023-06-30T19:24:49+00:00\",\"dateModified\":\"2023-11-13T23:57:25+00:00\",\"description\":\"De LEGO\u00ae Icons Wildblumenstrau\u00df ist ein Bauset, das Erwachsene fantasievoll und achtsam bauen l\u00e4sst. Ein au\u00dfergew\u00f6hnliches Geschenk f\u00fcr dich selbst oder deine Lieben.\",\"breadcrumb\":{\"@id\":\"https:\/\/funstorage.thehuettl.com\/shop\/lego-10313-wildblumenstrauss\/#breadcrumb\"},\"inLanguage\":\"en-US\",\"potentialAction\":[{\"@type\":\"ReadAction\",\"target\":[\"https:\/\/funstorage.thehuettl.com\/shop\/lego-10313-wildblumenstrauss\/\"]}]},{\"@type\":\"ImageObject\",\"inLanguage\":\"en-US\",\"@id\":\"https:\/\/funstorage.thehuettl.com\/shop\/lego-10313-wildblumenstrauss\/#primaryimage\",\"url\":\"https:\/\/funstorage.thehuettl.com\/wp-content\/uploads\/2023\/06\/10313_boxprod_v29-scaled.jpg\",\"contentUrl\":\"https:\/\/funstorage.thehuettl.com\/wp-content\/uploads\/2023\/06\/10313_boxprod_v29-scaled.jpg\",\"width\":2560,\"height\":2560,\"caption\":\"LEGO\u00ae 10313 Wildblumenstrau\u00df\"},{\"@type\":\"BreadcrumbList\",\"@id\":\"https:\/\/funstorage.thehuettl.com\/shop\/lego-10313-wildblumenstrauss\/#breadcrumb\",\"itemListElement\":[{\"@type\":\"ListItem\",\"position\":1,\"name\":\"Startseite\",\"item\":\"https:\/\/funstorage.thehuettl.com\/step\/homepage\/\"},{\"@type\":\"ListItem\",\"position\":2,\"name\":\"Shop\",\"item\":\"https:\/\/funstorage.thehuettl.com\/shop\/\"},{\"@type\":\"ListItem\",\"position\":3,\"name\":\"LEGO\u00ae 10313 Wildblumenstrau\u00df\"}]},{\"@type\":\"WebSite\",\"@id\":\"https:\/\/funstorage.thehuettl.com\/#website\",\"url\":\"https:\/\/funstorage.thehuettl.com\/\",\"name\":\"FunStorage\",\"description\":\"\",\"publisher\":{\"@id\":\"https:\/\/funstorage.thehuettl.com\/#organization\"},\"potentialAction\":[{\"@type\":\"SearchAction\",\"target\":{\"@type\":\"EntryPoint\",\"urlTemplate\":\"https:\/\/funstorage.thehuettl.com\/?s={search_term_string}\"},\"query-input\":{\"@type\":\"PropertyValueSpecification\",\"valueRequired\":true,\"valueName\":\"search_term_string\"}}],\"inLanguage\":\"en-US\"},{\"@type\":\"Organization\",\"@id\":\"https:\/\/funstorage.thehuettl.com\/#organization\",\"name\":\"FunStorage\",\"url\":\"https:\/\/funstorage.thehuettl.com\/\",\"logo\":{\"@type\":\"ImageObject\",\"inLanguage\":\"en-US\",\"@id\":\"https:\/\/funstorage.thehuettl.com\/#\/schema\/logo\/image\/\",\"url\":\"https:\/\/funstorage.thehuettl.com\/wp-content\/uploads\/2023\/02\/cropped-D2BA2C24-7753-4AC3-9F3B-6C174C5BCB99.png\",\"contentUrl\":\"https:\/\/funstorage.thehuettl.com\/wp-content\/uploads\/2023\/02\/cropped-D2BA2C24-7753-4AC3-9F3B-6C174C5BCB99.png\",\"width\":512,\"height\":512,\"caption\":\"FunStorage\"},\"image\":{\"@id\":\"https:\/\/funstorage.thehuettl.com\/#\/schema\/logo\/image\/\"},\"sameAs\":[\"https:\/\/www.facebook.com\/funstorage.de\"]}]}<\/script>\n<!-- \/ Yoast SEO plugin. -->","yoast_head_json":{"title":"LEGO\u00ae Icons Wildblumenstrau\u00df mit authentischen Details","description":"De LEGO\u00ae Icons Wildblumenstrau\u00df ist ein Bauset, das Erwachsene fantasievoll und achtsam bauen l\u00e4sst. Ein au\u00dfergew\u00f6hnliches Geschenk f\u00fcr dich selbst oder deine Lieben.","robots":{"index":"index","follow":"follow","max-snippet":"max-snippet:-1","max-image-preview":"max-image-preview:large","max-video-preview":"max-video-preview:-1"},"canonical":"https:\/\/funstorage.thehuettl.com\/en\/wp-json\/wp\/v2\/product\/13643","og_locale":"en_US","og_type":"article","og_title":"LEGO\u00ae Icons Wildblumenstrau\u00df mit authentischen Details","og_description":"De LEGO\u00ae Icons Wildblumenstrau\u00df ist ein Bauset, das Erwachsene fantasievoll und achtsam bauen l\u00e4sst. Ein au\u00dfergew\u00f6hnliches Geschenk f\u00fcr dich selbst oder deine Lieben.","og_url":"https:\/\/funstorage.thehuettl.com\/en\/shop\/lego-10313-wildblumenstrauss\/","og_site_name":"FunStorage","article_publisher":"https:\/\/www.facebook.com\/funstorage.de","article_modified_time":"2023-11-13T23:57:25+00:00","og_image":[{"width":2560,"height":2560,"url":"https:\/\/funstorage.thehuettl.com\/wp-content\/uploads\/2023\/06\/10313_boxprod_v29-scaled.jpg","type":"image\/jpeg"}],"twitter_card":"summary_large_image","twitter_misc":{"Est. reading time":"3 minutes"},"schema":{"@context":"https:\/\/schema.org","@graph":[{"@type":"WebPage","@id":"https:\/\/funstorage.thehuettl.com\/shop\/lego-10313-wildblumenstrauss\/","url":"https:\/\/funstorage.thehuettl.com\/shop\/lego-10313-wildblumenstrauss\/","name":"LEGO\u00ae Icons Wildblumenstrau\u00df mit authentischen Details","isPartOf":{"@id":"https:\/\/funstorage.thehuettl.com\/#website"},"primaryImageOfPage":{"@id":"https:\/\/funstorage.thehuettl.com\/shop\/lego-10313-wildblumenstrauss\/#primaryimage"},"image":{"@id":"https:\/\/funstorage.thehuettl.com\/shop\/lego-10313-wildblumenstrauss\/#primaryimage"},"thumbnailUrl":"https:\/\/funstorage.thehuettl.com\/wp-content\/uploads\/2023\/06\/10313_boxprod_v29-scaled.jpg","datePublished":"2023-06-30T19:24:49+00:00","dateModified":"2023-11-13T23:57:25+00:00","description":"De LEGO\u00ae Icons Wildblumenstrau\u00df ist ein Bauset, das Erwachsene fantasievoll und achtsam bauen l\u00e4sst. Ein au\u00dfergew\u00f6hnliches Geschenk f\u00fcr dich selbst oder deine Lieben.","breadcrumb":{"@id":"https:\/\/funstorage.thehuettl.com\/shop\/lego-10313-wildblumenstrauss\/#breadcrumb"},"inLanguage":"en-US","potentialAction":[{"@type":"ReadAction","target":["https:\/\/funstorage.thehuettl.com\/shop\/lego-10313-wildblumenstrauss\/"]}]},{"@type":"ImageObject","inLanguage":"en-US","@id":"https:\/\/funstorage.thehuettl.com\/shop\/lego-10313-wildblumenstrauss\/#primaryimage","url":"https:\/\/funstorage.thehuettl.com\/wp-content\/uploads\/2023\/06\/10313_boxprod_v29-scaled.jpg","contentUrl":"https:\/\/funstorage.thehuettl.com\/wp-content\/uploads\/2023\/06\/10313_boxprod_v29-scaled.jpg","width":2560,"height":2560,"caption":"LEGO\u00ae 10313 Wildblumenstrau\u00df"},{"@type":"BreadcrumbList","@id":"https:\/\/funstorage.thehuettl.com\/shop\/lego-10313-wildblumenstrauss\/#breadcrumb","itemListElement":[{"@type":"ListItem","position":1,"name":"Startseite","item":"https:\/\/funstorage.thehuettl.com\/step\/homepage\/"},{"@type":"ListItem","position":2,"name":"Shop","item":"https:\/\/funstorage.thehuettl.com\/shop\/"},{"@type":"ListItem","position":3,"name":"LEGO\u00ae 10313 Wildblumenstrau\u00df"}]},{"@type":"WebSite","@id":"https:\/\/funstorage.thehuettl.com\/#website","url":"https:\/\/funstorage.thehuettl.com\/","name":"FunStorage","description":"","publisher":{"@id":"https:\/\/funstorage.thehuettl.com\/#organization"},"potentialAction":[{"@type":"SearchAction","target":{"@type":"EntryPoint","urlTemplate":"https:\/\/funstorage.thehuettl.com\/?s={search_term_string}"},"query-input":{"@type":"PropertyValueSpecification","valueRequired":true,"valueName":"search_term_string"}}],"inLanguage":"en-US"},{"@type":"Organization","@id":"https:\/\/funstorage.thehuettl.com\/#organization","name":"FunStorage","url":"https:\/\/funstorage.thehuettl.com\/","logo":{"@type":"ImageObject","inLanguage":"en-US","@id":"https:\/\/funstorage.thehuettl.com\/#\/schema\/logo\/image\/","url":"https:\/\/funstorage.thehuettl.com\/wp-content\/uploads\/2023\/02\/cropped-D2BA2C24-7753-4AC3-9F3B-6C174C5BCB99.png","contentUrl":"https:\/\/funstorage.thehuettl.com\/wp-content\/uploads\/2023\/02\/cropped-D2BA2C24-7753-4AC3-9F3B-6C174C5BCB99.png","width":512,"height":512,"caption":"FunStorage"},"image":{"@id":"https:\/\/funstorage.thehuettl.com\/#\/schema\/logo\/image\/"},"sameAs":["https:\/\/www.facebook.com\/funstorage.de"]}]}},"_links":{"self":[{"href":"https:\/\/funstorage.thehuettl.com\/en\/wp-json\/wp\/v2\/product\/13643","targetHints":{"allow":["GET"]}}],"collection":[{"href":"https:\/\/funstorage.thehuettl.com\/en\/wp-json\/wp\/v2\/product"}],"about":[{"href":"https:\/\/funstorage.thehuettl.com\/en\/wp-json\/wp\/v2\/types\/product"}],"replies":[{"embeddable":true,"href":"https:\/\/funstorage.thehuettl.com\/en\/wp-json\/wp\/v2\/comments?post=13643"}],"version-history":[{"count":0,"href":"https:\/\/funstorage.thehuettl.com\/en\/wp-json\/wp\/v2\/product\/13643\/revisions"}],"wp:featuredmedia":[{"embeddable":true,"href":"https:\/\/funstorage.thehuettl.com\/en\/wp-json\/wp\/v2\/media\/13655"}],"wp:attachment":[{"href":"https:\/\/funstorage.thehuettl.com\/en\/wp-json\/wp\/v2\/media?parent=13643"}],"wp:term":[{"taxonomy":"product_brand","embeddable":true,"href":"https:\/\/funstorage.thehuettl.com\/en\/wp-json\/wp\/v2\/product_brand?post=13643"},{"taxonomy":"product_cat","embeddable":true,"href":"https:\/\/funstorage.thehuettl.com\/en\/wp-json\/wp\/v2\/product_cat?post=13643"},{"taxonomy":"product_tag","embeddable":true,"href":"https:\/\/funstorage.thehuettl.com\/en\/wp-json\/wp\/v2\/product_tag?post=13643"}],"curies":[{"name":"wp","href":"https:\/\/api.w.org\/{rel}","templated":true}]}}