{"id":13672,"date":"2023-06-30T22:10:15","date_gmt":"2023-06-30T20:10:15","guid":{"rendered":"https:\/\/funstorage.thehuettl.com\/?post_type=product&#038;p=13672"},"modified":"2023-11-14T00:49:46","modified_gmt":"2023-11-13T23:49:46","slug":"lego-41745-autumns-reitstall","status":"publish","type":"product","link":"https:\/\/funstorage.thehuettl.com\/en\/shop\/lego-41745-autumns-reitstall\/","title":{"rendered":"LEGO\u00ae 41745 Autumns Reitstall"},"content":{"rendered":"<dl class=\"dl-horizontal\">\n<dd>\n<div id=\"ctl00_main_mgcProduct_ctl00_v1_ctrl_metadata_ProductDescription_divReadmore\">Versorge die Pferde in Autumns Reitstall. Aliya hilft ihrer Freundin Autumn bei der Stallarbeit. Lass die Pferde am Sprunghindernis trainieren. Miste die Boxen aus und striegele die Pferde, um ihr Fell perfekt zu pflegen. Gib ihnen einen Snack und lass Autumn und Aliya dann in der K\u00fcche etwas trinken und ausruhen. Schick die beiden auf eine Kutschfahrt und lass Aliya anschlie\u00dfend auf den gem\u00fctlichen Heubetten bei Autumn \u00fcbernachten.<\/div>\n<\/dd>\n<\/dl>\n<div>\n<dl class=\"dl-horizontal\">\n<dd><span id=\"ctl00_main_mgcProduct_ctl00_v1_ctrl_metadata_ProductShopper_l2\">LEGO\u00ae Friends Autumns Reitstall (41745) ist ein tolles Geschenk f\u00fcr kleine Pferdeliebhaber ab 7 Jahren. Das Bau- und Spielset beinhaltet die Spielfiguren Autumn und Aliya sowie 2 Pferde und Zubeh\u00f6relemente, die Kinder kreativ spielen lassen. Man kann die Pferde versorgen und vor die Kutsche spannen, um eine Ausfahrt zu machen. Au\u00dferdem lernt dein Kind die beiden Figuren besser kennen. Autumn und Aliya sind zwar grundverschieden, aber trotzdem beste Freundinnen. Sie verbringen gern Zeit miteinander, verstehen sich ohne viele Worte und erleben zusammen viele Abenteuer. \u00dcber dem Stall befinden sich eine gem\u00fctliche K\u00fcche und eine Schlafecke mit Heubetten. Der Traum jedes pferdebegeisterten Kindes! Noch mehr Bauspa\u00df Die LEGO Builder App bietet Kindern ein leichtes und intuitives Bauabenteuer. Die Funktionen lassen dein Kind 3D-Ansichten der Modelle vergr\u00f6\u00dfern und drehen, Sets speichern und seinen Baufortschritt verfolgen. Willkommen in der neuen Generation von Heartlake City Im LEGO Friends Universum kann dein Kind Freundschaften schlie\u00dfen, faszinierende neue Orte entdecken und Alltagsabenteuer erleben.<\/span><\/dd>\n<\/dl>\n<\/div>\n<p><span lang=\"DE\">Anzahl Teile: 545<br \/>\nAltersempfehlung: 7+<br \/>\nThema:\u00a0<\/span>LEGO\u00ae Friends<\/p>\n<p><span lang=\"DE\">EAN: <\/span>5702017415284<\/p>\n<dl class=\"dl-horizontal\">\n<dd>\n<div><\/div>\n<div id=\"ctl00_main_mgcProduct_ctl00_v1_ctrl_metadata_ProductBullets_divReadmore\">\u2022 Spielspa\u00df mit Pferden f\u00fcr Kinder ab 7 Jahren: Beim Bauen und Spielen mit LEGO\u00ae Friends Autumns Reitstall (41745) k\u00f6nnen junge Pferdeliebhaber so tun, als w\u00fcrden sie ihre eigenen Pferde versorgen<br \/>\n\u2022 2 Spielfiguren und Zubeh\u00f6relemente: Das Set beinhaltet die LEGO\u00ae Friends Figuren Autumn and Aliya, 2 Pferde und jede Menge Pferdepflegezubeh\u00f6r<br \/>\n\u2022 K\u00fcmmere dich um die Pferde: Zubeh\u00f6r wie die Heugabel, die Schaufel, die B\u00fcrste, der Eimer und ein Hammer zur Kontrolle der Hufeisen bringt Kindern vieles \u00fcber die Pferdepflege bei<br \/>\n\u2022 Freu dich auf eine spannende Kutschfahrt! Das Set beinhaltet eine Kutsche, in die beide Spielfiguren hineinpassen. Au\u00dferdem gibt es auch ein Sprunghindernis f\u00fcr die Pferde und jede Menge Pferdepflegeutensilien<br \/>\n\u2022 Geschenk f\u00fcr Pferdeliebhaber: Kennst du ein Kind, das Pferde verg\u00f6ttert? Dieser Reitstall zum Zusammenbauen ist das perfekte Geschenk f\u00fcr Reiterinnen und Tierfreunde ab 7 Jahren<br \/>\n\u2022 Auf junge Baumeisterinnen und Baumeister zugeschnitten: Der Reitstall ist 19\u00a0cm hoch, 28\u00a0cm breit und 14\u00a0cm tief<br \/>\n\u2022 N\u00fctzliche Helfer: Entdecke die intuitiven Bauanleitungen in der LEGO\u00ae Builder App, die Baumeister 3D-Ansichten der Modelle vergr\u00f6\u00dfern und drehen, den Baufortschritt verfolgen und ihre Sets speichern lassen, w\u00e4hrend sie neue F\u00e4higkeiten entwickeln<br \/>\n\u2022 Eine neue Generation in Heartlake City: Ab Januar 2023 wird das LEGO\u00ae Friends Universum noch gr\u00f6\u00dfer. Neue Charaktere und neue Orte laden zu vielen weiteren Abenteuern und Rollenspielen ein<br \/>\n\u2022 Qualit\u00e4tsprodukt: Alle LEGO\u00ae Elemente entsprechen schon seit 1958 strengen Branchenstandards, damit sie einheitlich und kompatibel sind und sich m\u00fchelos zusammenstecken lassen<br \/>\n\u2022 Sicherheit hat Vorrang: LEGO\u00ae Friends Steine und Teile werden Fall-, Hitze-, Druck- und Torsionstests unterzogen und analysiert, damit sie strikte globale Sicherheitsstandards erf\u00fcllen<\/div>\n<\/dd>\n<\/dl>","protected":false},"excerpt":{"rendered":"<dl class=\"dl-horizontal\">\n<dd><span id=\"ctl00_main_mgcProduct_ctl00_v1_ctrl_metadata_ProductOneliner_l2\">Tolles Geschenk f\u00fcr Kinder, die Pferde lieben. Beinhaltet 2 Spielfiguren, 2 Pferde, eine Kutsche und Zubeh\u00f6r f\u00fcr Rollenspiele im Reitstall.<\/span><\/dd>\n<\/dl>","protected":false},"featured_media":13709,"comment_status":"closed","ping_status":"closed","template":"","meta":[],"product_brand":[],"product_cat":[34,329],"product_tag":[443,87,446,445,45,444],"class_list":{"0":"post-13672","1":"product","2":"type-product","3":"status-publish","4":"has-post-thumbnail","6":"product_cat-lego","7":"product_cat-lego-friends","8":"product_tag-autumns-reitstall","9":"product_tag-friends","10":"product_tag-horse","11":"product_tag-horses","12":"product_tag-lego","13":"product_tag-pferde","15":"first","16":"instock","17":"taxable","18":"shipping-taxable","19":"purchasable","20":"product-type-simple"},"yoast_head":"<!-- This site is optimized with the Yoast SEO plugin v26.4 - https:\/\/yoast.com\/wordpress\/plugins\/seo\/ -->\n<title>LEGO\u00ae 41745 Autumns Reitstall<\/title>\n<meta name=\"description\" content=\"Tolles Geschenk f\u00fcr Kinder, die Pferde lieben. Beinhaltet 2 Spielfiguren, 2 Pferde, eine Kutsche und Zubeh\u00f6r f\u00fcr Rollenspiele im Reitstall.\" \/>\n<meta name=\"robots\" content=\"index, follow, max-snippet:-1, max-image-preview:large, max-video-preview:-1\" \/>\n<link rel=\"canonical\" href=\"https:\/\/funstorage.thehuettl.com\/en\/wp-json\/wp\/v2\/product\/13672\" \/>\n<meta property=\"og:locale\" content=\"en_US\" \/>\n<meta property=\"og:type\" content=\"article\" \/>\n<meta property=\"og:title\" content=\"LEGO\u00ae 41745 Autumns Reitstall\" \/>\n<meta property=\"og:description\" content=\"Tolles Geschenk f\u00fcr Kinder, die Pferde lieben. Beinhaltet 2 Spielfiguren, 2 Pferde, eine Kutsche und Zubeh\u00f6r f\u00fcr Rollenspiele im Reitstall.\" \/>\n<meta property=\"og:url\" content=\"https:\/\/funstorage.thehuettl.com\/en\/shop\/lego-41745-autumns-reitstall\/\" \/>\n<meta property=\"og:site_name\" content=\"FunStorage\" \/>\n<meta property=\"article:publisher\" content=\"https:\/\/www.facebook.com\/funstorage.de\" \/>\n<meta property=\"article:modified_time\" content=\"2023-11-13T23:49:46+00:00\" \/>\n<meta property=\"og:image\" content=\"https:\/\/funstorage.thehuettl.com\/wp-content\/uploads\/2023\/06\/41745_boxprod_v29-scaled.jpg\" \/>\n\t<meta property=\"og:image:width\" content=\"2560\" \/>\n\t<meta property=\"og:image:height\" content=\"2560\" \/>\n\t<meta property=\"og:image:type\" content=\"image\/jpeg\" \/>\n<meta name=\"twitter:card\" content=\"summary_large_image\" \/>\n<meta name=\"twitter:label1\" content=\"Est. reading time\" \/>\n\t<meta name=\"twitter:data1\" content=\"3 minutes\" \/>\n<script type=\"application\/ld+json\" class=\"yoast-schema-graph\">{\"@context\":\"https:\/\/schema.org\",\"@graph\":[{\"@type\":\"WebPage\",\"@id\":\"https:\/\/funstorage.thehuettl.com\/shop\/lego-41745-autumns-reitstall\/\",\"url\":\"https:\/\/funstorage.thehuettl.com\/shop\/lego-41745-autumns-reitstall\/\",\"name\":\"LEGO\u00ae 41745 Autumns Reitstall\",\"isPartOf\":{\"@id\":\"https:\/\/funstorage.thehuettl.com\/#website\"},\"primaryImageOfPage\":{\"@id\":\"https:\/\/funstorage.thehuettl.com\/shop\/lego-41745-autumns-reitstall\/#primaryimage\"},\"image\":{\"@id\":\"https:\/\/funstorage.thehuettl.com\/shop\/lego-41745-autumns-reitstall\/#primaryimage\"},\"thumbnailUrl\":\"https:\/\/funstorage.thehuettl.com\/wp-content\/uploads\/2023\/06\/41745_boxprod_v29-scaled.jpg\",\"datePublished\":\"2023-06-30T20:10:15+00:00\",\"dateModified\":\"2023-11-13T23:49:46+00:00\",\"description\":\"Tolles Geschenk f\u00fcr Kinder, die Pferde lieben. Beinhaltet 2 Spielfiguren, 2 Pferde, eine Kutsche und Zubeh\u00f6r f\u00fcr Rollenspiele im Reitstall.\",\"breadcrumb\":{\"@id\":\"https:\/\/funstorage.thehuettl.com\/shop\/lego-41745-autumns-reitstall\/#breadcrumb\"},\"inLanguage\":\"en-US\",\"potentialAction\":[{\"@type\":\"ReadAction\",\"target\":[\"https:\/\/funstorage.thehuettl.com\/shop\/lego-41745-autumns-reitstall\/\"]}]},{\"@type\":\"ImageObject\",\"inLanguage\":\"en-US\",\"@id\":\"https:\/\/funstorage.thehuettl.com\/shop\/lego-41745-autumns-reitstall\/#primaryimage\",\"url\":\"https:\/\/funstorage.thehuettl.com\/wp-content\/uploads\/2023\/06\/41745_boxprod_v29-scaled.jpg\",\"contentUrl\":\"https:\/\/funstorage.thehuettl.com\/wp-content\/uploads\/2023\/06\/41745_boxprod_v29-scaled.jpg\",\"width\":2560,\"height\":2560,\"caption\":\"LEGO\u00ae 41745 Autumns Reitstall\"},{\"@type\":\"BreadcrumbList\",\"@id\":\"https:\/\/funstorage.thehuettl.com\/shop\/lego-41745-autumns-reitstall\/#breadcrumb\",\"itemListElement\":[{\"@type\":\"ListItem\",\"position\":1,\"name\":\"Startseite\",\"item\":\"https:\/\/funstorage.thehuettl.com\/step\/homepage\/\"},{\"@type\":\"ListItem\",\"position\":2,\"name\":\"Shop\",\"item\":\"https:\/\/funstorage.thehuettl.com\/shop\/\"},{\"@type\":\"ListItem\",\"position\":3,\"name\":\"LEGO\u00ae 41745 Autumns Reitstall\"}]},{\"@type\":\"WebSite\",\"@id\":\"https:\/\/funstorage.thehuettl.com\/#website\",\"url\":\"https:\/\/funstorage.thehuettl.com\/\",\"name\":\"FunStorage\",\"description\":\"\",\"publisher\":{\"@id\":\"https:\/\/funstorage.thehuettl.com\/#organization\"},\"potentialAction\":[{\"@type\":\"SearchAction\",\"target\":{\"@type\":\"EntryPoint\",\"urlTemplate\":\"https:\/\/funstorage.thehuettl.com\/?s={search_term_string}\"},\"query-input\":{\"@type\":\"PropertyValueSpecification\",\"valueRequired\":true,\"valueName\":\"search_term_string\"}}],\"inLanguage\":\"en-US\"},{\"@type\":\"Organization\",\"@id\":\"https:\/\/funstorage.thehuettl.com\/#organization\",\"name\":\"FunStorage\",\"url\":\"https:\/\/funstorage.thehuettl.com\/\",\"logo\":{\"@type\":\"ImageObject\",\"inLanguage\":\"en-US\",\"@id\":\"https:\/\/funstorage.thehuettl.com\/#\/schema\/logo\/image\/\",\"url\":\"https:\/\/funstorage.thehuettl.com\/wp-content\/uploads\/2023\/02\/cropped-D2BA2C24-7753-4AC3-9F3B-6C174C5BCB99.png\",\"contentUrl\":\"https:\/\/funstorage.thehuettl.com\/wp-content\/uploads\/2023\/02\/cropped-D2BA2C24-7753-4AC3-9F3B-6C174C5BCB99.png\",\"width\":512,\"height\":512,\"caption\":\"FunStorage\"},\"image\":{\"@id\":\"https:\/\/funstorage.thehuettl.com\/#\/schema\/logo\/image\/\"},\"sameAs\":[\"https:\/\/www.facebook.com\/funstorage.de\"]}]}<\/script>\n<!-- \/ Yoast SEO plugin. -->","yoast_head_json":{"title":"LEGO\u00ae 41745 Autumns Reitstall","description":"Tolles Geschenk f\u00fcr Kinder, die Pferde lieben. Beinhaltet 2 Spielfiguren, 2 Pferde, eine Kutsche und Zubeh\u00f6r f\u00fcr Rollenspiele im Reitstall.","robots":{"index":"index","follow":"follow","max-snippet":"max-snippet:-1","max-image-preview":"max-image-preview:large","max-video-preview":"max-video-preview:-1"},"canonical":"https:\/\/funstorage.thehuettl.com\/en\/wp-json\/wp\/v2\/product\/13672","og_locale":"en_US","og_type":"article","og_title":"LEGO\u00ae 41745 Autumns Reitstall","og_description":"Tolles Geschenk f\u00fcr Kinder, die Pferde lieben. Beinhaltet 2 Spielfiguren, 2 Pferde, eine Kutsche und Zubeh\u00f6r f\u00fcr Rollenspiele im Reitstall.","og_url":"https:\/\/funstorage.thehuettl.com\/en\/shop\/lego-41745-autumns-reitstall\/","og_site_name":"FunStorage","article_publisher":"https:\/\/www.facebook.com\/funstorage.de","article_modified_time":"2023-11-13T23:49:46+00:00","og_image":[{"width":2560,"height":2560,"url":"https:\/\/funstorage.thehuettl.com\/wp-content\/uploads\/2023\/06\/41745_boxprod_v29-scaled.jpg","type":"image\/jpeg"}],"twitter_card":"summary_large_image","twitter_misc":{"Est. reading time":"3 minutes"},"schema":{"@context":"https:\/\/schema.org","@graph":[{"@type":"WebPage","@id":"https:\/\/funstorage.thehuettl.com\/shop\/lego-41745-autumns-reitstall\/","url":"https:\/\/funstorage.thehuettl.com\/shop\/lego-41745-autumns-reitstall\/","name":"LEGO\u00ae 41745 Autumns Reitstall","isPartOf":{"@id":"https:\/\/funstorage.thehuettl.com\/#website"},"primaryImageOfPage":{"@id":"https:\/\/funstorage.thehuettl.com\/shop\/lego-41745-autumns-reitstall\/#primaryimage"},"image":{"@id":"https:\/\/funstorage.thehuettl.com\/shop\/lego-41745-autumns-reitstall\/#primaryimage"},"thumbnailUrl":"https:\/\/funstorage.thehuettl.com\/wp-content\/uploads\/2023\/06\/41745_boxprod_v29-scaled.jpg","datePublished":"2023-06-30T20:10:15+00:00","dateModified":"2023-11-13T23:49:46+00:00","description":"Tolles Geschenk f\u00fcr Kinder, die Pferde lieben. Beinhaltet 2 Spielfiguren, 2 Pferde, eine Kutsche und Zubeh\u00f6r f\u00fcr Rollenspiele im Reitstall.","breadcrumb":{"@id":"https:\/\/funstorage.thehuettl.com\/shop\/lego-41745-autumns-reitstall\/#breadcrumb"},"inLanguage":"en-US","potentialAction":[{"@type":"ReadAction","target":["https:\/\/funstorage.thehuettl.com\/shop\/lego-41745-autumns-reitstall\/"]}]},{"@type":"ImageObject","inLanguage":"en-US","@id":"https:\/\/funstorage.thehuettl.com\/shop\/lego-41745-autumns-reitstall\/#primaryimage","url":"https:\/\/funstorage.thehuettl.com\/wp-content\/uploads\/2023\/06\/41745_boxprod_v29-scaled.jpg","contentUrl":"https:\/\/funstorage.thehuettl.com\/wp-content\/uploads\/2023\/06\/41745_boxprod_v29-scaled.jpg","width":2560,"height":2560,"caption":"LEGO\u00ae 41745 Autumns Reitstall"},{"@type":"BreadcrumbList","@id":"https:\/\/funstorage.thehuettl.com\/shop\/lego-41745-autumns-reitstall\/#breadcrumb","itemListElement":[{"@type":"ListItem","position":1,"name":"Startseite","item":"https:\/\/funstorage.thehuettl.com\/step\/homepage\/"},{"@type":"ListItem","position":2,"name":"Shop","item":"https:\/\/funstorage.thehuettl.com\/shop\/"},{"@type":"ListItem","position":3,"name":"LEGO\u00ae 41745 Autumns Reitstall"}]},{"@type":"WebSite","@id":"https:\/\/funstorage.thehuettl.com\/#website","url":"https:\/\/funstorage.thehuettl.com\/","name":"FunStorage","description":"","publisher":{"@id":"https:\/\/funstorage.thehuettl.com\/#organization"},"potentialAction":[{"@type":"SearchAction","target":{"@type":"EntryPoint","urlTemplate":"https:\/\/funstorage.thehuettl.com\/?s={search_term_string}"},"query-input":{"@type":"PropertyValueSpecification","valueRequired":true,"valueName":"search_term_string"}}],"inLanguage":"en-US"},{"@type":"Organization","@id":"https:\/\/funstorage.thehuettl.com\/#organization","name":"FunStorage","url":"https:\/\/funstorage.thehuettl.com\/","logo":{"@type":"ImageObject","inLanguage":"en-US","@id":"https:\/\/funstorage.thehuettl.com\/#\/schema\/logo\/image\/","url":"https:\/\/funstorage.thehuettl.com\/wp-content\/uploads\/2023\/02\/cropped-D2BA2C24-7753-4AC3-9F3B-6C174C5BCB99.png","contentUrl":"https:\/\/funstorage.thehuettl.com\/wp-content\/uploads\/2023\/02\/cropped-D2BA2C24-7753-4AC3-9F3B-6C174C5BCB99.png","width":512,"height":512,"caption":"FunStorage"},"image":{"@id":"https:\/\/funstorage.thehuettl.com\/#\/schema\/logo\/image\/"},"sameAs":["https:\/\/www.facebook.com\/funstorage.de"]}]}},"_links":{"self":[{"href":"https:\/\/funstorage.thehuettl.com\/en\/wp-json\/wp\/v2\/product\/13672","targetHints":{"allow":["GET"]}}],"collection":[{"href":"https:\/\/funstorage.thehuettl.com\/en\/wp-json\/wp\/v2\/product"}],"about":[{"href":"https:\/\/funstorage.thehuettl.com\/en\/wp-json\/wp\/v2\/types\/product"}],"replies":[{"embeddable":true,"href":"https:\/\/funstorage.thehuettl.com\/en\/wp-json\/wp\/v2\/comments?post=13672"}],"version-history":[{"count":0,"href":"https:\/\/funstorage.thehuettl.com\/en\/wp-json\/wp\/v2\/product\/13672\/revisions"}],"wp:featuredmedia":[{"embeddable":true,"href":"https:\/\/funstorage.thehuettl.com\/en\/wp-json\/wp\/v2\/media\/13709"}],"wp:attachment":[{"href":"https:\/\/funstorage.thehuettl.com\/en\/wp-json\/wp\/v2\/media?parent=13672"}],"wp:term":[{"taxonomy":"product_brand","embeddable":true,"href":"https:\/\/funstorage.thehuettl.com\/en\/wp-json\/wp\/v2\/product_brand?post=13672"},{"taxonomy":"product_cat","embeddable":true,"href":"https:\/\/funstorage.thehuettl.com\/en\/wp-json\/wp\/v2\/product_cat?post=13672"},{"taxonomy":"product_tag","embeddable":true,"href":"https:\/\/funstorage.thehuettl.com\/en\/wp-json\/wp\/v2\/product_tag?post=13672"}],"curies":[{"name":"wp","href":"https:\/\/api.w.org\/{rel}","templated":true}]}}