{"id":13719,"date":"2023-06-30T22:22:48","date_gmt":"2023-06-30T20:22:48","guid":{"rendered":"https:\/\/funstorage.thehuettl.com\/?post_type=product&#038;p=13719"},"modified":"2023-11-14T00:49:45","modified_gmt":"2023-11-13T23:49:45","slug":"lego-76914-ferrari-812-competizione","status":"publish","type":"product","link":"https:\/\/funstorage.thehuettl.com\/en\/shop\/lego-76914-ferrari-812-competizione\/","title":{"rendered":"LEGO\u00ae 76914 Ferrari 812 Competizione"},"content":{"rendered":"<dl class=\"dl-horizontal\">\n<dd>\n<div id=\"ctl00_main_mgcProduct_ctl00_v1_ctrl_metadata_ProductDescription_divReadmore\">Freu dich auf spannende Rennen mit dem Ferrari 812 Competizione \u2013\u00a0dem absoluten Inbegriff der Sportwagen-DNA der legend\u00e4ren italienischen Marke. Diese fantastische LEGO\u00ae Speed Champions Nachbildung zum Sammeln, Bauen und Ausstellen strotzt vor faszinierenden Details, die auch das Original pr\u00e4gen. F\u00fcr rasante Abenteuer l\u00e4sst sich die beiliegende Rennfahrer-Minifigur hinters Lenkrad setzen.<\/div>\n<\/dd>\n<\/dl>\n<div>\n<dl class=\"dl-horizontal\">\n<dd><span id=\"ctl00_main_mgcProduct_ctl00_v1_ctrl_metadata_ProductShopper_l2\">Der LEGO\u00ae Speed Champions Ferrari 812 Competizione (76914) ist ein Bauset, das die Power, Performance und Fahrdynamik des echten Sportwagens in limitierter Auflage perfekt widerspiegelt. Kinder und Autofans ab 9 Jahren k\u00f6nnen jetzt \u2013 zum allerersten Mal \u2013 dieses coole Modell bauen und ausstellen. Baue deinen eigenen Ferrari Dieses rote Ferrari-Spielzeugauto verf\u00fcgt \u00fcber viele Details des Originals: den gelben Streifen, der sich \u00fcber das ganze Auto zieht, die schwarze Lamelle auf der Motorhaube, den ausgefahrenen Heckfl\u00fcgel, die auff\u00e4lligen Wirbelgeneratoren sowie die markanten Scheinwerfer, Heckleuchten und Auspuffrohre. Dar\u00fcber hinaus enth\u00e4lt das Set auch eine Rennfahrer-Minifigur, die f\u00fcr spannende Rennen hinters Lenkrad gesetzt werden kann. Faszinierendes digitales Bauerlebnis f\u00fcr LEGO Fans Die LEGO Builder App begleitet dich und dein Kind auf ein leichtes und intuitives Bauabenteuer. Vergr\u00f6\u00dfere und drehe 3D-Ansichten der Modelle, speichere Sets und verfolge deinen Baufortschritt.<\/span><\/dd>\n<\/dl>\n<p>Anzahl Teile: 261<br \/>\nAltersempfehlung: 9+<br \/>\nThema: LEGO\u00ae Speed Champions<br \/>\nEAN: 5702017424187<\/p>\n<\/div>\n<p>&nbsp;<\/p>\n<dl class=\"dl-horizontal\">\n<dd>\n<div id=\"ctl00_main_mgcProduct_ctl00_v1_ctrl_metadata_ProductBullets_divReadmore\">\u2022 Ferrari-Spielzeugauto: Der LEGO\u00ae Speed Champions Ferrari 812 Competizione (76914) ist ein Modell f\u00fcr Autofans ab 9 Jahren sowie f\u00fcr alle Anh\u00e4nger der legend\u00e4ren italienischen Automarke<br \/>\n\u2022 1 Minifigur: Dem Ferrari-Modell liegt eine Rennfahrer-Minifigur mit Helm und Haarteil bei, die man f\u00fcr rasante Fahrten auf der Rennstrecke oder Autobahn hinters Lenkrad setzen kann<br \/>\n\u2022 Jede Menge Details: Der typische gelbe Streifen, der sich \u00fcber das ganze Auto zieht, der schwarze Streifen auf der Motorhaube und die auff\u00e4lligen Wirbelgeneratoren zieren diese Nachbildung des roten Ferrari 812 Competizione<br \/>\n\u2022 Premium-Modell zum Spielen und Ausstellen. Dieser 261-teilige LEGO\u00ae Sportwagen ist ein faszinierendes Bauprojekt. Das fertige Modell kann dann ausgestellt oder in spannende Rennen geschickt werden<br \/>\n\u2022 Bauspielzeug zum Sammeln: Dieses Ferrari-Spielzeugauto ist ein cooles Geburtstags- oder Weihnachtsgeschenk f\u00fcr Kinder ab 9 Jahren sowie f\u00fcr Autofans<br \/>\n\u2022 Spielspa\u00df zum Mitnehmen: Das Modell des Ferrari 812 Competizione ist 4\u00a0cm hoch, 16\u00a0cm lang und 7\u00a0cm breit. Ein tolles Spielzeug f\u00fcrs Kinderzimmer und f\u00fcr unterwegs<br \/>\n\u2022 Ein neues Bauerlebnis: Lass dich von der LEGO\u00ae Builder App auf ein intuitives Bauabenteuer mitnehmen. Speichere Sets, verfolge deinen Baufortschritt und vergr\u00f6\u00dfere und drehe 3D-Ansichten des Modells, um beim Bauen den \u00dcberblick zu behalten<br \/>\n\u2022 Noch mehr rasante Action: Freu dich auch auf die anderen LEGO\u00ae Speed Champions Modelle wie den Pagani Utopia (76915), den Porsche 963 (76916) sowie McLaren Solus GT &amp; McLaren F1 LM (76918)<br \/>\n\u2022 Premium-Qualit\u00e4t: LEGO\u00ae Steine lassen sich seit mehr als 60 Jahren jedes Mal fest zusammenstecken und wieder leicht trennen<br \/>\n\u2022 Garantierte Sicherheit: LEGO\u00ae Bausteine entsprechen strengen globalen Sicherheitsstandards<\/div>\n<\/dd>\n<\/dl>","protected":false},"excerpt":{"rendered":"<dl class=\"dl-horizontal\">\n<dd><span id=\"ctl00_main_mgcProduct_ctl00_v1_ctrl_metadata_ProductOneliner_l2\">Kinder und Sportwagenfans werden die Nachbildung des dynamischen Ferrari 812 Competizione gern bauen und dann in rasante Rennen schicken.<\/span><\/dd>\n<\/dl>","protected":false},"featured_media":13726,"comment_status":"closed","ping_status":"closed","template":"","meta":[],"product_brand":[],"product_cat":[34,210],"product_tag":[422,421,447,45,417],"class_list":{"0":"post-13719","1":"product","2":"type-product","3":"status-publish","4":"has-post-thumbnail","6":"product_cat-lego","7":"product_cat-lego-speed-champions","8":"product_tag-champion","9":"product_tag-champions","10":"product_tag-ferrari-812-competizione","11":"product_tag-lego","12":"product_tag-speed","14":"first","15":"instock","16":"taxable","17":"shipping-taxable","18":"purchasable","19":"product-type-simple"},"yoast_head":"<!-- This site is optimized with the Yoast SEO plugin v26.4 - https:\/\/yoast.com\/wordpress\/plugins\/seo\/ -->\n<title>LEGO\u00ae 76914 Ferrari 812 Competizione<\/title>\n<meta name=\"description\" content=\"Kinder und Sportwagenfans werden die Nachbildung des dynamischen Ferrari 812 Competizione gern bauen und dann in rasante Rennen schicken.\" \/>\n<meta name=\"robots\" content=\"index, follow, max-snippet:-1, max-image-preview:large, max-video-preview:-1\" \/>\n<link rel=\"canonical\" href=\"https:\/\/funstorage.thehuettl.com\/en\/wp-json\/wp\/v2\/product\/13719\" \/>\n<meta property=\"og:locale\" content=\"en_US\" \/>\n<meta property=\"og:type\" content=\"article\" \/>\n<meta property=\"og:title\" content=\"LEGO\u00ae 76914 Ferrari 812 Competizione\" \/>\n<meta property=\"og:description\" content=\"Kinder und Sportwagenfans werden die Nachbildung des dynamischen Ferrari 812 Competizione gern bauen und dann in rasante Rennen schicken.\" \/>\n<meta property=\"og:url\" content=\"https:\/\/funstorage.thehuettl.com\/en\/shop\/lego-76914-ferrari-812-competizione\/\" \/>\n<meta property=\"og:site_name\" content=\"FunStorage\" \/>\n<meta property=\"article:publisher\" content=\"https:\/\/www.facebook.com\/funstorage.de\" \/>\n<meta property=\"article:modified_time\" content=\"2023-11-13T23:49:45+00:00\" \/>\n<meta property=\"og:image\" content=\"https:\/\/funstorage.thehuettl.com\/wp-content\/uploads\/2023\/06\/76914_boxprod_v29-scaled.jpg\" \/>\n\t<meta property=\"og:image:width\" content=\"2560\" \/>\n\t<meta property=\"og:image:height\" content=\"2560\" \/>\n\t<meta property=\"og:image:type\" content=\"image\/jpeg\" \/>\n<meta name=\"twitter:card\" content=\"summary_large_image\" \/>\n<meta name=\"twitter:label1\" content=\"Est. reading time\" \/>\n\t<meta name=\"twitter:data1\" content=\"3 minutes\" \/>\n<script type=\"application\/ld+json\" class=\"yoast-schema-graph\">{\"@context\":\"https:\/\/schema.org\",\"@graph\":[{\"@type\":\"WebPage\",\"@id\":\"https:\/\/funstorage.thehuettl.com\/shop\/lego-76914-ferrari-812-competizione\/\",\"url\":\"https:\/\/funstorage.thehuettl.com\/shop\/lego-76914-ferrari-812-competizione\/\",\"name\":\"LEGO\u00ae 76914 Ferrari 812 Competizione\",\"isPartOf\":{\"@id\":\"https:\/\/funstorage.thehuettl.com\/#website\"},\"primaryImageOfPage\":{\"@id\":\"https:\/\/funstorage.thehuettl.com\/shop\/lego-76914-ferrari-812-competizione\/#primaryimage\"},\"image\":{\"@id\":\"https:\/\/funstorage.thehuettl.com\/shop\/lego-76914-ferrari-812-competizione\/#primaryimage\"},\"thumbnailUrl\":\"https:\/\/funstorage.thehuettl.com\/wp-content\/uploads\/2023\/06\/76914_boxprod_v29-scaled.jpg\",\"datePublished\":\"2023-06-30T20:22:48+00:00\",\"dateModified\":\"2023-11-13T23:49:45+00:00\",\"description\":\"Kinder und Sportwagenfans werden die Nachbildung des dynamischen Ferrari 812 Competizione gern bauen und dann in rasante Rennen schicken.\",\"breadcrumb\":{\"@id\":\"https:\/\/funstorage.thehuettl.com\/shop\/lego-76914-ferrari-812-competizione\/#breadcrumb\"},\"inLanguage\":\"en-US\",\"potentialAction\":[{\"@type\":\"ReadAction\",\"target\":[\"https:\/\/funstorage.thehuettl.com\/shop\/lego-76914-ferrari-812-competizione\/\"]}]},{\"@type\":\"ImageObject\",\"inLanguage\":\"en-US\",\"@id\":\"https:\/\/funstorage.thehuettl.com\/shop\/lego-76914-ferrari-812-competizione\/#primaryimage\",\"url\":\"https:\/\/funstorage.thehuettl.com\/wp-content\/uploads\/2023\/06\/76914_boxprod_v29-scaled.jpg\",\"contentUrl\":\"https:\/\/funstorage.thehuettl.com\/wp-content\/uploads\/2023\/06\/76914_boxprod_v29-scaled.jpg\",\"width\":2560,\"height\":2560},{\"@type\":\"BreadcrumbList\",\"@id\":\"https:\/\/funstorage.thehuettl.com\/shop\/lego-76914-ferrari-812-competizione\/#breadcrumb\",\"itemListElement\":[{\"@type\":\"ListItem\",\"position\":1,\"name\":\"Startseite\",\"item\":\"https:\/\/funstorage.thehuettl.com\/step\/homepage\/\"},{\"@type\":\"ListItem\",\"position\":2,\"name\":\"Shop\",\"item\":\"https:\/\/funstorage.thehuettl.com\/shop\/\"},{\"@type\":\"ListItem\",\"position\":3,\"name\":\"LEGO\u00ae 76914 Ferrari 812 Competizione\"}]},{\"@type\":\"WebSite\",\"@id\":\"https:\/\/funstorage.thehuettl.com\/#website\",\"url\":\"https:\/\/funstorage.thehuettl.com\/\",\"name\":\"FunStorage\",\"description\":\"\",\"publisher\":{\"@id\":\"https:\/\/funstorage.thehuettl.com\/#organization\"},\"potentialAction\":[{\"@type\":\"SearchAction\",\"target\":{\"@type\":\"EntryPoint\",\"urlTemplate\":\"https:\/\/funstorage.thehuettl.com\/?s={search_term_string}\"},\"query-input\":{\"@type\":\"PropertyValueSpecification\",\"valueRequired\":true,\"valueName\":\"search_term_string\"}}],\"inLanguage\":\"en-US\"},{\"@type\":\"Organization\",\"@id\":\"https:\/\/funstorage.thehuettl.com\/#organization\",\"name\":\"FunStorage\",\"url\":\"https:\/\/funstorage.thehuettl.com\/\",\"logo\":{\"@type\":\"ImageObject\",\"inLanguage\":\"en-US\",\"@id\":\"https:\/\/funstorage.thehuettl.com\/#\/schema\/logo\/image\/\",\"url\":\"https:\/\/funstorage.thehuettl.com\/wp-content\/uploads\/2023\/02\/cropped-D2BA2C24-7753-4AC3-9F3B-6C174C5BCB99.png\",\"contentUrl\":\"https:\/\/funstorage.thehuettl.com\/wp-content\/uploads\/2023\/02\/cropped-D2BA2C24-7753-4AC3-9F3B-6C174C5BCB99.png\",\"width\":512,\"height\":512,\"caption\":\"FunStorage\"},\"image\":{\"@id\":\"https:\/\/funstorage.thehuettl.com\/#\/schema\/logo\/image\/\"},\"sameAs\":[\"https:\/\/www.facebook.com\/funstorage.de\"]}]}<\/script>\n<!-- \/ Yoast SEO plugin. -->","yoast_head_json":{"title":"LEGO\u00ae 76914 Ferrari 812 Competizione","description":"Kinder und Sportwagenfans werden die Nachbildung des dynamischen Ferrari 812 Competizione gern bauen und dann in rasante Rennen schicken.","robots":{"index":"index","follow":"follow","max-snippet":"max-snippet:-1","max-image-preview":"max-image-preview:large","max-video-preview":"max-video-preview:-1"},"canonical":"https:\/\/funstorage.thehuettl.com\/en\/wp-json\/wp\/v2\/product\/13719","og_locale":"en_US","og_type":"article","og_title":"LEGO\u00ae 76914 Ferrari 812 Competizione","og_description":"Kinder und Sportwagenfans werden die Nachbildung des dynamischen Ferrari 812 Competizione gern bauen und dann in rasante Rennen schicken.","og_url":"https:\/\/funstorage.thehuettl.com\/en\/shop\/lego-76914-ferrari-812-competizione\/","og_site_name":"FunStorage","article_publisher":"https:\/\/www.facebook.com\/funstorage.de","article_modified_time":"2023-11-13T23:49:45+00:00","og_image":[{"width":2560,"height":2560,"url":"https:\/\/funstorage.thehuettl.com\/wp-content\/uploads\/2023\/06\/76914_boxprod_v29-scaled.jpg","type":"image\/jpeg"}],"twitter_card":"summary_large_image","twitter_misc":{"Est. reading time":"3 minutes"},"schema":{"@context":"https:\/\/schema.org","@graph":[{"@type":"WebPage","@id":"https:\/\/funstorage.thehuettl.com\/shop\/lego-76914-ferrari-812-competizione\/","url":"https:\/\/funstorage.thehuettl.com\/shop\/lego-76914-ferrari-812-competizione\/","name":"LEGO\u00ae 76914 Ferrari 812 Competizione","isPartOf":{"@id":"https:\/\/funstorage.thehuettl.com\/#website"},"primaryImageOfPage":{"@id":"https:\/\/funstorage.thehuettl.com\/shop\/lego-76914-ferrari-812-competizione\/#primaryimage"},"image":{"@id":"https:\/\/funstorage.thehuettl.com\/shop\/lego-76914-ferrari-812-competizione\/#primaryimage"},"thumbnailUrl":"https:\/\/funstorage.thehuettl.com\/wp-content\/uploads\/2023\/06\/76914_boxprod_v29-scaled.jpg","datePublished":"2023-06-30T20:22:48+00:00","dateModified":"2023-11-13T23:49:45+00:00","description":"Kinder und Sportwagenfans werden die Nachbildung des dynamischen Ferrari 812 Competizione gern bauen und dann in rasante Rennen schicken.","breadcrumb":{"@id":"https:\/\/funstorage.thehuettl.com\/shop\/lego-76914-ferrari-812-competizione\/#breadcrumb"},"inLanguage":"en-US","potentialAction":[{"@type":"ReadAction","target":["https:\/\/funstorage.thehuettl.com\/shop\/lego-76914-ferrari-812-competizione\/"]}]},{"@type":"ImageObject","inLanguage":"en-US","@id":"https:\/\/funstorage.thehuettl.com\/shop\/lego-76914-ferrari-812-competizione\/#primaryimage","url":"https:\/\/funstorage.thehuettl.com\/wp-content\/uploads\/2023\/06\/76914_boxprod_v29-scaled.jpg","contentUrl":"https:\/\/funstorage.thehuettl.com\/wp-content\/uploads\/2023\/06\/76914_boxprod_v29-scaled.jpg","width":2560,"height":2560},{"@type":"BreadcrumbList","@id":"https:\/\/funstorage.thehuettl.com\/shop\/lego-76914-ferrari-812-competizione\/#breadcrumb","itemListElement":[{"@type":"ListItem","position":1,"name":"Startseite","item":"https:\/\/funstorage.thehuettl.com\/step\/homepage\/"},{"@type":"ListItem","position":2,"name":"Shop","item":"https:\/\/funstorage.thehuettl.com\/shop\/"},{"@type":"ListItem","position":3,"name":"LEGO\u00ae 76914 Ferrari 812 Competizione"}]},{"@type":"WebSite","@id":"https:\/\/funstorage.thehuettl.com\/#website","url":"https:\/\/funstorage.thehuettl.com\/","name":"FunStorage","description":"","publisher":{"@id":"https:\/\/funstorage.thehuettl.com\/#organization"},"potentialAction":[{"@type":"SearchAction","target":{"@type":"EntryPoint","urlTemplate":"https:\/\/funstorage.thehuettl.com\/?s={search_term_string}"},"query-input":{"@type":"PropertyValueSpecification","valueRequired":true,"valueName":"search_term_string"}}],"inLanguage":"en-US"},{"@type":"Organization","@id":"https:\/\/funstorage.thehuettl.com\/#organization","name":"FunStorage","url":"https:\/\/funstorage.thehuettl.com\/","logo":{"@type":"ImageObject","inLanguage":"en-US","@id":"https:\/\/funstorage.thehuettl.com\/#\/schema\/logo\/image\/","url":"https:\/\/funstorage.thehuettl.com\/wp-content\/uploads\/2023\/02\/cropped-D2BA2C24-7753-4AC3-9F3B-6C174C5BCB99.png","contentUrl":"https:\/\/funstorage.thehuettl.com\/wp-content\/uploads\/2023\/02\/cropped-D2BA2C24-7753-4AC3-9F3B-6C174C5BCB99.png","width":512,"height":512,"caption":"FunStorage"},"image":{"@id":"https:\/\/funstorage.thehuettl.com\/#\/schema\/logo\/image\/"},"sameAs":["https:\/\/www.facebook.com\/funstorage.de"]}]}},"_links":{"self":[{"href":"https:\/\/funstorage.thehuettl.com\/en\/wp-json\/wp\/v2\/product\/13719","targetHints":{"allow":["GET"]}}],"collection":[{"href":"https:\/\/funstorage.thehuettl.com\/en\/wp-json\/wp\/v2\/product"}],"about":[{"href":"https:\/\/funstorage.thehuettl.com\/en\/wp-json\/wp\/v2\/types\/product"}],"replies":[{"embeddable":true,"href":"https:\/\/funstorage.thehuettl.com\/en\/wp-json\/wp\/v2\/comments?post=13719"}],"version-history":[{"count":0,"href":"https:\/\/funstorage.thehuettl.com\/en\/wp-json\/wp\/v2\/product\/13719\/revisions"}],"wp:featuredmedia":[{"embeddable":true,"href":"https:\/\/funstorage.thehuettl.com\/en\/wp-json\/wp\/v2\/media\/13726"}],"wp:attachment":[{"href":"https:\/\/funstorage.thehuettl.com\/en\/wp-json\/wp\/v2\/media?parent=13719"}],"wp:term":[{"taxonomy":"product_brand","embeddable":true,"href":"https:\/\/funstorage.thehuettl.com\/en\/wp-json\/wp\/v2\/product_brand?post=13719"},{"taxonomy":"product_cat","embeddable":true,"href":"https:\/\/funstorage.thehuettl.com\/en\/wp-json\/wp\/v2\/product_cat?post=13719"},{"taxonomy":"product_tag","embeddable":true,"href":"https:\/\/funstorage.thehuettl.com\/en\/wp-json\/wp\/v2\/product_tag?post=13719"}],"curies":[{"name":"wp","href":"https:\/\/api.w.org\/{rel}","templated":true}]}}