{"id":13737,"date":"2023-06-30T22:45:29","date_gmt":"2023-06-30T20:45:29","guid":{"rendered":"https:\/\/funstorage.thehuettl.com\/?post_type=product&#038;p=13737"},"modified":"2023-11-14T00:49:44","modified_gmt":"2023-11-13T23:49:44","slug":"lego-76915-pagani-utopia","status":"publish","type":"product","link":"https:\/\/funstorage.thehuettl.com\/en\/shop\/lego-76915-pagani-utopia\/","title":{"rendered":"LEGO\u00ae 76915 Pagani Utopia"},"content":{"rendered":"<dl class=\"dl-horizontal\">\n<dd>\n<div id=\"ctl00_main_mgcProduct_ctl00_v1_ctrl_metadata_ProductDescription_divReadmore\">Erlebe hautnah eines der faszinierendsten Hypercars der Welt \u2013 den Pagani Utopia. Zum allerersten Mal hat sich LEGO\u00ae Speed Champions mit der italienischen Marke zusammengetan und eine Nachbildung dieses atemberaubenden Autos erschaffen. Leidenschaftliche Autofans k\u00f6nnen dieses spektakul\u00e4re Modelle sammeln, bauen und ausstellen oder die Rennfahrer-Minifigur ins Cockpit setzen und in packende Rennen schicken.<\/div>\n<\/dd>\n<\/dl>\n<div>\n<dl class=\"dl-horizontal\">\n<dd><span id=\"ctl00_main_mgcProduct_ctl00_v1_ctrl_metadata_ProductShopper_l2\">Der LEGO\u00ae Speed Champions Pagani Utopia (76915) ist ein tolles Modell, welches das markante Design dieses spektakul\u00e4ren italienischen Hypercars perfekt widerspiegelt. Zum ersten Mal haben Pagani und die LEGO Gruppe zusammengearbeitet, damit Fans und Kinder ab 9 Jahren dieses unfassbare Modell sammeln, bauen und ausstellen k\u00f6nnen. Baue dein eigenes Pagani-Spielzeugauto Dieser Pagani ist ein tolles Sammlerst\u00fcck, an dem viele Details des echten Hypercars authentisch nachgebildet sind: der typische mittige Vierrohr-Auspuff, die schnittige Karosserie, der breite K\u00fchlergrill, die Radl\u00e4ufe und der unter dem Glas sichtbare Motor. F\u00fcr spannende Rennen kann man au\u00dferdem die beiliegende Rennfahrer-Minifigur ins Cockpit stecken. Faszinierendes digitales Bauerlebnis f\u00fcr LEGO Fans Die LEGO Builder App begleitet dich und dein Kind auf ein leichtes und intuitives Bauabenteuer. Vergr\u00f6\u00dfere und drehe 3D-Ansichten der Modelle, speichere Sets und verfolge deinen Baufortschritt.<\/span><\/dd>\n<\/dl>\n<div>\n<p>Anzahl Teile: 249<br \/>\nAltersempfehlung: 9+<br \/>\nThema: LEGO\u00ae Speed Champions<br \/>\nEAN: 5702017424194<\/p>\n<\/div>\n<dl class=\"dl-horizontal\">\n<dd>\n<div id=\"ctl00_main_mgcProduct_ctl00_v1_ctrl_metadata_ProductBullets_divReadmore\">\u2022 Pagani Spielzeug-Hypercar: Der LEGO\u00ae Speed Champions Pagani Utopia (76915) ist eine Nachbildung, die Kinder und leidenschaftliche Autofans gern sammeln, bauen und ausstellen werden<br \/>\n\u2022 1 Minifigur: Dem Spielzeugauto liegt eine Rennfahrer-Minifigur mit Helm und Haarteil bei, die man f\u00fcr rasante Abenteuer auf der Stra\u00dfe ins Cockpit setzen kann<br \/>\n\u2022 Authentische Details: Das Modell besitzt dieselben faszinierenden Details wie das echte Hypercar: einen mittigen Vierrohr-Auspuff, eine schnittige Karosserie, einen breiten K\u00fchlergrill, Radl\u00e4ufe und einen Motor unter Glas<br \/>\n\u2022 LEGO\u00ae Hypercar zum Spielen und Ausstellen: Diese authentische Nachbildung des Pagani Utopia bietet ein faszinierendes Bauerlebnis. Das fertige Modell kann dann ausgestellt oder in spannende Rennen geschickt werden<br \/>\n\u2022 LEGO\u00ae Geschenk: Dieses 249-teilige Speed Champions Premium-Modell ist ein tolles Geburtstags- oder Weihnachtsgeschenk f\u00fcr Autofans ab 9 Jahren und f\u00fcr alle Liebhaber italienischer Hypercars<br \/>\n\u2022 Spielspa\u00df zum Mitnehmen: Die Nachbildung des Pagani Utopia ist 4\u00a0cm hoch, 15\u00a0cm lang und 8\u00a0cm breit. Ein tolles Spielzeug f\u00fcrs Kinderzimmer und f\u00fcr unterwegs<br \/>\n\u2022 Ein neues Bauerlebnis: Lass dich von der LEGO\u00ae Builder App auf ein intuitives Bauabenteuer mitnehmen. Speichere Sets, verfolge deinen Baufortschritt und vergr\u00f6\u00dfere und drehe 3D-Ansichten des Modells, um beim Bauen den \u00dcberblick zu behalten<br \/>\n\u2022 Noch mehr rasante Action: Freu dich auch auf die anderen LEGO\u00ae Speed Champions Modelle wie den Ferrari 812 Competizione (76914), den Porsche 963 (76916) sowie McLaren Solus GT &amp; McLaren F1 LM (76918)<br \/>\n\u2022 Premium-Qualit\u00e4t: LEGO\u00ae Steine lassen sich seit mehr als 60 Jahren jedes Mal fest zusammenstecken und wieder leicht trennen<br \/>\n\u2022 Garantierte Sicherheit: LEGO\u00ae Bausteine entsprechen strengen globalen Sicherheitsstandards<\/div>\n<\/dd>\n<\/dl>\n<\/div>","protected":false},"excerpt":{"rendered":"<dl class=\"dl-horizontal\">\n<dd><span id=\"ctl00_main_mgcProduct_ctl00_v1_ctrl_metadata_ProductOneliner_l2\">Kinder und Fans von Hypercars werden diese Nachbildung des fantastischen Pagani Utopia mit gro\u00dfer Begeisterung bauen und ausstellen oder in rasante Rennen schicken.<\/span><\/dd>\n<\/dl>","protected":false},"featured_media":13740,"comment_status":"closed","ping_status":"closed","template":"","meta":[],"product_brand":[],"product_cat":[34,210],"product_tag":[422,421,45,448,417,449],"class_list":{"0":"post-13737","1":"product","2":"type-product","3":"status-publish","4":"has-post-thumbnail","6":"product_cat-lego","7":"product_cat-lego-speed-champions","8":"product_tag-champion","9":"product_tag-champions","10":"product_tag-lego","11":"product_tag-pagani","12":"product_tag-speed","13":"product_tag-utopia","15":"first","16":"instock","17":"taxable","18":"shipping-taxable","19":"purchasable","20":"product-type-simple"},"yoast_head":"<!-- This site is optimized with the Yoast SEO plugin v26.4 - https:\/\/yoast.com\/wordpress\/plugins\/seo\/ -->\n<title>rlebe das einzigartige Hypercar-Design des Pagani Utopia<\/title>\n<meta name=\"description\" content=\"Kinder und Fans von Hypercars werden diese Nachbildung des fantastischen Pagani Utopia mit gro\u00dfer Begeisterung bauen und ausstellen oder in rasante Rennen schicken.\" \/>\n<meta name=\"robots\" content=\"index, follow, max-snippet:-1, max-image-preview:large, max-video-preview:-1\" \/>\n<link rel=\"canonical\" href=\"https:\/\/funstorage.thehuettl.com\/en\/wp-json\/wp\/v2\/product\/13737\" \/>\n<meta property=\"og:locale\" content=\"en_US\" \/>\n<meta property=\"og:type\" content=\"article\" \/>\n<meta property=\"og:title\" content=\"rlebe das einzigartige Hypercar-Design des Pagani Utopia\" \/>\n<meta property=\"og:description\" content=\"Kinder und Fans von Hypercars werden diese Nachbildung des fantastischen Pagani Utopia mit gro\u00dfer Begeisterung bauen und ausstellen oder in rasante Rennen schicken.\" \/>\n<meta property=\"og:url\" content=\"https:\/\/funstorage.thehuettl.com\/en\/shop\/lego-76915-pagani-utopia\/\" \/>\n<meta property=\"og:site_name\" content=\"FunStorage\" \/>\n<meta property=\"article:publisher\" content=\"https:\/\/www.facebook.com\/funstorage.de\" \/>\n<meta property=\"article:modified_time\" content=\"2023-11-13T23:49:44+00:00\" \/>\n<meta property=\"og:image\" content=\"https:\/\/funstorage.thehuettl.com\/wp-content\/uploads\/2023\/06\/76915_boxprod_v29_we_sha-scaled.jpg\" \/>\n\t<meta property=\"og:image:width\" content=\"2560\" \/>\n\t<meta property=\"og:image:height\" content=\"2560\" \/>\n\t<meta property=\"og:image:type\" content=\"image\/jpeg\" \/>\n<meta name=\"twitter:card\" content=\"summary_large_image\" \/>\n<meta name=\"twitter:label1\" content=\"Est. reading time\" \/>\n\t<meta name=\"twitter:data1\" content=\"3 minutes\" \/>\n<script type=\"application\/ld+json\" class=\"yoast-schema-graph\">{\"@context\":\"https:\/\/schema.org\",\"@graph\":[{\"@type\":\"WebPage\",\"@id\":\"https:\/\/funstorage.thehuettl.com\/shop\/lego-76915-pagani-utopia\/\",\"url\":\"https:\/\/funstorage.thehuettl.com\/shop\/lego-76915-pagani-utopia\/\",\"name\":\"rlebe das einzigartige Hypercar-Design des Pagani Utopia\",\"isPartOf\":{\"@id\":\"https:\/\/funstorage.thehuettl.com\/#website\"},\"primaryImageOfPage\":{\"@id\":\"https:\/\/funstorage.thehuettl.com\/shop\/lego-76915-pagani-utopia\/#primaryimage\"},\"image\":{\"@id\":\"https:\/\/funstorage.thehuettl.com\/shop\/lego-76915-pagani-utopia\/#primaryimage\"},\"thumbnailUrl\":\"https:\/\/funstorage.thehuettl.com\/wp-content\/uploads\/2023\/06\/76915_boxprod_v29_we_sha-scaled.jpg\",\"datePublished\":\"2023-06-30T20:45:29+00:00\",\"dateModified\":\"2023-11-13T23:49:44+00:00\",\"description\":\"Kinder und Fans von Hypercars werden diese Nachbildung des fantastischen Pagani Utopia mit gro\u00dfer Begeisterung bauen und ausstellen oder in rasante Rennen schicken.\",\"breadcrumb\":{\"@id\":\"https:\/\/funstorage.thehuettl.com\/shop\/lego-76915-pagani-utopia\/#breadcrumb\"},\"inLanguage\":\"en-US\",\"potentialAction\":[{\"@type\":\"ReadAction\",\"target\":[\"https:\/\/funstorage.thehuettl.com\/shop\/lego-76915-pagani-utopia\/\"]}]},{\"@type\":\"ImageObject\",\"inLanguage\":\"en-US\",\"@id\":\"https:\/\/funstorage.thehuettl.com\/shop\/lego-76915-pagani-utopia\/#primaryimage\",\"url\":\"https:\/\/funstorage.thehuettl.com\/wp-content\/uploads\/2023\/06\/76915_boxprod_v29_we_sha-scaled.jpg\",\"contentUrl\":\"https:\/\/funstorage.thehuettl.com\/wp-content\/uploads\/2023\/06\/76915_boxprod_v29_we_sha-scaled.jpg\",\"width\":2560,\"height\":2560},{\"@type\":\"BreadcrumbList\",\"@id\":\"https:\/\/funstorage.thehuettl.com\/shop\/lego-76915-pagani-utopia\/#breadcrumb\",\"itemListElement\":[{\"@type\":\"ListItem\",\"position\":1,\"name\":\"Startseite\",\"item\":\"https:\/\/funstorage.thehuettl.com\/step\/homepage\/\"},{\"@type\":\"ListItem\",\"position\":2,\"name\":\"Shop\",\"item\":\"https:\/\/funstorage.thehuettl.com\/shop\/\"},{\"@type\":\"ListItem\",\"position\":3,\"name\":\"LEGO\u00ae 76915 Pagani Utopia\"}]},{\"@type\":\"WebSite\",\"@id\":\"https:\/\/funstorage.thehuettl.com\/#website\",\"url\":\"https:\/\/funstorage.thehuettl.com\/\",\"name\":\"FunStorage\",\"description\":\"\",\"publisher\":{\"@id\":\"https:\/\/funstorage.thehuettl.com\/#organization\"},\"potentialAction\":[{\"@type\":\"SearchAction\",\"target\":{\"@type\":\"EntryPoint\",\"urlTemplate\":\"https:\/\/funstorage.thehuettl.com\/?s={search_term_string}\"},\"query-input\":{\"@type\":\"PropertyValueSpecification\",\"valueRequired\":true,\"valueName\":\"search_term_string\"}}],\"inLanguage\":\"en-US\"},{\"@type\":\"Organization\",\"@id\":\"https:\/\/funstorage.thehuettl.com\/#organization\",\"name\":\"FunStorage\",\"url\":\"https:\/\/funstorage.thehuettl.com\/\",\"logo\":{\"@type\":\"ImageObject\",\"inLanguage\":\"en-US\",\"@id\":\"https:\/\/funstorage.thehuettl.com\/#\/schema\/logo\/image\/\",\"url\":\"https:\/\/funstorage.thehuettl.com\/wp-content\/uploads\/2023\/02\/cropped-D2BA2C24-7753-4AC3-9F3B-6C174C5BCB99.png\",\"contentUrl\":\"https:\/\/funstorage.thehuettl.com\/wp-content\/uploads\/2023\/02\/cropped-D2BA2C24-7753-4AC3-9F3B-6C174C5BCB99.png\",\"width\":512,\"height\":512,\"caption\":\"FunStorage\"},\"image\":{\"@id\":\"https:\/\/funstorage.thehuettl.com\/#\/schema\/logo\/image\/\"},\"sameAs\":[\"https:\/\/www.facebook.com\/funstorage.de\"]}]}<\/script>\n<!-- \/ Yoast SEO plugin. -->","yoast_head_json":{"title":"rlebe das einzigartige Hypercar-Design des Pagani Utopia","description":"Kinder und Fans von Hypercars werden diese Nachbildung des fantastischen Pagani Utopia mit gro\u00dfer Begeisterung bauen und ausstellen oder in rasante Rennen schicken.","robots":{"index":"index","follow":"follow","max-snippet":"max-snippet:-1","max-image-preview":"max-image-preview:large","max-video-preview":"max-video-preview:-1"},"canonical":"https:\/\/funstorage.thehuettl.com\/en\/wp-json\/wp\/v2\/product\/13737","og_locale":"en_US","og_type":"article","og_title":"rlebe das einzigartige Hypercar-Design des Pagani Utopia","og_description":"Kinder und Fans von Hypercars werden diese Nachbildung des fantastischen Pagani Utopia mit gro\u00dfer Begeisterung bauen und ausstellen oder in rasante Rennen schicken.","og_url":"https:\/\/funstorage.thehuettl.com\/en\/shop\/lego-76915-pagani-utopia\/","og_site_name":"FunStorage","article_publisher":"https:\/\/www.facebook.com\/funstorage.de","article_modified_time":"2023-11-13T23:49:44+00:00","og_image":[{"width":2560,"height":2560,"url":"https:\/\/funstorage.thehuettl.com\/wp-content\/uploads\/2023\/06\/76915_boxprod_v29_we_sha-scaled.jpg","type":"image\/jpeg"}],"twitter_card":"summary_large_image","twitter_misc":{"Est. reading time":"3 minutes"},"schema":{"@context":"https:\/\/schema.org","@graph":[{"@type":"WebPage","@id":"https:\/\/funstorage.thehuettl.com\/shop\/lego-76915-pagani-utopia\/","url":"https:\/\/funstorage.thehuettl.com\/shop\/lego-76915-pagani-utopia\/","name":"rlebe das einzigartige Hypercar-Design des Pagani Utopia","isPartOf":{"@id":"https:\/\/funstorage.thehuettl.com\/#website"},"primaryImageOfPage":{"@id":"https:\/\/funstorage.thehuettl.com\/shop\/lego-76915-pagani-utopia\/#primaryimage"},"image":{"@id":"https:\/\/funstorage.thehuettl.com\/shop\/lego-76915-pagani-utopia\/#primaryimage"},"thumbnailUrl":"https:\/\/funstorage.thehuettl.com\/wp-content\/uploads\/2023\/06\/76915_boxprod_v29_we_sha-scaled.jpg","datePublished":"2023-06-30T20:45:29+00:00","dateModified":"2023-11-13T23:49:44+00:00","description":"Kinder und Fans von Hypercars werden diese Nachbildung des fantastischen Pagani Utopia mit gro\u00dfer Begeisterung bauen und ausstellen oder in rasante Rennen schicken.","breadcrumb":{"@id":"https:\/\/funstorage.thehuettl.com\/shop\/lego-76915-pagani-utopia\/#breadcrumb"},"inLanguage":"en-US","potentialAction":[{"@type":"ReadAction","target":["https:\/\/funstorage.thehuettl.com\/shop\/lego-76915-pagani-utopia\/"]}]},{"@type":"ImageObject","inLanguage":"en-US","@id":"https:\/\/funstorage.thehuettl.com\/shop\/lego-76915-pagani-utopia\/#primaryimage","url":"https:\/\/funstorage.thehuettl.com\/wp-content\/uploads\/2023\/06\/76915_boxprod_v29_we_sha-scaled.jpg","contentUrl":"https:\/\/funstorage.thehuettl.com\/wp-content\/uploads\/2023\/06\/76915_boxprod_v29_we_sha-scaled.jpg","width":2560,"height":2560},{"@type":"BreadcrumbList","@id":"https:\/\/funstorage.thehuettl.com\/shop\/lego-76915-pagani-utopia\/#breadcrumb","itemListElement":[{"@type":"ListItem","position":1,"name":"Startseite","item":"https:\/\/funstorage.thehuettl.com\/step\/homepage\/"},{"@type":"ListItem","position":2,"name":"Shop","item":"https:\/\/funstorage.thehuettl.com\/shop\/"},{"@type":"ListItem","position":3,"name":"LEGO\u00ae 76915 Pagani Utopia"}]},{"@type":"WebSite","@id":"https:\/\/funstorage.thehuettl.com\/#website","url":"https:\/\/funstorage.thehuettl.com\/","name":"FunStorage","description":"","publisher":{"@id":"https:\/\/funstorage.thehuettl.com\/#organization"},"potentialAction":[{"@type":"SearchAction","target":{"@type":"EntryPoint","urlTemplate":"https:\/\/funstorage.thehuettl.com\/?s={search_term_string}"},"query-input":{"@type":"PropertyValueSpecification","valueRequired":true,"valueName":"search_term_string"}}],"inLanguage":"en-US"},{"@type":"Organization","@id":"https:\/\/funstorage.thehuettl.com\/#organization","name":"FunStorage","url":"https:\/\/funstorage.thehuettl.com\/","logo":{"@type":"ImageObject","inLanguage":"en-US","@id":"https:\/\/funstorage.thehuettl.com\/#\/schema\/logo\/image\/","url":"https:\/\/funstorage.thehuettl.com\/wp-content\/uploads\/2023\/02\/cropped-D2BA2C24-7753-4AC3-9F3B-6C174C5BCB99.png","contentUrl":"https:\/\/funstorage.thehuettl.com\/wp-content\/uploads\/2023\/02\/cropped-D2BA2C24-7753-4AC3-9F3B-6C174C5BCB99.png","width":512,"height":512,"caption":"FunStorage"},"image":{"@id":"https:\/\/funstorage.thehuettl.com\/#\/schema\/logo\/image\/"},"sameAs":["https:\/\/www.facebook.com\/funstorage.de"]}]}},"_links":{"self":[{"href":"https:\/\/funstorage.thehuettl.com\/en\/wp-json\/wp\/v2\/product\/13737","targetHints":{"allow":["GET"]}}],"collection":[{"href":"https:\/\/funstorage.thehuettl.com\/en\/wp-json\/wp\/v2\/product"}],"about":[{"href":"https:\/\/funstorage.thehuettl.com\/en\/wp-json\/wp\/v2\/types\/product"}],"replies":[{"embeddable":true,"href":"https:\/\/funstorage.thehuettl.com\/en\/wp-json\/wp\/v2\/comments?post=13737"}],"version-history":[{"count":0,"href":"https:\/\/funstorage.thehuettl.com\/en\/wp-json\/wp\/v2\/product\/13737\/revisions"}],"wp:featuredmedia":[{"embeddable":true,"href":"https:\/\/funstorage.thehuettl.com\/en\/wp-json\/wp\/v2\/media\/13740"}],"wp:attachment":[{"href":"https:\/\/funstorage.thehuettl.com\/en\/wp-json\/wp\/v2\/media?parent=13737"}],"wp:term":[{"taxonomy":"product_brand","embeddable":true,"href":"https:\/\/funstorage.thehuettl.com\/en\/wp-json\/wp\/v2\/product_brand?post=13737"},{"taxonomy":"product_cat","embeddable":true,"href":"https:\/\/funstorage.thehuettl.com\/en\/wp-json\/wp\/v2\/product_cat?post=13737"},{"taxonomy":"product_tag","embeddable":true,"href":"https:\/\/funstorage.thehuettl.com\/en\/wp-json\/wp\/v2\/product_tag?post=13737"}],"curies":[{"name":"wp","href":"https:\/\/api.w.org\/{rel}","templated":true}]}}