{"id":8709,"date":"2023-03-01T02:50:49","date_gmt":"2023-03-01T01:50:49","guid":{"rendered":"https:\/\/funstorage.thehuettl.com\/?post_type=product&#038;p=8709"},"modified":"2023-11-14T01:18:15","modified_gmt":"2023-11-14T00:18:15","slug":"lego-10696-classic-mittelgrosse-bausteine-box","status":"publish","type":"product","link":"https:\/\/funstorage.thehuettl.com\/en\/shop\/lego-10696-classic-mittelgrosse-bausteine-box\/","title":{"rendered":"LEGO 10696 Classic Mittelgro\u00dfe Bausteine-Box"},"content":{"rendered":"<p>Diese Kollektion aus LEGO\u00ae Steinen in 35 verschiedenen Farben ist f\u00fcr Baumeister jeden Alters gedacht, regt die Fantasie an und bietet schier endloses Bau- und Spielvergn\u00fcgen. Fenster, Augen und unz\u00e4hlige R\u00e4der erm\u00f6glichen kreative Bauvorhaben und das Spielen mit unterschiedlichsten Fahrzeugen. Dieses Set ist in einer praktischen Kunststoffaufbewahrungsbox verpackt und enth\u00e4lt Bauideen als Einstiegshilfe f\u00fcr erste eigene Modelle. Somit ist es eine tolle Erg\u00e4nzung f\u00fcr jede vorhandene LEGO Sammlung.<\/p>\n<p>&nbsp;<\/p>\n<p>Anzahl Teile: 484<\/p>\n<p>Altersempfehlung: 4-99<\/p>\n<p>Thema: LEGO\u00ae Classic<\/p>\n<p>EAN: 5702015357180<\/p>\n<p>&nbsp;<\/p>\n<p>\u2022 Enth\u00e4lt ein breites Spektrum an LEGO\u00ae Steinen in 35 verschiedenen Farben.<br \/>\n\u2022 Beinhaltet 18 Reifen und 18 Felgen<br \/>\n\u2022 Zu den speziellen Elementen z\u00e4hlen eine 8 x 16\u00a0cm gro\u00dfe Grundplatte, ein Fenster mit Rahmen sowie 3 Augenpaare.<br \/>\n\u2022 LEGO\u00ae Classic wurde entwickelt, um als Inspiration f\u00fcr endlose Kreativit\u00e4t beim Bauen mit LEGO Steinen zu dienen.<br \/>\n\u2022 Spezielle Elemente regen zu besonders fantasievollen Bauvorhaben an.<br \/>\n\u2022 Unz\u00e4hlige R\u00e4der erm\u00f6glichen den Bau unterschiedlichster Fahrzeuge und somit auch ein vielseitiges, kreatives Spielen.<br \/>\n\u2022 Alle abgebildeten Modelle lassen sich gleichzeitig aus diesem Set bauen.<br \/>\n\u2022 In den Bauanleitungen, die dem Set beiliegen, sowie auf LEGO.com\/classic findest du Ideen, die dir den Einstieg erleichtern.<br \/>\n\u2022 Das Set ist in einer praktischen Kunststoff-Aufbewahrungsbox verpackt.<br \/>\n\u2022 Die gr\u00fcne Grundplatte ist 8\u00a0cm lang und 16\u00a0cm breit.<br \/>\n\u2022 Die LEGO\u00ae Classic Sets erweisen sich als ideale Erg\u00e4nzung jeder vorhandenen LEGO Sammlung.<\/p>","protected":false},"excerpt":{"rendered":"<p>Die mittelgro\u00dfe Steinebox aus der Produktreihe LEGO\u00ae Classic inspiriert zu endlosem Bau- und Spielvergn\u00fcgen sowie zur Gestaltung von Fahrzeugen in einem breiten Farbspektrum.<\/p>","protected":false},"featured_media":8220,"comment_status":"open","ping_status":"closed","template":"","meta":[],"product_brand":[],"product_cat":[34,37,47,36],"product_tag":[48,49,42,44,45,50],"class_list":{"0":"post-8709","1":"product","2":"type-product","3":"status-publish","4":"has-post-thumbnail","6":"product_cat-lego","7":"product_cat-konstruktionsspielzeug","8":"product_cat-lego-classic","9":"product_cat-spielwaren","10":"product_tag-aufbewahrungsbox","11":"product_tag-bunt","12":"product_tag-klemmbausteine","13":"product_tag-kreativ","14":"product_tag-lego","15":"product_tag-steine-box","17":"first","18":"instock","19":"taxable","20":"shipping-taxable","21":"purchasable","22":"product-type-simple"},"yoast_head":"<!-- This site is optimized with the Yoast SEO plugin v26.4 - https:\/\/yoast.com\/wordpress\/plugins\/seo\/ -->\n<title>LEGO 10696 Classic Mittelgro\u00dfe Bausteine-Box - FunStorage<\/title>\n<meta name=\"robots\" content=\"index, follow, max-snippet:-1, max-image-preview:large, max-video-preview:-1\" \/>\n<link rel=\"canonical\" href=\"https:\/\/funstorage.thehuettl.com\/en\/wp-json\/wp\/v2\/product\/8709\" \/>\n<meta property=\"og:locale\" content=\"en_US\" \/>\n<meta property=\"og:type\" content=\"article\" \/>\n<meta property=\"og:title\" content=\"LEGO 10696 Classic Mittelgro\u00dfe Bausteine-Box - FunStorage\" \/>\n<meta property=\"og:description\" content=\"Die mittelgro\u00dfe Steinebox aus der Produktreihe LEGO\u00ae Classic inspiriert zu endlosem Bau- und Spielvergn\u00fcgen sowie zur Gestaltung von Fahrzeugen in einem breiten Farbspektrum.\" \/>\n<meta property=\"og:url\" content=\"https:\/\/funstorage.thehuettl.com\/en\/shop\/lego-10696-classic-mittelgrosse-bausteine-box\/\" \/>\n<meta property=\"og:site_name\" content=\"FunStorage\" \/>\n<meta property=\"article:publisher\" content=\"https:\/\/www.facebook.com\/funstorage.de\" \/>\n<meta property=\"article:modified_time\" content=\"2023-11-14T00:18:15+00:00\" \/>\n<meta property=\"og:image\" content=\"https:\/\/funstorage.thehuettl.com\/wp-content\/uploads\/2023\/02\/10696_boxprod_v29_3500x3500px-scaled-1.jpg\" \/>\n\t<meta property=\"og:image:width\" content=\"2560\" \/>\n\t<meta property=\"og:image:height\" content=\"2560\" \/>\n\t<meta property=\"og:image:type\" content=\"image\/jpeg\" \/>\n<meta name=\"twitter:card\" content=\"summary_large_image\" \/>\n<meta name=\"twitter:label1\" content=\"Est. reading time\" \/>\n\t<meta name=\"twitter:data1\" content=\"2 minutes\" \/>\n<script type=\"application\/ld+json\" class=\"yoast-schema-graph\">{\"@context\":\"https:\/\/schema.org\",\"@graph\":[{\"@type\":\"WebPage\",\"@id\":\"https:\/\/funstorage.thehuettl.com\/shop\/lego-10696-classic-mittelgrosse-bausteine-box\/\",\"url\":\"https:\/\/funstorage.thehuettl.com\/shop\/lego-10696-classic-mittelgrosse-bausteine-box\/\",\"name\":\"LEGO 10696 Classic Mittelgro\u00dfe Bausteine-Box - FunStorage\",\"isPartOf\":{\"@id\":\"https:\/\/funstorage.thehuettl.com\/#website\"},\"primaryImageOfPage\":{\"@id\":\"https:\/\/funstorage.thehuettl.com\/shop\/lego-10696-classic-mittelgrosse-bausteine-box\/#primaryimage\"},\"image\":{\"@id\":\"https:\/\/funstorage.thehuettl.com\/shop\/lego-10696-classic-mittelgrosse-bausteine-box\/#primaryimage\"},\"thumbnailUrl\":\"https:\/\/funstorage.thehuettl.com\/wp-content\/uploads\/2023\/02\/10696_boxprod_v29_3500x3500px-scaled-1.jpg\",\"datePublished\":\"2023-03-01T01:50:49+00:00\",\"dateModified\":\"2023-11-14T00:18:15+00:00\",\"breadcrumb\":{\"@id\":\"https:\/\/funstorage.thehuettl.com\/shop\/lego-10696-classic-mittelgrosse-bausteine-box\/#breadcrumb\"},\"inLanguage\":\"en-US\",\"potentialAction\":[{\"@type\":\"ReadAction\",\"target\":[\"https:\/\/funstorage.thehuettl.com\/shop\/lego-10696-classic-mittelgrosse-bausteine-box\/\"]}]},{\"@type\":\"ImageObject\",\"inLanguage\":\"en-US\",\"@id\":\"https:\/\/funstorage.thehuettl.com\/shop\/lego-10696-classic-mittelgrosse-bausteine-box\/#primaryimage\",\"url\":\"https:\/\/funstorage.thehuettl.com\/wp-content\/uploads\/2023\/02\/10696_boxprod_v29_3500x3500px-scaled-1.jpg\",\"contentUrl\":\"https:\/\/funstorage.thehuettl.com\/wp-content\/uploads\/2023\/02\/10696_boxprod_v29_3500x3500px-scaled-1.jpg\",\"width\":2560,\"height\":2560},{\"@type\":\"BreadcrumbList\",\"@id\":\"https:\/\/funstorage.thehuettl.com\/shop\/lego-10696-classic-mittelgrosse-bausteine-box\/#breadcrumb\",\"itemListElement\":[{\"@type\":\"ListItem\",\"position\":1,\"name\":\"Startseite\",\"item\":\"https:\/\/funstorage.thehuettl.com\/step\/homepage\/\"},{\"@type\":\"ListItem\",\"position\":2,\"name\":\"Shop\",\"item\":\"https:\/\/funstorage.thehuettl.com\/shop\/\"},{\"@type\":\"ListItem\",\"position\":3,\"name\":\"LEGO 10696 Classic Mittelgro\u00dfe Bausteine-Box\"}]},{\"@type\":\"WebSite\",\"@id\":\"https:\/\/funstorage.thehuettl.com\/#website\",\"url\":\"https:\/\/funstorage.thehuettl.com\/\",\"name\":\"FunStorage\",\"description\":\"\",\"publisher\":{\"@id\":\"https:\/\/funstorage.thehuettl.com\/#organization\"},\"potentialAction\":[{\"@type\":\"SearchAction\",\"target\":{\"@type\":\"EntryPoint\",\"urlTemplate\":\"https:\/\/funstorage.thehuettl.com\/?s={search_term_string}\"},\"query-input\":{\"@type\":\"PropertyValueSpecification\",\"valueRequired\":true,\"valueName\":\"search_term_string\"}}],\"inLanguage\":\"en-US\"},{\"@type\":\"Organization\",\"@id\":\"https:\/\/funstorage.thehuettl.com\/#organization\",\"name\":\"FunStorage\",\"url\":\"https:\/\/funstorage.thehuettl.com\/\",\"logo\":{\"@type\":\"ImageObject\",\"inLanguage\":\"en-US\",\"@id\":\"https:\/\/funstorage.thehuettl.com\/#\/schema\/logo\/image\/\",\"url\":\"https:\/\/funstorage.thehuettl.com\/wp-content\/uploads\/2023\/02\/cropped-D2BA2C24-7753-4AC3-9F3B-6C174C5BCB99.png\",\"contentUrl\":\"https:\/\/funstorage.thehuettl.com\/wp-content\/uploads\/2023\/02\/cropped-D2BA2C24-7753-4AC3-9F3B-6C174C5BCB99.png\",\"width\":512,\"height\":512,\"caption\":\"FunStorage\"},\"image\":{\"@id\":\"https:\/\/funstorage.thehuettl.com\/#\/schema\/logo\/image\/\"},\"sameAs\":[\"https:\/\/www.facebook.com\/funstorage.de\"]}]}<\/script>\n<!-- \/ Yoast SEO plugin. -->","yoast_head_json":{"title":"LEGO 10696 Classic Mittelgro\u00dfe Bausteine-Box - FunStorage","robots":{"index":"index","follow":"follow","max-snippet":"max-snippet:-1","max-image-preview":"max-image-preview:large","max-video-preview":"max-video-preview:-1"},"canonical":"https:\/\/funstorage.thehuettl.com\/en\/wp-json\/wp\/v2\/product\/8709","og_locale":"en_US","og_type":"article","og_title":"LEGO 10696 Classic Mittelgro\u00dfe Bausteine-Box - FunStorage","og_description":"Die mittelgro\u00dfe Steinebox aus der Produktreihe LEGO\u00ae Classic inspiriert zu endlosem Bau- und Spielvergn\u00fcgen sowie zur Gestaltung von Fahrzeugen in einem breiten Farbspektrum.","og_url":"https:\/\/funstorage.thehuettl.com\/en\/shop\/lego-10696-classic-mittelgrosse-bausteine-box\/","og_site_name":"FunStorage","article_publisher":"https:\/\/www.facebook.com\/funstorage.de","article_modified_time":"2023-11-14T00:18:15+00:00","og_image":[{"width":2560,"height":2560,"url":"https:\/\/funstorage.thehuettl.com\/wp-content\/uploads\/2023\/02\/10696_boxprod_v29_3500x3500px-scaled-1.jpg","type":"image\/jpeg"}],"twitter_card":"summary_large_image","twitter_misc":{"Est. reading time":"2 minutes"},"schema":{"@context":"https:\/\/schema.org","@graph":[{"@type":"WebPage","@id":"https:\/\/funstorage.thehuettl.com\/shop\/lego-10696-classic-mittelgrosse-bausteine-box\/","url":"https:\/\/funstorage.thehuettl.com\/shop\/lego-10696-classic-mittelgrosse-bausteine-box\/","name":"LEGO 10696 Classic Mittelgro\u00dfe Bausteine-Box - FunStorage","isPartOf":{"@id":"https:\/\/funstorage.thehuettl.com\/#website"},"primaryImageOfPage":{"@id":"https:\/\/funstorage.thehuettl.com\/shop\/lego-10696-classic-mittelgrosse-bausteine-box\/#primaryimage"},"image":{"@id":"https:\/\/funstorage.thehuettl.com\/shop\/lego-10696-classic-mittelgrosse-bausteine-box\/#primaryimage"},"thumbnailUrl":"https:\/\/funstorage.thehuettl.com\/wp-content\/uploads\/2023\/02\/10696_boxprod_v29_3500x3500px-scaled-1.jpg","datePublished":"2023-03-01T01:50:49+00:00","dateModified":"2023-11-14T00:18:15+00:00","breadcrumb":{"@id":"https:\/\/funstorage.thehuettl.com\/shop\/lego-10696-classic-mittelgrosse-bausteine-box\/#breadcrumb"},"inLanguage":"en-US","potentialAction":[{"@type":"ReadAction","target":["https:\/\/funstorage.thehuettl.com\/shop\/lego-10696-classic-mittelgrosse-bausteine-box\/"]}]},{"@type":"ImageObject","inLanguage":"en-US","@id":"https:\/\/funstorage.thehuettl.com\/shop\/lego-10696-classic-mittelgrosse-bausteine-box\/#primaryimage","url":"https:\/\/funstorage.thehuettl.com\/wp-content\/uploads\/2023\/02\/10696_boxprod_v29_3500x3500px-scaled-1.jpg","contentUrl":"https:\/\/funstorage.thehuettl.com\/wp-content\/uploads\/2023\/02\/10696_boxprod_v29_3500x3500px-scaled-1.jpg","width":2560,"height":2560},{"@type":"BreadcrumbList","@id":"https:\/\/funstorage.thehuettl.com\/shop\/lego-10696-classic-mittelgrosse-bausteine-box\/#breadcrumb","itemListElement":[{"@type":"ListItem","position":1,"name":"Startseite","item":"https:\/\/funstorage.thehuettl.com\/step\/homepage\/"},{"@type":"ListItem","position":2,"name":"Shop","item":"https:\/\/funstorage.thehuettl.com\/shop\/"},{"@type":"ListItem","position":3,"name":"LEGO 10696 Classic Mittelgro\u00dfe Bausteine-Box"}]},{"@type":"WebSite","@id":"https:\/\/funstorage.thehuettl.com\/#website","url":"https:\/\/funstorage.thehuettl.com\/","name":"FunStorage","description":"","publisher":{"@id":"https:\/\/funstorage.thehuettl.com\/#organization"},"potentialAction":[{"@type":"SearchAction","target":{"@type":"EntryPoint","urlTemplate":"https:\/\/funstorage.thehuettl.com\/?s={search_term_string}"},"query-input":{"@type":"PropertyValueSpecification","valueRequired":true,"valueName":"search_term_string"}}],"inLanguage":"en-US"},{"@type":"Organization","@id":"https:\/\/funstorage.thehuettl.com\/#organization","name":"FunStorage","url":"https:\/\/funstorage.thehuettl.com\/","logo":{"@type":"ImageObject","inLanguage":"en-US","@id":"https:\/\/funstorage.thehuettl.com\/#\/schema\/logo\/image\/","url":"https:\/\/funstorage.thehuettl.com\/wp-content\/uploads\/2023\/02\/cropped-D2BA2C24-7753-4AC3-9F3B-6C174C5BCB99.png","contentUrl":"https:\/\/funstorage.thehuettl.com\/wp-content\/uploads\/2023\/02\/cropped-D2BA2C24-7753-4AC3-9F3B-6C174C5BCB99.png","width":512,"height":512,"caption":"FunStorage"},"image":{"@id":"https:\/\/funstorage.thehuettl.com\/#\/schema\/logo\/image\/"},"sameAs":["https:\/\/www.facebook.com\/funstorage.de"]}]}},"_links":{"self":[{"href":"https:\/\/funstorage.thehuettl.com\/en\/wp-json\/wp\/v2\/product\/8709","targetHints":{"allow":["GET"]}}],"collection":[{"href":"https:\/\/funstorage.thehuettl.com\/en\/wp-json\/wp\/v2\/product"}],"about":[{"href":"https:\/\/funstorage.thehuettl.com\/en\/wp-json\/wp\/v2\/types\/product"}],"replies":[{"embeddable":true,"href":"https:\/\/funstorage.thehuettl.com\/en\/wp-json\/wp\/v2\/comments?post=8709"}],"version-history":[{"count":0,"href":"https:\/\/funstorage.thehuettl.com\/en\/wp-json\/wp\/v2\/product\/8709\/revisions"}],"wp:featuredmedia":[{"embeddable":true,"href":"https:\/\/funstorage.thehuettl.com\/en\/wp-json\/wp\/v2\/media\/8220"}],"wp:attachment":[{"href":"https:\/\/funstorage.thehuettl.com\/en\/wp-json\/wp\/v2\/media?parent=8709"}],"wp:term":[{"taxonomy":"product_brand","embeddable":true,"href":"https:\/\/funstorage.thehuettl.com\/en\/wp-json\/wp\/v2\/product_brand?post=8709"},{"taxonomy":"product_cat","embeddable":true,"href":"https:\/\/funstorage.thehuettl.com\/en\/wp-json\/wp\/v2\/product_cat?post=8709"},{"taxonomy":"product_tag","embeddable":true,"href":"https:\/\/funstorage.thehuettl.com\/en\/wp-json\/wp\/v2\/product_tag?post=8709"}],"curies":[{"name":"wp","href":"https:\/\/api.w.org\/{rel}","templated":true}]}}