{"id":8710,"date":"2023-03-01T02:50:49","date_gmt":"2023-03-01T01:50:49","guid":{"rendered":"https:\/\/funstorage.thehuettl.com\/?post_type=product&#038;p=8710"},"modified":"2024-04-29T02:15:28","modified_gmt":"2024-04-29T00:15:28","slug":"lego-10698-classic-grosse-bausteine-box","status":"publish","type":"product","link":"https:\/\/funstorage.thehuettl.com\/en\/shop\/lego-10698-classic-grosse-bausteine-box\/","title":{"rendered":"LEGO 10698 Classic Gro\u00dfe Bausteine-Box"},"content":{"rendered":"<p>Diese gro\u00dfe Box enth\u00e4lt klassische LEGO\u00ae Steine in 33 unterschiedlichen Farben, mit denen du es richtig krachen lassen kannst. Unz\u00e4hlige ganz verschiedene T\u00fcren und Fenster sowie weitere spezielle Elemente werden dich dazu inspirieren, deiner Fantasie wirklich freien Lauf zu lassen. Dem Set liegen auch Bauanleitungen mit einigen Ideen als Einstiegshilfe bei. Somit erweist sich dieses Set als perfekter Baukasten f\u00fcr aufstrebende Baumeister jeden Alters, die damit kreative Bauvorhaben umsetzen und sich am klassischen Bauen mit LEGO Steinen erfreuen k\u00f6nnen. Das Set ist in einer praktischen Kunststoff-Aufbewahrungsbox verpackt und bereichert jede vorhandene LEGO Sammlung.<\/p>\n<p>&nbsp;<\/p>\n<p>Anzahl Teile: 790<\/p>\n<p>Altersempfehlung: 4-99<\/p>\n<p>Thema: Classic<\/p>\n<p>EAN: 5702015357197<\/p>\n<p>&nbsp;<\/p>\n<p>\u2022 Enth\u00e4lt ein breites Spektrum an LEGO\u00ae Steinen in 33 verschiedenen Farben.<br \/>\n\u2022 Beinhaltet 8 verschiedene Typen von Fenstern und T\u00fcren mit 8 verschiedenen Rahmen.<br \/>\n\u2022 Zu den speziellen Elementen z\u00e4hlen auch 2 unterschiedlich gro\u00dfe gr\u00fcne Grundplatten, 3 Augenpaare, 6 Reifen und 6 Felgen.<br \/>\n\u2022 LEGO\u00ae Classic wurde entwickelt, um als Inspiration f\u00fcr endlose Kreativit\u00e4t beim Bauen mit LEGO Steinen zu dienen.<br \/>\n\u2022 Spezielle Elemente regen zu besonders fantasievollen Bauvorhaben und zum kreativen Spielen an.<br \/>\n\u2022 Eine Vielzahl an Fenstern und T\u00fcren er\u00f6ffnet ganz neue M\u00f6glichkeiten f\u00fcr das klassische Bauen mit LEGO\u00ae Steinen.<br \/>\n\u2022 Alle abgebildeten Modelle lassen sich gleichzeitig aus diesem Set bauen.<br \/>\n\u2022 In den Bauanleitungen, die dem Set beiliegen, sowie auf LEGO.com\/classic findest du Ideen, die dir den Einstieg erleichtern.<br \/>\n\u2022 Das Set ist in einer praktischen Kunststoff-Aufbewahrungsbox verpackt.<br \/>\n\u2022 Die eine gr\u00fcne Grundplatte ist 16\u00a0cm lang und 16\u00a0cm breit, die andere ist dagegen nur 12\u00a0cm lang und 6\u00a0cm breit.<\/p>","protected":false},"excerpt":{"rendered":"<p>Benutze die unterschiedlichsten LEGO\u00ae Steine, Fenster und T\u00fcren, um ganz verschiedene Geb\u00e4ude zu errichten!<\/p>","protected":false},"featured_media":8227,"comment_status":"open","ping_status":"closed","template":"","meta":[],"product_brand":[],"product_cat":[34,37,47,36],"product_tag":[51,52,49,53,54,55,56,42,44,45,57,58],"class_list":{"0":"post-8710","1":"product","2":"type-product","3":"status-publish","4":"has-post-thumbnail","6":"product_cat-lego","7":"product_cat-konstruktionsspielzeug","8":"product_cat-lego-classic","9":"product_cat-spielwaren","10":"product_tag-bausteine","11":"product_tag-box","12":"product_tag-bunt","13":"product_tag-classic","14":"product_tag-farben","15":"product_tag-felgen","16":"product_tag-grundplatten","17":"product_tag-klemmbausteine","18":"product_tag-kreativ","19":"product_tag-lego","20":"product_tag-reifen","21":"product_tag-vielfalt","23":"first","24":"instock","25":"taxable","26":"shipping-taxable","27":"purchasable","28":"product-type-simple"},"yoast_head":"<!-- This site is optimized with the Yoast SEO plugin v26.4 - https:\/\/yoast.com\/wordpress\/plugins\/seo\/ -->\n<title>LEGO 10698 Classic Gro\u00dfe Bausteine-Box - FunStorage<\/title>\n<meta name=\"robots\" content=\"index, follow, max-snippet:-1, max-image-preview:large, max-video-preview:-1\" \/>\n<link rel=\"canonical\" href=\"https:\/\/funstorage.thehuettl.com\/en\/wp-json\/wp\/v2\/product\/8710\" \/>\n<meta property=\"og:locale\" content=\"en_US\" \/>\n<meta property=\"og:type\" content=\"article\" \/>\n<meta property=\"og:title\" content=\"LEGO 10698 Classic Gro\u00dfe Bausteine-Box - FunStorage\" \/>\n<meta property=\"og:description\" content=\"Benutze die unterschiedlichsten LEGO\u00ae Steine, Fenster und T\u00fcren, um ganz verschiedene Geb\u00e4ude zu errichten!\" \/>\n<meta property=\"og:url\" content=\"https:\/\/funstorage.thehuettl.com\/en\/shop\/lego-10698-classic-grosse-bausteine-box\/\" \/>\n<meta property=\"og:site_name\" content=\"FunStorage\" \/>\n<meta property=\"article:publisher\" content=\"https:\/\/www.facebook.com\/funstorage.de\" \/>\n<meta property=\"article:modified_time\" content=\"2024-04-29T00:15:28+00:00\" \/>\n<meta property=\"og:image\" content=\"https:\/\/funstorage.thehuettl.com\/wp-content\/uploads\/2023\/02\/10698_boxprod_v29_3500x3500px-scaled-1.jpg\" \/>\n\t<meta property=\"og:image:width\" content=\"2560\" \/>\n\t<meta property=\"og:image:height\" content=\"2560\" \/>\n\t<meta property=\"og:image:type\" content=\"image\/jpeg\" \/>\n<meta name=\"twitter:card\" content=\"summary_large_image\" \/>\n<meta name=\"twitter:label1\" content=\"Est. reading time\" \/>\n\t<meta name=\"twitter:data1\" content=\"2 minutes\" \/>\n<script type=\"application\/ld+json\" class=\"yoast-schema-graph\">{\"@context\":\"https:\/\/schema.org\",\"@graph\":[{\"@type\":\"WebPage\",\"@id\":\"https:\/\/funstorage.thehuettl.com\/shop\/lego-10698-classic-grosse-bausteine-box\/\",\"url\":\"https:\/\/funstorage.thehuettl.com\/shop\/lego-10698-classic-grosse-bausteine-box\/\",\"name\":\"LEGO 10698 Classic Gro\u00dfe Bausteine-Box - FunStorage\",\"isPartOf\":{\"@id\":\"https:\/\/funstorage.thehuettl.com\/#website\"},\"primaryImageOfPage\":{\"@id\":\"https:\/\/funstorage.thehuettl.com\/shop\/lego-10698-classic-grosse-bausteine-box\/#primaryimage\"},\"image\":{\"@id\":\"https:\/\/funstorage.thehuettl.com\/shop\/lego-10698-classic-grosse-bausteine-box\/#primaryimage\"},\"thumbnailUrl\":\"https:\/\/funstorage.thehuettl.com\/wp-content\/uploads\/2023\/02\/10698_boxprod_v29_3500x3500px-scaled-1.jpg\",\"datePublished\":\"2023-03-01T01:50:49+00:00\",\"dateModified\":\"2024-04-29T00:15:28+00:00\",\"breadcrumb\":{\"@id\":\"https:\/\/funstorage.thehuettl.com\/shop\/lego-10698-classic-grosse-bausteine-box\/#breadcrumb\"},\"inLanguage\":\"en-US\",\"potentialAction\":[{\"@type\":\"ReadAction\",\"target\":[\"https:\/\/funstorage.thehuettl.com\/shop\/lego-10698-classic-grosse-bausteine-box\/\"]}]},{\"@type\":\"ImageObject\",\"inLanguage\":\"en-US\",\"@id\":\"https:\/\/funstorage.thehuettl.com\/shop\/lego-10698-classic-grosse-bausteine-box\/#primaryimage\",\"url\":\"https:\/\/funstorage.thehuettl.com\/wp-content\/uploads\/2023\/02\/10698_boxprod_v29_3500x3500px-scaled-1.jpg\",\"contentUrl\":\"https:\/\/funstorage.thehuettl.com\/wp-content\/uploads\/2023\/02\/10698_boxprod_v29_3500x3500px-scaled-1.jpg\",\"width\":2560,\"height\":2560},{\"@type\":\"BreadcrumbList\",\"@id\":\"https:\/\/funstorage.thehuettl.com\/shop\/lego-10698-classic-grosse-bausteine-box\/#breadcrumb\",\"itemListElement\":[{\"@type\":\"ListItem\",\"position\":1,\"name\":\"Startseite\",\"item\":\"https:\/\/funstorage.thehuettl.com\/step\/homepage\/\"},{\"@type\":\"ListItem\",\"position\":2,\"name\":\"Shop\",\"item\":\"https:\/\/funstorage.thehuettl.com\/shop\/\"},{\"@type\":\"ListItem\",\"position\":3,\"name\":\"LEGO 10698 Classic Gro\u00dfe Bausteine-Box\"}]},{\"@type\":\"WebSite\",\"@id\":\"https:\/\/funstorage.thehuettl.com\/#website\",\"url\":\"https:\/\/funstorage.thehuettl.com\/\",\"name\":\"FunStorage\",\"description\":\"\",\"publisher\":{\"@id\":\"https:\/\/funstorage.thehuettl.com\/#organization\"},\"potentialAction\":[{\"@type\":\"SearchAction\",\"target\":{\"@type\":\"EntryPoint\",\"urlTemplate\":\"https:\/\/funstorage.thehuettl.com\/?s={search_term_string}\"},\"query-input\":{\"@type\":\"PropertyValueSpecification\",\"valueRequired\":true,\"valueName\":\"search_term_string\"}}],\"inLanguage\":\"en-US\"},{\"@type\":\"Organization\",\"@id\":\"https:\/\/funstorage.thehuettl.com\/#organization\",\"name\":\"FunStorage\",\"url\":\"https:\/\/funstorage.thehuettl.com\/\",\"logo\":{\"@type\":\"ImageObject\",\"inLanguage\":\"en-US\",\"@id\":\"https:\/\/funstorage.thehuettl.com\/#\/schema\/logo\/image\/\",\"url\":\"https:\/\/funstorage.thehuettl.com\/wp-content\/uploads\/2023\/02\/cropped-D2BA2C24-7753-4AC3-9F3B-6C174C5BCB99.png\",\"contentUrl\":\"https:\/\/funstorage.thehuettl.com\/wp-content\/uploads\/2023\/02\/cropped-D2BA2C24-7753-4AC3-9F3B-6C174C5BCB99.png\",\"width\":512,\"height\":512,\"caption\":\"FunStorage\"},\"image\":{\"@id\":\"https:\/\/funstorage.thehuettl.com\/#\/schema\/logo\/image\/\"},\"sameAs\":[\"https:\/\/www.facebook.com\/funstorage.de\"]}]}<\/script>\n<!-- \/ Yoast SEO plugin. -->","yoast_head_json":{"title":"LEGO 10698 Classic Gro\u00dfe Bausteine-Box - FunStorage","robots":{"index":"index","follow":"follow","max-snippet":"max-snippet:-1","max-image-preview":"max-image-preview:large","max-video-preview":"max-video-preview:-1"},"canonical":"https:\/\/funstorage.thehuettl.com\/en\/wp-json\/wp\/v2\/product\/8710","og_locale":"en_US","og_type":"article","og_title":"LEGO 10698 Classic Gro\u00dfe Bausteine-Box - FunStorage","og_description":"Benutze die unterschiedlichsten LEGO\u00ae Steine, Fenster und T\u00fcren, um ganz verschiedene Geb\u00e4ude zu errichten!","og_url":"https:\/\/funstorage.thehuettl.com\/en\/shop\/lego-10698-classic-grosse-bausteine-box\/","og_site_name":"FunStorage","article_publisher":"https:\/\/www.facebook.com\/funstorage.de","article_modified_time":"2024-04-29T00:15:28+00:00","og_image":[{"width":2560,"height":2560,"url":"https:\/\/funstorage.thehuettl.com\/wp-content\/uploads\/2023\/02\/10698_boxprod_v29_3500x3500px-scaled-1.jpg","type":"image\/jpeg"}],"twitter_card":"summary_large_image","twitter_misc":{"Est. reading time":"2 minutes"},"schema":{"@context":"https:\/\/schema.org","@graph":[{"@type":"WebPage","@id":"https:\/\/funstorage.thehuettl.com\/shop\/lego-10698-classic-grosse-bausteine-box\/","url":"https:\/\/funstorage.thehuettl.com\/shop\/lego-10698-classic-grosse-bausteine-box\/","name":"LEGO 10698 Classic Gro\u00dfe Bausteine-Box - FunStorage","isPartOf":{"@id":"https:\/\/funstorage.thehuettl.com\/#website"},"primaryImageOfPage":{"@id":"https:\/\/funstorage.thehuettl.com\/shop\/lego-10698-classic-grosse-bausteine-box\/#primaryimage"},"image":{"@id":"https:\/\/funstorage.thehuettl.com\/shop\/lego-10698-classic-grosse-bausteine-box\/#primaryimage"},"thumbnailUrl":"https:\/\/funstorage.thehuettl.com\/wp-content\/uploads\/2023\/02\/10698_boxprod_v29_3500x3500px-scaled-1.jpg","datePublished":"2023-03-01T01:50:49+00:00","dateModified":"2024-04-29T00:15:28+00:00","breadcrumb":{"@id":"https:\/\/funstorage.thehuettl.com\/shop\/lego-10698-classic-grosse-bausteine-box\/#breadcrumb"},"inLanguage":"en-US","potentialAction":[{"@type":"ReadAction","target":["https:\/\/funstorage.thehuettl.com\/shop\/lego-10698-classic-grosse-bausteine-box\/"]}]},{"@type":"ImageObject","inLanguage":"en-US","@id":"https:\/\/funstorage.thehuettl.com\/shop\/lego-10698-classic-grosse-bausteine-box\/#primaryimage","url":"https:\/\/funstorage.thehuettl.com\/wp-content\/uploads\/2023\/02\/10698_boxprod_v29_3500x3500px-scaled-1.jpg","contentUrl":"https:\/\/funstorage.thehuettl.com\/wp-content\/uploads\/2023\/02\/10698_boxprod_v29_3500x3500px-scaled-1.jpg","width":2560,"height":2560},{"@type":"BreadcrumbList","@id":"https:\/\/funstorage.thehuettl.com\/shop\/lego-10698-classic-grosse-bausteine-box\/#breadcrumb","itemListElement":[{"@type":"ListItem","position":1,"name":"Startseite","item":"https:\/\/funstorage.thehuettl.com\/step\/homepage\/"},{"@type":"ListItem","position":2,"name":"Shop","item":"https:\/\/funstorage.thehuettl.com\/shop\/"},{"@type":"ListItem","position":3,"name":"LEGO 10698 Classic Gro\u00dfe Bausteine-Box"}]},{"@type":"WebSite","@id":"https:\/\/funstorage.thehuettl.com\/#website","url":"https:\/\/funstorage.thehuettl.com\/","name":"FunStorage","description":"","publisher":{"@id":"https:\/\/funstorage.thehuettl.com\/#organization"},"potentialAction":[{"@type":"SearchAction","target":{"@type":"EntryPoint","urlTemplate":"https:\/\/funstorage.thehuettl.com\/?s={search_term_string}"},"query-input":{"@type":"PropertyValueSpecification","valueRequired":true,"valueName":"search_term_string"}}],"inLanguage":"en-US"},{"@type":"Organization","@id":"https:\/\/funstorage.thehuettl.com\/#organization","name":"FunStorage","url":"https:\/\/funstorage.thehuettl.com\/","logo":{"@type":"ImageObject","inLanguage":"en-US","@id":"https:\/\/funstorage.thehuettl.com\/#\/schema\/logo\/image\/","url":"https:\/\/funstorage.thehuettl.com\/wp-content\/uploads\/2023\/02\/cropped-D2BA2C24-7753-4AC3-9F3B-6C174C5BCB99.png","contentUrl":"https:\/\/funstorage.thehuettl.com\/wp-content\/uploads\/2023\/02\/cropped-D2BA2C24-7753-4AC3-9F3B-6C174C5BCB99.png","width":512,"height":512,"caption":"FunStorage"},"image":{"@id":"https:\/\/funstorage.thehuettl.com\/#\/schema\/logo\/image\/"},"sameAs":["https:\/\/www.facebook.com\/funstorage.de"]}]}},"_links":{"self":[{"href":"https:\/\/funstorage.thehuettl.com\/en\/wp-json\/wp\/v2\/product\/8710","targetHints":{"allow":["GET"]}}],"collection":[{"href":"https:\/\/funstorage.thehuettl.com\/en\/wp-json\/wp\/v2\/product"}],"about":[{"href":"https:\/\/funstorage.thehuettl.com\/en\/wp-json\/wp\/v2\/types\/product"}],"replies":[{"embeddable":true,"href":"https:\/\/funstorage.thehuettl.com\/en\/wp-json\/wp\/v2\/comments?post=8710"}],"version-history":[{"count":0,"href":"https:\/\/funstorage.thehuettl.com\/en\/wp-json\/wp\/v2\/product\/8710\/revisions"}],"wp:featuredmedia":[{"embeddable":true,"href":"https:\/\/funstorage.thehuettl.com\/en\/wp-json\/wp\/v2\/media\/8227"}],"wp:attachment":[{"href":"https:\/\/funstorage.thehuettl.com\/en\/wp-json\/wp\/v2\/media?parent=8710"}],"wp:term":[{"taxonomy":"product_brand","embeddable":true,"href":"https:\/\/funstorage.thehuettl.com\/en\/wp-json\/wp\/v2\/product_brand?post=8710"},{"taxonomy":"product_cat","embeddable":true,"href":"https:\/\/funstorage.thehuettl.com\/en\/wp-json\/wp\/v2\/product_cat?post=8710"},{"taxonomy":"product_tag","embeddable":true,"href":"https:\/\/funstorage.thehuettl.com\/en\/wp-json\/wp\/v2\/product_tag?post=8710"}],"curies":[{"name":"wp","href":"https:\/\/api.w.org\/{rel}","templated":true}]}}