{"id":8712,"date":"2023-03-01T02:50:49","date_gmt":"2023-03-01T01:50:49","guid":{"rendered":"https:\/\/funstorage.thehuettl.com\/?post_type=product&#038;p=8712"},"modified":"2024-11-24T21:27:56","modified_gmt":"2024-11-24T20:27:56","slug":"lego-duplo-10909-mein-erster-bauspass","status":"publish","type":"product","link":"https:\/\/funstorage.thehuettl.com\/en\/shop\/lego-duplo-10909-mein-erster-bauspass\/","title":{"rendered":"LEGO\u00ae DUPLO 10909 Mein erster Bauspa\u00df"},"content":{"rendered":"<p>Kleinkinder haben riesige Freude daran, mit dieser bunten Mischung aus LEGO\u00ae DUPLO\u00ae Steinen zu bauen und zu lernen! Bauen: 15 Modellm\u00f6glichkeiten zum Zusammensetzen \u2013 wie beispielsweise eine Blume und ein Hubschrauber. Lernen: Jedes Modell liefert reichlich Gespr\u00e4chsstoff. Ausdenken: Unz\u00e4hlige Geschichten erm\u00f6glichen spannende Rollenspiele! Die Eltern k\u00f6nnen miterleben, wie ihr kleiner Baumeister beim Bauen, Lernen und Geschichtenausdenken wichtige Entwicklungsschritte macht.<\/p>\n<p>Dieser faszinierende Mix aus LEGO\u00ae DUPLO\u00ae Steinen bietet unz\u00e4hlige M\u00f6glichkeiten! Wenn Eltern mit ihren Kindern bauen und spielen, f\u00f6rdert dieses Lernspielzeug die Kreativit\u00e4t und wichtige Entwicklungsschritte, von denen Kleinkinder ihr ganzes Leben profitieren. Dieses Starter-Set f\u00f6rdert die kreative Seite. Kleinkinder k\u00f6nnen es kaum erwarten, mit den griffigen gro\u00dfen Steinen zu bauen. Die einfachen Bauanleitungen erm\u00f6glichen sofort ein fantasievolles Spielerlebnis. Jedes der 15 einfachen Baumodelle (u. a. Haus, Eis, Wal, Blume, Hubschrauber und Ente) liefert reichlich Gespr\u00e4chsstoff f\u00fcr Rollenspiele. Der kreative Spa\u00df geht weiter, wenn Kleinkinder die Steine mischen und eigene Modelle bauen. Mit einem ersten LEGO DUPLO Set lassen sich wertvolle F\u00e4higkeiten erwerben. LEGO DUPLO Spielsets bieten aufstrebenden Baumeistern unz\u00e4hlige Spiel- und Entfaltungsm\u00f6glichkeiten. Erkennbare Schaupl\u00e4tze, vertraute Figuren und kleinkinderfreundliche Steine ermuntern zum spielerischen Lernen.<\/p>\n<p>&nbsp;<\/p>\n<p>Anzahl Teile: 80<\/p>\n<p>Altersempfehlung: 1\u00bd+<\/p>\n<p>Thema: DUPLO Classic<\/p>\n<p>EAN: 5702016617733<\/p>\n<p>&nbsp;<\/p>\n<p>\u2022 Kleine Baumeister werden diesen bunten Mix aus LEGO\u00ae DUPLO\u00ae Steinen lieben. Dieses vielseitige Spielset f\u00fcr Kleinkinder enth\u00e4lt 15 Modellm\u00f6glichkeiten und bietet fantasievolle Bau- und Spielm\u00f6glichkeiten.<br \/>\n\u2022 Enth\u00e4lt 80 farbenfrohe, kindgerechte Steine, aus denen sich 15 Modelle bauen lassen, unter anderem ein Haus, ein Eis, ein Wal und eine Blume. Und beim Bauen und Spielen erwerben Kleinkinder F\u00e4higkeiten f\u00fcrs ganze Leben.<br \/>\n\u2022 Das gemeinsame Lernen und Spielen macht Eltern und Kleinkindern Spa\u00df. Nachdem die 15 einfachen Modelle fertig sind, k\u00f6nnen sie die LEGO\u00ae Buchstaben ,I love\u2018 vor ihren Favoriten legen. Dann helfen die Eltern ihren Kindern, eigene Modelle zu bauen!<br \/>\n\u2022 Mit den bunten Modellen aus kleinkindgerechten Steinen erweist sich dieses Lernspielzeug als tolles Geschenk f\u00fcr Jungen und M\u00e4dchen ab 18 Monaten \u2013 zu Weihnachten, zum Geburtstag und zu anderen Anl\u00e4ssen.<br \/>\n\u2022 Jedes der 15 baubaren Modelle ist ein Objekt, das Kleinkinder aus dem Alltag kennen. Dieses Set l\u00e4sst sich au\u00dferdem mit den Teilen aus anderen LEGO\u00ae DUPLO\u00ae Sets kombinieren, um weitere kreative M\u00f6glichkeiten zu bieten.<br \/>\n\u2022 Keine Batterien erforderlich. Die Fantasie der Kleinkinder reicht diesem Spielzeug als Antrieb! Dieses Spielzeug ohne Batterie f\u00f6rdert die Feinmotorik und die Probleml\u00f6sef\u00e4higkeit durch aktives Bauen und kreatives Spielen.<br \/>\n\u2022 Nach dem Auspacken k\u00f6nnen die Kleinkinder sofort spielen. Einfache Bauanleitungen zeigen Eltern und Kleinkindern, wie sich die Modelle zusammenbauen lassen. Und mit dem Bauen beginnt auch der grenzenlose Spielspa\u00df!<br \/>\n\u2022 LEGO\u00ae DUPLO\u00ae Spielsets sind tolle Geschenke f\u00fcr Kleinkinder. Sie ermutigen zu freiem Spielen und f\u00f6rdern die Entwicklung, denn genau das bewirken die Alltagsszenarien, die vertrauten Figuren und die verschiedenen Tiere.<br \/>\n\u2022 LEGO\u00ae DUPLO\u00ae Lernspielzeuge f\u00fcr Kleinkinder erf\u00fcllen die h\u00f6chsten Branchenstandards und stellen sicher, dass Kleinkinderh\u00e4nde die Steine leicht greifen, zusammenstecken und wieder trennen k\u00f6nnen \u2013 und das schon seit 1969!<br \/>\n\u2022 Die LEGO Gruppe unterzieht die LEGO\u00ae DUPLO\u00ae Steine und Teile strengen Fall-, Druck-, Torsions-, Hitze-, Biege-, Kratz- und Zugtests, damit die DUPLO Spielsets die h\u00f6chsten globalen Sicherheits- und Qualit\u00e4tsstandards erf\u00fcllen.<\/p>\n<p>&nbsp;<\/p>","protected":false},"excerpt":{"rendered":"<p>Dieses bunte Bauspielzeug holt die kreative Seite von Kleinkindern zum Vorschein!<\/p>","protected":false},"featured_media":8241,"comment_status":"open","ping_status":"closed","template":"","meta":[],"product_brand":[],"product_cat":[34,37,47,36],"product_tag":[65,51,52,49,53,66,67,54,68,44,45,69],"class_list":{"0":"post-8712","1":"product","2":"type-product","3":"status-publish","4":"has-post-thumbnail","6":"product_cat-lego","7":"product_cat-konstruktionsspielzeug","8":"product_cat-lego-classic","9":"product_cat-spielwaren","10":"product_tag-bauspass","11":"product_tag-bausteine","12":"product_tag-box","13":"product_tag-bunt","14":"product_tag-classic","15":"product_tag-duplo","16":"product_tag-erster-bauspass","17":"product_tag-farben","18":"product_tag-grosse-steine","19":"product_tag-kreativ","20":"product_tag-lego","21":"product_tag-vielfaltreativ","23":"first","24":"instock","25":"taxable","26":"shipping-taxable","27":"purchasable","28":"product-type-simple"},"yoast_head":"<!-- This site is optimized with the Yoast SEO plugin v26.4 - https:\/\/yoast.com\/wordpress\/plugins\/seo\/ -->\n<title>LEGO\u00ae DUPLO 10909 Mein erster Bauspa\u00df - FunStorage<\/title>\n<meta name=\"robots\" content=\"index, follow, max-snippet:-1, max-image-preview:large, max-video-preview:-1\" \/>\n<link rel=\"canonical\" href=\"https:\/\/funstorage.thehuettl.com\/en\/wp-json\/wp\/v2\/product\/8712\" \/>\n<meta property=\"og:locale\" content=\"en_US\" \/>\n<meta property=\"og:type\" content=\"article\" \/>\n<meta property=\"og:title\" content=\"LEGO\u00ae DUPLO 10909 Mein erster Bauspa\u00df - FunStorage\" \/>\n<meta property=\"og:description\" content=\"Dieses bunte Bauspielzeug holt die kreative Seite von Kleinkindern zum Vorschein!\" \/>\n<meta property=\"og:url\" content=\"https:\/\/funstorage.thehuettl.com\/en\/shop\/lego-duplo-10909-mein-erster-bauspass\/\" \/>\n<meta property=\"og:site_name\" content=\"FunStorage\" \/>\n<meta property=\"article:publisher\" content=\"https:\/\/www.facebook.com\/funstorage.de\" \/>\n<meta property=\"article:modified_time\" content=\"2024-11-24T20:27:56+00:00\" \/>\n<meta property=\"og:image\" content=\"https:\/\/funstorage.thehuettl.com\/wp-content\/uploads\/2023\/02\/10909_boxprod_v29-scaled-1.jpg\" \/>\n\t<meta property=\"og:image:width\" content=\"2560\" \/>\n\t<meta property=\"og:image:height\" content=\"2560\" \/>\n\t<meta property=\"og:image:type\" content=\"image\/jpeg\" \/>\n<meta name=\"twitter:card\" content=\"summary_large_image\" \/>\n<meta name=\"twitter:label1\" content=\"Est. reading time\" \/>\n\t<meta name=\"twitter:data1\" content=\"4 minutes\" \/>\n<script type=\"application\/ld+json\" class=\"yoast-schema-graph\">{\"@context\":\"https:\/\/schema.org\",\"@graph\":[{\"@type\":\"WebPage\",\"@id\":\"https:\/\/funstorage.thehuettl.com\/shop\/lego-duplo-10909-mein-erster-bauspass\/\",\"url\":\"https:\/\/funstorage.thehuettl.com\/shop\/lego-duplo-10909-mein-erster-bauspass\/\",\"name\":\"LEGO\u00ae DUPLO 10909 Mein erster Bauspa\u00df - FunStorage\",\"isPartOf\":{\"@id\":\"https:\/\/funstorage.thehuettl.com\/#website\"},\"primaryImageOfPage\":{\"@id\":\"https:\/\/funstorage.thehuettl.com\/shop\/lego-duplo-10909-mein-erster-bauspass\/#primaryimage\"},\"image\":{\"@id\":\"https:\/\/funstorage.thehuettl.com\/shop\/lego-duplo-10909-mein-erster-bauspass\/#primaryimage\"},\"thumbnailUrl\":\"https:\/\/funstorage.thehuettl.com\/wp-content\/uploads\/2023\/02\/10909_boxprod_v29-scaled-1.jpg\",\"datePublished\":\"2023-03-01T01:50:49+00:00\",\"dateModified\":\"2024-11-24T20:27:56+00:00\",\"breadcrumb\":{\"@id\":\"https:\/\/funstorage.thehuettl.com\/shop\/lego-duplo-10909-mein-erster-bauspass\/#breadcrumb\"},\"inLanguage\":\"en-US\",\"potentialAction\":[{\"@type\":\"ReadAction\",\"target\":[\"https:\/\/funstorage.thehuettl.com\/shop\/lego-duplo-10909-mein-erster-bauspass\/\"]}]},{\"@type\":\"ImageObject\",\"inLanguage\":\"en-US\",\"@id\":\"https:\/\/funstorage.thehuettl.com\/shop\/lego-duplo-10909-mein-erster-bauspass\/#primaryimage\",\"url\":\"https:\/\/funstorage.thehuettl.com\/wp-content\/uploads\/2023\/02\/10909_boxprod_v29-scaled-1.jpg\",\"contentUrl\":\"https:\/\/funstorage.thehuettl.com\/wp-content\/uploads\/2023\/02\/10909_boxprod_v29-scaled-1.jpg\",\"width\":2560,\"height\":2560},{\"@type\":\"BreadcrumbList\",\"@id\":\"https:\/\/funstorage.thehuettl.com\/shop\/lego-duplo-10909-mein-erster-bauspass\/#breadcrumb\",\"itemListElement\":[{\"@type\":\"ListItem\",\"position\":1,\"name\":\"Startseite\",\"item\":\"https:\/\/funstorage.thehuettl.com\/step\/homepage\/\"},{\"@type\":\"ListItem\",\"position\":2,\"name\":\"Shop\",\"item\":\"https:\/\/funstorage.thehuettl.com\/shop\/\"},{\"@type\":\"ListItem\",\"position\":3,\"name\":\"LEGO\u00ae DUPLO 10909 Mein erster Bauspa\u00df\"}]},{\"@type\":\"WebSite\",\"@id\":\"https:\/\/funstorage.thehuettl.com\/#website\",\"url\":\"https:\/\/funstorage.thehuettl.com\/\",\"name\":\"FunStorage\",\"description\":\"\",\"publisher\":{\"@id\":\"https:\/\/funstorage.thehuettl.com\/#organization\"},\"potentialAction\":[{\"@type\":\"SearchAction\",\"target\":{\"@type\":\"EntryPoint\",\"urlTemplate\":\"https:\/\/funstorage.thehuettl.com\/?s={search_term_string}\"},\"query-input\":{\"@type\":\"PropertyValueSpecification\",\"valueRequired\":true,\"valueName\":\"search_term_string\"}}],\"inLanguage\":\"en-US\"},{\"@type\":\"Organization\",\"@id\":\"https:\/\/funstorage.thehuettl.com\/#organization\",\"name\":\"FunStorage\",\"url\":\"https:\/\/funstorage.thehuettl.com\/\",\"logo\":{\"@type\":\"ImageObject\",\"inLanguage\":\"en-US\",\"@id\":\"https:\/\/funstorage.thehuettl.com\/#\/schema\/logo\/image\/\",\"url\":\"https:\/\/funstorage.thehuettl.com\/wp-content\/uploads\/2023\/02\/cropped-D2BA2C24-7753-4AC3-9F3B-6C174C5BCB99.png\",\"contentUrl\":\"https:\/\/funstorage.thehuettl.com\/wp-content\/uploads\/2023\/02\/cropped-D2BA2C24-7753-4AC3-9F3B-6C174C5BCB99.png\",\"width\":512,\"height\":512,\"caption\":\"FunStorage\"},\"image\":{\"@id\":\"https:\/\/funstorage.thehuettl.com\/#\/schema\/logo\/image\/\"},\"sameAs\":[\"https:\/\/www.facebook.com\/funstorage.de\"]}]}<\/script>\n<!-- \/ Yoast SEO plugin. -->","yoast_head_json":{"title":"LEGO\u00ae DUPLO 10909 Mein erster Bauspa\u00df - FunStorage","robots":{"index":"index","follow":"follow","max-snippet":"max-snippet:-1","max-image-preview":"max-image-preview:large","max-video-preview":"max-video-preview:-1"},"canonical":"https:\/\/funstorage.thehuettl.com\/en\/wp-json\/wp\/v2\/product\/8712","og_locale":"en_US","og_type":"article","og_title":"LEGO\u00ae DUPLO 10909 Mein erster Bauspa\u00df - FunStorage","og_description":"Dieses bunte Bauspielzeug holt die kreative Seite von Kleinkindern zum Vorschein!","og_url":"https:\/\/funstorage.thehuettl.com\/en\/shop\/lego-duplo-10909-mein-erster-bauspass\/","og_site_name":"FunStorage","article_publisher":"https:\/\/www.facebook.com\/funstorage.de","article_modified_time":"2024-11-24T20:27:56+00:00","og_image":[{"width":2560,"height":2560,"url":"https:\/\/funstorage.thehuettl.com\/wp-content\/uploads\/2023\/02\/10909_boxprod_v29-scaled-1.jpg","type":"image\/jpeg"}],"twitter_card":"summary_large_image","twitter_misc":{"Est. reading time":"4 minutes"},"schema":{"@context":"https:\/\/schema.org","@graph":[{"@type":"WebPage","@id":"https:\/\/funstorage.thehuettl.com\/shop\/lego-duplo-10909-mein-erster-bauspass\/","url":"https:\/\/funstorage.thehuettl.com\/shop\/lego-duplo-10909-mein-erster-bauspass\/","name":"LEGO\u00ae DUPLO 10909 Mein erster Bauspa\u00df - FunStorage","isPartOf":{"@id":"https:\/\/funstorage.thehuettl.com\/#website"},"primaryImageOfPage":{"@id":"https:\/\/funstorage.thehuettl.com\/shop\/lego-duplo-10909-mein-erster-bauspass\/#primaryimage"},"image":{"@id":"https:\/\/funstorage.thehuettl.com\/shop\/lego-duplo-10909-mein-erster-bauspass\/#primaryimage"},"thumbnailUrl":"https:\/\/funstorage.thehuettl.com\/wp-content\/uploads\/2023\/02\/10909_boxprod_v29-scaled-1.jpg","datePublished":"2023-03-01T01:50:49+00:00","dateModified":"2024-11-24T20:27:56+00:00","breadcrumb":{"@id":"https:\/\/funstorage.thehuettl.com\/shop\/lego-duplo-10909-mein-erster-bauspass\/#breadcrumb"},"inLanguage":"en-US","potentialAction":[{"@type":"ReadAction","target":["https:\/\/funstorage.thehuettl.com\/shop\/lego-duplo-10909-mein-erster-bauspass\/"]}]},{"@type":"ImageObject","inLanguage":"en-US","@id":"https:\/\/funstorage.thehuettl.com\/shop\/lego-duplo-10909-mein-erster-bauspass\/#primaryimage","url":"https:\/\/funstorage.thehuettl.com\/wp-content\/uploads\/2023\/02\/10909_boxprod_v29-scaled-1.jpg","contentUrl":"https:\/\/funstorage.thehuettl.com\/wp-content\/uploads\/2023\/02\/10909_boxprod_v29-scaled-1.jpg","width":2560,"height":2560},{"@type":"BreadcrumbList","@id":"https:\/\/funstorage.thehuettl.com\/shop\/lego-duplo-10909-mein-erster-bauspass\/#breadcrumb","itemListElement":[{"@type":"ListItem","position":1,"name":"Startseite","item":"https:\/\/funstorage.thehuettl.com\/step\/homepage\/"},{"@type":"ListItem","position":2,"name":"Shop","item":"https:\/\/funstorage.thehuettl.com\/shop\/"},{"@type":"ListItem","position":3,"name":"LEGO\u00ae DUPLO 10909 Mein erster Bauspa\u00df"}]},{"@type":"WebSite","@id":"https:\/\/funstorage.thehuettl.com\/#website","url":"https:\/\/funstorage.thehuettl.com\/","name":"FunStorage","description":"","publisher":{"@id":"https:\/\/funstorage.thehuettl.com\/#organization"},"potentialAction":[{"@type":"SearchAction","target":{"@type":"EntryPoint","urlTemplate":"https:\/\/funstorage.thehuettl.com\/?s={search_term_string}"},"query-input":{"@type":"PropertyValueSpecification","valueRequired":true,"valueName":"search_term_string"}}],"inLanguage":"en-US"},{"@type":"Organization","@id":"https:\/\/funstorage.thehuettl.com\/#organization","name":"FunStorage","url":"https:\/\/funstorage.thehuettl.com\/","logo":{"@type":"ImageObject","inLanguage":"en-US","@id":"https:\/\/funstorage.thehuettl.com\/#\/schema\/logo\/image\/","url":"https:\/\/funstorage.thehuettl.com\/wp-content\/uploads\/2023\/02\/cropped-D2BA2C24-7753-4AC3-9F3B-6C174C5BCB99.png","contentUrl":"https:\/\/funstorage.thehuettl.com\/wp-content\/uploads\/2023\/02\/cropped-D2BA2C24-7753-4AC3-9F3B-6C174C5BCB99.png","width":512,"height":512,"caption":"FunStorage"},"image":{"@id":"https:\/\/funstorage.thehuettl.com\/#\/schema\/logo\/image\/"},"sameAs":["https:\/\/www.facebook.com\/funstorage.de"]}]}},"_links":{"self":[{"href":"https:\/\/funstorage.thehuettl.com\/en\/wp-json\/wp\/v2\/product\/8712","targetHints":{"allow":["GET"]}}],"collection":[{"href":"https:\/\/funstorage.thehuettl.com\/en\/wp-json\/wp\/v2\/product"}],"about":[{"href":"https:\/\/funstorage.thehuettl.com\/en\/wp-json\/wp\/v2\/types\/product"}],"replies":[{"embeddable":true,"href":"https:\/\/funstorage.thehuettl.com\/en\/wp-json\/wp\/v2\/comments?post=8712"}],"version-history":[{"count":0,"href":"https:\/\/funstorage.thehuettl.com\/en\/wp-json\/wp\/v2\/product\/8712\/revisions"}],"wp:featuredmedia":[{"embeddable":true,"href":"https:\/\/funstorage.thehuettl.com\/en\/wp-json\/wp\/v2\/media\/8241"}],"wp:attachment":[{"href":"https:\/\/funstorage.thehuettl.com\/en\/wp-json\/wp\/v2\/media?parent=8712"}],"wp:term":[{"taxonomy":"product_brand","embeddable":true,"href":"https:\/\/funstorage.thehuettl.com\/en\/wp-json\/wp\/v2\/product_brand?post=8712"},{"taxonomy":"product_cat","embeddable":true,"href":"https:\/\/funstorage.thehuettl.com\/en\/wp-json\/wp\/v2\/product_cat?post=8712"},{"taxonomy":"product_tag","embeddable":true,"href":"https:\/\/funstorage.thehuettl.com\/en\/wp-json\/wp\/v2\/product_tag?post=8712"}],"curies":[{"name":"wp","href":"https:\/\/api.w.org\/{rel}","templated":true}]}}