{"id":8713,"date":"2023-03-01T02:50:50","date_gmt":"2023-03-01T01:50:50","guid":{"rendered":"https:\/\/funstorage.thehuettl.com\/?post_type=product&#038;p=8713"},"modified":"2024-11-24T21:25:17","modified_gmt":"2024-11-24T20:25:17","slug":"lego-11017-classic-kreative-monster-kreativ-set-mit-lego-steinen","status":"publish","type":"product","link":"https:\/\/funstorage.thehuettl.com\/en\/shop\/lego-11017-classic-kreative-monster-kreativ-set-mit-lego-steinen\/","title":{"rendered":"LEGO\u00ae 11017 Classic Kreative Monster Kreativ-Set mit LEGO Steinen"},"content":{"rendered":"<p>Lass dein Kind mit dem LEGO\u00ae Classic Spielset \u201eKreative Monster\u201c ganz spielerisch lernen. Das Set beinhaltet farbenfrohe LEGO Teile und 5 niedliche Monster zum Zusammenbauen. Die Bildanleitung zu jedem Mini-Modell k\u00f6nnen auch LEGO Anf\u00e4nger leicht befolgen. Mit einem ganzen Beutel voll zus\u00e4tzlicher Steine kann dein Kind dann sp\u00e4ter seine eigenen kleinen Ungeheuer erschaffen.<\/p>\n<p>Mit dem LEGO\u00ae Classic Spielset \u201eKreative Monster\u201c (11017) kann dein Kind viele Stunden kreativ mit Freunden und Geschwistern spielen. Das Set beinhaltet bunte LEGO Steine in allen Farben des Regenbogens, Bauideen f\u00fcr 5 Spielzeug-Monster und einen ganzen Beutel voll zus\u00e4tzlicher Steine f\u00fcr eigene kreative Modelle! Perfekt f\u00fcr Kinder ab 4 Jahren Zu jeder der 5 Bauideen f\u00fcr ein Spielzeug-Monster ist eine Schritt-f\u00fcr-Schritt-Bildanleitung vorhanden, damit auch Anf\u00e4nger eigene LEGO\u00ae Mini-Modelle erschaffen und sich an ihrem Bauerfolg erfreuen k\u00f6nnen. Entwicklung lebenswichtiger F\u00e4higkeiten LEGO\u00ae Classic Bausets liefern Ideen f\u00fcr spannende Modelle, die Kinder viele Stunden frei spielen und kreative F\u00e4higkeiten entwickeln lassen, von denen sie ihr ganzes Leben profitieren werden.<\/p>\n<p>&nbsp;<\/p>\n<p>Anzahl Teile: 140<\/p>\n<p>Altersempfehlung: 4+<\/p>\n<p>Thema: Classic<\/p>\n<p>EAN: 5702017117485<\/p>\n<p>&nbsp;<\/p>\n<p>\u2022 Kreatives Spielvergn\u00fcgen f\u00fcr Kinder: Mit dem LEGO\u00ae Classic Spielset \u201eKreative Monster\u201c (11017) kann dein Kind viele Stunden mit Freunden und Geschwistern spielen und viele kreative Modelle erschaffen<br \/>\n\u2022 Inhalt des Sets: Alles, was Kinder brauchen, um 5 Spielzeug-Monster zu erschaffen, und ein Haufen LEGO\u00ae Steine f\u00fcr viele eigene Ungeheuer<br \/>\n\u2022 Faszinierende Modelle: Kinder bauen die 5 Mini-Modelle und spielen mit den Monstern. Sp\u00e4ter entdecken sie dann, wie sie eigene kreative LEGO\u00ae Spielzeuge erschaffen k\u00f6nnen<br \/>\n\u2022 Geschenk f\u00fcr jeden Anlass: Das Set eignet sich als Geburtstags-, Weihnachts- oder \u00dcberraschungsgeschenk f\u00fcr LEGO\u00ae Anf\u00e4nger und Kinder, die ihre LEGO Steinesammlung erweitern m\u00f6chten<br \/>\n\u2022 LEGO\u00ae Teile in allen Farben des Regenbogens: Mit den 140 Teilen aus diesem LEGO Set kann dein Kind alles bauen, was es sich vorstellt<br \/>\n\u2022 Weitere Sets zum Sammeln und Kombinieren: F\u00fcr noch mehr kreativen Spielspa\u00df kann dein Kind dieses Spielset auch mit den anderen LEGO\u00ae Classic Sets kombinieren<br \/>\n\u2022 Einfache Bildanleitung: Zu jeder der 5 Bauideen ist eine Schritt-f\u00fcr-Schritt-Anleitung vorhanden, damit auch Anf\u00e4nger erste eigene LEGO\u00ae Spielzeuge bauen k\u00f6nnen<br \/>\n\u2022 Spielerisch lernen: LEGO\u00ae Classic Bausets lassen dein Kind kreative F\u00e4higkeiten f\u00fcrs ganze Leben entwickeln<br \/>\n\u2022 Hochwertiges kreatives Spielzeug f\u00fcr Kinder: Alle LEGO\u00ae Elemente entsprechen schon seit 1958 strengen Branchenstandards, damit sie einheitlich und kompatibel sind<br \/>\n\u2022 Gepr\u00fcfte Sicherheit: Alle LEGO\u00ae Bauspielzeuge werden gr\u00fcndlich getestet, damit jedes Spielset strenge Sicherheitsstandards erf\u00fcllt<\/p>","protected":false},"excerpt":{"rendered":"<p>Dieses LEGO\u00ae Classic Set l\u00e4sst dein Kind kreativ werden. Daf\u00fcr sorgen die Mini-Modelle, die fantasievolle Monster darstellen, und viele farbenfrohe LEGO Steine.<\/p>","protected":false},"featured_media":8247,"comment_status":"open","ping_status":"closed","template":"","meta":[],"product_brand":[],"product_cat":[34,37,47,36],"product_tag":[51,52,49,53,54,42,44,45,70,58],"class_list":{"0":"post-8713","1":"product","2":"type-product","3":"status-publish","4":"has-post-thumbnail","6":"product_cat-lego","7":"product_cat-konstruktionsspielzeug","8":"product_cat-lego-classic","9":"product_cat-spielwaren","10":"product_tag-bausteine","11":"product_tag-box","12":"product_tag-bunt","13":"product_tag-classic","14":"product_tag-farben","15":"product_tag-klemmbausteine","16":"product_tag-kreativ","17":"product_tag-lego","18":"product_tag-monster","19":"product_tag-vielfalt","21":"first","22":"instock","23":"taxable","24":"shipping-taxable","25":"purchasable","26":"product-type-simple"},"yoast_head":"<!-- This site is optimized with the Yoast SEO plugin v26.4 - https:\/\/yoast.com\/wordpress\/plugins\/seo\/ -->\n<title>LEGO\u00ae 11017 Classic Kreative Monster Kreativ-Set mit LEGO Steinen - FunStorage<\/title>\n<meta name=\"robots\" content=\"index, follow, max-snippet:-1, max-image-preview:large, max-video-preview:-1\" \/>\n<link rel=\"canonical\" href=\"https:\/\/funstorage.thehuettl.com\/en\/wp-json\/wp\/v2\/product\/8713\" \/>\n<meta property=\"og:locale\" content=\"en_US\" \/>\n<meta property=\"og:type\" content=\"article\" \/>\n<meta property=\"og:title\" content=\"LEGO\u00ae 11017 Classic Kreative Monster Kreativ-Set mit LEGO Steinen - FunStorage\" \/>\n<meta property=\"og:description\" content=\"Dieses LEGO\u00ae Classic Set l\u00e4sst dein Kind kreativ werden. Daf\u00fcr sorgen die Mini-Modelle, die fantasievolle Monster darstellen, und viele farbenfrohe LEGO Steine.\" \/>\n<meta property=\"og:url\" content=\"https:\/\/funstorage.thehuettl.com\/en\/shop\/lego-11017-classic-kreative-monster-kreativ-set-mit-lego-steinen\/\" \/>\n<meta property=\"og:site_name\" content=\"FunStorage\" \/>\n<meta property=\"article:publisher\" content=\"https:\/\/www.facebook.com\/funstorage.de\" \/>\n<meta property=\"article:modified_time\" content=\"2024-11-24T20:25:17+00:00\" \/>\n<meta property=\"og:image\" content=\"https:\/\/funstorage.thehuettl.com\/wp-content\/uploads\/2023\/02\/11017_boxprod_v29-scaled-1.jpg\" \/>\n\t<meta property=\"og:image:width\" content=\"2560\" \/>\n\t<meta property=\"og:image:height\" content=\"2560\" \/>\n\t<meta property=\"og:image:type\" content=\"image\/jpeg\" \/>\n<meta name=\"twitter:card\" content=\"summary_large_image\" \/>\n<meta name=\"twitter:label1\" content=\"Est. reading time\" \/>\n\t<meta name=\"twitter:data1\" content=\"3 minutes\" \/>\n<script type=\"application\/ld+json\" class=\"yoast-schema-graph\">{\"@context\":\"https:\/\/schema.org\",\"@graph\":[{\"@type\":\"WebPage\",\"@id\":\"https:\/\/funstorage.thehuettl.com\/shop\/lego-11017-classic-kreative-monster-kreativ-set-mit-lego-steinen\/\",\"url\":\"https:\/\/funstorage.thehuettl.com\/shop\/lego-11017-classic-kreative-monster-kreativ-set-mit-lego-steinen\/\",\"name\":\"LEGO\u00ae 11017 Classic Kreative Monster Kreativ-Set mit LEGO Steinen - FunStorage\",\"isPartOf\":{\"@id\":\"https:\/\/funstorage.thehuettl.com\/#website\"},\"primaryImageOfPage\":{\"@id\":\"https:\/\/funstorage.thehuettl.com\/shop\/lego-11017-classic-kreative-monster-kreativ-set-mit-lego-steinen\/#primaryimage\"},\"image\":{\"@id\":\"https:\/\/funstorage.thehuettl.com\/shop\/lego-11017-classic-kreative-monster-kreativ-set-mit-lego-steinen\/#primaryimage\"},\"thumbnailUrl\":\"https:\/\/funstorage.thehuettl.com\/wp-content\/uploads\/2023\/02\/11017_boxprod_v29-scaled-1.jpg\",\"datePublished\":\"2023-03-01T01:50:50+00:00\",\"dateModified\":\"2024-11-24T20:25:17+00:00\",\"breadcrumb\":{\"@id\":\"https:\/\/funstorage.thehuettl.com\/shop\/lego-11017-classic-kreative-monster-kreativ-set-mit-lego-steinen\/#breadcrumb\"},\"inLanguage\":\"en-US\",\"potentialAction\":[{\"@type\":\"ReadAction\",\"target\":[\"https:\/\/funstorage.thehuettl.com\/shop\/lego-11017-classic-kreative-monster-kreativ-set-mit-lego-steinen\/\"]}]},{\"@type\":\"ImageObject\",\"inLanguage\":\"en-US\",\"@id\":\"https:\/\/funstorage.thehuettl.com\/shop\/lego-11017-classic-kreative-monster-kreativ-set-mit-lego-steinen\/#primaryimage\",\"url\":\"https:\/\/funstorage.thehuettl.com\/wp-content\/uploads\/2023\/02\/11017_boxprod_v29-scaled-1.jpg\",\"contentUrl\":\"https:\/\/funstorage.thehuettl.com\/wp-content\/uploads\/2023\/02\/11017_boxprod_v29-scaled-1.jpg\",\"width\":2560,\"height\":2560},{\"@type\":\"BreadcrumbList\",\"@id\":\"https:\/\/funstorage.thehuettl.com\/shop\/lego-11017-classic-kreative-monster-kreativ-set-mit-lego-steinen\/#breadcrumb\",\"itemListElement\":[{\"@type\":\"ListItem\",\"position\":1,\"name\":\"Startseite\",\"item\":\"https:\/\/funstorage.thehuettl.com\/step\/homepage\/\"},{\"@type\":\"ListItem\",\"position\":2,\"name\":\"Shop\",\"item\":\"https:\/\/funstorage.thehuettl.com\/shop\/\"},{\"@type\":\"ListItem\",\"position\":3,\"name\":\"LEGO\u00ae 11017 Classic Kreative Monster Kreativ-Set mit LEGO Steinen\"}]},{\"@type\":\"WebSite\",\"@id\":\"https:\/\/funstorage.thehuettl.com\/#website\",\"url\":\"https:\/\/funstorage.thehuettl.com\/\",\"name\":\"FunStorage\",\"description\":\"\",\"publisher\":{\"@id\":\"https:\/\/funstorage.thehuettl.com\/#organization\"},\"potentialAction\":[{\"@type\":\"SearchAction\",\"target\":{\"@type\":\"EntryPoint\",\"urlTemplate\":\"https:\/\/funstorage.thehuettl.com\/?s={search_term_string}\"},\"query-input\":{\"@type\":\"PropertyValueSpecification\",\"valueRequired\":true,\"valueName\":\"search_term_string\"}}],\"inLanguage\":\"en-US\"},{\"@type\":\"Organization\",\"@id\":\"https:\/\/funstorage.thehuettl.com\/#organization\",\"name\":\"FunStorage\",\"url\":\"https:\/\/funstorage.thehuettl.com\/\",\"logo\":{\"@type\":\"ImageObject\",\"inLanguage\":\"en-US\",\"@id\":\"https:\/\/funstorage.thehuettl.com\/#\/schema\/logo\/image\/\",\"url\":\"https:\/\/funstorage.thehuettl.com\/wp-content\/uploads\/2023\/02\/cropped-D2BA2C24-7753-4AC3-9F3B-6C174C5BCB99.png\",\"contentUrl\":\"https:\/\/funstorage.thehuettl.com\/wp-content\/uploads\/2023\/02\/cropped-D2BA2C24-7753-4AC3-9F3B-6C174C5BCB99.png\",\"width\":512,\"height\":512,\"caption\":\"FunStorage\"},\"image\":{\"@id\":\"https:\/\/funstorage.thehuettl.com\/#\/schema\/logo\/image\/\"},\"sameAs\":[\"https:\/\/www.facebook.com\/funstorage.de\"]}]}<\/script>\n<!-- \/ Yoast SEO plugin. -->","yoast_head_json":{"title":"LEGO\u00ae 11017 Classic Kreative Monster Kreativ-Set mit LEGO Steinen - FunStorage","robots":{"index":"index","follow":"follow","max-snippet":"max-snippet:-1","max-image-preview":"max-image-preview:large","max-video-preview":"max-video-preview:-1"},"canonical":"https:\/\/funstorage.thehuettl.com\/en\/wp-json\/wp\/v2\/product\/8713","og_locale":"en_US","og_type":"article","og_title":"LEGO\u00ae 11017 Classic Kreative Monster Kreativ-Set mit LEGO Steinen - FunStorage","og_description":"Dieses LEGO\u00ae Classic Set l\u00e4sst dein Kind kreativ werden. Daf\u00fcr sorgen die Mini-Modelle, die fantasievolle Monster darstellen, und viele farbenfrohe LEGO Steine.","og_url":"https:\/\/funstorage.thehuettl.com\/en\/shop\/lego-11017-classic-kreative-monster-kreativ-set-mit-lego-steinen\/","og_site_name":"FunStorage","article_publisher":"https:\/\/www.facebook.com\/funstorage.de","article_modified_time":"2024-11-24T20:25:17+00:00","og_image":[{"width":2560,"height":2560,"url":"https:\/\/funstorage.thehuettl.com\/wp-content\/uploads\/2023\/02\/11017_boxprod_v29-scaled-1.jpg","type":"image\/jpeg"}],"twitter_card":"summary_large_image","twitter_misc":{"Est. reading time":"3 minutes"},"schema":{"@context":"https:\/\/schema.org","@graph":[{"@type":"WebPage","@id":"https:\/\/funstorage.thehuettl.com\/shop\/lego-11017-classic-kreative-monster-kreativ-set-mit-lego-steinen\/","url":"https:\/\/funstorage.thehuettl.com\/shop\/lego-11017-classic-kreative-monster-kreativ-set-mit-lego-steinen\/","name":"LEGO\u00ae 11017 Classic Kreative Monster Kreativ-Set mit LEGO Steinen - FunStorage","isPartOf":{"@id":"https:\/\/funstorage.thehuettl.com\/#website"},"primaryImageOfPage":{"@id":"https:\/\/funstorage.thehuettl.com\/shop\/lego-11017-classic-kreative-monster-kreativ-set-mit-lego-steinen\/#primaryimage"},"image":{"@id":"https:\/\/funstorage.thehuettl.com\/shop\/lego-11017-classic-kreative-monster-kreativ-set-mit-lego-steinen\/#primaryimage"},"thumbnailUrl":"https:\/\/funstorage.thehuettl.com\/wp-content\/uploads\/2023\/02\/11017_boxprod_v29-scaled-1.jpg","datePublished":"2023-03-01T01:50:50+00:00","dateModified":"2024-11-24T20:25:17+00:00","breadcrumb":{"@id":"https:\/\/funstorage.thehuettl.com\/shop\/lego-11017-classic-kreative-monster-kreativ-set-mit-lego-steinen\/#breadcrumb"},"inLanguage":"en-US","potentialAction":[{"@type":"ReadAction","target":["https:\/\/funstorage.thehuettl.com\/shop\/lego-11017-classic-kreative-monster-kreativ-set-mit-lego-steinen\/"]}]},{"@type":"ImageObject","inLanguage":"en-US","@id":"https:\/\/funstorage.thehuettl.com\/shop\/lego-11017-classic-kreative-monster-kreativ-set-mit-lego-steinen\/#primaryimage","url":"https:\/\/funstorage.thehuettl.com\/wp-content\/uploads\/2023\/02\/11017_boxprod_v29-scaled-1.jpg","contentUrl":"https:\/\/funstorage.thehuettl.com\/wp-content\/uploads\/2023\/02\/11017_boxprod_v29-scaled-1.jpg","width":2560,"height":2560},{"@type":"BreadcrumbList","@id":"https:\/\/funstorage.thehuettl.com\/shop\/lego-11017-classic-kreative-monster-kreativ-set-mit-lego-steinen\/#breadcrumb","itemListElement":[{"@type":"ListItem","position":1,"name":"Startseite","item":"https:\/\/funstorage.thehuettl.com\/step\/homepage\/"},{"@type":"ListItem","position":2,"name":"Shop","item":"https:\/\/funstorage.thehuettl.com\/shop\/"},{"@type":"ListItem","position":3,"name":"LEGO\u00ae 11017 Classic Kreative Monster Kreativ-Set mit LEGO Steinen"}]},{"@type":"WebSite","@id":"https:\/\/funstorage.thehuettl.com\/#website","url":"https:\/\/funstorage.thehuettl.com\/","name":"FunStorage","description":"","publisher":{"@id":"https:\/\/funstorage.thehuettl.com\/#organization"},"potentialAction":[{"@type":"SearchAction","target":{"@type":"EntryPoint","urlTemplate":"https:\/\/funstorage.thehuettl.com\/?s={search_term_string}"},"query-input":{"@type":"PropertyValueSpecification","valueRequired":true,"valueName":"search_term_string"}}],"inLanguage":"en-US"},{"@type":"Organization","@id":"https:\/\/funstorage.thehuettl.com\/#organization","name":"FunStorage","url":"https:\/\/funstorage.thehuettl.com\/","logo":{"@type":"ImageObject","inLanguage":"en-US","@id":"https:\/\/funstorage.thehuettl.com\/#\/schema\/logo\/image\/","url":"https:\/\/funstorage.thehuettl.com\/wp-content\/uploads\/2023\/02\/cropped-D2BA2C24-7753-4AC3-9F3B-6C174C5BCB99.png","contentUrl":"https:\/\/funstorage.thehuettl.com\/wp-content\/uploads\/2023\/02\/cropped-D2BA2C24-7753-4AC3-9F3B-6C174C5BCB99.png","width":512,"height":512,"caption":"FunStorage"},"image":{"@id":"https:\/\/funstorage.thehuettl.com\/#\/schema\/logo\/image\/"},"sameAs":["https:\/\/www.facebook.com\/funstorage.de"]}]}},"_links":{"self":[{"href":"https:\/\/funstorage.thehuettl.com\/en\/wp-json\/wp\/v2\/product\/8713","targetHints":{"allow":["GET"]}}],"collection":[{"href":"https:\/\/funstorage.thehuettl.com\/en\/wp-json\/wp\/v2\/product"}],"about":[{"href":"https:\/\/funstorage.thehuettl.com\/en\/wp-json\/wp\/v2\/types\/product"}],"replies":[{"embeddable":true,"href":"https:\/\/funstorage.thehuettl.com\/en\/wp-json\/wp\/v2\/comments?post=8713"}],"version-history":[{"count":0,"href":"https:\/\/funstorage.thehuettl.com\/en\/wp-json\/wp\/v2\/product\/8713\/revisions"}],"wp:featuredmedia":[{"embeddable":true,"href":"https:\/\/funstorage.thehuettl.com\/en\/wp-json\/wp\/v2\/media\/8247"}],"wp:attachment":[{"href":"https:\/\/funstorage.thehuettl.com\/en\/wp-json\/wp\/v2\/media?parent=8713"}],"wp:term":[{"taxonomy":"product_brand","embeddable":true,"href":"https:\/\/funstorage.thehuettl.com\/en\/wp-json\/wp\/v2\/product_brand?post=8713"},{"taxonomy":"product_cat","embeddable":true,"href":"https:\/\/funstorage.thehuettl.com\/en\/wp-json\/wp\/v2\/product_cat?post=8713"},{"taxonomy":"product_tag","embeddable":true,"href":"https:\/\/funstorage.thehuettl.com\/en\/wp-json\/wp\/v2\/product_tag?post=8713"}],"curies":[{"name":"wp","href":"https:\/\/api.w.org\/{rel}","templated":true}]}}