{"id":8714,"date":"2023-03-01T02:50:50","date_gmt":"2023-03-01T01:50:50","guid":{"rendered":"https:\/\/funstorage.thehuettl.com\/?post_type=product&#038;p=8714"},"modified":"2024-11-24T21:25:40","modified_gmt":"2024-11-24T20:25:40","slug":"lego-11018-classic-kreativer-meeresspass-kreativ-set-mit-bunten-bausteinen","status":"publish","type":"product","link":"https:\/\/funstorage.thehuettl.com\/en\/shop\/lego-11018-classic-kreativer-meeresspass-kreativ-set-mit-bunten-bausteinen\/","title":{"rendered":"LEGO\u00ae 11018 Classic Kreativer Meeresspa\u00df, Kreativ-Set mit bunten Bausteinen"},"content":{"rendered":"<p>Das LEGO\u00ae Classic Spielset \u201eKreativer Meeresspa\u00df\u201c l\u00e4sst dein Kind ganz spielerisch lernen. Eine bunte Auswahl an LEGO Teilen und Bildanleitungen f\u00fcr 6 faszinierende Modelle laden zum Bauen ein. Kinder k\u00f6nnen mit ihren Freunden und Geschwistern ein Wikingerschiff, ein gelbes U-Boot, eine Unterwasserdrohne, ein Seepferdchen, einen Wal und eine Schildkr\u00f6te bauen. 2 Beutel mit zus\u00e4tzlichen Steinen lassen dein Kind sp\u00e4ter noch viele eigene LEGO Modelle erschaffen.<\/p>\n<p>Das LEGO\u00ae Classic Spielset \u201eKreativer Meeresspa\u00df\u201c (11018) l\u00e4sst dein Kind besonders fantasievoll spielen. Die bunte Auswahl an LEGO Teilen und 6 faszinierende Bauideen f\u00fcr Meeresmodelle bieten sofortigen Bauspa\u00df. 2 Beutel mit zus\u00e4tzlichen Steinen lassen dein Kind dann kreative eigene Modelle erschaffen. Tolle Bauideen f\u00fcr Kinder ab 4 Jahren Mithilfe der Schritt-f\u00fcr-Schritt-Bildanleitungen kann dein Kind ein Wikingerschiff, ein gelbes U-Boot, eine Unterwasserdrohne, ein Seepferdchen, einen Wal und eine Schildkr\u00f6te bauen. Auch absolute Anf\u00e4nger erleben, wie viel Freude es macht, eigene LEGO Spielzeuge zu bauen. LEGO Classic Bauspielzeuge lassen dein Kind spielerisch lernen LEGO\u00ae Classic Bausets liefern unz\u00e4hlige Ideen, um Kinder viele Stunden frei spielen und wichtige kreative F\u00e4higkeiten entwickeln zu lassen, von denen sie ihr ganzes Leben profitieren werden.<\/p>\n<p>&nbsp;<\/p>\n<p>Anzahl Teile: 333<\/p>\n<p>Altersempfehlung: 4+<\/p>\n<p>Thema: Classic<\/p>\n<p>EAN: 5702017117591<\/p>\n<p>&nbsp;<\/p>\n<p>\u2022 Fantasievolles Spielvergn\u00fcgen f\u00fcr Kinder ab 4 Jahren: Das LEGO\u00ae Classic Bau- und Spielset \u201eKreativer Meeresspa\u00df\u201c (11018) beinhaltet viele bunte LEGO Teile und Ideen f\u00fcr 6 Meeresmodelle, die dein Kind sofort spielen lassen<br \/>\n\u2022 Inhalt des Sets: Alles, was Kinder brauchen, um ein Wikingerschiff, ein gelbes U-Boot, eine Unterwasserdrohne, ein Seepferdchen, einen Wal und eine Schildkr\u00f6te zu bauen, sowie 2 Beutel mit LEGO\u00ae Teilen f\u00fcr kreative eigene Modelle<br \/>\n\u2022 Lass dein Kind kreativ spielen: Kinder bauen erst die 6 vorgeschlagenen Modelle und entdecken dann, wie sie eigene ebenso fantasievolle wie kreative LEGO\u00ae Spielzeuge erschaffen k\u00f6nnen<br \/>\n\u2022 Geschenk f\u00fcr jeden Anlass: Dieses LEGO\u00ae Spielzeug eignet sich als Geburtstags-, Weihnachts- oder \u00dcberraschungsgeschenk f\u00fcr junge LEGO Baumeister und Kinder, die ihre LEGO Steinesammlung erweitern m\u00f6chten<br \/>\n\u2022 Bunte Auswahl an LEGO\u00ae Teilen: Mit den 333 Teilen aus diesem LEGO Spielset kann dein Kind alles bauen, was ihm in den Sinn kommt<br \/>\n\u2022 Weitere Sets zum Sammeln und Kombinieren: F\u00fcr noch mehr kreativen Spielspa\u00df kann dein Kind dieses Spielset auch mit den anderen LEGO\u00ae Classic Sets kombinieren<br \/>\n\u2022 Schritt-f\u00fcr-Schritt-Bildanleitungen: Zu jeder der 6 Bauideen ist eine Bildanleitung vorhanden, damit auch Anf\u00e4nger erste eigene LEGO\u00ae Spielzeuge bauen k\u00f6nnen<br \/>\n\u2022 Lernen hat noch nie so viel Spa\u00df gemacht: Beim Bauen und Spielen entwickeln Kinder kreative F\u00e4higkeiten f\u00fcrs ganze Leben<br \/>\n\u2022 Hochwertiges Bauspielzeug f\u00fcr Kinder: Alle LEGO\u00ae Elemente erf\u00fcllen strenge Branchenstandards, damit sie einheitlich und kompatibel sind<br \/>\n\u2022 Gr\u00fcndlich gepr\u00fcft: Alle LEGO\u00ae Bauspielzeuge werden gr\u00fcndlich getestet, damit jedes Spielset strenge Sicherheitsstandards erf\u00fcllt<\/p>","protected":false},"excerpt":{"rendered":"<p>Das LEGO\u00ae Classic Spielset \u201eKreativer Meeresspa\u00df\u201c beinhaltet eine bunte Auswahl an LEGO Steinen und 6 faszinierende Modelle, die dein Kind sofort zu spannenden Meeresabenteuern inspirieren.<\/p>","protected":false},"featured_media":8253,"comment_status":"open","ping_status":"closed","template":"","meta":[],"product_brand":[],"product_cat":[34,37,47,36],"product_tag":[51,52,49,53,54,42,44,45,71,72,58],"class_list":{"0":"post-8714","1":"product","2":"type-product","3":"status-publish","4":"has-post-thumbnail","6":"product_cat-lego","7":"product_cat-konstruktionsspielzeug","8":"product_cat-lego-classic","9":"product_cat-spielwaren","10":"product_tag-bausteine","11":"product_tag-box","12":"product_tag-bunt","13":"product_tag-classic","14":"product_tag-farben","15":"product_tag-klemmbausteine","16":"product_tag-kreativ","17":"product_tag-lego","18":"product_tag-meer","19":"product_tag-meerestiere","20":"product_tag-vielfalt","22":"first","23":"instock","24":"taxable","25":"shipping-taxable","26":"purchasable","27":"product-type-simple"},"yoast_head":"<!-- This site is optimized with the Yoast SEO plugin v26.4 - https:\/\/yoast.com\/wordpress\/plugins\/seo\/ -->\n<title>LEGO\u00ae 11018 Classic Kreativer Meeresspa\u00df, Kreativ-Set mit bunten Bausteinen - FunStorage<\/title>\n<meta name=\"robots\" content=\"index, follow, max-snippet:-1, max-image-preview:large, max-video-preview:-1\" \/>\n<link rel=\"canonical\" href=\"https:\/\/funstorage.thehuettl.com\/en\/wp-json\/wp\/v2\/product\/8714\" \/>\n<meta property=\"og:locale\" content=\"en_US\" \/>\n<meta property=\"og:type\" content=\"article\" \/>\n<meta property=\"og:title\" content=\"LEGO\u00ae 11018 Classic Kreativer Meeresspa\u00df, Kreativ-Set mit bunten Bausteinen - FunStorage\" \/>\n<meta property=\"og:description\" content=\"Das LEGO\u00ae Classic Spielset \u201eKreativer Meeresspa\u00df\u201c beinhaltet eine bunte Auswahl an LEGO Steinen und 6 faszinierende Modelle, die dein Kind sofort zu spannenden Meeresabenteuern inspirieren.\" \/>\n<meta property=\"og:url\" content=\"https:\/\/funstorage.thehuettl.com\/en\/shop\/lego-11018-classic-kreativer-meeresspass-kreativ-set-mit-bunten-bausteinen\/\" \/>\n<meta property=\"og:site_name\" content=\"FunStorage\" \/>\n<meta property=\"article:publisher\" content=\"https:\/\/www.facebook.com\/funstorage.de\" \/>\n<meta property=\"article:modified_time\" content=\"2024-11-24T20:25:40+00:00\" \/>\n<meta property=\"og:image\" content=\"https:\/\/funstorage.thehuettl.com\/wp-content\/uploads\/2023\/02\/11018_boxprod_v29-scaled-1.jpg\" \/>\n\t<meta property=\"og:image:width\" content=\"2560\" \/>\n\t<meta property=\"og:image:height\" content=\"2560\" \/>\n\t<meta property=\"og:image:type\" content=\"image\/jpeg\" \/>\n<meta name=\"twitter:card\" content=\"summary_large_image\" \/>\n<meta name=\"twitter:label1\" content=\"Est. reading time\" \/>\n\t<meta name=\"twitter:data1\" content=\"3 minutes\" \/>\n<script type=\"application\/ld+json\" class=\"yoast-schema-graph\">{\"@context\":\"https:\/\/schema.org\",\"@graph\":[{\"@type\":\"WebPage\",\"@id\":\"https:\/\/funstorage.thehuettl.com\/shop\/lego-11018-classic-kreativer-meeresspass-kreativ-set-mit-bunten-bausteinen\/\",\"url\":\"https:\/\/funstorage.thehuettl.com\/shop\/lego-11018-classic-kreativer-meeresspass-kreativ-set-mit-bunten-bausteinen\/\",\"name\":\"LEGO\u00ae 11018 Classic Kreativer Meeresspa\u00df, Kreativ-Set mit bunten Bausteinen - FunStorage\",\"isPartOf\":{\"@id\":\"https:\/\/funstorage.thehuettl.com\/#website\"},\"primaryImageOfPage\":{\"@id\":\"https:\/\/funstorage.thehuettl.com\/shop\/lego-11018-classic-kreativer-meeresspass-kreativ-set-mit-bunten-bausteinen\/#primaryimage\"},\"image\":{\"@id\":\"https:\/\/funstorage.thehuettl.com\/shop\/lego-11018-classic-kreativer-meeresspass-kreativ-set-mit-bunten-bausteinen\/#primaryimage\"},\"thumbnailUrl\":\"https:\/\/funstorage.thehuettl.com\/wp-content\/uploads\/2023\/02\/11018_boxprod_v29-scaled-1.jpg\",\"datePublished\":\"2023-03-01T01:50:50+00:00\",\"dateModified\":\"2024-11-24T20:25:40+00:00\",\"breadcrumb\":{\"@id\":\"https:\/\/funstorage.thehuettl.com\/shop\/lego-11018-classic-kreativer-meeresspass-kreativ-set-mit-bunten-bausteinen\/#breadcrumb\"},\"inLanguage\":\"en-US\",\"potentialAction\":[{\"@type\":\"ReadAction\",\"target\":[\"https:\/\/funstorage.thehuettl.com\/shop\/lego-11018-classic-kreativer-meeresspass-kreativ-set-mit-bunten-bausteinen\/\"]}]},{\"@type\":\"ImageObject\",\"inLanguage\":\"en-US\",\"@id\":\"https:\/\/funstorage.thehuettl.com\/shop\/lego-11018-classic-kreativer-meeresspass-kreativ-set-mit-bunten-bausteinen\/#primaryimage\",\"url\":\"https:\/\/funstorage.thehuettl.com\/wp-content\/uploads\/2023\/02\/11018_boxprod_v29-scaled-1.jpg\",\"contentUrl\":\"https:\/\/funstorage.thehuettl.com\/wp-content\/uploads\/2023\/02\/11018_boxprod_v29-scaled-1.jpg\",\"width\":2560,\"height\":2560},{\"@type\":\"BreadcrumbList\",\"@id\":\"https:\/\/funstorage.thehuettl.com\/shop\/lego-11018-classic-kreativer-meeresspass-kreativ-set-mit-bunten-bausteinen\/#breadcrumb\",\"itemListElement\":[{\"@type\":\"ListItem\",\"position\":1,\"name\":\"Startseite\",\"item\":\"https:\/\/funstorage.thehuettl.com\/step\/homepage\/\"},{\"@type\":\"ListItem\",\"position\":2,\"name\":\"Shop\",\"item\":\"https:\/\/funstorage.thehuettl.com\/shop\/\"},{\"@type\":\"ListItem\",\"position\":3,\"name\":\"LEGO\u00ae 11018 Classic Kreativer Meeresspa\u00df, Kreativ-Set mit bunten Bausteinen\"}]},{\"@type\":\"WebSite\",\"@id\":\"https:\/\/funstorage.thehuettl.com\/#website\",\"url\":\"https:\/\/funstorage.thehuettl.com\/\",\"name\":\"FunStorage\",\"description\":\"\",\"publisher\":{\"@id\":\"https:\/\/funstorage.thehuettl.com\/#organization\"},\"potentialAction\":[{\"@type\":\"SearchAction\",\"target\":{\"@type\":\"EntryPoint\",\"urlTemplate\":\"https:\/\/funstorage.thehuettl.com\/?s={search_term_string}\"},\"query-input\":{\"@type\":\"PropertyValueSpecification\",\"valueRequired\":true,\"valueName\":\"search_term_string\"}}],\"inLanguage\":\"en-US\"},{\"@type\":\"Organization\",\"@id\":\"https:\/\/funstorage.thehuettl.com\/#organization\",\"name\":\"FunStorage\",\"url\":\"https:\/\/funstorage.thehuettl.com\/\",\"logo\":{\"@type\":\"ImageObject\",\"inLanguage\":\"en-US\",\"@id\":\"https:\/\/funstorage.thehuettl.com\/#\/schema\/logo\/image\/\",\"url\":\"https:\/\/funstorage.thehuettl.com\/wp-content\/uploads\/2023\/02\/cropped-D2BA2C24-7753-4AC3-9F3B-6C174C5BCB99.png\",\"contentUrl\":\"https:\/\/funstorage.thehuettl.com\/wp-content\/uploads\/2023\/02\/cropped-D2BA2C24-7753-4AC3-9F3B-6C174C5BCB99.png\",\"width\":512,\"height\":512,\"caption\":\"FunStorage\"},\"image\":{\"@id\":\"https:\/\/funstorage.thehuettl.com\/#\/schema\/logo\/image\/\"},\"sameAs\":[\"https:\/\/www.facebook.com\/funstorage.de\"]}]}<\/script>\n<!-- \/ Yoast SEO plugin. -->","yoast_head_json":{"title":"LEGO\u00ae 11018 Classic Kreativer Meeresspa\u00df, Kreativ-Set mit bunten Bausteinen - FunStorage","robots":{"index":"index","follow":"follow","max-snippet":"max-snippet:-1","max-image-preview":"max-image-preview:large","max-video-preview":"max-video-preview:-1"},"canonical":"https:\/\/funstorage.thehuettl.com\/en\/wp-json\/wp\/v2\/product\/8714","og_locale":"en_US","og_type":"article","og_title":"LEGO\u00ae 11018 Classic Kreativer Meeresspa\u00df, Kreativ-Set mit bunten Bausteinen - FunStorage","og_description":"Das LEGO\u00ae Classic Spielset \u201eKreativer Meeresspa\u00df\u201c beinhaltet eine bunte Auswahl an LEGO Steinen und 6 faszinierende Modelle, die dein Kind sofort zu spannenden Meeresabenteuern inspirieren.","og_url":"https:\/\/funstorage.thehuettl.com\/en\/shop\/lego-11018-classic-kreativer-meeresspass-kreativ-set-mit-bunten-bausteinen\/","og_site_name":"FunStorage","article_publisher":"https:\/\/www.facebook.com\/funstorage.de","article_modified_time":"2024-11-24T20:25:40+00:00","og_image":[{"width":2560,"height":2560,"url":"https:\/\/funstorage.thehuettl.com\/wp-content\/uploads\/2023\/02\/11018_boxprod_v29-scaled-1.jpg","type":"image\/jpeg"}],"twitter_card":"summary_large_image","twitter_misc":{"Est. reading time":"3 minutes"},"schema":{"@context":"https:\/\/schema.org","@graph":[{"@type":"WebPage","@id":"https:\/\/funstorage.thehuettl.com\/shop\/lego-11018-classic-kreativer-meeresspass-kreativ-set-mit-bunten-bausteinen\/","url":"https:\/\/funstorage.thehuettl.com\/shop\/lego-11018-classic-kreativer-meeresspass-kreativ-set-mit-bunten-bausteinen\/","name":"LEGO\u00ae 11018 Classic Kreativer Meeresspa\u00df, Kreativ-Set mit bunten Bausteinen - FunStorage","isPartOf":{"@id":"https:\/\/funstorage.thehuettl.com\/#website"},"primaryImageOfPage":{"@id":"https:\/\/funstorage.thehuettl.com\/shop\/lego-11018-classic-kreativer-meeresspass-kreativ-set-mit-bunten-bausteinen\/#primaryimage"},"image":{"@id":"https:\/\/funstorage.thehuettl.com\/shop\/lego-11018-classic-kreativer-meeresspass-kreativ-set-mit-bunten-bausteinen\/#primaryimage"},"thumbnailUrl":"https:\/\/funstorage.thehuettl.com\/wp-content\/uploads\/2023\/02\/11018_boxprod_v29-scaled-1.jpg","datePublished":"2023-03-01T01:50:50+00:00","dateModified":"2024-11-24T20:25:40+00:00","breadcrumb":{"@id":"https:\/\/funstorage.thehuettl.com\/shop\/lego-11018-classic-kreativer-meeresspass-kreativ-set-mit-bunten-bausteinen\/#breadcrumb"},"inLanguage":"en-US","potentialAction":[{"@type":"ReadAction","target":["https:\/\/funstorage.thehuettl.com\/shop\/lego-11018-classic-kreativer-meeresspass-kreativ-set-mit-bunten-bausteinen\/"]}]},{"@type":"ImageObject","inLanguage":"en-US","@id":"https:\/\/funstorage.thehuettl.com\/shop\/lego-11018-classic-kreativer-meeresspass-kreativ-set-mit-bunten-bausteinen\/#primaryimage","url":"https:\/\/funstorage.thehuettl.com\/wp-content\/uploads\/2023\/02\/11018_boxprod_v29-scaled-1.jpg","contentUrl":"https:\/\/funstorage.thehuettl.com\/wp-content\/uploads\/2023\/02\/11018_boxprod_v29-scaled-1.jpg","width":2560,"height":2560},{"@type":"BreadcrumbList","@id":"https:\/\/funstorage.thehuettl.com\/shop\/lego-11018-classic-kreativer-meeresspass-kreativ-set-mit-bunten-bausteinen\/#breadcrumb","itemListElement":[{"@type":"ListItem","position":1,"name":"Startseite","item":"https:\/\/funstorage.thehuettl.com\/step\/homepage\/"},{"@type":"ListItem","position":2,"name":"Shop","item":"https:\/\/funstorage.thehuettl.com\/shop\/"},{"@type":"ListItem","position":3,"name":"LEGO\u00ae 11018 Classic Kreativer Meeresspa\u00df, Kreativ-Set mit bunten Bausteinen"}]},{"@type":"WebSite","@id":"https:\/\/funstorage.thehuettl.com\/#website","url":"https:\/\/funstorage.thehuettl.com\/","name":"FunStorage","description":"","publisher":{"@id":"https:\/\/funstorage.thehuettl.com\/#organization"},"potentialAction":[{"@type":"SearchAction","target":{"@type":"EntryPoint","urlTemplate":"https:\/\/funstorage.thehuettl.com\/?s={search_term_string}"},"query-input":{"@type":"PropertyValueSpecification","valueRequired":true,"valueName":"search_term_string"}}],"inLanguage":"en-US"},{"@type":"Organization","@id":"https:\/\/funstorage.thehuettl.com\/#organization","name":"FunStorage","url":"https:\/\/funstorage.thehuettl.com\/","logo":{"@type":"ImageObject","inLanguage":"en-US","@id":"https:\/\/funstorage.thehuettl.com\/#\/schema\/logo\/image\/","url":"https:\/\/funstorage.thehuettl.com\/wp-content\/uploads\/2023\/02\/cropped-D2BA2C24-7753-4AC3-9F3B-6C174C5BCB99.png","contentUrl":"https:\/\/funstorage.thehuettl.com\/wp-content\/uploads\/2023\/02\/cropped-D2BA2C24-7753-4AC3-9F3B-6C174C5BCB99.png","width":512,"height":512,"caption":"FunStorage"},"image":{"@id":"https:\/\/funstorage.thehuettl.com\/#\/schema\/logo\/image\/"},"sameAs":["https:\/\/www.facebook.com\/funstorage.de"]}]}},"_links":{"self":[{"href":"https:\/\/funstorage.thehuettl.com\/en\/wp-json\/wp\/v2\/product\/8714","targetHints":{"allow":["GET"]}}],"collection":[{"href":"https:\/\/funstorage.thehuettl.com\/en\/wp-json\/wp\/v2\/product"}],"about":[{"href":"https:\/\/funstorage.thehuettl.com\/en\/wp-json\/wp\/v2\/types\/product"}],"replies":[{"embeddable":true,"href":"https:\/\/funstorage.thehuettl.com\/en\/wp-json\/wp\/v2\/comments?post=8714"}],"version-history":[{"count":0,"href":"https:\/\/funstorage.thehuettl.com\/en\/wp-json\/wp\/v2\/product\/8714\/revisions"}],"wp:featuredmedia":[{"embeddable":true,"href":"https:\/\/funstorage.thehuettl.com\/en\/wp-json\/wp\/v2\/media\/8253"}],"wp:attachment":[{"href":"https:\/\/funstorage.thehuettl.com\/en\/wp-json\/wp\/v2\/media?parent=8714"}],"wp:term":[{"taxonomy":"product_brand","embeddable":true,"href":"https:\/\/funstorage.thehuettl.com\/en\/wp-json\/wp\/v2\/product_brand?post=8714"},{"taxonomy":"product_cat","embeddable":true,"href":"https:\/\/funstorage.thehuettl.com\/en\/wp-json\/wp\/v2\/product_cat?post=8714"},{"taxonomy":"product_tag","embeddable":true,"href":"https:\/\/funstorage.thehuettl.com\/en\/wp-json\/wp\/v2\/product_tag?post=8714"}],"curies":[{"name":"wp","href":"https:\/\/api.w.org\/{rel}","templated":true}]}}