{"id":8727,"date":"2023-03-01T02:50:51","date_gmt":"2023-03-01T01:50:51","guid":{"rendered":"https:\/\/funstorage.thehuettl.com\/?post_type=product&#038;p=8727"},"modified":"2024-11-24T21:24:15","modified_gmt":"2024-11-24T20:24:15","slug":"lego-75320-star-wars-snowtrooper-battle-pack-mit-4-figuren-deckung-und-duesenschlitten","status":"publish","type":"product","link":"https:\/\/funstorage.thehuettl.com\/en\/shop\/lego-75320-star-wars-snowtrooper-battle-pack-mit-4-figuren-deckung-und-duesenschlitten\/","title":{"rendered":"LEGO\u00ae 75320 Star Wars Snowtrooper\u2122 Battle Pack mit 4 Figuren, Deckung und D\u00fcsenschlitten"},"content":{"rendered":"<p>Baue deine eigene LEGO\u00ae Star Wars\u2122 Schneetruppler-Streitmacht und freu dich auf spannende Duelle auf dem Eisplaneten Hoth! R\u00fcste die Schneetruppler mit einer Blasterkanone, Blastergewehren und einer Blasterpistole aus. Baue einen Schneegraben und feure mit dem schweren E-Netz-Repetierblaster auf die Rebellen. Lass einen Scouttruppler auf dem imperialen Speeder Bike angreifen. F\u00fchrst du die Schneetruppler zum Sieg?<\/p>\n<p>Lass junge Fans mit dem Snowtrooper Battle Pack (75320) eine eigene Streitmacht bauen und spannende Szenen aus Star Wars: Das Imperium schl\u00e4gt zur\u00fcck nachstellen. Das Set beinhaltet 4 LEGO\u00ae Minifiguren mit ganz verschiedenen Blastern, ein imperiales Speeder Bike, einen funktionierenden schweren E-Netz-Repetierblaster und einen Schneegraben mit Munitionsvorrat. Dieses Bauspielzeug ist ein tolles kleines Geschenk f\u00fcr kreative Kinder ab 6 Jahren. Die Schneetruppler erg\u00e4nzen vorhandene Sammlungen und bieten neue Spielm\u00f6glichkeiten mit anderen LEGO Star Wars\u2122 Sets. Digitale Bauanleitung Dem Set liegt eine Schritt-f\u00fcr-Schritt-Anleitung bei. Sieh dir aber auch unbedingt die digitale Bauanleitung in der LEGO Building Instructions App an. Funktionen zum Vergr\u00f6\u00dfern und Drehen der digitalen Modellansicht erleichtern das Bauen. Kreatives Vergn\u00fcgen Schon seit mehr als zwanzig Jahren bildet die LEGO Gruppe legend\u00e4re Star Wars Sternenschiffe, Schaupl\u00e4tze und Charaktere mit LEGO Steinen nach. Unz\u00e4hlige Modelle zum Bauen, Spielen und Ausstellen begeistern Fans jeden Alters.<\/p>\n<p>Anzahl Teile: 105<br \/>\nAltersempfehlung: 6+<br \/>\nThema: Star Wars\u2122<br \/>\nEAN: 5702017155067<\/p>\n<p>\u2022 Bau- und Spielset f\u00fcr spannende Schlachten: Das LEGO\u00ae Star Wars\u2122 Snowtrooper Battle Pack (75320) l\u00e4sst junge Fans eine Streitmacht bauen und spannende Szenen aus Star Wars: Das Imperium schl\u00e4gt zur\u00fcck nachstellen<br \/>\n\u2022 4 LEGO\u00ae Minifiguren: Ein Scouttruppler und 3 Schneetruppler mit 2 Blasterkanonen, einem Blastergewehr und einer Blasterpistole<br \/>\n\u2022 Mini-Modelle auf Hoth: Ein imperiales Speeder Bike (das sich auch mit dem AT-AT aus dem Set 75313 kombinieren l\u00e4sst), ein funktionierender schwerer E-Netz-Repetierblaster und ein Schneegraben mit Munitionsvorrat<br \/>\n\u2022 Geschenkidee f\u00fcr Kinder ab 6 Jahren: Dieses 105-teilige Bauspielzeug ist ein tolles Geburtstags-, Weihnachts- oder \u00dcberraschungsgeschenk f\u00fcr jeden jungen Fan von Star Wars: Das Imperium schl\u00e4gt zur\u00fcck<br \/>\n\u2022 Spielzeug zum Mitnehmen: Das Speeder Bike ist 3 cm hoch, 12 cm lang und 3 cm breit. Das kompakte Set passt leicht in einen Kinderrucksack, damit Kinder \u00fcberall mit dem Modell spielen k\u00f6nnen<br \/>\n\u2022 Interaktive Bauanleitung: Neben der beiliegenden Anleitung ist in der LEGO\u00ae Building Instructions App auch eine digitale Version mit coolen Ansichtsfunktionen verf\u00fcgbar<br \/>\n\u2022 Sets f\u00fcr Fans jeden Alters: LEGO\u00ae Star Wars\u2122 Sets lassen Kinder und erwachsene Fans legend\u00e4re Filmszenen nachstellen, eigene Abenteuer darstellen und spektakul\u00e4re Modelle ausstellen<br \/>\n\u2022 Hohe Qualit\u00e4t: LEGO\u00ae Elemente erf\u00fcllen strenge Branchenstandards, damit sie sich jedes Mal m\u00fchelos und fest zusammenstecken lassen<br \/>\n\u2022 Sicherheit steht an erster Stelle: LEGO\u00ae Steine und Teile werden jedem erdenklichen Test unterzogen, damit sie strengen globalen Sicherheitsstandards entsprechen<\/p>","protected":false},"excerpt":{"rendered":"<p>Dieses Snowtrooper Battle Pack l\u00e4sst Kinder eine ganze Streitmacht bauen und die spannende Schlacht auf Hoth aus Star Wars: Das Imperium schl\u00e4gt zur\u00fcck nachstellen.<\/p>","protected":false},"featured_media":8381,"comment_status":"open","ping_status":"closed","template":"","meta":[],"product_brand":[],"product_cat":[34,37,164],"product_tag":[172,173,174,175,166,167,168,176,177,178,171],"class_list":{"0":"post-8727","1":"product","2":"type-product","3":"status-publish","4":"has-post-thumbnail","6":"product_cat-lego","7":"product_cat-konstruktionsspielzeug","8":"product_cat-lego-star-wars","9":"product_tag-blaster","10":"product_tag-clone","11":"product_tag-duesenschlitten","12":"product_tag-hoth","13":"product_tag-klon","14":"product_tag-klonkrieger","15":"product_tag-krieger","16":"product_tag-schnee","17":"product_tag-snowtrooper","18":"product_tag-speeder","19":"product_tag-star-wars","21":"first","22":"instock","23":"taxable","24":"shipping-taxable","25":"purchasable","26":"product-type-simple"},"yoast_head":"<!-- This site is optimized with the Yoast SEO plugin v26.4 - https:\/\/yoast.com\/wordpress\/plugins\/seo\/ -->\n<title>LEGO\u00ae 75320 Star Wars Snowtrooper\u2122 Battle Pack mit 4 Figuren, Deckung und D\u00fcsenschlitten - FunStorage<\/title>\n<meta name=\"robots\" content=\"index, follow, max-snippet:-1, max-image-preview:large, max-video-preview:-1\" \/>\n<link rel=\"canonical\" href=\"https:\/\/funstorage.thehuettl.com\/en\/wp-json\/wp\/v2\/product\/8727\" \/>\n<meta property=\"og:locale\" content=\"en_US\" \/>\n<meta property=\"og:type\" content=\"article\" \/>\n<meta property=\"og:title\" content=\"LEGO\u00ae 75320 Star Wars Snowtrooper\u2122 Battle Pack mit 4 Figuren, Deckung und D\u00fcsenschlitten - FunStorage\" \/>\n<meta property=\"og:description\" content=\"Dieses Snowtrooper Battle Pack l\u00e4sst Kinder eine ganze Streitmacht bauen und die spannende Schlacht auf Hoth aus Star Wars: Das Imperium schl\u00e4gt zur\u00fcck nachstellen.\" \/>\n<meta property=\"og:url\" content=\"https:\/\/funstorage.thehuettl.com\/en\/shop\/lego-75320-star-wars-snowtrooper-battle-pack-mit-4-figuren-deckung-und-duesenschlitten\/\" \/>\n<meta property=\"og:site_name\" content=\"FunStorage\" \/>\n<meta property=\"article:publisher\" content=\"https:\/\/www.facebook.com\/funstorage.de\" \/>\n<meta property=\"article:modified_time\" content=\"2024-11-24T20:24:15+00:00\" \/>\n<meta property=\"og:image\" content=\"https:\/\/funstorage.thehuettl.com\/wp-content\/uploads\/2023\/03\/75320_boxprod_v29-scaled-1.jpg\" \/>\n\t<meta property=\"og:image:width\" content=\"2560\" \/>\n\t<meta property=\"og:image:height\" content=\"2560\" \/>\n\t<meta property=\"og:image:type\" content=\"image\/jpeg\" \/>\n<meta name=\"twitter:card\" content=\"summary_large_image\" \/>\n<meta name=\"twitter:label1\" content=\"Est. reading time\" \/>\n\t<meta name=\"twitter:data1\" content=\"3 minutes\" \/>\n<script type=\"application\/ld+json\" class=\"yoast-schema-graph\">{\"@context\":\"https:\/\/schema.org\",\"@graph\":[{\"@type\":\"WebPage\",\"@id\":\"https:\/\/funstorage.thehuettl.com\/shop\/lego-75320-star-wars-snowtrooper-battle-pack-mit-4-figuren-deckung-und-duesenschlitten\/\",\"url\":\"https:\/\/funstorage.thehuettl.com\/shop\/lego-75320-star-wars-snowtrooper-battle-pack-mit-4-figuren-deckung-und-duesenschlitten\/\",\"name\":\"LEGO\u00ae 75320 Star Wars Snowtrooper\u2122 Battle Pack mit 4 Figuren, Deckung und D\u00fcsenschlitten - FunStorage\",\"isPartOf\":{\"@id\":\"https:\/\/funstorage.thehuettl.com\/#website\"},\"primaryImageOfPage\":{\"@id\":\"https:\/\/funstorage.thehuettl.com\/shop\/lego-75320-star-wars-snowtrooper-battle-pack-mit-4-figuren-deckung-und-duesenschlitten\/#primaryimage\"},\"image\":{\"@id\":\"https:\/\/funstorage.thehuettl.com\/shop\/lego-75320-star-wars-snowtrooper-battle-pack-mit-4-figuren-deckung-und-duesenschlitten\/#primaryimage\"},\"thumbnailUrl\":\"https:\/\/funstorage.thehuettl.com\/wp-content\/uploads\/2023\/03\/75320_boxprod_v29-scaled-1.jpg\",\"datePublished\":\"2023-03-01T01:50:51+00:00\",\"dateModified\":\"2024-11-24T20:24:15+00:00\",\"breadcrumb\":{\"@id\":\"https:\/\/funstorage.thehuettl.com\/shop\/lego-75320-star-wars-snowtrooper-battle-pack-mit-4-figuren-deckung-und-duesenschlitten\/#breadcrumb\"},\"inLanguage\":\"en-US\",\"potentialAction\":[{\"@type\":\"ReadAction\",\"target\":[\"https:\/\/funstorage.thehuettl.com\/shop\/lego-75320-star-wars-snowtrooper-battle-pack-mit-4-figuren-deckung-und-duesenschlitten\/\"]}]},{\"@type\":\"ImageObject\",\"inLanguage\":\"en-US\",\"@id\":\"https:\/\/funstorage.thehuettl.com\/shop\/lego-75320-star-wars-snowtrooper-battle-pack-mit-4-figuren-deckung-und-duesenschlitten\/#primaryimage\",\"url\":\"https:\/\/funstorage.thehuettl.com\/wp-content\/uploads\/2023\/03\/75320_boxprod_v29-scaled-1.jpg\",\"contentUrl\":\"https:\/\/funstorage.thehuettl.com\/wp-content\/uploads\/2023\/03\/75320_boxprod_v29-scaled-1.jpg\",\"width\":2560,\"height\":2560},{\"@type\":\"BreadcrumbList\",\"@id\":\"https:\/\/funstorage.thehuettl.com\/shop\/lego-75320-star-wars-snowtrooper-battle-pack-mit-4-figuren-deckung-und-duesenschlitten\/#breadcrumb\",\"itemListElement\":[{\"@type\":\"ListItem\",\"position\":1,\"name\":\"Startseite\",\"item\":\"https:\/\/funstorage.thehuettl.com\/step\/homepage\/\"},{\"@type\":\"ListItem\",\"position\":2,\"name\":\"Shop\",\"item\":\"https:\/\/funstorage.thehuettl.com\/shop\/\"},{\"@type\":\"ListItem\",\"position\":3,\"name\":\"LEGO\u00ae 75320 Star Wars Snowtrooper\u2122 Battle Pack mit 4 Figuren, Deckung und D\u00fcsenschlitten\"}]},{\"@type\":\"WebSite\",\"@id\":\"https:\/\/funstorage.thehuettl.com\/#website\",\"url\":\"https:\/\/funstorage.thehuettl.com\/\",\"name\":\"FunStorage\",\"description\":\"\",\"publisher\":{\"@id\":\"https:\/\/funstorage.thehuettl.com\/#organization\"},\"potentialAction\":[{\"@type\":\"SearchAction\",\"target\":{\"@type\":\"EntryPoint\",\"urlTemplate\":\"https:\/\/funstorage.thehuettl.com\/?s={search_term_string}\"},\"query-input\":{\"@type\":\"PropertyValueSpecification\",\"valueRequired\":true,\"valueName\":\"search_term_string\"}}],\"inLanguage\":\"en-US\"},{\"@type\":\"Organization\",\"@id\":\"https:\/\/funstorage.thehuettl.com\/#organization\",\"name\":\"FunStorage\",\"url\":\"https:\/\/funstorage.thehuettl.com\/\",\"logo\":{\"@type\":\"ImageObject\",\"inLanguage\":\"en-US\",\"@id\":\"https:\/\/funstorage.thehuettl.com\/#\/schema\/logo\/image\/\",\"url\":\"https:\/\/funstorage.thehuettl.com\/wp-content\/uploads\/2023\/02\/cropped-D2BA2C24-7753-4AC3-9F3B-6C174C5BCB99.png\",\"contentUrl\":\"https:\/\/funstorage.thehuettl.com\/wp-content\/uploads\/2023\/02\/cropped-D2BA2C24-7753-4AC3-9F3B-6C174C5BCB99.png\",\"width\":512,\"height\":512,\"caption\":\"FunStorage\"},\"image\":{\"@id\":\"https:\/\/funstorage.thehuettl.com\/#\/schema\/logo\/image\/\"},\"sameAs\":[\"https:\/\/www.facebook.com\/funstorage.de\"]}]}<\/script>\n<!-- \/ Yoast SEO plugin. -->","yoast_head_json":{"title":"LEGO\u00ae 75320 Star Wars Snowtrooper\u2122 Battle Pack mit 4 Figuren, Deckung und D\u00fcsenschlitten - FunStorage","robots":{"index":"index","follow":"follow","max-snippet":"max-snippet:-1","max-image-preview":"max-image-preview:large","max-video-preview":"max-video-preview:-1"},"canonical":"https:\/\/funstorage.thehuettl.com\/en\/wp-json\/wp\/v2\/product\/8727","og_locale":"en_US","og_type":"article","og_title":"LEGO\u00ae 75320 Star Wars Snowtrooper\u2122 Battle Pack mit 4 Figuren, Deckung und D\u00fcsenschlitten - FunStorage","og_description":"Dieses Snowtrooper Battle Pack l\u00e4sst Kinder eine ganze Streitmacht bauen und die spannende Schlacht auf Hoth aus Star Wars: Das Imperium schl\u00e4gt zur\u00fcck nachstellen.","og_url":"https:\/\/funstorage.thehuettl.com\/en\/shop\/lego-75320-star-wars-snowtrooper-battle-pack-mit-4-figuren-deckung-und-duesenschlitten\/","og_site_name":"FunStorage","article_publisher":"https:\/\/www.facebook.com\/funstorage.de","article_modified_time":"2024-11-24T20:24:15+00:00","og_image":[{"width":2560,"height":2560,"url":"https:\/\/funstorage.thehuettl.com\/wp-content\/uploads\/2023\/03\/75320_boxprod_v29-scaled-1.jpg","type":"image\/jpeg"}],"twitter_card":"summary_large_image","twitter_misc":{"Est. reading time":"3 minutes"},"schema":{"@context":"https:\/\/schema.org","@graph":[{"@type":"WebPage","@id":"https:\/\/funstorage.thehuettl.com\/shop\/lego-75320-star-wars-snowtrooper-battle-pack-mit-4-figuren-deckung-und-duesenschlitten\/","url":"https:\/\/funstorage.thehuettl.com\/shop\/lego-75320-star-wars-snowtrooper-battle-pack-mit-4-figuren-deckung-und-duesenschlitten\/","name":"LEGO\u00ae 75320 Star Wars Snowtrooper\u2122 Battle Pack mit 4 Figuren, Deckung und D\u00fcsenschlitten - FunStorage","isPartOf":{"@id":"https:\/\/funstorage.thehuettl.com\/#website"},"primaryImageOfPage":{"@id":"https:\/\/funstorage.thehuettl.com\/shop\/lego-75320-star-wars-snowtrooper-battle-pack-mit-4-figuren-deckung-und-duesenschlitten\/#primaryimage"},"image":{"@id":"https:\/\/funstorage.thehuettl.com\/shop\/lego-75320-star-wars-snowtrooper-battle-pack-mit-4-figuren-deckung-und-duesenschlitten\/#primaryimage"},"thumbnailUrl":"https:\/\/funstorage.thehuettl.com\/wp-content\/uploads\/2023\/03\/75320_boxprod_v29-scaled-1.jpg","datePublished":"2023-03-01T01:50:51+00:00","dateModified":"2024-11-24T20:24:15+00:00","breadcrumb":{"@id":"https:\/\/funstorage.thehuettl.com\/shop\/lego-75320-star-wars-snowtrooper-battle-pack-mit-4-figuren-deckung-und-duesenschlitten\/#breadcrumb"},"inLanguage":"en-US","potentialAction":[{"@type":"ReadAction","target":["https:\/\/funstorage.thehuettl.com\/shop\/lego-75320-star-wars-snowtrooper-battle-pack-mit-4-figuren-deckung-und-duesenschlitten\/"]}]},{"@type":"ImageObject","inLanguage":"en-US","@id":"https:\/\/funstorage.thehuettl.com\/shop\/lego-75320-star-wars-snowtrooper-battle-pack-mit-4-figuren-deckung-und-duesenschlitten\/#primaryimage","url":"https:\/\/funstorage.thehuettl.com\/wp-content\/uploads\/2023\/03\/75320_boxprod_v29-scaled-1.jpg","contentUrl":"https:\/\/funstorage.thehuettl.com\/wp-content\/uploads\/2023\/03\/75320_boxprod_v29-scaled-1.jpg","width":2560,"height":2560},{"@type":"BreadcrumbList","@id":"https:\/\/funstorage.thehuettl.com\/shop\/lego-75320-star-wars-snowtrooper-battle-pack-mit-4-figuren-deckung-und-duesenschlitten\/#breadcrumb","itemListElement":[{"@type":"ListItem","position":1,"name":"Startseite","item":"https:\/\/funstorage.thehuettl.com\/step\/homepage\/"},{"@type":"ListItem","position":2,"name":"Shop","item":"https:\/\/funstorage.thehuettl.com\/shop\/"},{"@type":"ListItem","position":3,"name":"LEGO\u00ae 75320 Star Wars Snowtrooper\u2122 Battle Pack mit 4 Figuren, Deckung und D\u00fcsenschlitten"}]},{"@type":"WebSite","@id":"https:\/\/funstorage.thehuettl.com\/#website","url":"https:\/\/funstorage.thehuettl.com\/","name":"FunStorage","description":"","publisher":{"@id":"https:\/\/funstorage.thehuettl.com\/#organization"},"potentialAction":[{"@type":"SearchAction","target":{"@type":"EntryPoint","urlTemplate":"https:\/\/funstorage.thehuettl.com\/?s={search_term_string}"},"query-input":{"@type":"PropertyValueSpecification","valueRequired":true,"valueName":"search_term_string"}}],"inLanguage":"en-US"},{"@type":"Organization","@id":"https:\/\/funstorage.thehuettl.com\/#organization","name":"FunStorage","url":"https:\/\/funstorage.thehuettl.com\/","logo":{"@type":"ImageObject","inLanguage":"en-US","@id":"https:\/\/funstorage.thehuettl.com\/#\/schema\/logo\/image\/","url":"https:\/\/funstorage.thehuettl.com\/wp-content\/uploads\/2023\/02\/cropped-D2BA2C24-7753-4AC3-9F3B-6C174C5BCB99.png","contentUrl":"https:\/\/funstorage.thehuettl.com\/wp-content\/uploads\/2023\/02\/cropped-D2BA2C24-7753-4AC3-9F3B-6C174C5BCB99.png","width":512,"height":512,"caption":"FunStorage"},"image":{"@id":"https:\/\/funstorage.thehuettl.com\/#\/schema\/logo\/image\/"},"sameAs":["https:\/\/www.facebook.com\/funstorage.de"]}]}},"_links":{"self":[{"href":"https:\/\/funstorage.thehuettl.com\/en\/wp-json\/wp\/v2\/product\/8727","targetHints":{"allow":["GET"]}}],"collection":[{"href":"https:\/\/funstorage.thehuettl.com\/en\/wp-json\/wp\/v2\/product"}],"about":[{"href":"https:\/\/funstorage.thehuettl.com\/en\/wp-json\/wp\/v2\/types\/product"}],"replies":[{"embeddable":true,"href":"https:\/\/funstorage.thehuettl.com\/en\/wp-json\/wp\/v2\/comments?post=8727"}],"version-history":[{"count":0,"href":"https:\/\/funstorage.thehuettl.com\/en\/wp-json\/wp\/v2\/product\/8727\/revisions"}],"wp:featuredmedia":[{"embeddable":true,"href":"https:\/\/funstorage.thehuettl.com\/en\/wp-json\/wp\/v2\/media\/8381"}],"wp:attachment":[{"href":"https:\/\/funstorage.thehuettl.com\/en\/wp-json\/wp\/v2\/media?parent=8727"}],"wp:term":[{"taxonomy":"product_brand","embeddable":true,"href":"https:\/\/funstorage.thehuettl.com\/en\/wp-json\/wp\/v2\/product_brand?post=8727"},{"taxonomy":"product_cat","embeddable":true,"href":"https:\/\/funstorage.thehuettl.com\/en\/wp-json\/wp\/v2\/product_cat?post=8727"},{"taxonomy":"product_tag","embeddable":true,"href":"https:\/\/funstorage.thehuettl.com\/en\/wp-json\/wp\/v2\/product_tag?post=8727"}],"curies":[{"name":"wp","href":"https:\/\/api.w.org\/{rel}","templated":true}]}}