{"id":8733,"date":"2023-03-01T02:50:51","date_gmt":"2023-03-01T01:50:51","guid":{"rendered":"https:\/\/funstorage.thehuettl.com\/?post_type=product&#038;p=8733"},"modified":"2024-11-24T21:24:51","modified_gmt":"2024-11-24T20:24:51","slug":"lego-76906-speed-champions-1970-ferrari-512-m","status":"publish","type":"product","link":"https:\/\/funstorage.thehuettl.com\/en\/shop\/lego-76906-speed-champions-1970-ferrari-512-m\/","title":{"rendered":"LEGO\u00ae 76906 Speed Champions 1970 Ferrari 512 M"},"content":{"rendered":"<p>Diese LEGO\u00ae Speed Champions Nachbildung des rasanten 1970 Ferrari 512 M l\u00e4sst dich ein legend\u00e4res Rennauto hautnah erleben. Bewundere das aerodynamische Design, wenn du das Modell Teil f\u00fcr Teil zusammensteckst. Wenn dein Meisterwerk dann fertig ist, kannst du den tollen Flitzer ausstellen oder den Ferrari-Fahrer hinters Lenkrad setzen und das Auto in spannende Rennen schicken!<\/p>\n<p>Das LEGO\u00ae Speed Champions Bauset \u201e1970 Ferrari 512 M\u201c (76906) l\u00e4sst Kinder und Autoliebhaber jeden Alters ein legend\u00e4res Rennauto sammeln, bauen und entdecken. Diese originalgetreue LEGO Nachbildung zum Spielen und Ausstellen spiegelt die wesentlichen Merkmale des legend\u00e4ren Rennautos aus den 1970er-Jahren perfekt wider. Unz\u00e4hlige Langstreckenrennen dominierte der Flitzer damals mit seiner unfassbaren Performance. Digitale Bauanleitung Diesem Rennauto zum Spielen und Sammeln liegt eine gedruckte Bauanleitung bei. In der kostenlosen LEGO Building Instructions App f\u00fcr Smartphones und Tablets ist au\u00dferdem eine interaktive Bauanleitung verf\u00fcgbar. Faszinierende Dreh- und Vergr\u00f6\u00dferungsfunktionen lassen dein Kind digitale Ansichten des Modells aus jedem Winkel betrachten. Hommage an geniale Technik LEGO Speed Champions Bausets beinhalten Mini-Versionen der weltweit bekanntesten und besten Autos. Diese bei Kindern und Erwachsenen gleicherma\u00dfen beliebten Modelle \u00fcberzeugen als Ausstellungsst\u00fccke und eignen sich auch f\u00fcr spannende Rennen mit anderen Spielzeugflitzern aus der Speed Champions Reihe.<\/p>\n<p>Anzahl Teile: 291<br \/>\nAltersempfehlung: 8+<br \/>\nThema: Speed Champions<br \/>\nEAN: 5702017119045<\/p>\n<p>\u2022 Nachbildung des legend\u00e4ren 1970 Ferrari 512 M: Spielzeugmodell f\u00fcr Autoliebhaber und Kinder, die gerne fantasievolle Rennen austragen<br \/>\n\u2022 Inhalt der Box: Alles, was du brauchst, um eine LEGO\u00ae Nachbildung des 1970 Ferrari 512 M zu bauen, sowie ein Ferrari-Pilot mit Rennoverall, Per\u00fccke und Helm<br \/>\n\u2022 Sammeln, spielen, ausstellen: Kinder und Autofans k\u00f6nnen den 1970 Ferrari 512 M bauen und dabei n\u00e4her entdecken, ihr fertiges Modell dann ausstellen oder den Flitzer in spannende Speed Champions Rennen gegen die Autos ihrer Freunde schicken<br \/>\n\u2022 Geschenk f\u00fcr jeden Anlass: Der LEGO\u00ae Speed Champions 1970 Ferrari 512 M (76906) ist ein Modellauto aus 291 Teilen und eignet sich als Geburtstags- oder \u00dcberraschungsgeschenk f\u00fcr Kinder und Rennwagenfans ab 8 Jahren<br \/>\n\u2022 Unz\u00e4hlige Details: Der Ferrari 512 M ist 4 cm hoch, 15 cm lang und 7 cm breit. Deshalb ist reichlich Platz f\u00fcr die Rennfahrer-Minifigur und jede Menge authentische Details<br \/>\n\u2022 Batterien werden nicht ben\u00f6tigt. Die Fantasie der Kinder reicht v\u00f6llig, um die spannenden Rennen mit dem Spielzeugauto niemals enden zu lassen!<br \/>\n\u2022 Interaktive Bauanleitungen: In der LEGO\u00ae Building Instructions App f\u00fcr Smartphones und Tablets sind Dreh- und Vergr\u00f6\u00dferungsfunktionen verf\u00fcgbar, die dein Kind digitale Modellansichten aus jedem Winkel betrachten lassen<br \/>\n\u2022 Verschaff dir einen Einblick in die Technik deiner Lieblingsflitzer: LEGO\u00ae Speed Champions Bausets lassen Kinder und Erwachsene einige der legend\u00e4rsten Fahrzeuge der Welt n\u00e4her erkunden<br \/>\n\u2022 Qualit\u00e4t hat Vorrang: LEGO\u00ae Elemente entsprechen schon seit 1958 strengen Branchenstandards, damit sie einheitlich und kompatibel sind und gro\u00dfen Bauspa\u00df bieten<br \/>\n\u2022 Gepr\u00fcfte Sicherheit: Alle LEGO\u00ae Bauspielzeuge werden gr\u00fcndlich getestet, damit jedes Spielset strenge Sicherheitsstandards erf\u00fcllt<\/p>","protected":false},"excerpt":{"rendered":"<p>Kinder und Autofans werden den 1970 Ferrari 512 M lieben, denn diese Nachbildung des legend\u00e4ren Rennautos ist ein tolles Modell zum Sammeln, Spielen und Ausstellen.<\/p>","protected":false},"featured_media":8432,"comment_status":"open","ping_status":"closed","template":"","meta":[],"product_brand":[],"product_cat":[34,37,210],"product_tag":[101,211,212,213,214,215,216],"class_list":{"0":"post-8733","1":"product","2":"type-product","3":"status-publish","4":"has-post-thumbnail","6":"product_cat-lego","7":"product_cat-konstruktionsspielzeug","8":"product_cat-lego-speed-champions","9":"product_tag-auto","10":"product_tag-ferrari","11":"product_tag-rennauto","12":"product_tag-rennwagen","13":"product_tag-speed-champions","14":"product_tag-sportwagen","15":"product_tag-supersportwagen","17":"first","18":"instock","19":"taxable","20":"shipping-taxable","21":"purchasable","22":"product-type-simple"},"yoast_head":"<!-- This site is optimized with the Yoast SEO plugin v26.4 - https:\/\/yoast.com\/wordpress\/plugins\/seo\/ -->\n<title>LEGO\u00ae 76906 Speed Champions 1970 Ferrari 512 M - FunStorage<\/title>\n<meta name=\"robots\" content=\"index, follow, max-snippet:-1, max-image-preview:large, max-video-preview:-1\" \/>\n<link rel=\"canonical\" href=\"https:\/\/funstorage.thehuettl.com\/en\/wp-json\/wp\/v2\/product\/8733\" \/>\n<meta property=\"og:locale\" content=\"en_US\" \/>\n<meta property=\"og:type\" content=\"article\" \/>\n<meta property=\"og:title\" content=\"LEGO\u00ae 76906 Speed Champions 1970 Ferrari 512 M - FunStorage\" \/>\n<meta property=\"og:description\" content=\"Kinder und Autofans werden den 1970 Ferrari 512 M lieben, denn diese Nachbildung des legend\u00e4ren Rennautos ist ein tolles Modell zum Sammeln, Spielen und Ausstellen.\" \/>\n<meta property=\"og:url\" content=\"https:\/\/funstorage.thehuettl.com\/en\/shop\/lego-76906-speed-champions-1970-ferrari-512-m\/\" \/>\n<meta property=\"og:site_name\" content=\"FunStorage\" \/>\n<meta property=\"article:publisher\" content=\"https:\/\/www.facebook.com\/funstorage.de\" \/>\n<meta property=\"article:modified_time\" content=\"2024-11-24T20:24:51+00:00\" \/>\n<meta property=\"og:image\" content=\"https:\/\/funstorage.thehuettl.com\/wp-content\/uploads\/2023\/03\/76906_boxprod_v29-scaled-1.jpg\" \/>\n\t<meta property=\"og:image:width\" content=\"2560\" \/>\n\t<meta property=\"og:image:height\" content=\"2560\" \/>\n\t<meta property=\"og:image:type\" content=\"image\/jpeg\" \/>\n<meta name=\"twitter:card\" content=\"summary_large_image\" \/>\n<meta name=\"twitter:label1\" content=\"Est. reading time\" \/>\n\t<meta name=\"twitter:data1\" content=\"3 minutes\" \/>\n<script type=\"application\/ld+json\" class=\"yoast-schema-graph\">{\"@context\":\"https:\/\/schema.org\",\"@graph\":[{\"@type\":\"WebPage\",\"@id\":\"https:\/\/funstorage.thehuettl.com\/shop\/lego-76906-speed-champions-1970-ferrari-512-m\/\",\"url\":\"https:\/\/funstorage.thehuettl.com\/shop\/lego-76906-speed-champions-1970-ferrari-512-m\/\",\"name\":\"LEGO\u00ae 76906 Speed Champions 1970 Ferrari 512 M - FunStorage\",\"isPartOf\":{\"@id\":\"https:\/\/funstorage.thehuettl.com\/#website\"},\"primaryImageOfPage\":{\"@id\":\"https:\/\/funstorage.thehuettl.com\/shop\/lego-76906-speed-champions-1970-ferrari-512-m\/#primaryimage\"},\"image\":{\"@id\":\"https:\/\/funstorage.thehuettl.com\/shop\/lego-76906-speed-champions-1970-ferrari-512-m\/#primaryimage\"},\"thumbnailUrl\":\"https:\/\/funstorage.thehuettl.com\/wp-content\/uploads\/2023\/03\/76906_boxprod_v29-scaled-1.jpg\",\"datePublished\":\"2023-03-01T01:50:51+00:00\",\"dateModified\":\"2024-11-24T20:24:51+00:00\",\"breadcrumb\":{\"@id\":\"https:\/\/funstorage.thehuettl.com\/shop\/lego-76906-speed-champions-1970-ferrari-512-m\/#breadcrumb\"},\"inLanguage\":\"en-US\",\"potentialAction\":[{\"@type\":\"ReadAction\",\"target\":[\"https:\/\/funstorage.thehuettl.com\/shop\/lego-76906-speed-champions-1970-ferrari-512-m\/\"]}]},{\"@type\":\"ImageObject\",\"inLanguage\":\"en-US\",\"@id\":\"https:\/\/funstorage.thehuettl.com\/shop\/lego-76906-speed-champions-1970-ferrari-512-m\/#primaryimage\",\"url\":\"https:\/\/funstorage.thehuettl.com\/wp-content\/uploads\/2023\/03\/76906_boxprod_v29-scaled-1.jpg\",\"contentUrl\":\"https:\/\/funstorage.thehuettl.com\/wp-content\/uploads\/2023\/03\/76906_boxprod_v29-scaled-1.jpg\",\"width\":2560,\"height\":2560},{\"@type\":\"BreadcrumbList\",\"@id\":\"https:\/\/funstorage.thehuettl.com\/shop\/lego-76906-speed-champions-1970-ferrari-512-m\/#breadcrumb\",\"itemListElement\":[{\"@type\":\"ListItem\",\"position\":1,\"name\":\"Startseite\",\"item\":\"https:\/\/funstorage.thehuettl.com\/step\/homepage\/\"},{\"@type\":\"ListItem\",\"position\":2,\"name\":\"Shop\",\"item\":\"https:\/\/funstorage.thehuettl.com\/shop\/\"},{\"@type\":\"ListItem\",\"position\":3,\"name\":\"LEGO\u00ae 76906 Speed Champions 1970 Ferrari 512 M\"}]},{\"@type\":\"WebSite\",\"@id\":\"https:\/\/funstorage.thehuettl.com\/#website\",\"url\":\"https:\/\/funstorage.thehuettl.com\/\",\"name\":\"FunStorage\",\"description\":\"\",\"publisher\":{\"@id\":\"https:\/\/funstorage.thehuettl.com\/#organization\"},\"potentialAction\":[{\"@type\":\"SearchAction\",\"target\":{\"@type\":\"EntryPoint\",\"urlTemplate\":\"https:\/\/funstorage.thehuettl.com\/?s={search_term_string}\"},\"query-input\":{\"@type\":\"PropertyValueSpecification\",\"valueRequired\":true,\"valueName\":\"search_term_string\"}}],\"inLanguage\":\"en-US\"},{\"@type\":\"Organization\",\"@id\":\"https:\/\/funstorage.thehuettl.com\/#organization\",\"name\":\"FunStorage\",\"url\":\"https:\/\/funstorage.thehuettl.com\/\",\"logo\":{\"@type\":\"ImageObject\",\"inLanguage\":\"en-US\",\"@id\":\"https:\/\/funstorage.thehuettl.com\/#\/schema\/logo\/image\/\",\"url\":\"https:\/\/funstorage.thehuettl.com\/wp-content\/uploads\/2023\/02\/cropped-D2BA2C24-7753-4AC3-9F3B-6C174C5BCB99.png\",\"contentUrl\":\"https:\/\/funstorage.thehuettl.com\/wp-content\/uploads\/2023\/02\/cropped-D2BA2C24-7753-4AC3-9F3B-6C174C5BCB99.png\",\"width\":512,\"height\":512,\"caption\":\"FunStorage\"},\"image\":{\"@id\":\"https:\/\/funstorage.thehuettl.com\/#\/schema\/logo\/image\/\"},\"sameAs\":[\"https:\/\/www.facebook.com\/funstorage.de\"]}]}<\/script>\n<!-- \/ Yoast SEO plugin. -->","yoast_head_json":{"title":"LEGO\u00ae 76906 Speed Champions 1970 Ferrari 512 M - FunStorage","robots":{"index":"index","follow":"follow","max-snippet":"max-snippet:-1","max-image-preview":"max-image-preview:large","max-video-preview":"max-video-preview:-1"},"canonical":"https:\/\/funstorage.thehuettl.com\/en\/wp-json\/wp\/v2\/product\/8733","og_locale":"en_US","og_type":"article","og_title":"LEGO\u00ae 76906 Speed Champions 1970 Ferrari 512 M - FunStorage","og_description":"Kinder und Autofans werden den 1970 Ferrari 512 M lieben, denn diese Nachbildung des legend\u00e4ren Rennautos ist ein tolles Modell zum Sammeln, Spielen und Ausstellen.","og_url":"https:\/\/funstorage.thehuettl.com\/en\/shop\/lego-76906-speed-champions-1970-ferrari-512-m\/","og_site_name":"FunStorage","article_publisher":"https:\/\/www.facebook.com\/funstorage.de","article_modified_time":"2024-11-24T20:24:51+00:00","og_image":[{"width":2560,"height":2560,"url":"https:\/\/funstorage.thehuettl.com\/wp-content\/uploads\/2023\/03\/76906_boxprod_v29-scaled-1.jpg","type":"image\/jpeg"}],"twitter_card":"summary_large_image","twitter_misc":{"Est. reading time":"3 minutes"},"schema":{"@context":"https:\/\/schema.org","@graph":[{"@type":"WebPage","@id":"https:\/\/funstorage.thehuettl.com\/shop\/lego-76906-speed-champions-1970-ferrari-512-m\/","url":"https:\/\/funstorage.thehuettl.com\/shop\/lego-76906-speed-champions-1970-ferrari-512-m\/","name":"LEGO\u00ae 76906 Speed Champions 1970 Ferrari 512 M - FunStorage","isPartOf":{"@id":"https:\/\/funstorage.thehuettl.com\/#website"},"primaryImageOfPage":{"@id":"https:\/\/funstorage.thehuettl.com\/shop\/lego-76906-speed-champions-1970-ferrari-512-m\/#primaryimage"},"image":{"@id":"https:\/\/funstorage.thehuettl.com\/shop\/lego-76906-speed-champions-1970-ferrari-512-m\/#primaryimage"},"thumbnailUrl":"https:\/\/funstorage.thehuettl.com\/wp-content\/uploads\/2023\/03\/76906_boxprod_v29-scaled-1.jpg","datePublished":"2023-03-01T01:50:51+00:00","dateModified":"2024-11-24T20:24:51+00:00","breadcrumb":{"@id":"https:\/\/funstorage.thehuettl.com\/shop\/lego-76906-speed-champions-1970-ferrari-512-m\/#breadcrumb"},"inLanguage":"en-US","potentialAction":[{"@type":"ReadAction","target":["https:\/\/funstorage.thehuettl.com\/shop\/lego-76906-speed-champions-1970-ferrari-512-m\/"]}]},{"@type":"ImageObject","inLanguage":"en-US","@id":"https:\/\/funstorage.thehuettl.com\/shop\/lego-76906-speed-champions-1970-ferrari-512-m\/#primaryimage","url":"https:\/\/funstorage.thehuettl.com\/wp-content\/uploads\/2023\/03\/76906_boxprod_v29-scaled-1.jpg","contentUrl":"https:\/\/funstorage.thehuettl.com\/wp-content\/uploads\/2023\/03\/76906_boxprod_v29-scaled-1.jpg","width":2560,"height":2560},{"@type":"BreadcrumbList","@id":"https:\/\/funstorage.thehuettl.com\/shop\/lego-76906-speed-champions-1970-ferrari-512-m\/#breadcrumb","itemListElement":[{"@type":"ListItem","position":1,"name":"Startseite","item":"https:\/\/funstorage.thehuettl.com\/step\/homepage\/"},{"@type":"ListItem","position":2,"name":"Shop","item":"https:\/\/funstorage.thehuettl.com\/shop\/"},{"@type":"ListItem","position":3,"name":"LEGO\u00ae 76906 Speed Champions 1970 Ferrari 512 M"}]},{"@type":"WebSite","@id":"https:\/\/funstorage.thehuettl.com\/#website","url":"https:\/\/funstorage.thehuettl.com\/","name":"FunStorage","description":"","publisher":{"@id":"https:\/\/funstorage.thehuettl.com\/#organization"},"potentialAction":[{"@type":"SearchAction","target":{"@type":"EntryPoint","urlTemplate":"https:\/\/funstorage.thehuettl.com\/?s={search_term_string}"},"query-input":{"@type":"PropertyValueSpecification","valueRequired":true,"valueName":"search_term_string"}}],"inLanguage":"en-US"},{"@type":"Organization","@id":"https:\/\/funstorage.thehuettl.com\/#organization","name":"FunStorage","url":"https:\/\/funstorage.thehuettl.com\/","logo":{"@type":"ImageObject","inLanguage":"en-US","@id":"https:\/\/funstorage.thehuettl.com\/#\/schema\/logo\/image\/","url":"https:\/\/funstorage.thehuettl.com\/wp-content\/uploads\/2023\/02\/cropped-D2BA2C24-7753-4AC3-9F3B-6C174C5BCB99.png","contentUrl":"https:\/\/funstorage.thehuettl.com\/wp-content\/uploads\/2023\/02\/cropped-D2BA2C24-7753-4AC3-9F3B-6C174C5BCB99.png","width":512,"height":512,"caption":"FunStorage"},"image":{"@id":"https:\/\/funstorage.thehuettl.com\/#\/schema\/logo\/image\/"},"sameAs":["https:\/\/www.facebook.com\/funstorage.de"]}]}},"_links":{"self":[{"href":"https:\/\/funstorage.thehuettl.com\/en\/wp-json\/wp\/v2\/product\/8733","targetHints":{"allow":["GET"]}}],"collection":[{"href":"https:\/\/funstorage.thehuettl.com\/en\/wp-json\/wp\/v2\/product"}],"about":[{"href":"https:\/\/funstorage.thehuettl.com\/en\/wp-json\/wp\/v2\/types\/product"}],"replies":[{"embeddable":true,"href":"https:\/\/funstorage.thehuettl.com\/en\/wp-json\/wp\/v2\/comments?post=8733"}],"version-history":[{"count":0,"href":"https:\/\/funstorage.thehuettl.com\/en\/wp-json\/wp\/v2\/product\/8733\/revisions"}],"wp:featuredmedia":[{"embeddable":true,"href":"https:\/\/funstorage.thehuettl.com\/en\/wp-json\/wp\/v2\/media\/8432"}],"wp:attachment":[{"href":"https:\/\/funstorage.thehuettl.com\/en\/wp-json\/wp\/v2\/media?parent=8733"}],"wp:term":[{"taxonomy":"product_brand","embeddable":true,"href":"https:\/\/funstorage.thehuettl.com\/en\/wp-json\/wp\/v2\/product_brand?post=8733"},{"taxonomy":"product_cat","embeddable":true,"href":"https:\/\/funstorage.thehuettl.com\/en\/wp-json\/wp\/v2\/product_cat?post=8733"},{"taxonomy":"product_tag","embeddable":true,"href":"https:\/\/funstorage.thehuettl.com\/en\/wp-json\/wp\/v2\/product_tag?post=8733"}],"curies":[{"name":"wp","href":"https:\/\/api.w.org\/{rel}","templated":true}]}}