{"id":8734,"date":"2023-03-01T02:50:51","date_gmt":"2023-03-01T01:50:51","guid":{"rendered":"https:\/\/funstorage.thehuettl.com\/?post_type=product&#038;p=8734"},"modified":"2024-11-24T21:24:48","modified_gmt":"2024-11-24T20:24:48","slug":"lego-76907-speed-champions-lotus-evija","status":"publish","type":"product","link":"https:\/\/funstorage.thehuettl.com\/en\/shop\/lego-76907-speed-champions-lotus-evija\/","title":{"rendered":"LEGO\u00ae 76907 Speed Champions Lotus Evija"},"content":{"rendered":"<p>Erlebe eines der innovativsten Fahrzeuge der Welt \u2013 den Lotus Evija. Jetzt kannst du dieses fantastische LEGO\u00ae Speed Champions Modell des Elektro-Supersportwagens sammeln, bauen und erkunden, w\u00e4hrend du das aerodynamische Design Teil f\u00fcr Teil nachbildest. Das fertige Modell ist nicht nur ein spektakul\u00e4res Ausstellungsst\u00fcck. Du kannst den Lotus-Piloten auch ins Cockpit setzen und auf die n\u00e4chste Rennstrecke schicken!<\/p>\n<p>Der LEGO\u00ae Speed Champions Lotus Evija (76907) spiegelt die schlichte Eleganz und das innovative Design des echten Elektro-Supersportwagens perfekt wider. Das Modell bietet Kindern und Autoliebhabern jeden Alters ein fesselndes Bauerlebnis, begeistert als Ausstellungsst\u00fcck und l\u00e4sst dein Kind viele spannende Rennen austragen. Digitale Bauanleitung Diesem Rennauto zum Spielen und Sammeln liegt eine gedruckte Bauanleitung bei. In der kostenlosen LEGO Building Instructions App f\u00fcr Smartphones und Tablets ist au\u00dferdem eine interaktive Bauanleitung verf\u00fcgbar. Faszinierende Dreh- und Vergr\u00f6\u00dferungsfunktionen lassen dein Kind digitale Ansichten des Modells aus jedem Winkel betrachten. Nachbildung legend\u00e4rer Fahrzeuge LEGO Speed Champions Bausets beinhalten Mini-Versionen der besten und bekanntesten Fahrzeuge der Welt. Diese Modelle begeistern nicht nur als Hingucker, sondern eignen sich auch f\u00fcr spannende Rennen gegen andere Speed Champions Flitzer.<\/p>\n<p>Anzahl Teile: 247<br \/>\nAltersempfehlung: 8+<br \/>\nThema: Speed Champions<br \/>\nEAN: 5702017156712<\/p>\n<p>\u2022 Bilde den ersten britischen Elektro-Supersportwagen nach: Der LEGO\u00ae Speed Champions Lotus Evija (76907) ist eine fantastische Nachbildung f\u00fcr Autofans und Kinder, die gerne fantasievoll spielen<br \/>\n\u2022 Inhalt der Box: Alles, was du brauchst, um eine Nachbildung des Lotus Evija zu bauen. Zu diesem Sammlerst\u00fcck geh\u00f6rt auch eine Rennfahrer-Minifigur mit Lotus-Rennoverall, Schutzhelm, Per\u00fccke und Schraubenschl\u00fcssel<br \/>\n\u2022 Sammeln, spielen, ausstellen: Kinder und Autofans k\u00f6nnen den Lotus Evija bauen und dabei sein innovatives Design betrachten, ihr fertiges Modell dann ausstellen oder spannende Speed Champions Rennen mit ihren Freunden austragen<br \/>\n\u2022 Geschenk f\u00fcr jeden Anlass: Dieses LEGO\u00ae Speed Champions Set aus 247 Teilen ist ein cooles Geburtstags-, Weihnachts- oder \u00dcberraschungsgeschenk f\u00fcr Kinder ab 8 Jahren, die sich f\u00fcr rasante Sportwagen begeistern<br \/>\n\u2022 Unz\u00e4hlige Details: Der Lotus Evija ist 4 cm hoch, 15 cm lang und 7 cm breit. Deshalb ist reichlich Platz f\u00fcr ein 2-Sitzer-Cockpit und jede Menge authentische Details<br \/>\n\u2022 Batterien werden nicht ben\u00f6tigt. Die Fantasie der Kinder reicht v\u00f6llig, um den Spielzeug-Supersportwagen in viele spannende Rennen zu schicken!<br \/>\n\u2022 Interaktive Bauanleitungen: In der LEGO\u00ae Building Instructions App f\u00fcr Smartphones und Tablets sind Dreh- und Vergr\u00f6\u00dferungsfunktionen verf\u00fcgbar, die dein Kind digitale Modellansichten aus jedem Winkel betrachten lassen<br \/>\n\u2022 Hommage an Innovation und Design: LEGO\u00ae Speed Champions Sets lassen Kinder und Autofans die legend\u00e4rsten Fahrzeuge der Welt erkunden<br \/>\n\u2022 Qualit\u00e4t hat Vorrang: LEGO\u00ae Elemente entsprechen schon seit 1958 strengen Branchenstandards, damit sie einheitlich und kompatibel sind und gro\u00dfen Bauspa\u00df bieten<br \/>\n\u2022 Gepr\u00fcfte Sicherheit: Alle LEGO\u00ae Bauspielzeuge werden gr\u00fcndlich getestet, damit jedes Spielset strenge Sicherheitsstandards erf\u00fcllt<\/p>","protected":false},"excerpt":{"rendered":"<p>Erlebe eines der innovativsten Fahrzeuge der Welt \u2013 den Lotus Evija. Jetzt kannst du dieses fantastische LEGO\u00ae Speed Champions Modell des Elektro-Supersportwagens sammeln, bauen und erkunden, w\u00e4hrend du das aerodynamische Design Teil f\u00fcr Teil nachbildest. Das fertige Modell ist nicht nur ein spektakul\u00e4res Ausstellungsst\u00fcck. Du kannst den Lotus-Piloten auch ins Cockpit setzen und auf die [&hellip;]<\/p>","protected":false},"featured_media":8439,"comment_status":"open","ping_status":"closed","template":"","meta":[],"product_brand":[],"product_cat":[34,37,210],"product_tag":[101,217,212,213,218,215,216],"class_list":{"0":"post-8734","1":"product","2":"type-product","3":"status-publish","4":"has-post-thumbnail","6":"product_cat-lego","7":"product_cat-konstruktionsspielzeug","8":"product_cat-lego-speed-champions","9":"product_tag-auto","10":"product_tag-lotus","11":"product_tag-rennauto","12":"product_tag-rennwagen","13":"product_tag-speed-champion","14":"product_tag-sportwagen","15":"product_tag-supersportwagen","17":"first","18":"instock","19":"taxable","20":"shipping-taxable","21":"purchasable","22":"product-type-simple"},"yoast_head":"<!-- This site is optimized with the Yoast SEO plugin v26.4 - https:\/\/yoast.com\/wordpress\/plugins\/seo\/ -->\n<title>LEGO\u00ae 76907 Speed Champions Lotus Evija - FunStorage<\/title>\n<meta name=\"robots\" content=\"index, follow, max-snippet:-1, max-image-preview:large, max-video-preview:-1\" \/>\n<link rel=\"canonical\" href=\"https:\/\/funstorage.thehuettl.com\/en\/wp-json\/wp\/v2\/product\/8734\" \/>\n<meta property=\"og:locale\" content=\"en_US\" \/>\n<meta property=\"og:type\" content=\"article\" \/>\n<meta property=\"og:title\" content=\"LEGO\u00ae 76907 Speed Champions Lotus Evija - FunStorage\" \/>\n<meta property=\"og:description\" content=\"Erlebe eines der innovativsten Fahrzeuge der Welt \u2013 den Lotus Evija. Jetzt kannst du dieses fantastische LEGO\u00ae Speed Champions Modell des Elektro-Supersportwagens sammeln, bauen und erkunden, w\u00e4hrend du das aerodynamische Design Teil f\u00fcr Teil nachbildest. Das fertige Modell ist nicht nur ein spektakul\u00e4res Ausstellungsst\u00fcck. Du kannst den Lotus-Piloten auch ins Cockpit setzen und auf die [&hellip;]\" \/>\n<meta property=\"og:url\" content=\"https:\/\/funstorage.thehuettl.com\/en\/shop\/lego-76907-speed-champions-lotus-evija\/\" \/>\n<meta property=\"og:site_name\" content=\"FunStorage\" \/>\n<meta property=\"article:publisher\" content=\"https:\/\/www.facebook.com\/funstorage.de\" \/>\n<meta property=\"article:modified_time\" content=\"2024-11-24T20:24:48+00:00\" \/>\n<meta property=\"og:image\" content=\"https:\/\/funstorage.thehuettl.com\/wp-content\/uploads\/2023\/03\/76907_boxprod_v29-scaled-1.jpg\" \/>\n\t<meta property=\"og:image:width\" content=\"2560\" \/>\n\t<meta property=\"og:image:height\" content=\"2560\" \/>\n\t<meta property=\"og:image:type\" content=\"image\/jpeg\" \/>\n<meta name=\"twitter:card\" content=\"summary_large_image\" \/>\n<meta name=\"twitter:label1\" content=\"Est. reading time\" \/>\n\t<meta name=\"twitter:data1\" content=\"3 minutes\" \/>\n<script type=\"application\/ld+json\" class=\"yoast-schema-graph\">{\"@context\":\"https:\/\/schema.org\",\"@graph\":[{\"@type\":\"WebPage\",\"@id\":\"https:\/\/funstorage.thehuettl.com\/shop\/lego-76907-speed-champions-lotus-evija\/\",\"url\":\"https:\/\/funstorage.thehuettl.com\/shop\/lego-76907-speed-champions-lotus-evija\/\",\"name\":\"LEGO\u00ae 76907 Speed Champions Lotus Evija - FunStorage\",\"isPartOf\":{\"@id\":\"https:\/\/funstorage.thehuettl.com\/#website\"},\"primaryImageOfPage\":{\"@id\":\"https:\/\/funstorage.thehuettl.com\/shop\/lego-76907-speed-champions-lotus-evija\/#primaryimage\"},\"image\":{\"@id\":\"https:\/\/funstorage.thehuettl.com\/shop\/lego-76907-speed-champions-lotus-evija\/#primaryimage\"},\"thumbnailUrl\":\"https:\/\/funstorage.thehuettl.com\/wp-content\/uploads\/2023\/03\/76907_boxprod_v29-scaled-1.jpg\",\"datePublished\":\"2023-03-01T01:50:51+00:00\",\"dateModified\":\"2024-11-24T20:24:48+00:00\",\"breadcrumb\":{\"@id\":\"https:\/\/funstorage.thehuettl.com\/shop\/lego-76907-speed-champions-lotus-evija\/#breadcrumb\"},\"inLanguage\":\"en-US\",\"potentialAction\":[{\"@type\":\"ReadAction\",\"target\":[\"https:\/\/funstorage.thehuettl.com\/shop\/lego-76907-speed-champions-lotus-evija\/\"]}]},{\"@type\":\"ImageObject\",\"inLanguage\":\"en-US\",\"@id\":\"https:\/\/funstorage.thehuettl.com\/shop\/lego-76907-speed-champions-lotus-evija\/#primaryimage\",\"url\":\"https:\/\/funstorage.thehuettl.com\/wp-content\/uploads\/2023\/03\/76907_boxprod_v29-scaled-1.jpg\",\"contentUrl\":\"https:\/\/funstorage.thehuettl.com\/wp-content\/uploads\/2023\/03\/76907_boxprod_v29-scaled-1.jpg\",\"width\":2560,\"height\":2560},{\"@type\":\"BreadcrumbList\",\"@id\":\"https:\/\/funstorage.thehuettl.com\/shop\/lego-76907-speed-champions-lotus-evija\/#breadcrumb\",\"itemListElement\":[{\"@type\":\"ListItem\",\"position\":1,\"name\":\"Startseite\",\"item\":\"https:\/\/funstorage.thehuettl.com\/step\/homepage\/\"},{\"@type\":\"ListItem\",\"position\":2,\"name\":\"Shop\",\"item\":\"https:\/\/funstorage.thehuettl.com\/shop\/\"},{\"@type\":\"ListItem\",\"position\":3,\"name\":\"LEGO\u00ae 76907 Speed Champions Lotus Evija\"}]},{\"@type\":\"WebSite\",\"@id\":\"https:\/\/funstorage.thehuettl.com\/#website\",\"url\":\"https:\/\/funstorage.thehuettl.com\/\",\"name\":\"FunStorage\",\"description\":\"\",\"publisher\":{\"@id\":\"https:\/\/funstorage.thehuettl.com\/#organization\"},\"potentialAction\":[{\"@type\":\"SearchAction\",\"target\":{\"@type\":\"EntryPoint\",\"urlTemplate\":\"https:\/\/funstorage.thehuettl.com\/?s={search_term_string}\"},\"query-input\":{\"@type\":\"PropertyValueSpecification\",\"valueRequired\":true,\"valueName\":\"search_term_string\"}}],\"inLanguage\":\"en-US\"},{\"@type\":\"Organization\",\"@id\":\"https:\/\/funstorage.thehuettl.com\/#organization\",\"name\":\"FunStorage\",\"url\":\"https:\/\/funstorage.thehuettl.com\/\",\"logo\":{\"@type\":\"ImageObject\",\"inLanguage\":\"en-US\",\"@id\":\"https:\/\/funstorage.thehuettl.com\/#\/schema\/logo\/image\/\",\"url\":\"https:\/\/funstorage.thehuettl.com\/wp-content\/uploads\/2023\/02\/cropped-D2BA2C24-7753-4AC3-9F3B-6C174C5BCB99.png\",\"contentUrl\":\"https:\/\/funstorage.thehuettl.com\/wp-content\/uploads\/2023\/02\/cropped-D2BA2C24-7753-4AC3-9F3B-6C174C5BCB99.png\",\"width\":512,\"height\":512,\"caption\":\"FunStorage\"},\"image\":{\"@id\":\"https:\/\/funstorage.thehuettl.com\/#\/schema\/logo\/image\/\"},\"sameAs\":[\"https:\/\/www.facebook.com\/funstorage.de\"]}]}<\/script>\n<!-- \/ Yoast SEO plugin. -->","yoast_head_json":{"title":"LEGO\u00ae 76907 Speed Champions Lotus Evija - FunStorage","robots":{"index":"index","follow":"follow","max-snippet":"max-snippet:-1","max-image-preview":"max-image-preview:large","max-video-preview":"max-video-preview:-1"},"canonical":"https:\/\/funstorage.thehuettl.com\/en\/wp-json\/wp\/v2\/product\/8734","og_locale":"en_US","og_type":"article","og_title":"LEGO\u00ae 76907 Speed Champions Lotus Evija - FunStorage","og_description":"Erlebe eines der innovativsten Fahrzeuge der Welt \u2013 den Lotus Evija. Jetzt kannst du dieses fantastische LEGO\u00ae Speed Champions Modell des Elektro-Supersportwagens sammeln, bauen und erkunden, w\u00e4hrend du das aerodynamische Design Teil f\u00fcr Teil nachbildest. Das fertige Modell ist nicht nur ein spektakul\u00e4res Ausstellungsst\u00fcck. Du kannst den Lotus-Piloten auch ins Cockpit setzen und auf die [&hellip;]","og_url":"https:\/\/funstorage.thehuettl.com\/en\/shop\/lego-76907-speed-champions-lotus-evija\/","og_site_name":"FunStorage","article_publisher":"https:\/\/www.facebook.com\/funstorage.de","article_modified_time":"2024-11-24T20:24:48+00:00","og_image":[{"width":2560,"height":2560,"url":"https:\/\/funstorage.thehuettl.com\/wp-content\/uploads\/2023\/03\/76907_boxprod_v29-scaled-1.jpg","type":"image\/jpeg"}],"twitter_card":"summary_large_image","twitter_misc":{"Est. reading time":"3 minutes"},"schema":{"@context":"https:\/\/schema.org","@graph":[{"@type":"WebPage","@id":"https:\/\/funstorage.thehuettl.com\/shop\/lego-76907-speed-champions-lotus-evija\/","url":"https:\/\/funstorage.thehuettl.com\/shop\/lego-76907-speed-champions-lotus-evija\/","name":"LEGO\u00ae 76907 Speed Champions Lotus Evija - FunStorage","isPartOf":{"@id":"https:\/\/funstorage.thehuettl.com\/#website"},"primaryImageOfPage":{"@id":"https:\/\/funstorage.thehuettl.com\/shop\/lego-76907-speed-champions-lotus-evija\/#primaryimage"},"image":{"@id":"https:\/\/funstorage.thehuettl.com\/shop\/lego-76907-speed-champions-lotus-evija\/#primaryimage"},"thumbnailUrl":"https:\/\/funstorage.thehuettl.com\/wp-content\/uploads\/2023\/03\/76907_boxprod_v29-scaled-1.jpg","datePublished":"2023-03-01T01:50:51+00:00","dateModified":"2024-11-24T20:24:48+00:00","breadcrumb":{"@id":"https:\/\/funstorage.thehuettl.com\/shop\/lego-76907-speed-champions-lotus-evija\/#breadcrumb"},"inLanguage":"en-US","potentialAction":[{"@type":"ReadAction","target":["https:\/\/funstorage.thehuettl.com\/shop\/lego-76907-speed-champions-lotus-evija\/"]}]},{"@type":"ImageObject","inLanguage":"en-US","@id":"https:\/\/funstorage.thehuettl.com\/shop\/lego-76907-speed-champions-lotus-evija\/#primaryimage","url":"https:\/\/funstorage.thehuettl.com\/wp-content\/uploads\/2023\/03\/76907_boxprod_v29-scaled-1.jpg","contentUrl":"https:\/\/funstorage.thehuettl.com\/wp-content\/uploads\/2023\/03\/76907_boxprod_v29-scaled-1.jpg","width":2560,"height":2560},{"@type":"BreadcrumbList","@id":"https:\/\/funstorage.thehuettl.com\/shop\/lego-76907-speed-champions-lotus-evija\/#breadcrumb","itemListElement":[{"@type":"ListItem","position":1,"name":"Startseite","item":"https:\/\/funstorage.thehuettl.com\/step\/homepage\/"},{"@type":"ListItem","position":2,"name":"Shop","item":"https:\/\/funstorage.thehuettl.com\/shop\/"},{"@type":"ListItem","position":3,"name":"LEGO\u00ae 76907 Speed Champions Lotus Evija"}]},{"@type":"WebSite","@id":"https:\/\/funstorage.thehuettl.com\/#website","url":"https:\/\/funstorage.thehuettl.com\/","name":"FunStorage","description":"","publisher":{"@id":"https:\/\/funstorage.thehuettl.com\/#organization"},"potentialAction":[{"@type":"SearchAction","target":{"@type":"EntryPoint","urlTemplate":"https:\/\/funstorage.thehuettl.com\/?s={search_term_string}"},"query-input":{"@type":"PropertyValueSpecification","valueRequired":true,"valueName":"search_term_string"}}],"inLanguage":"en-US"},{"@type":"Organization","@id":"https:\/\/funstorage.thehuettl.com\/#organization","name":"FunStorage","url":"https:\/\/funstorage.thehuettl.com\/","logo":{"@type":"ImageObject","inLanguage":"en-US","@id":"https:\/\/funstorage.thehuettl.com\/#\/schema\/logo\/image\/","url":"https:\/\/funstorage.thehuettl.com\/wp-content\/uploads\/2023\/02\/cropped-D2BA2C24-7753-4AC3-9F3B-6C174C5BCB99.png","contentUrl":"https:\/\/funstorage.thehuettl.com\/wp-content\/uploads\/2023\/02\/cropped-D2BA2C24-7753-4AC3-9F3B-6C174C5BCB99.png","width":512,"height":512,"caption":"FunStorage"},"image":{"@id":"https:\/\/funstorage.thehuettl.com\/#\/schema\/logo\/image\/"},"sameAs":["https:\/\/www.facebook.com\/funstorage.de"]}]}},"_links":{"self":[{"href":"https:\/\/funstorage.thehuettl.com\/en\/wp-json\/wp\/v2\/product\/8734","targetHints":{"allow":["GET"]}}],"collection":[{"href":"https:\/\/funstorage.thehuettl.com\/en\/wp-json\/wp\/v2\/product"}],"about":[{"href":"https:\/\/funstorage.thehuettl.com\/en\/wp-json\/wp\/v2\/types\/product"}],"replies":[{"embeddable":true,"href":"https:\/\/funstorage.thehuettl.com\/en\/wp-json\/wp\/v2\/comments?post=8734"}],"version-history":[{"count":0,"href":"https:\/\/funstorage.thehuettl.com\/en\/wp-json\/wp\/v2\/product\/8734\/revisions"}],"wp:featuredmedia":[{"embeddable":true,"href":"https:\/\/funstorage.thehuettl.com\/en\/wp-json\/wp\/v2\/media\/8439"}],"wp:attachment":[{"href":"https:\/\/funstorage.thehuettl.com\/en\/wp-json\/wp\/v2\/media?parent=8734"}],"wp:term":[{"taxonomy":"product_brand","embeddable":true,"href":"https:\/\/funstorage.thehuettl.com\/en\/wp-json\/wp\/v2\/product_brand?post=8734"},{"taxonomy":"product_cat","embeddable":true,"href":"https:\/\/funstorage.thehuettl.com\/en\/wp-json\/wp\/v2\/product_cat?post=8734"},{"taxonomy":"product_tag","embeddable":true,"href":"https:\/\/funstorage.thehuettl.com\/en\/wp-json\/wp\/v2\/product_tag?post=8734"}],"curies":[{"name":"wp","href":"https:\/\/api.w.org\/{rel}","templated":true}]}}