{"id":8735,"date":"2023-03-01T02:50:51","date_gmt":"2023-03-01T01:50:51","guid":{"rendered":"https:\/\/funstorage.thehuettl.com\/?post_type=product&#038;p=8735"},"modified":"2023-11-14T00:56:30","modified_gmt":"2023-11-13T23:56:30","slug":"plantronics-backbeat-go-605-kabellose-kopfhoerer","status":"publish","type":"product","link":"https:\/\/funstorage.thehuettl.com\/en\/shop\/plantronics-backbeat-go-605-kabellose-kopfhoerer\/","title":{"rendered":"Plantronics BackBeat GO 605 kabellose Kopfh\u00f6rer"},"content":{"rendered":"<p>Bis zu 18 Stunden Wiedergabe- und Sprechzeit bei einer Akkuladung &#8211; 40 mm-Treiber und eine fortschrittliche Akustik sorgen f\u00fcr satten Sound.<br \/>\nKomfortable Memory-Foam-Ohrkissen liegen bequem am Ohr an und isolieren Ger\u00e4usche. &#8211; Die EQ-Einstellungen bieten einen Bass-Boost- und einen Balanced-Modus.<br \/>\nStreaming in einer Entfernung von bis zu 10 m mit kompatiblen Bluetooth-Ger\u00e4ten. &#8211; Die Ohrkissen lassen sich zum Transport flach zusammenfalten.<br \/>\nPraktische Steuerung \u00fcber Regler am Headset f\u00fcr Telefonate und Musik.<br \/>\n3,5 mm-Anschluss f\u00fcr Wiedergabe per Kabel &#8211; Breitbandf\u00e4higes Mikrofon<\/p>\n<p>Im Lieferumfang enthalten:<br \/>\n&#8211; Kabel<br \/>\n&#8211; Tasche<\/p>\n<div><span style=\"font-family: Verdana;\">\u00a0<\/span><\/div>\n<div>\n<p>&nbsp;<\/p>\n<p style=\"margin: 0px 0px 1em; padding: 0px; font-weight: 400; background: transparent; font-size: 14px; border: 0px; outline: 0px; vertical-align: top; text-align: justify; color: #555555; font-family: 'Fira Sans', Arial, verdana, sans-serif; font-style: normal; font-variant-ligatures: normal; font-variant-caps: normal; letter-spacing: normal; orphans: 2; text-indent: 0px; text-transform: none; white-space: normal; widows: 2; word-spacing: 0px; -webkit-text-stroke-width: 0px; text-decoration-thickness: initial; text-decoration-style: initial; text-decoration-color: initial;\"><b style=\"margin: 0px; padding: 0px; font-weight: bold; background: transparent; font-size: 14px; border: 0px; outline: 0px; vertical-align: top;\">Hinweis zur Entsorgung von Altbatterien<\/b><\/p>\n<p style=\"margin: 0px 0px 1em; padding: 0px; font-weight: 400; background: transparent; font-size: 14px; border: 0px; outline: 0px; vertical-align: top; text-align: justify; color: #555555; font-family: 'Fira Sans', Arial, verdana, sans-serif; font-style: normal; font-variant-ligatures: normal; font-variant-caps: normal; letter-spacing: normal; orphans: 2; text-indent: 0px; text-transform: none; white-space: normal; widows: 2; word-spacing: 0px; -webkit-text-stroke-width: 0px; text-decoration-thickness: initial; text-decoration-style: initial; text-decoration-color: initial;\">Der nachfolgende Hinweis richtet sich an diejenigen, die Batterien oder Produkte mit eingebauten Batterien nutzen und in der an sie gelieferten Form nicht mehr weiterver\u00e4u\u00dfern (Endnutzer):<\/p>\n<p style=\"margin: 0px 0px 1em; padding: 0px; font-weight: 400; background: transparent; font-size: 14px; border: 0px; outline: 0px; vertical-align: top; text-align: justify; color: #555555; font-family: 'Fira Sans', Arial, verdana, sans-serif; font-style: normal; font-variant-ligatures: normal; font-variant-caps: normal; letter-spacing: normal; orphans: 2; text-indent: 0px; text-transform: none; white-space: normal; widows: 2; word-spacing: 0px; -webkit-text-stroke-width: 0px; text-decoration-thickness: initial; text-decoration-style: initial; text-decoration-color: initial;\"><b style=\"margin: 0px; padding: 0px; font-weight: bold; background: transparent; font-size: 14px; border: 0px; outline: 0px; vertical-align: top;\">1. Unentgeltliche R\u00fccknahme von Altbatterien<\/b><\/p>\n<p style=\"margin: 0px 0px 1em; padding: 0px; font-weight: 400; background: transparent; font-size: 14px; border: 0px; outline: 0px; vertical-align: top; text-align: justify; color: #555555; font-family: 'Fira Sans', Arial, verdana, sans-serif; font-style: normal; font-variant-ligatures: normal; font-variant-caps: normal; letter-spacing: normal; orphans: 2; text-indent: 0px; text-transform: none; white-space: normal; widows: 2; word-spacing: 0px; -webkit-text-stroke-width: 0px; text-decoration-thickness: initial; text-decoration-style: initial; text-decoration-color: initial;\">Batterien d\u00fcrfen nicht \u00fcber den Hausm\u00fcll entsorgt werden. Sie sind zur R\u00fcckgabe von Altbatterien gesetzlich verpflichtet, damit eine fachgerechte Entsorgung gew\u00e4hrleistet werden kann. Sie k\u00f6nnen Altbatterien an einer kommunalen Sammelstelle oder im Handel vor Ort abgeben. Auch wir sind als Vertreiber von Batterien zur R\u00fccknahme von Altbatterien verpflichtet, wobei sich unsere R\u00fccknahmeverpflichtung auf Altbatterien der Art beschr\u00e4nkt, die wir als Neubatterien in unserem Sortiment f\u00fchren oder gef\u00fchrt haben. Altbatterien vorgenannter Art k\u00f6nnen Sie daher entweder ausreichend frankiert an uns zur\u00fccksenden oder sie direkt an unserem Versandlager unter der im Impressum genannten Adresse unentgeltlich abgeben.<\/p>\n<p style=\"margin: 0px 0px 1em; padding: 0px; font-weight: 400; background: transparent; font-size: 14px; border: 0px; outline: 0px; vertical-align: top; text-align: justify; color: #555555; font-family: 'Fira Sans', Arial, verdana, sans-serif; font-style: normal; font-variant-ligatures: normal; font-variant-caps: normal; letter-spacing: normal; orphans: 2; text-indent: 0px; text-transform: none; white-space: normal; widows: 2; word-spacing: 0px; -webkit-text-stroke-width: 0px; text-decoration-thickness: initial; text-decoration-style: initial; text-decoration-color: initial;\"><b style=\"margin: 0px; padding: 0px; font-weight: bold; background: transparent; font-size: 14px; border: 0px; outline: 0px; vertical-align: top;\">2. Bedeutung der Batteriesymbole<\/b><br style=\"margin: 0px; padding: 0px; font-weight: normal;\" \/><br style=\"margin: 0px; padding: 0px; font-weight: normal;\" \/>Batterien sind mit dem Symbol einer durchgekreuzten M\u00fclltonne (s. u.) gekennzeichnet. Dieses Symbol weist darauf hin, dass Batterien nicht in den Hausm\u00fcll gegeben werden d\u00fcrfen. Bei Batterien, die mehr als 0,0005 Masseprozent Quecksilber, mehr als 0,002 Masseprozent Cadmium oder mehr als 0,004 Masseprozent Blei enthalten, befindet sich unter dem M\u00fclltonnen-Symbol die chemische Bezeichnung des jeweils eingesetzten Schadstoffes \u2013 dabei steht &#8222;Cd&#8220; f\u00fcr Cadmium, &#8222;Pb&#8220; steht f\u00fcr Blei, und &#8222;Hg&#8220; f\u00fcr Quecksilber.<\/p>\n<div style=\"margin: 0px 0px 1.5em; padding: 8px; font-weight: 400; background: white; font-size: 14px; border: 1px solid #e5e5e5; outline: 0px; vertical-align: top; color: #555555; font-family: 'Fira Sans', Arial, verdana, sans-serif; font-style: normal; font-variant-ligatures: normal; font-variant-caps: normal; letter-spacing: normal; orphans: 2; text-indent: 0px; text-transform: none; white-space: normal; widows: 2; word-spacing: 0px; -webkit-text-stroke-width: 0px; text-decoration-thickness: initial; text-decoration-style: initial; text-decoration-color: initial; text-align: center; box-shadow: rgba(0, 0, 0, 0.05) 0px 0px 5px 5px;\"><img decoding=\"async\" style=\"margin: 0px; padding: 0px; font-weight: inherit; background: transparent; font-size: 14px; border: 0px; outline: 0px; vertical-align: top; width: 172px; max-width: 172px;\" src=\"https:\/\/www.it-recht-kanzlei.de\/cache\/111-995_356_w747-b726d.jpg\" alt=\"111\" \/><\/div>\n<\/div>\n<p>&nbsp;<\/p>","protected":false},"excerpt":{"rendered":"<p>Bis zu 18 Stunden Wiedergabe- und Sprechzeit bei einer Akkuladung &#8211; 40 mm-Treiber und eine fortschrittliche Akustik sorgen f\u00fcr satten Sound.<\/p>","protected":false},"featured_media":8445,"comment_status":"open","ping_status":"closed","template":"","meta":[],"product_brand":[],"product_cat":[220],"product_tag":[221,222,223,224,225,226,227,228,229,230],"class_list":{"0":"post-8735","1":"product","2":"type-product","3":"status-publish","4":"has-post-thumbnail","6":"product_cat-gaming-und-buero","7":"product_tag-backbeat","8":"product_tag-headphones","9":"product_tag-kabellos","10":"product_tag-kopfhoerer","11":"product_tag-ohne-kabel","12":"product_tag-over-ear","13":"product_tag-plantronics","14":"product_tag-sound","15":"product_tag-ueber-ohr","16":"product_tag-wireless","18":"first","19":"instock","20":"taxable","21":"shipping-taxable","22":"purchasable","23":"product-type-simple"},"yoast_head":"<!-- This site is optimized with the Yoast SEO plugin v26.4 - https:\/\/yoast.com\/wordpress\/plugins\/seo\/ -->\n<title>Plantronics BackBeat GO 605 kabellose Kopfh\u00f6rer - FunStorage<\/title>\n<meta name=\"robots\" content=\"index, follow, max-snippet:-1, max-image-preview:large, max-video-preview:-1\" \/>\n<link rel=\"canonical\" href=\"https:\/\/funstorage.thehuettl.com\/en\/wp-json\/wp\/v2\/product\/8735\" \/>\n<meta property=\"og:locale\" content=\"en_US\" \/>\n<meta property=\"og:type\" content=\"article\" \/>\n<meta property=\"og:title\" content=\"Plantronics BackBeat GO 605 kabellose Kopfh\u00f6rer - FunStorage\" \/>\n<meta property=\"og:description\" content=\"Bis zu 18 Stunden Wiedergabe- und Sprechzeit bei einer Akkuladung - 40 mm-Treiber und eine fortschrittliche Akustik sorgen f\u00fcr satten Sound.\" \/>\n<meta property=\"og:url\" content=\"https:\/\/funstorage.thehuettl.com\/en\/shop\/plantronics-backbeat-go-605-kabellose-kopfhoerer\/\" \/>\n<meta property=\"og:site_name\" content=\"FunStorage\" \/>\n<meta property=\"article:publisher\" content=\"https:\/\/www.facebook.com\/funstorage.de\" \/>\n<meta property=\"article:modified_time\" content=\"2023-11-13T23:56:30+00:00\" \/>\n<meta property=\"og:image\" content=\"https:\/\/funstorage.thehuettl.com\/wp-content\/uploads\/2023\/03\/1.png\" \/>\n\t<meta property=\"og:image:width\" content=\"500\" \/>\n\t<meta property=\"og:image:height\" content=\"500\" \/>\n\t<meta property=\"og:image:type\" content=\"image\/png\" \/>\n<meta name=\"twitter:card\" content=\"summary_large_image\" \/>\n<meta name=\"twitter:label1\" content=\"Est. reading time\" \/>\n\t<meta name=\"twitter:data1\" content=\"2 minutes\" \/>\n<script type=\"application\/ld+json\" class=\"yoast-schema-graph\">{\"@context\":\"https:\/\/schema.org\",\"@graph\":[{\"@type\":\"WebPage\",\"@id\":\"https:\/\/funstorage.thehuettl.com\/shop\/plantronics-backbeat-go-605-kabellose-kopfhoerer\/\",\"url\":\"https:\/\/funstorage.thehuettl.com\/shop\/plantronics-backbeat-go-605-kabellose-kopfhoerer\/\",\"name\":\"Plantronics BackBeat GO 605 kabellose Kopfh\u00f6rer - FunStorage\",\"isPartOf\":{\"@id\":\"https:\/\/funstorage.thehuettl.com\/#website\"},\"primaryImageOfPage\":{\"@id\":\"https:\/\/funstorage.thehuettl.com\/shop\/plantronics-backbeat-go-605-kabellose-kopfhoerer\/#primaryimage\"},\"image\":{\"@id\":\"https:\/\/funstorage.thehuettl.com\/shop\/plantronics-backbeat-go-605-kabellose-kopfhoerer\/#primaryimage\"},\"thumbnailUrl\":\"https:\/\/funstorage.thehuettl.com\/wp-content\/uploads\/2023\/03\/1.png\",\"datePublished\":\"2023-03-01T01:50:51+00:00\",\"dateModified\":\"2023-11-13T23:56:30+00:00\",\"breadcrumb\":{\"@id\":\"https:\/\/funstorage.thehuettl.com\/shop\/plantronics-backbeat-go-605-kabellose-kopfhoerer\/#breadcrumb\"},\"inLanguage\":\"en-US\",\"potentialAction\":[{\"@type\":\"ReadAction\",\"target\":[\"https:\/\/funstorage.thehuettl.com\/shop\/plantronics-backbeat-go-605-kabellose-kopfhoerer\/\"]}]},{\"@type\":\"ImageObject\",\"inLanguage\":\"en-US\",\"@id\":\"https:\/\/funstorage.thehuettl.com\/shop\/plantronics-backbeat-go-605-kabellose-kopfhoerer\/#primaryimage\",\"url\":\"https:\/\/funstorage.thehuettl.com\/wp-content\/uploads\/2023\/03\/1.png\",\"contentUrl\":\"https:\/\/funstorage.thehuettl.com\/wp-content\/uploads\/2023\/03\/1.png\",\"width\":500,\"height\":500},{\"@type\":\"BreadcrumbList\",\"@id\":\"https:\/\/funstorage.thehuettl.com\/shop\/plantronics-backbeat-go-605-kabellose-kopfhoerer\/#breadcrumb\",\"itemListElement\":[{\"@type\":\"ListItem\",\"position\":1,\"name\":\"Startseite\",\"item\":\"https:\/\/funstorage.thehuettl.com\/step\/homepage\/\"},{\"@type\":\"ListItem\",\"position\":2,\"name\":\"Shop\",\"item\":\"https:\/\/funstorage.thehuettl.com\/shop\/\"},{\"@type\":\"ListItem\",\"position\":3,\"name\":\"Plantronics BackBeat GO 605 kabellose Kopfh\u00f6rer\"}]},{\"@type\":\"WebSite\",\"@id\":\"https:\/\/funstorage.thehuettl.com\/#website\",\"url\":\"https:\/\/funstorage.thehuettl.com\/\",\"name\":\"FunStorage\",\"description\":\"\",\"publisher\":{\"@id\":\"https:\/\/funstorage.thehuettl.com\/#organization\"},\"potentialAction\":[{\"@type\":\"SearchAction\",\"target\":{\"@type\":\"EntryPoint\",\"urlTemplate\":\"https:\/\/funstorage.thehuettl.com\/?s={search_term_string}\"},\"query-input\":{\"@type\":\"PropertyValueSpecification\",\"valueRequired\":true,\"valueName\":\"search_term_string\"}}],\"inLanguage\":\"en-US\"},{\"@type\":\"Organization\",\"@id\":\"https:\/\/funstorage.thehuettl.com\/#organization\",\"name\":\"FunStorage\",\"url\":\"https:\/\/funstorage.thehuettl.com\/\",\"logo\":{\"@type\":\"ImageObject\",\"inLanguage\":\"en-US\",\"@id\":\"https:\/\/funstorage.thehuettl.com\/#\/schema\/logo\/image\/\",\"url\":\"https:\/\/funstorage.thehuettl.com\/wp-content\/uploads\/2023\/02\/cropped-D2BA2C24-7753-4AC3-9F3B-6C174C5BCB99.png\",\"contentUrl\":\"https:\/\/funstorage.thehuettl.com\/wp-content\/uploads\/2023\/02\/cropped-D2BA2C24-7753-4AC3-9F3B-6C174C5BCB99.png\",\"width\":512,\"height\":512,\"caption\":\"FunStorage\"},\"image\":{\"@id\":\"https:\/\/funstorage.thehuettl.com\/#\/schema\/logo\/image\/\"},\"sameAs\":[\"https:\/\/www.facebook.com\/funstorage.de\"]}]}<\/script>\n<!-- \/ Yoast SEO plugin. -->","yoast_head_json":{"title":"Plantronics BackBeat GO 605 kabellose Kopfh\u00f6rer - FunStorage","robots":{"index":"index","follow":"follow","max-snippet":"max-snippet:-1","max-image-preview":"max-image-preview:large","max-video-preview":"max-video-preview:-1"},"canonical":"https:\/\/funstorage.thehuettl.com\/en\/wp-json\/wp\/v2\/product\/8735","og_locale":"en_US","og_type":"article","og_title":"Plantronics BackBeat GO 605 kabellose Kopfh\u00f6rer - FunStorage","og_description":"Bis zu 18 Stunden Wiedergabe- und Sprechzeit bei einer Akkuladung - 40 mm-Treiber und eine fortschrittliche Akustik sorgen f\u00fcr satten Sound.","og_url":"https:\/\/funstorage.thehuettl.com\/en\/shop\/plantronics-backbeat-go-605-kabellose-kopfhoerer\/","og_site_name":"FunStorage","article_publisher":"https:\/\/www.facebook.com\/funstorage.de","article_modified_time":"2023-11-13T23:56:30+00:00","og_image":[{"width":500,"height":500,"url":"https:\/\/funstorage.thehuettl.com\/wp-content\/uploads\/2023\/03\/1.png","type":"image\/png"}],"twitter_card":"summary_large_image","twitter_misc":{"Est. reading time":"2 minutes"},"schema":{"@context":"https:\/\/schema.org","@graph":[{"@type":"WebPage","@id":"https:\/\/funstorage.thehuettl.com\/shop\/plantronics-backbeat-go-605-kabellose-kopfhoerer\/","url":"https:\/\/funstorage.thehuettl.com\/shop\/plantronics-backbeat-go-605-kabellose-kopfhoerer\/","name":"Plantronics BackBeat GO 605 kabellose Kopfh\u00f6rer - FunStorage","isPartOf":{"@id":"https:\/\/funstorage.thehuettl.com\/#website"},"primaryImageOfPage":{"@id":"https:\/\/funstorage.thehuettl.com\/shop\/plantronics-backbeat-go-605-kabellose-kopfhoerer\/#primaryimage"},"image":{"@id":"https:\/\/funstorage.thehuettl.com\/shop\/plantronics-backbeat-go-605-kabellose-kopfhoerer\/#primaryimage"},"thumbnailUrl":"https:\/\/funstorage.thehuettl.com\/wp-content\/uploads\/2023\/03\/1.png","datePublished":"2023-03-01T01:50:51+00:00","dateModified":"2023-11-13T23:56:30+00:00","breadcrumb":{"@id":"https:\/\/funstorage.thehuettl.com\/shop\/plantronics-backbeat-go-605-kabellose-kopfhoerer\/#breadcrumb"},"inLanguage":"en-US","potentialAction":[{"@type":"ReadAction","target":["https:\/\/funstorage.thehuettl.com\/shop\/plantronics-backbeat-go-605-kabellose-kopfhoerer\/"]}]},{"@type":"ImageObject","inLanguage":"en-US","@id":"https:\/\/funstorage.thehuettl.com\/shop\/plantronics-backbeat-go-605-kabellose-kopfhoerer\/#primaryimage","url":"https:\/\/funstorage.thehuettl.com\/wp-content\/uploads\/2023\/03\/1.png","contentUrl":"https:\/\/funstorage.thehuettl.com\/wp-content\/uploads\/2023\/03\/1.png","width":500,"height":500},{"@type":"BreadcrumbList","@id":"https:\/\/funstorage.thehuettl.com\/shop\/plantronics-backbeat-go-605-kabellose-kopfhoerer\/#breadcrumb","itemListElement":[{"@type":"ListItem","position":1,"name":"Startseite","item":"https:\/\/funstorage.thehuettl.com\/step\/homepage\/"},{"@type":"ListItem","position":2,"name":"Shop","item":"https:\/\/funstorage.thehuettl.com\/shop\/"},{"@type":"ListItem","position":3,"name":"Plantronics BackBeat GO 605 kabellose Kopfh\u00f6rer"}]},{"@type":"WebSite","@id":"https:\/\/funstorage.thehuettl.com\/#website","url":"https:\/\/funstorage.thehuettl.com\/","name":"FunStorage","description":"","publisher":{"@id":"https:\/\/funstorage.thehuettl.com\/#organization"},"potentialAction":[{"@type":"SearchAction","target":{"@type":"EntryPoint","urlTemplate":"https:\/\/funstorage.thehuettl.com\/?s={search_term_string}"},"query-input":{"@type":"PropertyValueSpecification","valueRequired":true,"valueName":"search_term_string"}}],"inLanguage":"en-US"},{"@type":"Organization","@id":"https:\/\/funstorage.thehuettl.com\/#organization","name":"FunStorage","url":"https:\/\/funstorage.thehuettl.com\/","logo":{"@type":"ImageObject","inLanguage":"en-US","@id":"https:\/\/funstorage.thehuettl.com\/#\/schema\/logo\/image\/","url":"https:\/\/funstorage.thehuettl.com\/wp-content\/uploads\/2023\/02\/cropped-D2BA2C24-7753-4AC3-9F3B-6C174C5BCB99.png","contentUrl":"https:\/\/funstorage.thehuettl.com\/wp-content\/uploads\/2023\/02\/cropped-D2BA2C24-7753-4AC3-9F3B-6C174C5BCB99.png","width":512,"height":512,"caption":"FunStorage"},"image":{"@id":"https:\/\/funstorage.thehuettl.com\/#\/schema\/logo\/image\/"},"sameAs":["https:\/\/www.facebook.com\/funstorage.de"]}]}},"_links":{"self":[{"href":"https:\/\/funstorage.thehuettl.com\/en\/wp-json\/wp\/v2\/product\/8735","targetHints":{"allow":["GET"]}}],"collection":[{"href":"https:\/\/funstorage.thehuettl.com\/en\/wp-json\/wp\/v2\/product"}],"about":[{"href":"https:\/\/funstorage.thehuettl.com\/en\/wp-json\/wp\/v2\/types\/product"}],"replies":[{"embeddable":true,"href":"https:\/\/funstorage.thehuettl.com\/en\/wp-json\/wp\/v2\/comments?post=8735"}],"version-history":[{"count":0,"href":"https:\/\/funstorage.thehuettl.com\/en\/wp-json\/wp\/v2\/product\/8735\/revisions"}],"wp:featuredmedia":[{"embeddable":true,"href":"https:\/\/funstorage.thehuettl.com\/en\/wp-json\/wp\/v2\/media\/8445"}],"wp:attachment":[{"href":"https:\/\/funstorage.thehuettl.com\/en\/wp-json\/wp\/v2\/media?parent=8735"}],"wp:term":[{"taxonomy":"product_brand","embeddable":true,"href":"https:\/\/funstorage.thehuettl.com\/en\/wp-json\/wp\/v2\/product_brand?post=8735"},{"taxonomy":"product_cat","embeddable":true,"href":"https:\/\/funstorage.thehuettl.com\/en\/wp-json\/wp\/v2\/product_cat?post=8735"},{"taxonomy":"product_tag","embeddable":true,"href":"https:\/\/funstorage.thehuettl.com\/en\/wp-json\/wp\/v2\/product_tag?post=8735"}],"curies":[{"name":"wp","href":"https:\/\/api.w.org\/{rel}","templated":true}]}}