{"id":8738,"date":"2023-03-01T02:50:58","date_gmt":"2023-03-01T01:50:58","guid":{"rendered":"https:\/\/funstorage.thehuettl.com\/?post_type=product&#038;p=8738"},"modified":"2023-11-14T00:56:26","modified_gmt":"2023-11-13T23:56:26","slug":"paladone-super-mario-tischlampe-fragezeichen-block","status":"publish","type":"product","link":"https:\/\/funstorage.thehuettl.com\/en\/shop\/paladone-super-mario-tischlampe-fragezeichen-block\/","title":{"rendered":"Paladone Super Mario Tischlampe Fragezeichen-Block"},"content":{"rendered":"<p>EIN PERFEKTES GESCHENK: Dieses unverwechselbare Nachtlicht wurde wie der ikonische Fragenblock der urspr\u00fcnglichen Super Mario-Videospielserie entworfen und ist ein perfektes Geschenk f\u00fcr jeden Videospiel- oder Klassiker-Fan.<br \/>\nPOWER UP: Erwecke das klassische Spiel mit diesem Licht zum Leben! Dr\u00fccken Sie zum Einschalten nach unten und dr\u00fccken Sie dann, um offizielle Spielger\u00e4usche zu erzeugen. Es wird doppelt mit einem USB-Mikrokabel (im Lieferumfang enthalten) oder Batterien (nicht im Lieferumfang enthalten) betrieben.<br \/>\nSAMMLERPUNKT: Mario und Luigi sind sofort erkennbare Ikonen der Popul\u00e4rkultur geworden und bei Generationen von Spielern beliebt. F\u00fcgen Sie dieses Block-Nachtlicht noch heute Ihrer Sammlung hinzu!<br \/>\nSUPER MARIO DECOR: Perfekt f\u00fcr ein Schlafzimmer oder eine Party mit Super Mario Brothers-Motiven. Dieses Super Mario-Fragenblock-Nachtlicht leuchtet heller als je zuvor und macht den Raum oder die Party zu einem Hit!<br \/>\nOFFIZIELL LIZENZIERT: Super Mario Question Block Night Light ist ein offiziell lizenziertes Nintendo-Produkt. Ein \/ Aus-Funktion nach unten dr\u00fccken. Ma\u00dfnahmen ca. 16 cm (B) x 16 cm (L) x 18,5 cm (H) einschlie\u00dflich Sockel.<\/p>\n<div><span style=\"font-family: Verdana;\">\u00a0<\/span><\/div>\n<div>\n<p>&nbsp;<\/p>\n<p style=\"margin: 0px 0px 1em; padding: 0px; font-weight: 400; background: transparent; font-size: 14px; border: 0px; outline: 0px; vertical-align: top; text-align: justify; color: #555555; font-family: 'Fira Sans', Arial, verdana, sans-serif; font-style: normal; font-variant-ligatures: normal; font-variant-caps: normal; letter-spacing: normal; orphans: 2; text-indent: 0px; text-transform: none; white-space: normal; widows: 2; word-spacing: 0px; -webkit-text-stroke-width: 0px; text-decoration-thickness: initial; text-decoration-style: initial; text-decoration-color: initial;\"><b style=\"margin: 0px; padding: 0px; font-weight: bold; background: transparent; font-size: 14px; border: 0px; outline: 0px; vertical-align: top;\">Hinweis zur Entsorgung von Altbatterien<\/b><\/p>\n<p style=\"margin: 0px 0px 1em; padding: 0px; font-weight: 400; background: transparent; font-size: 14px; border: 0px; outline: 0px; vertical-align: top; text-align: justify; color: #555555; font-family: 'Fira Sans', Arial, verdana, sans-serif; font-style: normal; font-variant-ligatures: normal; font-variant-caps: normal; letter-spacing: normal; orphans: 2; text-indent: 0px; text-transform: none; white-space: normal; widows: 2; word-spacing: 0px; -webkit-text-stroke-width: 0px; text-decoration-thickness: initial; text-decoration-style: initial; text-decoration-color: initial;\">Der nachfolgende Hinweis richtet sich an diejenigen, die Batterien oder Produkte mit eingebauten Batterien nutzen und in der an sie gelieferten Form nicht mehr weiterver\u00e4u\u00dfern (Endnutzer):<\/p>\n<p style=\"margin: 0px 0px 1em; padding: 0px; font-weight: 400; background: transparent; font-size: 14px; border: 0px; outline: 0px; vertical-align: top; text-align: justify; color: #555555; font-family: 'Fira Sans', Arial, verdana, sans-serif; font-style: normal; font-variant-ligatures: normal; font-variant-caps: normal; letter-spacing: normal; orphans: 2; text-indent: 0px; text-transform: none; white-space: normal; widows: 2; word-spacing: 0px; -webkit-text-stroke-width: 0px; text-decoration-thickness: initial; text-decoration-style: initial; text-decoration-color: initial;\"><b style=\"margin: 0px; padding: 0px; font-weight: bold; background: transparent; font-size: 14px; border: 0px; outline: 0px; vertical-align: top;\">1. Unentgeltliche R\u00fccknahme von Altbatterien<\/b><\/p>\n<p style=\"margin: 0px 0px 1em; padding: 0px; font-weight: 400; background: transparent; font-size: 14px; border: 0px; outline: 0px; vertical-align: top; text-align: justify; color: #555555; font-family: 'Fira Sans', Arial, verdana, sans-serif; font-style: normal; font-variant-ligatures: normal; font-variant-caps: normal; letter-spacing: normal; orphans: 2; text-indent: 0px; text-transform: none; white-space: normal; widows: 2; word-spacing: 0px; -webkit-text-stroke-width: 0px; text-decoration-thickness: initial; text-decoration-style: initial; text-decoration-color: initial;\">Batterien d\u00fcrfen nicht \u00fcber den Hausm\u00fcll entsorgt werden. Sie sind zur R\u00fcckgabe von Altbatterien gesetzlich verpflichtet, damit eine fachgerechte Entsorgung gew\u00e4hrleistet werden kann. Sie k\u00f6nnen Altbatterien an einer kommunalen Sammelstelle oder im Handel vor Ort abgeben. Auch wir sind als Vertreiber von Batterien zur R\u00fccknahme von Altbatterien verpflichtet, wobei sich unsere R\u00fccknahmeverpflichtung auf Altbatterien der Art beschr\u00e4nkt, die wir als Neubatterien in unserem Sortiment f\u00fchren oder gef\u00fchrt haben. Altbatterien vorgenannter Art k\u00f6nnen Sie daher entweder ausreichend frankiert an uns zur\u00fccksenden oder sie direkt an unserem Versandlager unter der im Impressum genannten Adresse unentgeltlich abgeben.<\/p>\n<p style=\"margin: 0px 0px 1em; padding: 0px; font-weight: 400; background: transparent; font-size: 14px; border: 0px; outline: 0px; vertical-align: top; text-align: justify; color: #555555; font-family: 'Fira Sans', Arial, verdana, sans-serif; font-style: normal; font-variant-ligatures: normal; font-variant-caps: normal; letter-spacing: normal; orphans: 2; text-indent: 0px; text-transform: none; white-space: normal; widows: 2; word-spacing: 0px; -webkit-text-stroke-width: 0px; text-decoration-thickness: initial; text-decoration-style: initial; text-decoration-color: initial;\"><b style=\"margin: 0px; padding: 0px; font-weight: bold; background: transparent; font-size: 14px; border: 0px; outline: 0px; vertical-align: top;\">2. Bedeutung der Batteriesymbole<\/b><br style=\"margin: 0px; padding: 0px; font-weight: normal;\" \/><br style=\"margin: 0px; padding: 0px; font-weight: normal;\" \/>Batterien sind mit dem Symbol einer durchgekreuzten M\u00fclltonne (s. u.) gekennzeichnet. Dieses Symbol weist darauf hin, dass Batterien nicht in den Hausm\u00fcll gegeben werden d\u00fcrfen. Bei Batterien, die mehr als 0,0005 Masseprozent Quecksilber, mehr als 0,002 Masseprozent Cadmium oder mehr als 0,004 Masseprozent Blei enthalten, befindet sich unter dem M\u00fclltonnen-Symbol die chemische Bezeichnung des jeweils eingesetzten Schadstoffes \u2013 dabei steht &#8222;Cd&#8220; f\u00fcr Cadmium, &#8222;Pb&#8220; steht f\u00fcr Blei, und &#8222;Hg&#8220; f\u00fcr Quecksilber.<\/p>\n<div style=\"margin: 0px 0px 1.5em; padding: 8px; font-weight: 400; background: white; font-size: 14px; border: 1px solid #e5e5e5; outline: 0px; vertical-align: top; color: #555555; font-family: 'Fira Sans', Arial, verdana, sans-serif; font-style: normal; font-variant-ligatures: normal; font-variant-caps: normal; letter-spacing: normal; orphans: 2; text-indent: 0px; text-transform: none; white-space: normal; widows: 2; word-spacing: 0px; -webkit-text-stroke-width: 0px; text-decoration-thickness: initial; text-decoration-style: initial; text-decoration-color: initial; text-align: center; box-shadow: rgba(0, 0, 0, 0.05) 0px 0px 5px 5px;\"><img decoding=\"async\" style=\"margin: 0px; padding: 0px; font-weight: inherit; background: transparent; font-size: 14px; border: 0px; outline: 0px; vertical-align: top; width: 172px; max-width: 172px;\" src=\"https:\/\/www.it-recht-kanzlei.de\/cache\/111-995_356_w747-b726d.jpg\" alt=\"111\" \/><\/div>\n<\/div>\n<p>&nbsp;<\/p>","protected":false},"excerpt":{"rendered":"<p>Super Mario Tischlampe im ikonischen Fragezeichen-Block Design.<\/p>","protected":false},"featured_media":8454,"comment_status":"open","ping_status":"closed","template":"","meta":[],"product_brand":[],"product_cat":[220,219],"product_tag":[76,249,250,251,252,253,254,255,256,257,132,258],"class_list":{"0":"post-8738","1":"product","2":"type-product","3":"status-publish","4":"has-post-thumbnail","6":"product_cat-gaming-und-buero","7":"product_cat-unterhaltungselektronik","8":"product_tag-deko","9":"product_tag-deko-leuchte","10":"product_tag-fan","11":"product_tag-fan-artikel","12":"product_tag-gadget","13":"product_tag-geek","14":"product_tag-lampe","15":"product_tag-leuchte","16":"product_tag-licht","17":"product_tag-sammler","18":"product_tag-super-mario","19":"product_tag-tischlampe","21":"first","22":"instock","23":"taxable","24":"shipping-taxable","25":"purchasable","26":"product-type-simple"},"yoast_head":"<!-- This site is optimized with the Yoast SEO plugin v26.4 - https:\/\/yoast.com\/wordpress\/plugins\/seo\/ -->\n<title>Paladone Super Mario Tischlampe Fragezeichen-Block - FunStorage<\/title>\n<meta name=\"robots\" content=\"index, follow, max-snippet:-1, max-image-preview:large, max-video-preview:-1\" \/>\n<link rel=\"canonical\" href=\"https:\/\/funstorage.thehuettl.com\/en\/wp-json\/wp\/v2\/product\/8738\" \/>\n<meta property=\"og:locale\" content=\"en_US\" \/>\n<meta property=\"og:type\" content=\"article\" \/>\n<meta property=\"og:title\" content=\"Paladone Super Mario Tischlampe Fragezeichen-Block - FunStorage\" \/>\n<meta property=\"og:description\" content=\"Super Mario Tischlampe im ikonischen Fragezeichen-Block Design.\" \/>\n<meta property=\"og:url\" content=\"https:\/\/funstorage.thehuettl.com\/en\/shop\/paladone-super-mario-tischlampe-fragezeichen-block\/\" \/>\n<meta property=\"og:site_name\" content=\"FunStorage\" \/>\n<meta property=\"article:publisher\" content=\"https:\/\/www.facebook.com\/funstorage.de\" \/>\n<meta property=\"article:modified_time\" content=\"2023-11-13T23:56:26+00:00\" \/>\n<meta property=\"og:image\" content=\"https:\/\/funstorage.thehuettl.com\/wp-content\/uploads\/2023\/03\/Design-ohne-Titel-3.png\" \/>\n\t<meta property=\"og:image:width\" content=\"500\" \/>\n\t<meta property=\"og:image:height\" content=\"500\" \/>\n\t<meta property=\"og:image:type\" content=\"image\/png\" \/>\n<meta name=\"twitter:card\" content=\"summary_large_image\" \/>\n<meta name=\"twitter:label1\" content=\"Est. reading time\" \/>\n\t<meta name=\"twitter:data1\" content=\"3 minutes\" \/>\n<script type=\"application\/ld+json\" class=\"yoast-schema-graph\">{\"@context\":\"https:\/\/schema.org\",\"@graph\":[{\"@type\":\"WebPage\",\"@id\":\"https:\/\/funstorage.thehuettl.com\/shop\/paladone-super-mario-tischlampe-fragezeichen-block\/\",\"url\":\"https:\/\/funstorage.thehuettl.com\/shop\/paladone-super-mario-tischlampe-fragezeichen-block\/\",\"name\":\"Paladone Super Mario Tischlampe Fragezeichen-Block - FunStorage\",\"isPartOf\":{\"@id\":\"https:\/\/funstorage.thehuettl.com\/#website\"},\"primaryImageOfPage\":{\"@id\":\"https:\/\/funstorage.thehuettl.com\/shop\/paladone-super-mario-tischlampe-fragezeichen-block\/#primaryimage\"},\"image\":{\"@id\":\"https:\/\/funstorage.thehuettl.com\/shop\/paladone-super-mario-tischlampe-fragezeichen-block\/#primaryimage\"},\"thumbnailUrl\":\"https:\/\/funstorage.thehuettl.com\/wp-content\/uploads\/2023\/03\/Design-ohne-Titel-3.png\",\"datePublished\":\"2023-03-01T01:50:58+00:00\",\"dateModified\":\"2023-11-13T23:56:26+00:00\",\"breadcrumb\":{\"@id\":\"https:\/\/funstorage.thehuettl.com\/shop\/paladone-super-mario-tischlampe-fragezeichen-block\/#breadcrumb\"},\"inLanguage\":\"en-US\",\"potentialAction\":[{\"@type\":\"ReadAction\",\"target\":[\"https:\/\/funstorage.thehuettl.com\/shop\/paladone-super-mario-tischlampe-fragezeichen-block\/\"]}]},{\"@type\":\"ImageObject\",\"inLanguage\":\"en-US\",\"@id\":\"https:\/\/funstorage.thehuettl.com\/shop\/paladone-super-mario-tischlampe-fragezeichen-block\/#primaryimage\",\"url\":\"https:\/\/funstorage.thehuettl.com\/wp-content\/uploads\/2023\/03\/Design-ohne-Titel-3.png\",\"contentUrl\":\"https:\/\/funstorage.thehuettl.com\/wp-content\/uploads\/2023\/03\/Design-ohne-Titel-3.png\",\"width\":500,\"height\":500},{\"@type\":\"BreadcrumbList\",\"@id\":\"https:\/\/funstorage.thehuettl.com\/shop\/paladone-super-mario-tischlampe-fragezeichen-block\/#breadcrumb\",\"itemListElement\":[{\"@type\":\"ListItem\",\"position\":1,\"name\":\"Startseite\",\"item\":\"https:\/\/funstorage.thehuettl.com\/step\/homepage\/\"},{\"@type\":\"ListItem\",\"position\":2,\"name\":\"Shop\",\"item\":\"https:\/\/funstorage.thehuettl.com\/shop\/\"},{\"@type\":\"ListItem\",\"position\":3,\"name\":\"Paladone Super Mario Tischlampe Fragezeichen-Block\"}]},{\"@type\":\"WebSite\",\"@id\":\"https:\/\/funstorage.thehuettl.com\/#website\",\"url\":\"https:\/\/funstorage.thehuettl.com\/\",\"name\":\"FunStorage\",\"description\":\"\",\"publisher\":{\"@id\":\"https:\/\/funstorage.thehuettl.com\/#organization\"},\"potentialAction\":[{\"@type\":\"SearchAction\",\"target\":{\"@type\":\"EntryPoint\",\"urlTemplate\":\"https:\/\/funstorage.thehuettl.com\/?s={search_term_string}\"},\"query-input\":{\"@type\":\"PropertyValueSpecification\",\"valueRequired\":true,\"valueName\":\"search_term_string\"}}],\"inLanguage\":\"en-US\"},{\"@type\":\"Organization\",\"@id\":\"https:\/\/funstorage.thehuettl.com\/#organization\",\"name\":\"FunStorage\",\"url\":\"https:\/\/funstorage.thehuettl.com\/\",\"logo\":{\"@type\":\"ImageObject\",\"inLanguage\":\"en-US\",\"@id\":\"https:\/\/funstorage.thehuettl.com\/#\/schema\/logo\/image\/\",\"url\":\"https:\/\/funstorage.thehuettl.com\/wp-content\/uploads\/2023\/02\/cropped-D2BA2C24-7753-4AC3-9F3B-6C174C5BCB99.png\",\"contentUrl\":\"https:\/\/funstorage.thehuettl.com\/wp-content\/uploads\/2023\/02\/cropped-D2BA2C24-7753-4AC3-9F3B-6C174C5BCB99.png\",\"width\":512,\"height\":512,\"caption\":\"FunStorage\"},\"image\":{\"@id\":\"https:\/\/funstorage.thehuettl.com\/#\/schema\/logo\/image\/\"},\"sameAs\":[\"https:\/\/www.facebook.com\/funstorage.de\"]}]}<\/script>\n<!-- \/ Yoast SEO plugin. -->","yoast_head_json":{"title":"Paladone Super Mario Tischlampe Fragezeichen-Block - FunStorage","robots":{"index":"index","follow":"follow","max-snippet":"max-snippet:-1","max-image-preview":"max-image-preview:large","max-video-preview":"max-video-preview:-1"},"canonical":"https:\/\/funstorage.thehuettl.com\/en\/wp-json\/wp\/v2\/product\/8738","og_locale":"en_US","og_type":"article","og_title":"Paladone Super Mario Tischlampe Fragezeichen-Block - FunStorage","og_description":"Super Mario Tischlampe im ikonischen Fragezeichen-Block Design.","og_url":"https:\/\/funstorage.thehuettl.com\/en\/shop\/paladone-super-mario-tischlampe-fragezeichen-block\/","og_site_name":"FunStorage","article_publisher":"https:\/\/www.facebook.com\/funstorage.de","article_modified_time":"2023-11-13T23:56:26+00:00","og_image":[{"width":500,"height":500,"url":"https:\/\/funstorage.thehuettl.com\/wp-content\/uploads\/2023\/03\/Design-ohne-Titel-3.png","type":"image\/png"}],"twitter_card":"summary_large_image","twitter_misc":{"Est. reading time":"3 minutes"},"schema":{"@context":"https:\/\/schema.org","@graph":[{"@type":"WebPage","@id":"https:\/\/funstorage.thehuettl.com\/shop\/paladone-super-mario-tischlampe-fragezeichen-block\/","url":"https:\/\/funstorage.thehuettl.com\/shop\/paladone-super-mario-tischlampe-fragezeichen-block\/","name":"Paladone Super Mario Tischlampe Fragezeichen-Block - FunStorage","isPartOf":{"@id":"https:\/\/funstorage.thehuettl.com\/#website"},"primaryImageOfPage":{"@id":"https:\/\/funstorage.thehuettl.com\/shop\/paladone-super-mario-tischlampe-fragezeichen-block\/#primaryimage"},"image":{"@id":"https:\/\/funstorage.thehuettl.com\/shop\/paladone-super-mario-tischlampe-fragezeichen-block\/#primaryimage"},"thumbnailUrl":"https:\/\/funstorage.thehuettl.com\/wp-content\/uploads\/2023\/03\/Design-ohne-Titel-3.png","datePublished":"2023-03-01T01:50:58+00:00","dateModified":"2023-11-13T23:56:26+00:00","breadcrumb":{"@id":"https:\/\/funstorage.thehuettl.com\/shop\/paladone-super-mario-tischlampe-fragezeichen-block\/#breadcrumb"},"inLanguage":"en-US","potentialAction":[{"@type":"ReadAction","target":["https:\/\/funstorage.thehuettl.com\/shop\/paladone-super-mario-tischlampe-fragezeichen-block\/"]}]},{"@type":"ImageObject","inLanguage":"en-US","@id":"https:\/\/funstorage.thehuettl.com\/shop\/paladone-super-mario-tischlampe-fragezeichen-block\/#primaryimage","url":"https:\/\/funstorage.thehuettl.com\/wp-content\/uploads\/2023\/03\/Design-ohne-Titel-3.png","contentUrl":"https:\/\/funstorage.thehuettl.com\/wp-content\/uploads\/2023\/03\/Design-ohne-Titel-3.png","width":500,"height":500},{"@type":"BreadcrumbList","@id":"https:\/\/funstorage.thehuettl.com\/shop\/paladone-super-mario-tischlampe-fragezeichen-block\/#breadcrumb","itemListElement":[{"@type":"ListItem","position":1,"name":"Startseite","item":"https:\/\/funstorage.thehuettl.com\/step\/homepage\/"},{"@type":"ListItem","position":2,"name":"Shop","item":"https:\/\/funstorage.thehuettl.com\/shop\/"},{"@type":"ListItem","position":3,"name":"Paladone Super Mario Tischlampe Fragezeichen-Block"}]},{"@type":"WebSite","@id":"https:\/\/funstorage.thehuettl.com\/#website","url":"https:\/\/funstorage.thehuettl.com\/","name":"FunStorage","description":"","publisher":{"@id":"https:\/\/funstorage.thehuettl.com\/#organization"},"potentialAction":[{"@type":"SearchAction","target":{"@type":"EntryPoint","urlTemplate":"https:\/\/funstorage.thehuettl.com\/?s={search_term_string}"},"query-input":{"@type":"PropertyValueSpecification","valueRequired":true,"valueName":"search_term_string"}}],"inLanguage":"en-US"},{"@type":"Organization","@id":"https:\/\/funstorage.thehuettl.com\/#organization","name":"FunStorage","url":"https:\/\/funstorage.thehuettl.com\/","logo":{"@type":"ImageObject","inLanguage":"en-US","@id":"https:\/\/funstorage.thehuettl.com\/#\/schema\/logo\/image\/","url":"https:\/\/funstorage.thehuettl.com\/wp-content\/uploads\/2023\/02\/cropped-D2BA2C24-7753-4AC3-9F3B-6C174C5BCB99.png","contentUrl":"https:\/\/funstorage.thehuettl.com\/wp-content\/uploads\/2023\/02\/cropped-D2BA2C24-7753-4AC3-9F3B-6C174C5BCB99.png","width":512,"height":512,"caption":"FunStorage"},"image":{"@id":"https:\/\/funstorage.thehuettl.com\/#\/schema\/logo\/image\/"},"sameAs":["https:\/\/www.facebook.com\/funstorage.de"]}]}},"_links":{"self":[{"href":"https:\/\/funstorage.thehuettl.com\/en\/wp-json\/wp\/v2\/product\/8738","targetHints":{"allow":["GET"]}}],"collection":[{"href":"https:\/\/funstorage.thehuettl.com\/en\/wp-json\/wp\/v2\/product"}],"about":[{"href":"https:\/\/funstorage.thehuettl.com\/en\/wp-json\/wp\/v2\/types\/product"}],"replies":[{"embeddable":true,"href":"https:\/\/funstorage.thehuettl.com\/en\/wp-json\/wp\/v2\/comments?post=8738"}],"version-history":[{"count":0,"href":"https:\/\/funstorage.thehuettl.com\/en\/wp-json\/wp\/v2\/product\/8738\/revisions"}],"wp:featuredmedia":[{"embeddable":true,"href":"https:\/\/funstorage.thehuettl.com\/en\/wp-json\/wp\/v2\/media\/8454"}],"wp:attachment":[{"href":"https:\/\/funstorage.thehuettl.com\/en\/wp-json\/wp\/v2\/media?parent=8738"}],"wp:term":[{"taxonomy":"product_brand","embeddable":true,"href":"https:\/\/funstorage.thehuettl.com\/en\/wp-json\/wp\/v2\/product_brand?post=8738"},{"taxonomy":"product_cat","embeddable":true,"href":"https:\/\/funstorage.thehuettl.com\/en\/wp-json\/wp\/v2\/product_cat?post=8738"},{"taxonomy":"product_tag","embeddable":true,"href":"https:\/\/funstorage.thehuettl.com\/en\/wp-json\/wp\/v2\/product_tag?post=8738"}],"curies":[{"name":"wp","href":"https:\/\/api.w.org\/{rel}","templated":true}]}}