{"id":8739,"date":"2023-03-01T02:50:58","date_gmt":"2023-03-01T01:50:58","guid":{"rendered":"https:\/\/funstorage.thehuettl.com\/?post_type=product&#038;p=8739"},"modified":"2024-11-24T21:23:23","modified_gmt":"2024-11-24T20:23:23","slug":"lego-31058-creator-dinosaurier-3-in-1-mit-t-rex-triceratops-und-pterodactylus","status":"publish","type":"product","link":"https:\/\/funstorage.thehuettl.com\/en\/shop\/lego-31058-creator-dinosaurier-3-in-1-mit-t-rex-triceratops-und-pterodactylus\/","title":{"rendered":"LEGO\u00ae 31058 Creator Dinosaurier, 3 in 1 mit T-Rex, Triceratops und Pterodactylus"},"content":{"rendered":"<p>Mit diesem bedrohlichen T-Rex in den Farben Dunkelgr\u00fcn und Beige und mit leuchtend orangen Augen kannst du den Boden erzittern lassen. Wenn du sein Maul aufklappst, kommen rasiermesserscharfe Z\u00e4hne zum Vorschein. Seine gewaltigen Klauen lassen sich ebenso bewegen wie sein Kopf und sein Schwanz. In diesem Set sind auch die \u00dcberreste von der letzten Mahlzeit des T-Rex enthalten! L\u00e4sst sich auch in zwei andere Dinosaurier umbauen \u2013 in einen kr\u00e4ftigen Triceratops oder einen eindrucksvollen Pterodactylus.<\/p>\n<p>Viel Spa\u00df mit dem fantastischen T-Rex in den Farben Dunkelgr\u00fcn und Beige. Der Dinosaurier besitzt leuchtend orange Augen, bewegliche Gelenke, einen beweglichen Kopf, gro\u00dfe Klauen und ein aufklappbares Maul mit spitzen Z\u00e4hnen. Ebenfalls enthalten sind die \u00dcberreste der letzten Mahlzeit des Dinos \u2013 und zwar in Gestalt eines Brustkorbs zum Zusammenbauen. Du kannst aus dem 3-in-1-Modell im LEGO\u00ae Creator Set \u201eDinosaurier\u201c auch einen Triceratops oder einen Pterodactylus entstehen lassen.<\/p>\n<p>Anzahl Teile: 174<br \/>\nAltersempfehlung: 12+<br \/>\nThema: LEGO Creator<br \/>\nEAN: 5702015867535<\/p>\n<p>Enth\u00e4lt das 3-in-1-Modell eines T-Rex mit leuchtend orangen Augen, beweglichen Gelenken, einem beweglichen Kopf, gro\u00dfen Klauen und einem aufklappbaren Maul mit spitzen Z\u00e4hnen. Ebenfalls enthalten sind die \u00dcberreste der letzten Mahlzeit des Dinos \u2013 und zwar in Gestalt eines Brustkorbs zum Zusammenbauen.<br \/>\n\u2022 Achte auf die authentische Musterung in Dunkelgr\u00fcn und Beige.<br \/>\n\u2022 Stampfe mit diesem furchterregenden T-Rex durch die Stra\u00dfen.<br \/>\n\u2022 Bewege die Arme, Beine, den Schwanz und den Kopf des T-Rex und \u00f6ffne sein Maul, damit die scharfen Z\u00e4hne zum Vorschein kommen.<br \/>\n\u2022 L\u00e4sst sich in andere Dinosaurier umbauen.<br \/>\n\u2022 Dieses Set enth\u00e4lt mehr als 170 Teile und bietet Kindern im Alter von 7 bis 12 Jahren ein altersgerechtes Bau- und Spielerlebnis.<br \/>\n\u2022 3-in-1-Modell: L\u00e4sst sich in einen Triceratops oder Pterodactylus umbauen.<br \/>\n\u2022 Der T-Rex ist 11 cm gro\u00df.<br \/>\n\u2022 Der Triceratops ist 9 cm gro\u00df.<br \/>\n\u2022 Der Pterodactylus ist 4 cm hoch, 18 cm lang und 25 cm breit.<\/p>","protected":false},"excerpt":{"rendered":"<p>Erschrecke deine Freunde mit dem T-Rex aus dem 3-in-1-Set \u201eDinosaurier\u201c. Der Dino verf\u00fcgt \u00fcber bewegliche Gelenke, riesige Klauen und ein aufklappbares Maul mit spitzen Z\u00e4hnen. L\u00e4sst sich in einen Triceratops oder Pterodactylus umbauen.<\/p>","protected":false},"featured_media":8460,"comment_status":"open","ping_status":"closed","template":"","meta":[],"product_brand":[],"product_cat":[34,259],"product_tag":[260,261,262],"class_list":{"0":"post-8739","1":"product","2":"type-product","3":"status-publish","4":"has-post-thumbnail","6":"product_cat-lego","7":"product_cat-lego-creator","8":"product_tag-3in1","9":"product_tag-creator","10":"product_tag-dinosaurier","12":"first","13":"instock","14":"taxable","15":"shipping-taxable","16":"purchasable","17":"product-type-simple"},"yoast_head":"<!-- This site is optimized with the Yoast SEO plugin v26.4 - https:\/\/yoast.com\/wordpress\/plugins\/seo\/ -->\n<title>LEGO\u00ae 31058 Creator Dinosaurier, 3 in 1 mit T-Rex, Triceratops und Pterodactylus - FunStorage<\/title>\n<meta name=\"robots\" content=\"index, follow, max-snippet:-1, max-image-preview:large, max-video-preview:-1\" \/>\n<link rel=\"canonical\" href=\"https:\/\/funstorage.thehuettl.com\/en\/wp-json\/wp\/v2\/product\/8739\" \/>\n<meta property=\"og:locale\" content=\"en_US\" \/>\n<meta property=\"og:type\" content=\"article\" \/>\n<meta property=\"og:title\" content=\"LEGO\u00ae 31058 Creator Dinosaurier, 3 in 1 mit T-Rex, Triceratops und Pterodactylus - FunStorage\" \/>\n<meta property=\"og:description\" content=\"Erschrecke deine Freunde mit dem T-Rex aus dem 3-in-1-Set \u201eDinosaurier\u201c. Der Dino verf\u00fcgt \u00fcber bewegliche Gelenke, riesige Klauen und ein aufklappbares Maul mit spitzen Z\u00e4hnen. L\u00e4sst sich in einen Triceratops oder Pterodactylus umbauen.\" \/>\n<meta property=\"og:url\" content=\"https:\/\/funstorage.thehuettl.com\/en\/shop\/lego-31058-creator-dinosaurier-3-in-1-mit-t-rex-triceratops-und-pterodactylus\/\" \/>\n<meta property=\"og:site_name\" content=\"FunStorage\" \/>\n<meta property=\"article:publisher\" content=\"https:\/\/www.facebook.com\/funstorage.de\" \/>\n<meta property=\"article:modified_time\" content=\"2024-11-24T20:23:23+00:00\" \/>\n<meta property=\"og:image\" content=\"https:\/\/funstorage.thehuettl.com\/wp-content\/uploads\/2023\/03\/31058_boxprod_v29-scaled-1.jpg\" \/>\n\t<meta property=\"og:image:width\" content=\"2560\" \/>\n\t<meta property=\"og:image:height\" content=\"2560\" \/>\n\t<meta property=\"og:image:type\" content=\"image\/jpeg\" \/>\n<meta name=\"twitter:card\" content=\"summary_large_image\" \/>\n<meta name=\"twitter:label1\" content=\"Est. reading time\" \/>\n\t<meta name=\"twitter:data1\" content=\"2 minutes\" \/>\n<script type=\"application\/ld+json\" class=\"yoast-schema-graph\">{\"@context\":\"https:\/\/schema.org\",\"@graph\":[{\"@type\":\"WebPage\",\"@id\":\"https:\/\/funstorage.thehuettl.com\/shop\/lego-31058-creator-dinosaurier-3-in-1-mit-t-rex-triceratops-und-pterodactylus\/\",\"url\":\"https:\/\/funstorage.thehuettl.com\/shop\/lego-31058-creator-dinosaurier-3-in-1-mit-t-rex-triceratops-und-pterodactylus\/\",\"name\":\"LEGO\u00ae 31058 Creator Dinosaurier, 3 in 1 mit T-Rex, Triceratops und Pterodactylus - FunStorage\",\"isPartOf\":{\"@id\":\"https:\/\/funstorage.thehuettl.com\/#website\"},\"primaryImageOfPage\":{\"@id\":\"https:\/\/funstorage.thehuettl.com\/shop\/lego-31058-creator-dinosaurier-3-in-1-mit-t-rex-triceratops-und-pterodactylus\/#primaryimage\"},\"image\":{\"@id\":\"https:\/\/funstorage.thehuettl.com\/shop\/lego-31058-creator-dinosaurier-3-in-1-mit-t-rex-triceratops-und-pterodactylus\/#primaryimage\"},\"thumbnailUrl\":\"https:\/\/funstorage.thehuettl.com\/wp-content\/uploads\/2023\/03\/31058_boxprod_v29-scaled-1.jpg\",\"datePublished\":\"2023-03-01T01:50:58+00:00\",\"dateModified\":\"2024-11-24T20:23:23+00:00\",\"breadcrumb\":{\"@id\":\"https:\/\/funstorage.thehuettl.com\/shop\/lego-31058-creator-dinosaurier-3-in-1-mit-t-rex-triceratops-und-pterodactylus\/#breadcrumb\"},\"inLanguage\":\"en-US\",\"potentialAction\":[{\"@type\":\"ReadAction\",\"target\":[\"https:\/\/funstorage.thehuettl.com\/shop\/lego-31058-creator-dinosaurier-3-in-1-mit-t-rex-triceratops-und-pterodactylus\/\"]}]},{\"@type\":\"ImageObject\",\"inLanguage\":\"en-US\",\"@id\":\"https:\/\/funstorage.thehuettl.com\/shop\/lego-31058-creator-dinosaurier-3-in-1-mit-t-rex-triceratops-und-pterodactylus\/#primaryimage\",\"url\":\"https:\/\/funstorage.thehuettl.com\/wp-content\/uploads\/2023\/03\/31058_boxprod_v29-scaled-1.jpg\",\"contentUrl\":\"https:\/\/funstorage.thehuettl.com\/wp-content\/uploads\/2023\/03\/31058_boxprod_v29-scaled-1.jpg\",\"width\":2560,\"height\":2560},{\"@type\":\"BreadcrumbList\",\"@id\":\"https:\/\/funstorage.thehuettl.com\/shop\/lego-31058-creator-dinosaurier-3-in-1-mit-t-rex-triceratops-und-pterodactylus\/#breadcrumb\",\"itemListElement\":[{\"@type\":\"ListItem\",\"position\":1,\"name\":\"Startseite\",\"item\":\"https:\/\/funstorage.thehuettl.com\/step\/homepage\/\"},{\"@type\":\"ListItem\",\"position\":2,\"name\":\"Shop\",\"item\":\"https:\/\/funstorage.thehuettl.com\/shop\/\"},{\"@type\":\"ListItem\",\"position\":3,\"name\":\"LEGO\u00ae 31058 Creator Dinosaurier, 3 in 1 mit T-Rex, Triceratops und Pterodactylus\"}]},{\"@type\":\"WebSite\",\"@id\":\"https:\/\/funstorage.thehuettl.com\/#website\",\"url\":\"https:\/\/funstorage.thehuettl.com\/\",\"name\":\"FunStorage\",\"description\":\"\",\"publisher\":{\"@id\":\"https:\/\/funstorage.thehuettl.com\/#organization\"},\"potentialAction\":[{\"@type\":\"SearchAction\",\"target\":{\"@type\":\"EntryPoint\",\"urlTemplate\":\"https:\/\/funstorage.thehuettl.com\/?s={search_term_string}\"},\"query-input\":{\"@type\":\"PropertyValueSpecification\",\"valueRequired\":true,\"valueName\":\"search_term_string\"}}],\"inLanguage\":\"en-US\"},{\"@type\":\"Organization\",\"@id\":\"https:\/\/funstorage.thehuettl.com\/#organization\",\"name\":\"FunStorage\",\"url\":\"https:\/\/funstorage.thehuettl.com\/\",\"logo\":{\"@type\":\"ImageObject\",\"inLanguage\":\"en-US\",\"@id\":\"https:\/\/funstorage.thehuettl.com\/#\/schema\/logo\/image\/\",\"url\":\"https:\/\/funstorage.thehuettl.com\/wp-content\/uploads\/2023\/02\/cropped-D2BA2C24-7753-4AC3-9F3B-6C174C5BCB99.png\",\"contentUrl\":\"https:\/\/funstorage.thehuettl.com\/wp-content\/uploads\/2023\/02\/cropped-D2BA2C24-7753-4AC3-9F3B-6C174C5BCB99.png\",\"width\":512,\"height\":512,\"caption\":\"FunStorage\"},\"image\":{\"@id\":\"https:\/\/funstorage.thehuettl.com\/#\/schema\/logo\/image\/\"},\"sameAs\":[\"https:\/\/www.facebook.com\/funstorage.de\"]}]}<\/script>\n<!-- \/ Yoast SEO plugin. -->","yoast_head_json":{"title":"LEGO\u00ae 31058 Creator Dinosaurier, 3 in 1 mit T-Rex, Triceratops und Pterodactylus - FunStorage","robots":{"index":"index","follow":"follow","max-snippet":"max-snippet:-1","max-image-preview":"max-image-preview:large","max-video-preview":"max-video-preview:-1"},"canonical":"https:\/\/funstorage.thehuettl.com\/en\/wp-json\/wp\/v2\/product\/8739","og_locale":"en_US","og_type":"article","og_title":"LEGO\u00ae 31058 Creator Dinosaurier, 3 in 1 mit T-Rex, Triceratops und Pterodactylus - FunStorage","og_description":"Erschrecke deine Freunde mit dem T-Rex aus dem 3-in-1-Set \u201eDinosaurier\u201c. Der Dino verf\u00fcgt \u00fcber bewegliche Gelenke, riesige Klauen und ein aufklappbares Maul mit spitzen Z\u00e4hnen. L\u00e4sst sich in einen Triceratops oder Pterodactylus umbauen.","og_url":"https:\/\/funstorage.thehuettl.com\/en\/shop\/lego-31058-creator-dinosaurier-3-in-1-mit-t-rex-triceratops-und-pterodactylus\/","og_site_name":"FunStorage","article_publisher":"https:\/\/www.facebook.com\/funstorage.de","article_modified_time":"2024-11-24T20:23:23+00:00","og_image":[{"width":2560,"height":2560,"url":"https:\/\/funstorage.thehuettl.com\/wp-content\/uploads\/2023\/03\/31058_boxprod_v29-scaled-1.jpg","type":"image\/jpeg"}],"twitter_card":"summary_large_image","twitter_misc":{"Est. reading time":"2 minutes"},"schema":{"@context":"https:\/\/schema.org","@graph":[{"@type":"WebPage","@id":"https:\/\/funstorage.thehuettl.com\/shop\/lego-31058-creator-dinosaurier-3-in-1-mit-t-rex-triceratops-und-pterodactylus\/","url":"https:\/\/funstorage.thehuettl.com\/shop\/lego-31058-creator-dinosaurier-3-in-1-mit-t-rex-triceratops-und-pterodactylus\/","name":"LEGO\u00ae 31058 Creator Dinosaurier, 3 in 1 mit T-Rex, Triceratops und Pterodactylus - FunStorage","isPartOf":{"@id":"https:\/\/funstorage.thehuettl.com\/#website"},"primaryImageOfPage":{"@id":"https:\/\/funstorage.thehuettl.com\/shop\/lego-31058-creator-dinosaurier-3-in-1-mit-t-rex-triceratops-und-pterodactylus\/#primaryimage"},"image":{"@id":"https:\/\/funstorage.thehuettl.com\/shop\/lego-31058-creator-dinosaurier-3-in-1-mit-t-rex-triceratops-und-pterodactylus\/#primaryimage"},"thumbnailUrl":"https:\/\/funstorage.thehuettl.com\/wp-content\/uploads\/2023\/03\/31058_boxprod_v29-scaled-1.jpg","datePublished":"2023-03-01T01:50:58+00:00","dateModified":"2024-11-24T20:23:23+00:00","breadcrumb":{"@id":"https:\/\/funstorage.thehuettl.com\/shop\/lego-31058-creator-dinosaurier-3-in-1-mit-t-rex-triceratops-und-pterodactylus\/#breadcrumb"},"inLanguage":"en-US","potentialAction":[{"@type":"ReadAction","target":["https:\/\/funstorage.thehuettl.com\/shop\/lego-31058-creator-dinosaurier-3-in-1-mit-t-rex-triceratops-und-pterodactylus\/"]}]},{"@type":"ImageObject","inLanguage":"en-US","@id":"https:\/\/funstorage.thehuettl.com\/shop\/lego-31058-creator-dinosaurier-3-in-1-mit-t-rex-triceratops-und-pterodactylus\/#primaryimage","url":"https:\/\/funstorage.thehuettl.com\/wp-content\/uploads\/2023\/03\/31058_boxprod_v29-scaled-1.jpg","contentUrl":"https:\/\/funstorage.thehuettl.com\/wp-content\/uploads\/2023\/03\/31058_boxprod_v29-scaled-1.jpg","width":2560,"height":2560},{"@type":"BreadcrumbList","@id":"https:\/\/funstorage.thehuettl.com\/shop\/lego-31058-creator-dinosaurier-3-in-1-mit-t-rex-triceratops-und-pterodactylus\/#breadcrumb","itemListElement":[{"@type":"ListItem","position":1,"name":"Startseite","item":"https:\/\/funstorage.thehuettl.com\/step\/homepage\/"},{"@type":"ListItem","position":2,"name":"Shop","item":"https:\/\/funstorage.thehuettl.com\/shop\/"},{"@type":"ListItem","position":3,"name":"LEGO\u00ae 31058 Creator Dinosaurier, 3 in 1 mit T-Rex, Triceratops und Pterodactylus"}]},{"@type":"WebSite","@id":"https:\/\/funstorage.thehuettl.com\/#website","url":"https:\/\/funstorage.thehuettl.com\/","name":"FunStorage","description":"","publisher":{"@id":"https:\/\/funstorage.thehuettl.com\/#organization"},"potentialAction":[{"@type":"SearchAction","target":{"@type":"EntryPoint","urlTemplate":"https:\/\/funstorage.thehuettl.com\/?s={search_term_string}"},"query-input":{"@type":"PropertyValueSpecification","valueRequired":true,"valueName":"search_term_string"}}],"inLanguage":"en-US"},{"@type":"Organization","@id":"https:\/\/funstorage.thehuettl.com\/#organization","name":"FunStorage","url":"https:\/\/funstorage.thehuettl.com\/","logo":{"@type":"ImageObject","inLanguage":"en-US","@id":"https:\/\/funstorage.thehuettl.com\/#\/schema\/logo\/image\/","url":"https:\/\/funstorage.thehuettl.com\/wp-content\/uploads\/2023\/02\/cropped-D2BA2C24-7753-4AC3-9F3B-6C174C5BCB99.png","contentUrl":"https:\/\/funstorage.thehuettl.com\/wp-content\/uploads\/2023\/02\/cropped-D2BA2C24-7753-4AC3-9F3B-6C174C5BCB99.png","width":512,"height":512,"caption":"FunStorage"},"image":{"@id":"https:\/\/funstorage.thehuettl.com\/#\/schema\/logo\/image\/"},"sameAs":["https:\/\/www.facebook.com\/funstorage.de"]}]}},"_links":{"self":[{"href":"https:\/\/funstorage.thehuettl.com\/en\/wp-json\/wp\/v2\/product\/8739","targetHints":{"allow":["GET"]}}],"collection":[{"href":"https:\/\/funstorage.thehuettl.com\/en\/wp-json\/wp\/v2\/product"}],"about":[{"href":"https:\/\/funstorage.thehuettl.com\/en\/wp-json\/wp\/v2\/types\/product"}],"replies":[{"embeddable":true,"href":"https:\/\/funstorage.thehuettl.com\/en\/wp-json\/wp\/v2\/comments?post=8739"}],"version-history":[{"count":0,"href":"https:\/\/funstorage.thehuettl.com\/en\/wp-json\/wp\/v2\/product\/8739\/revisions"}],"wp:featuredmedia":[{"embeddable":true,"href":"https:\/\/funstorage.thehuettl.com\/en\/wp-json\/wp\/v2\/media\/8460"}],"wp:attachment":[{"href":"https:\/\/funstorage.thehuettl.com\/en\/wp-json\/wp\/v2\/media?parent=8739"}],"wp:term":[{"taxonomy":"product_brand","embeddable":true,"href":"https:\/\/funstorage.thehuettl.com\/en\/wp-json\/wp\/v2\/product_brand?post=8739"},{"taxonomy":"product_cat","embeddable":true,"href":"https:\/\/funstorage.thehuettl.com\/en\/wp-json\/wp\/v2\/product_cat?post=8739"},{"taxonomy":"product_tag","embeddable":true,"href":"https:\/\/funstorage.thehuettl.com\/en\/wp-json\/wp\/v2\/product_tag?post=8739"}],"curies":[{"name":"wp","href":"https:\/\/api.w.org\/{rel}","templated":true}]}}