{"id":8740,"date":"2023-03-01T02:50:58","date_gmt":"2023-03-01T01:50:58","guid":{"rendered":"https:\/\/funstorage.thehuettl.com\/?post_type=product&#038;p=8740"},"modified":"2024-11-24T21:23:16","modified_gmt":"2024-11-24T20:23:16","slug":"lego-31088-creator-bewohner-der-tiefsee","status":"publish","type":"product","link":"https:\/\/funstorage.thehuettl.com\/en\/shop\/lego-31088-creator-bewohner-der-tiefsee\/","title":{"rendered":"LEGO\u00ae 31088 Creator Bewohner der Tiefsee"},"content":{"rendered":"<p>Tauche ein in einen Ozean voller Abenteuer \u2013 mit dem LEGO\u00ae Creator 3-in-1-Set \u201eBewohner der Tiefsee\u201c. Hilf der niedlichen Tiefseekrabbe dabei, die Schatztruhe vor dem gro\u00dfen, wilden Hai mit seinem zuschnappenden Maul, den spitzen Z\u00e4hnen, reflektierenden Augen und der kr\u00e4ftigen Schwanzflosse zu besch\u00fctzen. F\u00fcr noch mehr Unterwasserspa\u00df kannst du das Set in einen beweglichen Tintenfisch oder einen Seeteufel mit riesigem Maul umbauen.<\/p>\n<p>Erlebe mit dem LEGO\u00ae Creator 3-in-1-Set \u201eBewohner der Tiefsee\u201c (31088) spannende Unterwasserabenteuer. Das Set enth\u00e4lt einen unheimlichen Spielzeug-Hai in authentischer blauer und wei\u00dfer Farbe mit aufklappbarem Maul voller spitzer Z\u00e4hne, beweglichen Flossen, beweglichen Gelenken und reflektierenden Augen sowie eine bewegliche Krabbe mit einer Schatztruhe. Die LEGO Creator 3-in-1-Spielsets bieten dir drei verschiedene Bau- und Spielerlebnisse. Baue zun\u00e4chst einen Hai und eine Krabbe. Anschlie\u00dfend kannst du sie f\u00fcr noch mehr Unterwasserspa\u00df in einen beweglichen Tintenfisch oder einen Seeteufel mit riesigem Maul umbauen.<\/p>\n<p>Anzahl Teile: 230<br \/>\nAltersempfehlung: 7+<br \/>\nThema: LEGO Creator<br \/>\nEAN: 5702016367836<\/p>\n<p>\u2022 Dieses LEGO\u00ae Creator 3-in-1-Set bietet 3 verschiedene Baum\u00f6glichkeiten: Baue den Hai mit Krabbe und Schatztruhe, einen beweglichen Tintenfisch oder einen Seeteufel mit riesigem Maul.<br \/>\n\u2022 Das Set \u201eBewohner der Tiefsee\u201c enth\u00e4lt einen unheimlichen Hai mit aufklappbarem Maul, spitzen Z\u00e4hnen, beweglichen Flossen, beweglichen Gelenken und reflektierenden Augen sowie eine Krabbe mit einer Schatztruhe.<br \/>\n\u2022 Sieh dir die coole blau-wei\u00dfe Farbgebung des Hais an!<br \/>\n\u2022 \u00d6ffne das Maul des Hais und entdecke seine furchteinfl\u00f6\u00dfenden, spitzen Z\u00e4hne.<br \/>\n\u2022 Hilf der Krabbe dabei, ihre Schatztruhe zu besch\u00fctzen.<br \/>\n\u2022 Dieses Set bietet eine zus\u00e4tzliche Baum\u00f6glichkeit: Die Bauanleitung f\u00fcr einen Wal ist unter LEGO.com erh\u00e4ltlich.<br \/>\n\u2022 Der Hai ist 8 cm hoch, 21 cm lang und 9 cm breit.<br \/>\n\u2022 Die Krabbe ist 3 cm lang und 11 cm breit.<br \/>\n\u2022 Der Tintenfisch ist 4 cm hoch, 18 cm lang und 22 cm breit.<br \/>\n\u2022 Der Seeteufel ist 5 cm hoch, 14 cm lang und 8 cm breit.<\/p>","protected":false},"excerpt":{"rendered":"<p>Baue einen Hai, einen Tintenfisch oder einen Seeteufel \u2013 mit dem LEGO\u00ae Creator 3-in-1-Set \u201eBewohner der Tiefsee\u201c.<\/p>","protected":false},"featured_media":8466,"comment_status":"open","ping_status":"closed","template":"","meta":[],"product_brand":[],"product_cat":[34,259],"product_tag":[260,263,128,264,265,266,267,268],"class_list":{"0":"post-8740","1":"product","2":"type-product","3":"status-publish","4":"has-post-thumbnail","6":"product_cat-lego","7":"product_cat-lego-creator","8":"product_tag-3in1","9":"product_tag-hai","10":"product_tag-krabbe","11":"product_tag-schatztruhe","12":"product_tag-seeteufel","13":"product_tag-tiefsee","14":"product_tag-tintenfisch","15":"product_tag-unterwasser","17":"first","18":"instock","19":"taxable","20":"shipping-taxable","21":"purchasable","22":"product-type-simple"},"yoast_head":"<!-- This site is optimized with the Yoast SEO plugin v26.4 - https:\/\/yoast.com\/wordpress\/plugins\/seo\/ -->\n<title>LEGO\u00ae 31088 Creator Bewohner der Tiefsee - FunStorage<\/title>\n<meta name=\"robots\" content=\"index, follow, max-snippet:-1, max-image-preview:large, max-video-preview:-1\" \/>\n<link rel=\"canonical\" href=\"https:\/\/funstorage.thehuettl.com\/en\/wp-json\/wp\/v2\/product\/8740\" \/>\n<meta property=\"og:locale\" content=\"en_US\" \/>\n<meta property=\"og:type\" content=\"article\" \/>\n<meta property=\"og:title\" content=\"LEGO\u00ae 31088 Creator Bewohner der Tiefsee - FunStorage\" \/>\n<meta property=\"og:description\" content=\"Baue einen Hai, einen Tintenfisch oder einen Seeteufel \u2013 mit dem LEGO\u00ae Creator 3-in-1-Set \u201eBewohner der Tiefsee\u201c.\" \/>\n<meta property=\"og:url\" content=\"https:\/\/funstorage.thehuettl.com\/en\/shop\/lego-31088-creator-bewohner-der-tiefsee\/\" \/>\n<meta property=\"og:site_name\" content=\"FunStorage\" \/>\n<meta property=\"article:publisher\" content=\"https:\/\/www.facebook.com\/funstorage.de\" \/>\n<meta property=\"article:modified_time\" content=\"2024-11-24T20:23:16+00:00\" \/>\n<meta property=\"og:image\" content=\"https:\/\/funstorage.thehuettl.com\/wp-content\/uploads\/2023\/03\/31088_boxprod_v29-scaled-1.jpg\" \/>\n\t<meta property=\"og:image:width\" content=\"2560\" \/>\n\t<meta property=\"og:image:height\" content=\"2560\" \/>\n\t<meta property=\"og:image:type\" content=\"image\/jpeg\" \/>\n<meta name=\"twitter:card\" content=\"summary_large_image\" \/>\n<meta name=\"twitter:label1\" content=\"Est. reading time\" \/>\n\t<meta name=\"twitter:data1\" content=\"2 minutes\" \/>\n<script type=\"application\/ld+json\" class=\"yoast-schema-graph\">{\"@context\":\"https:\/\/schema.org\",\"@graph\":[{\"@type\":\"WebPage\",\"@id\":\"https:\/\/funstorage.thehuettl.com\/shop\/lego-31088-creator-bewohner-der-tiefsee\/\",\"url\":\"https:\/\/funstorage.thehuettl.com\/shop\/lego-31088-creator-bewohner-der-tiefsee\/\",\"name\":\"LEGO\u00ae 31088 Creator Bewohner der Tiefsee - FunStorage\",\"isPartOf\":{\"@id\":\"https:\/\/funstorage.thehuettl.com\/#website\"},\"primaryImageOfPage\":{\"@id\":\"https:\/\/funstorage.thehuettl.com\/shop\/lego-31088-creator-bewohner-der-tiefsee\/#primaryimage\"},\"image\":{\"@id\":\"https:\/\/funstorage.thehuettl.com\/shop\/lego-31088-creator-bewohner-der-tiefsee\/#primaryimage\"},\"thumbnailUrl\":\"https:\/\/funstorage.thehuettl.com\/wp-content\/uploads\/2023\/03\/31088_boxprod_v29-scaled-1.jpg\",\"datePublished\":\"2023-03-01T01:50:58+00:00\",\"dateModified\":\"2024-11-24T20:23:16+00:00\",\"breadcrumb\":{\"@id\":\"https:\/\/funstorage.thehuettl.com\/shop\/lego-31088-creator-bewohner-der-tiefsee\/#breadcrumb\"},\"inLanguage\":\"en-US\",\"potentialAction\":[{\"@type\":\"ReadAction\",\"target\":[\"https:\/\/funstorage.thehuettl.com\/shop\/lego-31088-creator-bewohner-der-tiefsee\/\"]}]},{\"@type\":\"ImageObject\",\"inLanguage\":\"en-US\",\"@id\":\"https:\/\/funstorage.thehuettl.com\/shop\/lego-31088-creator-bewohner-der-tiefsee\/#primaryimage\",\"url\":\"https:\/\/funstorage.thehuettl.com\/wp-content\/uploads\/2023\/03\/31088_boxprod_v29-scaled-1.jpg\",\"contentUrl\":\"https:\/\/funstorage.thehuettl.com\/wp-content\/uploads\/2023\/03\/31088_boxprod_v29-scaled-1.jpg\",\"width\":2560,\"height\":2560},{\"@type\":\"BreadcrumbList\",\"@id\":\"https:\/\/funstorage.thehuettl.com\/shop\/lego-31088-creator-bewohner-der-tiefsee\/#breadcrumb\",\"itemListElement\":[{\"@type\":\"ListItem\",\"position\":1,\"name\":\"Startseite\",\"item\":\"https:\/\/funstorage.thehuettl.com\/step\/homepage\/\"},{\"@type\":\"ListItem\",\"position\":2,\"name\":\"Shop\",\"item\":\"https:\/\/funstorage.thehuettl.com\/shop\/\"},{\"@type\":\"ListItem\",\"position\":3,\"name\":\"LEGO\u00ae 31088 Creator Bewohner der Tiefsee\"}]},{\"@type\":\"WebSite\",\"@id\":\"https:\/\/funstorage.thehuettl.com\/#website\",\"url\":\"https:\/\/funstorage.thehuettl.com\/\",\"name\":\"FunStorage\",\"description\":\"\",\"publisher\":{\"@id\":\"https:\/\/funstorage.thehuettl.com\/#organization\"},\"potentialAction\":[{\"@type\":\"SearchAction\",\"target\":{\"@type\":\"EntryPoint\",\"urlTemplate\":\"https:\/\/funstorage.thehuettl.com\/?s={search_term_string}\"},\"query-input\":{\"@type\":\"PropertyValueSpecification\",\"valueRequired\":true,\"valueName\":\"search_term_string\"}}],\"inLanguage\":\"en-US\"},{\"@type\":\"Organization\",\"@id\":\"https:\/\/funstorage.thehuettl.com\/#organization\",\"name\":\"FunStorage\",\"url\":\"https:\/\/funstorage.thehuettl.com\/\",\"logo\":{\"@type\":\"ImageObject\",\"inLanguage\":\"en-US\",\"@id\":\"https:\/\/funstorage.thehuettl.com\/#\/schema\/logo\/image\/\",\"url\":\"https:\/\/funstorage.thehuettl.com\/wp-content\/uploads\/2023\/02\/cropped-D2BA2C24-7753-4AC3-9F3B-6C174C5BCB99.png\",\"contentUrl\":\"https:\/\/funstorage.thehuettl.com\/wp-content\/uploads\/2023\/02\/cropped-D2BA2C24-7753-4AC3-9F3B-6C174C5BCB99.png\",\"width\":512,\"height\":512,\"caption\":\"FunStorage\"},\"image\":{\"@id\":\"https:\/\/funstorage.thehuettl.com\/#\/schema\/logo\/image\/\"},\"sameAs\":[\"https:\/\/www.facebook.com\/funstorage.de\"]}]}<\/script>\n<!-- \/ Yoast SEO plugin. -->","yoast_head_json":{"title":"LEGO\u00ae 31088 Creator Bewohner der Tiefsee - FunStorage","robots":{"index":"index","follow":"follow","max-snippet":"max-snippet:-1","max-image-preview":"max-image-preview:large","max-video-preview":"max-video-preview:-1"},"canonical":"https:\/\/funstorage.thehuettl.com\/en\/wp-json\/wp\/v2\/product\/8740","og_locale":"en_US","og_type":"article","og_title":"LEGO\u00ae 31088 Creator Bewohner der Tiefsee - FunStorage","og_description":"Baue einen Hai, einen Tintenfisch oder einen Seeteufel \u2013 mit dem LEGO\u00ae Creator 3-in-1-Set \u201eBewohner der Tiefsee\u201c.","og_url":"https:\/\/funstorage.thehuettl.com\/en\/shop\/lego-31088-creator-bewohner-der-tiefsee\/","og_site_name":"FunStorage","article_publisher":"https:\/\/www.facebook.com\/funstorage.de","article_modified_time":"2024-11-24T20:23:16+00:00","og_image":[{"width":2560,"height":2560,"url":"https:\/\/funstorage.thehuettl.com\/wp-content\/uploads\/2023\/03\/31088_boxprod_v29-scaled-1.jpg","type":"image\/jpeg"}],"twitter_card":"summary_large_image","twitter_misc":{"Est. reading time":"2 minutes"},"schema":{"@context":"https:\/\/schema.org","@graph":[{"@type":"WebPage","@id":"https:\/\/funstorage.thehuettl.com\/shop\/lego-31088-creator-bewohner-der-tiefsee\/","url":"https:\/\/funstorage.thehuettl.com\/shop\/lego-31088-creator-bewohner-der-tiefsee\/","name":"LEGO\u00ae 31088 Creator Bewohner der Tiefsee - FunStorage","isPartOf":{"@id":"https:\/\/funstorage.thehuettl.com\/#website"},"primaryImageOfPage":{"@id":"https:\/\/funstorage.thehuettl.com\/shop\/lego-31088-creator-bewohner-der-tiefsee\/#primaryimage"},"image":{"@id":"https:\/\/funstorage.thehuettl.com\/shop\/lego-31088-creator-bewohner-der-tiefsee\/#primaryimage"},"thumbnailUrl":"https:\/\/funstorage.thehuettl.com\/wp-content\/uploads\/2023\/03\/31088_boxprod_v29-scaled-1.jpg","datePublished":"2023-03-01T01:50:58+00:00","dateModified":"2024-11-24T20:23:16+00:00","breadcrumb":{"@id":"https:\/\/funstorage.thehuettl.com\/shop\/lego-31088-creator-bewohner-der-tiefsee\/#breadcrumb"},"inLanguage":"en-US","potentialAction":[{"@type":"ReadAction","target":["https:\/\/funstorage.thehuettl.com\/shop\/lego-31088-creator-bewohner-der-tiefsee\/"]}]},{"@type":"ImageObject","inLanguage":"en-US","@id":"https:\/\/funstorage.thehuettl.com\/shop\/lego-31088-creator-bewohner-der-tiefsee\/#primaryimage","url":"https:\/\/funstorage.thehuettl.com\/wp-content\/uploads\/2023\/03\/31088_boxprod_v29-scaled-1.jpg","contentUrl":"https:\/\/funstorage.thehuettl.com\/wp-content\/uploads\/2023\/03\/31088_boxprod_v29-scaled-1.jpg","width":2560,"height":2560},{"@type":"BreadcrumbList","@id":"https:\/\/funstorage.thehuettl.com\/shop\/lego-31088-creator-bewohner-der-tiefsee\/#breadcrumb","itemListElement":[{"@type":"ListItem","position":1,"name":"Startseite","item":"https:\/\/funstorage.thehuettl.com\/step\/homepage\/"},{"@type":"ListItem","position":2,"name":"Shop","item":"https:\/\/funstorage.thehuettl.com\/shop\/"},{"@type":"ListItem","position":3,"name":"LEGO\u00ae 31088 Creator Bewohner der Tiefsee"}]},{"@type":"WebSite","@id":"https:\/\/funstorage.thehuettl.com\/#website","url":"https:\/\/funstorage.thehuettl.com\/","name":"FunStorage","description":"","publisher":{"@id":"https:\/\/funstorage.thehuettl.com\/#organization"},"potentialAction":[{"@type":"SearchAction","target":{"@type":"EntryPoint","urlTemplate":"https:\/\/funstorage.thehuettl.com\/?s={search_term_string}"},"query-input":{"@type":"PropertyValueSpecification","valueRequired":true,"valueName":"search_term_string"}}],"inLanguage":"en-US"},{"@type":"Organization","@id":"https:\/\/funstorage.thehuettl.com\/#organization","name":"FunStorage","url":"https:\/\/funstorage.thehuettl.com\/","logo":{"@type":"ImageObject","inLanguage":"en-US","@id":"https:\/\/funstorage.thehuettl.com\/#\/schema\/logo\/image\/","url":"https:\/\/funstorage.thehuettl.com\/wp-content\/uploads\/2023\/02\/cropped-D2BA2C24-7753-4AC3-9F3B-6C174C5BCB99.png","contentUrl":"https:\/\/funstorage.thehuettl.com\/wp-content\/uploads\/2023\/02\/cropped-D2BA2C24-7753-4AC3-9F3B-6C174C5BCB99.png","width":512,"height":512,"caption":"FunStorage"},"image":{"@id":"https:\/\/funstorage.thehuettl.com\/#\/schema\/logo\/image\/"},"sameAs":["https:\/\/www.facebook.com\/funstorage.de"]}]}},"_links":{"self":[{"href":"https:\/\/funstorage.thehuettl.com\/en\/wp-json\/wp\/v2\/product\/8740","targetHints":{"allow":["GET"]}}],"collection":[{"href":"https:\/\/funstorage.thehuettl.com\/en\/wp-json\/wp\/v2\/product"}],"about":[{"href":"https:\/\/funstorage.thehuettl.com\/en\/wp-json\/wp\/v2\/types\/product"}],"replies":[{"embeddable":true,"href":"https:\/\/funstorage.thehuettl.com\/en\/wp-json\/wp\/v2\/comments?post=8740"}],"version-history":[{"count":0,"href":"https:\/\/funstorage.thehuettl.com\/en\/wp-json\/wp\/v2\/product\/8740\/revisions"}],"wp:featuredmedia":[{"embeddable":true,"href":"https:\/\/funstorage.thehuettl.com\/en\/wp-json\/wp\/v2\/media\/8466"}],"wp:attachment":[{"href":"https:\/\/funstorage.thehuettl.com\/en\/wp-json\/wp\/v2\/media?parent=8740"}],"wp:term":[{"taxonomy":"product_brand","embeddable":true,"href":"https:\/\/funstorage.thehuettl.com\/en\/wp-json\/wp\/v2\/product_brand?post=8740"},{"taxonomy":"product_cat","embeddable":true,"href":"https:\/\/funstorage.thehuettl.com\/en\/wp-json\/wp\/v2\/product_cat?post=8740"},{"taxonomy":"product_tag","embeddable":true,"href":"https:\/\/funstorage.thehuettl.com\/en\/wp-json\/wp\/v2\/product_tag?post=8740"}],"curies":[{"name":"wp","href":"https:\/\/api.w.org\/{rel}","templated":true}]}}