{"id":8741,"date":"2023-03-01T02:50:58","date_gmt":"2023-03-01T01:50:58","guid":{"rendered":"https:\/\/funstorage.thehuettl.com\/?post_type=product&#038;p=8741"},"modified":"2024-04-29T02:14:56","modified_gmt":"2024-04-29T00:14:56","slug":"lego-75304-star-wars-darth-vader-helm","status":"publish","type":"product","link":"https:\/\/funstorage.thehuettl.com\/en\/shop\/lego-75304-star-wars-darth-vader-helm\/","title":{"rendered":"LEGO\u00ae 75304 Star Wars Darth-Vader\u2122 Helm"},"content":{"rendered":"<p>Bilde den finsteren Look einer Star Wars\u2122 Ikone nach. Dieser Darth Vader\u2122 Helm zum Bauen, Ausstellen und Sammeln stellt dich vor eine komplexe kreative Herausforderung. Nimm dir eine Auszeit und stell jedes authentische Detail nach LEGO\u00ae Art nach. Auf der Halterung und mit dem Namensschild liefert das tolle Modell reichlich Gespr\u00e4chsstoff und zieht im Wohnzimmer oder B\u00fcro alle Blicke auf sich.<\/p>\n<p>Bekunde deine Bewunderung f\u00fcr den dunklen Lord der Sith mit dem LEGO\u00ae Star Wars\u2122 Darth Vader\u2122 Helm (75304). St\u00fcrz dich in ein komplexes Bauprojekt und ruf dir klassische Szenen aus der Star Wars Saga in Erinnerung, w\u00e4hrend du die legend\u00e4re Form und die finsteren Details des Helms nach LEGO Art nachbildest.Ein Modell, das sich sehen lassen kannDie kompakte Gr\u00f6\u00dfe, der Halter und das Namensschild machen den Darth Vader Helm zu einem spektakul\u00e4ren Hingucker in jedem Zimmer oder B\u00fcro. Sieh dir auch unbedingt den anderen neuen LEGO Star Wars Helm zum Bauen und Ausstellen an. Ab Mai 2021 ist auch der Scout Trooper\u2122 Helm (75305) erh\u00e4ltlich.Besonderes GeschenkDieses hochwertige Set geh\u00f6rt zu einer Kollektion von LEGO Star Wars Bausets f\u00fcr Erwachsene. Der Helm ist ein tolles Geschenk f\u00fcr dich selbst, jeden Star Wars Fan, erfahrene LEGO Baumeister und alle, die kreative Bauherausforderungen zu sch\u00e4tzen wissen.<\/p>\n<p>Anzahl Teile: 834<br \/>\nAltersempfehlung: 18+<br \/>\nThema: Star Wars TM Classic<br \/>\nEAN: 5702016914498<\/p>\n<p>\u2022 Nimm dir ein kleine Auszeit von der Hektik des Alltags und bilde jedes bedrohliche Detail des Darth Vader\u2122 Helms mit diesem LEGO\u00ae Star Wars\u2122 Bauset (75304) nach.<br \/>\n\u2022 Das legend\u00e4re Design des Darth Vader\u2122 Helms wird mit LEGO\u00ae Steinen dargestellt, um klassische Szenen aus der Star Wars\u2122 Saga in Erinnerung zu rufen. Eine Halterung mit Namensschild vervollst\u00e4ndigt den beeindruckenden Blickfang.<br \/>\n\u2022 Das Set geh\u00f6rt zu einer Sammlerserie aus LEGO\u00ae Star Wars\u2122 Helmen zum Bauen und Ausstellen. Freu dich auch auf den Scout Trooper\u2122 Helm (75305), der ab Mai 2021 erh\u00e4ltlich ist.<br \/>\n\u2022 Dieses 834-teilige Set bietet ein anspruchsvolles Bauerlebnis. Der Helm ist auch ein tolles Geburtstags-, Weihnachts- oder \u00dcberraschungsgeschenk f\u00fcr jeden Star Wars\u2122 Fan, jeden erfahrenen LEGO\u00ae Baumeister und jeden Bauk\u00fcnstler.<br \/>\n\u2022 Das baubare Modell ist 20 cm hoch, 15 cm breit und 14 cm tief. Mit diesen kompakten Abmessungen beansprucht der Darth Vader\u2122 Helm kaum Platz, ohne seine bedrohliche Wirkung zu verlieren.<br \/>\n\u2022 Kaufst du dieses Set f\u00fcr einen Star Wars\u2122 Fan, der noch keine LEGO\u00ae Sets hat? Kein Problem. Dank der verst\u00e4ndlichen Bauanleitung kann sich jeder mit dem Selbstvertrauen eines Jedi-Ritters an diese komplexe Bauaufgabe heranwagen.<br \/>\n\u2022 Dieses LEGO\u00ae Star Wars\u2122 Modell f\u00fcr Erwachsene geh\u00f6rt zu einer Reihe von hochwertigen LEGO Bausets f\u00fcr anspruchsvolle Baumeister, die kreative Bauprojekte m\u00f6gen.<br \/>\n\u2022 LEGO\u00ae Elemente entsprechen bereits seit 1958 strengen Branchenstandards, damit sie kompatibel sind und sich immer zu robusten Modellen zusammenstecken lassen.<br \/>\n\u2022 LEGO\u00ae Steine und Teile werden gr\u00fcndlich getestet, damit sie den strengsten Sicherheitsstandards auf der Erde und in weit, weit entfernten Galaxien entsprechen!<\/p>","protected":false},"excerpt":{"rendered":"<p>Bilde jedes bekannte Detail des Darth Vader\u2122 Helms mit diesem Modell zum Bauen und Ausstellen nach. Der Helm geh\u00f6rt zu einer Sammlerserie von LEGO\u00ae Star Wars\u2122 Modellen f\u00fcr Erwachsene.<\/p>","protected":false},"featured_media":8476,"comment_status":"open","ping_status":"closed","template":"","meta":[],"product_brand":[],"product_cat":[34,37,164],"product_tag":[269,187,270,188,271,272,273,274,275,276,171,277],"class_list":{"0":"post-8741","1":"product","2":"type-product","3":"status-publish","4":"has-post-thumbnail","6":"product_cat-lego","7":"product_cat-konstruktionsspielzeug","8":"product_cat-lego-star-wars","9":"product_tag-bedrohlich","10":"product_tag-bueste","11":"product_tag-darth-vader","12":"product_tag-helm","13":"product_tag-imperial","14":"product_tag-imperium","15":"product_tag-maske","16":"product_tag-schwarz","17":"product_tag-sith","18":"product_tag-sith-lord","19":"product_tag-star-wars","20":"product_tag-vader","22":"first","23":"instock","24":"taxable","25":"shipping-taxable","26":"purchasable","27":"product-type-simple"},"yoast_head":"<!-- This site is optimized with the Yoast SEO plugin v26.4 - https:\/\/yoast.com\/wordpress\/plugins\/seo\/ -->\n<title>LEGO\u00ae 75304 Star Wars Darth-Vader\u2122 Helm - FunStorage<\/title>\n<meta name=\"robots\" content=\"index, follow, max-snippet:-1, max-image-preview:large, max-video-preview:-1\" \/>\n<link rel=\"canonical\" href=\"https:\/\/funstorage.thehuettl.com\/en\/wp-json\/wp\/v2\/product\/8741\" \/>\n<meta property=\"og:locale\" content=\"en_US\" \/>\n<meta property=\"og:type\" content=\"article\" \/>\n<meta property=\"og:title\" content=\"LEGO\u00ae 75304 Star Wars Darth-Vader\u2122 Helm - FunStorage\" \/>\n<meta property=\"og:description\" content=\"Bilde jedes bekannte Detail des Darth Vader\u2122 Helms mit diesem Modell zum Bauen und Ausstellen nach. Der Helm geh\u00f6rt zu einer Sammlerserie von LEGO\u00ae Star Wars\u2122 Modellen f\u00fcr Erwachsene.\" \/>\n<meta property=\"og:url\" content=\"https:\/\/funstorage.thehuettl.com\/en\/shop\/lego-75304-star-wars-darth-vader-helm\/\" \/>\n<meta property=\"og:site_name\" content=\"FunStorage\" \/>\n<meta property=\"article:publisher\" content=\"https:\/\/www.facebook.com\/funstorage.de\" \/>\n<meta property=\"article:modified_time\" content=\"2024-04-29T00:14:56+00:00\" \/>\n<meta property=\"og:image\" content=\"https:\/\/funstorage.thehuettl.com\/wp-content\/uploads\/2023\/03\/75304_boxprod_v29-scaled-1.jpg\" \/>\n\t<meta property=\"og:image:width\" content=\"2560\" \/>\n\t<meta property=\"og:image:height\" content=\"2560\" \/>\n\t<meta property=\"og:image:type\" content=\"image\/jpeg\" \/>\n<meta name=\"twitter:card\" content=\"summary_large_image\" \/>\n<meta name=\"twitter:label1\" content=\"Est. reading time\" \/>\n\t<meta name=\"twitter:data1\" content=\"3 minutes\" \/>\n<script type=\"application\/ld+json\" class=\"yoast-schema-graph\">{\"@context\":\"https:\/\/schema.org\",\"@graph\":[{\"@type\":\"WebPage\",\"@id\":\"https:\/\/funstorage.thehuettl.com\/shop\/lego-75304-star-wars-darth-vader-helm\/\",\"url\":\"https:\/\/funstorage.thehuettl.com\/shop\/lego-75304-star-wars-darth-vader-helm\/\",\"name\":\"LEGO\u00ae 75304 Star Wars Darth-Vader\u2122 Helm - FunStorage\",\"isPartOf\":{\"@id\":\"https:\/\/funstorage.thehuettl.com\/#website\"},\"primaryImageOfPage\":{\"@id\":\"https:\/\/funstorage.thehuettl.com\/shop\/lego-75304-star-wars-darth-vader-helm\/#primaryimage\"},\"image\":{\"@id\":\"https:\/\/funstorage.thehuettl.com\/shop\/lego-75304-star-wars-darth-vader-helm\/#primaryimage\"},\"thumbnailUrl\":\"https:\/\/funstorage.thehuettl.com\/wp-content\/uploads\/2023\/03\/75304_boxprod_v29-scaled-1.jpg\",\"datePublished\":\"2023-03-01T01:50:58+00:00\",\"dateModified\":\"2024-04-29T00:14:56+00:00\",\"breadcrumb\":{\"@id\":\"https:\/\/funstorage.thehuettl.com\/shop\/lego-75304-star-wars-darth-vader-helm\/#breadcrumb\"},\"inLanguage\":\"en-US\",\"potentialAction\":[{\"@type\":\"ReadAction\",\"target\":[\"https:\/\/funstorage.thehuettl.com\/shop\/lego-75304-star-wars-darth-vader-helm\/\"]}]},{\"@type\":\"ImageObject\",\"inLanguage\":\"en-US\",\"@id\":\"https:\/\/funstorage.thehuettl.com\/shop\/lego-75304-star-wars-darth-vader-helm\/#primaryimage\",\"url\":\"https:\/\/funstorage.thehuettl.com\/wp-content\/uploads\/2023\/03\/75304_boxprod_v29-scaled-1.jpg\",\"contentUrl\":\"https:\/\/funstorage.thehuettl.com\/wp-content\/uploads\/2023\/03\/75304_boxprod_v29-scaled-1.jpg\",\"width\":2560,\"height\":2560},{\"@type\":\"BreadcrumbList\",\"@id\":\"https:\/\/funstorage.thehuettl.com\/shop\/lego-75304-star-wars-darth-vader-helm\/#breadcrumb\",\"itemListElement\":[{\"@type\":\"ListItem\",\"position\":1,\"name\":\"Startseite\",\"item\":\"https:\/\/funstorage.thehuettl.com\/step\/homepage\/\"},{\"@type\":\"ListItem\",\"position\":2,\"name\":\"Shop\",\"item\":\"https:\/\/funstorage.thehuettl.com\/shop\/\"},{\"@type\":\"ListItem\",\"position\":3,\"name\":\"LEGO\u00ae 75304 Star Wars Darth-Vader\u2122 Helm\"}]},{\"@type\":\"WebSite\",\"@id\":\"https:\/\/funstorage.thehuettl.com\/#website\",\"url\":\"https:\/\/funstorage.thehuettl.com\/\",\"name\":\"FunStorage\",\"description\":\"\",\"publisher\":{\"@id\":\"https:\/\/funstorage.thehuettl.com\/#organization\"},\"potentialAction\":[{\"@type\":\"SearchAction\",\"target\":{\"@type\":\"EntryPoint\",\"urlTemplate\":\"https:\/\/funstorage.thehuettl.com\/?s={search_term_string}\"},\"query-input\":{\"@type\":\"PropertyValueSpecification\",\"valueRequired\":true,\"valueName\":\"search_term_string\"}}],\"inLanguage\":\"en-US\"},{\"@type\":\"Organization\",\"@id\":\"https:\/\/funstorage.thehuettl.com\/#organization\",\"name\":\"FunStorage\",\"url\":\"https:\/\/funstorage.thehuettl.com\/\",\"logo\":{\"@type\":\"ImageObject\",\"inLanguage\":\"en-US\",\"@id\":\"https:\/\/funstorage.thehuettl.com\/#\/schema\/logo\/image\/\",\"url\":\"https:\/\/funstorage.thehuettl.com\/wp-content\/uploads\/2023\/02\/cropped-D2BA2C24-7753-4AC3-9F3B-6C174C5BCB99.png\",\"contentUrl\":\"https:\/\/funstorage.thehuettl.com\/wp-content\/uploads\/2023\/02\/cropped-D2BA2C24-7753-4AC3-9F3B-6C174C5BCB99.png\",\"width\":512,\"height\":512,\"caption\":\"FunStorage\"},\"image\":{\"@id\":\"https:\/\/funstorage.thehuettl.com\/#\/schema\/logo\/image\/\"},\"sameAs\":[\"https:\/\/www.facebook.com\/funstorage.de\"]}]}<\/script>\n<!-- \/ Yoast SEO plugin. -->","yoast_head_json":{"title":"LEGO\u00ae 75304 Star Wars Darth-Vader\u2122 Helm - FunStorage","robots":{"index":"index","follow":"follow","max-snippet":"max-snippet:-1","max-image-preview":"max-image-preview:large","max-video-preview":"max-video-preview:-1"},"canonical":"https:\/\/funstorage.thehuettl.com\/en\/wp-json\/wp\/v2\/product\/8741","og_locale":"en_US","og_type":"article","og_title":"LEGO\u00ae 75304 Star Wars Darth-Vader\u2122 Helm - FunStorage","og_description":"Bilde jedes bekannte Detail des Darth Vader\u2122 Helms mit diesem Modell zum Bauen und Ausstellen nach. Der Helm geh\u00f6rt zu einer Sammlerserie von LEGO\u00ae Star Wars\u2122 Modellen f\u00fcr Erwachsene.","og_url":"https:\/\/funstorage.thehuettl.com\/en\/shop\/lego-75304-star-wars-darth-vader-helm\/","og_site_name":"FunStorage","article_publisher":"https:\/\/www.facebook.com\/funstorage.de","article_modified_time":"2024-04-29T00:14:56+00:00","og_image":[{"width":2560,"height":2560,"url":"https:\/\/funstorage.thehuettl.com\/wp-content\/uploads\/2023\/03\/75304_boxprod_v29-scaled-1.jpg","type":"image\/jpeg"}],"twitter_card":"summary_large_image","twitter_misc":{"Est. reading time":"3 minutes"},"schema":{"@context":"https:\/\/schema.org","@graph":[{"@type":"WebPage","@id":"https:\/\/funstorage.thehuettl.com\/shop\/lego-75304-star-wars-darth-vader-helm\/","url":"https:\/\/funstorage.thehuettl.com\/shop\/lego-75304-star-wars-darth-vader-helm\/","name":"LEGO\u00ae 75304 Star Wars Darth-Vader\u2122 Helm - FunStorage","isPartOf":{"@id":"https:\/\/funstorage.thehuettl.com\/#website"},"primaryImageOfPage":{"@id":"https:\/\/funstorage.thehuettl.com\/shop\/lego-75304-star-wars-darth-vader-helm\/#primaryimage"},"image":{"@id":"https:\/\/funstorage.thehuettl.com\/shop\/lego-75304-star-wars-darth-vader-helm\/#primaryimage"},"thumbnailUrl":"https:\/\/funstorage.thehuettl.com\/wp-content\/uploads\/2023\/03\/75304_boxprod_v29-scaled-1.jpg","datePublished":"2023-03-01T01:50:58+00:00","dateModified":"2024-04-29T00:14:56+00:00","breadcrumb":{"@id":"https:\/\/funstorage.thehuettl.com\/shop\/lego-75304-star-wars-darth-vader-helm\/#breadcrumb"},"inLanguage":"en-US","potentialAction":[{"@type":"ReadAction","target":["https:\/\/funstorage.thehuettl.com\/shop\/lego-75304-star-wars-darth-vader-helm\/"]}]},{"@type":"ImageObject","inLanguage":"en-US","@id":"https:\/\/funstorage.thehuettl.com\/shop\/lego-75304-star-wars-darth-vader-helm\/#primaryimage","url":"https:\/\/funstorage.thehuettl.com\/wp-content\/uploads\/2023\/03\/75304_boxprod_v29-scaled-1.jpg","contentUrl":"https:\/\/funstorage.thehuettl.com\/wp-content\/uploads\/2023\/03\/75304_boxprod_v29-scaled-1.jpg","width":2560,"height":2560},{"@type":"BreadcrumbList","@id":"https:\/\/funstorage.thehuettl.com\/shop\/lego-75304-star-wars-darth-vader-helm\/#breadcrumb","itemListElement":[{"@type":"ListItem","position":1,"name":"Startseite","item":"https:\/\/funstorage.thehuettl.com\/step\/homepage\/"},{"@type":"ListItem","position":2,"name":"Shop","item":"https:\/\/funstorage.thehuettl.com\/shop\/"},{"@type":"ListItem","position":3,"name":"LEGO\u00ae 75304 Star Wars Darth-Vader\u2122 Helm"}]},{"@type":"WebSite","@id":"https:\/\/funstorage.thehuettl.com\/#website","url":"https:\/\/funstorage.thehuettl.com\/","name":"FunStorage","description":"","publisher":{"@id":"https:\/\/funstorage.thehuettl.com\/#organization"},"potentialAction":[{"@type":"SearchAction","target":{"@type":"EntryPoint","urlTemplate":"https:\/\/funstorage.thehuettl.com\/?s={search_term_string}"},"query-input":{"@type":"PropertyValueSpecification","valueRequired":true,"valueName":"search_term_string"}}],"inLanguage":"en-US"},{"@type":"Organization","@id":"https:\/\/funstorage.thehuettl.com\/#organization","name":"FunStorage","url":"https:\/\/funstorage.thehuettl.com\/","logo":{"@type":"ImageObject","inLanguage":"en-US","@id":"https:\/\/funstorage.thehuettl.com\/#\/schema\/logo\/image\/","url":"https:\/\/funstorage.thehuettl.com\/wp-content\/uploads\/2023\/02\/cropped-D2BA2C24-7753-4AC3-9F3B-6C174C5BCB99.png","contentUrl":"https:\/\/funstorage.thehuettl.com\/wp-content\/uploads\/2023\/02\/cropped-D2BA2C24-7753-4AC3-9F3B-6C174C5BCB99.png","width":512,"height":512,"caption":"FunStorage"},"image":{"@id":"https:\/\/funstorage.thehuettl.com\/#\/schema\/logo\/image\/"},"sameAs":["https:\/\/www.facebook.com\/funstorage.de"]}]}},"_links":{"self":[{"href":"https:\/\/funstorage.thehuettl.com\/en\/wp-json\/wp\/v2\/product\/8741","targetHints":{"allow":["GET"]}}],"collection":[{"href":"https:\/\/funstorage.thehuettl.com\/en\/wp-json\/wp\/v2\/product"}],"about":[{"href":"https:\/\/funstorage.thehuettl.com\/en\/wp-json\/wp\/v2\/types\/product"}],"replies":[{"embeddable":true,"href":"https:\/\/funstorage.thehuettl.com\/en\/wp-json\/wp\/v2\/comments?post=8741"}],"version-history":[{"count":0,"href":"https:\/\/funstorage.thehuettl.com\/en\/wp-json\/wp\/v2\/product\/8741\/revisions"}],"wp:featuredmedia":[{"embeddable":true,"href":"https:\/\/funstorage.thehuettl.com\/en\/wp-json\/wp\/v2\/media\/8476"}],"wp:attachment":[{"href":"https:\/\/funstorage.thehuettl.com\/en\/wp-json\/wp\/v2\/media?parent=8741"}],"wp:term":[{"taxonomy":"product_brand","embeddable":true,"href":"https:\/\/funstorage.thehuettl.com\/en\/wp-json\/wp\/v2\/product_brand?post=8741"},{"taxonomy":"product_cat","embeddable":true,"href":"https:\/\/funstorage.thehuettl.com\/en\/wp-json\/wp\/v2\/product_cat?post=8741"},{"taxonomy":"product_tag","embeddable":true,"href":"https:\/\/funstorage.thehuettl.com\/en\/wp-json\/wp\/v2\/product_tag?post=8741"}],"curies":[{"name":"wp","href":"https:\/\/api.w.org\/{rel}","templated":true}]}}