{"id":8746,"date":"2023-03-01T02:50:59","date_gmt":"2023-03-01T01:50:59","guid":{"rendered":"https:\/\/funstorage.thehuettl.com\/?post_type=product&#038;p=8746"},"modified":"2023-11-14T01:00:07","modified_gmt":"2023-11-14T00:00:07","slug":"lego-21172-minecraft-das-zerstoerte-portal","status":"publish","type":"product","link":"https:\/\/funstorage.thehuettl.com\/en\/shop\/lego-21172-minecraft-das-zerstoerte-portal\/","title":{"rendered":"LEGO\u00ae 21172 Minecraft Das zerst\u00f6rte Portal"},"content":{"rendered":"<p>Steve braucht eine neue Netheritr\u00fcstung. Doch zun\u00e4chst musst du Obsidian abbauen, um ein zerst\u00f6rtes Portal zu reparieren. Begib dich durch das Portal in den feuerroten Nether, wo ein Wither-Skelett und ein Hoglin lauern! Bahne dir deinen Weg durch die alten Tr\u00fcmmer und verlasse den Nether dann wieder durch das Portal. Grabe nach Gold f\u00fcr den Schmelzofen und schmiede Steve einen Helm, eine R\u00fcstung und ein Schwert. Jetzt bist du bereit f\u00fcr dein n\u00e4chstes Abenteuer!<\/p>\n<p>LEGO\u00ae Minecraft\u2122 \u2013 Das zerst\u00f6rte Portal (21172) l\u00e4sst begeisterte Minecraft Spieler eine v\u00f6llig neue Dimension des Spiels entdecken.Minecraft Portal f\u00fcr Abenteuer im feurigen NetherKinder helfen Steve, dem bekannten Minecraft Charakter, die ultimative R\u00fcstung zu erschaffen. Doch zun\u00e4chst m\u00fcssen sie sich einigen kreativen Herausforderungen stellen und spannende Abenteuer bestehen. Dieses Spielset beinhaltet eines der spannendsten Elemente von Minecraft \u2013 das Portal. Das gef\u00e4hrliche Tor zwischen den Dimensionen l\u00e4sst sich von Hand aktivieren und deaktivieren. Dieses fesselnde Modell zum Bauen und Spielen wird Minecraft Spieler viele Stunden besch\u00e4ftigen.<\/p>\n<p>Anzahl Teile: 316<br \/>\nAltersempfehlung: 8+<br \/>\nThema: LEGO\u00ae Minecraft\u2122<br \/>\nEAN: 5702016913903<\/p>\n<p>\u2022 LEGO\u00ae Minecraft\u2122 \u2013 Das zerst\u00f6rte Portal (21172) f\u00fchrt begeisterte Minecraft Spieler durch ein altes Portal in ein niemals endendes mehrdimensionales Abenteuer.<br \/>\n\u2022 Das Set beinhaltet den beliebten Minecraft\u2122 Charakter Steve sowie weitere bekannte Figuren \u2013 ein Baby-Schaf, einen Baby-Hoglin und ein Wither-Skelett \u2013 ebenso wie ein baubares, handbetriebenes Portal.<br \/>\n\u2022 Kinder, die gerne Minecraft\u2122 spielen, werden dieses spannende Portal-Abenteuer lieben. Das Tor zwischen den Dimensionen l\u00e4sst sich von Hand aktivieren und deaktivieren.<br \/>\n\u2022 Tolles Geschenk f\u00fcr Minecraft\u2122 Spieler, Actionfans, Abenteurer und Kinder ab 8 Jahren, die gerne kreative Modelle bauen.<br \/>\n\u2022 Das Modell zum Spielen und Ausstellen ist 13 cm hoch, 21 cm breit und 15 cm tief und l\u00e4sst sich vielseitig umbauen. Man kann das Set aber auch toll mit anderen LEGO\u00ae Minecraft\u2122 Sets kombinieren.<br \/>\n\u2022 Das Spielset beinhaltet farbenfrohe Nachbildungen der Minecraft\u2122 Oberwelt und des Nether, ein baubares Portal und authentisches Minecraft Zubeh\u00f6r wie Steves Netheritr\u00fcstung und Schwert.<br \/>\n\u2022 LEGO\u00ae Minecraft\u2122 Spielsets lassen Minecraft Spieler ihr Lieblingsspiel auf eine ganz neue Art erleben. Ein fantasievoller Mix aus LEGO Steinen und Teilen erweckt die Charaktere, Kulissen und Funktionen zum Leben.<br \/>\n\u2022 LEGO\u00ae Bausets erf\u00fcllen bereits seit 1958 die strengen Qualit\u00e4tsstandards der Branche, damit sie einheitlich und kompatibel sind und sich jedes Mal perfekt zusammenstecken und m\u00fchelos wieder trennen lassen.<br \/>\n\u2022 LEGO\u00ae Elemente werden Fall-, Hitze-, Druck- und Torsionstests unterzogen und gr\u00fcndlich analysiert, damit sie strenge globale Sicherheitsstandards erf\u00fcllen.<\/p>","protected":false},"excerpt":{"rendered":"<p>F\u00fchre Kinder durch ein uraltes Portal und lass sie unz\u00e4hlige Minecraft\u2122 Abenteuer erleben.<\/p>","protected":false},"featured_media":8516,"comment_status":"open","ping_status":"closed","template":"","meta":[],"product_brand":[],"product_cat":[34,37,302],"product_tag":[303,304,305,306,307,308,309,310,311],"class_list":{"0":"post-8746","1":"product","2":"type-product","3":"status-publish","4":"has-post-thumbnail","6":"product_cat-lego","7":"product_cat-konstruktionsspielzeug","8":"product_cat-lego-minecraft","9":"product_tag-biom","10":"product_tag-bloecke","11":"product_tag-hoglin","12":"product_tag-minecraft","13":"product_tag-nether","14":"product_tag-portal","15":"product_tag-schaf","16":"product_tag-steve","17":"product_tag-wither","19":"first","20":"instock","21":"taxable","22":"shipping-taxable","23":"purchasable","24":"product-type-simple"},"yoast_head":"<!-- This site is optimized with the Yoast SEO plugin v26.4 - https:\/\/yoast.com\/wordpress\/plugins\/seo\/ -->\n<title>LEGO\u00ae 21172 Minecraft Das zerst\u00f6rte Portal - FunStorage<\/title>\n<meta name=\"robots\" content=\"index, follow, max-snippet:-1, max-image-preview:large, max-video-preview:-1\" \/>\n<link rel=\"canonical\" href=\"https:\/\/funstorage.thehuettl.com\/en\/wp-json\/wp\/v2\/product\/8746\" \/>\n<meta property=\"og:locale\" content=\"en_US\" \/>\n<meta property=\"og:type\" content=\"article\" \/>\n<meta property=\"og:title\" content=\"LEGO\u00ae 21172 Minecraft Das zerst\u00f6rte Portal - FunStorage\" \/>\n<meta property=\"og:description\" content=\"F\u00fchre Kinder durch ein uraltes Portal und lass sie unz\u00e4hlige Minecraft\u2122 Abenteuer erleben.\" \/>\n<meta property=\"og:url\" content=\"https:\/\/funstorage.thehuettl.com\/en\/shop\/lego-21172-minecraft-das-zerstoerte-portal\/\" \/>\n<meta property=\"og:site_name\" content=\"FunStorage\" \/>\n<meta property=\"article:publisher\" content=\"https:\/\/www.facebook.com\/funstorage.de\" \/>\n<meta property=\"article:modified_time\" content=\"2023-11-14T00:00:07+00:00\" \/>\n<meta property=\"og:image\" content=\"https:\/\/funstorage.thehuettl.com\/wp-content\/uploads\/2023\/03\/21172_boxprod_v29-scaled-1.jpg\" \/>\n\t<meta property=\"og:image:width\" content=\"2560\" \/>\n\t<meta property=\"og:image:height\" content=\"2560\" \/>\n\t<meta property=\"og:image:type\" content=\"image\/jpeg\" \/>\n<meta name=\"twitter:card\" content=\"summary_large_image\" \/>\n<meta name=\"twitter:label1\" content=\"Est. reading time\" \/>\n\t<meta name=\"twitter:data1\" content=\"3 minutes\" \/>\n<script type=\"application\/ld+json\" class=\"yoast-schema-graph\">{\"@context\":\"https:\/\/schema.org\",\"@graph\":[{\"@type\":\"WebPage\",\"@id\":\"https:\/\/funstorage.thehuettl.com\/shop\/lego-21172-minecraft-das-zerstoerte-portal\/\",\"url\":\"https:\/\/funstorage.thehuettl.com\/shop\/lego-21172-minecraft-das-zerstoerte-portal\/\",\"name\":\"LEGO\u00ae 21172 Minecraft Das zerst\u00f6rte Portal - FunStorage\",\"isPartOf\":{\"@id\":\"https:\/\/funstorage.thehuettl.com\/#website\"},\"primaryImageOfPage\":{\"@id\":\"https:\/\/funstorage.thehuettl.com\/shop\/lego-21172-minecraft-das-zerstoerte-portal\/#primaryimage\"},\"image\":{\"@id\":\"https:\/\/funstorage.thehuettl.com\/shop\/lego-21172-minecraft-das-zerstoerte-portal\/#primaryimage\"},\"thumbnailUrl\":\"https:\/\/funstorage.thehuettl.com\/wp-content\/uploads\/2023\/03\/21172_boxprod_v29-scaled-1.jpg\",\"datePublished\":\"2023-03-01T01:50:59+00:00\",\"dateModified\":\"2023-11-14T00:00:07+00:00\",\"breadcrumb\":{\"@id\":\"https:\/\/funstorage.thehuettl.com\/shop\/lego-21172-minecraft-das-zerstoerte-portal\/#breadcrumb\"},\"inLanguage\":\"en-US\",\"potentialAction\":[{\"@type\":\"ReadAction\",\"target\":[\"https:\/\/funstorage.thehuettl.com\/shop\/lego-21172-minecraft-das-zerstoerte-portal\/\"]}]},{\"@type\":\"ImageObject\",\"inLanguage\":\"en-US\",\"@id\":\"https:\/\/funstorage.thehuettl.com\/shop\/lego-21172-minecraft-das-zerstoerte-portal\/#primaryimage\",\"url\":\"https:\/\/funstorage.thehuettl.com\/wp-content\/uploads\/2023\/03\/21172_boxprod_v29-scaled-1.jpg\",\"contentUrl\":\"https:\/\/funstorage.thehuettl.com\/wp-content\/uploads\/2023\/03\/21172_boxprod_v29-scaled-1.jpg\",\"width\":2560,\"height\":2560},{\"@type\":\"BreadcrumbList\",\"@id\":\"https:\/\/funstorage.thehuettl.com\/shop\/lego-21172-minecraft-das-zerstoerte-portal\/#breadcrumb\",\"itemListElement\":[{\"@type\":\"ListItem\",\"position\":1,\"name\":\"Startseite\",\"item\":\"https:\/\/funstorage.thehuettl.com\/step\/homepage\/\"},{\"@type\":\"ListItem\",\"position\":2,\"name\":\"Shop\",\"item\":\"https:\/\/funstorage.thehuettl.com\/shop\/\"},{\"@type\":\"ListItem\",\"position\":3,\"name\":\"LEGO\u00ae 21172 Minecraft Das zerst\u00f6rte Portal\"}]},{\"@type\":\"WebSite\",\"@id\":\"https:\/\/funstorage.thehuettl.com\/#website\",\"url\":\"https:\/\/funstorage.thehuettl.com\/\",\"name\":\"FunStorage\",\"description\":\"\",\"publisher\":{\"@id\":\"https:\/\/funstorage.thehuettl.com\/#organization\"},\"potentialAction\":[{\"@type\":\"SearchAction\",\"target\":{\"@type\":\"EntryPoint\",\"urlTemplate\":\"https:\/\/funstorage.thehuettl.com\/?s={search_term_string}\"},\"query-input\":{\"@type\":\"PropertyValueSpecification\",\"valueRequired\":true,\"valueName\":\"search_term_string\"}}],\"inLanguage\":\"en-US\"},{\"@type\":\"Organization\",\"@id\":\"https:\/\/funstorage.thehuettl.com\/#organization\",\"name\":\"FunStorage\",\"url\":\"https:\/\/funstorage.thehuettl.com\/\",\"logo\":{\"@type\":\"ImageObject\",\"inLanguage\":\"en-US\",\"@id\":\"https:\/\/funstorage.thehuettl.com\/#\/schema\/logo\/image\/\",\"url\":\"https:\/\/funstorage.thehuettl.com\/wp-content\/uploads\/2023\/02\/cropped-D2BA2C24-7753-4AC3-9F3B-6C174C5BCB99.png\",\"contentUrl\":\"https:\/\/funstorage.thehuettl.com\/wp-content\/uploads\/2023\/02\/cropped-D2BA2C24-7753-4AC3-9F3B-6C174C5BCB99.png\",\"width\":512,\"height\":512,\"caption\":\"FunStorage\"},\"image\":{\"@id\":\"https:\/\/funstorage.thehuettl.com\/#\/schema\/logo\/image\/\"},\"sameAs\":[\"https:\/\/www.facebook.com\/funstorage.de\"]}]}<\/script>\n<!-- \/ Yoast SEO plugin. -->","yoast_head_json":{"title":"LEGO\u00ae 21172 Minecraft Das zerst\u00f6rte Portal - FunStorage","robots":{"index":"index","follow":"follow","max-snippet":"max-snippet:-1","max-image-preview":"max-image-preview:large","max-video-preview":"max-video-preview:-1"},"canonical":"https:\/\/funstorage.thehuettl.com\/en\/wp-json\/wp\/v2\/product\/8746","og_locale":"en_US","og_type":"article","og_title":"LEGO\u00ae 21172 Minecraft Das zerst\u00f6rte Portal - FunStorage","og_description":"F\u00fchre Kinder durch ein uraltes Portal und lass sie unz\u00e4hlige Minecraft\u2122 Abenteuer erleben.","og_url":"https:\/\/funstorage.thehuettl.com\/en\/shop\/lego-21172-minecraft-das-zerstoerte-portal\/","og_site_name":"FunStorage","article_publisher":"https:\/\/www.facebook.com\/funstorage.de","article_modified_time":"2023-11-14T00:00:07+00:00","og_image":[{"width":2560,"height":2560,"url":"https:\/\/funstorage.thehuettl.com\/wp-content\/uploads\/2023\/03\/21172_boxprod_v29-scaled-1.jpg","type":"image\/jpeg"}],"twitter_card":"summary_large_image","twitter_misc":{"Est. reading time":"3 minutes"},"schema":{"@context":"https:\/\/schema.org","@graph":[{"@type":"WebPage","@id":"https:\/\/funstorage.thehuettl.com\/shop\/lego-21172-minecraft-das-zerstoerte-portal\/","url":"https:\/\/funstorage.thehuettl.com\/shop\/lego-21172-minecraft-das-zerstoerte-portal\/","name":"LEGO\u00ae 21172 Minecraft Das zerst\u00f6rte Portal - FunStorage","isPartOf":{"@id":"https:\/\/funstorage.thehuettl.com\/#website"},"primaryImageOfPage":{"@id":"https:\/\/funstorage.thehuettl.com\/shop\/lego-21172-minecraft-das-zerstoerte-portal\/#primaryimage"},"image":{"@id":"https:\/\/funstorage.thehuettl.com\/shop\/lego-21172-minecraft-das-zerstoerte-portal\/#primaryimage"},"thumbnailUrl":"https:\/\/funstorage.thehuettl.com\/wp-content\/uploads\/2023\/03\/21172_boxprod_v29-scaled-1.jpg","datePublished":"2023-03-01T01:50:59+00:00","dateModified":"2023-11-14T00:00:07+00:00","breadcrumb":{"@id":"https:\/\/funstorage.thehuettl.com\/shop\/lego-21172-minecraft-das-zerstoerte-portal\/#breadcrumb"},"inLanguage":"en-US","potentialAction":[{"@type":"ReadAction","target":["https:\/\/funstorage.thehuettl.com\/shop\/lego-21172-minecraft-das-zerstoerte-portal\/"]}]},{"@type":"ImageObject","inLanguage":"en-US","@id":"https:\/\/funstorage.thehuettl.com\/shop\/lego-21172-minecraft-das-zerstoerte-portal\/#primaryimage","url":"https:\/\/funstorage.thehuettl.com\/wp-content\/uploads\/2023\/03\/21172_boxprod_v29-scaled-1.jpg","contentUrl":"https:\/\/funstorage.thehuettl.com\/wp-content\/uploads\/2023\/03\/21172_boxprod_v29-scaled-1.jpg","width":2560,"height":2560},{"@type":"BreadcrumbList","@id":"https:\/\/funstorage.thehuettl.com\/shop\/lego-21172-minecraft-das-zerstoerte-portal\/#breadcrumb","itemListElement":[{"@type":"ListItem","position":1,"name":"Startseite","item":"https:\/\/funstorage.thehuettl.com\/step\/homepage\/"},{"@type":"ListItem","position":2,"name":"Shop","item":"https:\/\/funstorage.thehuettl.com\/shop\/"},{"@type":"ListItem","position":3,"name":"LEGO\u00ae 21172 Minecraft Das zerst\u00f6rte Portal"}]},{"@type":"WebSite","@id":"https:\/\/funstorage.thehuettl.com\/#website","url":"https:\/\/funstorage.thehuettl.com\/","name":"FunStorage","description":"","publisher":{"@id":"https:\/\/funstorage.thehuettl.com\/#organization"},"potentialAction":[{"@type":"SearchAction","target":{"@type":"EntryPoint","urlTemplate":"https:\/\/funstorage.thehuettl.com\/?s={search_term_string}"},"query-input":{"@type":"PropertyValueSpecification","valueRequired":true,"valueName":"search_term_string"}}],"inLanguage":"en-US"},{"@type":"Organization","@id":"https:\/\/funstorage.thehuettl.com\/#organization","name":"FunStorage","url":"https:\/\/funstorage.thehuettl.com\/","logo":{"@type":"ImageObject","inLanguage":"en-US","@id":"https:\/\/funstorage.thehuettl.com\/#\/schema\/logo\/image\/","url":"https:\/\/funstorage.thehuettl.com\/wp-content\/uploads\/2023\/02\/cropped-D2BA2C24-7753-4AC3-9F3B-6C174C5BCB99.png","contentUrl":"https:\/\/funstorage.thehuettl.com\/wp-content\/uploads\/2023\/02\/cropped-D2BA2C24-7753-4AC3-9F3B-6C174C5BCB99.png","width":512,"height":512,"caption":"FunStorage"},"image":{"@id":"https:\/\/funstorage.thehuettl.com\/#\/schema\/logo\/image\/"},"sameAs":["https:\/\/www.facebook.com\/funstorage.de"]}]}},"_links":{"self":[{"href":"https:\/\/funstorage.thehuettl.com\/en\/wp-json\/wp\/v2\/product\/8746","targetHints":{"allow":["GET"]}}],"collection":[{"href":"https:\/\/funstorage.thehuettl.com\/en\/wp-json\/wp\/v2\/product"}],"about":[{"href":"https:\/\/funstorage.thehuettl.com\/en\/wp-json\/wp\/v2\/types\/product"}],"replies":[{"embeddable":true,"href":"https:\/\/funstorage.thehuettl.com\/en\/wp-json\/wp\/v2\/comments?post=8746"}],"version-history":[{"count":0,"href":"https:\/\/funstorage.thehuettl.com\/en\/wp-json\/wp\/v2\/product\/8746\/revisions"}],"wp:featuredmedia":[{"embeddable":true,"href":"https:\/\/funstorage.thehuettl.com\/en\/wp-json\/wp\/v2\/media\/8516"}],"wp:attachment":[{"href":"https:\/\/funstorage.thehuettl.com\/en\/wp-json\/wp\/v2\/media?parent=8746"}],"wp:term":[{"taxonomy":"product_brand","embeddable":true,"href":"https:\/\/funstorage.thehuettl.com\/en\/wp-json\/wp\/v2\/product_brand?post=8746"},{"taxonomy":"product_cat","embeddable":true,"href":"https:\/\/funstorage.thehuettl.com\/en\/wp-json\/wp\/v2\/product_cat?post=8746"},{"taxonomy":"product_tag","embeddable":true,"href":"https:\/\/funstorage.thehuettl.com\/en\/wp-json\/wp\/v2\/product_tag?post=8746"}],"curies":[{"name":"wp","href":"https:\/\/api.w.org\/{rel}","templated":true}]}}