{"id":8747,"date":"2023-03-01T02:50:59","date_gmt":"2023-03-01T01:50:59","guid":{"rendered":"https:\/\/funstorage.thehuettl.com\/?post_type=product&#038;p=8747"},"modified":"2023-11-14T01:00:06","modified_gmt":"2023-11-14T00:00:06","slug":"lego-21177-minecraft-der-hinterhalt-des-creeper","status":"publish","type":"product","link":"https:\/\/funstorage.thehuettl.com\/en\/shop\/lego-21177-minecraft-der-hinterhalt-des-creeper\/","title":{"rendered":"LEGO\u00ae 21177 Minecraft Der Hinterhalt des Creeper\u2122"},"content":{"rendered":"<p>Begleite Steve auf ein explosives Minecraft\u00ae Abenteuer im Biom \u201eEbene\u201c. Bearbeite an der Werkbank Eisenerz-Bl\u00f6cke. Halte mit dem Fernglas nach Gefahren Ausschau. Was siehst du? Ein Ferkel, ein H\u00fchnerk\u00fcken \u2026 einen Explodierenden Creeper\u2122! Schnapp dir ein Schwert, um Steve zu helfen. Die Zeit dr\u00e4ngt: Der Explodierende Creeper ist schon ganz rot! Dr\u00fcck den Schalter und \u2013 BUMM! Was f\u00fcr eine Explosion!<\/p>\n<p>LEGO\u00ae Minecraft\u00ae Der Hinterhalt des Creeper\u2122 beinhaltet viele Minecraft Charaktere, Zubeh\u00f6relemente und Funktionen und ist ein tolles Geschenk f\u00fcr Kinder ab 7 Jahren. Riesenspa\u00df mit einem kleinen Set f\u00fcr Minecraft Spieler Das kompakte Set l\u00e4sst Kinder ein klassisches Minecraft Abenteuer darstellen. Neben Steve, einem der Helden des Videospiels, sind auch ein Ferkel, ein H\u00fchnerk\u00fcken und ein Explodierender Creeper enthalten. Zun\u00e4chst bearbeiten die Kinder Eisenerz an der Werkbank. Dann versorgen sie die Tiere, ernten das Zuckerrohr und versch\u00f6nern die Kulisse mit Mohnblumen. Den gef\u00e4hrlichen Explodierenden Creeper wollen sie mit dem Schwert verscheuchen. Doch das gelingt nicht. Wenn dein Kind dann den speziellen Sprengblock dr\u00fcckt, fliegt der Explodierende Creeper in die Luft. Nach all den spannenden Abenteuern zieht das tolle Modell im Kinderzimmer alle Blicke auf sich.<\/p>\n<p>Anzahl Teile: 72<br \/>\nAltersempfehlung: 7+<br \/>\nThema: LEGO\u00ae Minecraft\u2122<br \/>\nEAN: 5702017156538<\/p>\n<p>\u2022 Spannendes Spielset: LEGO\u00ae Minecraft\u00ae Der Hinterhalt des Creeper\u2122 beinhaltet jede Menge Charaktere, Zubeh\u00f6relemente und Funktionen f\u00fcr unz\u00e4hlige fantasievolle Minecraft Abenteuer<br \/>\n\u2022 Beliebte Charaktere: Beinhaltet den legend\u00e4ren Minecraft\u00ae Helden Steve sowie ein Ferkel, ein H\u00fchnerk\u00fcken und einen Explodierenden Creeper\u2122<br \/>\n\u2022 Viele Spielm\u00f6glichkeiten: Kinder werden an der Werkbank mit dem Eisenerz kreativ, versorgen die Tiere und m\u00fcssen sich mit einem Explodierenden Creeper\u2122 herumschlagen, der explodiert, wenn sie einen speziellen Block dr\u00fccken<br \/>\n\u2022 Tolles Geschenk: Diese tolle Nachbildung einer Szene aus dem erfolgreichen Videospiel ist ein fantastisches Geburtstags-, Weihnachts- oder \u00dcberraschungsgeschenk f\u00fcr Minecraft\u00ae Spielerinnen und Spieler ab 7 Jahren<br \/>\n\u2022 Spielzeug zum Mitnehmen: Das kompakte Set ist 3 cm hoch, 9 cm breit und 9 cm tief und bietet unz\u00e4hlige Spielm\u00f6glichkeiten<br \/>\n\u2022 Minecraft\u00ae Vergn\u00fcgen in der echten Welt: LEGO\u00ae Minecraft Sets lassen Minecraft Spieler ihr Lieblingsspiel auf eine ganz neue Art erleben. Ein fantasievoller Mix aus LEGO Steinen und Teilen erweckt die Charaktere, Kulissen und Funktionen zum Leben<br \/>\n\u2022 Garantierte Qualit\u00e4t: LEGO\u00ae Elemente erf\u00fcllen die strengen Qualit\u00e4tsstandards der Branche, damit sie einheitlich und kompatibel sind und sich jedes Mal perfekt zusammenstecken und m\u00fchelos wieder trennen lassen<br \/>\n\u2022 Garantierte Sicherheit: LEGO\u00ae Elemente werden Fall-, Hitze-, Druck- und Torsionstests unterzogen und analysiert, damit sie strengen globalen Sicherheitsstandards gen\u00fcgen<\/p>","protected":false},"excerpt":{"rendered":"<p>F\u00fcr dieses unterhaltsame Minecraft\u00ae Abenteuer sind jede Menge Zubeh\u00f6relemente, Funktionen und Charaktere enthalten \u2013 beispielsweise ein Explodierender Creeper\u2122!<\/p>","protected":false},"featured_media":8523,"comment_status":"open","ping_status":"closed","template":"","meta":[],"product_brand":[],"product_cat":[34,37,302],"product_tag":[312,313,306,310],"class_list":{"0":"post-8747","1":"product","2":"type-product","3":"status-publish","4":"has-post-thumbnail","6":"product_cat-lego","7":"product_cat-konstruktionsspielzeug","8":"product_cat-lego-minecraft","9":"product_tag-creeper","10":"product_tag-hinterhalt","11":"product_tag-minecraft","12":"product_tag-steve","14":"first","15":"instock","16":"taxable","17":"shipping-taxable","18":"purchasable","19":"product-type-simple"},"yoast_head":"<!-- This site is optimized with the Yoast SEO plugin v26.4 - https:\/\/yoast.com\/wordpress\/plugins\/seo\/ -->\n<title>LEGO\u00ae 21177 Minecraft Der Hinterhalt des Creeper\u2122 - FunStorage<\/title>\n<meta name=\"robots\" content=\"index, follow, max-snippet:-1, max-image-preview:large, max-video-preview:-1\" \/>\n<link rel=\"canonical\" href=\"https:\/\/funstorage.thehuettl.com\/en\/wp-json\/wp\/v2\/product\/8747\" \/>\n<meta property=\"og:locale\" content=\"en_US\" \/>\n<meta property=\"og:type\" content=\"article\" \/>\n<meta property=\"og:title\" content=\"LEGO\u00ae 21177 Minecraft Der Hinterhalt des Creeper\u2122 - FunStorage\" \/>\n<meta property=\"og:description\" content=\"F\u00fcr dieses unterhaltsame Minecraft\u00ae Abenteuer sind jede Menge Zubeh\u00f6relemente, Funktionen und Charaktere enthalten \u2013 beispielsweise ein Explodierender Creeper\u2122!\" \/>\n<meta property=\"og:url\" content=\"https:\/\/funstorage.thehuettl.com\/en\/shop\/lego-21177-minecraft-der-hinterhalt-des-creeper\/\" \/>\n<meta property=\"og:site_name\" content=\"FunStorage\" \/>\n<meta property=\"article:publisher\" content=\"https:\/\/www.facebook.com\/funstorage.de\" \/>\n<meta property=\"article:modified_time\" content=\"2023-11-14T00:00:06+00:00\" \/>\n<meta property=\"og:image\" content=\"https:\/\/funstorage.thehuettl.com\/wp-content\/uploads\/2023\/03\/21177_boxprod_v29-scaled-1.jpg\" \/>\n\t<meta property=\"og:image:width\" content=\"2560\" \/>\n\t<meta property=\"og:image:height\" content=\"2560\" \/>\n\t<meta property=\"og:image:type\" content=\"image\/jpeg\" \/>\n<meta name=\"twitter:card\" content=\"summary_large_image\" \/>\n<meta name=\"twitter:label1\" content=\"Est. reading time\" \/>\n\t<meta name=\"twitter:data1\" content=\"3 minutes\" \/>\n<script type=\"application\/ld+json\" class=\"yoast-schema-graph\">{\"@context\":\"https:\/\/schema.org\",\"@graph\":[{\"@type\":\"WebPage\",\"@id\":\"https:\/\/funstorage.thehuettl.com\/shop\/lego-21177-minecraft-der-hinterhalt-des-creeper\/\",\"url\":\"https:\/\/funstorage.thehuettl.com\/shop\/lego-21177-minecraft-der-hinterhalt-des-creeper\/\",\"name\":\"LEGO\u00ae 21177 Minecraft Der Hinterhalt des Creeper\u2122 - FunStorage\",\"isPartOf\":{\"@id\":\"https:\/\/funstorage.thehuettl.com\/#website\"},\"primaryImageOfPage\":{\"@id\":\"https:\/\/funstorage.thehuettl.com\/shop\/lego-21177-minecraft-der-hinterhalt-des-creeper\/#primaryimage\"},\"image\":{\"@id\":\"https:\/\/funstorage.thehuettl.com\/shop\/lego-21177-minecraft-der-hinterhalt-des-creeper\/#primaryimage\"},\"thumbnailUrl\":\"https:\/\/funstorage.thehuettl.com\/wp-content\/uploads\/2023\/03\/21177_boxprod_v29-scaled-1.jpg\",\"datePublished\":\"2023-03-01T01:50:59+00:00\",\"dateModified\":\"2023-11-14T00:00:06+00:00\",\"breadcrumb\":{\"@id\":\"https:\/\/funstorage.thehuettl.com\/shop\/lego-21177-minecraft-der-hinterhalt-des-creeper\/#breadcrumb\"},\"inLanguage\":\"en-US\",\"potentialAction\":[{\"@type\":\"ReadAction\",\"target\":[\"https:\/\/funstorage.thehuettl.com\/shop\/lego-21177-minecraft-der-hinterhalt-des-creeper\/\"]}]},{\"@type\":\"ImageObject\",\"inLanguage\":\"en-US\",\"@id\":\"https:\/\/funstorage.thehuettl.com\/shop\/lego-21177-minecraft-der-hinterhalt-des-creeper\/#primaryimage\",\"url\":\"https:\/\/funstorage.thehuettl.com\/wp-content\/uploads\/2023\/03\/21177_boxprod_v29-scaled-1.jpg\",\"contentUrl\":\"https:\/\/funstorage.thehuettl.com\/wp-content\/uploads\/2023\/03\/21177_boxprod_v29-scaled-1.jpg\",\"width\":2560,\"height\":2560},{\"@type\":\"BreadcrumbList\",\"@id\":\"https:\/\/funstorage.thehuettl.com\/shop\/lego-21177-minecraft-der-hinterhalt-des-creeper\/#breadcrumb\",\"itemListElement\":[{\"@type\":\"ListItem\",\"position\":1,\"name\":\"Startseite\",\"item\":\"https:\/\/funstorage.thehuettl.com\/step\/homepage\/\"},{\"@type\":\"ListItem\",\"position\":2,\"name\":\"Shop\",\"item\":\"https:\/\/funstorage.thehuettl.com\/shop\/\"},{\"@type\":\"ListItem\",\"position\":3,\"name\":\"LEGO\u00ae 21177 Minecraft Der Hinterhalt des Creeper\u2122\"}]},{\"@type\":\"WebSite\",\"@id\":\"https:\/\/funstorage.thehuettl.com\/#website\",\"url\":\"https:\/\/funstorage.thehuettl.com\/\",\"name\":\"FunStorage\",\"description\":\"\",\"publisher\":{\"@id\":\"https:\/\/funstorage.thehuettl.com\/#organization\"},\"potentialAction\":[{\"@type\":\"SearchAction\",\"target\":{\"@type\":\"EntryPoint\",\"urlTemplate\":\"https:\/\/funstorage.thehuettl.com\/?s={search_term_string}\"},\"query-input\":{\"@type\":\"PropertyValueSpecification\",\"valueRequired\":true,\"valueName\":\"search_term_string\"}}],\"inLanguage\":\"en-US\"},{\"@type\":\"Organization\",\"@id\":\"https:\/\/funstorage.thehuettl.com\/#organization\",\"name\":\"FunStorage\",\"url\":\"https:\/\/funstorage.thehuettl.com\/\",\"logo\":{\"@type\":\"ImageObject\",\"inLanguage\":\"en-US\",\"@id\":\"https:\/\/funstorage.thehuettl.com\/#\/schema\/logo\/image\/\",\"url\":\"https:\/\/funstorage.thehuettl.com\/wp-content\/uploads\/2023\/02\/cropped-D2BA2C24-7753-4AC3-9F3B-6C174C5BCB99.png\",\"contentUrl\":\"https:\/\/funstorage.thehuettl.com\/wp-content\/uploads\/2023\/02\/cropped-D2BA2C24-7753-4AC3-9F3B-6C174C5BCB99.png\",\"width\":512,\"height\":512,\"caption\":\"FunStorage\"},\"image\":{\"@id\":\"https:\/\/funstorage.thehuettl.com\/#\/schema\/logo\/image\/\"},\"sameAs\":[\"https:\/\/www.facebook.com\/funstorage.de\"]}]}<\/script>\n<!-- \/ Yoast SEO plugin. -->","yoast_head_json":{"title":"LEGO\u00ae 21177 Minecraft Der Hinterhalt des Creeper\u2122 - FunStorage","robots":{"index":"index","follow":"follow","max-snippet":"max-snippet:-1","max-image-preview":"max-image-preview:large","max-video-preview":"max-video-preview:-1"},"canonical":"https:\/\/funstorage.thehuettl.com\/en\/wp-json\/wp\/v2\/product\/8747","og_locale":"en_US","og_type":"article","og_title":"LEGO\u00ae 21177 Minecraft Der Hinterhalt des Creeper\u2122 - FunStorage","og_description":"F\u00fcr dieses unterhaltsame Minecraft\u00ae Abenteuer sind jede Menge Zubeh\u00f6relemente, Funktionen und Charaktere enthalten \u2013 beispielsweise ein Explodierender Creeper\u2122!","og_url":"https:\/\/funstorage.thehuettl.com\/en\/shop\/lego-21177-minecraft-der-hinterhalt-des-creeper\/","og_site_name":"FunStorage","article_publisher":"https:\/\/www.facebook.com\/funstorage.de","article_modified_time":"2023-11-14T00:00:06+00:00","og_image":[{"width":2560,"height":2560,"url":"https:\/\/funstorage.thehuettl.com\/wp-content\/uploads\/2023\/03\/21177_boxprod_v29-scaled-1.jpg","type":"image\/jpeg"}],"twitter_card":"summary_large_image","twitter_misc":{"Est. reading time":"3 minutes"},"schema":{"@context":"https:\/\/schema.org","@graph":[{"@type":"WebPage","@id":"https:\/\/funstorage.thehuettl.com\/shop\/lego-21177-minecraft-der-hinterhalt-des-creeper\/","url":"https:\/\/funstorage.thehuettl.com\/shop\/lego-21177-minecraft-der-hinterhalt-des-creeper\/","name":"LEGO\u00ae 21177 Minecraft Der Hinterhalt des Creeper\u2122 - FunStorage","isPartOf":{"@id":"https:\/\/funstorage.thehuettl.com\/#website"},"primaryImageOfPage":{"@id":"https:\/\/funstorage.thehuettl.com\/shop\/lego-21177-minecraft-der-hinterhalt-des-creeper\/#primaryimage"},"image":{"@id":"https:\/\/funstorage.thehuettl.com\/shop\/lego-21177-minecraft-der-hinterhalt-des-creeper\/#primaryimage"},"thumbnailUrl":"https:\/\/funstorage.thehuettl.com\/wp-content\/uploads\/2023\/03\/21177_boxprod_v29-scaled-1.jpg","datePublished":"2023-03-01T01:50:59+00:00","dateModified":"2023-11-14T00:00:06+00:00","breadcrumb":{"@id":"https:\/\/funstorage.thehuettl.com\/shop\/lego-21177-minecraft-der-hinterhalt-des-creeper\/#breadcrumb"},"inLanguage":"en-US","potentialAction":[{"@type":"ReadAction","target":["https:\/\/funstorage.thehuettl.com\/shop\/lego-21177-minecraft-der-hinterhalt-des-creeper\/"]}]},{"@type":"ImageObject","inLanguage":"en-US","@id":"https:\/\/funstorage.thehuettl.com\/shop\/lego-21177-minecraft-der-hinterhalt-des-creeper\/#primaryimage","url":"https:\/\/funstorage.thehuettl.com\/wp-content\/uploads\/2023\/03\/21177_boxprod_v29-scaled-1.jpg","contentUrl":"https:\/\/funstorage.thehuettl.com\/wp-content\/uploads\/2023\/03\/21177_boxprod_v29-scaled-1.jpg","width":2560,"height":2560},{"@type":"BreadcrumbList","@id":"https:\/\/funstorage.thehuettl.com\/shop\/lego-21177-minecraft-der-hinterhalt-des-creeper\/#breadcrumb","itemListElement":[{"@type":"ListItem","position":1,"name":"Startseite","item":"https:\/\/funstorage.thehuettl.com\/step\/homepage\/"},{"@type":"ListItem","position":2,"name":"Shop","item":"https:\/\/funstorage.thehuettl.com\/shop\/"},{"@type":"ListItem","position":3,"name":"LEGO\u00ae 21177 Minecraft Der Hinterhalt des Creeper\u2122"}]},{"@type":"WebSite","@id":"https:\/\/funstorage.thehuettl.com\/#website","url":"https:\/\/funstorage.thehuettl.com\/","name":"FunStorage","description":"","publisher":{"@id":"https:\/\/funstorage.thehuettl.com\/#organization"},"potentialAction":[{"@type":"SearchAction","target":{"@type":"EntryPoint","urlTemplate":"https:\/\/funstorage.thehuettl.com\/?s={search_term_string}"},"query-input":{"@type":"PropertyValueSpecification","valueRequired":true,"valueName":"search_term_string"}}],"inLanguage":"en-US"},{"@type":"Organization","@id":"https:\/\/funstorage.thehuettl.com\/#organization","name":"FunStorage","url":"https:\/\/funstorage.thehuettl.com\/","logo":{"@type":"ImageObject","inLanguage":"en-US","@id":"https:\/\/funstorage.thehuettl.com\/#\/schema\/logo\/image\/","url":"https:\/\/funstorage.thehuettl.com\/wp-content\/uploads\/2023\/02\/cropped-D2BA2C24-7753-4AC3-9F3B-6C174C5BCB99.png","contentUrl":"https:\/\/funstorage.thehuettl.com\/wp-content\/uploads\/2023\/02\/cropped-D2BA2C24-7753-4AC3-9F3B-6C174C5BCB99.png","width":512,"height":512,"caption":"FunStorage"},"image":{"@id":"https:\/\/funstorage.thehuettl.com\/#\/schema\/logo\/image\/"},"sameAs":["https:\/\/www.facebook.com\/funstorage.de"]}]}},"_links":{"self":[{"href":"https:\/\/funstorage.thehuettl.com\/en\/wp-json\/wp\/v2\/product\/8747","targetHints":{"allow":["GET"]}}],"collection":[{"href":"https:\/\/funstorage.thehuettl.com\/en\/wp-json\/wp\/v2\/product"}],"about":[{"href":"https:\/\/funstorage.thehuettl.com\/en\/wp-json\/wp\/v2\/types\/product"}],"replies":[{"embeddable":true,"href":"https:\/\/funstorage.thehuettl.com\/en\/wp-json\/wp\/v2\/comments?post=8747"}],"version-history":[{"count":0,"href":"https:\/\/funstorage.thehuettl.com\/en\/wp-json\/wp\/v2\/product\/8747\/revisions"}],"wp:featuredmedia":[{"embeddable":true,"href":"https:\/\/funstorage.thehuettl.com\/en\/wp-json\/wp\/v2\/media\/8523"}],"wp:attachment":[{"href":"https:\/\/funstorage.thehuettl.com\/en\/wp-json\/wp\/v2\/media?parent=8747"}],"wp:term":[{"taxonomy":"product_brand","embeddable":true,"href":"https:\/\/funstorage.thehuettl.com\/en\/wp-json\/wp\/v2\/product_brand?post=8747"},{"taxonomy":"product_cat","embeddable":true,"href":"https:\/\/funstorage.thehuettl.com\/en\/wp-json\/wp\/v2\/product_cat?post=8747"},{"taxonomy":"product_tag","embeddable":true,"href":"https:\/\/funstorage.thehuettl.com\/en\/wp-json\/wp\/v2\/product_tag?post=8747"}],"curies":[{"name":"wp","href":"https:\/\/api.w.org\/{rel}","templated":true}]}}