{"id":8748,"date":"2023-03-01T02:50:59","date_gmt":"2023-03-01T01:50:59","guid":{"rendered":"https:\/\/funstorage.thehuettl.com\/?post_type=product&#038;p=8748"},"modified":"2023-11-14T00:50:34","modified_gmt":"2023-11-13T23:50:34","slug":"lego-21779-minecraft-das-pilzhaus","status":"publish","type":"product","link":"https:\/\/funstorage.thehuettl.com\/en\/shop\/lego-21779-minecraft-das-pilzhaus\/","title":{"rendered":"LEGO\u00ae 21779 Minecraft Das Pilzhaus"},"content":{"rendered":"<p>Baue ein Haus in einem Riesenpilz! Nimm das Dach und die W\u00e4nde ab, um die Werkbank und die M\u00f6bel benutzen zu k\u00f6nnen. Hilf Alex drau\u00dfen, mit einer Sch\u00fcssel Suppe von der Pilzkuh zu holen. Aber h\u00fcte dich vor dem Spinnenreiter! Was wirst du tun? Schnappst du dir die Axt, rettest du dich ins Haus oder schl\u00e4gst du dem Skelett den Helm vom Kopf? Du hast die Wahl.<\/p>\n<p>LEGO\u00ae Minecraft\u00ae Das Pilzhaus ist ein tolles Geschenk f\u00fcr Kinder ab 8 Jahren, um Minecraft Fans das beliebte Videospiel auf eine v\u00f6llig neue Art erleben zu lassen. Minecraft Abenteuer im Pilzhaus Minecraft Fans k\u00f6nnen im riesigen Pilzhaus kreativ werden. Die W\u00e4nde und das Dach lassen sich abnehmen, um Zugang zur Werkbank und zu den M\u00f6beln zu erhalten. Drau\u00dfen benutzt die Minecraft Heldin Alex eine Sch\u00fcssel, um Suppe von der Pilzkuh zu holen. Doch ein Spinnenreiter durchkreuzt dieses Vorhaben. In diesem Minecraft Pilzhaus erwarten Kinder unz\u00e4hlige fantasievolle Spielm\u00f6glichkeiten.<\/p>\n<p>Anzahl Teile: 272<br \/>\nAltersempfehlung: 8+<br \/>\nThema: LEGO\u00ae Minecraft\u2122<br \/>\nEAN: 5702017156583<\/p>\n<p>\u2022 Minecraft\u00ae Abenteuer: Das faszinierende LEGO\u00ae Minecraft Spielset \u201eDas Pilzhaus\u201c (21179) bietet unz\u00e4hlige kreative Spielm\u00f6glichkeiten<br \/>\n\u2022 Authentische Details: Das Set beinhaltet legend\u00e4re Minecraft\u00ae Charaktere wie Alex, eine Pilzkuh und einen Spinnenreiter sowie coole Funktionen und Zubeh\u00f6relemente aus dem meistverkauften Videospiel<br \/>\n\u2022 Die Fantasie der Kinder wird angeregt: Das Dach und die W\u00e4nde des Hauses lassen sich abnehmen, um Zugang zur Einrichtung zu erhalten. Drau\u00dfen kann man eine Pilzkuh melken und den Spinnenreiter verscheuchen<br \/>\n\u2022 Witziges Geschenk: Dieses Set ist ein perfektes Geburtstags-, Weihnachts- oder \u00dcberraschungsgeschenk f\u00fcr Minecraft\u00ae Fans ab 8 Jahren<br \/>\n\u2022 Vielseitiges Spielset: Das Set ist 10 cm hoch, 13 cm breit und 15 cm tief. Der Bereich mit dem Baum und der Truhe l\u00e4sst sich vielseitig umgestalten<br \/>\n\u2022 Minecraft\u00ae Vergn\u00fcgen in der echten Welt: LEGO\u00ae Minecraft Sets lassen Minecraft Spieler ihr Lieblingsspiel auf eine ganz neue Art erleben. Ein fantasievoller Mix aus LEGO Steinen und Teilen erweckt die Charaktere, Kulissen und Funktionen zum Leben<br \/>\n\u2022 Garantierte Qualit\u00e4t: LEGO\u00ae Elemente erf\u00fcllen die strengen Qualit\u00e4tsstandards der Branche, damit sie einheitlich und kompatibel sind und sich jedes Mal perfekt zusammenstecken und m\u00fchelos wieder trennen lassen<br \/>\n\u2022 Garantierte Sicherheit: LEGO\u00ae Elemente werden Fall-, Hitze-, Druck- und Torsionstests unterzogen und analysiert, damit sie strengen globalen Sicherheitsstandards gen\u00fcgen<\/p>","protected":false},"excerpt":{"rendered":"<p>Kinder benutzen ihre Minecraft\u00ae F\u00e4higkeiten, um ein riesiges Pilzhaus zu bauen und dann unz\u00e4hlige Abenteuer mit ihren Minecraft Lieblingscharakteren in und vor dem Geb\u00e4ude darzustellen.<\/p>","protected":false},"featured_media":8529,"comment_status":"open","ping_status":"closed","template":"","meta":[],"product_brand":[],"product_cat":[34,302],"product_tag":[314,306,315,316,317,64],"class_list":{"0":"post-8748","1":"product","2":"type-product","3":"status-publish","4":"has-post-thumbnail","6":"product_cat-lego","7":"product_cat-lego-minecraft","8":"product_tag-alex","9":"product_tag-minecraft","10":"product_tag-pilz","11":"product_tag-pilzkuh","12":"product_tag-skelett","13":"product_tag-spinne","15":"first","16":"instock","17":"taxable","18":"shipping-taxable","19":"purchasable","20":"product-type-simple"},"yoast_head":"<!-- This site is optimized with the Yoast SEO plugin v26.4 - https:\/\/yoast.com\/wordpress\/plugins\/seo\/ -->\n<title>LEGO\u00ae 21779 Minecraft Das Pilzhaus - FunStorage<\/title>\n<meta name=\"robots\" content=\"index, follow, max-snippet:-1, max-image-preview:large, max-video-preview:-1\" \/>\n<link rel=\"canonical\" href=\"https:\/\/funstorage.thehuettl.com\/en\/wp-json\/wp\/v2\/product\/8748\" \/>\n<meta property=\"og:locale\" content=\"en_US\" \/>\n<meta property=\"og:type\" content=\"article\" \/>\n<meta property=\"og:title\" content=\"LEGO\u00ae 21779 Minecraft Das Pilzhaus - FunStorage\" \/>\n<meta property=\"og:description\" content=\"Kinder benutzen ihre Minecraft\u00ae F\u00e4higkeiten, um ein riesiges Pilzhaus zu bauen und dann unz\u00e4hlige Abenteuer mit ihren Minecraft Lieblingscharakteren in und vor dem Geb\u00e4ude darzustellen.\" \/>\n<meta property=\"og:url\" content=\"https:\/\/funstorage.thehuettl.com\/en\/shop\/lego-21779-minecraft-das-pilzhaus\/\" \/>\n<meta property=\"og:site_name\" content=\"FunStorage\" \/>\n<meta property=\"article:publisher\" content=\"https:\/\/www.facebook.com\/funstorage.de\" \/>\n<meta property=\"article:modified_time\" content=\"2023-11-13T23:50:34+00:00\" \/>\n<meta property=\"og:image\" content=\"https:\/\/funstorage.thehuettl.com\/wp-content\/uploads\/2023\/03\/21179_boxprod_v29-scaled-1.jpg\" \/>\n\t<meta property=\"og:image:width\" content=\"2560\" \/>\n\t<meta property=\"og:image:height\" content=\"2560\" \/>\n\t<meta property=\"og:image:type\" content=\"image\/jpeg\" \/>\n<meta name=\"twitter:card\" content=\"summary_large_image\" \/>\n<meta name=\"twitter:label1\" content=\"Est. reading time\" \/>\n\t<meta name=\"twitter:data1\" content=\"3 minutes\" \/>\n<script type=\"application\/ld+json\" class=\"yoast-schema-graph\">{\"@context\":\"https:\/\/schema.org\",\"@graph\":[{\"@type\":\"WebPage\",\"@id\":\"https:\/\/funstorage.thehuettl.com\/shop\/lego-21779-minecraft-das-pilzhaus\/\",\"url\":\"https:\/\/funstorage.thehuettl.com\/shop\/lego-21779-minecraft-das-pilzhaus\/\",\"name\":\"LEGO\u00ae 21779 Minecraft Das Pilzhaus - FunStorage\",\"isPartOf\":{\"@id\":\"https:\/\/funstorage.thehuettl.com\/#website\"},\"primaryImageOfPage\":{\"@id\":\"https:\/\/funstorage.thehuettl.com\/shop\/lego-21779-minecraft-das-pilzhaus\/#primaryimage\"},\"image\":{\"@id\":\"https:\/\/funstorage.thehuettl.com\/shop\/lego-21779-minecraft-das-pilzhaus\/#primaryimage\"},\"thumbnailUrl\":\"https:\/\/funstorage.thehuettl.com\/wp-content\/uploads\/2023\/03\/21179_boxprod_v29-scaled-1.jpg\",\"datePublished\":\"2023-03-01T01:50:59+00:00\",\"dateModified\":\"2023-11-13T23:50:34+00:00\",\"breadcrumb\":{\"@id\":\"https:\/\/funstorage.thehuettl.com\/shop\/lego-21779-minecraft-das-pilzhaus\/#breadcrumb\"},\"inLanguage\":\"en-US\",\"potentialAction\":[{\"@type\":\"ReadAction\",\"target\":[\"https:\/\/funstorage.thehuettl.com\/shop\/lego-21779-minecraft-das-pilzhaus\/\"]}]},{\"@type\":\"ImageObject\",\"inLanguage\":\"en-US\",\"@id\":\"https:\/\/funstorage.thehuettl.com\/shop\/lego-21779-minecraft-das-pilzhaus\/#primaryimage\",\"url\":\"https:\/\/funstorage.thehuettl.com\/wp-content\/uploads\/2023\/03\/21179_boxprod_v29-scaled-1.jpg\",\"contentUrl\":\"https:\/\/funstorage.thehuettl.com\/wp-content\/uploads\/2023\/03\/21179_boxprod_v29-scaled-1.jpg\",\"width\":2560,\"height\":2560},{\"@type\":\"BreadcrumbList\",\"@id\":\"https:\/\/funstorage.thehuettl.com\/shop\/lego-21779-minecraft-das-pilzhaus\/#breadcrumb\",\"itemListElement\":[{\"@type\":\"ListItem\",\"position\":1,\"name\":\"Startseite\",\"item\":\"https:\/\/funstorage.thehuettl.com\/step\/homepage\/\"},{\"@type\":\"ListItem\",\"position\":2,\"name\":\"Shop\",\"item\":\"https:\/\/funstorage.thehuettl.com\/shop\/\"},{\"@type\":\"ListItem\",\"position\":3,\"name\":\"LEGO\u00ae 21779 Minecraft Das Pilzhaus\"}]},{\"@type\":\"WebSite\",\"@id\":\"https:\/\/funstorage.thehuettl.com\/#website\",\"url\":\"https:\/\/funstorage.thehuettl.com\/\",\"name\":\"FunStorage\",\"description\":\"\",\"publisher\":{\"@id\":\"https:\/\/funstorage.thehuettl.com\/#organization\"},\"potentialAction\":[{\"@type\":\"SearchAction\",\"target\":{\"@type\":\"EntryPoint\",\"urlTemplate\":\"https:\/\/funstorage.thehuettl.com\/?s={search_term_string}\"},\"query-input\":{\"@type\":\"PropertyValueSpecification\",\"valueRequired\":true,\"valueName\":\"search_term_string\"}}],\"inLanguage\":\"en-US\"},{\"@type\":\"Organization\",\"@id\":\"https:\/\/funstorage.thehuettl.com\/#organization\",\"name\":\"FunStorage\",\"url\":\"https:\/\/funstorage.thehuettl.com\/\",\"logo\":{\"@type\":\"ImageObject\",\"inLanguage\":\"en-US\",\"@id\":\"https:\/\/funstorage.thehuettl.com\/#\/schema\/logo\/image\/\",\"url\":\"https:\/\/funstorage.thehuettl.com\/wp-content\/uploads\/2023\/02\/cropped-D2BA2C24-7753-4AC3-9F3B-6C174C5BCB99.png\",\"contentUrl\":\"https:\/\/funstorage.thehuettl.com\/wp-content\/uploads\/2023\/02\/cropped-D2BA2C24-7753-4AC3-9F3B-6C174C5BCB99.png\",\"width\":512,\"height\":512,\"caption\":\"FunStorage\"},\"image\":{\"@id\":\"https:\/\/funstorage.thehuettl.com\/#\/schema\/logo\/image\/\"},\"sameAs\":[\"https:\/\/www.facebook.com\/funstorage.de\"]}]}<\/script>\n<!-- \/ Yoast SEO plugin. -->","yoast_head_json":{"title":"LEGO\u00ae 21779 Minecraft Das Pilzhaus - FunStorage","robots":{"index":"index","follow":"follow","max-snippet":"max-snippet:-1","max-image-preview":"max-image-preview:large","max-video-preview":"max-video-preview:-1"},"canonical":"https:\/\/funstorage.thehuettl.com\/en\/wp-json\/wp\/v2\/product\/8748","og_locale":"en_US","og_type":"article","og_title":"LEGO\u00ae 21779 Minecraft Das Pilzhaus - FunStorage","og_description":"Kinder benutzen ihre Minecraft\u00ae F\u00e4higkeiten, um ein riesiges Pilzhaus zu bauen und dann unz\u00e4hlige Abenteuer mit ihren Minecraft Lieblingscharakteren in und vor dem Geb\u00e4ude darzustellen.","og_url":"https:\/\/funstorage.thehuettl.com\/en\/shop\/lego-21779-minecraft-das-pilzhaus\/","og_site_name":"FunStorage","article_publisher":"https:\/\/www.facebook.com\/funstorage.de","article_modified_time":"2023-11-13T23:50:34+00:00","og_image":[{"width":2560,"height":2560,"url":"https:\/\/funstorage.thehuettl.com\/wp-content\/uploads\/2023\/03\/21179_boxprod_v29-scaled-1.jpg","type":"image\/jpeg"}],"twitter_card":"summary_large_image","twitter_misc":{"Est. reading time":"3 minutes"},"schema":{"@context":"https:\/\/schema.org","@graph":[{"@type":"WebPage","@id":"https:\/\/funstorage.thehuettl.com\/shop\/lego-21779-minecraft-das-pilzhaus\/","url":"https:\/\/funstorage.thehuettl.com\/shop\/lego-21779-minecraft-das-pilzhaus\/","name":"LEGO\u00ae 21779 Minecraft Das Pilzhaus - FunStorage","isPartOf":{"@id":"https:\/\/funstorage.thehuettl.com\/#website"},"primaryImageOfPage":{"@id":"https:\/\/funstorage.thehuettl.com\/shop\/lego-21779-minecraft-das-pilzhaus\/#primaryimage"},"image":{"@id":"https:\/\/funstorage.thehuettl.com\/shop\/lego-21779-minecraft-das-pilzhaus\/#primaryimage"},"thumbnailUrl":"https:\/\/funstorage.thehuettl.com\/wp-content\/uploads\/2023\/03\/21179_boxprod_v29-scaled-1.jpg","datePublished":"2023-03-01T01:50:59+00:00","dateModified":"2023-11-13T23:50:34+00:00","breadcrumb":{"@id":"https:\/\/funstorage.thehuettl.com\/shop\/lego-21779-minecraft-das-pilzhaus\/#breadcrumb"},"inLanguage":"en-US","potentialAction":[{"@type":"ReadAction","target":["https:\/\/funstorage.thehuettl.com\/shop\/lego-21779-minecraft-das-pilzhaus\/"]}]},{"@type":"ImageObject","inLanguage":"en-US","@id":"https:\/\/funstorage.thehuettl.com\/shop\/lego-21779-minecraft-das-pilzhaus\/#primaryimage","url":"https:\/\/funstorage.thehuettl.com\/wp-content\/uploads\/2023\/03\/21179_boxprod_v29-scaled-1.jpg","contentUrl":"https:\/\/funstorage.thehuettl.com\/wp-content\/uploads\/2023\/03\/21179_boxprod_v29-scaled-1.jpg","width":2560,"height":2560},{"@type":"BreadcrumbList","@id":"https:\/\/funstorage.thehuettl.com\/shop\/lego-21779-minecraft-das-pilzhaus\/#breadcrumb","itemListElement":[{"@type":"ListItem","position":1,"name":"Startseite","item":"https:\/\/funstorage.thehuettl.com\/step\/homepage\/"},{"@type":"ListItem","position":2,"name":"Shop","item":"https:\/\/funstorage.thehuettl.com\/shop\/"},{"@type":"ListItem","position":3,"name":"LEGO\u00ae 21779 Minecraft Das Pilzhaus"}]},{"@type":"WebSite","@id":"https:\/\/funstorage.thehuettl.com\/#website","url":"https:\/\/funstorage.thehuettl.com\/","name":"FunStorage","description":"","publisher":{"@id":"https:\/\/funstorage.thehuettl.com\/#organization"},"potentialAction":[{"@type":"SearchAction","target":{"@type":"EntryPoint","urlTemplate":"https:\/\/funstorage.thehuettl.com\/?s={search_term_string}"},"query-input":{"@type":"PropertyValueSpecification","valueRequired":true,"valueName":"search_term_string"}}],"inLanguage":"en-US"},{"@type":"Organization","@id":"https:\/\/funstorage.thehuettl.com\/#organization","name":"FunStorage","url":"https:\/\/funstorage.thehuettl.com\/","logo":{"@type":"ImageObject","inLanguage":"en-US","@id":"https:\/\/funstorage.thehuettl.com\/#\/schema\/logo\/image\/","url":"https:\/\/funstorage.thehuettl.com\/wp-content\/uploads\/2023\/02\/cropped-D2BA2C24-7753-4AC3-9F3B-6C174C5BCB99.png","contentUrl":"https:\/\/funstorage.thehuettl.com\/wp-content\/uploads\/2023\/02\/cropped-D2BA2C24-7753-4AC3-9F3B-6C174C5BCB99.png","width":512,"height":512,"caption":"FunStorage"},"image":{"@id":"https:\/\/funstorage.thehuettl.com\/#\/schema\/logo\/image\/"},"sameAs":["https:\/\/www.facebook.com\/funstorage.de"]}]}},"_links":{"self":[{"href":"https:\/\/funstorage.thehuettl.com\/en\/wp-json\/wp\/v2\/product\/8748","targetHints":{"allow":["GET"]}}],"collection":[{"href":"https:\/\/funstorage.thehuettl.com\/en\/wp-json\/wp\/v2\/product"}],"about":[{"href":"https:\/\/funstorage.thehuettl.com\/en\/wp-json\/wp\/v2\/types\/product"}],"replies":[{"embeddable":true,"href":"https:\/\/funstorage.thehuettl.com\/en\/wp-json\/wp\/v2\/comments?post=8748"}],"version-history":[{"count":0,"href":"https:\/\/funstorage.thehuettl.com\/en\/wp-json\/wp\/v2\/product\/8748\/revisions"}],"wp:featuredmedia":[{"embeddable":true,"href":"https:\/\/funstorage.thehuettl.com\/en\/wp-json\/wp\/v2\/media\/8529"}],"wp:attachment":[{"href":"https:\/\/funstorage.thehuettl.com\/en\/wp-json\/wp\/v2\/media?parent=8748"}],"wp:term":[{"taxonomy":"product_brand","embeddable":true,"href":"https:\/\/funstorage.thehuettl.com\/en\/wp-json\/wp\/v2\/product_brand?post=8748"},{"taxonomy":"product_cat","embeddable":true,"href":"https:\/\/funstorage.thehuettl.com\/en\/wp-json\/wp\/v2\/product_cat?post=8748"},{"taxonomy":"product_tag","embeddable":true,"href":"https:\/\/funstorage.thehuettl.com\/en\/wp-json\/wp\/v2\/product_tag?post=8748"}],"curies":[{"name":"wp","href":"https:\/\/api.w.org\/{rel}","templated":true}]}}