{"id":8749,"date":"2023-03-01T02:50:59","date_gmt":"2023-03-01T01:50:59","guid":{"rendered":"https:\/\/funstorage.thehuettl.com\/?post_type=product&#038;p=8749"},"modified":"2023-11-14T00:50:36","modified_gmt":"2023-11-13T23:50:36","slug":"lego-21183-minecraft-das-trainingsgelaende","status":"publish","type":"product","link":"https:\/\/funstorage.thehuettl.com\/en\/shop\/lego-21183-minecraft-das-trainingsgelaende\/","title":{"rendered":"LEGO\u00ae 21183 Minecraft Das Trainingsgel\u00e4nde"},"content":{"rendered":"<p>Baue ein Versteck f\u00fcr die Minecraft\u00ae Ninja! Oben befindet sich das coolste Dojo \u00fcberhaupt. Dr\u00fccke den Block unter dem Baum. Dann \u00f6ffnet sich eine Fallt\u00fcr. Wer auf ihr steht, purzelt in die H\u00f6hle darunter. Ein Amboss, ein Ofen, ein R\u00fcstungsst\u00e4nder machen die H\u00f6hle zu einer perfekten Schmiede. In diesem 2-geschossigen Geb\u00e4ude ist alles vorhanden \u2013 sogar ein Skelett! Schnell, schnapp dir dein Schwert!<\/p>\n<p>LEGO\u00ae Minecraft\u2122 Das Trainingsgel\u00e4nde ist ein detailreiches und vielseitiges Spielset. Das gro\u00dfe Modell l\u00e4sst Minecraft Fans und jedes Kind ab 8 Jahren, das gerne kreative Modelle baut, viele Stunden fantasievoll spielen. Unfassbar vielseitiges Set f\u00fcr maximale Minecraft Kreativit\u00e4t Dieses imposante LEGO Minecraft Set bietet Kindern ein anspruchsvolles Bauprojekt, ein faszinierendes Spielerlebnis und ein spektakul\u00e4res Modell zum Ausstellen. Oben ist ein Dojo, in dem die Minecraft Ninja wohnen und trainieren. Unten befindet sich eine H\u00f6hlenschmiede mit Amboss, Ofen und R\u00fcstungsst\u00e4nder, in der beispielsweise Schwerter repariert werden k\u00f6nnen. Die beiden Geschosse verbindet eine Fallt\u00fcr, die sich \u00f6ffnet, wenn der Block unter dem Baum gedr\u00fcckt wird. Auch spannende Duelle mit dem umherstreifenden Skelett sind m\u00f6glich. F\u00fcr ein ganz neues Spielerlebnis lassen sich die Geschosse auch trennen und anders anordnen.<\/p>\n<p>Anzahl Teile: 534<br \/>\nAltersempfehlung: 8+<br \/>\nThema: LEGO\u00ae Minecraft\u2122<br \/>\nEAN: 5702017156613<\/p>\n<p>\u2022 Bauen, spielen und ausstellen: LEGO\u00ae Minecraft\u00ae Das Trainingsgel\u00e4nde bietet ein anspruchsvolles Bauprojekt, ein faszinierendes Spielerlebnis und ein spektakul\u00e4res Modell zum Ausstellen<br \/>\n\u2022 Legend\u00e4re Charaktere: Das Set beinhaltet klassische Minecraft\u00ae Charaktere \u2013 einen Ninja, einen Einzelg\u00e4nger, ein Skelett und eine Fledermaus<br \/>\n\u2022 Unz\u00e4hlige Spielm\u00f6glichkeiten: Kinder k\u00f6nnen dieses wandlungsf\u00e4hige Spielset vielseitig umbauen und umgestalten, fantasievoll spielen und immer wieder einen neuen Hingucker ausstellen<br \/>\n\u2022 Grandioses Geschenk: Dieses Spielset aus Modulen ist ein perfektes Geburtstags-, Weihnachts- oder \u00dcberraschungsgeschenk f\u00fcr Minecraft\u00ae Fans oder kleine Baumeister ab 8 Jahren<br \/>\n\u2022 Riesenspa\u00df: Dieses imposante Modell ist 24 cm hoch, 24 cm breit und 15 cm tief und l\u00e4sst sich m\u00fchelos umgestalten und mit anderen Sets kombinieren<br \/>\n\u2022 Minecraft\u00ae Spielspa\u00df in echt: LEGO\u00ae Minecraft Sets lassen die Fans ihr Lieblingsvideospiel auf eine ganze neue Art erleben. Ein fantasievoller Mix aus LEGO Steinen und Teilen erweckt die Charaktere, Kulissen und Funktionen zum Leben<br \/>\n\u2022 Garantierte Qualit\u00e4t: LEGO\u00ae Elemente erf\u00fcllen die strengen Qualit\u00e4tsstandards der Branche, damit sie einheitlich und kompatibel sind und sich jedes Mal perfekt zusammenstecken und m\u00fchelos wieder trennen lassen<br \/>\n\u2022 Garantierte Sicherheit: LEGO\u00ae Elemente werden Fall-, Hitze-, Druck- und Torsionstests unterzogen und analysiert, damit sie strengen globalen Sicherheitsstandards gen\u00fcgen<\/p>","protected":false},"excerpt":{"rendered":"<p>Megastarkes Minecraft\u00ae Dojo mit H\u00f6hlenschmiede voller authentischer Details und cooler Funktionen aus dem supererfolgreichen Minecraft Videospiel.<\/p>","protected":false},"featured_media":8535,"comment_status":"open","ping_status":"closed","template":"","meta":[],"product_brand":[],"product_cat":[34,37,302],"product_tag":[318,319,306,317,155],"class_list":{"0":"post-8749","1":"product","2":"type-product","3":"status-publish","4":"has-post-thumbnail","6":"product_cat-lego","7":"product_cat-konstruktionsspielzeug","8":"product_cat-lego-minecraft","9":"product_tag-dojo","10":"product_tag-hoehle","11":"product_tag-minecraft","12":"product_tag-skelett","13":"product_tag-training","15":"first","16":"instock","17":"taxable","18":"shipping-taxable","19":"purchasable","20":"product-type-simple"},"yoast_head":"<!-- This site is optimized with the Yoast SEO plugin v26.4 - https:\/\/yoast.com\/wordpress\/plugins\/seo\/ -->\n<title>LEGO\u00ae 21183 Minecraft Das Trainingsgel\u00e4nde - FunStorage<\/title>\n<meta name=\"robots\" content=\"index, follow, max-snippet:-1, max-image-preview:large, max-video-preview:-1\" \/>\n<link rel=\"canonical\" href=\"https:\/\/funstorage.thehuettl.com\/en\/wp-json\/wp\/v2\/product\/8749\" \/>\n<meta property=\"og:locale\" content=\"en_US\" \/>\n<meta property=\"og:type\" content=\"article\" \/>\n<meta property=\"og:title\" content=\"LEGO\u00ae 21183 Minecraft Das Trainingsgel\u00e4nde - FunStorage\" \/>\n<meta property=\"og:description\" content=\"Megastarkes Minecraft\u00ae Dojo mit H\u00f6hlenschmiede voller authentischer Details und cooler Funktionen aus dem supererfolgreichen Minecraft Videospiel.\" \/>\n<meta property=\"og:url\" content=\"https:\/\/funstorage.thehuettl.com\/en\/shop\/lego-21183-minecraft-das-trainingsgelaende\/\" \/>\n<meta property=\"og:site_name\" content=\"FunStorage\" \/>\n<meta property=\"article:publisher\" content=\"https:\/\/www.facebook.com\/funstorage.de\" \/>\n<meta property=\"article:modified_time\" content=\"2023-11-13T23:50:36+00:00\" \/>\n<meta property=\"og:image\" content=\"https:\/\/funstorage.thehuettl.com\/wp-content\/uploads\/2023\/03\/21183_boxprod_v29-scaled-1.jpg\" \/>\n\t<meta property=\"og:image:width\" content=\"2560\" \/>\n\t<meta property=\"og:image:height\" content=\"2560\" \/>\n\t<meta property=\"og:image:type\" content=\"image\/jpeg\" \/>\n<meta name=\"twitter:card\" content=\"summary_large_image\" \/>\n<meta name=\"twitter:label1\" content=\"Est. reading time\" \/>\n\t<meta name=\"twitter:data1\" content=\"3 minutes\" \/>\n<script type=\"application\/ld+json\" class=\"yoast-schema-graph\">{\"@context\":\"https:\/\/schema.org\",\"@graph\":[{\"@type\":\"WebPage\",\"@id\":\"https:\/\/funstorage.thehuettl.com\/shop\/lego-21183-minecraft-das-trainingsgelaende\/\",\"url\":\"https:\/\/funstorage.thehuettl.com\/shop\/lego-21183-minecraft-das-trainingsgelaende\/\",\"name\":\"LEGO\u00ae 21183 Minecraft Das Trainingsgel\u00e4nde - FunStorage\",\"isPartOf\":{\"@id\":\"https:\/\/funstorage.thehuettl.com\/#website\"},\"primaryImageOfPage\":{\"@id\":\"https:\/\/funstorage.thehuettl.com\/shop\/lego-21183-minecraft-das-trainingsgelaende\/#primaryimage\"},\"image\":{\"@id\":\"https:\/\/funstorage.thehuettl.com\/shop\/lego-21183-minecraft-das-trainingsgelaende\/#primaryimage\"},\"thumbnailUrl\":\"https:\/\/funstorage.thehuettl.com\/wp-content\/uploads\/2023\/03\/21183_boxprod_v29-scaled-1.jpg\",\"datePublished\":\"2023-03-01T01:50:59+00:00\",\"dateModified\":\"2023-11-13T23:50:36+00:00\",\"breadcrumb\":{\"@id\":\"https:\/\/funstorage.thehuettl.com\/shop\/lego-21183-minecraft-das-trainingsgelaende\/#breadcrumb\"},\"inLanguage\":\"en-US\",\"potentialAction\":[{\"@type\":\"ReadAction\",\"target\":[\"https:\/\/funstorage.thehuettl.com\/shop\/lego-21183-minecraft-das-trainingsgelaende\/\"]}]},{\"@type\":\"ImageObject\",\"inLanguage\":\"en-US\",\"@id\":\"https:\/\/funstorage.thehuettl.com\/shop\/lego-21183-minecraft-das-trainingsgelaende\/#primaryimage\",\"url\":\"https:\/\/funstorage.thehuettl.com\/wp-content\/uploads\/2023\/03\/21183_boxprod_v29-scaled-1.jpg\",\"contentUrl\":\"https:\/\/funstorage.thehuettl.com\/wp-content\/uploads\/2023\/03\/21183_boxprod_v29-scaled-1.jpg\",\"width\":2560,\"height\":2560},{\"@type\":\"BreadcrumbList\",\"@id\":\"https:\/\/funstorage.thehuettl.com\/shop\/lego-21183-minecraft-das-trainingsgelaende\/#breadcrumb\",\"itemListElement\":[{\"@type\":\"ListItem\",\"position\":1,\"name\":\"Startseite\",\"item\":\"https:\/\/funstorage.thehuettl.com\/step\/homepage\/\"},{\"@type\":\"ListItem\",\"position\":2,\"name\":\"Shop\",\"item\":\"https:\/\/funstorage.thehuettl.com\/shop\/\"},{\"@type\":\"ListItem\",\"position\":3,\"name\":\"LEGO\u00ae 21183 Minecraft Das Trainingsgel\u00e4nde\"}]},{\"@type\":\"WebSite\",\"@id\":\"https:\/\/funstorage.thehuettl.com\/#website\",\"url\":\"https:\/\/funstorage.thehuettl.com\/\",\"name\":\"FunStorage\",\"description\":\"\",\"publisher\":{\"@id\":\"https:\/\/funstorage.thehuettl.com\/#organization\"},\"potentialAction\":[{\"@type\":\"SearchAction\",\"target\":{\"@type\":\"EntryPoint\",\"urlTemplate\":\"https:\/\/funstorage.thehuettl.com\/?s={search_term_string}\"},\"query-input\":{\"@type\":\"PropertyValueSpecification\",\"valueRequired\":true,\"valueName\":\"search_term_string\"}}],\"inLanguage\":\"en-US\"},{\"@type\":\"Organization\",\"@id\":\"https:\/\/funstorage.thehuettl.com\/#organization\",\"name\":\"FunStorage\",\"url\":\"https:\/\/funstorage.thehuettl.com\/\",\"logo\":{\"@type\":\"ImageObject\",\"inLanguage\":\"en-US\",\"@id\":\"https:\/\/funstorage.thehuettl.com\/#\/schema\/logo\/image\/\",\"url\":\"https:\/\/funstorage.thehuettl.com\/wp-content\/uploads\/2023\/02\/cropped-D2BA2C24-7753-4AC3-9F3B-6C174C5BCB99.png\",\"contentUrl\":\"https:\/\/funstorage.thehuettl.com\/wp-content\/uploads\/2023\/02\/cropped-D2BA2C24-7753-4AC3-9F3B-6C174C5BCB99.png\",\"width\":512,\"height\":512,\"caption\":\"FunStorage\"},\"image\":{\"@id\":\"https:\/\/funstorage.thehuettl.com\/#\/schema\/logo\/image\/\"},\"sameAs\":[\"https:\/\/www.facebook.com\/funstorage.de\"]}]}<\/script>\n<!-- \/ Yoast SEO plugin. -->","yoast_head_json":{"title":"LEGO\u00ae 21183 Minecraft Das Trainingsgel\u00e4nde - FunStorage","robots":{"index":"index","follow":"follow","max-snippet":"max-snippet:-1","max-image-preview":"max-image-preview:large","max-video-preview":"max-video-preview:-1"},"canonical":"https:\/\/funstorage.thehuettl.com\/en\/wp-json\/wp\/v2\/product\/8749","og_locale":"en_US","og_type":"article","og_title":"LEGO\u00ae 21183 Minecraft Das Trainingsgel\u00e4nde - FunStorage","og_description":"Megastarkes Minecraft\u00ae Dojo mit H\u00f6hlenschmiede voller authentischer Details und cooler Funktionen aus dem supererfolgreichen Minecraft Videospiel.","og_url":"https:\/\/funstorage.thehuettl.com\/en\/shop\/lego-21183-minecraft-das-trainingsgelaende\/","og_site_name":"FunStorage","article_publisher":"https:\/\/www.facebook.com\/funstorage.de","article_modified_time":"2023-11-13T23:50:36+00:00","og_image":[{"width":2560,"height":2560,"url":"https:\/\/funstorage.thehuettl.com\/wp-content\/uploads\/2023\/03\/21183_boxprod_v29-scaled-1.jpg","type":"image\/jpeg"}],"twitter_card":"summary_large_image","twitter_misc":{"Est. reading time":"3 minutes"},"schema":{"@context":"https:\/\/schema.org","@graph":[{"@type":"WebPage","@id":"https:\/\/funstorage.thehuettl.com\/shop\/lego-21183-minecraft-das-trainingsgelaende\/","url":"https:\/\/funstorage.thehuettl.com\/shop\/lego-21183-minecraft-das-trainingsgelaende\/","name":"LEGO\u00ae 21183 Minecraft Das Trainingsgel\u00e4nde - FunStorage","isPartOf":{"@id":"https:\/\/funstorage.thehuettl.com\/#website"},"primaryImageOfPage":{"@id":"https:\/\/funstorage.thehuettl.com\/shop\/lego-21183-minecraft-das-trainingsgelaende\/#primaryimage"},"image":{"@id":"https:\/\/funstorage.thehuettl.com\/shop\/lego-21183-minecraft-das-trainingsgelaende\/#primaryimage"},"thumbnailUrl":"https:\/\/funstorage.thehuettl.com\/wp-content\/uploads\/2023\/03\/21183_boxprod_v29-scaled-1.jpg","datePublished":"2023-03-01T01:50:59+00:00","dateModified":"2023-11-13T23:50:36+00:00","breadcrumb":{"@id":"https:\/\/funstorage.thehuettl.com\/shop\/lego-21183-minecraft-das-trainingsgelaende\/#breadcrumb"},"inLanguage":"en-US","potentialAction":[{"@type":"ReadAction","target":["https:\/\/funstorage.thehuettl.com\/shop\/lego-21183-minecraft-das-trainingsgelaende\/"]}]},{"@type":"ImageObject","inLanguage":"en-US","@id":"https:\/\/funstorage.thehuettl.com\/shop\/lego-21183-minecraft-das-trainingsgelaende\/#primaryimage","url":"https:\/\/funstorage.thehuettl.com\/wp-content\/uploads\/2023\/03\/21183_boxprod_v29-scaled-1.jpg","contentUrl":"https:\/\/funstorage.thehuettl.com\/wp-content\/uploads\/2023\/03\/21183_boxprod_v29-scaled-1.jpg","width":2560,"height":2560},{"@type":"BreadcrumbList","@id":"https:\/\/funstorage.thehuettl.com\/shop\/lego-21183-minecraft-das-trainingsgelaende\/#breadcrumb","itemListElement":[{"@type":"ListItem","position":1,"name":"Startseite","item":"https:\/\/funstorage.thehuettl.com\/step\/homepage\/"},{"@type":"ListItem","position":2,"name":"Shop","item":"https:\/\/funstorage.thehuettl.com\/shop\/"},{"@type":"ListItem","position":3,"name":"LEGO\u00ae 21183 Minecraft Das Trainingsgel\u00e4nde"}]},{"@type":"WebSite","@id":"https:\/\/funstorage.thehuettl.com\/#website","url":"https:\/\/funstorage.thehuettl.com\/","name":"FunStorage","description":"","publisher":{"@id":"https:\/\/funstorage.thehuettl.com\/#organization"},"potentialAction":[{"@type":"SearchAction","target":{"@type":"EntryPoint","urlTemplate":"https:\/\/funstorage.thehuettl.com\/?s={search_term_string}"},"query-input":{"@type":"PropertyValueSpecification","valueRequired":true,"valueName":"search_term_string"}}],"inLanguage":"en-US"},{"@type":"Organization","@id":"https:\/\/funstorage.thehuettl.com\/#organization","name":"FunStorage","url":"https:\/\/funstorage.thehuettl.com\/","logo":{"@type":"ImageObject","inLanguage":"en-US","@id":"https:\/\/funstorage.thehuettl.com\/#\/schema\/logo\/image\/","url":"https:\/\/funstorage.thehuettl.com\/wp-content\/uploads\/2023\/02\/cropped-D2BA2C24-7753-4AC3-9F3B-6C174C5BCB99.png","contentUrl":"https:\/\/funstorage.thehuettl.com\/wp-content\/uploads\/2023\/02\/cropped-D2BA2C24-7753-4AC3-9F3B-6C174C5BCB99.png","width":512,"height":512,"caption":"FunStorage"},"image":{"@id":"https:\/\/funstorage.thehuettl.com\/#\/schema\/logo\/image\/"},"sameAs":["https:\/\/www.facebook.com\/funstorage.de"]}]}},"_links":{"self":[{"href":"https:\/\/funstorage.thehuettl.com\/en\/wp-json\/wp\/v2\/product\/8749","targetHints":{"allow":["GET"]}}],"collection":[{"href":"https:\/\/funstorage.thehuettl.com\/en\/wp-json\/wp\/v2\/product"}],"about":[{"href":"https:\/\/funstorage.thehuettl.com\/en\/wp-json\/wp\/v2\/types\/product"}],"replies":[{"embeddable":true,"href":"https:\/\/funstorage.thehuettl.com\/en\/wp-json\/wp\/v2\/comments?post=8749"}],"version-history":[{"count":0,"href":"https:\/\/funstorage.thehuettl.com\/en\/wp-json\/wp\/v2\/product\/8749\/revisions"}],"wp:featuredmedia":[{"embeddable":true,"href":"https:\/\/funstorage.thehuettl.com\/en\/wp-json\/wp\/v2\/media\/8535"}],"wp:attachment":[{"href":"https:\/\/funstorage.thehuettl.com\/en\/wp-json\/wp\/v2\/media?parent=8749"}],"wp:term":[{"taxonomy":"product_brand","embeddable":true,"href":"https:\/\/funstorage.thehuettl.com\/en\/wp-json\/wp\/v2\/product_brand?post=8749"},{"taxonomy":"product_cat","embeddable":true,"href":"https:\/\/funstorage.thehuettl.com\/en\/wp-json\/wp\/v2\/product_cat?post=8749"},{"taxonomy":"product_tag","embeddable":true,"href":"https:\/\/funstorage.thehuettl.com\/en\/wp-json\/wp\/v2\/product_tag?post=8749"}],"curies":[{"name":"wp","href":"https:\/\/api.w.org\/{rel}","templated":true}]}}