{"id":8751,"date":"2023-03-01T02:50:59","date_gmt":"2023-03-01T01:50:59","guid":{"rendered":"https:\/\/funstorage.thehuettl.com\/?post_type=product&#038;p=8751"},"modified":"2023-11-14T01:02:28","modified_gmt":"2023-11-14T00:02:28","slug":"lego-41723-friends-donut-laden","status":"publish","type":"product","link":"https:\/\/funstorage.thehuettl.com\/en\/shop\/lego-41723-friends-donut-laden\/","title":{"rendered":"LEGO\u00ae 41723 Friends Donut-Laden"},"content":{"rendered":"<p>Hilf Liann bei ihrem Ferienjob im Donut-Laden. Beim Zubereiten der farbenfrohen Donuts kann sie ihre kreative Seite voll ausleben. Sieh mal! Da kommt Leo auf seinem Roller angefahren. Er ist schon sehr gespannt auf all die neuen Geschmacksrichtungen. Dekoriere das Schaufenster. Reiche die Leckereien durchs Fenster und kassiere das Geld. Bereite S\u00e4fte oder Fruchtsnacks zu und serviere sie am Tisch. Schlie\u00df abends den Laden zu und g\u00f6nn dir einen Donut \u2013 falls noch einer \u00fcbrig ist!<\/p>\n<p>Junge Backfans ab 4 Jahren werden mit dem LEGO\u00ae Friends Donut-Laden (41723) gern eigene Geschichten darstellen. Dieses fantasievolle Bau- und Spielset bringt Kindern das Bauen bei. Die kunstbegeisterte Liann und der Kuchenfan Leo laden zu kreativen Rollenspielen ein. Mit ihrem Optimismus und ihrer Begeisterung ist Liann eine tolle Freundin f\u00fcr Leo, der gerade erst nach Heartlake City gezogen ist. Das Zubeh\u00f6r besteht aus einer Sch\u00fcssel, Beeren, einer Tasse, 3 Donuts, Saft, Geld, 2 St\u00fchlen und einem Tisch, um Kinder k\u00f6stliche Snacks und S\u00e4fte zubereiten und dabei ganz spielerisch lernen zu lassen. Inspiration f\u00fcr neue Baumeisterinnen und Baumeister LEGO 4+ Sets bieten Kindern ein ebenso rasches wie spannendes Bauerlebnis. Dabei erweist sich auch das enthaltene Starter-Bauelement als sehr hilfreich. Auf diesem robusten Fundament k\u00f6nnen Kinder ihren Donut-Laden errichten. Lass dich und dein Kind von der LEGO Builder App auf ein intuitives Bauabenteuer mitnehmen. In der App k\u00f6nnt ihr 3D-Ansichten der Modelle vergr\u00f6\u00dfern und drehen, Sets speichern und euren Baufortschritt verfolgen. Freu dich auf die n\u00e4chste Generation in Heartlake City Im LEGO Friends Universum kann dein Kind Freundschaften schlie\u00dfen, faszinierende neue Orte entdecken und Alltagsabenteuer darstellen.<\/p>\n<p>Anzahl Teile: 63<br \/>\nAltersempfehlung: 4+<br \/>\nThema: LEGO\u00ae Friends<br \/>\nEAN: 5702017398853<\/p>\n<p>\u2022 Der Donut-Laden \u2013 ein Spielset f\u00fcr Kinder ab 4 Jahren: Der LEGO\u00ae Friends Donut-Laden (41723) ist ein tolles 4+ Spielset, um Jungen und M\u00e4dchen, die kreative Geschichten m\u00f6gen, die Welt der LEGO Modelle und Rollenspiele vorzustellen<br \/>\n\u2022 Beinhaltet 2 Spielfiguren: Das Spielset beinhaltet die LEGO\u00ae Friends Charaktere Liann und Leo, ein Verkaufsfenster sowie Zubeh\u00f6r, unter anderem einen Roller, einen Vogel, Donuts, Saft, Geld, einen Tisch und St\u00fchle<br \/>\n\u2022 Fantasievolle Rollenspiele: Dieses kreative LEGO\u00ae Set l\u00e4sst kleine Baumeisterinnen und Baumeister ganz spielerisch lernen, wenn sie die 3 Donuts f\u00fcr die Kunden ins Verkaufsfenster legen<br \/>\n\u2022 Geschenk f\u00fcr jeden Anlass: Dieses LEGO\u00ae Friends Spielset ist ein tolles Geburtstags-, Weihnachts- oder \u00dcberraschungsgeschenk f\u00fcr Kinder ab 4 Jahren, die gerne fantasievoll spielen<br \/>\n\u2022 Genau richtig f\u00fcr kleine H\u00e4nde: Der LEGO\u00ae Friends Donut-Laden ist 8 cm hoch, 8 cm breit und 8 cm tief<br \/>\n\u2022 Mit Starter-Bauelement: Dieses Set beinhaltet ein praktisches Starter-Bauelement sowie weitere Teile, die Kinder rasch und selbstbewusst bauen lassen<br \/>\n\u2022 Intuitive Anleitung: Die LEGO\u00ae Builder App nimmt dich und dein Kind auf ein intuitives Bauabenteuer mit. Coole Funktionen lassen euch 3D-Ansichten der Modelle vergr\u00f6\u00dfern und drehen, Sets speichern und euren Baufortschritt verfolgen<br \/>\n\u2022 Eine neue Generation von Freunden in Heartlake City: Im Jahr 2023 wird das LEGO\u00ae Friends Universum noch gr\u00f6\u00dfer. Neue Charaktere und neue Orte laden zu vielen weiteren Abenteuern und Rollenspielen ein<br \/>\n\u2022 Qualit\u00e4tsprodukt: Alle LEGO\u00ae Elemente entsprechen schon seit 1958 strengen Branchenstandards, damit sie einheitlich und kompatibel sind und sich m\u00fchelos zusammensetzen lassen<br \/>\n\u2022 Sicherheit hat Vorrang: LEGO\u00ae Friends Steine und Teile werden Fall-, Hitze-, Druck- und Torsionstests unterzogen und analysiert, damit sie strikte globale Sicherheitsstandards erf\u00fcllen<\/p>","protected":false},"excerpt":{"rendered":"<p>Dieses LEGO\u00ae Friends Bau- und Spielset zum Bauenlernen l\u00e4dt dein Kind zu ebenso fantasievollen wie kreativen Rollenspielen am Strand ein.<\/p>","protected":false},"featured_media":8550,"comment_status":"open","ping_status":"closed","template":"","meta":[],"product_brand":[],"product_cat":[34,37,329],"product_tag":[322,323,324,87,159,325,326,161,327,328],"class_list":{"0":"post-8751","1":"product","2":"type-product","3":"status-publish","4":"has-post-thumbnail","6":"product_cat-lego","7":"product_cat-konstruktionsspielzeug","8":"product_cat-lego-friends","9":"product_tag-essen","10":"product_tag-freunde","11":"product_tag-freundschaft","12":"product_tag-friends","13":"product_tag-junge","14":"product_tag-klima","15":"product_tag-lernen","16":"product_tag-maedchen","17":"product_tag-tiere","18":"product_tag-umwelt","20":"first","21":"instock","22":"taxable","23":"shipping-taxable","24":"purchasable","25":"product-type-simple"},"yoast_head":"<!-- This site is optimized with the Yoast SEO plugin v26.4 - https:\/\/yoast.com\/wordpress\/plugins\/seo\/ -->\n<title>LEGO\u00ae 41723 Friends Donut-Laden - FunStorage<\/title>\n<meta name=\"robots\" content=\"index, follow, max-snippet:-1, max-image-preview:large, max-video-preview:-1\" \/>\n<link rel=\"canonical\" href=\"https:\/\/funstorage.thehuettl.com\/en\/wp-json\/wp\/v2\/product\/8751\" \/>\n<meta property=\"og:locale\" content=\"en_US\" \/>\n<meta property=\"og:type\" content=\"article\" \/>\n<meta property=\"og:title\" content=\"LEGO\u00ae 41723 Friends Donut-Laden - FunStorage\" \/>\n<meta property=\"og:description\" content=\"Dieses LEGO\u00ae Friends Bau- und Spielset zum Bauenlernen l\u00e4dt dein Kind zu ebenso fantasievollen wie kreativen Rollenspielen am Strand ein.\" \/>\n<meta property=\"og:url\" content=\"https:\/\/funstorage.thehuettl.com\/en\/shop\/lego-41723-friends-donut-laden\/\" \/>\n<meta property=\"og:site_name\" content=\"FunStorage\" \/>\n<meta property=\"article:publisher\" content=\"https:\/\/www.facebook.com\/funstorage.de\" \/>\n<meta property=\"article:modified_time\" content=\"2023-11-14T00:02:28+00:00\" \/>\n<meta property=\"og:image\" content=\"https:\/\/funstorage.thehuettl.com\/wp-content\/uploads\/2023\/03\/41723_boxprod_v29-scaled-1.jpg\" \/>\n\t<meta property=\"og:image:width\" content=\"2560\" \/>\n\t<meta property=\"og:image:height\" content=\"2560\" \/>\n\t<meta property=\"og:image:type\" content=\"image\/jpeg\" \/>\n<meta name=\"twitter:card\" content=\"summary_large_image\" \/>\n<meta name=\"twitter:label1\" content=\"Est. reading time\" \/>\n\t<meta name=\"twitter:data1\" content=\"4 minutes\" \/>\n<script type=\"application\/ld+json\" class=\"yoast-schema-graph\">{\"@context\":\"https:\/\/schema.org\",\"@graph\":[{\"@type\":\"WebPage\",\"@id\":\"https:\/\/funstorage.thehuettl.com\/shop\/lego-41723-friends-donut-laden\/\",\"url\":\"https:\/\/funstorage.thehuettl.com\/shop\/lego-41723-friends-donut-laden\/\",\"name\":\"LEGO\u00ae 41723 Friends Donut-Laden - FunStorage\",\"isPartOf\":{\"@id\":\"https:\/\/funstorage.thehuettl.com\/#website\"},\"primaryImageOfPage\":{\"@id\":\"https:\/\/funstorage.thehuettl.com\/shop\/lego-41723-friends-donut-laden\/#primaryimage\"},\"image\":{\"@id\":\"https:\/\/funstorage.thehuettl.com\/shop\/lego-41723-friends-donut-laden\/#primaryimage\"},\"thumbnailUrl\":\"https:\/\/funstorage.thehuettl.com\/wp-content\/uploads\/2023\/03\/41723_boxprod_v29-scaled-1.jpg\",\"datePublished\":\"2023-03-01T01:50:59+00:00\",\"dateModified\":\"2023-11-14T00:02:28+00:00\",\"breadcrumb\":{\"@id\":\"https:\/\/funstorage.thehuettl.com\/shop\/lego-41723-friends-donut-laden\/#breadcrumb\"},\"inLanguage\":\"en-US\",\"potentialAction\":[{\"@type\":\"ReadAction\",\"target\":[\"https:\/\/funstorage.thehuettl.com\/shop\/lego-41723-friends-donut-laden\/\"]}]},{\"@type\":\"ImageObject\",\"inLanguage\":\"en-US\",\"@id\":\"https:\/\/funstorage.thehuettl.com\/shop\/lego-41723-friends-donut-laden\/#primaryimage\",\"url\":\"https:\/\/funstorage.thehuettl.com\/wp-content\/uploads\/2023\/03\/41723_boxprod_v29-scaled-1.jpg\",\"contentUrl\":\"https:\/\/funstorage.thehuettl.com\/wp-content\/uploads\/2023\/03\/41723_boxprod_v29-scaled-1.jpg\",\"width\":2560,\"height\":2560},{\"@type\":\"BreadcrumbList\",\"@id\":\"https:\/\/funstorage.thehuettl.com\/shop\/lego-41723-friends-donut-laden\/#breadcrumb\",\"itemListElement\":[{\"@type\":\"ListItem\",\"position\":1,\"name\":\"Startseite\",\"item\":\"https:\/\/funstorage.thehuettl.com\/step\/homepage\/\"},{\"@type\":\"ListItem\",\"position\":2,\"name\":\"Shop\",\"item\":\"https:\/\/funstorage.thehuettl.com\/shop\/\"},{\"@type\":\"ListItem\",\"position\":3,\"name\":\"LEGO\u00ae 41723 Friends Donut-Laden\"}]},{\"@type\":\"WebSite\",\"@id\":\"https:\/\/funstorage.thehuettl.com\/#website\",\"url\":\"https:\/\/funstorage.thehuettl.com\/\",\"name\":\"FunStorage\",\"description\":\"\",\"publisher\":{\"@id\":\"https:\/\/funstorage.thehuettl.com\/#organization\"},\"potentialAction\":[{\"@type\":\"SearchAction\",\"target\":{\"@type\":\"EntryPoint\",\"urlTemplate\":\"https:\/\/funstorage.thehuettl.com\/?s={search_term_string}\"},\"query-input\":{\"@type\":\"PropertyValueSpecification\",\"valueRequired\":true,\"valueName\":\"search_term_string\"}}],\"inLanguage\":\"en-US\"},{\"@type\":\"Organization\",\"@id\":\"https:\/\/funstorage.thehuettl.com\/#organization\",\"name\":\"FunStorage\",\"url\":\"https:\/\/funstorage.thehuettl.com\/\",\"logo\":{\"@type\":\"ImageObject\",\"inLanguage\":\"en-US\",\"@id\":\"https:\/\/funstorage.thehuettl.com\/#\/schema\/logo\/image\/\",\"url\":\"https:\/\/funstorage.thehuettl.com\/wp-content\/uploads\/2023\/02\/cropped-D2BA2C24-7753-4AC3-9F3B-6C174C5BCB99.png\",\"contentUrl\":\"https:\/\/funstorage.thehuettl.com\/wp-content\/uploads\/2023\/02\/cropped-D2BA2C24-7753-4AC3-9F3B-6C174C5BCB99.png\",\"width\":512,\"height\":512,\"caption\":\"FunStorage\"},\"image\":{\"@id\":\"https:\/\/funstorage.thehuettl.com\/#\/schema\/logo\/image\/\"},\"sameAs\":[\"https:\/\/www.facebook.com\/funstorage.de\"]}]}<\/script>\n<!-- \/ Yoast SEO plugin. -->","yoast_head_json":{"title":"LEGO\u00ae 41723 Friends Donut-Laden - FunStorage","robots":{"index":"index","follow":"follow","max-snippet":"max-snippet:-1","max-image-preview":"max-image-preview:large","max-video-preview":"max-video-preview:-1"},"canonical":"https:\/\/funstorage.thehuettl.com\/en\/wp-json\/wp\/v2\/product\/8751","og_locale":"en_US","og_type":"article","og_title":"LEGO\u00ae 41723 Friends Donut-Laden - FunStorage","og_description":"Dieses LEGO\u00ae Friends Bau- und Spielset zum Bauenlernen l\u00e4dt dein Kind zu ebenso fantasievollen wie kreativen Rollenspielen am Strand ein.","og_url":"https:\/\/funstorage.thehuettl.com\/en\/shop\/lego-41723-friends-donut-laden\/","og_site_name":"FunStorage","article_publisher":"https:\/\/www.facebook.com\/funstorage.de","article_modified_time":"2023-11-14T00:02:28+00:00","og_image":[{"width":2560,"height":2560,"url":"https:\/\/funstorage.thehuettl.com\/wp-content\/uploads\/2023\/03\/41723_boxprod_v29-scaled-1.jpg","type":"image\/jpeg"}],"twitter_card":"summary_large_image","twitter_misc":{"Est. reading time":"4 minutes"},"schema":{"@context":"https:\/\/schema.org","@graph":[{"@type":"WebPage","@id":"https:\/\/funstorage.thehuettl.com\/shop\/lego-41723-friends-donut-laden\/","url":"https:\/\/funstorage.thehuettl.com\/shop\/lego-41723-friends-donut-laden\/","name":"LEGO\u00ae 41723 Friends Donut-Laden - FunStorage","isPartOf":{"@id":"https:\/\/funstorage.thehuettl.com\/#website"},"primaryImageOfPage":{"@id":"https:\/\/funstorage.thehuettl.com\/shop\/lego-41723-friends-donut-laden\/#primaryimage"},"image":{"@id":"https:\/\/funstorage.thehuettl.com\/shop\/lego-41723-friends-donut-laden\/#primaryimage"},"thumbnailUrl":"https:\/\/funstorage.thehuettl.com\/wp-content\/uploads\/2023\/03\/41723_boxprod_v29-scaled-1.jpg","datePublished":"2023-03-01T01:50:59+00:00","dateModified":"2023-11-14T00:02:28+00:00","breadcrumb":{"@id":"https:\/\/funstorage.thehuettl.com\/shop\/lego-41723-friends-donut-laden\/#breadcrumb"},"inLanguage":"en-US","potentialAction":[{"@type":"ReadAction","target":["https:\/\/funstorage.thehuettl.com\/shop\/lego-41723-friends-donut-laden\/"]}]},{"@type":"ImageObject","inLanguage":"en-US","@id":"https:\/\/funstorage.thehuettl.com\/shop\/lego-41723-friends-donut-laden\/#primaryimage","url":"https:\/\/funstorage.thehuettl.com\/wp-content\/uploads\/2023\/03\/41723_boxprod_v29-scaled-1.jpg","contentUrl":"https:\/\/funstorage.thehuettl.com\/wp-content\/uploads\/2023\/03\/41723_boxprod_v29-scaled-1.jpg","width":2560,"height":2560},{"@type":"BreadcrumbList","@id":"https:\/\/funstorage.thehuettl.com\/shop\/lego-41723-friends-donut-laden\/#breadcrumb","itemListElement":[{"@type":"ListItem","position":1,"name":"Startseite","item":"https:\/\/funstorage.thehuettl.com\/step\/homepage\/"},{"@type":"ListItem","position":2,"name":"Shop","item":"https:\/\/funstorage.thehuettl.com\/shop\/"},{"@type":"ListItem","position":3,"name":"LEGO\u00ae 41723 Friends Donut-Laden"}]},{"@type":"WebSite","@id":"https:\/\/funstorage.thehuettl.com\/#website","url":"https:\/\/funstorage.thehuettl.com\/","name":"FunStorage","description":"","publisher":{"@id":"https:\/\/funstorage.thehuettl.com\/#organization"},"potentialAction":[{"@type":"SearchAction","target":{"@type":"EntryPoint","urlTemplate":"https:\/\/funstorage.thehuettl.com\/?s={search_term_string}"},"query-input":{"@type":"PropertyValueSpecification","valueRequired":true,"valueName":"search_term_string"}}],"inLanguage":"en-US"},{"@type":"Organization","@id":"https:\/\/funstorage.thehuettl.com\/#organization","name":"FunStorage","url":"https:\/\/funstorage.thehuettl.com\/","logo":{"@type":"ImageObject","inLanguage":"en-US","@id":"https:\/\/funstorage.thehuettl.com\/#\/schema\/logo\/image\/","url":"https:\/\/funstorage.thehuettl.com\/wp-content\/uploads\/2023\/02\/cropped-D2BA2C24-7753-4AC3-9F3B-6C174C5BCB99.png","contentUrl":"https:\/\/funstorage.thehuettl.com\/wp-content\/uploads\/2023\/02\/cropped-D2BA2C24-7753-4AC3-9F3B-6C174C5BCB99.png","width":512,"height":512,"caption":"FunStorage"},"image":{"@id":"https:\/\/funstorage.thehuettl.com\/#\/schema\/logo\/image\/"},"sameAs":["https:\/\/www.facebook.com\/funstorage.de"]}]}},"_links":{"self":[{"href":"https:\/\/funstorage.thehuettl.com\/en\/wp-json\/wp\/v2\/product\/8751","targetHints":{"allow":["GET"]}}],"collection":[{"href":"https:\/\/funstorage.thehuettl.com\/en\/wp-json\/wp\/v2\/product"}],"about":[{"href":"https:\/\/funstorage.thehuettl.com\/en\/wp-json\/wp\/v2\/types\/product"}],"replies":[{"embeddable":true,"href":"https:\/\/funstorage.thehuettl.com\/en\/wp-json\/wp\/v2\/comments?post=8751"}],"version-history":[{"count":0,"href":"https:\/\/funstorage.thehuettl.com\/en\/wp-json\/wp\/v2\/product\/8751\/revisions"}],"wp:featuredmedia":[{"embeddable":true,"href":"https:\/\/funstorage.thehuettl.com\/en\/wp-json\/wp\/v2\/media\/8550"}],"wp:attachment":[{"href":"https:\/\/funstorage.thehuettl.com\/en\/wp-json\/wp\/v2\/media?parent=8751"}],"wp:term":[{"taxonomy":"product_brand","embeddable":true,"href":"https:\/\/funstorage.thehuettl.com\/en\/wp-json\/wp\/v2\/product_brand?post=8751"},{"taxonomy":"product_cat","embeddable":true,"href":"https:\/\/funstorage.thehuettl.com\/en\/wp-json\/wp\/v2\/product_cat?post=8751"},{"taxonomy":"product_tag","embeddable":true,"href":"https:\/\/funstorage.thehuettl.com\/en\/wp-json\/wp\/v2\/product_tag?post=8751"}],"curies":[{"name":"wp","href":"https:\/\/api.w.org\/{rel}","templated":true}]}}