{"id":8753,"date":"2023-03-01T02:50:59","date_gmt":"2023-03-01T01:50:59","guid":{"rendered":"https:\/\/funstorage.thehuettl.com\/?post_type=product&#038;p=8753"},"modified":"2023-11-14T00:50:25","modified_gmt":"2023-11-13T23:50:25","slug":"lego-41726-friends-campingausflug","status":"publish","type":"product","link":"https:\/\/funstorage.thehuettl.com\/en\/shop\/lego-41726-friends-campingausflug\/","title":{"rendered":"LEGO\u00ae 41726 Friends Campingausflug"},"content":{"rendered":"<p>Freust du dich schon auf den Campingausflug mit Autumn und Aliya? Fahr mit dem Auto los, um den perfekten Platz zum Campen im Wald von Heartlake City zu suchen. Mach mit der Kamera ein Foto von einem seltenen Schmetterling. R\u00f6ste k\u00f6stliche Marshmallows \u00fcber dem Lagerfeuer. Mach\u2018s dir dann im Wohnwagen gem\u00fctlich und leg dich schlafen.<\/p>\n<p>LEGO\u00ae Friends Campingausflug (41726) ist ein tolles Set, um Kinder ab 4 Jahren f\u00fcrs Camping zu begeistern. Junge Baumeisterinnen und Baumeister k\u00f6nnen die naturverbundene Autumn und das Stadtkind Aliya in dem Gespann aus Auto und Wohnwagen den besten Platz zum Campen im Wald von Heartlake City suchen lassen. Dank des abnehmbaren Dachs kann dein Kind das Innenleben des Wohnwagens erkunden. Aber auch jede Menge Zubeh\u00f6r l\u00e4dt zum Spielen ein. Dein Kind kann beispielsweise so tun, als w\u00fcrde es einen seltenen Schmetterling fotografieren oder Marshmallows \u00fcber dem Lagerfeuer r\u00f6sten. Inspiration f\u00fcr neue Baumeisterinnen und Baumeister Dieses LEGO Set f\u00fcr Kinder ab 4 Jahren beinhaltet ein Starter-Bauelement, das als solides Fundament f\u00fcr ein spannendes Bauerlebnis. dient. Lass dich und dein Kind von der LEGO Builder App auf ein intuitives Bauabenteuer mitnehmen. In der App k\u00f6nnt ihr m\u00fchelos 3D-Ansichten der Modelle vergr\u00f6\u00dfern und drehen, Sets speichern und euren Baufortschritt verfolgen. Freu dich auf die n\u00e4chste Generation in Heartlake City Im LEGO Friends Universum kann dein Kind Freundschaften schlie\u00dfen, faszinierende neue Orte entdecken, kreativ spielen und Alltagsabenteuer darstellen.<\/p>\n<p>Anzahl Teile: 87<br \/>\nAltersempfehlung: 4+<br \/>\nThema: LEGO\u00ae Friends<br \/>\nEAN: 5702017415024<\/p>\n<p>\u2022 Campingspa\u00df f\u00fcr Kinder ab 4 Jahren: LEGO\u00ae Friends Campingausflug (41726) ist ein tolles Bau- und Spielset mit einem Gespann aus Wohnwagen und Auto, das Kindern die Welt der LEGO Modelle vorstellt<br \/>\n\u2022 Beinhaltet 2 Spielfiguren: Dieses faszinierende Camping-Spielset beinhaltet 2 LEGO\u00ae Friends Spielfiguren \u2013 die naturverbundene Autumn und das Stadtkind Aliya \u2013 sowie einen baubaren Wohnwagen mit abnehmbarem Dach<br \/>\n\u2022 L\u00e4sst Kinder kreativ spielen: Dieses LEGO\u00ae Friends Camping-Spielset umfasst auch jede Menge Zubeh\u00f6r, unter anderem eine Kamera, ein Lagerfeuer und Marshmallows, damit dein Kind jedes Mal eine andere Geschichte darstellen kann<br \/>\n\u2022 Ein Geschenk, das die Fantasie weckt: Du suchst nach einem spannenden Camping-Geschenk f\u00fcr dein Kind? Dieses LEGO\u00ae Friends Spielset ist eine coole Belohnung und ein tolles Geschenk f\u00fcr Kinder ab 4 Jahren, die das Campen und die freie Natur lieben<br \/>\n\u2022 Genau richtig f\u00fcr kleine H\u00e4nde: Dieses LEGO\u00ae Friends Spielzeug ist 7 cm hoch, 19 cm lang und 6 cm breit<br \/>\n\u2022 Inspiration und Hilfe f\u00fcr junge Kinder: Dieses Set beinhaltet ein Starter-Bauelement sowie weitere Teile, die jungen Baumeisterinnen und Baumeistern das Erlernen neuer Bauf\u00e4higkeiten erleichtern<br \/>\n\u2022 Intuitive Anleitung: Die LEGO\u00ae Builder App nimmt dich und dein Kind auf ein intuitives Bauabenteuer mit. Coole Funktionen lassen euch 3D-Ansichten der Modelle vergr\u00f6\u00dfern und drehen, Sets speichern und euren Baufortschritt verfolgen<br \/>\n\u2022 Eine neue Generation in Heartlake City: Im Jahr 2023 wird das LEGO\u00ae Friends Universum noch gr\u00f6\u00dfer. Neue Charaktere und neue Orte laden zu vielen weiteren Abenteuern und Rollenspielen ein<br \/>\n\u2022 Qualit\u00e4t hat Vorrang: Alle LEGO\u00ae Elemente entsprechen strengen Branchenstandards, damit sie einheitlich und kompatibel sind und sich m\u00fchelos zusammensetzen lassen<br \/>\n\u2022 Gepr\u00fcfte Sicherheit: LEGO\u00ae Friends Steine und Teile werden Fall-, Hitze-, Druck- und Torsionstests unterzogen und analysiert, damit sie strikte globale Sicherheitsstandards erf\u00fcllen<\/p>","protected":false},"excerpt":{"rendered":"<p>LEGO\u00ae Friends Campingausflug ist ein Bau- und Spielset, das Kinder ab 4 Jahren rasch zusammensetzen, erkunden und f\u00fcr fantasievolle Geschichten benutzen k\u00f6nnen.<\/p>","protected":false},"featured_media":8560,"comment_status":"open","ping_status":"closed","template":"","meta":[],"product_brand":[],"product_cat":[34,329],"product_tag":[331,332,333,323,324,87,334,335,327,336],"class_list":{"0":"post-8753","1":"product","2":"type-product","3":"status-publish","4":"has-post-thumbnail","6":"product_cat-lego","7":"product_cat-lego-friends","8":"product_tag-ausflug","9":"product_tag-camper","10":"product_tag-camping","11":"product_tag-freunde","12":"product_tag-freundschaft","13":"product_tag-friends","14":"product_tag-lagerfeuer","15":"product_tag-schmetterling","16":"product_tag-tiere","17":"product_tag-zelt","19":"first","20":"instock","21":"taxable","22":"shipping-taxable","23":"purchasable","24":"product-type-simple"},"yoast_head":"<!-- This site is optimized with the Yoast SEO plugin v26.4 - https:\/\/yoast.com\/wordpress\/plugins\/seo\/ -->\n<title>LEGO\u00ae 41726 Friends Campingausflug - FunStorage<\/title>\n<meta name=\"robots\" content=\"index, follow, max-snippet:-1, max-image-preview:large, max-video-preview:-1\" \/>\n<link rel=\"canonical\" href=\"https:\/\/funstorage.thehuettl.com\/en\/wp-json\/wp\/v2\/product\/8753\" \/>\n<meta property=\"og:locale\" content=\"en_US\" \/>\n<meta property=\"og:type\" content=\"article\" \/>\n<meta property=\"og:title\" content=\"LEGO\u00ae 41726 Friends Campingausflug - FunStorage\" \/>\n<meta property=\"og:description\" content=\"LEGO\u00ae Friends Campingausflug ist ein Bau- und Spielset, das Kinder ab 4 Jahren rasch zusammensetzen, erkunden und f\u00fcr fantasievolle Geschichten benutzen k\u00f6nnen.\" \/>\n<meta property=\"og:url\" content=\"https:\/\/funstorage.thehuettl.com\/en\/shop\/lego-41726-friends-campingausflug\/\" \/>\n<meta property=\"og:site_name\" content=\"FunStorage\" \/>\n<meta property=\"article:publisher\" content=\"https:\/\/www.facebook.com\/funstorage.de\" \/>\n<meta property=\"article:modified_time\" content=\"2023-11-13T23:50:25+00:00\" \/>\n<meta property=\"og:image\" content=\"https:\/\/funstorage.thehuettl.com\/wp-content\/uploads\/2023\/03\/41726_boxprod_v29-scaled-1.jpg\" \/>\n\t<meta property=\"og:image:width\" content=\"2560\" \/>\n\t<meta property=\"og:image:height\" content=\"2560\" \/>\n\t<meta property=\"og:image:type\" content=\"image\/jpeg\" \/>\n<meta name=\"twitter:card\" content=\"summary_large_image\" \/>\n<meta name=\"twitter:label1\" content=\"Est. reading time\" \/>\n\t<meta name=\"twitter:data1\" content=\"3 minutes\" \/>\n<script type=\"application\/ld+json\" class=\"yoast-schema-graph\">{\"@context\":\"https:\/\/schema.org\",\"@graph\":[{\"@type\":\"WebPage\",\"@id\":\"https:\/\/funstorage.thehuettl.com\/shop\/lego-41726-friends-campingausflug\/\",\"url\":\"https:\/\/funstorage.thehuettl.com\/shop\/lego-41726-friends-campingausflug\/\",\"name\":\"LEGO\u00ae 41726 Friends Campingausflug - FunStorage\",\"isPartOf\":{\"@id\":\"https:\/\/funstorage.thehuettl.com\/#website\"},\"primaryImageOfPage\":{\"@id\":\"https:\/\/funstorage.thehuettl.com\/shop\/lego-41726-friends-campingausflug\/#primaryimage\"},\"image\":{\"@id\":\"https:\/\/funstorage.thehuettl.com\/shop\/lego-41726-friends-campingausflug\/#primaryimage\"},\"thumbnailUrl\":\"https:\/\/funstorage.thehuettl.com\/wp-content\/uploads\/2023\/03\/41726_boxprod_v29-scaled-1.jpg\",\"datePublished\":\"2023-03-01T01:50:59+00:00\",\"dateModified\":\"2023-11-13T23:50:25+00:00\",\"breadcrumb\":{\"@id\":\"https:\/\/funstorage.thehuettl.com\/shop\/lego-41726-friends-campingausflug\/#breadcrumb\"},\"inLanguage\":\"en-US\",\"potentialAction\":[{\"@type\":\"ReadAction\",\"target\":[\"https:\/\/funstorage.thehuettl.com\/shop\/lego-41726-friends-campingausflug\/\"]}]},{\"@type\":\"ImageObject\",\"inLanguage\":\"en-US\",\"@id\":\"https:\/\/funstorage.thehuettl.com\/shop\/lego-41726-friends-campingausflug\/#primaryimage\",\"url\":\"https:\/\/funstorage.thehuettl.com\/wp-content\/uploads\/2023\/03\/41726_boxprod_v29-scaled-1.jpg\",\"contentUrl\":\"https:\/\/funstorage.thehuettl.com\/wp-content\/uploads\/2023\/03\/41726_boxprod_v29-scaled-1.jpg\",\"width\":2560,\"height\":2560},{\"@type\":\"BreadcrumbList\",\"@id\":\"https:\/\/funstorage.thehuettl.com\/shop\/lego-41726-friends-campingausflug\/#breadcrumb\",\"itemListElement\":[{\"@type\":\"ListItem\",\"position\":1,\"name\":\"Startseite\",\"item\":\"https:\/\/funstorage.thehuettl.com\/step\/homepage\/\"},{\"@type\":\"ListItem\",\"position\":2,\"name\":\"Shop\",\"item\":\"https:\/\/funstorage.thehuettl.com\/shop\/\"},{\"@type\":\"ListItem\",\"position\":3,\"name\":\"LEGO\u00ae 41726 Friends Campingausflug\"}]},{\"@type\":\"WebSite\",\"@id\":\"https:\/\/funstorage.thehuettl.com\/#website\",\"url\":\"https:\/\/funstorage.thehuettl.com\/\",\"name\":\"FunStorage\",\"description\":\"\",\"publisher\":{\"@id\":\"https:\/\/funstorage.thehuettl.com\/#organization\"},\"potentialAction\":[{\"@type\":\"SearchAction\",\"target\":{\"@type\":\"EntryPoint\",\"urlTemplate\":\"https:\/\/funstorage.thehuettl.com\/?s={search_term_string}\"},\"query-input\":{\"@type\":\"PropertyValueSpecification\",\"valueRequired\":true,\"valueName\":\"search_term_string\"}}],\"inLanguage\":\"en-US\"},{\"@type\":\"Organization\",\"@id\":\"https:\/\/funstorage.thehuettl.com\/#organization\",\"name\":\"FunStorage\",\"url\":\"https:\/\/funstorage.thehuettl.com\/\",\"logo\":{\"@type\":\"ImageObject\",\"inLanguage\":\"en-US\",\"@id\":\"https:\/\/funstorage.thehuettl.com\/#\/schema\/logo\/image\/\",\"url\":\"https:\/\/funstorage.thehuettl.com\/wp-content\/uploads\/2023\/02\/cropped-D2BA2C24-7753-4AC3-9F3B-6C174C5BCB99.png\",\"contentUrl\":\"https:\/\/funstorage.thehuettl.com\/wp-content\/uploads\/2023\/02\/cropped-D2BA2C24-7753-4AC3-9F3B-6C174C5BCB99.png\",\"width\":512,\"height\":512,\"caption\":\"FunStorage\"},\"image\":{\"@id\":\"https:\/\/funstorage.thehuettl.com\/#\/schema\/logo\/image\/\"},\"sameAs\":[\"https:\/\/www.facebook.com\/funstorage.de\"]}]}<\/script>\n<!-- \/ Yoast SEO plugin. -->","yoast_head_json":{"title":"LEGO\u00ae 41726 Friends Campingausflug - FunStorage","robots":{"index":"index","follow":"follow","max-snippet":"max-snippet:-1","max-image-preview":"max-image-preview:large","max-video-preview":"max-video-preview:-1"},"canonical":"https:\/\/funstorage.thehuettl.com\/en\/wp-json\/wp\/v2\/product\/8753","og_locale":"en_US","og_type":"article","og_title":"LEGO\u00ae 41726 Friends Campingausflug - FunStorage","og_description":"LEGO\u00ae Friends Campingausflug ist ein Bau- und Spielset, das Kinder ab 4 Jahren rasch zusammensetzen, erkunden und f\u00fcr fantasievolle Geschichten benutzen k\u00f6nnen.","og_url":"https:\/\/funstorage.thehuettl.com\/en\/shop\/lego-41726-friends-campingausflug\/","og_site_name":"FunStorage","article_publisher":"https:\/\/www.facebook.com\/funstorage.de","article_modified_time":"2023-11-13T23:50:25+00:00","og_image":[{"width":2560,"height":2560,"url":"https:\/\/funstorage.thehuettl.com\/wp-content\/uploads\/2023\/03\/41726_boxprod_v29-scaled-1.jpg","type":"image\/jpeg"}],"twitter_card":"summary_large_image","twitter_misc":{"Est. reading time":"3 minutes"},"schema":{"@context":"https:\/\/schema.org","@graph":[{"@type":"WebPage","@id":"https:\/\/funstorage.thehuettl.com\/shop\/lego-41726-friends-campingausflug\/","url":"https:\/\/funstorage.thehuettl.com\/shop\/lego-41726-friends-campingausflug\/","name":"LEGO\u00ae 41726 Friends Campingausflug - FunStorage","isPartOf":{"@id":"https:\/\/funstorage.thehuettl.com\/#website"},"primaryImageOfPage":{"@id":"https:\/\/funstorage.thehuettl.com\/shop\/lego-41726-friends-campingausflug\/#primaryimage"},"image":{"@id":"https:\/\/funstorage.thehuettl.com\/shop\/lego-41726-friends-campingausflug\/#primaryimage"},"thumbnailUrl":"https:\/\/funstorage.thehuettl.com\/wp-content\/uploads\/2023\/03\/41726_boxprod_v29-scaled-1.jpg","datePublished":"2023-03-01T01:50:59+00:00","dateModified":"2023-11-13T23:50:25+00:00","breadcrumb":{"@id":"https:\/\/funstorage.thehuettl.com\/shop\/lego-41726-friends-campingausflug\/#breadcrumb"},"inLanguage":"en-US","potentialAction":[{"@type":"ReadAction","target":["https:\/\/funstorage.thehuettl.com\/shop\/lego-41726-friends-campingausflug\/"]}]},{"@type":"ImageObject","inLanguage":"en-US","@id":"https:\/\/funstorage.thehuettl.com\/shop\/lego-41726-friends-campingausflug\/#primaryimage","url":"https:\/\/funstorage.thehuettl.com\/wp-content\/uploads\/2023\/03\/41726_boxprod_v29-scaled-1.jpg","contentUrl":"https:\/\/funstorage.thehuettl.com\/wp-content\/uploads\/2023\/03\/41726_boxprod_v29-scaled-1.jpg","width":2560,"height":2560},{"@type":"BreadcrumbList","@id":"https:\/\/funstorage.thehuettl.com\/shop\/lego-41726-friends-campingausflug\/#breadcrumb","itemListElement":[{"@type":"ListItem","position":1,"name":"Startseite","item":"https:\/\/funstorage.thehuettl.com\/step\/homepage\/"},{"@type":"ListItem","position":2,"name":"Shop","item":"https:\/\/funstorage.thehuettl.com\/shop\/"},{"@type":"ListItem","position":3,"name":"LEGO\u00ae 41726 Friends Campingausflug"}]},{"@type":"WebSite","@id":"https:\/\/funstorage.thehuettl.com\/#website","url":"https:\/\/funstorage.thehuettl.com\/","name":"FunStorage","description":"","publisher":{"@id":"https:\/\/funstorage.thehuettl.com\/#organization"},"potentialAction":[{"@type":"SearchAction","target":{"@type":"EntryPoint","urlTemplate":"https:\/\/funstorage.thehuettl.com\/?s={search_term_string}"},"query-input":{"@type":"PropertyValueSpecification","valueRequired":true,"valueName":"search_term_string"}}],"inLanguage":"en-US"},{"@type":"Organization","@id":"https:\/\/funstorage.thehuettl.com\/#organization","name":"FunStorage","url":"https:\/\/funstorage.thehuettl.com\/","logo":{"@type":"ImageObject","inLanguage":"en-US","@id":"https:\/\/funstorage.thehuettl.com\/#\/schema\/logo\/image\/","url":"https:\/\/funstorage.thehuettl.com\/wp-content\/uploads\/2023\/02\/cropped-D2BA2C24-7753-4AC3-9F3B-6C174C5BCB99.png","contentUrl":"https:\/\/funstorage.thehuettl.com\/wp-content\/uploads\/2023\/02\/cropped-D2BA2C24-7753-4AC3-9F3B-6C174C5BCB99.png","width":512,"height":512,"caption":"FunStorage"},"image":{"@id":"https:\/\/funstorage.thehuettl.com\/#\/schema\/logo\/image\/"},"sameAs":["https:\/\/www.facebook.com\/funstorage.de"]}]}},"_links":{"self":[{"href":"https:\/\/funstorage.thehuettl.com\/en\/wp-json\/wp\/v2\/product\/8753","targetHints":{"allow":["GET"]}}],"collection":[{"href":"https:\/\/funstorage.thehuettl.com\/en\/wp-json\/wp\/v2\/product"}],"about":[{"href":"https:\/\/funstorage.thehuettl.com\/en\/wp-json\/wp\/v2\/types\/product"}],"replies":[{"embeddable":true,"href":"https:\/\/funstorage.thehuettl.com\/en\/wp-json\/wp\/v2\/comments?post=8753"}],"version-history":[{"count":0,"href":"https:\/\/funstorage.thehuettl.com\/en\/wp-json\/wp\/v2\/product\/8753\/revisions"}],"wp:featuredmedia":[{"embeddable":true,"href":"https:\/\/funstorage.thehuettl.com\/en\/wp-json\/wp\/v2\/media\/8560"}],"wp:attachment":[{"href":"https:\/\/funstorage.thehuettl.com\/en\/wp-json\/wp\/v2\/media?parent=8753"}],"wp:term":[{"taxonomy":"product_brand","embeddable":true,"href":"https:\/\/funstorage.thehuettl.com\/en\/wp-json\/wp\/v2\/product_brand?post=8753"},{"taxonomy":"product_cat","embeddable":true,"href":"https:\/\/funstorage.thehuettl.com\/en\/wp-json\/wp\/v2\/product_cat?post=8753"},{"taxonomy":"product_tag","embeddable":true,"href":"https:\/\/funstorage.thehuettl.com\/en\/wp-json\/wp\/v2\/product_tag?post=8753"}],"curies":[{"name":"wp","href":"https:\/\/api.w.org\/{rel}","templated":true}]}}