{"id":8755,"date":"2023-03-01T02:51:00","date_gmt":"2023-03-01T01:51:00","guid":{"rendered":"https:\/\/funstorage.thehuettl.com\/?post_type=product&#038;p=8755"},"modified":"2023-11-14T00:50:07","modified_gmt":"2023-11-13T23:50:07","slug":"lego-21178-die-fuchs-lodge","status":"publish","type":"product","link":"https:\/\/funstorage.thehuettl.com\/en\/shop\/lego-21178-die-fuchs-lodge\/","title":{"rendered":"LEGO\u00ae 21178 Die Fuchs-Lodge"},"content":{"rendered":"<dl class=\"dl-horizontal\">\n<dd>\n<div id=\"ctl00_main_mgcProduct_ctl00_v1_ctrl_metadata_ProductDescription_divReadmore\">Benutze deine Minecraft\u00ae K\u00fcnste, um ein riesiges Fuchs-Haus zu errichten. Dank der offenen R\u00fcckseite und des abnehmbaren Dachs lassen sich die M\u00f6bel leicht umstellen. Drau\u00dfen k\u00f6nnen ein Baby-Fuchs, ein erwachsener Fuchs und ein Polarfuchs mit s\u00fc\u00dfen Beeren gef\u00fcttert werden. Angeln kann man nat\u00fcrlich auch. Aber h\u00fcte dich vor dem Ertrunkenen! Schnapp dir dein Schwert, um den Zombie zu verscheuchen.<\/div>\n<\/dd>\n<\/dl>\n<div>\n<dl class=\"dl-horizontal\">\n<dd><span id=\"ctl00_main_mgcProduct_ctl00_v1_ctrl_metadata_ProductShopper_l2\">Verschiedene coole Charaktere, authentischen Zubeh\u00f6relemente und unz\u00e4hlige Spielm\u00f6glichkeiten machen das LEGO\u00ae Minecraft\u00ae Set \u201eDie Fuchs-Lodge\u201c zu einem perfekten Geschenk f\u00fcr Kinder ab 8 Jahren. An der Fuchs-Lodge ist immer viel los Kinder benutzen ihre Minecraft F\u00e4higkeiten, um ein Haus zu bauen, das wie ein schlafender Fuchs aussieht. Die offene R\u00fcckseite und das abnehmbare Dach des Bauwerks lassen Kinder die M\u00f6bel umstellen und fantasievolle Rollenspiele darstellen. Drau\u00dfen kann man einen Baby-Fuchs, einen erwachsenen Fuchs und einen Polarfuchs mit Beeren f\u00fcttern. Aber Vorsicht: Der Ertrunkene, ein beliebter Zombie-Charakter aus dem Videospiel, treibt hier sein Unwesen. Nachdem dein Kind den Zombie mit dem Schwert verscheucht hat, kann es sich etwas Leckeres angeln.<\/span><\/dd>\n<\/dl>\n<div><span lang=\"DE\"><span lang=\"DE\">Anzahl Teile: 193<br \/>\nAltersempfehlung: 8+<br \/>\nThema: LEGO\u00ae Minecraft\u2122<\/span><\/span><span lang=\"DE\"><br \/>\nEAN: 5702017155791\u00a0 \u00a0 \u00a0<\/span><\/div>\n<\/div>\n<div><\/div>\n<div>\u2022 Spannendes Spielerlebnis: LEGO\u00ae Minecraft\u00ae Die Fuchs-Lodge beinhaltet jede Menge Charaktere, Zubeh\u00f6relemente und Funktionen, um Kinder kreativ spielen zu lassen<br \/>\n\u2022 Vertraute Figuren: Beinhaltet legend\u00e4re Minecraft\u00ae Charaktere: einen Ertrunkenen, einen Fuchs, einen Baby-Fuchs, einen Polarfuchs sowie einen Helden im Fuchs-Skin<br \/>\n\u2022 Kreativ und vielseitig: Die offene R\u00fcckseite und das abnehmbare Dach erm\u00f6glichen fantasievolle Rollenspiele im Geb\u00e4ude. Drau\u00dfen k\u00f6nnen Kinder Tiere f\u00fcttern, Fische angeln und einen Zombie verscheuchen<br \/>\n\u2022 Tolle \u00dcberraschung: Dieses coole Geburtstags-, Weihnachts- oder \u00dcberraschungsgeschenk l\u00e4sst Minecraft\u00ae Spielerinnen und Spieler ab 8 Jahren spannende Minecraft Abenteuer auf eine v\u00f6llig neue Art erleben<br \/>\n\u2022 Kompaktes Set: Dieses Spielset zum Mitnehmen ist 10\u00a0cm hoch, 17\u00a0cm breit und 12\u00a0cm tief und l\u00e4sst Kinder fantasievoll spielen<br \/>\n\u2022 Minecraft\u00ae Vergn\u00fcgen in der echten Welt: LEGO\u00ae Minecraft Sets lassen Minecraft Spieler ihr Lieblingsspiel auf eine ganz neue Art erleben. Ein fantasievoller Mix aus LEGO Steinen und Teilen erweckt die Charaktere, Kulissen und Funktionen zum Leben<br \/>\n\u2022 Garantierte Qualit\u00e4t: LEGO\u00ae Elemente erf\u00fcllen die strengen Qualit\u00e4tsstandards der Branche, damit sie einheitlich und kompatibel sind und sich jedes Mal perfekt zusammenstecken und m\u00fchelos wieder trennen lassen<br \/>\n\u2022 Garantierte Sicherheit: LEGO\u00ae Elemente werden Fall-, Hitze-, Druck- und Torsionstests unterzogen und analysiert, damit sie strengen globalen Sicherheitsstandards gen\u00fcgen<\/div>","protected":false},"excerpt":{"rendered":"<dl class=\"dl-horizontal\">\n<dd><span id=\"ctl00_main_mgcProduct_ctl00_v1_ctrl_metadata_ProductOneliner_l2\">Minecraft\u00ae Spieler bauen ein riesiges Fuchs-Haus und stellen dann mit ihren Minecraft Lieblingscharakteren unz\u00e4hlige Abenteuer in und vor dem Geb\u00e4ude dar.<\/span><\/dd>\n<\/dl>","protected":false},"featured_media":8568,"comment_status":"open","ping_status":"closed","template":"","meta":[],"product_brand":[],"product_cat":[34,302,36],"product_tag":[341,342,45,343,306],"class_list":{"0":"post-8755","1":"product","2":"type-product","3":"status-publish","4":"has-post-thumbnail","6":"product_cat-lego","7":"product_cat-lego-minecraft","8":"product_cat-spielwaren","9":"product_tag-fox","10":"product_tag-fuchs-lodge","11":"product_tag-lego","12":"product_tag-lodge","13":"product_tag-minecraft","15":"first","16":"instock","17":"taxable","18":"shipping-taxable","19":"purchasable","20":"product-type-simple"},"yoast_head":"<!-- This site is optimized with the Yoast SEO plugin v26.4 - https:\/\/yoast.com\/wordpress\/plugins\/seo\/ -->\n<title>LEGO\u00ae 21178 Die Fuchs-Lodge - FunStorage<\/title>\n<meta name=\"description\" content=\"LEGO\u00ae 21178 Die Fuchs-Lodge | Benutze deine Minecraft\u00ae K\u00fcnste, um ein riesiges Fuchs-Haus zu errichten. LEGO\u00ae Minecraft\u00ae 21178 Die Fuchs-Lodge\" \/>\n<meta name=\"robots\" content=\"index, follow, max-snippet:-1, max-image-preview:large, max-video-preview:-1\" \/>\n<link rel=\"canonical\" href=\"https:\/\/funstorage.thehuettl.com\/en\/wp-json\/wp\/v2\/product\/8755\" \/>\n<meta property=\"og:locale\" content=\"en_US\" \/>\n<meta property=\"og:type\" content=\"article\" \/>\n<meta property=\"og:title\" content=\"LEGO\u00ae 21178 Die Fuchs-Lodge - FunStorage\" \/>\n<meta property=\"og:description\" content=\"LEGO\u00ae 21178 Die Fuchs-Lodge | Benutze deine Minecraft\u00ae K\u00fcnste, um ein riesiges Fuchs-Haus zu errichten. LEGO\u00ae Minecraft\u00ae 21178 Die Fuchs-Lodge\" \/>\n<meta property=\"og:url\" content=\"https:\/\/funstorage.thehuettl.com\/en\/shop\/lego-21178-die-fuchs-lodge\/\" \/>\n<meta property=\"og:site_name\" content=\"FunStorage\" \/>\n<meta property=\"article:publisher\" content=\"https:\/\/www.facebook.com\/funstorage.de\" \/>\n<meta property=\"article:modified_time\" content=\"2023-11-13T23:50:07+00:00\" \/>\n<meta property=\"og:image\" content=\"https:\/\/funstorage.thehuettl.com\/wp-content\/uploads\/2023\/03\/21178_boxprod_v29_alt-scaled-1.jpeg\" \/>\n\t<meta property=\"og:image:width\" content=\"2560\" \/>\n\t<meta property=\"og:image:height\" content=\"2560\" \/>\n\t<meta property=\"og:image:type\" content=\"image\/jpeg\" \/>\n<meta name=\"twitter:card\" content=\"summary_large_image\" \/>\n<meta name=\"twitter:label1\" content=\"Est. reading time\" \/>\n\t<meta name=\"twitter:data1\" content=\"3 minutes\" \/>\n<script type=\"application\/ld+json\" class=\"yoast-schema-graph\">{\"@context\":\"https:\/\/schema.org\",\"@graph\":[{\"@type\":\"WebPage\",\"@id\":\"https:\/\/funstorage.thehuettl.com\/shop\/lego-21178-die-fuchs-lodge\/\",\"url\":\"https:\/\/funstorage.thehuettl.com\/shop\/lego-21178-die-fuchs-lodge\/\",\"name\":\"LEGO\u00ae 21178 Die Fuchs-Lodge - FunStorage\",\"isPartOf\":{\"@id\":\"https:\/\/funstorage.thehuettl.com\/#website\"},\"primaryImageOfPage\":{\"@id\":\"https:\/\/funstorage.thehuettl.com\/shop\/lego-21178-die-fuchs-lodge\/#primaryimage\"},\"image\":{\"@id\":\"https:\/\/funstorage.thehuettl.com\/shop\/lego-21178-die-fuchs-lodge\/#primaryimage\"},\"thumbnailUrl\":\"https:\/\/funstorage.thehuettl.com\/wp-content\/uploads\/2023\/03\/21178_boxprod_v29_alt-scaled-1.jpeg\",\"datePublished\":\"2023-03-01T01:51:00+00:00\",\"dateModified\":\"2023-11-13T23:50:07+00:00\",\"description\":\"LEGO\u00ae 21178 Die Fuchs-Lodge | Benutze deine Minecraft\u00ae K\u00fcnste, um ein riesiges Fuchs-Haus zu errichten. LEGO\u00ae Minecraft\u00ae 21178 Die Fuchs-Lodge\",\"breadcrumb\":{\"@id\":\"https:\/\/funstorage.thehuettl.com\/shop\/lego-21178-die-fuchs-lodge\/#breadcrumb\"},\"inLanguage\":\"en-US\",\"potentialAction\":[{\"@type\":\"ReadAction\",\"target\":[\"https:\/\/funstorage.thehuettl.com\/shop\/lego-21178-die-fuchs-lodge\/\"]}]},{\"@type\":\"ImageObject\",\"inLanguage\":\"en-US\",\"@id\":\"https:\/\/funstorage.thehuettl.com\/shop\/lego-21178-die-fuchs-lodge\/#primaryimage\",\"url\":\"https:\/\/funstorage.thehuettl.com\/wp-content\/uploads\/2023\/03\/21178_boxprod_v29_alt-scaled-1.jpeg\",\"contentUrl\":\"https:\/\/funstorage.thehuettl.com\/wp-content\/uploads\/2023\/03\/21178_boxprod_v29_alt-scaled-1.jpeg\",\"width\":2560,\"height\":2560},{\"@type\":\"BreadcrumbList\",\"@id\":\"https:\/\/funstorage.thehuettl.com\/shop\/lego-21178-die-fuchs-lodge\/#breadcrumb\",\"itemListElement\":[{\"@type\":\"ListItem\",\"position\":1,\"name\":\"Startseite\",\"item\":\"https:\/\/funstorage.thehuettl.com\/step\/homepage\/\"},{\"@type\":\"ListItem\",\"position\":2,\"name\":\"Shop\",\"item\":\"https:\/\/funstorage.thehuettl.com\/shop\/\"},{\"@type\":\"ListItem\",\"position\":3,\"name\":\"LEGO\u00ae 21178 Die Fuchs-Lodge\"}]},{\"@type\":\"WebSite\",\"@id\":\"https:\/\/funstorage.thehuettl.com\/#website\",\"url\":\"https:\/\/funstorage.thehuettl.com\/\",\"name\":\"FunStorage\",\"description\":\"\",\"publisher\":{\"@id\":\"https:\/\/funstorage.thehuettl.com\/#organization\"},\"potentialAction\":[{\"@type\":\"SearchAction\",\"target\":{\"@type\":\"EntryPoint\",\"urlTemplate\":\"https:\/\/funstorage.thehuettl.com\/?s={search_term_string}\"},\"query-input\":{\"@type\":\"PropertyValueSpecification\",\"valueRequired\":true,\"valueName\":\"search_term_string\"}}],\"inLanguage\":\"en-US\"},{\"@type\":\"Organization\",\"@id\":\"https:\/\/funstorage.thehuettl.com\/#organization\",\"name\":\"FunStorage\",\"url\":\"https:\/\/funstorage.thehuettl.com\/\",\"logo\":{\"@type\":\"ImageObject\",\"inLanguage\":\"en-US\",\"@id\":\"https:\/\/funstorage.thehuettl.com\/#\/schema\/logo\/image\/\",\"url\":\"https:\/\/funstorage.thehuettl.com\/wp-content\/uploads\/2023\/02\/cropped-D2BA2C24-7753-4AC3-9F3B-6C174C5BCB99.png\",\"contentUrl\":\"https:\/\/funstorage.thehuettl.com\/wp-content\/uploads\/2023\/02\/cropped-D2BA2C24-7753-4AC3-9F3B-6C174C5BCB99.png\",\"width\":512,\"height\":512,\"caption\":\"FunStorage\"},\"image\":{\"@id\":\"https:\/\/funstorage.thehuettl.com\/#\/schema\/logo\/image\/\"},\"sameAs\":[\"https:\/\/www.facebook.com\/funstorage.de\"]}]}<\/script>\n<!-- \/ Yoast SEO plugin. -->","yoast_head_json":{"title":"LEGO\u00ae 21178 Die Fuchs-Lodge - FunStorage","description":"LEGO\u00ae 21178 Die Fuchs-Lodge | Benutze deine Minecraft\u00ae K\u00fcnste, um ein riesiges Fuchs-Haus zu errichten. LEGO\u00ae Minecraft\u00ae 21178 Die Fuchs-Lodge","robots":{"index":"index","follow":"follow","max-snippet":"max-snippet:-1","max-image-preview":"max-image-preview:large","max-video-preview":"max-video-preview:-1"},"canonical":"https:\/\/funstorage.thehuettl.com\/en\/wp-json\/wp\/v2\/product\/8755","og_locale":"en_US","og_type":"article","og_title":"LEGO\u00ae 21178 Die Fuchs-Lodge - FunStorage","og_description":"LEGO\u00ae 21178 Die Fuchs-Lodge | Benutze deine Minecraft\u00ae K\u00fcnste, um ein riesiges Fuchs-Haus zu errichten. LEGO\u00ae Minecraft\u00ae 21178 Die Fuchs-Lodge","og_url":"https:\/\/funstorage.thehuettl.com\/en\/shop\/lego-21178-die-fuchs-lodge\/","og_site_name":"FunStorage","article_publisher":"https:\/\/www.facebook.com\/funstorage.de","article_modified_time":"2023-11-13T23:50:07+00:00","og_image":[{"width":2560,"height":2560,"url":"https:\/\/funstorage.thehuettl.com\/wp-content\/uploads\/2023\/03\/21178_boxprod_v29_alt-scaled-1.jpeg","type":"image\/jpeg"}],"twitter_card":"summary_large_image","twitter_misc":{"Est. reading time":"3 minutes"},"schema":{"@context":"https:\/\/schema.org","@graph":[{"@type":"WebPage","@id":"https:\/\/funstorage.thehuettl.com\/shop\/lego-21178-die-fuchs-lodge\/","url":"https:\/\/funstorage.thehuettl.com\/shop\/lego-21178-die-fuchs-lodge\/","name":"LEGO\u00ae 21178 Die Fuchs-Lodge - FunStorage","isPartOf":{"@id":"https:\/\/funstorage.thehuettl.com\/#website"},"primaryImageOfPage":{"@id":"https:\/\/funstorage.thehuettl.com\/shop\/lego-21178-die-fuchs-lodge\/#primaryimage"},"image":{"@id":"https:\/\/funstorage.thehuettl.com\/shop\/lego-21178-die-fuchs-lodge\/#primaryimage"},"thumbnailUrl":"https:\/\/funstorage.thehuettl.com\/wp-content\/uploads\/2023\/03\/21178_boxprod_v29_alt-scaled-1.jpeg","datePublished":"2023-03-01T01:51:00+00:00","dateModified":"2023-11-13T23:50:07+00:00","description":"LEGO\u00ae 21178 Die Fuchs-Lodge | Benutze deine Minecraft\u00ae K\u00fcnste, um ein riesiges Fuchs-Haus zu errichten. LEGO\u00ae Minecraft\u00ae 21178 Die Fuchs-Lodge","breadcrumb":{"@id":"https:\/\/funstorage.thehuettl.com\/shop\/lego-21178-die-fuchs-lodge\/#breadcrumb"},"inLanguage":"en-US","potentialAction":[{"@type":"ReadAction","target":["https:\/\/funstorage.thehuettl.com\/shop\/lego-21178-die-fuchs-lodge\/"]}]},{"@type":"ImageObject","inLanguage":"en-US","@id":"https:\/\/funstorage.thehuettl.com\/shop\/lego-21178-die-fuchs-lodge\/#primaryimage","url":"https:\/\/funstorage.thehuettl.com\/wp-content\/uploads\/2023\/03\/21178_boxprod_v29_alt-scaled-1.jpeg","contentUrl":"https:\/\/funstorage.thehuettl.com\/wp-content\/uploads\/2023\/03\/21178_boxprod_v29_alt-scaled-1.jpeg","width":2560,"height":2560},{"@type":"BreadcrumbList","@id":"https:\/\/funstorage.thehuettl.com\/shop\/lego-21178-die-fuchs-lodge\/#breadcrumb","itemListElement":[{"@type":"ListItem","position":1,"name":"Startseite","item":"https:\/\/funstorage.thehuettl.com\/step\/homepage\/"},{"@type":"ListItem","position":2,"name":"Shop","item":"https:\/\/funstorage.thehuettl.com\/shop\/"},{"@type":"ListItem","position":3,"name":"LEGO\u00ae 21178 Die Fuchs-Lodge"}]},{"@type":"WebSite","@id":"https:\/\/funstorage.thehuettl.com\/#website","url":"https:\/\/funstorage.thehuettl.com\/","name":"FunStorage","description":"","publisher":{"@id":"https:\/\/funstorage.thehuettl.com\/#organization"},"potentialAction":[{"@type":"SearchAction","target":{"@type":"EntryPoint","urlTemplate":"https:\/\/funstorage.thehuettl.com\/?s={search_term_string}"},"query-input":{"@type":"PropertyValueSpecification","valueRequired":true,"valueName":"search_term_string"}}],"inLanguage":"en-US"},{"@type":"Organization","@id":"https:\/\/funstorage.thehuettl.com\/#organization","name":"FunStorage","url":"https:\/\/funstorage.thehuettl.com\/","logo":{"@type":"ImageObject","inLanguage":"en-US","@id":"https:\/\/funstorage.thehuettl.com\/#\/schema\/logo\/image\/","url":"https:\/\/funstorage.thehuettl.com\/wp-content\/uploads\/2023\/02\/cropped-D2BA2C24-7753-4AC3-9F3B-6C174C5BCB99.png","contentUrl":"https:\/\/funstorage.thehuettl.com\/wp-content\/uploads\/2023\/02\/cropped-D2BA2C24-7753-4AC3-9F3B-6C174C5BCB99.png","width":512,"height":512,"caption":"FunStorage"},"image":{"@id":"https:\/\/funstorage.thehuettl.com\/#\/schema\/logo\/image\/"},"sameAs":["https:\/\/www.facebook.com\/funstorage.de"]}]}},"_links":{"self":[{"href":"https:\/\/funstorage.thehuettl.com\/en\/wp-json\/wp\/v2\/product\/8755","targetHints":{"allow":["GET"]}}],"collection":[{"href":"https:\/\/funstorage.thehuettl.com\/en\/wp-json\/wp\/v2\/product"}],"about":[{"href":"https:\/\/funstorage.thehuettl.com\/en\/wp-json\/wp\/v2\/types\/product"}],"replies":[{"embeddable":true,"href":"https:\/\/funstorage.thehuettl.com\/en\/wp-json\/wp\/v2\/comments?post=8755"}],"version-history":[{"count":0,"href":"https:\/\/funstorage.thehuettl.com\/en\/wp-json\/wp\/v2\/product\/8755\/revisions"}],"wp:featuredmedia":[{"embeddable":true,"href":"https:\/\/funstorage.thehuettl.com\/en\/wp-json\/wp\/v2\/media\/8568"}],"wp:attachment":[{"href":"https:\/\/funstorage.thehuettl.com\/en\/wp-json\/wp\/v2\/media?parent=8755"}],"wp:term":[{"taxonomy":"product_brand","embeddable":true,"href":"https:\/\/funstorage.thehuettl.com\/en\/wp-json\/wp\/v2\/product_brand?post=8755"},{"taxonomy":"product_cat","embeddable":true,"href":"https:\/\/funstorage.thehuettl.com\/en\/wp-json\/wp\/v2\/product_cat?post=8755"},{"taxonomy":"product_tag","embeddable":true,"href":"https:\/\/funstorage.thehuettl.com\/en\/wp-json\/wp\/v2\/product_tag?post=8755"}],"curies":[{"name":"wp","href":"https:\/\/api.w.org\/{rel}","templated":true}]}}