{"id":8756,"date":"2023-03-01T02:51:00","date_gmt":"2023-03-01T01:51:00","guid":{"rendered":"https:\/\/funstorage.thehuettl.com\/?post_type=product&#038;p=8756"},"modified":"2023-11-14T00:59:31","modified_gmt":"2023-11-13T23:59:31","slug":"lego-21181-minecraft-die-kaninchenranch","status":"publish","type":"product","link":"https:\/\/funstorage.thehuettl.com\/en\/shop\/lego-21181-minecraft-die-kaninchenranch\/","title":{"rendered":"LEGO\u00ae 21181 Minecraft\u2122 Die Kaninchenranch"},"content":{"rendered":"<p>Baue eine riesige Ranch f\u00fcr deine Minecraft\u00ae Kaninchen. Dank der offenen R\u00fcckseite und des abnehmbaren Dachs lassen sich die M\u00f6bel leicht umstellen. Dann kannst du auch drinnen toll spielen. Drau\u00dfen befindet sich eine Farm, auf der du Futter f\u00fcr die Tiere anbauen kannst. Die Kaninchen h\u00fcpfen vor Freude, wenn du die Karotten erntest. In der nahen H\u00f6hle verstecken sich Zombies vor der Sonne. Traust dich dort hinein? Nimm besser dein Schwert mit!<\/p>\n<p>&nbsp;<\/p>\n<p>Minecraft\u00ae Fans und Kaninchenfreunde ab 8 Jahren werden mit dem LEGO\u00ae Minecraft Set \u201eDie Kaninchenranch\u201c viele Stunden kreativ spielen. Baue den Kaninchen ein Haus und besch\u00fctze sie Kinder bauen ein riesiges kaninchenf\u00f6rmiges Haus f\u00fcr ihre Minecraft Kaninchen. Die offene R\u00fcckseite und das abnehmbare Dach lassen Kinder die M\u00f6bel umstellen und fantasievolle Rollenspiele im Haus darstellen. Drau\u00dfen k\u00f6nnen 2 Kaninchen mit den Karotten von der Farm nebenan gef\u00fcttert werden. Mit dem Hebel auf der R\u00fcckseite kann man ein Kaninchen h\u00fcpfen lassen. In der nahen H\u00f6hle versteckt sich ein legend\u00e4rer Minecraft Gegner \u2013 ein Zombie. Den m\u00fcssen die Kinder mit dem Schwert verscheuchen. Dieses vielseitig umgestaltbare Set l\u00e4sst Kinder viele Stunden kreativ spielen und die Faszination des Minecraft Videospiels erleben.<\/p>\n<p>&nbsp;<\/p>\n<div><span lang=\"DE\"><span lang=\"DE\">Anzahl Teile: 340<br \/>\nAltersempfehlung: 8+<br \/>\nThema: LEGO\u00ae Minecraft\u2122<\/span><\/span><span lang=\"DE\"><br \/>\nEAN: 5702017156606<\/span><\/div>\n<div><\/div>\n<div>\u2022 Vielseitiges Spielset: LEGO\u00ae Minecraft\u00ae Die Kaninchenranch (21181) strotzt vor beliebten Charakteren, Zubeh\u00f6relementen und Funktionen aus dem erfolgreichen Minecraft Videospiel<br \/>\n\u2022 Klassische Figuren: Beinhaltet beliebte Minecraft\u00ae Charaktere \u2013 den Dompteur, ein Kaninchen, ein Baby-Kaninchen und einen Zombie \u2013 sowie spannende Funktionen und tolles Zubeh\u00f6r<br \/>\n\u2022 Unz\u00e4hlige Spielm\u00f6glichkeiten: Die offene R\u00fcckseite und das abnehmbare Dach erm\u00f6glichen fantasievolle Rollenspiele in der Ranch. Drau\u00dfen kann man Karotten anbauen, Kaninchen f\u00fcttern und einen Zombie verjagen<br \/>\n\u2022 Tolles Geschenk: Dieses Geburtstags-, Weihnachts- oder \u00dcberraschungsgeschenk l\u00e4sst Minecraft\u00ae Fans ab 8 Jahren ihr Lieblingsvideospiel in der echten Welt spielen<br \/>\n\u2022 Vielseitig umgestaltbar: Das Set ist 12\u00a0cm hoch, 22\u00a0cm breit und 12\u00a0cm tief. Das Modell l\u00e4sst sich vielf\u00e4ltig umbauen und kreativ mit anderen Sets kombinieren<br \/>\n\u2022 Minecraft\u00ae Vergn\u00fcgen in der echten Welt: LEGO\u00ae Minecraft Sets lassen Minecraft Spieler ihr Lieblingsspiel auf eine ganz neue Art erleben. Ein fantasievoller Mix aus LEGO Steinen und Teilen erweckt die Charaktere, Kulissen und Funktionen zum Leben<br \/>\n\u2022 Garantierte Qualit\u00e4t: LEGO\u00ae Elemente erf\u00fcllen die strengen Qualit\u00e4tsstandards der Branche, damit sie einheitlich und kompatibel sind und sich jedes Mal perfekt zusammenstecken und m\u00fchelos wieder trennen lassen<br \/>\n\u2022 Garantierte Sicherheit: LEGO\u00ae Elemente werden Fall-, Hitze-, Druck- und Torsionstests unterzogen und analysiert, damit sie strengen globalen Sicherheitsstandards gen\u00fcgen<\/div>\n<div><\/div>\n<div><\/div>","protected":false},"excerpt":{"rendered":"<p>Minecraft\u00ae Fans bauen das ultimative Haus f\u00fcr ihre Kaninchen und stellen dann mit ihren Minecraft Lieblingscharakteren unz\u00e4hlige Abenteuer in und vor dem Geb\u00e4ude dar.<\/p>","protected":false},"featured_media":8575,"comment_status":"open","ping_status":"closed","template":"","meta":[],"product_brand":[],"product_cat":[34,302,36],"product_tag":[344,45,306],"class_list":{"0":"post-8756","1":"product","2":"type-product","3":"status-publish","4":"has-post-thumbnail","6":"product_cat-lego","7":"product_cat-lego-minecraft","8":"product_cat-spielwaren","9":"product_tag-kaninchenranch","10":"product_tag-lego","11":"product_tag-minecraft","13":"first","14":"instock","15":"taxable","16":"shipping-taxable","17":"purchasable","18":"product-type-simple"},"yoast_head":"<!-- This site is optimized with the Yoast SEO plugin v26.4 - https:\/\/yoast.com\/wordpress\/plugins\/seo\/ -->\n<title>LEGO\u00ae 21181 Minecraft\u2122 Die Kaninchenranch | FS<\/title>\n<meta name=\"description\" content=\"LEGO\u00ae 21181 Minecraft\u2122 Die Kaninchenranch | Spannende Minecraft\u00ae Abenteuer am riesigen Kaninchenhaus | Funstorage.de\" \/>\n<meta name=\"robots\" content=\"index, follow, max-snippet:-1, max-image-preview:large, max-video-preview:-1\" \/>\n<link rel=\"canonical\" href=\"https:\/\/funstorage.thehuettl.com\/en\/wp-json\/wp\/v2\/product\/8756\" \/>\n<meta property=\"og:locale\" content=\"en_US\" \/>\n<meta property=\"og:type\" content=\"article\" \/>\n<meta property=\"og:title\" content=\"LEGO\u00ae 21181 Minecraft\u2122 Die Kaninchenranch | FS\" \/>\n<meta property=\"og:description\" content=\"LEGO\u00ae 21181 Minecraft\u2122 Die Kaninchenranch | Spannende Minecraft\u00ae Abenteuer am riesigen Kaninchenhaus | Funstorage.de\" \/>\n<meta property=\"og:url\" content=\"https:\/\/funstorage.thehuettl.com\/en\/shop\/lego-21181-minecraft-die-kaninchenranch\/\" \/>\n<meta property=\"og:site_name\" content=\"FunStorage\" \/>\n<meta property=\"article:publisher\" content=\"https:\/\/www.facebook.com\/funstorage.de\" \/>\n<meta property=\"article:modified_time\" content=\"2023-11-13T23:59:31+00:00\" \/>\n<meta property=\"og:image\" content=\"https:\/\/funstorage.thehuettl.com\/wp-content\/uploads\/2023\/03\/21181_hero_mb.jpg\" \/>\n\t<meta property=\"og:image:width\" content=\"1500\" \/>\n\t<meta property=\"og:image:height\" content=\"1500\" \/>\n\t<meta property=\"og:image:type\" content=\"image\/jpeg\" \/>\n<meta name=\"twitter:card\" content=\"summary_large_image\" \/>\n<meta name=\"twitter:label1\" content=\"Est. reading time\" \/>\n\t<meta name=\"twitter:data1\" content=\"3 minutes\" \/>\n<script type=\"application\/ld+json\" class=\"yoast-schema-graph\">{\"@context\":\"https:\/\/schema.org\",\"@graph\":[{\"@type\":\"WebPage\",\"@id\":\"https:\/\/funstorage.thehuettl.com\/shop\/lego-21181-minecraft-die-kaninchenranch\/\",\"url\":\"https:\/\/funstorage.thehuettl.com\/shop\/lego-21181-minecraft-die-kaninchenranch\/\",\"name\":\"LEGO\u00ae 21181 Minecraft\u2122 Die Kaninchenranch | FS\",\"isPartOf\":{\"@id\":\"https:\/\/funstorage.thehuettl.com\/#website\"},\"primaryImageOfPage\":{\"@id\":\"https:\/\/funstorage.thehuettl.com\/shop\/lego-21181-minecraft-die-kaninchenranch\/#primaryimage\"},\"image\":{\"@id\":\"https:\/\/funstorage.thehuettl.com\/shop\/lego-21181-minecraft-die-kaninchenranch\/#primaryimage\"},\"thumbnailUrl\":\"https:\/\/funstorage.thehuettl.com\/wp-content\/uploads\/2023\/03\/21181_hero_mb.jpg\",\"datePublished\":\"2023-03-01T01:51:00+00:00\",\"dateModified\":\"2023-11-13T23:59:31+00:00\",\"description\":\"LEGO\u00ae 21181 Minecraft\u2122 Die Kaninchenranch | Spannende Minecraft\u00ae Abenteuer am riesigen Kaninchenhaus | Funstorage.de\",\"breadcrumb\":{\"@id\":\"https:\/\/funstorage.thehuettl.com\/shop\/lego-21181-minecraft-die-kaninchenranch\/#breadcrumb\"},\"inLanguage\":\"en-US\",\"potentialAction\":[{\"@type\":\"ReadAction\",\"target\":[\"https:\/\/funstorage.thehuettl.com\/shop\/lego-21181-minecraft-die-kaninchenranch\/\"]}]},{\"@type\":\"ImageObject\",\"inLanguage\":\"en-US\",\"@id\":\"https:\/\/funstorage.thehuettl.com\/shop\/lego-21181-minecraft-die-kaninchenranch\/#primaryimage\",\"url\":\"https:\/\/funstorage.thehuettl.com\/wp-content\/uploads\/2023\/03\/21181_hero_mb.jpg\",\"contentUrl\":\"https:\/\/funstorage.thehuettl.com\/wp-content\/uploads\/2023\/03\/21181_hero_mb.jpg\",\"width\":1500,\"height\":1500},{\"@type\":\"BreadcrumbList\",\"@id\":\"https:\/\/funstorage.thehuettl.com\/shop\/lego-21181-minecraft-die-kaninchenranch\/#breadcrumb\",\"itemListElement\":[{\"@type\":\"ListItem\",\"position\":1,\"name\":\"Startseite\",\"item\":\"https:\/\/funstorage.thehuettl.com\/step\/homepage\/\"},{\"@type\":\"ListItem\",\"position\":2,\"name\":\"Shop\",\"item\":\"https:\/\/funstorage.thehuettl.com\/shop\/\"},{\"@type\":\"ListItem\",\"position\":3,\"name\":\"LEGO\u00ae 21181 Minecraft\u2122 Die Kaninchenranch\"}]},{\"@type\":\"WebSite\",\"@id\":\"https:\/\/funstorage.thehuettl.com\/#website\",\"url\":\"https:\/\/funstorage.thehuettl.com\/\",\"name\":\"FunStorage\",\"description\":\"\",\"publisher\":{\"@id\":\"https:\/\/funstorage.thehuettl.com\/#organization\"},\"potentialAction\":[{\"@type\":\"SearchAction\",\"target\":{\"@type\":\"EntryPoint\",\"urlTemplate\":\"https:\/\/funstorage.thehuettl.com\/?s={search_term_string}\"},\"query-input\":{\"@type\":\"PropertyValueSpecification\",\"valueRequired\":true,\"valueName\":\"search_term_string\"}}],\"inLanguage\":\"en-US\"},{\"@type\":\"Organization\",\"@id\":\"https:\/\/funstorage.thehuettl.com\/#organization\",\"name\":\"FunStorage\",\"url\":\"https:\/\/funstorage.thehuettl.com\/\",\"logo\":{\"@type\":\"ImageObject\",\"inLanguage\":\"en-US\",\"@id\":\"https:\/\/funstorage.thehuettl.com\/#\/schema\/logo\/image\/\",\"url\":\"https:\/\/funstorage.thehuettl.com\/wp-content\/uploads\/2023\/02\/cropped-D2BA2C24-7753-4AC3-9F3B-6C174C5BCB99.png\",\"contentUrl\":\"https:\/\/funstorage.thehuettl.com\/wp-content\/uploads\/2023\/02\/cropped-D2BA2C24-7753-4AC3-9F3B-6C174C5BCB99.png\",\"width\":512,\"height\":512,\"caption\":\"FunStorage\"},\"image\":{\"@id\":\"https:\/\/funstorage.thehuettl.com\/#\/schema\/logo\/image\/\"},\"sameAs\":[\"https:\/\/www.facebook.com\/funstorage.de\"]}]}<\/script>\n<!-- \/ Yoast SEO plugin. -->","yoast_head_json":{"title":"LEGO\u00ae 21181 Minecraft\u2122 Die Kaninchenranch | FS","description":"LEGO\u00ae 21181 Minecraft\u2122 Die Kaninchenranch | Spannende Minecraft\u00ae Abenteuer am riesigen Kaninchenhaus | Funstorage.de","robots":{"index":"index","follow":"follow","max-snippet":"max-snippet:-1","max-image-preview":"max-image-preview:large","max-video-preview":"max-video-preview:-1"},"canonical":"https:\/\/funstorage.thehuettl.com\/en\/wp-json\/wp\/v2\/product\/8756","og_locale":"en_US","og_type":"article","og_title":"LEGO\u00ae 21181 Minecraft\u2122 Die Kaninchenranch | FS","og_description":"LEGO\u00ae 21181 Minecraft\u2122 Die Kaninchenranch | Spannende Minecraft\u00ae Abenteuer am riesigen Kaninchenhaus | Funstorage.de","og_url":"https:\/\/funstorage.thehuettl.com\/en\/shop\/lego-21181-minecraft-die-kaninchenranch\/","og_site_name":"FunStorage","article_publisher":"https:\/\/www.facebook.com\/funstorage.de","article_modified_time":"2023-11-13T23:59:31+00:00","og_image":[{"width":1500,"height":1500,"url":"https:\/\/funstorage.thehuettl.com\/wp-content\/uploads\/2023\/03\/21181_hero_mb.jpg","type":"image\/jpeg"}],"twitter_card":"summary_large_image","twitter_misc":{"Est. reading time":"3 minutes"},"schema":{"@context":"https:\/\/schema.org","@graph":[{"@type":"WebPage","@id":"https:\/\/funstorage.thehuettl.com\/shop\/lego-21181-minecraft-die-kaninchenranch\/","url":"https:\/\/funstorage.thehuettl.com\/shop\/lego-21181-minecraft-die-kaninchenranch\/","name":"LEGO\u00ae 21181 Minecraft\u2122 Die Kaninchenranch | FS","isPartOf":{"@id":"https:\/\/funstorage.thehuettl.com\/#website"},"primaryImageOfPage":{"@id":"https:\/\/funstorage.thehuettl.com\/shop\/lego-21181-minecraft-die-kaninchenranch\/#primaryimage"},"image":{"@id":"https:\/\/funstorage.thehuettl.com\/shop\/lego-21181-minecraft-die-kaninchenranch\/#primaryimage"},"thumbnailUrl":"https:\/\/funstorage.thehuettl.com\/wp-content\/uploads\/2023\/03\/21181_hero_mb.jpg","datePublished":"2023-03-01T01:51:00+00:00","dateModified":"2023-11-13T23:59:31+00:00","description":"LEGO\u00ae 21181 Minecraft\u2122 Die Kaninchenranch | Spannende Minecraft\u00ae Abenteuer am riesigen Kaninchenhaus | Funstorage.de","breadcrumb":{"@id":"https:\/\/funstorage.thehuettl.com\/shop\/lego-21181-minecraft-die-kaninchenranch\/#breadcrumb"},"inLanguage":"en-US","potentialAction":[{"@type":"ReadAction","target":["https:\/\/funstorage.thehuettl.com\/shop\/lego-21181-minecraft-die-kaninchenranch\/"]}]},{"@type":"ImageObject","inLanguage":"en-US","@id":"https:\/\/funstorage.thehuettl.com\/shop\/lego-21181-minecraft-die-kaninchenranch\/#primaryimage","url":"https:\/\/funstorage.thehuettl.com\/wp-content\/uploads\/2023\/03\/21181_hero_mb.jpg","contentUrl":"https:\/\/funstorage.thehuettl.com\/wp-content\/uploads\/2023\/03\/21181_hero_mb.jpg","width":1500,"height":1500},{"@type":"BreadcrumbList","@id":"https:\/\/funstorage.thehuettl.com\/shop\/lego-21181-minecraft-die-kaninchenranch\/#breadcrumb","itemListElement":[{"@type":"ListItem","position":1,"name":"Startseite","item":"https:\/\/funstorage.thehuettl.com\/step\/homepage\/"},{"@type":"ListItem","position":2,"name":"Shop","item":"https:\/\/funstorage.thehuettl.com\/shop\/"},{"@type":"ListItem","position":3,"name":"LEGO\u00ae 21181 Minecraft\u2122 Die Kaninchenranch"}]},{"@type":"WebSite","@id":"https:\/\/funstorage.thehuettl.com\/#website","url":"https:\/\/funstorage.thehuettl.com\/","name":"FunStorage","description":"","publisher":{"@id":"https:\/\/funstorage.thehuettl.com\/#organization"},"potentialAction":[{"@type":"SearchAction","target":{"@type":"EntryPoint","urlTemplate":"https:\/\/funstorage.thehuettl.com\/?s={search_term_string}"},"query-input":{"@type":"PropertyValueSpecification","valueRequired":true,"valueName":"search_term_string"}}],"inLanguage":"en-US"},{"@type":"Organization","@id":"https:\/\/funstorage.thehuettl.com\/#organization","name":"FunStorage","url":"https:\/\/funstorage.thehuettl.com\/","logo":{"@type":"ImageObject","inLanguage":"en-US","@id":"https:\/\/funstorage.thehuettl.com\/#\/schema\/logo\/image\/","url":"https:\/\/funstorage.thehuettl.com\/wp-content\/uploads\/2023\/02\/cropped-D2BA2C24-7753-4AC3-9F3B-6C174C5BCB99.png","contentUrl":"https:\/\/funstorage.thehuettl.com\/wp-content\/uploads\/2023\/02\/cropped-D2BA2C24-7753-4AC3-9F3B-6C174C5BCB99.png","width":512,"height":512,"caption":"FunStorage"},"image":{"@id":"https:\/\/funstorage.thehuettl.com\/#\/schema\/logo\/image\/"},"sameAs":["https:\/\/www.facebook.com\/funstorage.de"]}]}},"_links":{"self":[{"href":"https:\/\/funstorage.thehuettl.com\/en\/wp-json\/wp\/v2\/product\/8756","targetHints":{"allow":["GET"]}}],"collection":[{"href":"https:\/\/funstorage.thehuettl.com\/en\/wp-json\/wp\/v2\/product"}],"about":[{"href":"https:\/\/funstorage.thehuettl.com\/en\/wp-json\/wp\/v2\/types\/product"}],"replies":[{"embeddable":true,"href":"https:\/\/funstorage.thehuettl.com\/en\/wp-json\/wp\/v2\/comments?post=8756"}],"version-history":[{"count":0,"href":"https:\/\/funstorage.thehuettl.com\/en\/wp-json\/wp\/v2\/product\/8756\/revisions"}],"wp:featuredmedia":[{"embeddable":true,"href":"https:\/\/funstorage.thehuettl.com\/en\/wp-json\/wp\/v2\/media\/8575"}],"wp:attachment":[{"href":"https:\/\/funstorage.thehuettl.com\/en\/wp-json\/wp\/v2\/media?parent=8756"}],"wp:term":[{"taxonomy":"product_brand","embeddable":true,"href":"https:\/\/funstorage.thehuettl.com\/en\/wp-json\/wp\/v2\/product_brand?post=8756"},{"taxonomy":"product_cat","embeddable":true,"href":"https:\/\/funstorage.thehuettl.com\/en\/wp-json\/wp\/v2\/product_cat?post=8756"},{"taxonomy":"product_tag","embeddable":true,"href":"https:\/\/funstorage.thehuettl.com\/en\/wp-json\/wp\/v2\/product_tag?post=8756"}],"curies":[{"name":"wp","href":"https:\/\/api.w.org\/{rel}","templated":true}]}}