{"id":8757,"date":"2023-03-01T02:51:00","date_gmt":"2023-03-01T01:51:00","guid":{"rendered":"https:\/\/funstorage.thehuettl.com\/?post_type=product&#038;p=8757"},"modified":"2023-11-14T00:50:10","modified_gmt":"2023-11-13T23:50:10","slug":"lego-21184-minecraft-die-baeckerei","status":"publish","type":"product","link":"https:\/\/funstorage.thehuettl.com\/en\/shop\/lego-21184-minecraft-die-baeckerei\/","title":{"rendered":"LEGO\u00ae 21184 Minecraft\u2122 Die B\u00e4ckerei"},"content":{"rendered":"<p>Die Minecraft\u00ae B\u00e4ckerei hat ge\u00f6ffnet und es m\u00fcssen Brot und Kekse gebacken werden! Doch erst musst du noch die Zutaten beschaffen. Hol dir Weizen, indem du dem Schnee-Dorfbewohner beim Anbau des Getreides auf der Farm hilfst. Melk die Ziege, um dir Milch zu beschaffen. Lass den B\u00e4cker dann in der K\u00fcche kreativ werden. Aber sei vorsichtig. Ein Creeper\u2122 ist unterwegs zu dir und hat es auf die Kiste mit dem Ei abgesehen. Beeil dich! Schnapp dir dein Diamantschwert, um die B\u00e4ckerei zu verteidigen!<\/p>\n<p>Das LEGO\u00ae Minecraft\u00ae Spielset \u201eDie B\u00e4ckerei\u201c (21184) ist ein unterhaltsames Geschenk f\u00fcr Kinder ab 8 Jahren, denn es beinhaltet jede Menge Minecraft-Charaktere, tolles Zubeh\u00f6r und coole Funktionen. Vielseitig umgestaltbares Modell f\u00fcr kreative Kinder Dieses Minecraft-Spielset bietet Kindern jede Menge Aktivit\u00e4ten und Spielm\u00f6glichkeiten mit den verschiedenen Minecraft-Charakteren: einem B\u00e4cker, einem Schnee-Dorfbewohner, einer Ziege und einem Creeper\u2122. In der B\u00e4ckerei befindet sich ein voll eingerichteter Raum, um den Alltag daheim nachstellen zu k\u00f6nnen. Vor dem Backen des Brotes und der Kekse m\u00fcssen die Kinder erst die Zutaten besorgen. Weizen bekommen sie vom Farmer, wenn sie ihm beim Anbau helfen. Wenn sie die Ziege melken, erhalten sie die n\u00f6tige Milch. Schlie\u00dflich lassen sie dann den B\u00e4cker in der K\u00fcche kreativ werden. F\u00fcr zus\u00e4tzlichen Nervenkitzel sorgt ein gef\u00fcrchteter Creeper, der in der N\u00e4he lauert und nur darauf wartet, die Kiste mit dem kostbaren Ei zu zerst\u00f6ren. Mithilfe eines klassischen Minecraft-Diamantschwertes l\u00e4sst sich die B\u00e4ckerei verteidigen. Nach dem Duell kann man die einzelnen Module des Modells m\u00fchelos f\u00fcr unz\u00e4hlige neue Abenteuer umarrangieren.<\/p>\n<p>&nbsp;<\/p>\n<p><span lang=\"DE\">Anzahl Teile: 154<br \/>\nAltersempfehlung: 8+<br \/>\nThema: LEGO\u00ae Minecraft\u2122<\/span><span lang=\"DE\"><br \/>\nEAN: 5702017156620<\/span><\/p>\n<p>&nbsp;<\/p>\n<p>\u2022 Vielseitiges Spielset: Das faszinierende LEGO\u00ae Minecraft\u00ae Set \u201eDie B\u00e4ckerei\u201c (21184) l\u00e4sst Kinder alles M\u00f6gliche bauen und backen oder spannende Duelle austragen<br \/>\n\u2022 Charaktere aus dem Videospiel: Beinhaltet Minecraft\u00ae Charaktere und Kreaturen, die Minecraft-Spieler sofort wiedererkennen: einen B\u00e4cker, einen Schnee-Dorfbewohner, eine Ziege und einen Creeper\u2122<br \/>\n\u2022 Viele Spieloptionen: Kinder k\u00f6nnen in der B\u00e4ckerei Brot backen, im Wohnbereich den Alltag mit lustigen Rollenspielen nachstellen, Weizen auf der Farm anbauen, die Ziege melken, einen Creeper\u2122 vertreiben und das Set f\u00fcr weitere Abenteuer umbauen<br \/>\n\u2022 Geschenk f\u00fcr Kinder: Dieses tolle Geburtstags-, Weihnachts- oder \u00dcberraschungsgeschenk l\u00e4sst Minecraft\u00ae Spieler ab 8 Jahren das Videospiel mit den eigenen H\u00e4nden nachstellen<br \/>\n\u2022 Spielset zum Mitnehmen: Dieses kompakte Modell ist 8 cm\u00a0hoch, 17\u00a0cm breit und 14\u00a0cm tief und bietet unz\u00e4hlige Spielm\u00f6glichkeiten<br \/>\n\u2022 Minecraft\u00ae Spa\u00df in der echten Welt: LEGO\u00ae Minecraft Sets lassen Kinder das Videospiel auf eine ganz andere Art erleben. Beliebte Kreaturen, Szenen und Funktionen werden mit LEGO Steinen und der eigenen Kreativit\u00e4t zum Leben erweckt<br \/>\n\u2022 Garantierte Qualit\u00e4t: LEGO\u00ae Elemente erf\u00fcllen die strengen Qualit\u00e4tsstandards der Branche, damit sie einheitlich und kompatibel sind und sich jedes Mal perfekt zusammenstecken und m\u00fchelos wieder trennen lassen<br \/>\n\u2022 Garantierte Sicherheit: LEGO\u00ae Elemente werden Fall-, Hitze-, Druck- und Torsionstests unterzogen und analysiert, damit sie strengen globalen Sicherheitsstandards gen\u00fcgen<\/p>\n<p>&nbsp;<\/p>\n<p>&nbsp;<\/p>","protected":false},"excerpt":{"rendered":"<p>Dieses vielseitige Spielset l\u00e4sst Minecraft\u00ae Spieler bauen, backen und Duelle mit einem Creeper\u2122 austragen.<\/p>","protected":false},"featured_media":8582,"comment_status":"open","ping_status":"closed","template":"","meta":[],"product_brand":[],"product_cat":[34,302],"product_tag":[345,346,45,306],"class_list":{"0":"post-8757","1":"product","2":"type-product","3":"status-publish","4":"has-post-thumbnail","6":"product_cat-lego","7":"product_cat-lego-minecraft","8":"product_tag-backerei","9":"product_tag-bakery","10":"product_tag-lego","11":"product_tag-minecraft","13":"first","14":"instock","15":"taxable","16":"shipping-taxable","17":"purchasable","18":"product-type-simple"},"yoast_head":"<!-- This site is optimized with the Yoast SEO plugin v26.4 - https:\/\/yoast.com\/wordpress\/plugins\/seo\/ -->\n<title>LEGO\u00ae 21184 Minecraft\u2122 Die B\u00e4ckerei | Funstorage.de<\/title>\n<meta name=\"description\" content=\"LEGO\u00ae 21184 Minecraft\u2122 Die B\u00e4ckerei | Vielseitiges Minecraft\u00ae Set zum Bauen und Backen sowie f\u00fcr packende Duelle | FunStorage.de\" \/>\n<meta name=\"robots\" content=\"index, follow, max-snippet:-1, max-image-preview:large, max-video-preview:-1\" \/>\n<link rel=\"canonical\" href=\"https:\/\/funstorage.thehuettl.com\/en\/wp-json\/wp\/v2\/product\/8757\" \/>\n<meta property=\"og:locale\" content=\"en_US\" \/>\n<meta property=\"og:type\" content=\"article\" \/>\n<meta property=\"og:title\" content=\"LEGO\u00ae 21184 Minecraft\u2122 Die B\u00e4ckerei | Funstorage.de\" \/>\n<meta property=\"og:description\" content=\"LEGO\u00ae 21184 Minecraft\u2122 Die B\u00e4ckerei | Vielseitiges Minecraft\u00ae Set zum Bauen und Backen sowie f\u00fcr packende Duelle | FunStorage.de\" \/>\n<meta property=\"og:url\" content=\"https:\/\/funstorage.thehuettl.com\/en\/shop\/lego-21184-minecraft-die-baeckerei\/\" \/>\n<meta property=\"og:site_name\" content=\"FunStorage\" \/>\n<meta property=\"article:publisher\" content=\"https:\/\/www.facebook.com\/funstorage.de\" \/>\n<meta property=\"article:modified_time\" content=\"2023-11-13T23:50:10+00:00\" \/>\n<meta property=\"og:image\" content=\"https:\/\/funstorage.thehuettl.com\/wp-content\/uploads\/2023\/03\/21184_boxprod_v29_ALT-1024x1024.png\" \/>\n\t<meta property=\"og:image:width\" content=\"1024\" \/>\n\t<meta property=\"og:image:height\" content=\"1024\" \/>\n\t<meta property=\"og:image:type\" content=\"image\/png\" \/>\n<meta name=\"twitter:card\" content=\"summary_large_image\" \/>\n<meta name=\"twitter:label1\" content=\"Est. reading time\" \/>\n\t<meta name=\"twitter:data1\" content=\"3 minutes\" \/>\n<script type=\"application\/ld+json\" class=\"yoast-schema-graph\">{\"@context\":\"https:\/\/schema.org\",\"@graph\":[{\"@type\":\"WebPage\",\"@id\":\"https:\/\/funstorage.thehuettl.com\/shop\/lego-21184-minecraft-die-baeckerei\/\",\"url\":\"https:\/\/funstorage.thehuettl.com\/shop\/lego-21184-minecraft-die-baeckerei\/\",\"name\":\"LEGO\u00ae 21184 Minecraft\u2122 Die B\u00e4ckerei | Funstorage.de\",\"isPartOf\":{\"@id\":\"https:\/\/funstorage.thehuettl.com\/#website\"},\"primaryImageOfPage\":{\"@id\":\"https:\/\/funstorage.thehuettl.com\/shop\/lego-21184-minecraft-die-baeckerei\/#primaryimage\"},\"image\":{\"@id\":\"https:\/\/funstorage.thehuettl.com\/shop\/lego-21184-minecraft-die-baeckerei\/#primaryimage\"},\"thumbnailUrl\":\"https:\/\/funstorage.thehuettl.com\/wp-content\/uploads\/2023\/03\/21184_boxprod_v29_ALT.png\",\"datePublished\":\"2023-03-01T01:51:00+00:00\",\"dateModified\":\"2023-11-13T23:50:10+00:00\",\"description\":\"LEGO\u00ae 21184 Minecraft\u2122 Die B\u00e4ckerei | Vielseitiges Minecraft\u00ae Set zum Bauen und Backen sowie f\u00fcr packende Duelle | FunStorage.de\",\"breadcrumb\":{\"@id\":\"https:\/\/funstorage.thehuettl.com\/shop\/lego-21184-minecraft-die-baeckerei\/#breadcrumb\"},\"inLanguage\":\"en-US\",\"potentialAction\":[{\"@type\":\"ReadAction\",\"target\":[\"https:\/\/funstorage.thehuettl.com\/shop\/lego-21184-minecraft-die-baeckerei\/\"]}]},{\"@type\":\"ImageObject\",\"inLanguage\":\"en-US\",\"@id\":\"https:\/\/funstorage.thehuettl.com\/shop\/lego-21184-minecraft-die-baeckerei\/#primaryimage\",\"url\":\"https:\/\/funstorage.thehuettl.com\/wp-content\/uploads\/2023\/03\/21184_boxprod_v29_ALT.png\",\"contentUrl\":\"https:\/\/funstorage.thehuettl.com\/wp-content\/uploads\/2023\/03\/21184_boxprod_v29_ALT.png\",\"width\":3500,\"height\":3500},{\"@type\":\"BreadcrumbList\",\"@id\":\"https:\/\/funstorage.thehuettl.com\/shop\/lego-21184-minecraft-die-baeckerei\/#breadcrumb\",\"itemListElement\":[{\"@type\":\"ListItem\",\"position\":1,\"name\":\"Startseite\",\"item\":\"https:\/\/funstorage.thehuettl.com\/step\/homepage\/\"},{\"@type\":\"ListItem\",\"position\":2,\"name\":\"Shop\",\"item\":\"https:\/\/funstorage.thehuettl.com\/shop\/\"},{\"@type\":\"ListItem\",\"position\":3,\"name\":\"LEGO\u00ae 21184 Minecraft\u2122 Die B\u00e4ckerei\"}]},{\"@type\":\"WebSite\",\"@id\":\"https:\/\/funstorage.thehuettl.com\/#website\",\"url\":\"https:\/\/funstorage.thehuettl.com\/\",\"name\":\"FunStorage\",\"description\":\"\",\"publisher\":{\"@id\":\"https:\/\/funstorage.thehuettl.com\/#organization\"},\"potentialAction\":[{\"@type\":\"SearchAction\",\"target\":{\"@type\":\"EntryPoint\",\"urlTemplate\":\"https:\/\/funstorage.thehuettl.com\/?s={search_term_string}\"},\"query-input\":{\"@type\":\"PropertyValueSpecification\",\"valueRequired\":true,\"valueName\":\"search_term_string\"}}],\"inLanguage\":\"en-US\"},{\"@type\":\"Organization\",\"@id\":\"https:\/\/funstorage.thehuettl.com\/#organization\",\"name\":\"FunStorage\",\"url\":\"https:\/\/funstorage.thehuettl.com\/\",\"logo\":{\"@type\":\"ImageObject\",\"inLanguage\":\"en-US\",\"@id\":\"https:\/\/funstorage.thehuettl.com\/#\/schema\/logo\/image\/\",\"url\":\"https:\/\/funstorage.thehuettl.com\/wp-content\/uploads\/2023\/02\/cropped-D2BA2C24-7753-4AC3-9F3B-6C174C5BCB99.png\",\"contentUrl\":\"https:\/\/funstorage.thehuettl.com\/wp-content\/uploads\/2023\/02\/cropped-D2BA2C24-7753-4AC3-9F3B-6C174C5BCB99.png\",\"width\":512,\"height\":512,\"caption\":\"FunStorage\"},\"image\":{\"@id\":\"https:\/\/funstorage.thehuettl.com\/#\/schema\/logo\/image\/\"},\"sameAs\":[\"https:\/\/www.facebook.com\/funstorage.de\"]}]}<\/script>\n<!-- \/ Yoast SEO plugin. -->","yoast_head_json":{"title":"LEGO\u00ae 21184 Minecraft\u2122 Die B\u00e4ckerei | Funstorage.de","description":"LEGO\u00ae 21184 Minecraft\u2122 Die B\u00e4ckerei | Vielseitiges Minecraft\u00ae Set zum Bauen und Backen sowie f\u00fcr packende Duelle | FunStorage.de","robots":{"index":"index","follow":"follow","max-snippet":"max-snippet:-1","max-image-preview":"max-image-preview:large","max-video-preview":"max-video-preview:-1"},"canonical":"https:\/\/funstorage.thehuettl.com\/en\/wp-json\/wp\/v2\/product\/8757","og_locale":"en_US","og_type":"article","og_title":"LEGO\u00ae 21184 Minecraft\u2122 Die B\u00e4ckerei | Funstorage.de","og_description":"LEGO\u00ae 21184 Minecraft\u2122 Die B\u00e4ckerei | Vielseitiges Minecraft\u00ae Set zum Bauen und Backen sowie f\u00fcr packende Duelle | FunStorage.de","og_url":"https:\/\/funstorage.thehuettl.com\/en\/shop\/lego-21184-minecraft-die-baeckerei\/","og_site_name":"FunStorage","article_publisher":"https:\/\/www.facebook.com\/funstorage.de","article_modified_time":"2023-11-13T23:50:10+00:00","og_image":[{"width":1024,"height":1024,"url":"https:\/\/funstorage.thehuettl.com\/wp-content\/uploads\/2023\/03\/21184_boxprod_v29_ALT-1024x1024.png","type":"image\/png"}],"twitter_card":"summary_large_image","twitter_misc":{"Est. reading time":"3 minutes"},"schema":{"@context":"https:\/\/schema.org","@graph":[{"@type":"WebPage","@id":"https:\/\/funstorage.thehuettl.com\/shop\/lego-21184-minecraft-die-baeckerei\/","url":"https:\/\/funstorage.thehuettl.com\/shop\/lego-21184-minecraft-die-baeckerei\/","name":"LEGO\u00ae 21184 Minecraft\u2122 Die B\u00e4ckerei | Funstorage.de","isPartOf":{"@id":"https:\/\/funstorage.thehuettl.com\/#website"},"primaryImageOfPage":{"@id":"https:\/\/funstorage.thehuettl.com\/shop\/lego-21184-minecraft-die-baeckerei\/#primaryimage"},"image":{"@id":"https:\/\/funstorage.thehuettl.com\/shop\/lego-21184-minecraft-die-baeckerei\/#primaryimage"},"thumbnailUrl":"https:\/\/funstorage.thehuettl.com\/wp-content\/uploads\/2023\/03\/21184_boxprod_v29_ALT.png","datePublished":"2023-03-01T01:51:00+00:00","dateModified":"2023-11-13T23:50:10+00:00","description":"LEGO\u00ae 21184 Minecraft\u2122 Die B\u00e4ckerei | Vielseitiges Minecraft\u00ae Set zum Bauen und Backen sowie f\u00fcr packende Duelle | FunStorage.de","breadcrumb":{"@id":"https:\/\/funstorage.thehuettl.com\/shop\/lego-21184-minecraft-die-baeckerei\/#breadcrumb"},"inLanguage":"en-US","potentialAction":[{"@type":"ReadAction","target":["https:\/\/funstorage.thehuettl.com\/shop\/lego-21184-minecraft-die-baeckerei\/"]}]},{"@type":"ImageObject","inLanguage":"en-US","@id":"https:\/\/funstorage.thehuettl.com\/shop\/lego-21184-minecraft-die-baeckerei\/#primaryimage","url":"https:\/\/funstorage.thehuettl.com\/wp-content\/uploads\/2023\/03\/21184_boxprod_v29_ALT.png","contentUrl":"https:\/\/funstorage.thehuettl.com\/wp-content\/uploads\/2023\/03\/21184_boxprod_v29_ALT.png","width":3500,"height":3500},{"@type":"BreadcrumbList","@id":"https:\/\/funstorage.thehuettl.com\/shop\/lego-21184-minecraft-die-baeckerei\/#breadcrumb","itemListElement":[{"@type":"ListItem","position":1,"name":"Startseite","item":"https:\/\/funstorage.thehuettl.com\/step\/homepage\/"},{"@type":"ListItem","position":2,"name":"Shop","item":"https:\/\/funstorage.thehuettl.com\/shop\/"},{"@type":"ListItem","position":3,"name":"LEGO\u00ae 21184 Minecraft\u2122 Die B\u00e4ckerei"}]},{"@type":"WebSite","@id":"https:\/\/funstorage.thehuettl.com\/#website","url":"https:\/\/funstorage.thehuettl.com\/","name":"FunStorage","description":"","publisher":{"@id":"https:\/\/funstorage.thehuettl.com\/#organization"},"potentialAction":[{"@type":"SearchAction","target":{"@type":"EntryPoint","urlTemplate":"https:\/\/funstorage.thehuettl.com\/?s={search_term_string}"},"query-input":{"@type":"PropertyValueSpecification","valueRequired":true,"valueName":"search_term_string"}}],"inLanguage":"en-US"},{"@type":"Organization","@id":"https:\/\/funstorage.thehuettl.com\/#organization","name":"FunStorage","url":"https:\/\/funstorage.thehuettl.com\/","logo":{"@type":"ImageObject","inLanguage":"en-US","@id":"https:\/\/funstorage.thehuettl.com\/#\/schema\/logo\/image\/","url":"https:\/\/funstorage.thehuettl.com\/wp-content\/uploads\/2023\/02\/cropped-D2BA2C24-7753-4AC3-9F3B-6C174C5BCB99.png","contentUrl":"https:\/\/funstorage.thehuettl.com\/wp-content\/uploads\/2023\/02\/cropped-D2BA2C24-7753-4AC3-9F3B-6C174C5BCB99.png","width":512,"height":512,"caption":"FunStorage"},"image":{"@id":"https:\/\/funstorage.thehuettl.com\/#\/schema\/logo\/image\/"},"sameAs":["https:\/\/www.facebook.com\/funstorage.de"]}]}},"_links":{"self":[{"href":"https:\/\/funstorage.thehuettl.com\/en\/wp-json\/wp\/v2\/product\/8757","targetHints":{"allow":["GET"]}}],"collection":[{"href":"https:\/\/funstorage.thehuettl.com\/en\/wp-json\/wp\/v2\/product"}],"about":[{"href":"https:\/\/funstorage.thehuettl.com\/en\/wp-json\/wp\/v2\/types\/product"}],"replies":[{"embeddable":true,"href":"https:\/\/funstorage.thehuettl.com\/en\/wp-json\/wp\/v2\/comments?post=8757"}],"version-history":[{"count":0,"href":"https:\/\/funstorage.thehuettl.com\/en\/wp-json\/wp\/v2\/product\/8757\/revisions"}],"wp:featuredmedia":[{"embeddable":true,"href":"https:\/\/funstorage.thehuettl.com\/en\/wp-json\/wp\/v2\/media\/8582"}],"wp:attachment":[{"href":"https:\/\/funstorage.thehuettl.com\/en\/wp-json\/wp\/v2\/media?parent=8757"}],"wp:term":[{"taxonomy":"product_brand","embeddable":true,"href":"https:\/\/funstorage.thehuettl.com\/en\/wp-json\/wp\/v2\/product_brand?post=8757"},{"taxonomy":"product_cat","embeddable":true,"href":"https:\/\/funstorage.thehuettl.com\/en\/wp-json\/wp\/v2\/product_cat?post=8757"},{"taxonomy":"product_tag","embeddable":true,"href":"https:\/\/funstorage.thehuettl.com\/en\/wp-json\/wp\/v2\/product_tag?post=8757"}],"curies":[{"name":"wp","href":"https:\/\/api.w.org\/{rel}","templated":true}]}}