{"id":8758,"date":"2023-03-01T02:51:00","date_gmt":"2023-03-01T01:51:00","guid":{"rendered":"https:\/\/funstorage.thehuettl.com\/?post_type=product&#038;p=8758"},"modified":"2024-04-29T01:22:40","modified_gmt":"2024-04-28T23:22:40","slug":"lego-21185-minecraft-die-netherbastion","status":"publish","type":"product","link":"https:\/\/funstorage.thehuettl.com\/en\/shop\/lego-21185-minecraft-die-netherbastion\/","title":{"rendered":"LEGO\u00ae 21185 Minecraft\u2122 Die Netherbastion"},"content":{"rendered":"<p>Bahne dir deinen Weg in Die Netherbastion! B\u00e4ndige einen Schreiter, um auf ihm \u00fcber die Lava zu reiten. Sammle Netherwarzen f\u00fcr deine Zaubertr\u00e4nke. Aber sei auf der Hut: Ein Magmaw\u00fcrfel ist fest entschlossen, dich daran zu hindern! Benutze dann dein TNT, um den Piglin und den Piglin-Barbar von dir fernzuhalten, w\u00e4hrend du dir einige Goldbl\u00f6cke schnappst. Hol dir Netheritschrott, Eisennuggets und rohes Schweinefleisch aus der Schatztruhe und st\u00fcrz dich in weitere Abenteuer!<\/p>\n<p>&nbsp;<\/p>\n<p>Kinder ab 8 Jahren, die gerne Minecraft\u00ae spielen, werden die unz\u00e4hligen Abenteuer mit dem LEGO\u00ae Minecraft Set \u201eDie Netherbastion\u201c (21185) lieben. Eine besonders abwechslungsreiche Minecraft-Mission Die Spieler bahnen sich ihren Weg in die Netherbastion und meistern dabei einige Herausforderungen, um Gegenst\u00e4nde zu sammeln, die ihnen viele weitere Spielm\u00f6glichkeiten er\u00f6ffnen, genau wie die Minecraft-Charaktere: Ein Nether-Abenteurer, ein Magmaw\u00fcrfel, ein Piglin-Barbar, ein Piglin und ein Schreiter. Zu den diversen Spezialfunktionen z\u00e4hlt auch eine Explosionsfunktion, die dadurch ausgel\u00f6st wird, dass man TNT hineinsteckt und einen Hebel dr\u00fcckt. Dein Kind wird auch die authentischen Elemente aus dem Videospiel sofort erkennen: Karmesinwurzel, Wirrpilz, golddurchzogenen Schwarzstein, Netherwarze, rote Pilze, Seelenfackeln, Goldbl\u00f6cke, Nethergolderz und Seelenfeuer sowie eine Goldaxt, eine Armbrust und ein Netheritschwert, TNT, eine Angelrute und eine Schatztruhe mit Netheritschrott, Eisennuggets und rohem Schweinefleisch. Genau wie das Minecraft-Videospiel l\u00e4sst sich auch dieses Spielset vielseitig umgestalten.<\/p>\n<p>&nbsp;<\/p>\n<p><span lang=\"DE\">Anzahl Teile: 300<br \/>\nAltersempfehlung: 8+<br \/>\nThema: LEGO\u00ae Minecraft\u2122<\/span><span lang=\"DE\"><br \/>\nEAN: 5702017156637<\/span><\/p>\n<p>&nbsp;<\/p>\n<p>\u2022 Minecraft\u00ae Mission: Kinder, die das Videospiel Minecraft lieben, k\u00f6nnen sich auf viele kreative Herausforderungen und spannende Duelle mit dem LEGO\u00ae Minecraft Set \u201eDie Netherbastion\u201c (21185) freuen<br \/>\n\u2022 Charaktere aus dem Videospiel: Das Set beinhaltet neben coolen Funktionen und Zubeh\u00f6relementen auch einige Minecraft\u00ae Charaktere: einen Nether-Abenteurer, einen Magmaw\u00fcrfel, einen Piglin-Barbar, einen Piglin und einen Schreiter<br \/>\n\u2022 Spannendes Actionvergn\u00fcgen: Die Spieler bahnen sich ihren Weg in die feurige Netherbastion. Dabei m\u00fcssen sie einige Herausforderungen meistern, um Gegenst\u00e4nde zu sammeln, die ihnen noch viele weitere kreative Spielm\u00f6glichkeiten er\u00f6ffnen<br \/>\n\u2022 Kreatives Minecraft\u00ae Geschenk: Dieses coole Geburtstags-, Weihnachts- oder \u00dcberraschungsgeschenk l\u00e4sst Kinder ab 8 Jahren Abenteuer aus dem Videospiel mit LEGO Steinen darstellen<br \/>\n\u2022 L\u00e4sst sich f\u00fcr neue Abenteuer umbauen: Das umgestaltbare Modell ist 9\u00a0cm hoch, 19\u00a0cm breit und 18\u00a0cm tief und bietet unz\u00e4hlige Spielm\u00f6glichkeiten<br \/>\n\u2022 Authentisches Zubeh\u00f6r: Karmesinwurzel, Pilze, Schwarzstein, Gold, Netherwarzen, Seelenfackeln und Seelenfeuer sowie diverse Ausr\u00fcstung, TNT und eine Kiste mit weiteren Gegenst\u00e4nden<br \/>\n\u2022 Minecraft\u00ae Spa\u00df in der echten Welt: LEGO\u00ae Minecraft Sets lassen Kinder das Videospiel auf eine ganz andere Art erleben. Beliebte Kreaturen, Szenen und Funktionen werden mit LEGO Steinen und der eigenen Kreativit\u00e4t zum Leben erweckt<br \/>\n\u2022 Garantierte Qualit\u00e4t: LEGO\u00ae Elemente erf\u00fcllen die strengen Qualit\u00e4tsstandards der Branche, damit sie einheitlich und kompatibel sind und sich jedes Mal perfekt zusammenstecken und m\u00fchelos wieder trennen lassen<br \/>\n\u2022 Garantierte Sicherheit: LEGO\u00ae Elemente werden Fall-, Hitze-, Druck- und Torsionstests unterzogen und analysiert, damit sie strengen globalen Sicherheitsstandards gen\u00fcgen<\/p>\n<p>&nbsp;<\/p>\n<p>&nbsp;<\/p>","protected":false},"excerpt":{"rendered":"<p>inecraft\u00ae Spieler k\u00f6nnen mit den legend\u00e4ren Minecraft-Charakteren in diesem faszinierenden Set spannende Abenteuer im Nether darstellen.<\/p>","protected":false},"featured_media":8589,"comment_status":"open","ping_status":"closed","template":"","meta":[],"product_brand":[],"product_cat":[34,302],"product_tag":[45,306,347],"class_list":{"0":"post-8758","1":"product","2":"type-product","3":"status-publish","4":"has-post-thumbnail","6":"product_cat-lego","7":"product_cat-lego-minecraft","8":"product_tag-lego","9":"product_tag-minecraft","10":"product_tag-netherbastion","12":"first","13":"instock","14":"taxable","15":"shipping-taxable","16":"purchasable","17":"product-type-simple"},"yoast_head":"<!-- This site is optimized with the Yoast SEO plugin v26.4 - https:\/\/yoast.com\/wordpress\/plugins\/seo\/ -->\n<title>LEGO\u00ae 21185 Minecraft\u2122 Die Netherbastion | FS<\/title>\n<meta name=\"description\" content=\"LEGO\u00ae 21185 Minecraft\u2122 Die Netherbastion | Minecraft\u00ae Action im Nether-Biom | FunStorage.de\" \/>\n<meta name=\"robots\" content=\"index, follow, max-snippet:-1, max-image-preview:large, max-video-preview:-1\" \/>\n<link rel=\"canonical\" href=\"https:\/\/funstorage.thehuettl.com\/en\/wp-json\/wp\/v2\/product\/8758\" \/>\n<meta property=\"og:locale\" content=\"en_US\" \/>\n<meta property=\"og:type\" content=\"article\" \/>\n<meta property=\"og:title\" content=\"LEGO\u00ae 21185 Minecraft\u2122 Die Netherbastion | FS\" \/>\n<meta property=\"og:description\" content=\"LEGO\u00ae 21185 Minecraft\u2122 Die Netherbastion | Minecraft\u00ae Action im Nether-Biom | FunStorage.de\" \/>\n<meta property=\"og:url\" content=\"https:\/\/funstorage.thehuettl.com\/en\/shop\/lego-21185-minecraft-die-netherbastion\/\" \/>\n<meta property=\"og:site_name\" content=\"FunStorage\" \/>\n<meta property=\"article:publisher\" content=\"https:\/\/www.facebook.com\/funstorage.de\" \/>\n<meta property=\"article:modified_time\" content=\"2024-04-28T23:22:40+00:00\" \/>\n<meta property=\"og:image\" content=\"https:\/\/funstorage.thehuettl.com\/wp-content\/uploads\/2023\/03\/21185_boxprod_v29_ALT-1024x1024.png\" \/>\n\t<meta property=\"og:image:width\" content=\"1024\" \/>\n\t<meta property=\"og:image:height\" content=\"1024\" \/>\n\t<meta property=\"og:image:type\" content=\"image\/png\" \/>\n<meta name=\"twitter:card\" content=\"summary_large_image\" \/>\n<meta name=\"twitter:label1\" content=\"Est. reading time\" \/>\n\t<meta name=\"twitter:data1\" content=\"3 minutes\" \/>\n<script type=\"application\/ld+json\" class=\"yoast-schema-graph\">{\"@context\":\"https:\/\/schema.org\",\"@graph\":[{\"@type\":\"WebPage\",\"@id\":\"https:\/\/funstorage.thehuettl.com\/shop\/lego-21185-minecraft-die-netherbastion\/\",\"url\":\"https:\/\/funstorage.thehuettl.com\/shop\/lego-21185-minecraft-die-netherbastion\/\",\"name\":\"LEGO\u00ae 21185 Minecraft\u2122 Die Netherbastion | FS\",\"isPartOf\":{\"@id\":\"https:\/\/funstorage.thehuettl.com\/#website\"},\"primaryImageOfPage\":{\"@id\":\"https:\/\/funstorage.thehuettl.com\/shop\/lego-21185-minecraft-die-netherbastion\/#primaryimage\"},\"image\":{\"@id\":\"https:\/\/funstorage.thehuettl.com\/shop\/lego-21185-minecraft-die-netherbastion\/#primaryimage\"},\"thumbnailUrl\":\"https:\/\/funstorage.thehuettl.com\/wp-content\/uploads\/2023\/03\/21185_boxprod_v29_ALT.png\",\"datePublished\":\"2023-03-01T01:51:00+00:00\",\"dateModified\":\"2024-04-28T23:22:40+00:00\",\"description\":\"LEGO\u00ae 21185 Minecraft\u2122 Die Netherbastion | Minecraft\u00ae Action im Nether-Biom | FunStorage.de\",\"breadcrumb\":{\"@id\":\"https:\/\/funstorage.thehuettl.com\/shop\/lego-21185-minecraft-die-netherbastion\/#breadcrumb\"},\"inLanguage\":\"en-US\",\"potentialAction\":[{\"@type\":\"ReadAction\",\"target\":[\"https:\/\/funstorage.thehuettl.com\/shop\/lego-21185-minecraft-die-netherbastion\/\"]}]},{\"@type\":\"ImageObject\",\"inLanguage\":\"en-US\",\"@id\":\"https:\/\/funstorage.thehuettl.com\/shop\/lego-21185-minecraft-die-netherbastion\/#primaryimage\",\"url\":\"https:\/\/funstorage.thehuettl.com\/wp-content\/uploads\/2023\/03\/21185_boxprod_v29_ALT.png\",\"contentUrl\":\"https:\/\/funstorage.thehuettl.com\/wp-content\/uploads\/2023\/03\/21185_boxprod_v29_ALT.png\",\"width\":3500,\"height\":3500},{\"@type\":\"BreadcrumbList\",\"@id\":\"https:\/\/funstorage.thehuettl.com\/shop\/lego-21185-minecraft-die-netherbastion\/#breadcrumb\",\"itemListElement\":[{\"@type\":\"ListItem\",\"position\":1,\"name\":\"Startseite\",\"item\":\"https:\/\/funstorage.thehuettl.com\/step\/homepage\/\"},{\"@type\":\"ListItem\",\"position\":2,\"name\":\"Shop\",\"item\":\"https:\/\/funstorage.thehuettl.com\/shop\/\"},{\"@type\":\"ListItem\",\"position\":3,\"name\":\"LEGO\u00ae 21185 Minecraft\u2122 Die Netherbastion\"}]},{\"@type\":\"WebSite\",\"@id\":\"https:\/\/funstorage.thehuettl.com\/#website\",\"url\":\"https:\/\/funstorage.thehuettl.com\/\",\"name\":\"FunStorage\",\"description\":\"\",\"publisher\":{\"@id\":\"https:\/\/funstorage.thehuettl.com\/#organization\"},\"potentialAction\":[{\"@type\":\"SearchAction\",\"target\":{\"@type\":\"EntryPoint\",\"urlTemplate\":\"https:\/\/funstorage.thehuettl.com\/?s={search_term_string}\"},\"query-input\":{\"@type\":\"PropertyValueSpecification\",\"valueRequired\":true,\"valueName\":\"search_term_string\"}}],\"inLanguage\":\"en-US\"},{\"@type\":\"Organization\",\"@id\":\"https:\/\/funstorage.thehuettl.com\/#organization\",\"name\":\"FunStorage\",\"url\":\"https:\/\/funstorage.thehuettl.com\/\",\"logo\":{\"@type\":\"ImageObject\",\"inLanguage\":\"en-US\",\"@id\":\"https:\/\/funstorage.thehuettl.com\/#\/schema\/logo\/image\/\",\"url\":\"https:\/\/funstorage.thehuettl.com\/wp-content\/uploads\/2023\/02\/cropped-D2BA2C24-7753-4AC3-9F3B-6C174C5BCB99.png\",\"contentUrl\":\"https:\/\/funstorage.thehuettl.com\/wp-content\/uploads\/2023\/02\/cropped-D2BA2C24-7753-4AC3-9F3B-6C174C5BCB99.png\",\"width\":512,\"height\":512,\"caption\":\"FunStorage\"},\"image\":{\"@id\":\"https:\/\/funstorage.thehuettl.com\/#\/schema\/logo\/image\/\"},\"sameAs\":[\"https:\/\/www.facebook.com\/funstorage.de\"]}]}<\/script>\n<!-- \/ Yoast SEO plugin. -->","yoast_head_json":{"title":"LEGO\u00ae 21185 Minecraft\u2122 Die Netherbastion | FS","description":"LEGO\u00ae 21185 Minecraft\u2122 Die Netherbastion | Minecraft\u00ae Action im Nether-Biom | FunStorage.de","robots":{"index":"index","follow":"follow","max-snippet":"max-snippet:-1","max-image-preview":"max-image-preview:large","max-video-preview":"max-video-preview:-1"},"canonical":"https:\/\/funstorage.thehuettl.com\/en\/wp-json\/wp\/v2\/product\/8758","og_locale":"en_US","og_type":"article","og_title":"LEGO\u00ae 21185 Minecraft\u2122 Die Netherbastion | FS","og_description":"LEGO\u00ae 21185 Minecraft\u2122 Die Netherbastion | Minecraft\u00ae Action im Nether-Biom | FunStorage.de","og_url":"https:\/\/funstorage.thehuettl.com\/en\/shop\/lego-21185-minecraft-die-netherbastion\/","og_site_name":"FunStorage","article_publisher":"https:\/\/www.facebook.com\/funstorage.de","article_modified_time":"2024-04-28T23:22:40+00:00","og_image":[{"width":1024,"height":1024,"url":"https:\/\/funstorage.thehuettl.com\/wp-content\/uploads\/2023\/03\/21185_boxprod_v29_ALT-1024x1024.png","type":"image\/png"}],"twitter_card":"summary_large_image","twitter_misc":{"Est. reading time":"3 minutes"},"schema":{"@context":"https:\/\/schema.org","@graph":[{"@type":"WebPage","@id":"https:\/\/funstorage.thehuettl.com\/shop\/lego-21185-minecraft-die-netherbastion\/","url":"https:\/\/funstorage.thehuettl.com\/shop\/lego-21185-minecraft-die-netherbastion\/","name":"LEGO\u00ae 21185 Minecraft\u2122 Die Netherbastion | FS","isPartOf":{"@id":"https:\/\/funstorage.thehuettl.com\/#website"},"primaryImageOfPage":{"@id":"https:\/\/funstorage.thehuettl.com\/shop\/lego-21185-minecraft-die-netherbastion\/#primaryimage"},"image":{"@id":"https:\/\/funstorage.thehuettl.com\/shop\/lego-21185-minecraft-die-netherbastion\/#primaryimage"},"thumbnailUrl":"https:\/\/funstorage.thehuettl.com\/wp-content\/uploads\/2023\/03\/21185_boxprod_v29_ALT.png","datePublished":"2023-03-01T01:51:00+00:00","dateModified":"2024-04-28T23:22:40+00:00","description":"LEGO\u00ae 21185 Minecraft\u2122 Die Netherbastion | Minecraft\u00ae Action im Nether-Biom | FunStorage.de","breadcrumb":{"@id":"https:\/\/funstorage.thehuettl.com\/shop\/lego-21185-minecraft-die-netherbastion\/#breadcrumb"},"inLanguage":"en-US","potentialAction":[{"@type":"ReadAction","target":["https:\/\/funstorage.thehuettl.com\/shop\/lego-21185-minecraft-die-netherbastion\/"]}]},{"@type":"ImageObject","inLanguage":"en-US","@id":"https:\/\/funstorage.thehuettl.com\/shop\/lego-21185-minecraft-die-netherbastion\/#primaryimage","url":"https:\/\/funstorage.thehuettl.com\/wp-content\/uploads\/2023\/03\/21185_boxprod_v29_ALT.png","contentUrl":"https:\/\/funstorage.thehuettl.com\/wp-content\/uploads\/2023\/03\/21185_boxprod_v29_ALT.png","width":3500,"height":3500},{"@type":"BreadcrumbList","@id":"https:\/\/funstorage.thehuettl.com\/shop\/lego-21185-minecraft-die-netherbastion\/#breadcrumb","itemListElement":[{"@type":"ListItem","position":1,"name":"Startseite","item":"https:\/\/funstorage.thehuettl.com\/step\/homepage\/"},{"@type":"ListItem","position":2,"name":"Shop","item":"https:\/\/funstorage.thehuettl.com\/shop\/"},{"@type":"ListItem","position":3,"name":"LEGO\u00ae 21185 Minecraft\u2122 Die Netherbastion"}]},{"@type":"WebSite","@id":"https:\/\/funstorage.thehuettl.com\/#website","url":"https:\/\/funstorage.thehuettl.com\/","name":"FunStorage","description":"","publisher":{"@id":"https:\/\/funstorage.thehuettl.com\/#organization"},"potentialAction":[{"@type":"SearchAction","target":{"@type":"EntryPoint","urlTemplate":"https:\/\/funstorage.thehuettl.com\/?s={search_term_string}"},"query-input":{"@type":"PropertyValueSpecification","valueRequired":true,"valueName":"search_term_string"}}],"inLanguage":"en-US"},{"@type":"Organization","@id":"https:\/\/funstorage.thehuettl.com\/#organization","name":"FunStorage","url":"https:\/\/funstorage.thehuettl.com\/","logo":{"@type":"ImageObject","inLanguage":"en-US","@id":"https:\/\/funstorage.thehuettl.com\/#\/schema\/logo\/image\/","url":"https:\/\/funstorage.thehuettl.com\/wp-content\/uploads\/2023\/02\/cropped-D2BA2C24-7753-4AC3-9F3B-6C174C5BCB99.png","contentUrl":"https:\/\/funstorage.thehuettl.com\/wp-content\/uploads\/2023\/02\/cropped-D2BA2C24-7753-4AC3-9F3B-6C174C5BCB99.png","width":512,"height":512,"caption":"FunStorage"},"image":{"@id":"https:\/\/funstorage.thehuettl.com\/#\/schema\/logo\/image\/"},"sameAs":["https:\/\/www.facebook.com\/funstorage.de"]}]}},"_links":{"self":[{"href":"https:\/\/funstorage.thehuettl.com\/en\/wp-json\/wp\/v2\/product\/8758","targetHints":{"allow":["GET"]}}],"collection":[{"href":"https:\/\/funstorage.thehuettl.com\/en\/wp-json\/wp\/v2\/product"}],"about":[{"href":"https:\/\/funstorage.thehuettl.com\/en\/wp-json\/wp\/v2\/types\/product"}],"replies":[{"embeddable":true,"href":"https:\/\/funstorage.thehuettl.com\/en\/wp-json\/wp\/v2\/comments?post=8758"}],"version-history":[{"count":0,"href":"https:\/\/funstorage.thehuettl.com\/en\/wp-json\/wp\/v2\/product\/8758\/revisions"}],"wp:featuredmedia":[{"embeddable":true,"href":"https:\/\/funstorage.thehuettl.com\/en\/wp-json\/wp\/v2\/media\/8589"}],"wp:attachment":[{"href":"https:\/\/funstorage.thehuettl.com\/en\/wp-json\/wp\/v2\/media?parent=8758"}],"wp:term":[{"taxonomy":"product_brand","embeddable":true,"href":"https:\/\/funstorage.thehuettl.com\/en\/wp-json\/wp\/v2\/product_brand?post=8758"},{"taxonomy":"product_cat","embeddable":true,"href":"https:\/\/funstorage.thehuettl.com\/en\/wp-json\/wp\/v2\/product_cat?post=8758"},{"taxonomy":"product_tag","embeddable":true,"href":"https:\/\/funstorage.thehuettl.com\/en\/wp-json\/wp\/v2\/product_tag?post=8758"}],"curies":[{"name":"wp","href":"https:\/\/api.w.org\/{rel}","templated":true}]}}