{"id":8759,"date":"2023-03-01T02:51:00","date_gmt":"2023-03-01T01:51:00","guid":{"rendered":"https:\/\/funstorage.thehuettl.com\/?post_type=product&#038;p=8759"},"modified":"2023-11-14T00:50:12","modified_gmt":"2023-11-13T23:50:12","slug":"lego-21186-minecraft-der-eispalast","status":"publish","type":"product","link":"https:\/\/funstorage.thehuettl.com\/en\/shop\/lego-21186-minecraft-der-eispalast\/","title":{"rendered":"LEGO\u00ae 21186 Minecraft\u2122 Der Eispalast"},"content":{"rendered":"<p>Deine Basis im Eispalast wird von Skeletten und Zombies angegriffen! Hilf dem K\u00f6niglichen Krieger, mithilfe von Werkbank, Steins\u00e4ge und Amboss Ausr\u00fcstung anzufertigen. Steig die T\u00fcrme hinauf, um nach dem Gegner Ausschau zu halten. Benutze das Katapult, um Pfeile abzufeuern. Braue nach dem Duell Heiltr\u00e4nke im Kessel und hol dir Vorr\u00e4te aus der Kiste hinter dem Thron, um f\u00fcr den n\u00e4chsten Angriff ger\u00fcstet zu sein!<\/p>\n<p>&nbsp;<\/p>\n<p>Das grandiose LEGO\u00ae Minecraft\u00ae Spielset \u201eDer Eispalast\u201c (21186) l\u00e4sst Kinder ab 8 Jahren kreativ werden und spannende Action erleben \u2013 genau wie im Videospiel Minecraft. Ein Minecraft-Set zum Bestaunen! Dieses vielseitige Set zum Bauen, Spielen und Ausstellen bietet Minecraft-Spielern unz\u00e4hlige M\u00f6glichkeiten. Ein K\u00f6niglicher Krieger, ein Yeti sowie feindselige Skelette und Zombies und jede Menge coole Ausr\u00fcstung lassen dein Kind spannende Duelle im Palast darstellen. Ein Katapult auf der Festungsmauer feuert Pfeile auf die vorr\u00fcckende Horde ab. Reichlich authentisches Zubeh\u00f6r aus dem Videospiel Minecraft l\u00e4dt zum Spielen ein, unter anderem ein Kessel zum Brauen von Zaubertr\u00e4nken, eine Schatztruhe voll kostbarer Vorr\u00e4te und eine klassische Werkbank. Nach dem Abenteuer l\u00e4sst sich das Bauwerk m\u00fchelos umbauen, um eine kreative neue Minecraft-Welt zu erschaffen.<\/p>\n<p>&nbsp;<\/p>\n<p><span lang=\"DE\">Anzahl Teile: 499<br \/>\nAltersempfehlung: 8+<br \/>\nThema: LEGO\u00ae Minecraft\u2122<\/span><span lang=\"DE\"><br \/>\nEAN: 5702017156644<\/span><\/p>\n<p>&nbsp;<\/p>\n<p>\u2022 Minecraft\u00ae Actionspa\u00df: Das LEGO\u00ae Minecraft Spielset \u201eDer Eispalast\u201c (21186) zum Spielen und Ausstellen bietet Minecraft-Spielern unz\u00e4hlige M\u00f6glichkeiten und l\u00e4sst sich f\u00fcr weitere kreativ Abenteuer vielseitig umgestalten<br \/>\n\u2022 Vertraute Charaktere: Das Spielset beinhaltet den K\u00f6niglichen Krieger, einen Yeti und 4 feindselige Kreaturen: 2 Skelette und 2 Zombies<br \/>\n\u2022 Kreative Abenteuer: Die Spieler st\u00fcrzen sich in eine ganze Reihe von Abenteuern im und vorm Palast. Unter anderem k\u00f6nnen sie einen Angriff mit dem Pfeilkatapult abwehren<br \/>\n\u2022 Kreativer Spielspa\u00df f\u00fcr Kinder: Du suchst nach einem kreativen Geburtstags-, Weihnachts- oder \u00dcberraschungsgeschenk f\u00fcr Minecraft\u00ae Spielerinnen und Spieler ab 8 Jahren? Dann liegst du mit diesem vielseitigen Actionspielset goldrichtig<br \/>\n\u2022 Vielseitiges Spielset: Dieses vielseitig umgestaltbare Modell ist 16\u00a0cm hoch, 23\u00a0cm breit und 19\u00a0cm tief und bietet unz\u00e4hlige Spielm\u00f6glichkeiten<br \/>\n\u2022 Authentisches Zubeh\u00f6r: Diamantschwert, Bannerschild, Armbrust, Axt, Werkbank, Steins\u00e4ge, Amboss und Kessel<br \/>\n\u2022 Minecraft\u00ae Spa\u00df in der echten Welt: LEGO\u00ae Minecraft Sets lassen Kinder das Videospiel auf eine ganz andere Art erleben. Bekannte Charaktere, Szenen und Funktionen werden mit LEGO Steinen und der eigenen Kreativit\u00e4t zum Leben erweckt<br \/>\n\u2022 Garantierte Qualit\u00e4t: LEGO\u00ae Elemente erf\u00fcllen die strengen Qualit\u00e4tsstandards der Branche, damit sie einheitlich und kompatibel sind und sich jedes Mal perfekt zusammenstecken und m\u00fchelos wieder trennen lassen<br \/>\n\u2022 Garantierte Sicherheit: LEGO\u00ae Elemente werden Fall-, Hitze-, Druck- und Torsionstests unterzogen und analysiert, damit sie strengen globalen Sicherheitsstandards gen\u00fcgen<\/p>","protected":false},"excerpt":{"rendered":"<p>Der imposante Minecraft\u00ae Eispalast beinhaltet jede Menge coole Funktionen f\u00fcr spannende Duelle und l\u00e4sst sich f\u00fcr unz\u00e4hlige kreative Abenteuer vielseitig umbauen.<\/p>","protected":false},"featured_media":8597,"comment_status":"open","ping_status":"closed","template":"","meta":[],"product_brand":[],"product_cat":[34,302],"product_tag":[348,45,306],"class_list":{"0":"post-8759","1":"product","2":"type-product","3":"status-publish","4":"has-post-thumbnail","6":"product_cat-lego","7":"product_cat-lego-minecraft","8":"product_tag-eispalast","9":"product_tag-lego","10":"product_tag-minecraft","12":"first","13":"instock","14":"taxable","15":"shipping-taxable","16":"purchasable","17":"product-type-simple"},"yoast_head":"<!-- This site is optimized with the Yoast SEO plugin v26.4 - https:\/\/yoast.com\/wordpress\/plugins\/seo\/ -->\n<title>LEGO\u00ae 21186 Minecraft\u2122 Der Eispalast | FS<\/title>\n<meta name=\"description\" content=\"LEGO\u00ae 21186 Minecraft\u2122 Der Eispalast | Actionspielset, das das Videospiel Minecraft\u00ae zum Leben erweckt | Funstorage.de\" \/>\n<meta name=\"robots\" content=\"index, follow, max-snippet:-1, max-image-preview:large, max-video-preview:-1\" \/>\n<link rel=\"canonical\" href=\"https:\/\/funstorage.thehuettl.com\/en\/wp-json\/wp\/v2\/product\/8759\" \/>\n<meta property=\"og:locale\" content=\"en_US\" \/>\n<meta property=\"og:type\" content=\"article\" \/>\n<meta property=\"og:title\" content=\"LEGO\u00ae 21186 Minecraft\u2122 Der Eispalast | FS\" \/>\n<meta property=\"og:description\" content=\"LEGO\u00ae 21186 Minecraft\u2122 Der Eispalast | Actionspielset, das das Videospiel Minecraft\u00ae zum Leben erweckt | Funstorage.de\" \/>\n<meta property=\"og:url\" content=\"https:\/\/funstorage.thehuettl.com\/en\/shop\/lego-21186-minecraft-der-eispalast\/\" \/>\n<meta property=\"og:site_name\" content=\"FunStorage\" \/>\n<meta property=\"article:publisher\" content=\"https:\/\/www.facebook.com\/funstorage.de\" \/>\n<meta property=\"article:modified_time\" content=\"2023-11-13T23:50:12+00:00\" \/>\n<meta property=\"og:image\" content=\"https:\/\/funstorage.thehuettl.com\/wp-content\/uploads\/2023\/03\/21186_boxprod_v29_ALT-1024x1024.png\" \/>\n\t<meta property=\"og:image:width\" content=\"1024\" \/>\n\t<meta property=\"og:image:height\" content=\"1024\" \/>\n\t<meta property=\"og:image:type\" content=\"image\/png\" \/>\n<meta name=\"twitter:card\" content=\"summary_large_image\" \/>\n<meta name=\"twitter:label1\" content=\"Est. reading time\" \/>\n\t<meta name=\"twitter:data1\" content=\"3 minutes\" \/>\n<script type=\"application\/ld+json\" class=\"yoast-schema-graph\">{\"@context\":\"https:\/\/schema.org\",\"@graph\":[{\"@type\":\"WebPage\",\"@id\":\"https:\/\/funstorage.thehuettl.com\/shop\/lego-21186-minecraft-der-eispalast\/\",\"url\":\"https:\/\/funstorage.thehuettl.com\/shop\/lego-21186-minecraft-der-eispalast\/\",\"name\":\"LEGO\u00ae 21186 Minecraft\u2122 Der Eispalast | FS\",\"isPartOf\":{\"@id\":\"https:\/\/funstorage.thehuettl.com\/#website\"},\"primaryImageOfPage\":{\"@id\":\"https:\/\/funstorage.thehuettl.com\/shop\/lego-21186-minecraft-der-eispalast\/#primaryimage\"},\"image\":{\"@id\":\"https:\/\/funstorage.thehuettl.com\/shop\/lego-21186-minecraft-der-eispalast\/#primaryimage\"},\"thumbnailUrl\":\"https:\/\/funstorage.thehuettl.com\/wp-content\/uploads\/2023\/03\/21186_boxprod_v29_ALT.png\",\"datePublished\":\"2023-03-01T01:51:00+00:00\",\"dateModified\":\"2023-11-13T23:50:12+00:00\",\"description\":\"LEGO\u00ae 21186 Minecraft\u2122 Der Eispalast | Actionspielset, das das Videospiel Minecraft\u00ae zum Leben erweckt | Funstorage.de\",\"breadcrumb\":{\"@id\":\"https:\/\/funstorage.thehuettl.com\/shop\/lego-21186-minecraft-der-eispalast\/#breadcrumb\"},\"inLanguage\":\"en-US\",\"potentialAction\":[{\"@type\":\"ReadAction\",\"target\":[\"https:\/\/funstorage.thehuettl.com\/shop\/lego-21186-minecraft-der-eispalast\/\"]}]},{\"@type\":\"ImageObject\",\"inLanguage\":\"en-US\",\"@id\":\"https:\/\/funstorage.thehuettl.com\/shop\/lego-21186-minecraft-der-eispalast\/#primaryimage\",\"url\":\"https:\/\/funstorage.thehuettl.com\/wp-content\/uploads\/2023\/03\/21186_boxprod_v29_ALT.png\",\"contentUrl\":\"https:\/\/funstorage.thehuettl.com\/wp-content\/uploads\/2023\/03\/21186_boxprod_v29_ALT.png\",\"width\":3500,\"height\":3500},{\"@type\":\"BreadcrumbList\",\"@id\":\"https:\/\/funstorage.thehuettl.com\/shop\/lego-21186-minecraft-der-eispalast\/#breadcrumb\",\"itemListElement\":[{\"@type\":\"ListItem\",\"position\":1,\"name\":\"Startseite\",\"item\":\"https:\/\/funstorage.thehuettl.com\/step\/homepage\/\"},{\"@type\":\"ListItem\",\"position\":2,\"name\":\"Shop\",\"item\":\"https:\/\/funstorage.thehuettl.com\/shop\/\"},{\"@type\":\"ListItem\",\"position\":3,\"name\":\"LEGO\u00ae 21186 Minecraft\u2122 Der Eispalast\"}]},{\"@type\":\"WebSite\",\"@id\":\"https:\/\/funstorage.thehuettl.com\/#website\",\"url\":\"https:\/\/funstorage.thehuettl.com\/\",\"name\":\"FunStorage\",\"description\":\"\",\"publisher\":{\"@id\":\"https:\/\/funstorage.thehuettl.com\/#organization\"},\"potentialAction\":[{\"@type\":\"SearchAction\",\"target\":{\"@type\":\"EntryPoint\",\"urlTemplate\":\"https:\/\/funstorage.thehuettl.com\/?s={search_term_string}\"},\"query-input\":{\"@type\":\"PropertyValueSpecification\",\"valueRequired\":true,\"valueName\":\"search_term_string\"}}],\"inLanguage\":\"en-US\"},{\"@type\":\"Organization\",\"@id\":\"https:\/\/funstorage.thehuettl.com\/#organization\",\"name\":\"FunStorage\",\"url\":\"https:\/\/funstorage.thehuettl.com\/\",\"logo\":{\"@type\":\"ImageObject\",\"inLanguage\":\"en-US\",\"@id\":\"https:\/\/funstorage.thehuettl.com\/#\/schema\/logo\/image\/\",\"url\":\"https:\/\/funstorage.thehuettl.com\/wp-content\/uploads\/2023\/02\/cropped-D2BA2C24-7753-4AC3-9F3B-6C174C5BCB99.png\",\"contentUrl\":\"https:\/\/funstorage.thehuettl.com\/wp-content\/uploads\/2023\/02\/cropped-D2BA2C24-7753-4AC3-9F3B-6C174C5BCB99.png\",\"width\":512,\"height\":512,\"caption\":\"FunStorage\"},\"image\":{\"@id\":\"https:\/\/funstorage.thehuettl.com\/#\/schema\/logo\/image\/\"},\"sameAs\":[\"https:\/\/www.facebook.com\/funstorage.de\"]}]}<\/script>\n<!-- \/ Yoast SEO plugin. -->","yoast_head_json":{"title":"LEGO\u00ae 21186 Minecraft\u2122 Der Eispalast | FS","description":"LEGO\u00ae 21186 Minecraft\u2122 Der Eispalast | Actionspielset, das das Videospiel Minecraft\u00ae zum Leben erweckt | Funstorage.de","robots":{"index":"index","follow":"follow","max-snippet":"max-snippet:-1","max-image-preview":"max-image-preview:large","max-video-preview":"max-video-preview:-1"},"canonical":"https:\/\/funstorage.thehuettl.com\/en\/wp-json\/wp\/v2\/product\/8759","og_locale":"en_US","og_type":"article","og_title":"LEGO\u00ae 21186 Minecraft\u2122 Der Eispalast | FS","og_description":"LEGO\u00ae 21186 Minecraft\u2122 Der Eispalast | Actionspielset, das das Videospiel Minecraft\u00ae zum Leben erweckt | Funstorage.de","og_url":"https:\/\/funstorage.thehuettl.com\/en\/shop\/lego-21186-minecraft-der-eispalast\/","og_site_name":"FunStorage","article_publisher":"https:\/\/www.facebook.com\/funstorage.de","article_modified_time":"2023-11-13T23:50:12+00:00","og_image":[{"width":1024,"height":1024,"url":"https:\/\/funstorage.thehuettl.com\/wp-content\/uploads\/2023\/03\/21186_boxprod_v29_ALT-1024x1024.png","type":"image\/png"}],"twitter_card":"summary_large_image","twitter_misc":{"Est. reading time":"3 minutes"},"schema":{"@context":"https:\/\/schema.org","@graph":[{"@type":"WebPage","@id":"https:\/\/funstorage.thehuettl.com\/shop\/lego-21186-minecraft-der-eispalast\/","url":"https:\/\/funstorage.thehuettl.com\/shop\/lego-21186-minecraft-der-eispalast\/","name":"LEGO\u00ae 21186 Minecraft\u2122 Der Eispalast | FS","isPartOf":{"@id":"https:\/\/funstorage.thehuettl.com\/#website"},"primaryImageOfPage":{"@id":"https:\/\/funstorage.thehuettl.com\/shop\/lego-21186-minecraft-der-eispalast\/#primaryimage"},"image":{"@id":"https:\/\/funstorage.thehuettl.com\/shop\/lego-21186-minecraft-der-eispalast\/#primaryimage"},"thumbnailUrl":"https:\/\/funstorage.thehuettl.com\/wp-content\/uploads\/2023\/03\/21186_boxprod_v29_ALT.png","datePublished":"2023-03-01T01:51:00+00:00","dateModified":"2023-11-13T23:50:12+00:00","description":"LEGO\u00ae 21186 Minecraft\u2122 Der Eispalast | Actionspielset, das das Videospiel Minecraft\u00ae zum Leben erweckt | Funstorage.de","breadcrumb":{"@id":"https:\/\/funstorage.thehuettl.com\/shop\/lego-21186-minecraft-der-eispalast\/#breadcrumb"},"inLanguage":"en-US","potentialAction":[{"@type":"ReadAction","target":["https:\/\/funstorage.thehuettl.com\/shop\/lego-21186-minecraft-der-eispalast\/"]}]},{"@type":"ImageObject","inLanguage":"en-US","@id":"https:\/\/funstorage.thehuettl.com\/shop\/lego-21186-minecraft-der-eispalast\/#primaryimage","url":"https:\/\/funstorage.thehuettl.com\/wp-content\/uploads\/2023\/03\/21186_boxprod_v29_ALT.png","contentUrl":"https:\/\/funstorage.thehuettl.com\/wp-content\/uploads\/2023\/03\/21186_boxprod_v29_ALT.png","width":3500,"height":3500},{"@type":"BreadcrumbList","@id":"https:\/\/funstorage.thehuettl.com\/shop\/lego-21186-minecraft-der-eispalast\/#breadcrumb","itemListElement":[{"@type":"ListItem","position":1,"name":"Startseite","item":"https:\/\/funstorage.thehuettl.com\/step\/homepage\/"},{"@type":"ListItem","position":2,"name":"Shop","item":"https:\/\/funstorage.thehuettl.com\/shop\/"},{"@type":"ListItem","position":3,"name":"LEGO\u00ae 21186 Minecraft\u2122 Der Eispalast"}]},{"@type":"WebSite","@id":"https:\/\/funstorage.thehuettl.com\/#website","url":"https:\/\/funstorage.thehuettl.com\/","name":"FunStorage","description":"","publisher":{"@id":"https:\/\/funstorage.thehuettl.com\/#organization"},"potentialAction":[{"@type":"SearchAction","target":{"@type":"EntryPoint","urlTemplate":"https:\/\/funstorage.thehuettl.com\/?s={search_term_string}"},"query-input":{"@type":"PropertyValueSpecification","valueRequired":true,"valueName":"search_term_string"}}],"inLanguage":"en-US"},{"@type":"Organization","@id":"https:\/\/funstorage.thehuettl.com\/#organization","name":"FunStorage","url":"https:\/\/funstorage.thehuettl.com\/","logo":{"@type":"ImageObject","inLanguage":"en-US","@id":"https:\/\/funstorage.thehuettl.com\/#\/schema\/logo\/image\/","url":"https:\/\/funstorage.thehuettl.com\/wp-content\/uploads\/2023\/02\/cropped-D2BA2C24-7753-4AC3-9F3B-6C174C5BCB99.png","contentUrl":"https:\/\/funstorage.thehuettl.com\/wp-content\/uploads\/2023\/02\/cropped-D2BA2C24-7753-4AC3-9F3B-6C174C5BCB99.png","width":512,"height":512,"caption":"FunStorage"},"image":{"@id":"https:\/\/funstorage.thehuettl.com\/#\/schema\/logo\/image\/"},"sameAs":["https:\/\/www.facebook.com\/funstorage.de"]}]}},"_links":{"self":[{"href":"https:\/\/funstorage.thehuettl.com\/en\/wp-json\/wp\/v2\/product\/8759","targetHints":{"allow":["GET"]}}],"collection":[{"href":"https:\/\/funstorage.thehuettl.com\/en\/wp-json\/wp\/v2\/product"}],"about":[{"href":"https:\/\/funstorage.thehuettl.com\/en\/wp-json\/wp\/v2\/types\/product"}],"replies":[{"embeddable":true,"href":"https:\/\/funstorage.thehuettl.com\/en\/wp-json\/wp\/v2\/comments?post=8759"}],"version-history":[{"count":0,"href":"https:\/\/funstorage.thehuettl.com\/en\/wp-json\/wp\/v2\/product\/8759\/revisions"}],"wp:featuredmedia":[{"embeddable":true,"href":"https:\/\/funstorage.thehuettl.com\/en\/wp-json\/wp\/v2\/media\/8597"}],"wp:attachment":[{"href":"https:\/\/funstorage.thehuettl.com\/en\/wp-json\/wp\/v2\/media?parent=8759"}],"wp:term":[{"taxonomy":"product_brand","embeddable":true,"href":"https:\/\/funstorage.thehuettl.com\/en\/wp-json\/wp\/v2\/product_brand?post=8759"},{"taxonomy":"product_cat","embeddable":true,"href":"https:\/\/funstorage.thehuettl.com\/en\/wp-json\/wp\/v2\/product_cat?post=8759"},{"taxonomy":"product_tag","embeddable":true,"href":"https:\/\/funstorage.thehuettl.com\/en\/wp-json\/wp\/v2\/product_tag?post=8759"}],"curies":[{"name":"wp","href":"https:\/\/api.w.org\/{rel}","templated":true}]}}