{"id":8760,"date":"2023-03-01T02:51:00","date_gmt":"2023-03-01T01:51:00","guid":{"rendered":"https:\/\/funstorage.thehuettl.com\/?post_type=product&#038;p=8760"},"modified":"2024-02-27T12:32:21","modified_gmt":"2024-02-27T11:32:21","slug":"lego-21188-minecraft-das-lamadorf","status":"publish","type":"product","link":"https:\/\/funstorage.thehuettl.com\/en\/shop\/lego-21188-minecraft-das-lamadorf\/","title":{"rendered":"LEGO\u00ae 21188 Minecraft\u2122 Das Lamadorf"},"content":{"rendered":"<p>Stell dein Minecraft\u00ae K\u00f6nnen mit einem riesigen aufklappbaren Lamahaus auf die Probe! Errichte weitere coole Geb\u00e4ude rund ums Lama, zwischen seinen F\u00fc\u00dfen oder sogar auf seinem R\u00fccken. Klapp die W\u00e4nde des Lamahauses auf, um alle Zimmer zu erkunden. Verziere dein Haus und versorge die Lamas. Zieh einfach an der Schlaufe am Hinterkopf des Lamas, um es auf die feindseligen Kreaturen spucken zu lassen, falls Illager angreifen.<\/p>\n<p>&nbsp;<\/p>\n<p>Schenke einem Minecraft\u00ae Spieler ein spektakul\u00e4res Set, das seine Minecraft-begeisterten Freunde bewundern werden. Das LEGO\u00ae Minecraft Set \u201eDas Lamadorf\u201c (21188) zum Spielen und Ausstellen kombiniert Minecraft-Abenteuer mit kreativen Modellen aus LEGO Steinen. Dieses Set aus Modulen ist ein megastarkes Geschenk f\u00fcr Kinder ab 9 Jahren. Jede Menge Spielspa\u00df in und vor dem Haus Minecraft-Spieler k\u00f6nnen ihre kreative Seite mit diesem faszinierenden Spielzeug voll ausleben. F\u00fcr packende Abenteuer beinhaltet das Spielset viele klassische Minecraft-Charaktere: einen Lamahirten, einen Lamaritter, einen Savannen-Dorfbewohner, einen Schmied-Dorfbewohner, einen Diener, ein Lama, ein Babylama und ein Lamm. Das gro\u00dfe Lama l\u00e4sst sich zum Erkunden und Umgestalten der voll eingerichteten R\u00e4ume aufklappen. Drau\u00dfen kann sich dein Kind um die Tiere k\u00fcmmern. Die 6 anpassbaren Module kann man beliebig positionieren, auch zwischen den F\u00fc\u00dfen oder auf dem R\u00fccken des Lamas. Wenn Pl\u00fcnderer angreifen, greift dein Kind zu seiner Geheimwaffe und l\u00e4sst das Lama auf die feindseligen Kreaturen \u201espucken\u201c. Was f\u00fcr ein cooler Actionspa\u00df!<\/p>\n<p>&nbsp;<\/p>\n<p><span lang=\"DE\">Anzahl Teile: 1252<br \/>\nAltersempfehlung: 8+<br \/>\nThema: LEGO\u00ae Minecraft\u2122<\/span><span lang=\"DE\"><br \/>\nEAN:\u00a0<\/span>5702017156699<\/p>\n<p>&nbsp;<\/p>\n<p>\u2022 Cooles Minecraft\u00ae Set zum Ausstellen: Das LEGO\u00ae Minecraft Spielset \u201eDas Lamadorf\u201c (21188) strotzt vor Charakteren, Zubeh\u00f6r und Funktionen, die dein Kind kreativ bauen und fantasievoll spielen lassen<br \/>\n\u2022 Minecraft\u00ae Charaktere: Lamahirte, Lamaritter, Savannen-Dorfbewohner, Schmied-Dorfbewohner, Pl\u00fcnderer, Diener, Lama, Babylama und Lamm<br \/>\n\u2022 Viele Spielm\u00f6glichkeiten: Das Lamahaus l\u00e4sst sich f\u00fcr fantasievolle Rollenspiele in den unterschiedlichen R\u00e4umen aufklappen. Drau\u00dfen kann dein Kind die Tiere versorgen und die 6 anpassbaren Geb\u00e4ude beliebig um das Lama verteilen<br \/>\n\u2022 Geschenkidee f\u00fcr Minecraft\u00ae Spieler: Dieses aufklappbare LEGO\u00ae Minecraft Modell zum Spielen und Ausstellen ist ein vielseitiges Geburtstags-, Weihnachts- oder \u00dcberraschungsgeschenk f\u00fcr Kinder ab 9 Jahren<br \/>\n\u2022 Zahlreiche Spieloptionen: Dieses vielseitig umgestaltbare Modell ist 31\u00a0cm hoch, 30\u00a0cm breit und 30\u00a0cm tief und bietet unz\u00e4hlige Spielm\u00f6glichkeiten<br \/>\n\u2022 Minecraft\u00ae Spa\u00df in echt: LEGO\u00ae Minecraft Sets lassen Kinder das meistverkaufte Videospiel auf eine ganz andere Art erleben. Bekannte Charaktere, Szenen und Funktionen werden mit LEGO Steinen und der eigenen Kreativit\u00e4t zum Leben erweckt<br \/>\n\u2022 Garantierte Qualit\u00e4t: LEGO\u00ae Elemente erf\u00fcllen die strengen Qualit\u00e4tsstandards der Branche, damit sie einheitlich und kompatibel sind und sich jedes Mal perfekt zusammenstecken und m\u00fchelos wieder trennen lassen<br \/>\n\u2022 Garantierte Sicherheit: LEGO\u00ae Elemente werden Fall-, Hitze-, Druck- und Torsionstests unterzogen und analysiert, damit sie strengen globalen Sicherheitsstandards gen\u00fcgen<\/p>\n<p>&nbsp;<\/p>\n<p>&nbsp;<\/p>","protected":false},"excerpt":{"rendered":"<p>Hol Minecraft\u00ae Abenteuer mit gro\u00dfen und kleinen Lamas in dein Kinderzimmer. Dieses faszinierende Spielset l\u00e4sst sich vielseitig und kreativ umgestalten.<\/p>","protected":false},"featured_media":8605,"comment_status":"open","ping_status":"closed","template":"","meta":[],"product_brand":[],"product_cat":[34,302],"product_tag":[349,350,45,351,306],"class_list":{"0":"post-8760","1":"product","2":"type-product","3":"status-publish","4":"has-post-thumbnail","6":"product_cat-lego","7":"product_cat-lego-minecraft","8":"product_tag-dorf","9":"product_tag-lamadorf","10":"product_tag-lego","11":"product_tag-llama","12":"product_tag-minecraft","14":"first","15":"outofstock","16":"taxable","17":"shipping-taxable","18":"purchasable","19":"product-type-simple"},"yoast_head":"<!-- This site is optimized with the Yoast SEO plugin v26.4 - https:\/\/yoast.com\/wordpress\/plugins\/seo\/ -->\n<title>LEGO\u00ae 21188 Minecraft\u2122 Das Lamadorf | FS<\/title>\n<meta name=\"description\" content=\"LEGO\u00ae 21188 Minecraft\u2122 Das Lamadorf | Kreative Minecraft\u00ae Abenteuer im Lamadorf | FunStorage.de\" \/>\n<meta name=\"robots\" content=\"index, follow, max-snippet:-1, max-image-preview:large, max-video-preview:-1\" \/>\n<link rel=\"canonical\" href=\"https:\/\/funstorage.thehuettl.com\/en\/wp-json\/wp\/v2\/product\/8760\" \/>\n<meta property=\"og:locale\" content=\"en_US\" \/>\n<meta property=\"og:type\" content=\"article\" \/>\n<meta property=\"og:title\" content=\"LEGO\u00ae 21188 Minecraft\u2122 Das Lamadorf | FS\" \/>\n<meta property=\"og:description\" content=\"LEGO\u00ae 21188 Minecraft\u2122 Das Lamadorf | Kreative Minecraft\u00ae Abenteuer im Lamadorf | FunStorage.de\" \/>\n<meta property=\"og:url\" content=\"https:\/\/funstorage.thehuettl.com\/en\/shop\/lego-21188-minecraft-das-lamadorf\/\" \/>\n<meta property=\"og:site_name\" content=\"FunStorage\" \/>\n<meta property=\"article:publisher\" content=\"https:\/\/www.facebook.com\/funstorage.de\" \/>\n<meta property=\"article:modified_time\" content=\"2024-02-27T11:32:21+00:00\" \/>\n<meta property=\"og:image\" content=\"https:\/\/funstorage.thehuettl.com\/wp-content\/uploads\/2023\/03\/21188_boxprod_v29_ALT-1024x1024.png\" \/>\n\t<meta property=\"og:image:width\" content=\"1024\" \/>\n\t<meta property=\"og:image:height\" content=\"1024\" \/>\n\t<meta property=\"og:image:type\" content=\"image\/png\" \/>\n<meta name=\"twitter:card\" content=\"summary_large_image\" \/>\n<meta name=\"twitter:label1\" content=\"Est. reading time\" \/>\n\t<meta name=\"twitter:data1\" content=\"3 minutes\" \/>\n<script type=\"application\/ld+json\" class=\"yoast-schema-graph\">{\"@context\":\"https:\/\/schema.org\",\"@graph\":[{\"@type\":\"WebPage\",\"@id\":\"https:\/\/funstorage.thehuettl.com\/shop\/lego-21188-minecraft-das-lamadorf\/\",\"url\":\"https:\/\/funstorage.thehuettl.com\/shop\/lego-21188-minecraft-das-lamadorf\/\",\"name\":\"LEGO\u00ae 21188 Minecraft\u2122 Das Lamadorf | FS\",\"isPartOf\":{\"@id\":\"https:\/\/funstorage.thehuettl.com\/#website\"},\"primaryImageOfPage\":{\"@id\":\"https:\/\/funstorage.thehuettl.com\/shop\/lego-21188-minecraft-das-lamadorf\/#primaryimage\"},\"image\":{\"@id\":\"https:\/\/funstorage.thehuettl.com\/shop\/lego-21188-minecraft-das-lamadorf\/#primaryimage\"},\"thumbnailUrl\":\"https:\/\/funstorage.thehuettl.com\/wp-content\/uploads\/2023\/03\/21188_boxprod_v29_ALT.png\",\"datePublished\":\"2023-03-01T01:51:00+00:00\",\"dateModified\":\"2024-02-27T11:32:21+00:00\",\"description\":\"LEGO\u00ae 21188 Minecraft\u2122 Das Lamadorf | Kreative Minecraft\u00ae Abenteuer im Lamadorf | FunStorage.de\",\"breadcrumb\":{\"@id\":\"https:\/\/funstorage.thehuettl.com\/shop\/lego-21188-minecraft-das-lamadorf\/#breadcrumb\"},\"inLanguage\":\"en-US\",\"potentialAction\":[{\"@type\":\"ReadAction\",\"target\":[\"https:\/\/funstorage.thehuettl.com\/shop\/lego-21188-minecraft-das-lamadorf\/\"]}]},{\"@type\":\"ImageObject\",\"inLanguage\":\"en-US\",\"@id\":\"https:\/\/funstorage.thehuettl.com\/shop\/lego-21188-minecraft-das-lamadorf\/#primaryimage\",\"url\":\"https:\/\/funstorage.thehuettl.com\/wp-content\/uploads\/2023\/03\/21188_boxprod_v29_ALT.png\",\"contentUrl\":\"https:\/\/funstorage.thehuettl.com\/wp-content\/uploads\/2023\/03\/21188_boxprod_v29_ALT.png\",\"width\":3500,\"height\":3500},{\"@type\":\"BreadcrumbList\",\"@id\":\"https:\/\/funstorage.thehuettl.com\/shop\/lego-21188-minecraft-das-lamadorf\/#breadcrumb\",\"itemListElement\":[{\"@type\":\"ListItem\",\"position\":1,\"name\":\"Startseite\",\"item\":\"https:\/\/funstorage.thehuettl.com\/step\/homepage\/\"},{\"@type\":\"ListItem\",\"position\":2,\"name\":\"Shop\",\"item\":\"https:\/\/funstorage.thehuettl.com\/shop\/\"},{\"@type\":\"ListItem\",\"position\":3,\"name\":\"LEGO\u00ae 21188 Minecraft\u2122 Das Lamadorf\"}]},{\"@type\":\"WebSite\",\"@id\":\"https:\/\/funstorage.thehuettl.com\/#website\",\"url\":\"https:\/\/funstorage.thehuettl.com\/\",\"name\":\"FunStorage\",\"description\":\"\",\"publisher\":{\"@id\":\"https:\/\/funstorage.thehuettl.com\/#organization\"},\"potentialAction\":[{\"@type\":\"SearchAction\",\"target\":{\"@type\":\"EntryPoint\",\"urlTemplate\":\"https:\/\/funstorage.thehuettl.com\/?s={search_term_string}\"},\"query-input\":{\"@type\":\"PropertyValueSpecification\",\"valueRequired\":true,\"valueName\":\"search_term_string\"}}],\"inLanguage\":\"en-US\"},{\"@type\":\"Organization\",\"@id\":\"https:\/\/funstorage.thehuettl.com\/#organization\",\"name\":\"FunStorage\",\"url\":\"https:\/\/funstorage.thehuettl.com\/\",\"logo\":{\"@type\":\"ImageObject\",\"inLanguage\":\"en-US\",\"@id\":\"https:\/\/funstorage.thehuettl.com\/#\/schema\/logo\/image\/\",\"url\":\"https:\/\/funstorage.thehuettl.com\/wp-content\/uploads\/2023\/02\/cropped-D2BA2C24-7753-4AC3-9F3B-6C174C5BCB99.png\",\"contentUrl\":\"https:\/\/funstorage.thehuettl.com\/wp-content\/uploads\/2023\/02\/cropped-D2BA2C24-7753-4AC3-9F3B-6C174C5BCB99.png\",\"width\":512,\"height\":512,\"caption\":\"FunStorage\"},\"image\":{\"@id\":\"https:\/\/funstorage.thehuettl.com\/#\/schema\/logo\/image\/\"},\"sameAs\":[\"https:\/\/www.facebook.com\/funstorage.de\"]}]}<\/script>\n<!-- \/ Yoast SEO plugin. -->","yoast_head_json":{"title":"LEGO\u00ae 21188 Minecraft\u2122 Das Lamadorf | FS","description":"LEGO\u00ae 21188 Minecraft\u2122 Das Lamadorf | Kreative Minecraft\u00ae Abenteuer im Lamadorf | FunStorage.de","robots":{"index":"index","follow":"follow","max-snippet":"max-snippet:-1","max-image-preview":"max-image-preview:large","max-video-preview":"max-video-preview:-1"},"canonical":"https:\/\/funstorage.thehuettl.com\/en\/wp-json\/wp\/v2\/product\/8760","og_locale":"en_US","og_type":"article","og_title":"LEGO\u00ae 21188 Minecraft\u2122 Das Lamadorf | FS","og_description":"LEGO\u00ae 21188 Minecraft\u2122 Das Lamadorf | Kreative Minecraft\u00ae Abenteuer im Lamadorf | FunStorage.de","og_url":"https:\/\/funstorage.thehuettl.com\/en\/shop\/lego-21188-minecraft-das-lamadorf\/","og_site_name":"FunStorage","article_publisher":"https:\/\/www.facebook.com\/funstorage.de","article_modified_time":"2024-02-27T11:32:21+00:00","og_image":[{"width":1024,"height":1024,"url":"https:\/\/funstorage.thehuettl.com\/wp-content\/uploads\/2023\/03\/21188_boxprod_v29_ALT-1024x1024.png","type":"image\/png"}],"twitter_card":"summary_large_image","twitter_misc":{"Est. reading time":"3 minutes"},"schema":{"@context":"https:\/\/schema.org","@graph":[{"@type":"WebPage","@id":"https:\/\/funstorage.thehuettl.com\/shop\/lego-21188-minecraft-das-lamadorf\/","url":"https:\/\/funstorage.thehuettl.com\/shop\/lego-21188-minecraft-das-lamadorf\/","name":"LEGO\u00ae 21188 Minecraft\u2122 Das Lamadorf | FS","isPartOf":{"@id":"https:\/\/funstorage.thehuettl.com\/#website"},"primaryImageOfPage":{"@id":"https:\/\/funstorage.thehuettl.com\/shop\/lego-21188-minecraft-das-lamadorf\/#primaryimage"},"image":{"@id":"https:\/\/funstorage.thehuettl.com\/shop\/lego-21188-minecraft-das-lamadorf\/#primaryimage"},"thumbnailUrl":"https:\/\/funstorage.thehuettl.com\/wp-content\/uploads\/2023\/03\/21188_boxprod_v29_ALT.png","datePublished":"2023-03-01T01:51:00+00:00","dateModified":"2024-02-27T11:32:21+00:00","description":"LEGO\u00ae 21188 Minecraft\u2122 Das Lamadorf | Kreative Minecraft\u00ae Abenteuer im Lamadorf | FunStorage.de","breadcrumb":{"@id":"https:\/\/funstorage.thehuettl.com\/shop\/lego-21188-minecraft-das-lamadorf\/#breadcrumb"},"inLanguage":"en-US","potentialAction":[{"@type":"ReadAction","target":["https:\/\/funstorage.thehuettl.com\/shop\/lego-21188-minecraft-das-lamadorf\/"]}]},{"@type":"ImageObject","inLanguage":"en-US","@id":"https:\/\/funstorage.thehuettl.com\/shop\/lego-21188-minecraft-das-lamadorf\/#primaryimage","url":"https:\/\/funstorage.thehuettl.com\/wp-content\/uploads\/2023\/03\/21188_boxprod_v29_ALT.png","contentUrl":"https:\/\/funstorage.thehuettl.com\/wp-content\/uploads\/2023\/03\/21188_boxprod_v29_ALT.png","width":3500,"height":3500},{"@type":"BreadcrumbList","@id":"https:\/\/funstorage.thehuettl.com\/shop\/lego-21188-minecraft-das-lamadorf\/#breadcrumb","itemListElement":[{"@type":"ListItem","position":1,"name":"Startseite","item":"https:\/\/funstorage.thehuettl.com\/step\/homepage\/"},{"@type":"ListItem","position":2,"name":"Shop","item":"https:\/\/funstorage.thehuettl.com\/shop\/"},{"@type":"ListItem","position":3,"name":"LEGO\u00ae 21188 Minecraft\u2122 Das Lamadorf"}]},{"@type":"WebSite","@id":"https:\/\/funstorage.thehuettl.com\/#website","url":"https:\/\/funstorage.thehuettl.com\/","name":"FunStorage","description":"","publisher":{"@id":"https:\/\/funstorage.thehuettl.com\/#organization"},"potentialAction":[{"@type":"SearchAction","target":{"@type":"EntryPoint","urlTemplate":"https:\/\/funstorage.thehuettl.com\/?s={search_term_string}"},"query-input":{"@type":"PropertyValueSpecification","valueRequired":true,"valueName":"search_term_string"}}],"inLanguage":"en-US"},{"@type":"Organization","@id":"https:\/\/funstorage.thehuettl.com\/#organization","name":"FunStorage","url":"https:\/\/funstorage.thehuettl.com\/","logo":{"@type":"ImageObject","inLanguage":"en-US","@id":"https:\/\/funstorage.thehuettl.com\/#\/schema\/logo\/image\/","url":"https:\/\/funstorage.thehuettl.com\/wp-content\/uploads\/2023\/02\/cropped-D2BA2C24-7753-4AC3-9F3B-6C174C5BCB99.png","contentUrl":"https:\/\/funstorage.thehuettl.com\/wp-content\/uploads\/2023\/02\/cropped-D2BA2C24-7753-4AC3-9F3B-6C174C5BCB99.png","width":512,"height":512,"caption":"FunStorage"},"image":{"@id":"https:\/\/funstorage.thehuettl.com\/#\/schema\/logo\/image\/"},"sameAs":["https:\/\/www.facebook.com\/funstorage.de"]}]}},"_links":{"self":[{"href":"https:\/\/funstorage.thehuettl.com\/en\/wp-json\/wp\/v2\/product\/8760","targetHints":{"allow":["GET"]}}],"collection":[{"href":"https:\/\/funstorage.thehuettl.com\/en\/wp-json\/wp\/v2\/product"}],"about":[{"href":"https:\/\/funstorage.thehuettl.com\/en\/wp-json\/wp\/v2\/types\/product"}],"replies":[{"embeddable":true,"href":"https:\/\/funstorage.thehuettl.com\/en\/wp-json\/wp\/v2\/comments?post=8760"}],"version-history":[{"count":0,"href":"https:\/\/funstorage.thehuettl.com\/en\/wp-json\/wp\/v2\/product\/8760\/revisions"}],"wp:featuredmedia":[{"embeddable":true,"href":"https:\/\/funstorage.thehuettl.com\/en\/wp-json\/wp\/v2\/media\/8605"}],"wp:attachment":[{"href":"https:\/\/funstorage.thehuettl.com\/en\/wp-json\/wp\/v2\/media?parent=8760"}],"wp:term":[{"taxonomy":"product_brand","embeddable":true,"href":"https:\/\/funstorage.thehuettl.com\/en\/wp-json\/wp\/v2\/product_brand?post=8760"},{"taxonomy":"product_cat","embeddable":true,"href":"https:\/\/funstorage.thehuettl.com\/en\/wp-json\/wp\/v2\/product_cat?post=8760"},{"taxonomy":"product_tag","embeddable":true,"href":"https:\/\/funstorage.thehuettl.com\/en\/wp-json\/wp\/v2\/product_tag?post=8760"}],"curies":[{"name":"wp","href":"https:\/\/api.w.org\/{rel}","templated":true}]}}