{"id":8761,"date":"2023-03-01T02:51:00","date_gmt":"2023-03-01T01:51:00","guid":{"rendered":"https:\/\/funstorage.thehuettl.com\/?post_type=product&#038;p=8761"},"modified":"2023-11-14T01:01:01","modified_gmt":"2023-11-14T00:01:01","slug":"lego-21164-minecraft-das-korallenriff","status":"publish","type":"product","link":"https:\/\/funstorage.thehuettl.com\/en\/shop\/lego-21164-minecraft-das-korallenriff\/","title":{"rendered":"LEGO\u00ae 21164 Minecraft\u2122 Das Korallenriff"},"content":{"rendered":"<p>Begleite Alex in die Tiefen des Minecraft\u2122 Ozeans und lass sie im farbenfrohen Korallenriff nach verborgen Sch\u00e4tzen suchen. Begr\u00fc\u00dfe die beiden freundlichen Kugelfische. Dreh den gro\u00dfen gelben Felsen um, damit die Schatzkiste zum Vorschein kommt. Was befindet sich in der Kiste? Nur ein Fisch &#8230; und eine Perle!! Aber pass auf! Ein Ertrunkener n\u00e4hert sich dir! Wird Alex den Zombie verscheuchen und den Schatz behalten? Das liegt ganz bei dir.<\/p>\n<p>&nbsp;<\/p>\n<p>inecraft\u2122, das beliebte Onlinespiel f\u00fcr Kinder, wird mit dem LEGO\u00ae Minecraft\u2122 Spielset \u201eDas Korallenriff\u201c (21164) zu einem aktiven Spielerlebnis. Dank der immer wieder neu zusammensteckbaren LEGO Steine nimmt das kreative Bauvergn\u00fcgen kein Ende. Es lassen sich Unterwasserabenteuer mit authentischer Minecraft\u2122 Action nachstellen. Kinder begleiten Alex, die beliebte Minecraft\u2122 Heldin, in die Tiefen des Minecraft\u2122 Ozeans, um in dem farbenfrohen Korallenriff nach einem verborgenen Schatz zu suchen. Fantasievolle Minecraft Elemente wie die vorbeischwimmenden Kugelfische und die \u00fcberraschend auftauchende Schatzkiste geh\u00f6ren auch zum Set. Es gibt auch einen spannenden Schwertkampf mit einem Ertrunkenen, denn Begegnungen mit einem Zombie d\u00fcrfen in keinem Minecraft\u2122 Abenteuer fehlen.<\/p>\n<p>&nbsp;<\/p>\n<p><span lang=\"DE\">Anzahl Teile: 92<br \/>\nAltersempfehlung: 7+<br \/>\nThema: LEGO\u00ae Minecraft\u2122<\/span><span lang=\"DE\"><br \/>\nEAN: 5702016913569<\/span><\/p>\n<p>&nbsp;<\/p>\n<p>\u2022 Das LEGO\u00ae Minecraft\u2122 Spielset \u201eDas Korallenriff\u201c (21164) bietet Minecraft Spielern ein aktives Spielerlebnis und erweckt die Unterwasserabenteuer des Onlinespiels mit den vielseitigen LEGO Steinen zum Leben.<br \/>\n\u2022 Das LEGO\u00ae Minecraft\u2122 Set enth\u00e4lt Alex, die beliebte Heldin des Onlinespiels, mit Taucherhelm, magischer Hose und Schwert sowie einen Ertrunkenen, zwei Kugelfische (einmal aufgebl\u00e4ht, einmal normal) und Zubeh\u00f6r.<br \/>\n\u2022 Kinder begleiten Alex, die mutige Minecraft\u2122 Heldin, in die Tiefen des Ozeans, um im farbenfrohen Korallenriff nach einem verborgenen Schatz zu suchen und einen Ertrunkenen zu verscheuchen.<br \/>\n\u2022 F\u00fcr Kinder ab 7 Jahren. Das aktive Spielerlebnis mit dem Minecraft\u2122 Bau- und Spielset bereitet Minecraft\u2122 Spielern riesigen Spa\u00df. Die perfekte \u00dcberraschung f\u00fcr Fans des Onlinespiels, die Minecraft\u2122 mal ganz anders erleben m\u00f6chten.<br \/>\n\u2022 Das Set ist 7\u00a0cm hoch, 10\u00a0cm breit und 10\u00a0cm tief und somit kompakt genug f\u00fcr kleine H\u00e4nde und gro\u00df genug, um als Schaust\u00fcck zu begeistern.<br \/>\n\u2022 Die farbenfrohe Kulisse des Korallenriffs enth\u00e4lt jede Menge authentische Minecraft\u2122 Details und tolles Zubeh\u00f6r wie die verborgene Schatzkiste, die einen Fisch und eine Perle preisgibt.<br \/>\n\u2022 Dieses LEGO\u00ae Minecraft\u2122 Set ist besonders robust und l\u00e4sst sich leicht umgestalten und mit anderen LEGO Minecraft\u2122 Spielzeugen kombinieren.<br \/>\n\u2022 Das umfassende Spektrum an LEGO\u00ae Minecraft\u2122 Spielsets erweckt das Minecraft\u2122 Onlinespiel mit Charakteren, Kulissen und Funktionen zum Leben, die sich mit den unverw\u00fcstlichen LEGO Steinen nachbilden lassen.<br \/>\n\u2022 LEGO\u00ae Elemente entsprechen schon seit 1958 strengen Branchenstandards, damit sie einheitlich und kompatibel sind und sich stets perfekt zusammenstecken und m\u00fchelos wieder trennen lassen.<br \/>\n\u2022 LEGO\u00ae Elemente werden Fall-, Hitze-, Druck- und Torsionstests unterzogen und gr\u00fcndlich analysiert, damit sie strengen globalen Sicherheitsstandards gen\u00fcgen.<\/p>\n<p>&nbsp;<\/p>\n<p>&nbsp;<\/p>","protected":false},"excerpt":{"rendered":"<p>Minecraft\u2122 Spieler erhalten ein Spielset, das die Unterwasserabenteuer des Onlinespiels mithilfe der beliebig neu zusammensetzbaren LEGO\u00ae Steine zum Leben erweckt.<\/p>","protected":false},"featured_media":8612,"comment_status":"open","ping_status":"closed","template":"","meta":[],"product_brand":[],"product_cat":[34,302],"product_tag":[320,45,306],"class_list":{"0":"post-8761","1":"product","2":"type-product","3":"status-publish","4":"has-post-thumbnail","6":"product_cat-lego","7":"product_cat-lego-minecraft","8":"product_tag-korallenriff","9":"product_tag-lego","10":"product_tag-minecraft","12":"first","13":"instock","14":"taxable","15":"shipping-taxable","16":"purchasable","17":"product-type-simple"},"yoast_head":"<!-- This site is optimized with the Yoast SEO plugin v26.4 - https:\/\/yoast.com\/wordpress\/plugins\/seo\/ -->\n<title>LEGO\u00ae 21164 Minecraft\u2122 Das Korallenriff | FS<\/title>\n<meta name=\"description\" content=\"LEGO\u00ae 21164 Minecraft\u2122 Das Korallenriff | Minecraft\u2122 Unterwasserabenteuer | FunStorage.de\" \/>\n<meta name=\"robots\" content=\"index, follow, max-snippet:-1, max-image-preview:large, max-video-preview:-1\" \/>\n<link rel=\"canonical\" href=\"https:\/\/funstorage.thehuettl.com\/en\/wp-json\/wp\/v2\/product\/8761\" \/>\n<meta property=\"og:locale\" content=\"en_US\" \/>\n<meta property=\"og:type\" content=\"article\" \/>\n<meta property=\"og:title\" content=\"LEGO\u00ae 21164 Minecraft\u2122 Das Korallenriff | FS\" \/>\n<meta property=\"og:description\" content=\"LEGO\u00ae 21164 Minecraft\u2122 Das Korallenriff | Minecraft\u2122 Unterwasserabenteuer | FunStorage.de\" \/>\n<meta property=\"og:url\" content=\"https:\/\/funstorage.thehuettl.com\/en\/shop\/lego-21164-minecraft-das-korallenriff\/\" \/>\n<meta property=\"og:site_name\" content=\"FunStorage\" \/>\n<meta property=\"article:publisher\" content=\"https:\/\/www.facebook.com\/funstorage.de\" \/>\n<meta property=\"article:modified_time\" content=\"2023-11-14T00:01:01+00:00\" \/>\n<meta property=\"og:image\" content=\"https:\/\/funstorage.thehuettl.com\/wp-content\/uploads\/2023\/03\/21164_boxprod_v29-scaled-1.jpg\" \/>\n\t<meta property=\"og:image:width\" content=\"2560\" \/>\n\t<meta property=\"og:image:height\" content=\"2560\" \/>\n\t<meta property=\"og:image:type\" content=\"image\/jpeg\" \/>\n<meta name=\"twitter:card\" content=\"summary_large_image\" \/>\n<meta name=\"twitter:label1\" content=\"Est. reading time\" \/>\n\t<meta name=\"twitter:data1\" content=\"3 minutes\" \/>\n<script type=\"application\/ld+json\" class=\"yoast-schema-graph\">{\"@context\":\"https:\/\/schema.org\",\"@graph\":[{\"@type\":\"WebPage\",\"@id\":\"https:\/\/funstorage.thehuettl.com\/shop\/lego-21164-minecraft-das-korallenriff\/\",\"url\":\"https:\/\/funstorage.thehuettl.com\/shop\/lego-21164-minecraft-das-korallenriff\/\",\"name\":\"LEGO\u00ae 21164 Minecraft\u2122 Das Korallenriff | FS\",\"isPartOf\":{\"@id\":\"https:\/\/funstorage.thehuettl.com\/#website\"},\"primaryImageOfPage\":{\"@id\":\"https:\/\/funstorage.thehuettl.com\/shop\/lego-21164-minecraft-das-korallenriff\/#primaryimage\"},\"image\":{\"@id\":\"https:\/\/funstorage.thehuettl.com\/shop\/lego-21164-minecraft-das-korallenriff\/#primaryimage\"},\"thumbnailUrl\":\"https:\/\/funstorage.thehuettl.com\/wp-content\/uploads\/2023\/03\/21164_boxprod_v29-scaled-1.jpg\",\"datePublished\":\"2023-03-01T01:51:00+00:00\",\"dateModified\":\"2023-11-14T00:01:01+00:00\",\"description\":\"LEGO\u00ae 21164 Minecraft\u2122 Das Korallenriff | Minecraft\u2122 Unterwasserabenteuer | FunStorage.de\",\"breadcrumb\":{\"@id\":\"https:\/\/funstorage.thehuettl.com\/shop\/lego-21164-minecraft-das-korallenriff\/#breadcrumb\"},\"inLanguage\":\"en-US\",\"potentialAction\":[{\"@type\":\"ReadAction\",\"target\":[\"https:\/\/funstorage.thehuettl.com\/shop\/lego-21164-minecraft-das-korallenriff\/\"]}]},{\"@type\":\"ImageObject\",\"inLanguage\":\"en-US\",\"@id\":\"https:\/\/funstorage.thehuettl.com\/shop\/lego-21164-minecraft-das-korallenriff\/#primaryimage\",\"url\":\"https:\/\/funstorage.thehuettl.com\/wp-content\/uploads\/2023\/03\/21164_boxprod_v29-scaled-1.jpg\",\"contentUrl\":\"https:\/\/funstorage.thehuettl.com\/wp-content\/uploads\/2023\/03\/21164_boxprod_v29-scaled-1.jpg\",\"width\":2560,\"height\":2560},{\"@type\":\"BreadcrumbList\",\"@id\":\"https:\/\/funstorage.thehuettl.com\/shop\/lego-21164-minecraft-das-korallenriff\/#breadcrumb\",\"itemListElement\":[{\"@type\":\"ListItem\",\"position\":1,\"name\":\"Startseite\",\"item\":\"https:\/\/funstorage.thehuettl.com\/step\/homepage\/\"},{\"@type\":\"ListItem\",\"position\":2,\"name\":\"Shop\",\"item\":\"https:\/\/funstorage.thehuettl.com\/shop\/\"},{\"@type\":\"ListItem\",\"position\":3,\"name\":\"LEGO\u00ae 21164 Minecraft\u2122 Das Korallenriff\"}]},{\"@type\":\"WebSite\",\"@id\":\"https:\/\/funstorage.thehuettl.com\/#website\",\"url\":\"https:\/\/funstorage.thehuettl.com\/\",\"name\":\"FunStorage\",\"description\":\"\",\"publisher\":{\"@id\":\"https:\/\/funstorage.thehuettl.com\/#organization\"},\"potentialAction\":[{\"@type\":\"SearchAction\",\"target\":{\"@type\":\"EntryPoint\",\"urlTemplate\":\"https:\/\/funstorage.thehuettl.com\/?s={search_term_string}\"},\"query-input\":{\"@type\":\"PropertyValueSpecification\",\"valueRequired\":true,\"valueName\":\"search_term_string\"}}],\"inLanguage\":\"en-US\"},{\"@type\":\"Organization\",\"@id\":\"https:\/\/funstorage.thehuettl.com\/#organization\",\"name\":\"FunStorage\",\"url\":\"https:\/\/funstorage.thehuettl.com\/\",\"logo\":{\"@type\":\"ImageObject\",\"inLanguage\":\"en-US\",\"@id\":\"https:\/\/funstorage.thehuettl.com\/#\/schema\/logo\/image\/\",\"url\":\"https:\/\/funstorage.thehuettl.com\/wp-content\/uploads\/2023\/02\/cropped-D2BA2C24-7753-4AC3-9F3B-6C174C5BCB99.png\",\"contentUrl\":\"https:\/\/funstorage.thehuettl.com\/wp-content\/uploads\/2023\/02\/cropped-D2BA2C24-7753-4AC3-9F3B-6C174C5BCB99.png\",\"width\":512,\"height\":512,\"caption\":\"FunStorage\"},\"image\":{\"@id\":\"https:\/\/funstorage.thehuettl.com\/#\/schema\/logo\/image\/\"},\"sameAs\":[\"https:\/\/www.facebook.com\/funstorage.de\"]}]}<\/script>\n<!-- \/ Yoast SEO plugin. -->","yoast_head_json":{"title":"LEGO\u00ae 21164 Minecraft\u2122 Das Korallenriff | FS","description":"LEGO\u00ae 21164 Minecraft\u2122 Das Korallenriff | Minecraft\u2122 Unterwasserabenteuer | FunStorage.de","robots":{"index":"index","follow":"follow","max-snippet":"max-snippet:-1","max-image-preview":"max-image-preview:large","max-video-preview":"max-video-preview:-1"},"canonical":"https:\/\/funstorage.thehuettl.com\/en\/wp-json\/wp\/v2\/product\/8761","og_locale":"en_US","og_type":"article","og_title":"LEGO\u00ae 21164 Minecraft\u2122 Das Korallenriff | FS","og_description":"LEGO\u00ae 21164 Minecraft\u2122 Das Korallenriff | Minecraft\u2122 Unterwasserabenteuer | FunStorage.de","og_url":"https:\/\/funstorage.thehuettl.com\/en\/shop\/lego-21164-minecraft-das-korallenriff\/","og_site_name":"FunStorage","article_publisher":"https:\/\/www.facebook.com\/funstorage.de","article_modified_time":"2023-11-14T00:01:01+00:00","og_image":[{"width":2560,"height":2560,"url":"https:\/\/funstorage.thehuettl.com\/wp-content\/uploads\/2023\/03\/21164_boxprod_v29-scaled-1.jpg","type":"image\/jpeg"}],"twitter_card":"summary_large_image","twitter_misc":{"Est. reading time":"3 minutes"},"schema":{"@context":"https:\/\/schema.org","@graph":[{"@type":"WebPage","@id":"https:\/\/funstorage.thehuettl.com\/shop\/lego-21164-minecraft-das-korallenriff\/","url":"https:\/\/funstorage.thehuettl.com\/shop\/lego-21164-minecraft-das-korallenriff\/","name":"LEGO\u00ae 21164 Minecraft\u2122 Das Korallenriff | FS","isPartOf":{"@id":"https:\/\/funstorage.thehuettl.com\/#website"},"primaryImageOfPage":{"@id":"https:\/\/funstorage.thehuettl.com\/shop\/lego-21164-minecraft-das-korallenriff\/#primaryimage"},"image":{"@id":"https:\/\/funstorage.thehuettl.com\/shop\/lego-21164-minecraft-das-korallenriff\/#primaryimage"},"thumbnailUrl":"https:\/\/funstorage.thehuettl.com\/wp-content\/uploads\/2023\/03\/21164_boxprod_v29-scaled-1.jpg","datePublished":"2023-03-01T01:51:00+00:00","dateModified":"2023-11-14T00:01:01+00:00","description":"LEGO\u00ae 21164 Minecraft\u2122 Das Korallenriff | Minecraft\u2122 Unterwasserabenteuer | FunStorage.de","breadcrumb":{"@id":"https:\/\/funstorage.thehuettl.com\/shop\/lego-21164-minecraft-das-korallenriff\/#breadcrumb"},"inLanguage":"en-US","potentialAction":[{"@type":"ReadAction","target":["https:\/\/funstorage.thehuettl.com\/shop\/lego-21164-minecraft-das-korallenriff\/"]}]},{"@type":"ImageObject","inLanguage":"en-US","@id":"https:\/\/funstorage.thehuettl.com\/shop\/lego-21164-minecraft-das-korallenriff\/#primaryimage","url":"https:\/\/funstorage.thehuettl.com\/wp-content\/uploads\/2023\/03\/21164_boxprod_v29-scaled-1.jpg","contentUrl":"https:\/\/funstorage.thehuettl.com\/wp-content\/uploads\/2023\/03\/21164_boxprod_v29-scaled-1.jpg","width":2560,"height":2560},{"@type":"BreadcrumbList","@id":"https:\/\/funstorage.thehuettl.com\/shop\/lego-21164-minecraft-das-korallenriff\/#breadcrumb","itemListElement":[{"@type":"ListItem","position":1,"name":"Startseite","item":"https:\/\/funstorage.thehuettl.com\/step\/homepage\/"},{"@type":"ListItem","position":2,"name":"Shop","item":"https:\/\/funstorage.thehuettl.com\/shop\/"},{"@type":"ListItem","position":3,"name":"LEGO\u00ae 21164 Minecraft\u2122 Das Korallenriff"}]},{"@type":"WebSite","@id":"https:\/\/funstorage.thehuettl.com\/#website","url":"https:\/\/funstorage.thehuettl.com\/","name":"FunStorage","description":"","publisher":{"@id":"https:\/\/funstorage.thehuettl.com\/#organization"},"potentialAction":[{"@type":"SearchAction","target":{"@type":"EntryPoint","urlTemplate":"https:\/\/funstorage.thehuettl.com\/?s={search_term_string}"},"query-input":{"@type":"PropertyValueSpecification","valueRequired":true,"valueName":"search_term_string"}}],"inLanguage":"en-US"},{"@type":"Organization","@id":"https:\/\/funstorage.thehuettl.com\/#organization","name":"FunStorage","url":"https:\/\/funstorage.thehuettl.com\/","logo":{"@type":"ImageObject","inLanguage":"en-US","@id":"https:\/\/funstorage.thehuettl.com\/#\/schema\/logo\/image\/","url":"https:\/\/funstorage.thehuettl.com\/wp-content\/uploads\/2023\/02\/cropped-D2BA2C24-7753-4AC3-9F3B-6C174C5BCB99.png","contentUrl":"https:\/\/funstorage.thehuettl.com\/wp-content\/uploads\/2023\/02\/cropped-D2BA2C24-7753-4AC3-9F3B-6C174C5BCB99.png","width":512,"height":512,"caption":"FunStorage"},"image":{"@id":"https:\/\/funstorage.thehuettl.com\/#\/schema\/logo\/image\/"},"sameAs":["https:\/\/www.facebook.com\/funstorage.de"]}]}},"_links":{"self":[{"href":"https:\/\/funstorage.thehuettl.com\/en\/wp-json\/wp\/v2\/product\/8761","targetHints":{"allow":["GET"]}}],"collection":[{"href":"https:\/\/funstorage.thehuettl.com\/en\/wp-json\/wp\/v2\/product"}],"about":[{"href":"https:\/\/funstorage.thehuettl.com\/en\/wp-json\/wp\/v2\/types\/product"}],"replies":[{"embeddable":true,"href":"https:\/\/funstorage.thehuettl.com\/en\/wp-json\/wp\/v2\/comments?post=8761"}],"version-history":[{"count":0,"href":"https:\/\/funstorage.thehuettl.com\/en\/wp-json\/wp\/v2\/product\/8761\/revisions"}],"wp:featuredmedia":[{"embeddable":true,"href":"https:\/\/funstorage.thehuettl.com\/en\/wp-json\/wp\/v2\/media\/8612"}],"wp:attachment":[{"href":"https:\/\/funstorage.thehuettl.com\/en\/wp-json\/wp\/v2\/media?parent=8761"}],"wp:term":[{"taxonomy":"product_brand","embeddable":true,"href":"https:\/\/funstorage.thehuettl.com\/en\/wp-json\/wp\/v2\/product_brand?post=8761"},{"taxonomy":"product_cat","embeddable":true,"href":"https:\/\/funstorage.thehuettl.com\/en\/wp-json\/wp\/v2\/product_cat?post=8761"},{"taxonomy":"product_tag","embeddable":true,"href":"https:\/\/funstorage.thehuettl.com\/en\/wp-json\/wp\/v2\/product_tag?post=8761"}],"curies":[{"name":"wp","href":"https:\/\/api.w.org\/{rel}","templated":true}]}}