{"id":8762,"date":"2023-03-01T02:51:00","date_gmt":"2023-03-01T01:51:00","guid":{"rendered":"https:\/\/funstorage.thehuettl.com\/?post_type=product&#038;p=8762"},"modified":"2023-11-14T00:50:16","modified_gmt":"2023-11-13T23:50:16","slug":"lego-41728-restaurant","status":"publish","type":"product","link":"https:\/\/funstorage.thehuettl.com\/en\/shop\/lego-41728-restaurant\/","title":{"rendered":"LEGO\u00ae 41728 Restaurant"},"content":{"rendered":"<p>Fahr ins Restaurant, um dich dort mit der flei\u00dfigen Aliya zu treffen. Sie wartet auf Liann, die eigentlich gleich auf ihrem Skateboard ankommen m\u00fcsste. W\u00e4hle einen Song aus der Jukebox oder vergn\u00fcge dich am Spielautomaten. Probier unbedingt mal Charlis ber\u00fchmtes Riesensandwich aus. Oder stell dein eigenes Sandwich mit den Zutaten aus dem K\u00fchlschrank zusammen. Nimm drau\u00dfen Platz und lass dir blo\u00df nix von der frechen Katze stibitzen, die gern im Restaurant vorbeischaut!<\/p>\n<p>&nbsp;<\/p>\n<dl class=\"dl-horizontal\">\n<dd><span id=\"ctl00_main_mgcProduct_ctl00_v1_ctrl_metadata_ProductShopper_l2\">Das LEGO\u00ae Friends Restaurant (41728) f\u00fcr Kinder ab 6 Jahren ist genau das richtige Bau- und Spielset f\u00fcr unz\u00e4hlige kreative Rollenspiele. Jede Menge Zubeh\u00f6r l\u00e4dt zum Spielen ein. Dein Kind kann so tun, als w\u00fcrde es Sandwiches belegen oder als Gast das Restaurant besuchen. Zum Restaurant geh\u00f6ren ein Drive-In-Schalter, eine G\u00e4steterrasse, ein Spielautomat und eine bewegliche Jukebox. Mit dem Salat aus dem K\u00fchlschrank kann man die Sandwiches belegen. Das weitere Zubeh\u00f6r umfasst unter anderem 2 Getr\u00e4nke, Geld, 3 Scheiben Brot, einen Serviettenhalter, einen M\u00fclleimer und ein Skateboard. Und es gibt sogar eine freche Katze, die gern im Restaurant vorbeischaut! Ein noch vergn\u00fcglicheres Bauerlebnis Freu dich auf die LEGO Builder App, die dir ein leichtes und intuitives Bauabenteuer bietet. Die Funktionen lassen dein Kind 3D-Ansichten der Modelle vergr\u00f6\u00dfern und drehen, Sets speichern und den Baufortschritt verfolgen. Freu dich auf die n\u00e4chste Generation in Heartlake City Im LEGO Friends Universum kann dein Kind Freundschaften schlie\u00dfen, faszinierende neue Orte entdecken, kreativ spielen und Alltagsabenteuer darstellen.<\/span><\/dd>\n<\/dl>\n<p style=\"text-align: left;\"><span lang=\"DE\">Anzahl Teile:\u00a0346<br \/>\nAltersempfehlung: 6+<br \/>\nThema:\u00a0<\/span>LEGO\u00ae Friends<\/p>\n<p style=\"text-align: left;\"><span lang=\"DE\">EAN: 5702017415048<\/span><\/p>\n<p>&nbsp;<\/p>\n<p>\u2022 Spielspa\u00df f\u00fcr Kinder ab 6 Jahren: Das LEGO\u00ae Friends Restaurant (41728) l\u00e4dt dein Kind zu unz\u00e4hligen kreativen Rollenspielen ein<br \/>\n\u2022 3 Spielfiguren: Dieses Heartlake City Set beinhaltet die LEGO\u00ae Friends Spielfiguren Liann, Aliya und Charli sowie jede Menge Restaurantzubeh\u00f6r<br \/>\n\u2022 F\u00fcr fantasievolle Rollenspiele: Dein Kind kann so tun, als w\u00fcrde es Sandwiches mit dem Salat aus dem K\u00fchlschrank belegen oder als Gast das Restaurant besuchen<br \/>\n\u2022 Was f\u00fcr ein toller Treffpunkt: Kinder, die gern so tun, als w\u00fcrden sie in einem Restaurant arbeiten oder speisen, werden den Drive-In-Schalter, die G\u00e4steterrasse, den Spielautomaten und die bewegliche Jukebox lieben<br \/>\n\u2022 Dieses Spielzeug wird dein Kind immer wieder gern hervorholen: Dieses LEGO\u00ae Friends Set ist ein tolles Geburtstags-, Weihnachts- oder \u00dcberraschungsgeschenk f\u00fcr Kinder ab 6 Jahren, die gerne fantasievoll spielen<br \/>\n\u2022 Tolles Spielzeug: Das Restaurant ist 11\u00a0cm hoch, 19\u00a0cm breit und 11\u00a0cm tief<br \/>\n\u2022 N\u00fctzlicher Helfer: Entdecke die intuitiven Bauanleitungen in der LEGO\u00ae Builder App, die Kinder 3D-Ansichten der Modelle vergr\u00f6\u00dfern und drehen, den Baufortschritt verfolgen und ihre Sets speichern lassen, w\u00e4hrend sie neue Bauf\u00e4higkeiten entwickeln<br \/>\n\u2022 Eine neue Generation in Heartlake City: Im Jahr 2023 wird das LEGO\u00ae Friends Universum noch gr\u00f6\u00dfer. Neue Charaktere und neue Orte laden zu vielen weiteren Abenteuern und Rollenspielen ein<br \/>\n\u2022 Qualit\u00e4t ohne Kompromisse: Alle LEGO\u00ae Elemente entsprechen strengen Branchenstandards, damit sie einheitlich und kompatibel sind und sich m\u00fchelos zusammensetzen lassen<br \/>\n\u2022 Eine sichere Wahl: LEGO\u00ae Friends Steine und Teile werden Fall-, Hitze-, Druck- und Torsionstests unterzogen und analysiert, damit sie strikte globale Sicherheitsstandards erf\u00fcllen<\/p>","protected":false},"excerpt":{"rendered":"<dl class=\"dl-horizontal\">\n<dd><span id=\"ctl00_main_mgcProduct_ctl00_v1_ctrl_metadata_ProductOneliner_l2\">Das LEGO\u00ae Friends Restaurant f\u00fcr Kinder ab 6 Jahren ist das perfekte Set f\u00fcr unz\u00e4hlige kreative Rollenspiele.<\/span><\/dd>\n<\/dl>","protected":false},"featured_media":8618,"comment_status":"open","ping_status":"closed","template":"","meta":[],"product_brand":[],"product_cat":[34,329],"product_tag":[87,45,352],"class_list":{"0":"post-8762","1":"product","2":"type-product","3":"status-publish","4":"has-post-thumbnail","6":"product_cat-lego","7":"product_cat-lego-friends","8":"product_tag-friends","9":"product_tag-lego","10":"product_tag-restaurant","12":"first","13":"instock","14":"taxable","15":"shipping-taxable","16":"purchasable","17":"product-type-simple"},"yoast_head":"<!-- This site is optimized with the Yoast SEO plugin v26.4 - https:\/\/yoast.com\/wordpress\/plugins\/seo\/ -->\n<title>LEGO\u00ae 41728 Restaurant | FunStorage.de<\/title>\n<meta name=\"description\" content=\"LEGO\u00ae 41728 Restaurant | Schlie\u00df neue Freundschaften im Restaurant | FunStorage.de\" \/>\n<meta name=\"robots\" content=\"index, follow, max-snippet:-1, max-image-preview:large, max-video-preview:-1\" \/>\n<link rel=\"canonical\" href=\"https:\/\/funstorage.thehuettl.com\/en\/wp-json\/wp\/v2\/product\/8762\" \/>\n<meta property=\"og:locale\" content=\"en_US\" \/>\n<meta property=\"og:type\" content=\"article\" \/>\n<meta property=\"og:title\" content=\"LEGO\u00ae 41728 Restaurant | FunStorage.de\" \/>\n<meta property=\"og:description\" content=\"LEGO\u00ae 41728 Restaurant | Schlie\u00df neue Freundschaften im Restaurant | FunStorage.de\" \/>\n<meta property=\"og:url\" content=\"https:\/\/funstorage.thehuettl.com\/en\/shop\/lego-41728-restaurant\/\" \/>\n<meta property=\"og:site_name\" content=\"FunStorage\" \/>\n<meta property=\"article:publisher\" content=\"https:\/\/www.facebook.com\/funstorage.de\" \/>\n<meta property=\"article:modified_time\" content=\"2023-11-13T23:50:16+00:00\" \/>\n<meta property=\"og:image\" content=\"https:\/\/funstorage.thehuettl.com\/wp-content\/uploads\/2023\/03\/41728_boxprod_v29-scaled-1.jpg\" \/>\n\t<meta property=\"og:image:width\" content=\"2560\" \/>\n\t<meta property=\"og:image:height\" content=\"2560\" \/>\n\t<meta property=\"og:image:type\" content=\"image\/jpeg\" \/>\n<meta name=\"twitter:card\" content=\"summary_large_image\" \/>\n<meta name=\"twitter:label1\" content=\"Est. reading time\" \/>\n\t<meta name=\"twitter:data1\" content=\"3 minutes\" \/>\n<script type=\"application\/ld+json\" class=\"yoast-schema-graph\">{\"@context\":\"https:\/\/schema.org\",\"@graph\":[{\"@type\":\"WebPage\",\"@id\":\"https:\/\/funstorage.thehuettl.com\/shop\/lego-41728-restaurant\/\",\"url\":\"https:\/\/funstorage.thehuettl.com\/shop\/lego-41728-restaurant\/\",\"name\":\"LEGO\u00ae 41728 Restaurant | FunStorage.de\",\"isPartOf\":{\"@id\":\"https:\/\/funstorage.thehuettl.com\/#website\"},\"primaryImageOfPage\":{\"@id\":\"https:\/\/funstorage.thehuettl.com\/shop\/lego-41728-restaurant\/#primaryimage\"},\"image\":{\"@id\":\"https:\/\/funstorage.thehuettl.com\/shop\/lego-41728-restaurant\/#primaryimage\"},\"thumbnailUrl\":\"https:\/\/funstorage.thehuettl.com\/wp-content\/uploads\/2023\/03\/41728_boxprod_v29-scaled-1.jpg\",\"datePublished\":\"2023-03-01T01:51:00+00:00\",\"dateModified\":\"2023-11-13T23:50:16+00:00\",\"description\":\"LEGO\u00ae 41728 Restaurant | Schlie\u00df neue Freundschaften im Restaurant | FunStorage.de\",\"breadcrumb\":{\"@id\":\"https:\/\/funstorage.thehuettl.com\/shop\/lego-41728-restaurant\/#breadcrumb\"},\"inLanguage\":\"en-US\",\"potentialAction\":[{\"@type\":\"ReadAction\",\"target\":[\"https:\/\/funstorage.thehuettl.com\/shop\/lego-41728-restaurant\/\"]}]},{\"@type\":\"ImageObject\",\"inLanguage\":\"en-US\",\"@id\":\"https:\/\/funstorage.thehuettl.com\/shop\/lego-41728-restaurant\/#primaryimage\",\"url\":\"https:\/\/funstorage.thehuettl.com\/wp-content\/uploads\/2023\/03\/41728_boxprod_v29-scaled-1.jpg\",\"contentUrl\":\"https:\/\/funstorage.thehuettl.com\/wp-content\/uploads\/2023\/03\/41728_boxprod_v29-scaled-1.jpg\",\"width\":2560,\"height\":2560},{\"@type\":\"BreadcrumbList\",\"@id\":\"https:\/\/funstorage.thehuettl.com\/shop\/lego-41728-restaurant\/#breadcrumb\",\"itemListElement\":[{\"@type\":\"ListItem\",\"position\":1,\"name\":\"Startseite\",\"item\":\"https:\/\/funstorage.thehuettl.com\/step\/homepage\/\"},{\"@type\":\"ListItem\",\"position\":2,\"name\":\"Shop\",\"item\":\"https:\/\/funstorage.thehuettl.com\/shop\/\"},{\"@type\":\"ListItem\",\"position\":3,\"name\":\"LEGO\u00ae 41728 Restaurant\"}]},{\"@type\":\"WebSite\",\"@id\":\"https:\/\/funstorage.thehuettl.com\/#website\",\"url\":\"https:\/\/funstorage.thehuettl.com\/\",\"name\":\"FunStorage\",\"description\":\"\",\"publisher\":{\"@id\":\"https:\/\/funstorage.thehuettl.com\/#organization\"},\"potentialAction\":[{\"@type\":\"SearchAction\",\"target\":{\"@type\":\"EntryPoint\",\"urlTemplate\":\"https:\/\/funstorage.thehuettl.com\/?s={search_term_string}\"},\"query-input\":{\"@type\":\"PropertyValueSpecification\",\"valueRequired\":true,\"valueName\":\"search_term_string\"}}],\"inLanguage\":\"en-US\"},{\"@type\":\"Organization\",\"@id\":\"https:\/\/funstorage.thehuettl.com\/#organization\",\"name\":\"FunStorage\",\"url\":\"https:\/\/funstorage.thehuettl.com\/\",\"logo\":{\"@type\":\"ImageObject\",\"inLanguage\":\"en-US\",\"@id\":\"https:\/\/funstorage.thehuettl.com\/#\/schema\/logo\/image\/\",\"url\":\"https:\/\/funstorage.thehuettl.com\/wp-content\/uploads\/2023\/02\/cropped-D2BA2C24-7753-4AC3-9F3B-6C174C5BCB99.png\",\"contentUrl\":\"https:\/\/funstorage.thehuettl.com\/wp-content\/uploads\/2023\/02\/cropped-D2BA2C24-7753-4AC3-9F3B-6C174C5BCB99.png\",\"width\":512,\"height\":512,\"caption\":\"FunStorage\"},\"image\":{\"@id\":\"https:\/\/funstorage.thehuettl.com\/#\/schema\/logo\/image\/\"},\"sameAs\":[\"https:\/\/www.facebook.com\/funstorage.de\"]}]}<\/script>\n<!-- \/ Yoast SEO plugin. -->","yoast_head_json":{"title":"LEGO\u00ae 41728 Restaurant | FunStorage.de","description":"LEGO\u00ae 41728 Restaurant | Schlie\u00df neue Freundschaften im Restaurant | FunStorage.de","robots":{"index":"index","follow":"follow","max-snippet":"max-snippet:-1","max-image-preview":"max-image-preview:large","max-video-preview":"max-video-preview:-1"},"canonical":"https:\/\/funstorage.thehuettl.com\/en\/wp-json\/wp\/v2\/product\/8762","og_locale":"en_US","og_type":"article","og_title":"LEGO\u00ae 41728 Restaurant | FunStorage.de","og_description":"LEGO\u00ae 41728 Restaurant | Schlie\u00df neue Freundschaften im Restaurant | FunStorage.de","og_url":"https:\/\/funstorage.thehuettl.com\/en\/shop\/lego-41728-restaurant\/","og_site_name":"FunStorage","article_publisher":"https:\/\/www.facebook.com\/funstorage.de","article_modified_time":"2023-11-13T23:50:16+00:00","og_image":[{"width":2560,"height":2560,"url":"https:\/\/funstorage.thehuettl.com\/wp-content\/uploads\/2023\/03\/41728_boxprod_v29-scaled-1.jpg","type":"image\/jpeg"}],"twitter_card":"summary_large_image","twitter_misc":{"Est. reading time":"3 minutes"},"schema":{"@context":"https:\/\/schema.org","@graph":[{"@type":"WebPage","@id":"https:\/\/funstorage.thehuettl.com\/shop\/lego-41728-restaurant\/","url":"https:\/\/funstorage.thehuettl.com\/shop\/lego-41728-restaurant\/","name":"LEGO\u00ae 41728 Restaurant | FunStorage.de","isPartOf":{"@id":"https:\/\/funstorage.thehuettl.com\/#website"},"primaryImageOfPage":{"@id":"https:\/\/funstorage.thehuettl.com\/shop\/lego-41728-restaurant\/#primaryimage"},"image":{"@id":"https:\/\/funstorage.thehuettl.com\/shop\/lego-41728-restaurant\/#primaryimage"},"thumbnailUrl":"https:\/\/funstorage.thehuettl.com\/wp-content\/uploads\/2023\/03\/41728_boxprod_v29-scaled-1.jpg","datePublished":"2023-03-01T01:51:00+00:00","dateModified":"2023-11-13T23:50:16+00:00","description":"LEGO\u00ae 41728 Restaurant | Schlie\u00df neue Freundschaften im Restaurant | FunStorage.de","breadcrumb":{"@id":"https:\/\/funstorage.thehuettl.com\/shop\/lego-41728-restaurant\/#breadcrumb"},"inLanguage":"en-US","potentialAction":[{"@type":"ReadAction","target":["https:\/\/funstorage.thehuettl.com\/shop\/lego-41728-restaurant\/"]}]},{"@type":"ImageObject","inLanguage":"en-US","@id":"https:\/\/funstorage.thehuettl.com\/shop\/lego-41728-restaurant\/#primaryimage","url":"https:\/\/funstorage.thehuettl.com\/wp-content\/uploads\/2023\/03\/41728_boxprod_v29-scaled-1.jpg","contentUrl":"https:\/\/funstorage.thehuettl.com\/wp-content\/uploads\/2023\/03\/41728_boxprod_v29-scaled-1.jpg","width":2560,"height":2560},{"@type":"BreadcrumbList","@id":"https:\/\/funstorage.thehuettl.com\/shop\/lego-41728-restaurant\/#breadcrumb","itemListElement":[{"@type":"ListItem","position":1,"name":"Startseite","item":"https:\/\/funstorage.thehuettl.com\/step\/homepage\/"},{"@type":"ListItem","position":2,"name":"Shop","item":"https:\/\/funstorage.thehuettl.com\/shop\/"},{"@type":"ListItem","position":3,"name":"LEGO\u00ae 41728 Restaurant"}]},{"@type":"WebSite","@id":"https:\/\/funstorage.thehuettl.com\/#website","url":"https:\/\/funstorage.thehuettl.com\/","name":"FunStorage","description":"","publisher":{"@id":"https:\/\/funstorage.thehuettl.com\/#organization"},"potentialAction":[{"@type":"SearchAction","target":{"@type":"EntryPoint","urlTemplate":"https:\/\/funstorage.thehuettl.com\/?s={search_term_string}"},"query-input":{"@type":"PropertyValueSpecification","valueRequired":true,"valueName":"search_term_string"}}],"inLanguage":"en-US"},{"@type":"Organization","@id":"https:\/\/funstorage.thehuettl.com\/#organization","name":"FunStorage","url":"https:\/\/funstorage.thehuettl.com\/","logo":{"@type":"ImageObject","inLanguage":"en-US","@id":"https:\/\/funstorage.thehuettl.com\/#\/schema\/logo\/image\/","url":"https:\/\/funstorage.thehuettl.com\/wp-content\/uploads\/2023\/02\/cropped-D2BA2C24-7753-4AC3-9F3B-6C174C5BCB99.png","contentUrl":"https:\/\/funstorage.thehuettl.com\/wp-content\/uploads\/2023\/02\/cropped-D2BA2C24-7753-4AC3-9F3B-6C174C5BCB99.png","width":512,"height":512,"caption":"FunStorage"},"image":{"@id":"https:\/\/funstorage.thehuettl.com\/#\/schema\/logo\/image\/"},"sameAs":["https:\/\/www.facebook.com\/funstorage.de"]}]}},"_links":{"self":[{"href":"https:\/\/funstorage.thehuettl.com\/en\/wp-json\/wp\/v2\/product\/8762","targetHints":{"allow":["GET"]}}],"collection":[{"href":"https:\/\/funstorage.thehuettl.com\/en\/wp-json\/wp\/v2\/product"}],"about":[{"href":"https:\/\/funstorage.thehuettl.com\/en\/wp-json\/wp\/v2\/types\/product"}],"replies":[{"embeddable":true,"href":"https:\/\/funstorage.thehuettl.com\/en\/wp-json\/wp\/v2\/comments?post=8762"}],"version-history":[{"count":0,"href":"https:\/\/funstorage.thehuettl.com\/en\/wp-json\/wp\/v2\/product\/8762\/revisions"}],"wp:featuredmedia":[{"embeddable":true,"href":"https:\/\/funstorage.thehuettl.com\/en\/wp-json\/wp\/v2\/media\/8618"}],"wp:attachment":[{"href":"https:\/\/funstorage.thehuettl.com\/en\/wp-json\/wp\/v2\/media?parent=8762"}],"wp:term":[{"taxonomy":"product_brand","embeddable":true,"href":"https:\/\/funstorage.thehuettl.com\/en\/wp-json\/wp\/v2\/product_brand?post=8762"},{"taxonomy":"product_cat","embeddable":true,"href":"https:\/\/funstorage.thehuettl.com\/en\/wp-json\/wp\/v2\/product_cat?post=8762"},{"taxonomy":"product_tag","embeddable":true,"href":"https:\/\/funstorage.thehuettl.com\/en\/wp-json\/wp\/v2\/product_tag?post=8762"}],"curies":[{"name":"wp","href":"https:\/\/api.w.org\/{rel}","templated":true}]}}