{"id":8764,"date":"2023-03-01T02:51:00","date_gmt":"2023-03-01T01:51:00","guid":{"rendered":"https:\/\/funstorage.thehuettl.com\/?post_type=product&#038;p=8764"},"modified":"2023-11-14T00:50:18","modified_gmt":"2023-11-13T23:50:18","slug":"lego-41730-autumns-haus","status":"publish","type":"product","link":"https:\/\/funstorage.thehuettl.com\/en\/shop\/lego-41730-autumns-haus\/","title":{"rendered":"LEGO\u00ae 41730 Autumns Haus"},"content":{"rendered":"<dl class=\"dl-horizontal\">\n<dd>\n<div id=\"ctl00_main_mgcProduct_ctl00_v1_ctrl_metadata_ProductDescription_divReadmore\">Triff dich mit den anderen in Autumns Haus. Leo und Aliya sind auch schon da. Euch erwarten viele spannende Aktivit\u00e4ten. Hilf Leo, \u00c4pfel zu pfl\u00fccken und einen k\u00f6stlichen Kuchen zu backen. Lerne Autums Mutter Mia kennen. Geh dann mit Aliya raus, um das junge Fohlen zu b\u00fcrsten. Zur Belohnung gibt es am Lagerfeuer Apfelkuchen und Milchkaffee mit K\u00fcrbisaroma. Oh je, die H\u00fcndin Daisy hat anscheinend im K\u00fcrbisbeet herumgetollt. Jetzt braucht sie unbedingt ein Bad!<\/div>\n<\/dd>\n<\/dl>\n<div>LEGO\u00ae Friends Autumns Haus (41730) ist ein Spielset, in dem Kinder ab 7 Jahren viele Freunde finden. Dein Kind wird die gutherzige Autumn bestimmt m\u00f6gen. Autumn hat ihre Freunde Leo und Aliya zu sich nach Hause eingeladen. F\u00fcr jeden gibt es etwas zu tun. Backfans k\u00f6nnen Leo helfen, \u00c4pfel zu pfl\u00fccken und dann in der K\u00fcche einen Kuchen zu backen. Junge Tierfreunde k\u00f6nnen Aliya zur Hand gehen und das junge Fohlen umsorgen. Im Haus gibt es viele Zimmer zu entdecken, unter anderem eine K\u00fcche, ein gem\u00fctliches Wohnzimmer, eine Essecke, ein Badezimmer und Autums Kinderzimmer mit Naturmotiven. Auch drau\u00dfen befinden sich tolle Bereiche wie der Balkon mit Teleskop, Notizbuch und Fernglas. Dort k\u00f6nnen die Freunde V\u00f6gel beobachten. Eine neue Art des Bauens Die LEGO Builder App bietet deinem Kind ein leichtes und intuitives Bauabenteuer. Dein Kind kann 3D-Ansichten der Modelle vergr\u00f6\u00dfern und drehen, Sets speichern und seinen Baufortschritt verfolgen. Freu dich auf die n\u00e4chste Generation in Heartlake City Im LEGO Friends Universum kann dein Kind Freundschaften schlie\u00dfen, faszinierende neue Orte entdecken und Alltagsabenteuer erleben.<\/div>\n<div><\/div>\n<div>\n<p><span lang=\"DE\">Anzahl Teile: 853<br \/>\nAltersempfehlung: 7+<br \/>\nThema:\u00a0<\/span>LEGO\u00ae Friends<\/p>\n<p><span lang=\"DE\">EAN: 5702017415062<\/span><\/p>\n<\/div>\n<div><\/div>\n<div>\u2022 Ein Haus f\u00fcr Freunde: LEGO\u00ae Friends Autumns Haus (41730) ist ein faszinierendes Spielset, das Kinder ab 7 Jahren dazu einl\u00e4dt, eigene Freundschaftsgeschichten darzustellen<br \/>\n\u2022 4 Spielfiguren und Zubeh\u00f6r: Das Set beinhaltet die LEGO\u00ae Friends Spielfiguren Autumn, Leo und Aliya sowie Autumns Mutter Mia, die H\u00fcndin Daisy und das Fohlen der Familie. Auch jede Menge Zubeh\u00f6r l\u00e4sst dein Kind kreativ spielen<br \/>\n\u2022 Faszinierendes Zubeh\u00f6r: Entdecke cooles Zubeh\u00f6r, das die Interessen der Freunde widerspiegelt, unter anderem ein Fernrohr, ein Notizbuch und ein Fernglas, Backzutaten, K\u00fcrbisse, \u00c4pfel, Tassen und Futter f\u00fcr die Sch\u00e4ferh\u00fcndin Daisy<br \/>\n\u2022 Erkunde das Haus: Dein Kind kann die verschiedenen Zimmer in Autumns Haus bauen und erkunden, unter anderem eine K\u00fcche, ein Wohnzimmer, ein Badezimmer, Autumns Kinderzimmer und einen Balkon<br \/>\n\u2022 Belohnung f\u00fcr Kinder, die gern Vater-Mutter-Kind spielen: Dieses LEGO\u00ae Friends Spielset ist ein tolles Geburtstags-, Weihnachts- oder \u00dcberraschungsgeschenk f\u00fcr Kinder ab 7 Jahren, die gern ein LEGO Friends Haus bauen m\u00f6chten<br \/>\n\u2022 Abmessungen: Autumns Haus ist 23\u00a0cm hoch, 30\u00a0cm breit und 9\u00a0cm tief<br \/>\n\u2022 N\u00fctzlicher Helfer: Entdecke die intuitiven Bauanleitungen in der LEGO\u00ae Builder App, die Kinder 3D-Ansichten der Modelle vergr\u00f6\u00dfern und drehen, den Baufortschritt verfolgen und ihre Sets speichern lassen, w\u00e4hrend sie neue Bauf\u00e4higkeiten entwickeln<br \/>\n\u2022 Eine neue Generation in Heartlake City: Im Jahr 2023 wird das LEGO\u00ae Friends Universum noch gr\u00f6\u00dfer. Neue Charaktere und neue Orte laden zu vielen weiteren Abenteuern und Rollenspielen ein<br \/>\n\u2022 Qualit\u00e4tsprodukt: Alle LEGO\u00ae Elemente entsprechen schon seit 1958 strengen Branchenstandards, damit sie einheitlich und kompatibel sind und sich m\u00fchelos zusammensetzen lassen<br \/>\n\u2022 Sicherheit hat Vorrang: LEGO\u00ae Friends Steine und Teile werden Fall-, Hitze-, Druck- und Torsionstests unterzogen und analysiert, damit sie strikte globale Sicherheitsstandards erf\u00fcllen<\/div>\n<div><\/div>","protected":false},"excerpt":{"rendered":"<p>Ein detailreiches Haus mit vielen spannenden Aktivit\u00e4ten f\u00fcr kreative Kinder, die gern backen, Tiere lieben und Rollenspiele m\u00f6gen.<\/p>","protected":false},"featured_media":8630,"comment_status":"open","ping_status":"closed","template":"","meta":[],"product_brand":[],"product_cat":[34,329],"product_tag":[355,87,81,45],"class_list":{"0":"post-8764","1":"product","2":"type-product","3":"status-publish","4":"has-post-thumbnail","6":"product_cat-lego","7":"product_cat-lego-friends","8":"product_tag-autumns-haus","9":"product_tag-friends","10":"product_tag-haus","11":"product_tag-lego","13":"first","14":"instock","15":"taxable","16":"shipping-taxable","17":"purchasable","18":"product-type-simple"},"yoast_head":"<!-- This site is optimized with the Yoast SEO plugin v26.4 - https:\/\/yoast.com\/wordpress\/plugins\/seo\/ -->\n<title>LEGO\u00ae 41730 Autumns Haus | FunStorage.de<\/title>\n<meta name=\"description\" content=\"LEGO\u00ae 41730 Autumns Haus | Die Kinder sind zum Spielen in Autumns Haus eingeladen | FunStorage.de\" \/>\n<meta name=\"robots\" content=\"index, follow, max-snippet:-1, max-image-preview:large, max-video-preview:-1\" \/>\n<link rel=\"canonical\" href=\"https:\/\/funstorage.thehuettl.com\/en\/wp-json\/wp\/v2\/product\/8764\" \/>\n<meta property=\"og:locale\" content=\"en_US\" \/>\n<meta property=\"og:type\" content=\"article\" \/>\n<meta property=\"og:title\" content=\"LEGO\u00ae 41730 Autumns Haus | FunStorage.de\" \/>\n<meta property=\"og:description\" content=\"LEGO\u00ae 41730 Autumns Haus | Die Kinder sind zum Spielen in Autumns Haus eingeladen | FunStorage.de\" \/>\n<meta property=\"og:url\" content=\"https:\/\/funstorage.thehuettl.com\/en\/shop\/lego-41730-autumns-haus\/\" \/>\n<meta property=\"og:site_name\" content=\"FunStorage\" \/>\n<meta property=\"article:publisher\" content=\"https:\/\/www.facebook.com\/funstorage.de\" \/>\n<meta property=\"article:modified_time\" content=\"2023-11-13T23:50:18+00:00\" \/>\n<meta property=\"og:image\" content=\"https:\/\/funstorage.thehuettl.com\/wp-content\/uploads\/2023\/03\/41730_boxprod_v29-scaled-1.jpg\" \/>\n\t<meta property=\"og:image:width\" content=\"2560\" \/>\n\t<meta property=\"og:image:height\" content=\"2560\" \/>\n\t<meta property=\"og:image:type\" content=\"image\/jpeg\" \/>\n<meta name=\"twitter:card\" content=\"summary_large_image\" \/>\n<meta name=\"twitter:label1\" content=\"Est. reading time\" \/>\n\t<meta name=\"twitter:data1\" content=\"3 minutes\" \/>\n<script type=\"application\/ld+json\" class=\"yoast-schema-graph\">{\"@context\":\"https:\/\/schema.org\",\"@graph\":[{\"@type\":\"WebPage\",\"@id\":\"https:\/\/funstorage.thehuettl.com\/shop\/lego-41730-autumns-haus\/\",\"url\":\"https:\/\/funstorage.thehuettl.com\/shop\/lego-41730-autumns-haus\/\",\"name\":\"LEGO\u00ae 41730 Autumns Haus | FunStorage.de\",\"isPartOf\":{\"@id\":\"https:\/\/funstorage.thehuettl.com\/#website\"},\"primaryImageOfPage\":{\"@id\":\"https:\/\/funstorage.thehuettl.com\/shop\/lego-41730-autumns-haus\/#primaryimage\"},\"image\":{\"@id\":\"https:\/\/funstorage.thehuettl.com\/shop\/lego-41730-autumns-haus\/#primaryimage\"},\"thumbnailUrl\":\"https:\/\/funstorage.thehuettl.com\/wp-content\/uploads\/2023\/03\/41730_boxprod_v29-scaled-1.jpg\",\"datePublished\":\"2023-03-01T01:51:00+00:00\",\"dateModified\":\"2023-11-13T23:50:18+00:00\",\"description\":\"LEGO\u00ae 41730 Autumns Haus | Die Kinder sind zum Spielen in Autumns Haus eingeladen | FunStorage.de\",\"breadcrumb\":{\"@id\":\"https:\/\/funstorage.thehuettl.com\/shop\/lego-41730-autumns-haus\/#breadcrumb\"},\"inLanguage\":\"en-US\",\"potentialAction\":[{\"@type\":\"ReadAction\",\"target\":[\"https:\/\/funstorage.thehuettl.com\/shop\/lego-41730-autumns-haus\/\"]}]},{\"@type\":\"ImageObject\",\"inLanguage\":\"en-US\",\"@id\":\"https:\/\/funstorage.thehuettl.com\/shop\/lego-41730-autumns-haus\/#primaryimage\",\"url\":\"https:\/\/funstorage.thehuettl.com\/wp-content\/uploads\/2023\/03\/41730_boxprod_v29-scaled-1.jpg\",\"contentUrl\":\"https:\/\/funstorage.thehuettl.com\/wp-content\/uploads\/2023\/03\/41730_boxprod_v29-scaled-1.jpg\",\"width\":2560,\"height\":2560},{\"@type\":\"BreadcrumbList\",\"@id\":\"https:\/\/funstorage.thehuettl.com\/shop\/lego-41730-autumns-haus\/#breadcrumb\",\"itemListElement\":[{\"@type\":\"ListItem\",\"position\":1,\"name\":\"Startseite\",\"item\":\"https:\/\/funstorage.thehuettl.com\/step\/homepage\/\"},{\"@type\":\"ListItem\",\"position\":2,\"name\":\"Shop\",\"item\":\"https:\/\/funstorage.thehuettl.com\/shop\/\"},{\"@type\":\"ListItem\",\"position\":3,\"name\":\"LEGO\u00ae 41730 Autumns Haus\"}]},{\"@type\":\"WebSite\",\"@id\":\"https:\/\/funstorage.thehuettl.com\/#website\",\"url\":\"https:\/\/funstorage.thehuettl.com\/\",\"name\":\"FunStorage\",\"description\":\"\",\"publisher\":{\"@id\":\"https:\/\/funstorage.thehuettl.com\/#organization\"},\"potentialAction\":[{\"@type\":\"SearchAction\",\"target\":{\"@type\":\"EntryPoint\",\"urlTemplate\":\"https:\/\/funstorage.thehuettl.com\/?s={search_term_string}\"},\"query-input\":{\"@type\":\"PropertyValueSpecification\",\"valueRequired\":true,\"valueName\":\"search_term_string\"}}],\"inLanguage\":\"en-US\"},{\"@type\":\"Organization\",\"@id\":\"https:\/\/funstorage.thehuettl.com\/#organization\",\"name\":\"FunStorage\",\"url\":\"https:\/\/funstorage.thehuettl.com\/\",\"logo\":{\"@type\":\"ImageObject\",\"inLanguage\":\"en-US\",\"@id\":\"https:\/\/funstorage.thehuettl.com\/#\/schema\/logo\/image\/\",\"url\":\"https:\/\/funstorage.thehuettl.com\/wp-content\/uploads\/2023\/02\/cropped-D2BA2C24-7753-4AC3-9F3B-6C174C5BCB99.png\",\"contentUrl\":\"https:\/\/funstorage.thehuettl.com\/wp-content\/uploads\/2023\/02\/cropped-D2BA2C24-7753-4AC3-9F3B-6C174C5BCB99.png\",\"width\":512,\"height\":512,\"caption\":\"FunStorage\"},\"image\":{\"@id\":\"https:\/\/funstorage.thehuettl.com\/#\/schema\/logo\/image\/\"},\"sameAs\":[\"https:\/\/www.facebook.com\/funstorage.de\"]}]}<\/script>\n<!-- \/ Yoast SEO plugin. -->","yoast_head_json":{"title":"LEGO\u00ae 41730 Autumns Haus | FunStorage.de","description":"LEGO\u00ae 41730 Autumns Haus | Die Kinder sind zum Spielen in Autumns Haus eingeladen | FunStorage.de","robots":{"index":"index","follow":"follow","max-snippet":"max-snippet:-1","max-image-preview":"max-image-preview:large","max-video-preview":"max-video-preview:-1"},"canonical":"https:\/\/funstorage.thehuettl.com\/en\/wp-json\/wp\/v2\/product\/8764","og_locale":"en_US","og_type":"article","og_title":"LEGO\u00ae 41730 Autumns Haus | FunStorage.de","og_description":"LEGO\u00ae 41730 Autumns Haus | Die Kinder sind zum Spielen in Autumns Haus eingeladen | FunStorage.de","og_url":"https:\/\/funstorage.thehuettl.com\/en\/shop\/lego-41730-autumns-haus\/","og_site_name":"FunStorage","article_publisher":"https:\/\/www.facebook.com\/funstorage.de","article_modified_time":"2023-11-13T23:50:18+00:00","og_image":[{"width":2560,"height":2560,"url":"https:\/\/funstorage.thehuettl.com\/wp-content\/uploads\/2023\/03\/41730_boxprod_v29-scaled-1.jpg","type":"image\/jpeg"}],"twitter_card":"summary_large_image","twitter_misc":{"Est. reading time":"3 minutes"},"schema":{"@context":"https:\/\/schema.org","@graph":[{"@type":"WebPage","@id":"https:\/\/funstorage.thehuettl.com\/shop\/lego-41730-autumns-haus\/","url":"https:\/\/funstorage.thehuettl.com\/shop\/lego-41730-autumns-haus\/","name":"LEGO\u00ae 41730 Autumns Haus | FunStorage.de","isPartOf":{"@id":"https:\/\/funstorage.thehuettl.com\/#website"},"primaryImageOfPage":{"@id":"https:\/\/funstorage.thehuettl.com\/shop\/lego-41730-autumns-haus\/#primaryimage"},"image":{"@id":"https:\/\/funstorage.thehuettl.com\/shop\/lego-41730-autumns-haus\/#primaryimage"},"thumbnailUrl":"https:\/\/funstorage.thehuettl.com\/wp-content\/uploads\/2023\/03\/41730_boxprod_v29-scaled-1.jpg","datePublished":"2023-03-01T01:51:00+00:00","dateModified":"2023-11-13T23:50:18+00:00","description":"LEGO\u00ae 41730 Autumns Haus | Die Kinder sind zum Spielen in Autumns Haus eingeladen | FunStorage.de","breadcrumb":{"@id":"https:\/\/funstorage.thehuettl.com\/shop\/lego-41730-autumns-haus\/#breadcrumb"},"inLanguage":"en-US","potentialAction":[{"@type":"ReadAction","target":["https:\/\/funstorage.thehuettl.com\/shop\/lego-41730-autumns-haus\/"]}]},{"@type":"ImageObject","inLanguage":"en-US","@id":"https:\/\/funstorage.thehuettl.com\/shop\/lego-41730-autumns-haus\/#primaryimage","url":"https:\/\/funstorage.thehuettl.com\/wp-content\/uploads\/2023\/03\/41730_boxprod_v29-scaled-1.jpg","contentUrl":"https:\/\/funstorage.thehuettl.com\/wp-content\/uploads\/2023\/03\/41730_boxprod_v29-scaled-1.jpg","width":2560,"height":2560},{"@type":"BreadcrumbList","@id":"https:\/\/funstorage.thehuettl.com\/shop\/lego-41730-autumns-haus\/#breadcrumb","itemListElement":[{"@type":"ListItem","position":1,"name":"Startseite","item":"https:\/\/funstorage.thehuettl.com\/step\/homepage\/"},{"@type":"ListItem","position":2,"name":"Shop","item":"https:\/\/funstorage.thehuettl.com\/shop\/"},{"@type":"ListItem","position":3,"name":"LEGO\u00ae 41730 Autumns Haus"}]},{"@type":"WebSite","@id":"https:\/\/funstorage.thehuettl.com\/#website","url":"https:\/\/funstorage.thehuettl.com\/","name":"FunStorage","description":"","publisher":{"@id":"https:\/\/funstorage.thehuettl.com\/#organization"},"potentialAction":[{"@type":"SearchAction","target":{"@type":"EntryPoint","urlTemplate":"https:\/\/funstorage.thehuettl.com\/?s={search_term_string}"},"query-input":{"@type":"PropertyValueSpecification","valueRequired":true,"valueName":"search_term_string"}}],"inLanguage":"en-US"},{"@type":"Organization","@id":"https:\/\/funstorage.thehuettl.com\/#organization","name":"FunStorage","url":"https:\/\/funstorage.thehuettl.com\/","logo":{"@type":"ImageObject","inLanguage":"en-US","@id":"https:\/\/funstorage.thehuettl.com\/#\/schema\/logo\/image\/","url":"https:\/\/funstorage.thehuettl.com\/wp-content\/uploads\/2023\/02\/cropped-D2BA2C24-7753-4AC3-9F3B-6C174C5BCB99.png","contentUrl":"https:\/\/funstorage.thehuettl.com\/wp-content\/uploads\/2023\/02\/cropped-D2BA2C24-7753-4AC3-9F3B-6C174C5BCB99.png","width":512,"height":512,"caption":"FunStorage"},"image":{"@id":"https:\/\/funstorage.thehuettl.com\/#\/schema\/logo\/image\/"},"sameAs":["https:\/\/www.facebook.com\/funstorage.de"]}]}},"_links":{"self":[{"href":"https:\/\/funstorage.thehuettl.com\/en\/wp-json\/wp\/v2\/product\/8764","targetHints":{"allow":["GET"]}}],"collection":[{"href":"https:\/\/funstorage.thehuettl.com\/en\/wp-json\/wp\/v2\/product"}],"about":[{"href":"https:\/\/funstorage.thehuettl.com\/en\/wp-json\/wp\/v2\/types\/product"}],"replies":[{"embeddable":true,"href":"https:\/\/funstorage.thehuettl.com\/en\/wp-json\/wp\/v2\/comments?post=8764"}],"version-history":[{"count":0,"href":"https:\/\/funstorage.thehuettl.com\/en\/wp-json\/wp\/v2\/product\/8764\/revisions"}],"wp:featuredmedia":[{"embeddable":true,"href":"https:\/\/funstorage.thehuettl.com\/en\/wp-json\/wp\/v2\/media\/8630"}],"wp:attachment":[{"href":"https:\/\/funstorage.thehuettl.com\/en\/wp-json\/wp\/v2\/media?parent=8764"}],"wp:term":[{"taxonomy":"product_brand","embeddable":true,"href":"https:\/\/funstorage.thehuettl.com\/en\/wp-json\/wp\/v2\/product_brand?post=8764"},{"taxonomy":"product_cat","embeddable":true,"href":"https:\/\/funstorage.thehuettl.com\/en\/wp-json\/wp\/v2\/product_cat?post=8764"},{"taxonomy":"product_tag","embeddable":true,"href":"https:\/\/funstorage.thehuettl.com\/en\/wp-json\/wp\/v2\/product_tag?post=8764"}],"curies":[{"name":"wp","href":"https:\/\/api.w.org\/{rel}","templated":true}]}}