{"id":8766,"date":"2023-03-01T02:51:00","date_gmt":"2023-03-01T01:51:00","guid":{"rendered":"https:\/\/funstorage.thehuettl.com\/?post_type=product&#038;p=8766"},"modified":"2023-11-14T01:02:04","modified_gmt":"2023-11-14T00:02:04","slug":"lego-41733-bubble-tea-mobil","status":"publish","type":"product","link":"https:\/\/funstorage.thehuettl.com\/en\/shop\/lego-41733-bubble-tea-mobil\/","title":{"rendered":"LEGO\u00ae 41733 Bubble-Tea-Mobil"},"content":{"rendered":"<p>Freust du dich schon darauf, das coolste neue Getr\u00e4nk mit deinen Freundinnen Nova und Matilde zu probieren? Dann nichts wie los zu Matildes Bubble-Tea-Mobil in der Innenstadt. Hilf Matilde, ihre beliebten Bubble-Tea-Kreationen zuzubereiten. Lass dann ihre Schulfreundin Nova von dem leckeren Getr\u00e4nk kosten. Benutze die Erdbeeren, die Schlagsahne und die Streusel f\u00fcr witzige Rezepte. Sollen noch mehr Kunden in den Genuss von Bubble-Tea kommen? Dann h\u00e4ng das Mobil an den Roller an und fahr los!<\/p>\n<p>&nbsp;<\/p>\n<p>Kreative Kinder ab 6 Jahren werden das LEGO\u00ae Friends Bubble-Tea-Mobil (41733) lieben. Der Bubble-Tea-Wagen wird von einem coolen Elektroroller gezogen. Das Dach l\u00e4sst sich \u00f6ffnen, damit dein Kind zusammen mit den beiden Gaming-Fans Nova und Matilde tolle Bubble-Tea-Kreationen zubereiten kann. Obwohl Nova Tausende Online-Follower hat, ist sie manchmal etwas sch\u00fcchtern. Deshalb ist sie unheimlich froh, dass sie mit der begeisterten Gamerin Matilde befreundet ist. Zubeh\u00f6r wie die 2 Bubble-Tea-Flaschen und eine Funktion zum Sch\u00fctteln und Mixen der Zutaten l\u00e4sst Kinder kreativ spielen. Au\u00dferdem gibt es eine kleine Kasse, einen Tisch und eine Figur mit Speisekarte. Noch mehr Bauspa\u00df Biete deinem Kind mit der LEGO Builder App ein leichtes und intuitives Bauabenteuer. Die Funktionen lassen dein Kind 3D-Ansichten der Modelle vergr\u00f6\u00dfern und drehen, Sets speichern und den Baufortschritt verfolgen. Freu dich auf die n\u00e4chste Generation in Heartlake City Im LEGO Friends Universum kann dein Kind Freundschaften schlie\u00dfen, faszinierende neue Orte entdecken, kreativ spielen und Alltagsabenteuer darstellen.<\/p>\n<p>&nbsp;<\/p>\n<p><span lang=\"DE\">Anzahl Teile: 109<br \/>\nAltersempfehlung: 6+<br \/>\nThema:\u00a0<\/span>LEGO\u00ae Friends<\/p>\n<p><span lang=\"DE\">EAN: 5702017400150<\/span><\/p>\n<p>&nbsp;<\/p>\n<p>\u2022 Das Bubble-Tea-Mobil \u2013 ein Bauset f\u00fcr Kinder ab 6 Jahren: Das LEGO\u00ae Friends Bubble-Tea-Mobil (41733) ist ein tolles Spielset, um Jungen und M\u00e4dchen, die gern kreativ spielen, die Welt der LEGO Modelle und Rollenspiele vorzustellen<br \/>\n\u2022 2 Spielfiguren und Zubeh\u00f6r: Das Set beinhaltet die LEGO\u00ae Friends Spielfiguren Nova und Matilde, Schlagsahne, 2 Bubble-Tea-Flaschen, eine Kasse und einen Tisch sowie eine Figur mit der Speisekarte<br \/>\n\u2022 Eine neue Generation von Freunden in Heartlake City: Im Jahr 2023 wird das LEGO\u00ae Friends Universum noch gr\u00f6\u00dfer. Neue Charaktere und neue Orte laden zu vielen weiteren Abenteuern und Rollenspielen ein<br \/>\n\u2022 Kreative Geschichten: Dein Kind kann das Bubble-Tea-Mobil an den Elektroroller anh\u00e4ngen, um noch mehr Kunden in Heartlake City mit seinen Bubble-Tea-Kreationen zu verw\u00f6hnen<br \/>\n\u2022 Belohnung f\u00fcr Bubble-Tea-Fans: Dieses LEGO\u00ae Friends Spielset ist ein tolles Geburtstags-, Weihnachts- oder \u00dcberraschungsgeschenk f\u00fcr Kinder ab 6 Jahren, die gern ihr eigenes Bubble-Tea-Caf\u00e9 bauen m\u00f6chten<br \/>\n\u2022 Auf junge Baumeisterinnen und Baumeister zugeschnitten: Mit angeh\u00e4ngtem Elektroroller ist das Bubble-Tea-Mobil 6\u00a0cm hoch, 12\u00a0cm lang und 6\u00a0cm breit<br \/>\n\u2022 N\u00fctzlicher Helfer: Entdecke die intuitiven Bauanleitungen in der LEGO\u00ae Builder App, die Kinder 3D-Ansichten der Modelle vergr\u00f6\u00dfern und drehen, den Baufortschritt verfolgen und ihre Sets speichern lassen, w\u00e4hrend sie neue Bauf\u00e4higkeiten entwickeln<br \/>\n\u2022 Spielsets f\u00fcr realistische Rollenspiele: LEGO\u00ae Friends Sets beinhalten sympathische Figuren und stellen authentische Szenarien dar, die Kinder viele Alltagsabenteuer rund ums Thema Freundschaft im Kinderzimmer nachstellen lassen<br \/>\n\u2022 Qualit\u00e4tsprodukt: Alle LEGO\u00ae Elemente entsprechen schon seit 1958 strengen Branchenstandards, damit sie einheitlich und kompatibel sind und sich m\u00fchelos zusammensetzen lassen<br \/>\n\u2022 Sicherheit hat Vorrang: LEGO\u00ae Friends Steine und Teile werden Fall-, Hitze-, Druck- und Torsionstests unterzogen und analysiert, damit sie strikte globale Sicherheitsstandards erf\u00fcllen<\/p>\n<p>&nbsp;<\/p>\n<p>&nbsp;<\/p>","protected":false},"excerpt":{"rendered":"<p>Das Bubble-Team-Mobil ist das perfekte Spielset f\u00fcr kreative Kinder.<\/p>","protected":false},"featured_media":8646,"comment_status":"open","ping_status":"closed","template":"","meta":[],"product_brand":[],"product_cat":[34,329],"product_tag":[360,361,87,45,362,363],"class_list":{"0":"post-8766","1":"product","2":"type-product","3":"status-publish","4":"has-post-thumbnail","6":"product_cat-lego","7":"product_cat-lego-friends","8":"product_tag-bubble","9":"product_tag-bubble-tea","10":"product_tag-friends","11":"product_tag-lego","12":"product_tag-mobile","13":"product_tag-tea","15":"first","16":"instock","17":"taxable","18":"shipping-taxable","19":"purchasable","20":"product-type-simple"},"yoast_head":"<!-- This site is optimized with the Yoast SEO plugin v26.4 - https:\/\/yoast.com\/wordpress\/plugins\/seo\/ -->\n<title>LEGO\u00ae 41733 Bubble-Tea-Mobil | FunStorage.de<\/title>\n<meta name=\"description\" content=\"LEGO\u00ae 41733 Bubble-Tea-Mobil | Bauspa\u00df mit Bubble-Tea | Funstorage.de\" \/>\n<meta name=\"robots\" content=\"index, follow, max-snippet:-1, max-image-preview:large, max-video-preview:-1\" \/>\n<link rel=\"canonical\" href=\"https:\/\/funstorage.thehuettl.com\/en\/wp-json\/wp\/v2\/product\/8766\" \/>\n<meta property=\"og:locale\" content=\"en_US\" \/>\n<meta property=\"og:type\" content=\"article\" \/>\n<meta property=\"og:title\" content=\"LEGO\u00ae 41733 Bubble-Tea-Mobil | FunStorage.de\" \/>\n<meta property=\"og:description\" content=\"LEGO\u00ae 41733 Bubble-Tea-Mobil | Bauspa\u00df mit Bubble-Tea | Funstorage.de\" \/>\n<meta property=\"og:url\" content=\"https:\/\/funstorage.thehuettl.com\/en\/shop\/lego-41733-bubble-tea-mobil\/\" \/>\n<meta property=\"og:site_name\" content=\"FunStorage\" \/>\n<meta property=\"article:publisher\" content=\"https:\/\/www.facebook.com\/funstorage.de\" \/>\n<meta property=\"article:modified_time\" content=\"2023-11-14T00:02:04+00:00\" \/>\n<meta property=\"og:image\" content=\"https:\/\/funstorage.thehuettl.com\/wp-content\/uploads\/2023\/03\/41733_boxprod_v29-scaled-1.jpg\" \/>\n\t<meta property=\"og:image:width\" content=\"2560\" \/>\n\t<meta property=\"og:image:height\" content=\"2560\" \/>\n\t<meta property=\"og:image:type\" content=\"image\/jpeg\" \/>\n<meta name=\"twitter:card\" content=\"summary_large_image\" \/>\n<meta name=\"twitter:label1\" content=\"Est. reading time\" \/>\n\t<meta name=\"twitter:data1\" content=\"3 minutes\" \/>\n<script type=\"application\/ld+json\" class=\"yoast-schema-graph\">{\"@context\":\"https:\/\/schema.org\",\"@graph\":[{\"@type\":\"WebPage\",\"@id\":\"https:\/\/funstorage.thehuettl.com\/shop\/lego-41733-bubble-tea-mobil\/\",\"url\":\"https:\/\/funstorage.thehuettl.com\/shop\/lego-41733-bubble-tea-mobil\/\",\"name\":\"LEGO\u00ae 41733 Bubble-Tea-Mobil | FunStorage.de\",\"isPartOf\":{\"@id\":\"https:\/\/funstorage.thehuettl.com\/#website\"},\"primaryImageOfPage\":{\"@id\":\"https:\/\/funstorage.thehuettl.com\/shop\/lego-41733-bubble-tea-mobil\/#primaryimage\"},\"image\":{\"@id\":\"https:\/\/funstorage.thehuettl.com\/shop\/lego-41733-bubble-tea-mobil\/#primaryimage\"},\"thumbnailUrl\":\"https:\/\/funstorage.thehuettl.com\/wp-content\/uploads\/2023\/03\/41733_boxprod_v29-scaled-1.jpg\",\"datePublished\":\"2023-03-01T01:51:00+00:00\",\"dateModified\":\"2023-11-14T00:02:04+00:00\",\"description\":\"LEGO\u00ae 41733 Bubble-Tea-Mobil | Bauspa\u00df mit Bubble-Tea | Funstorage.de\",\"breadcrumb\":{\"@id\":\"https:\/\/funstorage.thehuettl.com\/shop\/lego-41733-bubble-tea-mobil\/#breadcrumb\"},\"inLanguage\":\"en-US\",\"potentialAction\":[{\"@type\":\"ReadAction\",\"target\":[\"https:\/\/funstorage.thehuettl.com\/shop\/lego-41733-bubble-tea-mobil\/\"]}]},{\"@type\":\"ImageObject\",\"inLanguage\":\"en-US\",\"@id\":\"https:\/\/funstorage.thehuettl.com\/shop\/lego-41733-bubble-tea-mobil\/#primaryimage\",\"url\":\"https:\/\/funstorage.thehuettl.com\/wp-content\/uploads\/2023\/03\/41733_boxprod_v29-scaled-1.jpg\",\"contentUrl\":\"https:\/\/funstorage.thehuettl.com\/wp-content\/uploads\/2023\/03\/41733_boxprod_v29-scaled-1.jpg\",\"width\":2560,\"height\":2560},{\"@type\":\"BreadcrumbList\",\"@id\":\"https:\/\/funstorage.thehuettl.com\/shop\/lego-41733-bubble-tea-mobil\/#breadcrumb\",\"itemListElement\":[{\"@type\":\"ListItem\",\"position\":1,\"name\":\"Startseite\",\"item\":\"https:\/\/funstorage.thehuettl.com\/step\/homepage\/\"},{\"@type\":\"ListItem\",\"position\":2,\"name\":\"Shop\",\"item\":\"https:\/\/funstorage.thehuettl.com\/shop\/\"},{\"@type\":\"ListItem\",\"position\":3,\"name\":\"LEGO\u00ae 41733 Bubble-Tea-Mobil\"}]},{\"@type\":\"WebSite\",\"@id\":\"https:\/\/funstorage.thehuettl.com\/#website\",\"url\":\"https:\/\/funstorage.thehuettl.com\/\",\"name\":\"FunStorage\",\"description\":\"\",\"publisher\":{\"@id\":\"https:\/\/funstorage.thehuettl.com\/#organization\"},\"potentialAction\":[{\"@type\":\"SearchAction\",\"target\":{\"@type\":\"EntryPoint\",\"urlTemplate\":\"https:\/\/funstorage.thehuettl.com\/?s={search_term_string}\"},\"query-input\":{\"@type\":\"PropertyValueSpecification\",\"valueRequired\":true,\"valueName\":\"search_term_string\"}}],\"inLanguage\":\"en-US\"},{\"@type\":\"Organization\",\"@id\":\"https:\/\/funstorage.thehuettl.com\/#organization\",\"name\":\"FunStorage\",\"url\":\"https:\/\/funstorage.thehuettl.com\/\",\"logo\":{\"@type\":\"ImageObject\",\"inLanguage\":\"en-US\",\"@id\":\"https:\/\/funstorage.thehuettl.com\/#\/schema\/logo\/image\/\",\"url\":\"https:\/\/funstorage.thehuettl.com\/wp-content\/uploads\/2023\/02\/cropped-D2BA2C24-7753-4AC3-9F3B-6C174C5BCB99.png\",\"contentUrl\":\"https:\/\/funstorage.thehuettl.com\/wp-content\/uploads\/2023\/02\/cropped-D2BA2C24-7753-4AC3-9F3B-6C174C5BCB99.png\",\"width\":512,\"height\":512,\"caption\":\"FunStorage\"},\"image\":{\"@id\":\"https:\/\/funstorage.thehuettl.com\/#\/schema\/logo\/image\/\"},\"sameAs\":[\"https:\/\/www.facebook.com\/funstorage.de\"]}]}<\/script>\n<!-- \/ Yoast SEO plugin. -->","yoast_head_json":{"title":"LEGO\u00ae 41733 Bubble-Tea-Mobil | FunStorage.de","description":"LEGO\u00ae 41733 Bubble-Tea-Mobil | Bauspa\u00df mit Bubble-Tea | Funstorage.de","robots":{"index":"index","follow":"follow","max-snippet":"max-snippet:-1","max-image-preview":"max-image-preview:large","max-video-preview":"max-video-preview:-1"},"canonical":"https:\/\/funstorage.thehuettl.com\/en\/wp-json\/wp\/v2\/product\/8766","og_locale":"en_US","og_type":"article","og_title":"LEGO\u00ae 41733 Bubble-Tea-Mobil | FunStorage.de","og_description":"LEGO\u00ae 41733 Bubble-Tea-Mobil | Bauspa\u00df mit Bubble-Tea | Funstorage.de","og_url":"https:\/\/funstorage.thehuettl.com\/en\/shop\/lego-41733-bubble-tea-mobil\/","og_site_name":"FunStorage","article_publisher":"https:\/\/www.facebook.com\/funstorage.de","article_modified_time":"2023-11-14T00:02:04+00:00","og_image":[{"width":2560,"height":2560,"url":"https:\/\/funstorage.thehuettl.com\/wp-content\/uploads\/2023\/03\/41733_boxprod_v29-scaled-1.jpg","type":"image\/jpeg"}],"twitter_card":"summary_large_image","twitter_misc":{"Est. reading time":"3 minutes"},"schema":{"@context":"https:\/\/schema.org","@graph":[{"@type":"WebPage","@id":"https:\/\/funstorage.thehuettl.com\/shop\/lego-41733-bubble-tea-mobil\/","url":"https:\/\/funstorage.thehuettl.com\/shop\/lego-41733-bubble-tea-mobil\/","name":"LEGO\u00ae 41733 Bubble-Tea-Mobil | FunStorage.de","isPartOf":{"@id":"https:\/\/funstorage.thehuettl.com\/#website"},"primaryImageOfPage":{"@id":"https:\/\/funstorage.thehuettl.com\/shop\/lego-41733-bubble-tea-mobil\/#primaryimage"},"image":{"@id":"https:\/\/funstorage.thehuettl.com\/shop\/lego-41733-bubble-tea-mobil\/#primaryimage"},"thumbnailUrl":"https:\/\/funstorage.thehuettl.com\/wp-content\/uploads\/2023\/03\/41733_boxprod_v29-scaled-1.jpg","datePublished":"2023-03-01T01:51:00+00:00","dateModified":"2023-11-14T00:02:04+00:00","description":"LEGO\u00ae 41733 Bubble-Tea-Mobil | Bauspa\u00df mit Bubble-Tea | Funstorage.de","breadcrumb":{"@id":"https:\/\/funstorage.thehuettl.com\/shop\/lego-41733-bubble-tea-mobil\/#breadcrumb"},"inLanguage":"en-US","potentialAction":[{"@type":"ReadAction","target":["https:\/\/funstorage.thehuettl.com\/shop\/lego-41733-bubble-tea-mobil\/"]}]},{"@type":"ImageObject","inLanguage":"en-US","@id":"https:\/\/funstorage.thehuettl.com\/shop\/lego-41733-bubble-tea-mobil\/#primaryimage","url":"https:\/\/funstorage.thehuettl.com\/wp-content\/uploads\/2023\/03\/41733_boxprod_v29-scaled-1.jpg","contentUrl":"https:\/\/funstorage.thehuettl.com\/wp-content\/uploads\/2023\/03\/41733_boxprod_v29-scaled-1.jpg","width":2560,"height":2560},{"@type":"BreadcrumbList","@id":"https:\/\/funstorage.thehuettl.com\/shop\/lego-41733-bubble-tea-mobil\/#breadcrumb","itemListElement":[{"@type":"ListItem","position":1,"name":"Startseite","item":"https:\/\/funstorage.thehuettl.com\/step\/homepage\/"},{"@type":"ListItem","position":2,"name":"Shop","item":"https:\/\/funstorage.thehuettl.com\/shop\/"},{"@type":"ListItem","position":3,"name":"LEGO\u00ae 41733 Bubble-Tea-Mobil"}]},{"@type":"WebSite","@id":"https:\/\/funstorage.thehuettl.com\/#website","url":"https:\/\/funstorage.thehuettl.com\/","name":"FunStorage","description":"","publisher":{"@id":"https:\/\/funstorage.thehuettl.com\/#organization"},"potentialAction":[{"@type":"SearchAction","target":{"@type":"EntryPoint","urlTemplate":"https:\/\/funstorage.thehuettl.com\/?s={search_term_string}"},"query-input":{"@type":"PropertyValueSpecification","valueRequired":true,"valueName":"search_term_string"}}],"inLanguage":"en-US"},{"@type":"Organization","@id":"https:\/\/funstorage.thehuettl.com\/#organization","name":"FunStorage","url":"https:\/\/funstorage.thehuettl.com\/","logo":{"@type":"ImageObject","inLanguage":"en-US","@id":"https:\/\/funstorage.thehuettl.com\/#\/schema\/logo\/image\/","url":"https:\/\/funstorage.thehuettl.com\/wp-content\/uploads\/2023\/02\/cropped-D2BA2C24-7753-4AC3-9F3B-6C174C5BCB99.png","contentUrl":"https:\/\/funstorage.thehuettl.com\/wp-content\/uploads\/2023\/02\/cropped-D2BA2C24-7753-4AC3-9F3B-6C174C5BCB99.png","width":512,"height":512,"caption":"FunStorage"},"image":{"@id":"https:\/\/funstorage.thehuettl.com\/#\/schema\/logo\/image\/"},"sameAs":["https:\/\/www.facebook.com\/funstorage.de"]}]}},"_links":{"self":[{"href":"https:\/\/funstorage.thehuettl.com\/en\/wp-json\/wp\/v2\/product\/8766","targetHints":{"allow":["GET"]}}],"collection":[{"href":"https:\/\/funstorage.thehuettl.com\/en\/wp-json\/wp\/v2\/product"}],"about":[{"href":"https:\/\/funstorage.thehuettl.com\/en\/wp-json\/wp\/v2\/types\/product"}],"replies":[{"embeddable":true,"href":"https:\/\/funstorage.thehuettl.com\/en\/wp-json\/wp\/v2\/comments?post=8766"}],"version-history":[{"count":0,"href":"https:\/\/funstorage.thehuettl.com\/en\/wp-json\/wp\/v2\/product\/8766\/revisions"}],"wp:featuredmedia":[{"embeddable":true,"href":"https:\/\/funstorage.thehuettl.com\/en\/wp-json\/wp\/v2\/media\/8646"}],"wp:attachment":[{"href":"https:\/\/funstorage.thehuettl.com\/en\/wp-json\/wp\/v2\/media?parent=8766"}],"wp:term":[{"taxonomy":"product_brand","embeddable":true,"href":"https:\/\/funstorage.thehuettl.com\/en\/wp-json\/wp\/v2\/product_brand?post=8766"},{"taxonomy":"product_cat","embeddable":true,"href":"https:\/\/funstorage.thehuettl.com\/en\/wp-json\/wp\/v2\/product_cat?post=8766"},{"taxonomy":"product_tag","embeddable":true,"href":"https:\/\/funstorage.thehuettl.com\/en\/wp-json\/wp\/v2\/product_tag?post=8766"}],"curies":[{"name":"wp","href":"https:\/\/api.w.org\/{rel}","templated":true}]}}