{"id":8767,"date":"2023-03-01T02:51:00","date_gmt":"2023-03-01T01:51:00","guid":{"rendered":"https:\/\/funstorage.thehuettl.com\/?post_type=product&#038;p=8767"},"modified":"2023-11-14T01:01:38","modified_gmt":"2023-11-14T00:01:38","slug":"lego-41735-mobiles-haus","status":"publish","type":"product","link":"https:\/\/funstorage.thehuettl.com\/en\/shop\/lego-41735-mobiles-haus\/","title":{"rendered":"LEGO\u00ae 41735 Mobiles Haus"},"content":{"rendered":"<p>Mobiles Haus f\u00fcr riesigen Spielspa\u00df! Dieses Tiny House auf R\u00e4dern erm\u00f6glicht spannende Abenteuer. Begleite Leo, Liann und Paisley auf einen Campingausflug mit ihren Tieren. Fahre an den perfekten Ort. Kopple das Tiny House dann ab und \u00f6ffne es, um das Innenleben zu erkunden. Schau dir die Schlafzimmer und die Bereiche f\u00fcr die Tiere an. Stell die St\u00fchle ums Lagerfeuer auf, um W\u00fcrstchen zu grillen und Gitarre zu spielen. Aber lasst euch blo\u00df nichts von dem frechen Eichh\u00f6rnchen stibitzen!<\/p>\n<p>&nbsp;<\/p>\n<p>LEGO\u00ae Friends Mobiles Haus (41735) ist ein einfach zu bauendes Set, das Kinder ab 7 Jahren kreative Abenteuer darstellen l\u00e4sst. Das Auto zieht das Tiny House und hat Sitze f\u00fcr die 3 Spielfiguren. Das Haus l\u00e4sst sich \u00f6ffnen, um das Badezimmer, die K\u00fcche und die Schlafzimmer preiszugeben. Zubeh\u00f6r wie das Spielzeug-Lagerfeuer l\u00e4dt dein Kind zu eigenen Campinggeschichten ein. Beim Spielen lernen Kinder die Charaktere und ihre Hobbys n\u00e4her kennen. Leo hat selbstgemachte Snacks mitgebracht. Und Liann kann es kaum erwarten, Tiere in ihrem nat\u00fcrlichen Lebensraum \u2013 dem Wald \u2013 zu zeichnen. Paisley hat ihr H\u00e4schen auf den Ausflug mitgenommen und freut sich darauf, in dieser tollen Kulisse Songtexte zu schreiben. Eine neue Art des Bauens Die LEGO Builder App bietet deinem Kind ein leichtes und intuitives Bauabenteuer. Dein Kind kann 3D-Ansichten der Modelle vergr\u00f6\u00dfern und drehen, Sets speichern und seinen Baufortschritt verfolgen. Freu dich auf die n\u00e4chste Generation in Heartlake City Im LEGO Friends Universum kann dein Kind Freundschaften schlie\u00dfen, faszinierende neue Orte entdecken und Alltagsabenteuer erleben.<\/p>\n<p>&nbsp;<\/p>\n<p><span lang=\"DE\">Anzahl Teile: 785<br \/>\nAltersempfehlung: 7+<br \/>\nThema:\u00a0<\/span>LEGO\u00ae Friends<\/p>\n<p><span lang=\"DE\">EAN: 5702017415208<\/span><\/p>\n<p>&nbsp;<\/p>\n<dl class=\"dl-horizontal\">\n<dd>\n<div id=\"ctl00_main_mgcProduct_ctl00_v1_ctrl_metadata_ProductBullets_divReadmore\">\u2022 Ein Haus f\u00fcr viele Abenteuer: LEGO\u00ae Friends Mobiles Haus (41735) ist genau das richtige Set, um Kindern ab 7 Jahren die Welt des Bauens und das kreative LEGO Spielerlebnis vorzustellen. Das Set beinhaltet ein Auto, ein Haus und ein Lagerfeuer<br \/>\n\u2022 3 Spielfiguren und 3 Tiere: Das Set beinhaltet die Spielfiguren Leo, Liann und Paisley sowie deren Tiere<br \/>\n\u2022 Viele Details: Dieses Tiny House strotzt vor Details wie der K\u00fcche mit K\u00fchlschrank, Ofen und Schubf\u00e4chern, dem Badezimmer, einer Schlafkabine f\u00fcr jede Spielfigur, einem Vogelh\u00e4uschen, einem Briefkasten, Solarmodulen und Pflanzen<br \/>\n\u2022 Fantasievolles Spielerlebnis: Bl\u00e4tter, Heu, Wasser, Leckerli f\u00fcr die Tiere, eine Lampe, ein Messer, K\u00e4se, W\u00fcrstchen, eine Bratpfanne mit einem Ei, St\u00f6cke, Baumst\u00fcmpfe und ein Schild laden zum Spielen ein<br \/>\n\u2022 Geschenk f\u00fcr Kinder ab 7 Jahren: Dieses LEGO\u00ae Friends Spielset eignet sich als Geburtstags-, Weihnachts- oder \u00dcberraschungsgeschenk f\u00fcr Kinder, die gern kreativ mit H\u00e4usern spielen und Campingausfl\u00fcge lieben<br \/>\n\u2022 Auf junge Baumeisterinnen und Baumeister zugeschnitten: Das Mobile Haus ist 13\u00a0cm hoch, 18\u00a0cm breit und 11\u00a0cm tief<br \/>\n\u2022 Intuitive Anleitung: Die LEGO\u00ae Builder App nimmt dich und dein Kind auf ein intuitives Bauabenteuer mit. Coole Funktionen lassen euch 3D-Ansichten der Modelle vergr\u00f6\u00dfern und drehen, Sets speichern und euren Baufortschritt verfolgen<br \/>\n\u2022 Eine neue Generation in Heartlake City: Im Jahr 2023 wird das LEGO\u00ae Friends Universum noch gr\u00f6\u00dfer. Neue Charaktere und neue Orte laden zu vielen weiteren Abenteuern und Rollenspielen ein<br \/>\n\u2022 Qualit\u00e4tsprodukt: Alle LEGO\u00ae Elemente entsprechen schon seit 1958 strengen Branchenstandards, damit sie einheitlich und kompatibel sind und sich m\u00fchelos zusammensetzen lassen<br \/>\n\u2022 Sicherheit hat Vorrang: LEGO\u00ae Friends Steine und Teile werden Fall-, Hitze-, Druck- und Torsionstests unterzogen und analysiert, damit sie strikte globale Sicherheitsstandards erf\u00fcllen<\/div>\n<\/dd>\n<\/dl>\n<div><\/div>","protected":false},"excerpt":{"rendered":"<p>Bauset mit Tiny House f\u00fcr kreative Kinder, die Camping-Rollenspiele lieben<\/p>","protected":false},"featured_media":8651,"comment_status":"open","ping_status":"closed","template":"","meta":[],"product_brand":[],"product_cat":[34,329],"product_tag":[87,45,362,364],"class_list":{"0":"post-8767","1":"product","2":"type-product","3":"status-publish","4":"has-post-thumbnail","6":"product_cat-lego","7":"product_cat-lego-friends","8":"product_tag-friends","9":"product_tag-lego","10":"product_tag-mobile","11":"product_tag-mobile-haus","13":"first","14":"instock","15":"taxable","16":"shipping-taxable","17":"purchasable","18":"product-type-simple"},"yoast_head":"<!-- This site is optimized with the Yoast SEO plugin v26.4 - https:\/\/yoast.com\/wordpress\/plugins\/seo\/ -->\n<title>LEGO\u00ae 41735 Mobiles Haus | FunStorage.de<\/title>\n<meta name=\"description\" content=\"LEGO\u00ae 41735 Mobiles Haus | Beim Campingausflug mit dem Tiny House schlie\u00dfen Kinder Freundschaften | FunStorage.de\" \/>\n<meta name=\"robots\" content=\"index, follow, max-snippet:-1, max-image-preview:large, max-video-preview:-1\" \/>\n<link rel=\"canonical\" href=\"https:\/\/funstorage.thehuettl.com\/en\/wp-json\/wp\/v2\/product\/8767\" \/>\n<meta property=\"og:locale\" content=\"en_US\" \/>\n<meta property=\"og:type\" content=\"article\" \/>\n<meta property=\"og:title\" content=\"LEGO\u00ae 41735 Mobiles Haus | FunStorage.de\" \/>\n<meta property=\"og:description\" content=\"LEGO\u00ae 41735 Mobiles Haus | Beim Campingausflug mit dem Tiny House schlie\u00dfen Kinder Freundschaften | FunStorage.de\" \/>\n<meta property=\"og:url\" content=\"https:\/\/funstorage.thehuettl.com\/en\/shop\/lego-41735-mobiles-haus\/\" \/>\n<meta property=\"og:site_name\" content=\"FunStorage\" \/>\n<meta property=\"article:publisher\" content=\"https:\/\/www.facebook.com\/funstorage.de\" \/>\n<meta property=\"article:modified_time\" content=\"2023-11-14T00:01:38+00:00\" \/>\n<meta property=\"og:image\" content=\"https:\/\/funstorage.thehuettl.com\/wp-content\/uploads\/2023\/03\/41735_boxprod_v29-scaled-1.jpg\" \/>\n\t<meta property=\"og:image:width\" content=\"2560\" \/>\n\t<meta property=\"og:image:height\" content=\"2560\" \/>\n\t<meta property=\"og:image:type\" content=\"image\/jpeg\" \/>\n<meta name=\"twitter:card\" content=\"summary_large_image\" \/>\n<meta name=\"twitter:label1\" content=\"Est. reading time\" \/>\n\t<meta name=\"twitter:data1\" content=\"3 minutes\" \/>\n<script type=\"application\/ld+json\" class=\"yoast-schema-graph\">{\"@context\":\"https:\/\/schema.org\",\"@graph\":[{\"@type\":\"WebPage\",\"@id\":\"https:\/\/funstorage.thehuettl.com\/shop\/lego-41735-mobiles-haus\/\",\"url\":\"https:\/\/funstorage.thehuettl.com\/shop\/lego-41735-mobiles-haus\/\",\"name\":\"LEGO\u00ae 41735 Mobiles Haus | FunStorage.de\",\"isPartOf\":{\"@id\":\"https:\/\/funstorage.thehuettl.com\/#website\"},\"primaryImageOfPage\":{\"@id\":\"https:\/\/funstorage.thehuettl.com\/shop\/lego-41735-mobiles-haus\/#primaryimage\"},\"image\":{\"@id\":\"https:\/\/funstorage.thehuettl.com\/shop\/lego-41735-mobiles-haus\/#primaryimage\"},\"thumbnailUrl\":\"https:\/\/funstorage.thehuettl.com\/wp-content\/uploads\/2023\/03\/41735_boxprod_v29-scaled-1.jpg\",\"datePublished\":\"2023-03-01T01:51:00+00:00\",\"dateModified\":\"2023-11-14T00:01:38+00:00\",\"description\":\"LEGO\u00ae 41735 Mobiles Haus | Beim Campingausflug mit dem Tiny House schlie\u00dfen Kinder Freundschaften | FunStorage.de\",\"breadcrumb\":{\"@id\":\"https:\/\/funstorage.thehuettl.com\/shop\/lego-41735-mobiles-haus\/#breadcrumb\"},\"inLanguage\":\"en-US\",\"potentialAction\":[{\"@type\":\"ReadAction\",\"target\":[\"https:\/\/funstorage.thehuettl.com\/shop\/lego-41735-mobiles-haus\/\"]}]},{\"@type\":\"ImageObject\",\"inLanguage\":\"en-US\",\"@id\":\"https:\/\/funstorage.thehuettl.com\/shop\/lego-41735-mobiles-haus\/#primaryimage\",\"url\":\"https:\/\/funstorage.thehuettl.com\/wp-content\/uploads\/2023\/03\/41735_boxprod_v29-scaled-1.jpg\",\"contentUrl\":\"https:\/\/funstorage.thehuettl.com\/wp-content\/uploads\/2023\/03\/41735_boxprod_v29-scaled-1.jpg\",\"width\":2560,\"height\":2560},{\"@type\":\"BreadcrumbList\",\"@id\":\"https:\/\/funstorage.thehuettl.com\/shop\/lego-41735-mobiles-haus\/#breadcrumb\",\"itemListElement\":[{\"@type\":\"ListItem\",\"position\":1,\"name\":\"Startseite\",\"item\":\"https:\/\/funstorage.thehuettl.com\/step\/homepage\/\"},{\"@type\":\"ListItem\",\"position\":2,\"name\":\"Shop\",\"item\":\"https:\/\/funstorage.thehuettl.com\/shop\/\"},{\"@type\":\"ListItem\",\"position\":3,\"name\":\"LEGO\u00ae 41735 Mobiles Haus\"}]},{\"@type\":\"WebSite\",\"@id\":\"https:\/\/funstorage.thehuettl.com\/#website\",\"url\":\"https:\/\/funstorage.thehuettl.com\/\",\"name\":\"FunStorage\",\"description\":\"\",\"publisher\":{\"@id\":\"https:\/\/funstorage.thehuettl.com\/#organization\"},\"potentialAction\":[{\"@type\":\"SearchAction\",\"target\":{\"@type\":\"EntryPoint\",\"urlTemplate\":\"https:\/\/funstorage.thehuettl.com\/?s={search_term_string}\"},\"query-input\":{\"@type\":\"PropertyValueSpecification\",\"valueRequired\":true,\"valueName\":\"search_term_string\"}}],\"inLanguage\":\"en-US\"},{\"@type\":\"Organization\",\"@id\":\"https:\/\/funstorage.thehuettl.com\/#organization\",\"name\":\"FunStorage\",\"url\":\"https:\/\/funstorage.thehuettl.com\/\",\"logo\":{\"@type\":\"ImageObject\",\"inLanguage\":\"en-US\",\"@id\":\"https:\/\/funstorage.thehuettl.com\/#\/schema\/logo\/image\/\",\"url\":\"https:\/\/funstorage.thehuettl.com\/wp-content\/uploads\/2023\/02\/cropped-D2BA2C24-7753-4AC3-9F3B-6C174C5BCB99.png\",\"contentUrl\":\"https:\/\/funstorage.thehuettl.com\/wp-content\/uploads\/2023\/02\/cropped-D2BA2C24-7753-4AC3-9F3B-6C174C5BCB99.png\",\"width\":512,\"height\":512,\"caption\":\"FunStorage\"},\"image\":{\"@id\":\"https:\/\/funstorage.thehuettl.com\/#\/schema\/logo\/image\/\"},\"sameAs\":[\"https:\/\/www.facebook.com\/funstorage.de\"]}]}<\/script>\n<!-- \/ Yoast SEO plugin. -->","yoast_head_json":{"title":"LEGO\u00ae 41735 Mobiles Haus | FunStorage.de","description":"LEGO\u00ae 41735 Mobiles Haus | Beim Campingausflug mit dem Tiny House schlie\u00dfen Kinder Freundschaften | FunStorage.de","robots":{"index":"index","follow":"follow","max-snippet":"max-snippet:-1","max-image-preview":"max-image-preview:large","max-video-preview":"max-video-preview:-1"},"canonical":"https:\/\/funstorage.thehuettl.com\/en\/wp-json\/wp\/v2\/product\/8767","og_locale":"en_US","og_type":"article","og_title":"LEGO\u00ae 41735 Mobiles Haus | FunStorage.de","og_description":"LEGO\u00ae 41735 Mobiles Haus | Beim Campingausflug mit dem Tiny House schlie\u00dfen Kinder Freundschaften | FunStorage.de","og_url":"https:\/\/funstorage.thehuettl.com\/en\/shop\/lego-41735-mobiles-haus\/","og_site_name":"FunStorage","article_publisher":"https:\/\/www.facebook.com\/funstorage.de","article_modified_time":"2023-11-14T00:01:38+00:00","og_image":[{"width":2560,"height":2560,"url":"https:\/\/funstorage.thehuettl.com\/wp-content\/uploads\/2023\/03\/41735_boxprod_v29-scaled-1.jpg","type":"image\/jpeg"}],"twitter_card":"summary_large_image","twitter_misc":{"Est. reading time":"3 minutes"},"schema":{"@context":"https:\/\/schema.org","@graph":[{"@type":"WebPage","@id":"https:\/\/funstorage.thehuettl.com\/shop\/lego-41735-mobiles-haus\/","url":"https:\/\/funstorage.thehuettl.com\/shop\/lego-41735-mobiles-haus\/","name":"LEGO\u00ae 41735 Mobiles Haus | FunStorage.de","isPartOf":{"@id":"https:\/\/funstorage.thehuettl.com\/#website"},"primaryImageOfPage":{"@id":"https:\/\/funstorage.thehuettl.com\/shop\/lego-41735-mobiles-haus\/#primaryimage"},"image":{"@id":"https:\/\/funstorage.thehuettl.com\/shop\/lego-41735-mobiles-haus\/#primaryimage"},"thumbnailUrl":"https:\/\/funstorage.thehuettl.com\/wp-content\/uploads\/2023\/03\/41735_boxprod_v29-scaled-1.jpg","datePublished":"2023-03-01T01:51:00+00:00","dateModified":"2023-11-14T00:01:38+00:00","description":"LEGO\u00ae 41735 Mobiles Haus | Beim Campingausflug mit dem Tiny House schlie\u00dfen Kinder Freundschaften | FunStorage.de","breadcrumb":{"@id":"https:\/\/funstorage.thehuettl.com\/shop\/lego-41735-mobiles-haus\/#breadcrumb"},"inLanguage":"en-US","potentialAction":[{"@type":"ReadAction","target":["https:\/\/funstorage.thehuettl.com\/shop\/lego-41735-mobiles-haus\/"]}]},{"@type":"ImageObject","inLanguage":"en-US","@id":"https:\/\/funstorage.thehuettl.com\/shop\/lego-41735-mobiles-haus\/#primaryimage","url":"https:\/\/funstorage.thehuettl.com\/wp-content\/uploads\/2023\/03\/41735_boxprod_v29-scaled-1.jpg","contentUrl":"https:\/\/funstorage.thehuettl.com\/wp-content\/uploads\/2023\/03\/41735_boxprod_v29-scaled-1.jpg","width":2560,"height":2560},{"@type":"BreadcrumbList","@id":"https:\/\/funstorage.thehuettl.com\/shop\/lego-41735-mobiles-haus\/#breadcrumb","itemListElement":[{"@type":"ListItem","position":1,"name":"Startseite","item":"https:\/\/funstorage.thehuettl.com\/step\/homepage\/"},{"@type":"ListItem","position":2,"name":"Shop","item":"https:\/\/funstorage.thehuettl.com\/shop\/"},{"@type":"ListItem","position":3,"name":"LEGO\u00ae 41735 Mobiles Haus"}]},{"@type":"WebSite","@id":"https:\/\/funstorage.thehuettl.com\/#website","url":"https:\/\/funstorage.thehuettl.com\/","name":"FunStorage","description":"","publisher":{"@id":"https:\/\/funstorage.thehuettl.com\/#organization"},"potentialAction":[{"@type":"SearchAction","target":{"@type":"EntryPoint","urlTemplate":"https:\/\/funstorage.thehuettl.com\/?s={search_term_string}"},"query-input":{"@type":"PropertyValueSpecification","valueRequired":true,"valueName":"search_term_string"}}],"inLanguage":"en-US"},{"@type":"Organization","@id":"https:\/\/funstorage.thehuettl.com\/#organization","name":"FunStorage","url":"https:\/\/funstorage.thehuettl.com\/","logo":{"@type":"ImageObject","inLanguage":"en-US","@id":"https:\/\/funstorage.thehuettl.com\/#\/schema\/logo\/image\/","url":"https:\/\/funstorage.thehuettl.com\/wp-content\/uploads\/2023\/02\/cropped-D2BA2C24-7753-4AC3-9F3B-6C174C5BCB99.png","contentUrl":"https:\/\/funstorage.thehuettl.com\/wp-content\/uploads\/2023\/02\/cropped-D2BA2C24-7753-4AC3-9F3B-6C174C5BCB99.png","width":512,"height":512,"caption":"FunStorage"},"image":{"@id":"https:\/\/funstorage.thehuettl.com\/#\/schema\/logo\/image\/"},"sameAs":["https:\/\/www.facebook.com\/funstorage.de"]}]}},"_links":{"self":[{"href":"https:\/\/funstorage.thehuettl.com\/en\/wp-json\/wp\/v2\/product\/8767","targetHints":{"allow":["GET"]}}],"collection":[{"href":"https:\/\/funstorage.thehuettl.com\/en\/wp-json\/wp\/v2\/product"}],"about":[{"href":"https:\/\/funstorage.thehuettl.com\/en\/wp-json\/wp\/v2\/types\/product"}],"replies":[{"embeddable":true,"href":"https:\/\/funstorage.thehuettl.com\/en\/wp-json\/wp\/v2\/comments?post=8767"}],"version-history":[{"count":0,"href":"https:\/\/funstorage.thehuettl.com\/en\/wp-json\/wp\/v2\/product\/8767\/revisions"}],"wp:featuredmedia":[{"embeddable":true,"href":"https:\/\/funstorage.thehuettl.com\/en\/wp-json\/wp\/v2\/media\/8651"}],"wp:attachment":[{"href":"https:\/\/funstorage.thehuettl.com\/en\/wp-json\/wp\/v2\/media?parent=8767"}],"wp:term":[{"taxonomy":"product_brand","embeddable":true,"href":"https:\/\/funstorage.thehuettl.com\/en\/wp-json\/wp\/v2\/product_brand?post=8767"},{"taxonomy":"product_cat","embeddable":true,"href":"https:\/\/funstorage.thehuettl.com\/en\/wp-json\/wp\/v2\/product_cat?post=8767"},{"taxonomy":"product_tag","embeddable":true,"href":"https:\/\/funstorage.thehuettl.com\/en\/wp-json\/wp\/v2\/product_tag?post=8767"}],"curies":[{"name":"wp","href":"https:\/\/api.w.org\/{rel}","templated":true}]}}