{"id":8768,"date":"2023-03-01T02:51:07","date_gmt":"2023-03-01T01:51:07","guid":{"rendered":"https:\/\/funstorage.thehuettl.com\/?post_type=product&#038;p=8768"},"modified":"2023-11-14T00:59:07","modified_gmt":"2023-11-13T23:59:07","slug":"lego-41738-hunderettungsfahrrad","status":"publish","type":"product","link":"https:\/\/funstorage.thehuettl.com\/en\/shop\/lego-41738-hunderettungsfahrrad\/","title":{"rendered":"LEGO\u00ae 41738 Hunderettungsfahrrad"},"content":{"rendered":"<p>Ein Welpe aus dem Viertel ist entlaufen. Aber keine Sorge, Aliya und Victoria k\u00fcmmern sich schon darum! Kannst du den beiden helfen? Schau dir den Steckbrief an und fahr mit dem Fahrrad die Stra\u00dfen ab. Folge der Spur aus Hundehaufen und Pfotenabdr\u00fccken. Wer versteckt sich denn dort im Geb\u00fcsch? Wenn du das freche H\u00fcndchen dann gefunden hast, musst du ihm unbedingt sofort Futter und etwas Wasser geben \u2013 und es nat\u00fcrlich auch streicheln!<\/p>\n<p>&nbsp;<\/p>\n<p>Das LEGO\u00ae Friends Hunderettungsfahrrad (41738) ist ein tolles Bau- und Spielset, das Kinder ab 6 Jahren viele spannende Abenteuer darstellen l\u00e4sst. Sie k\u00f6nnen die erfahrene Pfadfinderin Aliya und ihre j\u00fcngere Freundin Victoria auf eine Suchmission in Heartlake City schicken, um den Welpen zu finden. Dein Kind wird gern der F\u00e4hrte aus Hundehaufen und Pfotenabdr\u00fccken folgen! Dieses coole Spielset beinhaltet ein Hunderettungsfahrrad mit abnehmbarem Anh\u00e4nger, der sich vorne und hinten \u00f6ffnen l\u00e4sst. Auch eine kleine Parkkulisse darf nicht fehlen. Wenn du den Busch hochhebst, kommt darunter das entlaufene H\u00fcndchen zum Vorschein. Tolles Zubeh\u00f6r hilft deinem Kind, den Hund zu finden und zu versorgen. Ein v\u00f6llig neues Bauerlebnis Freu dich auf die LEGO Builder App, die dir ein leichtes und intuitives Bauabenteuer bietet. Die Funktionen lassen dein Kind 3D-Ansichten der Modelle vergr\u00f6\u00dfern und drehen, Sets speichern und den Baufortschritt verfolgen. Freu dich auf die n\u00e4chste Generation in Heartlake City Im LEGO Friends Universum kann dein Kind Freundschaften schlie\u00dfen, faszinierende neue Orte entdecken, kreativ spielen und Alltagsabenteuer darstellen.<\/p>\n<p>&nbsp;<\/p>\n<p><span lang=\"DE\">Anzahl Teile: 125<br \/>\nAltersempfehlung: 6<\/span><span lang=\"DE\">+<br \/>\nThema:\u00a0<\/span>LEGO\u00ae Friends<\/p>\n<p><span lang=\"DE\">EAN: 5702017415239<\/span><\/p>\n<p>&nbsp;<\/p>\n<p>\u2022 Rollenspiele f\u00fcr tierliebe Kinder ab 6 Jahren: Das LEGO\u00ae Friends Hunderettungsfahrrad (41738) mit Anh\u00e4nger ist ein tolles Spielset, das Kinder Modelle bauen und den Hund immer wieder aus anderen Notlagen retten l\u00e4sst<br \/>\n\u2022 Ein Set, das eine Geschichte erz\u00e4hlt: Beinhaltet ein Fahrrad mit abnehmbarem Anh\u00e4nger, der sich \u00f6ffnen l\u00e4sst, sowie eine Parkkulisse mit Bank und beweglichem Busch, unter dem das entlaufene H\u00fcndchen zum Vorschein kommt<br \/>\n\u2022 Umfangreiches Zubeh\u00f6r: Neben den Spielfiguren Aliya und Victoria und einem Welpen beinhaltet das Set auch Futter und Wasser, ein Fernglas, einen Helm, einen Knochen, einen Hundehaufen, einen M\u00fclleimer und ein Poster<br \/>\n\u2022 Kreatives Spielerlebnis mit Freunden: Dieses coole Geschenk l\u00e4sst junge Kinder die Spielfiguren auf Suchmissionen schicken und den Welpen versorgen<br \/>\n\u2022 Tolle Belohnung f\u00fcr junge Tierfreunde: Dieses LEGO\u00ae Friends Set mit Fahrrad und Anh\u00e4nger ist ein tolles Geburtstags-, Weihnachts- oder \u00dcberraschungsgeschenk f\u00fcr Kinder ab 6 Jahren, die gern fantasievoll spielen<br \/>\n\u2022 Cooles Geschenk: Mit dem Anh\u00e4nger ist das Fahrrad 8\u00a0cm hoch, 14\u00a0cm lang und 4\u00a0cm breit<br \/>\n\u2022 Ein neues Bauerlebnis: Lass dich von der LEGO\u00ae Builder App auf ein intuitives Bauabenteuer mitnehmen. Speichere Sets, verfolge deinen Baufortschritt und vergr\u00f6\u00dfere und drehe 3D-Ansichten des Modells, um beim Bauen den \u00dcberblick zu behalten<br \/>\n\u2022 Eine neue Generation in Heartlake City: Im Jahr 2023 wird das LEGO\u00ae Friends Universum noch gr\u00f6\u00dfer. Neue Charaktere und neue Orte laden zu vielen weiteren Abenteuern und Rollenspielen ein<br \/>\n\u2022 Auf Qualit\u00e4t getrimmt: Alle LEGO\u00ae Elemente entsprechen strengen Branchenstandards, damit sie einheitlich und kompatibel sind und sich m\u00fchelos zusammensetzen lassen<br \/>\n\u2022 Sicherheit hat Vorrang: LEGO\u00ae Friends Steine und Teile werden Fall-, Hitze-, Druck- und Torsionstests unterzogen und analysiert, damit sie strikte globale Sicherheitsstandards erf\u00fcllen<\/p>\n<p>&nbsp;<\/p>\n<p>&nbsp;<\/p>","protected":false},"excerpt":{"rendered":"<p>Das LEGO\u00ae Friends Hunderettungsfahrrad l\u00e4sst tierliebe Kinder spannende Tierrettungen darstellen.<\/p>","protected":false},"featured_media":8655,"comment_status":"open","ping_status":"closed","template":"","meta":[],"product_brand":[],"product_cat":[34,329],"product_tag":[87,365,45],"class_list":{"0":"post-8768","1":"product","2":"type-product","3":"status-publish","4":"has-post-thumbnail","6":"product_cat-lego","7":"product_cat-lego-friends","8":"product_tag-friends","9":"product_tag-hund","10":"product_tag-lego","12":"first","13":"instock","14":"taxable","15":"shipping-taxable","16":"purchasable","17":"product-type-simple"},"yoast_head":"<!-- This site is optimized with the Yoast SEO plugin v26.4 - https:\/\/yoast.com\/wordpress\/plugins\/seo\/ -->\n<title>LEGO\u00ae 41738 Hunderettungsfahrrad | FunStorage.de<\/title>\n<meta name=\"description\" content=\"LEGO\u00ae 41738 Hunderettungsfahrrad | LEGO\u00ae 41738 Hunderettungsfahrrad | FunStorage.de\" \/>\n<meta name=\"robots\" content=\"index, follow, max-snippet:-1, max-image-preview:large, max-video-preview:-1\" \/>\n<link rel=\"canonical\" href=\"https:\/\/funstorage.thehuettl.com\/en\/wp-json\/wp\/v2\/product\/8768\" \/>\n<meta property=\"og:locale\" content=\"en_US\" \/>\n<meta property=\"og:type\" content=\"article\" \/>\n<meta property=\"og:title\" content=\"LEGO\u00ae 41738 Hunderettungsfahrrad | FunStorage.de\" \/>\n<meta property=\"og:description\" content=\"LEGO\u00ae 41738 Hunderettungsfahrrad | LEGO\u00ae 41738 Hunderettungsfahrrad | FunStorage.de\" \/>\n<meta property=\"og:url\" content=\"https:\/\/funstorage.thehuettl.com\/en\/shop\/lego-41738-hunderettungsfahrrad\/\" \/>\n<meta property=\"og:site_name\" content=\"FunStorage\" \/>\n<meta property=\"article:publisher\" content=\"https:\/\/www.facebook.com\/funstorage.de\" \/>\n<meta property=\"article:modified_time\" content=\"2023-11-13T23:59:07+00:00\" \/>\n<meta property=\"og:image\" content=\"https:\/\/funstorage.thehuettl.com\/wp-content\/uploads\/2023\/03\/41738_boxprod_v29-scaled-1.jpg\" \/>\n\t<meta property=\"og:image:width\" content=\"2560\" \/>\n\t<meta property=\"og:image:height\" content=\"2560\" \/>\n\t<meta property=\"og:image:type\" content=\"image\/jpeg\" \/>\n<meta name=\"twitter:card\" content=\"summary_large_image\" \/>\n<meta name=\"twitter:label1\" content=\"Est. reading time\" \/>\n\t<meta name=\"twitter:data1\" content=\"3 minutes\" \/>\n<script type=\"application\/ld+json\" class=\"yoast-schema-graph\">{\"@context\":\"https:\/\/schema.org\",\"@graph\":[{\"@type\":\"WebPage\",\"@id\":\"https:\/\/funstorage.thehuettl.com\/shop\/lego-41738-hunderettungsfahrrad\/\",\"url\":\"https:\/\/funstorage.thehuettl.com\/shop\/lego-41738-hunderettungsfahrrad\/\",\"name\":\"LEGO\u00ae 41738 Hunderettungsfahrrad | FunStorage.de\",\"isPartOf\":{\"@id\":\"https:\/\/funstorage.thehuettl.com\/#website\"},\"primaryImageOfPage\":{\"@id\":\"https:\/\/funstorage.thehuettl.com\/shop\/lego-41738-hunderettungsfahrrad\/#primaryimage\"},\"image\":{\"@id\":\"https:\/\/funstorage.thehuettl.com\/shop\/lego-41738-hunderettungsfahrrad\/#primaryimage\"},\"thumbnailUrl\":\"https:\/\/funstorage.thehuettl.com\/wp-content\/uploads\/2023\/03\/41738_boxprod_v29-scaled-1.jpg\",\"datePublished\":\"2023-03-01T01:51:07+00:00\",\"dateModified\":\"2023-11-13T23:59:07+00:00\",\"description\":\"LEGO\u00ae 41738 Hunderettungsfahrrad | LEGO\u00ae 41738 Hunderettungsfahrrad | FunStorage.de\",\"breadcrumb\":{\"@id\":\"https:\/\/funstorage.thehuettl.com\/shop\/lego-41738-hunderettungsfahrrad\/#breadcrumb\"},\"inLanguage\":\"en-US\",\"potentialAction\":[{\"@type\":\"ReadAction\",\"target\":[\"https:\/\/funstorage.thehuettl.com\/shop\/lego-41738-hunderettungsfahrrad\/\"]}]},{\"@type\":\"ImageObject\",\"inLanguage\":\"en-US\",\"@id\":\"https:\/\/funstorage.thehuettl.com\/shop\/lego-41738-hunderettungsfahrrad\/#primaryimage\",\"url\":\"https:\/\/funstorage.thehuettl.com\/wp-content\/uploads\/2023\/03\/41738_boxprod_v29-scaled-1.jpg\",\"contentUrl\":\"https:\/\/funstorage.thehuettl.com\/wp-content\/uploads\/2023\/03\/41738_boxprod_v29-scaled-1.jpg\",\"width\":2560,\"height\":2560},{\"@type\":\"BreadcrumbList\",\"@id\":\"https:\/\/funstorage.thehuettl.com\/shop\/lego-41738-hunderettungsfahrrad\/#breadcrumb\",\"itemListElement\":[{\"@type\":\"ListItem\",\"position\":1,\"name\":\"Startseite\",\"item\":\"https:\/\/funstorage.thehuettl.com\/step\/homepage\/\"},{\"@type\":\"ListItem\",\"position\":2,\"name\":\"Shop\",\"item\":\"https:\/\/funstorage.thehuettl.com\/shop\/\"},{\"@type\":\"ListItem\",\"position\":3,\"name\":\"LEGO\u00ae 41738 Hunderettungsfahrrad\"}]},{\"@type\":\"WebSite\",\"@id\":\"https:\/\/funstorage.thehuettl.com\/#website\",\"url\":\"https:\/\/funstorage.thehuettl.com\/\",\"name\":\"FunStorage\",\"description\":\"\",\"publisher\":{\"@id\":\"https:\/\/funstorage.thehuettl.com\/#organization\"},\"potentialAction\":[{\"@type\":\"SearchAction\",\"target\":{\"@type\":\"EntryPoint\",\"urlTemplate\":\"https:\/\/funstorage.thehuettl.com\/?s={search_term_string}\"},\"query-input\":{\"@type\":\"PropertyValueSpecification\",\"valueRequired\":true,\"valueName\":\"search_term_string\"}}],\"inLanguage\":\"en-US\"},{\"@type\":\"Organization\",\"@id\":\"https:\/\/funstorage.thehuettl.com\/#organization\",\"name\":\"FunStorage\",\"url\":\"https:\/\/funstorage.thehuettl.com\/\",\"logo\":{\"@type\":\"ImageObject\",\"inLanguage\":\"en-US\",\"@id\":\"https:\/\/funstorage.thehuettl.com\/#\/schema\/logo\/image\/\",\"url\":\"https:\/\/funstorage.thehuettl.com\/wp-content\/uploads\/2023\/02\/cropped-D2BA2C24-7753-4AC3-9F3B-6C174C5BCB99.png\",\"contentUrl\":\"https:\/\/funstorage.thehuettl.com\/wp-content\/uploads\/2023\/02\/cropped-D2BA2C24-7753-4AC3-9F3B-6C174C5BCB99.png\",\"width\":512,\"height\":512,\"caption\":\"FunStorage\"},\"image\":{\"@id\":\"https:\/\/funstorage.thehuettl.com\/#\/schema\/logo\/image\/\"},\"sameAs\":[\"https:\/\/www.facebook.com\/funstorage.de\"]}]}<\/script>\n<!-- \/ Yoast SEO plugin. -->","yoast_head_json":{"title":"LEGO\u00ae 41738 Hunderettungsfahrrad | FunStorage.de","description":"LEGO\u00ae 41738 Hunderettungsfahrrad | LEGO\u00ae 41738 Hunderettungsfahrrad | FunStorage.de","robots":{"index":"index","follow":"follow","max-snippet":"max-snippet:-1","max-image-preview":"max-image-preview:large","max-video-preview":"max-video-preview:-1"},"canonical":"https:\/\/funstorage.thehuettl.com\/en\/wp-json\/wp\/v2\/product\/8768","og_locale":"en_US","og_type":"article","og_title":"LEGO\u00ae 41738 Hunderettungsfahrrad | FunStorage.de","og_description":"LEGO\u00ae 41738 Hunderettungsfahrrad | LEGO\u00ae 41738 Hunderettungsfahrrad | FunStorage.de","og_url":"https:\/\/funstorage.thehuettl.com\/en\/shop\/lego-41738-hunderettungsfahrrad\/","og_site_name":"FunStorage","article_publisher":"https:\/\/www.facebook.com\/funstorage.de","article_modified_time":"2023-11-13T23:59:07+00:00","og_image":[{"width":2560,"height":2560,"url":"https:\/\/funstorage.thehuettl.com\/wp-content\/uploads\/2023\/03\/41738_boxprod_v29-scaled-1.jpg","type":"image\/jpeg"}],"twitter_card":"summary_large_image","twitter_misc":{"Est. reading time":"3 minutes"},"schema":{"@context":"https:\/\/schema.org","@graph":[{"@type":"WebPage","@id":"https:\/\/funstorage.thehuettl.com\/shop\/lego-41738-hunderettungsfahrrad\/","url":"https:\/\/funstorage.thehuettl.com\/shop\/lego-41738-hunderettungsfahrrad\/","name":"LEGO\u00ae 41738 Hunderettungsfahrrad | FunStorage.de","isPartOf":{"@id":"https:\/\/funstorage.thehuettl.com\/#website"},"primaryImageOfPage":{"@id":"https:\/\/funstorage.thehuettl.com\/shop\/lego-41738-hunderettungsfahrrad\/#primaryimage"},"image":{"@id":"https:\/\/funstorage.thehuettl.com\/shop\/lego-41738-hunderettungsfahrrad\/#primaryimage"},"thumbnailUrl":"https:\/\/funstorage.thehuettl.com\/wp-content\/uploads\/2023\/03\/41738_boxprod_v29-scaled-1.jpg","datePublished":"2023-03-01T01:51:07+00:00","dateModified":"2023-11-13T23:59:07+00:00","description":"LEGO\u00ae 41738 Hunderettungsfahrrad | LEGO\u00ae 41738 Hunderettungsfahrrad | FunStorage.de","breadcrumb":{"@id":"https:\/\/funstorage.thehuettl.com\/shop\/lego-41738-hunderettungsfahrrad\/#breadcrumb"},"inLanguage":"en-US","potentialAction":[{"@type":"ReadAction","target":["https:\/\/funstorage.thehuettl.com\/shop\/lego-41738-hunderettungsfahrrad\/"]}]},{"@type":"ImageObject","inLanguage":"en-US","@id":"https:\/\/funstorage.thehuettl.com\/shop\/lego-41738-hunderettungsfahrrad\/#primaryimage","url":"https:\/\/funstorage.thehuettl.com\/wp-content\/uploads\/2023\/03\/41738_boxprod_v29-scaled-1.jpg","contentUrl":"https:\/\/funstorage.thehuettl.com\/wp-content\/uploads\/2023\/03\/41738_boxprod_v29-scaled-1.jpg","width":2560,"height":2560},{"@type":"BreadcrumbList","@id":"https:\/\/funstorage.thehuettl.com\/shop\/lego-41738-hunderettungsfahrrad\/#breadcrumb","itemListElement":[{"@type":"ListItem","position":1,"name":"Startseite","item":"https:\/\/funstorage.thehuettl.com\/step\/homepage\/"},{"@type":"ListItem","position":2,"name":"Shop","item":"https:\/\/funstorage.thehuettl.com\/shop\/"},{"@type":"ListItem","position":3,"name":"LEGO\u00ae 41738 Hunderettungsfahrrad"}]},{"@type":"WebSite","@id":"https:\/\/funstorage.thehuettl.com\/#website","url":"https:\/\/funstorage.thehuettl.com\/","name":"FunStorage","description":"","publisher":{"@id":"https:\/\/funstorage.thehuettl.com\/#organization"},"potentialAction":[{"@type":"SearchAction","target":{"@type":"EntryPoint","urlTemplate":"https:\/\/funstorage.thehuettl.com\/?s={search_term_string}"},"query-input":{"@type":"PropertyValueSpecification","valueRequired":true,"valueName":"search_term_string"}}],"inLanguage":"en-US"},{"@type":"Organization","@id":"https:\/\/funstorage.thehuettl.com\/#organization","name":"FunStorage","url":"https:\/\/funstorage.thehuettl.com\/","logo":{"@type":"ImageObject","inLanguage":"en-US","@id":"https:\/\/funstorage.thehuettl.com\/#\/schema\/logo\/image\/","url":"https:\/\/funstorage.thehuettl.com\/wp-content\/uploads\/2023\/02\/cropped-D2BA2C24-7753-4AC3-9F3B-6C174C5BCB99.png","contentUrl":"https:\/\/funstorage.thehuettl.com\/wp-content\/uploads\/2023\/02\/cropped-D2BA2C24-7753-4AC3-9F3B-6C174C5BCB99.png","width":512,"height":512,"caption":"FunStorage"},"image":{"@id":"https:\/\/funstorage.thehuettl.com\/#\/schema\/logo\/image\/"},"sameAs":["https:\/\/www.facebook.com\/funstorage.de"]}]}},"_links":{"self":[{"href":"https:\/\/funstorage.thehuettl.com\/en\/wp-json\/wp\/v2\/product\/8768","targetHints":{"allow":["GET"]}}],"collection":[{"href":"https:\/\/funstorage.thehuettl.com\/en\/wp-json\/wp\/v2\/product"}],"about":[{"href":"https:\/\/funstorage.thehuettl.com\/en\/wp-json\/wp\/v2\/types\/product"}],"replies":[{"embeddable":true,"href":"https:\/\/funstorage.thehuettl.com\/en\/wp-json\/wp\/v2\/comments?post=8768"}],"version-history":[{"count":0,"href":"https:\/\/funstorage.thehuettl.com\/en\/wp-json\/wp\/v2\/product\/8768\/revisions"}],"wp:featuredmedia":[{"embeddable":true,"href":"https:\/\/funstorage.thehuettl.com\/en\/wp-json\/wp\/v2\/media\/8655"}],"wp:attachment":[{"href":"https:\/\/funstorage.thehuettl.com\/en\/wp-json\/wp\/v2\/media?parent=8768"}],"wp:term":[{"taxonomy":"product_brand","embeddable":true,"href":"https:\/\/funstorage.thehuettl.com\/en\/wp-json\/wp\/v2\/product_brand?post=8768"},{"taxonomy":"product_cat","embeddable":true,"href":"https:\/\/funstorage.thehuettl.com\/en\/wp-json\/wp\/v2\/product_cat?post=8768"},{"taxonomy":"product_tag","embeddable":true,"href":"https:\/\/funstorage.thehuettl.com\/en\/wp-json\/wp\/v2\/product_tag?post=8768"}],"curies":[{"name":"wp","href":"https:\/\/api.w.org\/{rel}","templated":true}]}}