{"id":8769,"date":"2023-03-01T02:51:07","date_gmt":"2023-03-01T01:51:07","guid":{"rendered":"https:\/\/funstorage.thehuettl.com\/?post_type=product&#038;p=8769"},"modified":"2023-11-14T00:50:01","modified_gmt":"2023-11-13T23:50:01","slug":"lego-41739-lianns-zimmer","status":"publish","type":"product","link":"https:\/\/funstorage.thehuettl.com\/en\/shop\/lego-41739-lianns-zimmer\/","title":{"rendered":"LEGO\u00ae 41739 Lianns Zimmer"},"content":{"rendered":"<p>Lerne Liann besser kennen, indem du sie in ihrem Zimmer besuchst! Die kunstbegeisterte Liann hat ihre Freundin Autumn zum Malen eingeladen. Jede Menge Utensilien f\u00fcr k\u00fcnstlerische Projekte und Comic-Hefte laden zum Spielen ein. Benutze die Staffeleien, um ein Bild von Popcorn zu malen. So hei\u00dft Lianns Gecko. F\u00fcr Popcorn ist spezielles Futter vorhanden. Wie gef\u00e4llt dir Lianns Bett? Das Bett ist hinter dem B\u00fccherregal versteckt!<\/p>\n<p>&nbsp;<\/p>\n<p>In LEGO\u00ae Friends Lianns Zimmer (41739) gibt es f\u00fcr kunstbegeisterte Kinder ab 6 Jahren sehr viel zu entdecken. Das Bau- und Spielset beinhaltet einen Zeichentisch, eine Fensternische und ein verstecktes Bett. Dein Kind wird gern herausfinden, wie sich die Freundschaft zwischen der tatkr\u00e4ftigen Liann und der unbek\u00fcmmerten Autumn entwickelt. Kinder k\u00f6nnen fantasievoll spielen und zum Beispiel so tun, als w\u00fcrden sie ein Bild von Lianns Gecko Popcorn malen. Die f\u00fcr ein K\u00fcnstlerstudio typischen Utensilien (Farbtuben, Paletten und Staffeleien) motivieren dein Kind zu kreativen Projekten. Donuts, Tassen, Comic-Hefte, ein Skateboard, ein Handy, ein Stift und ein Terrarium f\u00fcr den Gecko Popcorn laden ebenfalls zum Spielen ein. Faszinierendes Bauerlebnis Die LEGO Builder App bietet deinem Kind ein leichtes und intuitives Bauabenteuer. Die Funktionen lassen dein Kind 3D-Ansichten der Modelle vergr\u00f6\u00dfern und drehen, Sets speichern und seinen Baufortschritt verfolgen. Eine neue Generation in Heartlake City Im LEGO Friends Universum kann dein Kind Freundschaften schlie\u00dfen, faszinierende neue Orte entdecken und Alltagsabenteuer erleben.<\/p>\n<p>&nbsp;<\/p>\n<p><span lang=\"DE\">Anzahl Teile: 204<br \/>\nAltersempfehlung: 6+<br \/>\nThema:\u00a0<\/span>LEGO\u00ae Friends<\/p>\n<p><span lang=\"DE\">EAN: 5702017415246<\/span><\/p>\n<p>&nbsp;<\/p>\n<p>\u2022 Kreatives Spielerlebnis f\u00fcr Kinder ab 6 Jahren: LEGO\u00ae Friends Lianns Zimmer (41739) ist ein tolles Spielset, um ein Kinderzimmer mit K\u00fcnstleratelier zu bauen und mit der k\u00fcnstlerisch begabten Liann und der tierlieben Autumn kreativ zu werden<br \/>\n\u2022 2 Spielfiguren: Das Spielset beinhaltet die LEGO\u00ae Friends Spielfiguren Liann und Autumn sowie den Gecko Popcorn<br \/>\n\u2022 Zubeh\u00f6r: Zu dem Set geh\u00f6ren auch die f\u00fcr ein K\u00fcnstleratelier typischen Utensilien, beispielsweise Farbtuben, Farbpaletten und Staffeleien, sowie Donuts, Comic-Hefte, ein Skateboard und ein Terrarium f\u00fcr den Gecko Popcorn<br \/>\n\u2022 Geschenk f\u00fcr Kinder, die Kunst lieben: Du suchst nach einem neuen Spielzeug oder Geschenk? Dieses Set ist genau das richtige Geschenk f\u00fcr Kinder ab 6 Jahren, die gern zeichnen und malen<br \/>\n\u2022 Das richtige Format f\u00fcr Rollenspiele: Dieses Spielset ist 8\u00a0cm hoch, 13\u00a0cm breit und 9\u00a0cm tief<br \/>\n\u2022 Intuitive Anleitung: Die LEGO\u00ae Builder App nimmt dich und dein Kind auf ein intuitives Bauabenteuer mit. Coole Funktionen lassen euch 3D-Ansichten der Modelle vergr\u00f6\u00dfern und drehen, Sets speichern und euren Baufortschritt verfolgen<br \/>\n\u2022 Eine neue Generation in Heartlake City: Im Jahr 2023 wird das LEGO\u00ae Friends Universum noch gr\u00f6\u00dfer. Neue Charaktere und neue Orte laden zu vielen weiteren Abenteuern und Rollenspielen ein<br \/>\n\u2022 Qualit\u00e4tsbewusstsein: Alle LEGO\u00ae Elemente entsprechen strengen Branchenstandards, damit sie einheitlich und kompatibel sind und sich m\u00fchelos zusammensetzen lassen<br \/>\n\u2022 Sicherheit hat Vorrang: LEGO\u00ae Friends Steine und Teile werden Fall-, Hitze-, Druck- und Torsionstests unterzogen und analysiert, damit sie strikte globale Sicherheitsstandards erf\u00fcllen<\/p>\n<p>&nbsp;<\/p>\n<p>&nbsp;<\/p>","protected":false},"excerpt":{"rendered":"<p>LEGO\u00ae Friends Lianns Zimmer ist genau das richtige Bauset, um Kinder ab 6 Jahren in die Rolle einer K\u00fcnstlerin schl\u00fcpfen zu lassen.<\/p>","protected":false},"featured_media":8661,"comment_status":"open","ping_status":"closed","template":"","meta":[],"product_brand":[],"product_cat":[34,329],"product_tag":[87,45,366],"class_list":{"0":"post-8769","1":"product","2":"type-product","3":"status-publish","4":"has-post-thumbnail","6":"product_cat-lego","7":"product_cat-lego-friends","8":"product_tag-friends","9":"product_tag-lego","10":"product_tag-zimmer","12":"first","13":"instock","14":"taxable","15":"shipping-taxable","16":"purchasable","17":"product-type-simple"},"yoast_head":"<!-- This site is optimized with the Yoast SEO plugin v26.4 - https:\/\/yoast.com\/wordpress\/plugins\/seo\/ -->\n<title>LEGO\u00ae 41739 Lianns Zimmer | FunStorage.de<\/title>\n<meta name=\"description\" content=\"LEGO\u00ae 41739 Lianns Zimmer | Kinder werden zusammen mit Liann und Autumn kreativ | FunStorage.de\" \/>\n<meta name=\"robots\" content=\"index, follow, max-snippet:-1, max-image-preview:large, max-video-preview:-1\" \/>\n<link rel=\"canonical\" href=\"https:\/\/funstorage.thehuettl.com\/en\/wp-json\/wp\/v2\/product\/8769\" \/>\n<meta property=\"og:locale\" content=\"en_US\" \/>\n<meta property=\"og:type\" content=\"article\" \/>\n<meta property=\"og:title\" content=\"LEGO\u00ae 41739 Lianns Zimmer | FunStorage.de\" \/>\n<meta property=\"og:description\" content=\"LEGO\u00ae 41739 Lianns Zimmer | Kinder werden zusammen mit Liann und Autumn kreativ | FunStorage.de\" \/>\n<meta property=\"og:url\" content=\"https:\/\/funstorage.thehuettl.com\/en\/shop\/lego-41739-lianns-zimmer\/\" \/>\n<meta property=\"og:site_name\" content=\"FunStorage\" \/>\n<meta property=\"article:publisher\" content=\"https:\/\/www.facebook.com\/funstorage.de\" \/>\n<meta property=\"article:modified_time\" content=\"2023-11-13T23:50:01+00:00\" \/>\n<meta property=\"og:image\" content=\"https:\/\/funstorage.thehuettl.com\/wp-content\/uploads\/2023\/03\/41739_boxprod_v29-scaled-1.jpg\" \/>\n\t<meta property=\"og:image:width\" content=\"2560\" \/>\n\t<meta property=\"og:image:height\" content=\"2560\" \/>\n\t<meta property=\"og:image:type\" content=\"image\/jpeg\" \/>\n<meta name=\"twitter:card\" content=\"summary_large_image\" \/>\n<meta name=\"twitter:label1\" content=\"Est. reading time\" \/>\n\t<meta name=\"twitter:data1\" content=\"3 minutes\" \/>\n<script type=\"application\/ld+json\" class=\"yoast-schema-graph\">{\"@context\":\"https:\/\/schema.org\",\"@graph\":[{\"@type\":\"WebPage\",\"@id\":\"https:\/\/funstorage.thehuettl.com\/shop\/lego-41739-lianns-zimmer\/\",\"url\":\"https:\/\/funstorage.thehuettl.com\/shop\/lego-41739-lianns-zimmer\/\",\"name\":\"LEGO\u00ae 41739 Lianns Zimmer | FunStorage.de\",\"isPartOf\":{\"@id\":\"https:\/\/funstorage.thehuettl.com\/#website\"},\"primaryImageOfPage\":{\"@id\":\"https:\/\/funstorage.thehuettl.com\/shop\/lego-41739-lianns-zimmer\/#primaryimage\"},\"image\":{\"@id\":\"https:\/\/funstorage.thehuettl.com\/shop\/lego-41739-lianns-zimmer\/#primaryimage\"},\"thumbnailUrl\":\"https:\/\/funstorage.thehuettl.com\/wp-content\/uploads\/2023\/03\/41739_boxprod_v29-scaled-1.jpg\",\"datePublished\":\"2023-03-01T01:51:07+00:00\",\"dateModified\":\"2023-11-13T23:50:01+00:00\",\"description\":\"LEGO\u00ae 41739 Lianns Zimmer | Kinder werden zusammen mit Liann und Autumn kreativ | FunStorage.de\",\"breadcrumb\":{\"@id\":\"https:\/\/funstorage.thehuettl.com\/shop\/lego-41739-lianns-zimmer\/#breadcrumb\"},\"inLanguage\":\"en-US\",\"potentialAction\":[{\"@type\":\"ReadAction\",\"target\":[\"https:\/\/funstorage.thehuettl.com\/shop\/lego-41739-lianns-zimmer\/\"]}]},{\"@type\":\"ImageObject\",\"inLanguage\":\"en-US\",\"@id\":\"https:\/\/funstorage.thehuettl.com\/shop\/lego-41739-lianns-zimmer\/#primaryimage\",\"url\":\"https:\/\/funstorage.thehuettl.com\/wp-content\/uploads\/2023\/03\/41739_boxprod_v29-scaled-1.jpg\",\"contentUrl\":\"https:\/\/funstorage.thehuettl.com\/wp-content\/uploads\/2023\/03\/41739_boxprod_v29-scaled-1.jpg\",\"width\":2560,\"height\":2560},{\"@type\":\"BreadcrumbList\",\"@id\":\"https:\/\/funstorage.thehuettl.com\/shop\/lego-41739-lianns-zimmer\/#breadcrumb\",\"itemListElement\":[{\"@type\":\"ListItem\",\"position\":1,\"name\":\"Startseite\",\"item\":\"https:\/\/funstorage.thehuettl.com\/step\/homepage\/\"},{\"@type\":\"ListItem\",\"position\":2,\"name\":\"Shop\",\"item\":\"https:\/\/funstorage.thehuettl.com\/shop\/\"},{\"@type\":\"ListItem\",\"position\":3,\"name\":\"LEGO\u00ae 41739 Lianns Zimmer\"}]},{\"@type\":\"WebSite\",\"@id\":\"https:\/\/funstorage.thehuettl.com\/#website\",\"url\":\"https:\/\/funstorage.thehuettl.com\/\",\"name\":\"FunStorage\",\"description\":\"\",\"publisher\":{\"@id\":\"https:\/\/funstorage.thehuettl.com\/#organization\"},\"potentialAction\":[{\"@type\":\"SearchAction\",\"target\":{\"@type\":\"EntryPoint\",\"urlTemplate\":\"https:\/\/funstorage.thehuettl.com\/?s={search_term_string}\"},\"query-input\":{\"@type\":\"PropertyValueSpecification\",\"valueRequired\":true,\"valueName\":\"search_term_string\"}}],\"inLanguage\":\"en-US\"},{\"@type\":\"Organization\",\"@id\":\"https:\/\/funstorage.thehuettl.com\/#organization\",\"name\":\"FunStorage\",\"url\":\"https:\/\/funstorage.thehuettl.com\/\",\"logo\":{\"@type\":\"ImageObject\",\"inLanguage\":\"en-US\",\"@id\":\"https:\/\/funstorage.thehuettl.com\/#\/schema\/logo\/image\/\",\"url\":\"https:\/\/funstorage.thehuettl.com\/wp-content\/uploads\/2023\/02\/cropped-D2BA2C24-7753-4AC3-9F3B-6C174C5BCB99.png\",\"contentUrl\":\"https:\/\/funstorage.thehuettl.com\/wp-content\/uploads\/2023\/02\/cropped-D2BA2C24-7753-4AC3-9F3B-6C174C5BCB99.png\",\"width\":512,\"height\":512,\"caption\":\"FunStorage\"},\"image\":{\"@id\":\"https:\/\/funstorage.thehuettl.com\/#\/schema\/logo\/image\/\"},\"sameAs\":[\"https:\/\/www.facebook.com\/funstorage.de\"]}]}<\/script>\n<!-- \/ Yoast SEO plugin. -->","yoast_head_json":{"title":"LEGO\u00ae 41739 Lianns Zimmer | FunStorage.de","description":"LEGO\u00ae 41739 Lianns Zimmer | Kinder werden zusammen mit Liann und Autumn kreativ | FunStorage.de","robots":{"index":"index","follow":"follow","max-snippet":"max-snippet:-1","max-image-preview":"max-image-preview:large","max-video-preview":"max-video-preview:-1"},"canonical":"https:\/\/funstorage.thehuettl.com\/en\/wp-json\/wp\/v2\/product\/8769","og_locale":"en_US","og_type":"article","og_title":"LEGO\u00ae 41739 Lianns Zimmer | FunStorage.de","og_description":"LEGO\u00ae 41739 Lianns Zimmer | Kinder werden zusammen mit Liann und Autumn kreativ | FunStorage.de","og_url":"https:\/\/funstorage.thehuettl.com\/en\/shop\/lego-41739-lianns-zimmer\/","og_site_name":"FunStorage","article_publisher":"https:\/\/www.facebook.com\/funstorage.de","article_modified_time":"2023-11-13T23:50:01+00:00","og_image":[{"width":2560,"height":2560,"url":"https:\/\/funstorage.thehuettl.com\/wp-content\/uploads\/2023\/03\/41739_boxprod_v29-scaled-1.jpg","type":"image\/jpeg"}],"twitter_card":"summary_large_image","twitter_misc":{"Est. reading time":"3 minutes"},"schema":{"@context":"https:\/\/schema.org","@graph":[{"@type":"WebPage","@id":"https:\/\/funstorage.thehuettl.com\/shop\/lego-41739-lianns-zimmer\/","url":"https:\/\/funstorage.thehuettl.com\/shop\/lego-41739-lianns-zimmer\/","name":"LEGO\u00ae 41739 Lianns Zimmer | FunStorage.de","isPartOf":{"@id":"https:\/\/funstorage.thehuettl.com\/#website"},"primaryImageOfPage":{"@id":"https:\/\/funstorage.thehuettl.com\/shop\/lego-41739-lianns-zimmer\/#primaryimage"},"image":{"@id":"https:\/\/funstorage.thehuettl.com\/shop\/lego-41739-lianns-zimmer\/#primaryimage"},"thumbnailUrl":"https:\/\/funstorage.thehuettl.com\/wp-content\/uploads\/2023\/03\/41739_boxprod_v29-scaled-1.jpg","datePublished":"2023-03-01T01:51:07+00:00","dateModified":"2023-11-13T23:50:01+00:00","description":"LEGO\u00ae 41739 Lianns Zimmer | Kinder werden zusammen mit Liann und Autumn kreativ | FunStorage.de","breadcrumb":{"@id":"https:\/\/funstorage.thehuettl.com\/shop\/lego-41739-lianns-zimmer\/#breadcrumb"},"inLanguage":"en-US","potentialAction":[{"@type":"ReadAction","target":["https:\/\/funstorage.thehuettl.com\/shop\/lego-41739-lianns-zimmer\/"]}]},{"@type":"ImageObject","inLanguage":"en-US","@id":"https:\/\/funstorage.thehuettl.com\/shop\/lego-41739-lianns-zimmer\/#primaryimage","url":"https:\/\/funstorage.thehuettl.com\/wp-content\/uploads\/2023\/03\/41739_boxprod_v29-scaled-1.jpg","contentUrl":"https:\/\/funstorage.thehuettl.com\/wp-content\/uploads\/2023\/03\/41739_boxprod_v29-scaled-1.jpg","width":2560,"height":2560},{"@type":"BreadcrumbList","@id":"https:\/\/funstorage.thehuettl.com\/shop\/lego-41739-lianns-zimmer\/#breadcrumb","itemListElement":[{"@type":"ListItem","position":1,"name":"Startseite","item":"https:\/\/funstorage.thehuettl.com\/step\/homepage\/"},{"@type":"ListItem","position":2,"name":"Shop","item":"https:\/\/funstorage.thehuettl.com\/shop\/"},{"@type":"ListItem","position":3,"name":"LEGO\u00ae 41739 Lianns Zimmer"}]},{"@type":"WebSite","@id":"https:\/\/funstorage.thehuettl.com\/#website","url":"https:\/\/funstorage.thehuettl.com\/","name":"FunStorage","description":"","publisher":{"@id":"https:\/\/funstorage.thehuettl.com\/#organization"},"potentialAction":[{"@type":"SearchAction","target":{"@type":"EntryPoint","urlTemplate":"https:\/\/funstorage.thehuettl.com\/?s={search_term_string}"},"query-input":{"@type":"PropertyValueSpecification","valueRequired":true,"valueName":"search_term_string"}}],"inLanguage":"en-US"},{"@type":"Organization","@id":"https:\/\/funstorage.thehuettl.com\/#organization","name":"FunStorage","url":"https:\/\/funstorage.thehuettl.com\/","logo":{"@type":"ImageObject","inLanguage":"en-US","@id":"https:\/\/funstorage.thehuettl.com\/#\/schema\/logo\/image\/","url":"https:\/\/funstorage.thehuettl.com\/wp-content\/uploads\/2023\/02\/cropped-D2BA2C24-7753-4AC3-9F3B-6C174C5BCB99.png","contentUrl":"https:\/\/funstorage.thehuettl.com\/wp-content\/uploads\/2023\/02\/cropped-D2BA2C24-7753-4AC3-9F3B-6C174C5BCB99.png","width":512,"height":512,"caption":"FunStorage"},"image":{"@id":"https:\/\/funstorage.thehuettl.com\/#\/schema\/logo\/image\/"},"sameAs":["https:\/\/www.facebook.com\/funstorage.de"]}]}},"_links":{"self":[{"href":"https:\/\/funstorage.thehuettl.com\/en\/wp-json\/wp\/v2\/product\/8769","targetHints":{"allow":["GET"]}}],"collection":[{"href":"https:\/\/funstorage.thehuettl.com\/en\/wp-json\/wp\/v2\/product"}],"about":[{"href":"https:\/\/funstorage.thehuettl.com\/en\/wp-json\/wp\/v2\/types\/product"}],"replies":[{"embeddable":true,"href":"https:\/\/funstorage.thehuettl.com\/en\/wp-json\/wp\/v2\/comments?post=8769"}],"version-history":[{"count":0,"href":"https:\/\/funstorage.thehuettl.com\/en\/wp-json\/wp\/v2\/product\/8769\/revisions"}],"wp:featuredmedia":[{"embeddable":true,"href":"https:\/\/funstorage.thehuettl.com\/en\/wp-json\/wp\/v2\/media\/8661"}],"wp:attachment":[{"href":"https:\/\/funstorage.thehuettl.com\/en\/wp-json\/wp\/v2\/media?parent=8769"}],"wp:term":[{"taxonomy":"product_brand","embeddable":true,"href":"https:\/\/funstorage.thehuettl.com\/en\/wp-json\/wp\/v2\/product_brand?post=8769"},{"taxonomy":"product_cat","embeddable":true,"href":"https:\/\/funstorage.thehuettl.com\/en\/wp-json\/wp\/v2\/product_cat?post=8769"},{"taxonomy":"product_tag","embeddable":true,"href":"https:\/\/funstorage.thehuettl.com\/en\/wp-json\/wp\/v2\/product_tag?post=8769"}],"curies":[{"name":"wp","href":"https:\/\/api.w.org\/{rel}","templated":true}]}}