{"id":8770,"date":"2023-03-01T02:51:07","date_gmt":"2023-03-01T01:51:07","guid":{"rendered":"https:\/\/funstorage.thehuettl.com\/?post_type=product&#038;p=8770"},"modified":"2023-11-14T00:50:03","modified_gmt":"2023-11-13T23:50:03","slug":"lego-41740-aliyas-zimmer","status":"publish","type":"product","link":"https:\/\/funstorage.thehuettl.com\/en\/shop\/lego-41740-aliyas-zimmer\/","title":{"rendered":"LEGO\u00ae 41740 Aliyas Zimmer"},"content":{"rendered":"<p>Besuche Aliya in ihrem Zimmer, um sie besser kennenzulernen. Ihre Freundin Paisley \u00fcbernachtet heute bei ihr! Aliyas Zimmer ist der ideale Ort, um kreative Geschichten mit Stift und Papier oder auf dem Laptop zu schreiben. Setzt euch an den Tisch und esst einen k\u00f6stlichen Snack. Besch\u00e4ftigt euch dann mit dem Welpen Aira. Schaut euch einen Film an oder macht es euch am Fenster bequem und lest eine Geschichte. Ihr m\u00fcsst schon ins Bett? Dann zieh f\u00fcr Paisley das G\u00e4stebett heraus.<\/p>\n<p>&nbsp;<\/p>\n<p>LEGO\u00ae Friends Aliyas Zimmer (41740) ist ein fantastisches Bauset, um Kinder ab 6 Jahren eigene Geschichten darstellen zu lassen. Paisley \u00fcbernachtet heute bei Aliya, doch vorher k\u00f6nnen die beiden noch Geschichten schreiben. Die Schularbeiten, der Drehstuhl, der Laptop, ein Buch, eine Lampe und ein Pokal spiegeln Aliyas Lerneifer wider. Dein Kind wird die zus\u00e4tzlichen Feinheiten lieben, zum Beispiel die mit einem F (einer 6!) benotete Schularbeit unter einem ganz Stapel mit A benoteten Einserarbeiten! Vielleicht kann Paisley ihrer Freundin beibringen, nicht ganz so streng zu sich zu sein! Ihr braucht ein wenig Entspannung? Dann k\u00f6nnt ihr auf der gro\u00dfen Leinwand einen Film anschauen oder mit Aliyas Welpen spielen. Anleitungen f\u00fcr junge Baumeisterinnen und Baumeister Die LEGO Builder App bietet Kindern ein leichtes und intuitives Bauabenteuer. Die Funktionen lassen dein Kind 3D-Ansichten der Modelle vergr\u00f6\u00dfern und drehen, Sets speichern und seinen Baufortschritt verfolgen. Eine neue Generation in Heartlake City Im LEGO Friends Universum kann dein Kind Freundschaften schlie\u00dfen, faszinierende neue Orte entdecken und Alltagsabenteuer erleben.<\/p>\n<p>&nbsp;<\/p>\n<p><span lang=\"DE\">Anzahl Teile: 209<br \/>\nAltersempfehlung: 6+<br \/>\nThema:\u00a0<\/span>LEGO\u00ae Friends<\/p>\n<p><span lang=\"DE\">EAN: 5702017415253<\/span><\/p>\n<p>&nbsp;<\/p>\n<p>\u2022 Kinderzimmer-Spielset f\u00fcr kreative Abenteuer: LEGO\u00ae Friends Aliyas Zimmer (41740) ist das perfekte Bau- und Spielset, um Kinder ab 6 Jahren eigene spannende Geschichten darstellen zu lassen<br \/>\n\u2022 2 Spielfiguren: Das Spielset beinhaltet die LEGO\u00ae Friends Spielfiguren Aliya und Paisley sowie das H\u00fcndchen Aira<br \/>\n\u2022 Futter f\u00fcr die Fantasie: Dieses Spielset l\u00e4sst dein Kind unz\u00e4hlige Freundschaftsgeschichten darstellen, in denen die sch\u00fcchterne Paisley bei der flei\u00dfigen Aliya \u00fcbernachtet<br \/>\n\u2022 Jede Menge Zubeh\u00f6r: Das Set beinhaltet einen Drehstuhl, einen Schreibtisch, eine Filmleinwand, 2 Betten und Schularbeiten, Hundespielzeuge, einen Laptop, ein Buch, ein Handy, eine Lampe und einen Pokal<br \/>\n\u2022 Geschenkidee f\u00fcr Kinder: Dieses LEGO\u00ae Friends Spielset ist ein tolles Geschenk f\u00fcr Kinder, die gern eigene Geschichten darstellen<br \/>\n\u2022 L\u00e4dt zum Spielen ein: Dieses Spielzeug ist 8\u00a0cm hoch, 13\u00a0cm breit und 10\u00a0cm tief<br \/>\n\u2022 N\u00fctzlicher Helfer: Entdecke die intuitiven Bauanleitungen in der LEGO\u00ae Builder App, die Kinder 3D-Ansichten der Modelle vergr\u00f6\u00dfern und drehen, den Baufortschritt verfolgen und ihre Sets speichern lassen, w\u00e4hrend sie neue Bauf\u00e4higkeiten entwickeln<br \/>\n\u2022 Eine neue Generation in Heartlake City: Im Jahr 2023 wird das LEGO\u00ae Friends Universum noch gr\u00f6\u00dfer. Neue Charaktere und neue Orte laden zu vielen weiteren Abenteuern und Rollenspielen ein<br \/>\n\u2022 Auf Qualit\u00e4t getrimmt: Alle LEGO\u00ae Elemente entsprechen strengen Branchenstandards, damit sie einheitlich und kompatibel sind und sich m\u00fchelos zusammensetzen lassen<br \/>\n\u2022 Eine sichere Wahl: LEGO\u00ae Friends Steine und Teile werden Fall-, Hitze-, Druck- und Torsionstests unterzogen und analysiert, damit sie strikte globale Sicherheitsstandards erf\u00fcllen<\/p>","protected":false},"excerpt":{"rendered":"<p>LEGO\u00ae Friends Aliyas Zimmer ist ein tolles Set, um Kinder ab 6 Jahren kreativ und fantasievoll bauen und spielen zu lassen.<\/p>","protected":false},"featured_media":8666,"comment_status":"open","ping_status":"closed","template":"","meta":[],"product_brand":[],"product_cat":[34,329],"product_tag":[87,45,366],"class_list":{"0":"post-8770","1":"product","2":"type-product","3":"status-publish","4":"has-post-thumbnail","6":"product_cat-lego","7":"product_cat-lego-friends","8":"product_tag-friends","9":"product_tag-lego","10":"product_tag-zimmer","12":"first","13":"instock","14":"taxable","15":"shipping-taxable","16":"purchasable","17":"product-type-simple"},"yoast_head":"<!-- This site is optimized with the Yoast SEO plugin v26.4 - https:\/\/yoast.com\/wordpress\/plugins\/seo\/ -->\n<title>LEGO\u00ae 41740 Aliyas Zimmer | FunStorage.de<\/title>\n<meta name=\"description\" content=\"LEGO\u00ae 41740 Aliyas Zimmer | Spannende Rollenspiele mit Aliya und Paisley | FunStorage.de\" \/>\n<meta name=\"robots\" content=\"index, follow, max-snippet:-1, max-image-preview:large, max-video-preview:-1\" \/>\n<link rel=\"canonical\" href=\"https:\/\/funstorage.thehuettl.com\/en\/wp-json\/wp\/v2\/product\/8770\" \/>\n<meta property=\"og:locale\" content=\"en_US\" \/>\n<meta property=\"og:type\" content=\"article\" \/>\n<meta property=\"og:title\" content=\"LEGO\u00ae 41740 Aliyas Zimmer | FunStorage.de\" \/>\n<meta property=\"og:description\" content=\"LEGO\u00ae 41740 Aliyas Zimmer | Spannende Rollenspiele mit Aliya und Paisley | FunStorage.de\" \/>\n<meta property=\"og:url\" content=\"https:\/\/funstorage.thehuettl.com\/en\/shop\/lego-41740-aliyas-zimmer\/\" \/>\n<meta property=\"og:site_name\" content=\"FunStorage\" \/>\n<meta property=\"article:publisher\" content=\"https:\/\/www.facebook.com\/funstorage.de\" \/>\n<meta property=\"article:modified_time\" content=\"2023-11-13T23:50:03+00:00\" \/>\n<meta property=\"og:image\" content=\"https:\/\/funstorage.thehuettl.com\/wp-content\/uploads\/2023\/03\/41740_boxprod_v29-scaled-1.jpg\" \/>\n\t<meta property=\"og:image:width\" content=\"2560\" \/>\n\t<meta property=\"og:image:height\" content=\"2560\" \/>\n\t<meta property=\"og:image:type\" content=\"image\/jpeg\" \/>\n<meta name=\"twitter:card\" content=\"summary_large_image\" \/>\n<meta name=\"twitter:label1\" content=\"Est. reading time\" \/>\n\t<meta name=\"twitter:data1\" content=\"3 minutes\" \/>\n<script type=\"application\/ld+json\" class=\"yoast-schema-graph\">{\"@context\":\"https:\/\/schema.org\",\"@graph\":[{\"@type\":\"WebPage\",\"@id\":\"https:\/\/funstorage.thehuettl.com\/shop\/lego-41740-aliyas-zimmer\/\",\"url\":\"https:\/\/funstorage.thehuettl.com\/shop\/lego-41740-aliyas-zimmer\/\",\"name\":\"LEGO\u00ae 41740 Aliyas Zimmer | FunStorage.de\",\"isPartOf\":{\"@id\":\"https:\/\/funstorage.thehuettl.com\/#website\"},\"primaryImageOfPage\":{\"@id\":\"https:\/\/funstorage.thehuettl.com\/shop\/lego-41740-aliyas-zimmer\/#primaryimage\"},\"image\":{\"@id\":\"https:\/\/funstorage.thehuettl.com\/shop\/lego-41740-aliyas-zimmer\/#primaryimage\"},\"thumbnailUrl\":\"https:\/\/funstorage.thehuettl.com\/wp-content\/uploads\/2023\/03\/41740_boxprod_v29-scaled-1.jpg\",\"datePublished\":\"2023-03-01T01:51:07+00:00\",\"dateModified\":\"2023-11-13T23:50:03+00:00\",\"description\":\"LEGO\u00ae 41740 Aliyas Zimmer | Spannende Rollenspiele mit Aliya und Paisley | FunStorage.de\",\"breadcrumb\":{\"@id\":\"https:\/\/funstorage.thehuettl.com\/shop\/lego-41740-aliyas-zimmer\/#breadcrumb\"},\"inLanguage\":\"en-US\",\"potentialAction\":[{\"@type\":\"ReadAction\",\"target\":[\"https:\/\/funstorage.thehuettl.com\/shop\/lego-41740-aliyas-zimmer\/\"]}]},{\"@type\":\"ImageObject\",\"inLanguage\":\"en-US\",\"@id\":\"https:\/\/funstorage.thehuettl.com\/shop\/lego-41740-aliyas-zimmer\/#primaryimage\",\"url\":\"https:\/\/funstorage.thehuettl.com\/wp-content\/uploads\/2023\/03\/41740_boxprod_v29-scaled-1.jpg\",\"contentUrl\":\"https:\/\/funstorage.thehuettl.com\/wp-content\/uploads\/2023\/03\/41740_boxprod_v29-scaled-1.jpg\",\"width\":2560,\"height\":2560},{\"@type\":\"BreadcrumbList\",\"@id\":\"https:\/\/funstorage.thehuettl.com\/shop\/lego-41740-aliyas-zimmer\/#breadcrumb\",\"itemListElement\":[{\"@type\":\"ListItem\",\"position\":1,\"name\":\"Startseite\",\"item\":\"https:\/\/funstorage.thehuettl.com\/step\/homepage\/\"},{\"@type\":\"ListItem\",\"position\":2,\"name\":\"Shop\",\"item\":\"https:\/\/funstorage.thehuettl.com\/shop\/\"},{\"@type\":\"ListItem\",\"position\":3,\"name\":\"LEGO\u00ae 41740 Aliyas Zimmer\"}]},{\"@type\":\"WebSite\",\"@id\":\"https:\/\/funstorage.thehuettl.com\/#website\",\"url\":\"https:\/\/funstorage.thehuettl.com\/\",\"name\":\"FunStorage\",\"description\":\"\",\"publisher\":{\"@id\":\"https:\/\/funstorage.thehuettl.com\/#organization\"},\"potentialAction\":[{\"@type\":\"SearchAction\",\"target\":{\"@type\":\"EntryPoint\",\"urlTemplate\":\"https:\/\/funstorage.thehuettl.com\/?s={search_term_string}\"},\"query-input\":{\"@type\":\"PropertyValueSpecification\",\"valueRequired\":true,\"valueName\":\"search_term_string\"}}],\"inLanguage\":\"en-US\"},{\"@type\":\"Organization\",\"@id\":\"https:\/\/funstorage.thehuettl.com\/#organization\",\"name\":\"FunStorage\",\"url\":\"https:\/\/funstorage.thehuettl.com\/\",\"logo\":{\"@type\":\"ImageObject\",\"inLanguage\":\"en-US\",\"@id\":\"https:\/\/funstorage.thehuettl.com\/#\/schema\/logo\/image\/\",\"url\":\"https:\/\/funstorage.thehuettl.com\/wp-content\/uploads\/2023\/02\/cropped-D2BA2C24-7753-4AC3-9F3B-6C174C5BCB99.png\",\"contentUrl\":\"https:\/\/funstorage.thehuettl.com\/wp-content\/uploads\/2023\/02\/cropped-D2BA2C24-7753-4AC3-9F3B-6C174C5BCB99.png\",\"width\":512,\"height\":512,\"caption\":\"FunStorage\"},\"image\":{\"@id\":\"https:\/\/funstorage.thehuettl.com\/#\/schema\/logo\/image\/\"},\"sameAs\":[\"https:\/\/www.facebook.com\/funstorage.de\"]}]}<\/script>\n<!-- \/ Yoast SEO plugin. -->","yoast_head_json":{"title":"LEGO\u00ae 41740 Aliyas Zimmer | FunStorage.de","description":"LEGO\u00ae 41740 Aliyas Zimmer | Spannende Rollenspiele mit Aliya und Paisley | FunStorage.de","robots":{"index":"index","follow":"follow","max-snippet":"max-snippet:-1","max-image-preview":"max-image-preview:large","max-video-preview":"max-video-preview:-1"},"canonical":"https:\/\/funstorage.thehuettl.com\/en\/wp-json\/wp\/v2\/product\/8770","og_locale":"en_US","og_type":"article","og_title":"LEGO\u00ae 41740 Aliyas Zimmer | FunStorage.de","og_description":"LEGO\u00ae 41740 Aliyas Zimmer | Spannende Rollenspiele mit Aliya und Paisley | FunStorage.de","og_url":"https:\/\/funstorage.thehuettl.com\/en\/shop\/lego-41740-aliyas-zimmer\/","og_site_name":"FunStorage","article_publisher":"https:\/\/www.facebook.com\/funstorage.de","article_modified_time":"2023-11-13T23:50:03+00:00","og_image":[{"width":2560,"height":2560,"url":"https:\/\/funstorage.thehuettl.com\/wp-content\/uploads\/2023\/03\/41740_boxprod_v29-scaled-1.jpg","type":"image\/jpeg"}],"twitter_card":"summary_large_image","twitter_misc":{"Est. reading time":"3 minutes"},"schema":{"@context":"https:\/\/schema.org","@graph":[{"@type":"WebPage","@id":"https:\/\/funstorage.thehuettl.com\/shop\/lego-41740-aliyas-zimmer\/","url":"https:\/\/funstorage.thehuettl.com\/shop\/lego-41740-aliyas-zimmer\/","name":"LEGO\u00ae 41740 Aliyas Zimmer | FunStorage.de","isPartOf":{"@id":"https:\/\/funstorage.thehuettl.com\/#website"},"primaryImageOfPage":{"@id":"https:\/\/funstorage.thehuettl.com\/shop\/lego-41740-aliyas-zimmer\/#primaryimage"},"image":{"@id":"https:\/\/funstorage.thehuettl.com\/shop\/lego-41740-aliyas-zimmer\/#primaryimage"},"thumbnailUrl":"https:\/\/funstorage.thehuettl.com\/wp-content\/uploads\/2023\/03\/41740_boxprod_v29-scaled-1.jpg","datePublished":"2023-03-01T01:51:07+00:00","dateModified":"2023-11-13T23:50:03+00:00","description":"LEGO\u00ae 41740 Aliyas Zimmer | Spannende Rollenspiele mit Aliya und Paisley | FunStorage.de","breadcrumb":{"@id":"https:\/\/funstorage.thehuettl.com\/shop\/lego-41740-aliyas-zimmer\/#breadcrumb"},"inLanguage":"en-US","potentialAction":[{"@type":"ReadAction","target":["https:\/\/funstorage.thehuettl.com\/shop\/lego-41740-aliyas-zimmer\/"]}]},{"@type":"ImageObject","inLanguage":"en-US","@id":"https:\/\/funstorage.thehuettl.com\/shop\/lego-41740-aliyas-zimmer\/#primaryimage","url":"https:\/\/funstorage.thehuettl.com\/wp-content\/uploads\/2023\/03\/41740_boxprod_v29-scaled-1.jpg","contentUrl":"https:\/\/funstorage.thehuettl.com\/wp-content\/uploads\/2023\/03\/41740_boxprod_v29-scaled-1.jpg","width":2560,"height":2560},{"@type":"BreadcrumbList","@id":"https:\/\/funstorage.thehuettl.com\/shop\/lego-41740-aliyas-zimmer\/#breadcrumb","itemListElement":[{"@type":"ListItem","position":1,"name":"Startseite","item":"https:\/\/funstorage.thehuettl.com\/step\/homepage\/"},{"@type":"ListItem","position":2,"name":"Shop","item":"https:\/\/funstorage.thehuettl.com\/shop\/"},{"@type":"ListItem","position":3,"name":"LEGO\u00ae 41740 Aliyas Zimmer"}]},{"@type":"WebSite","@id":"https:\/\/funstorage.thehuettl.com\/#website","url":"https:\/\/funstorage.thehuettl.com\/","name":"FunStorage","description":"","publisher":{"@id":"https:\/\/funstorage.thehuettl.com\/#organization"},"potentialAction":[{"@type":"SearchAction","target":{"@type":"EntryPoint","urlTemplate":"https:\/\/funstorage.thehuettl.com\/?s={search_term_string}"},"query-input":{"@type":"PropertyValueSpecification","valueRequired":true,"valueName":"search_term_string"}}],"inLanguage":"en-US"},{"@type":"Organization","@id":"https:\/\/funstorage.thehuettl.com\/#organization","name":"FunStorage","url":"https:\/\/funstorage.thehuettl.com\/","logo":{"@type":"ImageObject","inLanguage":"en-US","@id":"https:\/\/funstorage.thehuettl.com\/#\/schema\/logo\/image\/","url":"https:\/\/funstorage.thehuettl.com\/wp-content\/uploads\/2023\/02\/cropped-D2BA2C24-7753-4AC3-9F3B-6C174C5BCB99.png","contentUrl":"https:\/\/funstorage.thehuettl.com\/wp-content\/uploads\/2023\/02\/cropped-D2BA2C24-7753-4AC3-9F3B-6C174C5BCB99.png","width":512,"height":512,"caption":"FunStorage"},"image":{"@id":"https:\/\/funstorage.thehuettl.com\/#\/schema\/logo\/image\/"},"sameAs":["https:\/\/www.facebook.com\/funstorage.de"]}]}},"_links":{"self":[{"href":"https:\/\/funstorage.thehuettl.com\/en\/wp-json\/wp\/v2\/product\/8770","targetHints":{"allow":["GET"]}}],"collection":[{"href":"https:\/\/funstorage.thehuettl.com\/en\/wp-json\/wp\/v2\/product"}],"about":[{"href":"https:\/\/funstorage.thehuettl.com\/en\/wp-json\/wp\/v2\/types\/product"}],"replies":[{"embeddable":true,"href":"https:\/\/funstorage.thehuettl.com\/en\/wp-json\/wp\/v2\/comments?post=8770"}],"version-history":[{"count":0,"href":"https:\/\/funstorage.thehuettl.com\/en\/wp-json\/wp\/v2\/product\/8770\/revisions"}],"wp:featuredmedia":[{"embeddable":true,"href":"https:\/\/funstorage.thehuettl.com\/en\/wp-json\/wp\/v2\/media\/8666"}],"wp:attachment":[{"href":"https:\/\/funstorage.thehuettl.com\/en\/wp-json\/wp\/v2\/media?parent=8770"}],"wp:term":[{"taxonomy":"product_brand","embeddable":true,"href":"https:\/\/funstorage.thehuettl.com\/en\/wp-json\/wp\/v2\/product_brand?post=8770"},{"taxonomy":"product_cat","embeddable":true,"href":"https:\/\/funstorage.thehuettl.com\/en\/wp-json\/wp\/v2\/product_cat?post=8770"},{"taxonomy":"product_tag","embeddable":true,"href":"https:\/\/funstorage.thehuettl.com\/en\/wp-json\/wp\/v2\/product_tag?post=8770"}],"curies":[{"name":"wp","href":"https:\/\/api.w.org\/{rel}","templated":true}]}}