{"id":8771,"date":"2023-03-01T02:51:07","date_gmt":"2023-03-01T01:51:07","guid":{"rendered":"https:\/\/funstorage.thehuettl.com\/?post_type=product&#038;p=8771"},"modified":"2023-11-14T00:59:12","modified_gmt":"2023-11-13T23:59:12","slug":"lego-41741-hunderettungswagen","status":"publish","type":"product","link":"https:\/\/funstorage.thehuettl.com\/en\/shop\/lego-41741-hunderettungswagen\/","title":{"rendered":"LEGO\u00ae 41741 Hunderettungswagen"},"content":{"rendered":"<dl class=\"dl-horizontal\">\n<dd>\n<div id=\"ctl00_main_mgcProduct_ctl00_v1_ctrl_metadata_ProductDescription_divReadmore\">Kannst du Nova helfen, den herrenlosen Welpen zu retten? Ruf unbedingt die Tierretter an. Sieh nur! Da kommt Dr. Marlon aus dem Tierrettungszentrum. Der Rettungswagen hat alles an Bord, um den Hund namens Pickle zu versorgen. Gib ihm Futter und Wasser, bevor du ihn badest. Unterst\u00fctze Nova, die ihr handwerkliches Geschick nutzt, um Pickle eine Gehhilfe mit R\u00e4dern zu bauen. Tolle Arbeit! Da kannst du Novas trauriges Gesicht gleich wieder strahlen lassen!<\/div>\n<\/dd>\n<\/dl>\n<div>Tierfreunde ab 6 Jahren werden es lieben, diesen niedlichen Welpen zu retten und zu umsorgen! Der LEGO\u00ae Friends Tierrettungswagen (41741) ist nicht nur ein tolles Bauset, sondern l\u00e4sst Kinder auch spannende Geschichten darstellen. Der Welpe kann seinen Kopf aus dem Karton herausstrecken, wenn Nova vorbeigeht. Nova ruft dann im Tierrettungszentrum an. Das Dach des Wagens kann man abnehmen, um Zugang zur mobilen Rettungszentrale zu erhalten. Dort ist auch alles verstaut, was dein Kind braucht, um den Welpen Pickle zu versorgen. Das Zubeh\u00f6r umfasst unter anderem eine Hundebadewanne, eine Werkbank, eine B\u00fcrste, Seife, einen M\u00fclleimer, einen Hundehaufen, Wasser und Futter sowie R\u00e4der, um eine Gehhilfe f\u00fcr Pickle zu bauen. Dein Kind wird Novas traurige Miene gern in ein fr\u00f6hliches Gesicht verwandeln, wenn sie Pickle versorgt. Ein fesselndes Erlebnis Freu dich auf die LEGO Builder App, die dir ein leichtes und intuitives Bauabenteuer bietet. Die Funktionen lassen dein Kind 3D-Ansichten der Modelle vergr\u00f6\u00dfern und drehen, Sets speichern und den Baufortschritt verfolgen. Freu dich auf die n\u00e4chste Generation in Heartlake City Im LEGO Friends Universum kann dein Kind Freundschaften schlie\u00dfen, faszinierende neue Orte entdecken, kreativ spielen und Alltagsabenteuer darstellen.<\/div>\n<div><\/div>\n<div>\n<p><span lang=\"DE\">Anzahl Teile: 300<br \/>\nAltersempfehlung: 6+<br \/>\nThema:\u00a0<\/span>LEGO\u00ae Friends<\/p>\n<p><span lang=\"DE\">EAN: 5702017415260<\/span><\/p>\n<p>&nbsp;<\/p>\n<\/div>\n<div>\n<dl class=\"dl-horizontal\">\n<dd>\n<div id=\"ctl00_main_mgcProduct_ctl00_v1_ctrl_metadata_ProductBullets_divReadmore\">\u2022 Abenteuerliche Hunderettungen f\u00fcr Kinder ab 6 Jahren: Der LEGO\u00ae Friends Hunderettungswagen (41741) ist ein faszinierende Bau- und Spielset, das junge Tierfreunde auf spannende Rettungsmissionen schickt<br \/>\n\u2022 Wirklichkeitsnahe Rollenspiele: Dieses Spielset erm\u00f6glicht aufregende Rollenspiele mit Tieren. Der Rettungswagen l\u00e4sst sich auch in eine mobile Einsatzzentrale verwandeln \u2013 mit allem, was dein Kind braucht, um Pickle zu versorgen<br \/>\n\u2022 2 Spielfiguren: Beinhaltet die Spielfiguren Nova und Dr. Marlon sowie einen Hund. Lass Pickle den Kopf herausstrecken, wenn Nova vorbeigeht. Ver\u00e4ndere Novas traurige Miene in ein fr\u00f6hliches Gesicht, wenn sie Pickle umsorgt<br \/>\n\u2022 Tierpflege-Utensilien: Das Zubeh\u00f6r umfasst unter anderem eine Hundebadewanne, eine Werkbank, eine B\u00fcrste, Seife, einen M\u00fclleimer, einen Hundehaufen, Wasser, Futter und R\u00e4der f\u00fcr Pickles Gehhilfe<br \/>\n\u2022 Tolle Belohnung f\u00fcr junge Tierfreunde: Der LEGO\u00ae Friends Hunderettungswagen ist ein tolles Geburtstags-, Weihnachts- oder \u00dcberraschungsgeschenk f\u00fcr Kinder ab 6 Jahren, die gern fantasievoll spielen<br \/>\n\u2022 Perfekte Gr\u00f6\u00dfe zum Spielen: Der Rettungswagen ist 11\u00a0cm hoch, 12\u00a0cm lang und 6\u00a0cm breit<br \/>\n\u2022 N\u00fctzlicher Helfer: Entdecke die intuitiven Bauanleitungen in der LEGO\u00ae Builder App, die Kinder 3D-Ansichten der Modelle vergr\u00f6\u00dfern und drehen, den Baufortschritt verfolgen und ihre Sets speichern lassen, w\u00e4hrend sie neue Bauf\u00e4higkeiten entwickeln<br \/>\n\u2022 Eine neue Generation in Heartlake City: Im Jahr 2023 wird das LEGO\u00ae Friends Universum noch gr\u00f6\u00dfer. Neue Charaktere und neue Orte laden zu vielen weiteren Abenteuern und Rollenspielen ein<br \/>\n\u2022 Qualit\u00e4tsprodukt: Alle LEGO\u00ae Elemente entsprechen strengen Branchenstandards, damit sie einheitlich und kompatibel sind und sich m\u00fchelos zusammensetzen lassen<br \/>\n\u2022 Gepr\u00fcfte Sicherheit: LEGO\u00ae Friends Steine und Teile werden Fall-, Hitze-, Druck- und Torsionstests unterzogen und analysiert, damit sie strikte globale Sicherheitsstandards erf\u00fcllen<\/div>\n<\/dd>\n<\/dl>\n<\/div>","protected":false},"excerpt":{"rendered":"<p>Der LEGO\u00ae Friends Tierrettungswagen ist eine tolle Belohnung f\u00fcr junge Tierfreunde. Jede Menge Zubeh\u00f6r l\u00e4sst dein Kind das H\u00fcndchen Pickle wunderbar umsorgen.<\/p>","protected":false},"featured_media":8674,"comment_status":"open","ping_status":"closed","template":"","meta":[],"product_brand":[],"product_cat":[34,329],"product_tag":[87,365,45,367],"class_list":{"0":"post-8771","1":"product","2":"type-product","3":"status-publish","4":"has-post-thumbnail","6":"product_cat-lego","7":"product_cat-lego-friends","8":"product_tag-friends","9":"product_tag-hund","10":"product_tag-lego","11":"product_tag-wagen","13":"first","14":"instock","15":"taxable","16":"shipping-taxable","17":"purchasable","18":"product-type-simple"},"yoast_head":"<!-- This site is optimized with the Yoast SEO plugin v26.4 - https:\/\/yoast.com\/wordpress\/plugins\/seo\/ -->\n<title>LEGO\u00ae 41741 Hunderettungswagen | FunStorage.de<\/title>\n<meta name=\"description\" content=\"LEGO\u00ae 41741 Hunderettungswagen | Lerne, den Hund Pickle zu versorgen | FunStorage.de\" \/>\n<meta name=\"robots\" content=\"index, follow, max-snippet:-1, max-image-preview:large, max-video-preview:-1\" \/>\n<link rel=\"canonical\" href=\"https:\/\/funstorage.thehuettl.com\/en\/wp-json\/wp\/v2\/product\/8771\" \/>\n<meta property=\"og:locale\" content=\"en_US\" \/>\n<meta property=\"og:type\" content=\"article\" \/>\n<meta property=\"og:title\" content=\"LEGO\u00ae 41741 Hunderettungswagen | FunStorage.de\" \/>\n<meta property=\"og:description\" content=\"LEGO\u00ae 41741 Hunderettungswagen | Lerne, den Hund Pickle zu versorgen | FunStorage.de\" \/>\n<meta property=\"og:url\" content=\"https:\/\/funstorage.thehuettl.com\/en\/shop\/lego-41741-hunderettungswagen\/\" \/>\n<meta property=\"og:site_name\" content=\"FunStorage\" \/>\n<meta property=\"article:publisher\" content=\"https:\/\/www.facebook.com\/funstorage.de\" \/>\n<meta property=\"article:modified_time\" content=\"2023-11-13T23:59:12+00:00\" \/>\n<meta property=\"og:image\" content=\"https:\/\/funstorage.thehuettl.com\/wp-content\/uploads\/2023\/03\/41741_boxprod_v29-scaled-1.jpg\" \/>\n\t<meta property=\"og:image:width\" content=\"2560\" \/>\n\t<meta property=\"og:image:height\" content=\"2560\" \/>\n\t<meta property=\"og:image:type\" content=\"image\/jpeg\" \/>\n<meta name=\"twitter:card\" content=\"summary_large_image\" \/>\n<meta name=\"twitter:label1\" content=\"Est. reading time\" \/>\n\t<meta name=\"twitter:data1\" content=\"3 minutes\" \/>\n<script type=\"application\/ld+json\" class=\"yoast-schema-graph\">{\"@context\":\"https:\/\/schema.org\",\"@graph\":[{\"@type\":\"WebPage\",\"@id\":\"https:\/\/funstorage.thehuettl.com\/shop\/lego-41741-hunderettungswagen\/\",\"url\":\"https:\/\/funstorage.thehuettl.com\/shop\/lego-41741-hunderettungswagen\/\",\"name\":\"LEGO\u00ae 41741 Hunderettungswagen | FunStorage.de\",\"isPartOf\":{\"@id\":\"https:\/\/funstorage.thehuettl.com\/#website\"},\"primaryImageOfPage\":{\"@id\":\"https:\/\/funstorage.thehuettl.com\/shop\/lego-41741-hunderettungswagen\/#primaryimage\"},\"image\":{\"@id\":\"https:\/\/funstorage.thehuettl.com\/shop\/lego-41741-hunderettungswagen\/#primaryimage\"},\"thumbnailUrl\":\"https:\/\/funstorage.thehuettl.com\/wp-content\/uploads\/2023\/03\/41741_boxprod_v29-scaled-1.jpg\",\"datePublished\":\"2023-03-01T01:51:07+00:00\",\"dateModified\":\"2023-11-13T23:59:12+00:00\",\"description\":\"LEGO\u00ae 41741 Hunderettungswagen | Lerne, den Hund Pickle zu versorgen | FunStorage.de\",\"breadcrumb\":{\"@id\":\"https:\/\/funstorage.thehuettl.com\/shop\/lego-41741-hunderettungswagen\/#breadcrumb\"},\"inLanguage\":\"en-US\",\"potentialAction\":[{\"@type\":\"ReadAction\",\"target\":[\"https:\/\/funstorage.thehuettl.com\/shop\/lego-41741-hunderettungswagen\/\"]}]},{\"@type\":\"ImageObject\",\"inLanguage\":\"en-US\",\"@id\":\"https:\/\/funstorage.thehuettl.com\/shop\/lego-41741-hunderettungswagen\/#primaryimage\",\"url\":\"https:\/\/funstorage.thehuettl.com\/wp-content\/uploads\/2023\/03\/41741_boxprod_v29-scaled-1.jpg\",\"contentUrl\":\"https:\/\/funstorage.thehuettl.com\/wp-content\/uploads\/2023\/03\/41741_boxprod_v29-scaled-1.jpg\",\"width\":2560,\"height\":2560},{\"@type\":\"BreadcrumbList\",\"@id\":\"https:\/\/funstorage.thehuettl.com\/shop\/lego-41741-hunderettungswagen\/#breadcrumb\",\"itemListElement\":[{\"@type\":\"ListItem\",\"position\":1,\"name\":\"Startseite\",\"item\":\"https:\/\/funstorage.thehuettl.com\/step\/homepage\/\"},{\"@type\":\"ListItem\",\"position\":2,\"name\":\"Shop\",\"item\":\"https:\/\/funstorage.thehuettl.com\/shop\/\"},{\"@type\":\"ListItem\",\"position\":3,\"name\":\"LEGO\u00ae 41741 Hunderettungswagen\"}]},{\"@type\":\"WebSite\",\"@id\":\"https:\/\/funstorage.thehuettl.com\/#website\",\"url\":\"https:\/\/funstorage.thehuettl.com\/\",\"name\":\"FunStorage\",\"description\":\"\",\"publisher\":{\"@id\":\"https:\/\/funstorage.thehuettl.com\/#organization\"},\"potentialAction\":[{\"@type\":\"SearchAction\",\"target\":{\"@type\":\"EntryPoint\",\"urlTemplate\":\"https:\/\/funstorage.thehuettl.com\/?s={search_term_string}\"},\"query-input\":{\"@type\":\"PropertyValueSpecification\",\"valueRequired\":true,\"valueName\":\"search_term_string\"}}],\"inLanguage\":\"en-US\"},{\"@type\":\"Organization\",\"@id\":\"https:\/\/funstorage.thehuettl.com\/#organization\",\"name\":\"FunStorage\",\"url\":\"https:\/\/funstorage.thehuettl.com\/\",\"logo\":{\"@type\":\"ImageObject\",\"inLanguage\":\"en-US\",\"@id\":\"https:\/\/funstorage.thehuettl.com\/#\/schema\/logo\/image\/\",\"url\":\"https:\/\/funstorage.thehuettl.com\/wp-content\/uploads\/2023\/02\/cropped-D2BA2C24-7753-4AC3-9F3B-6C174C5BCB99.png\",\"contentUrl\":\"https:\/\/funstorage.thehuettl.com\/wp-content\/uploads\/2023\/02\/cropped-D2BA2C24-7753-4AC3-9F3B-6C174C5BCB99.png\",\"width\":512,\"height\":512,\"caption\":\"FunStorage\"},\"image\":{\"@id\":\"https:\/\/funstorage.thehuettl.com\/#\/schema\/logo\/image\/\"},\"sameAs\":[\"https:\/\/www.facebook.com\/funstorage.de\"]}]}<\/script>\n<!-- \/ Yoast SEO plugin. -->","yoast_head_json":{"title":"LEGO\u00ae 41741 Hunderettungswagen | FunStorage.de","description":"LEGO\u00ae 41741 Hunderettungswagen | Lerne, den Hund Pickle zu versorgen | FunStorage.de","robots":{"index":"index","follow":"follow","max-snippet":"max-snippet:-1","max-image-preview":"max-image-preview:large","max-video-preview":"max-video-preview:-1"},"canonical":"https:\/\/funstorage.thehuettl.com\/en\/wp-json\/wp\/v2\/product\/8771","og_locale":"en_US","og_type":"article","og_title":"LEGO\u00ae 41741 Hunderettungswagen | FunStorage.de","og_description":"LEGO\u00ae 41741 Hunderettungswagen | Lerne, den Hund Pickle zu versorgen | FunStorage.de","og_url":"https:\/\/funstorage.thehuettl.com\/en\/shop\/lego-41741-hunderettungswagen\/","og_site_name":"FunStorage","article_publisher":"https:\/\/www.facebook.com\/funstorage.de","article_modified_time":"2023-11-13T23:59:12+00:00","og_image":[{"width":2560,"height":2560,"url":"https:\/\/funstorage.thehuettl.com\/wp-content\/uploads\/2023\/03\/41741_boxprod_v29-scaled-1.jpg","type":"image\/jpeg"}],"twitter_card":"summary_large_image","twitter_misc":{"Est. reading time":"3 minutes"},"schema":{"@context":"https:\/\/schema.org","@graph":[{"@type":"WebPage","@id":"https:\/\/funstorage.thehuettl.com\/shop\/lego-41741-hunderettungswagen\/","url":"https:\/\/funstorage.thehuettl.com\/shop\/lego-41741-hunderettungswagen\/","name":"LEGO\u00ae 41741 Hunderettungswagen | FunStorage.de","isPartOf":{"@id":"https:\/\/funstorage.thehuettl.com\/#website"},"primaryImageOfPage":{"@id":"https:\/\/funstorage.thehuettl.com\/shop\/lego-41741-hunderettungswagen\/#primaryimage"},"image":{"@id":"https:\/\/funstorage.thehuettl.com\/shop\/lego-41741-hunderettungswagen\/#primaryimage"},"thumbnailUrl":"https:\/\/funstorage.thehuettl.com\/wp-content\/uploads\/2023\/03\/41741_boxprod_v29-scaled-1.jpg","datePublished":"2023-03-01T01:51:07+00:00","dateModified":"2023-11-13T23:59:12+00:00","description":"LEGO\u00ae 41741 Hunderettungswagen | Lerne, den Hund Pickle zu versorgen | FunStorage.de","breadcrumb":{"@id":"https:\/\/funstorage.thehuettl.com\/shop\/lego-41741-hunderettungswagen\/#breadcrumb"},"inLanguage":"en-US","potentialAction":[{"@type":"ReadAction","target":["https:\/\/funstorage.thehuettl.com\/shop\/lego-41741-hunderettungswagen\/"]}]},{"@type":"ImageObject","inLanguage":"en-US","@id":"https:\/\/funstorage.thehuettl.com\/shop\/lego-41741-hunderettungswagen\/#primaryimage","url":"https:\/\/funstorage.thehuettl.com\/wp-content\/uploads\/2023\/03\/41741_boxprod_v29-scaled-1.jpg","contentUrl":"https:\/\/funstorage.thehuettl.com\/wp-content\/uploads\/2023\/03\/41741_boxprod_v29-scaled-1.jpg","width":2560,"height":2560},{"@type":"BreadcrumbList","@id":"https:\/\/funstorage.thehuettl.com\/shop\/lego-41741-hunderettungswagen\/#breadcrumb","itemListElement":[{"@type":"ListItem","position":1,"name":"Startseite","item":"https:\/\/funstorage.thehuettl.com\/step\/homepage\/"},{"@type":"ListItem","position":2,"name":"Shop","item":"https:\/\/funstorage.thehuettl.com\/shop\/"},{"@type":"ListItem","position":3,"name":"LEGO\u00ae 41741 Hunderettungswagen"}]},{"@type":"WebSite","@id":"https:\/\/funstorage.thehuettl.com\/#website","url":"https:\/\/funstorage.thehuettl.com\/","name":"FunStorage","description":"","publisher":{"@id":"https:\/\/funstorage.thehuettl.com\/#organization"},"potentialAction":[{"@type":"SearchAction","target":{"@type":"EntryPoint","urlTemplate":"https:\/\/funstorage.thehuettl.com\/?s={search_term_string}"},"query-input":{"@type":"PropertyValueSpecification","valueRequired":true,"valueName":"search_term_string"}}],"inLanguage":"en-US"},{"@type":"Organization","@id":"https:\/\/funstorage.thehuettl.com\/#organization","name":"FunStorage","url":"https:\/\/funstorage.thehuettl.com\/","logo":{"@type":"ImageObject","inLanguage":"en-US","@id":"https:\/\/funstorage.thehuettl.com\/#\/schema\/logo\/image\/","url":"https:\/\/funstorage.thehuettl.com\/wp-content\/uploads\/2023\/02\/cropped-D2BA2C24-7753-4AC3-9F3B-6C174C5BCB99.png","contentUrl":"https:\/\/funstorage.thehuettl.com\/wp-content\/uploads\/2023\/02\/cropped-D2BA2C24-7753-4AC3-9F3B-6C174C5BCB99.png","width":512,"height":512,"caption":"FunStorage"},"image":{"@id":"https:\/\/funstorage.thehuettl.com\/#\/schema\/logo\/image\/"},"sameAs":["https:\/\/www.facebook.com\/funstorage.de"]}]}},"_links":{"self":[{"href":"https:\/\/funstorage.thehuettl.com\/en\/wp-json\/wp\/v2\/product\/8771","targetHints":{"allow":["GET"]}}],"collection":[{"href":"https:\/\/funstorage.thehuettl.com\/en\/wp-json\/wp\/v2\/product"}],"about":[{"href":"https:\/\/funstorage.thehuettl.com\/en\/wp-json\/wp\/v2\/types\/product"}],"replies":[{"embeddable":true,"href":"https:\/\/funstorage.thehuettl.com\/en\/wp-json\/wp\/v2\/comments?post=8771"}],"version-history":[{"count":0,"href":"https:\/\/funstorage.thehuettl.com\/en\/wp-json\/wp\/v2\/product\/8771\/revisions"}],"wp:featuredmedia":[{"embeddable":true,"href":"https:\/\/funstorage.thehuettl.com\/en\/wp-json\/wp\/v2\/media\/8674"}],"wp:attachment":[{"href":"https:\/\/funstorage.thehuettl.com\/en\/wp-json\/wp\/v2\/media?parent=8771"}],"wp:term":[{"taxonomy":"product_brand","embeddable":true,"href":"https:\/\/funstorage.thehuettl.com\/en\/wp-json\/wp\/v2\/product_brand?post=8771"},{"taxonomy":"product_cat","embeddable":true,"href":"https:\/\/funstorage.thehuettl.com\/en\/wp-json\/wp\/v2\/product_cat?post=8771"},{"taxonomy":"product_tag","embeddable":true,"href":"https:\/\/funstorage.thehuettl.com\/en\/wp-json\/wp\/v2\/product_tag?post=8771"}],"curies":[{"name":"wp","href":"https:\/\/api.w.org\/{rel}","templated":true}]}}