{"id":8772,"date":"2023-03-01T02:51:07","date_gmt":"2023-03-01T01:51:07","guid":{"rendered":"https:\/\/funstorage.thehuettl.com\/?post_type=product&#038;p=8772"},"modified":"2023-11-14T00:50:05","modified_gmt":"2023-11-13T23:50:05","slug":"lego-41743-friseursalon","status":"publish","type":"product","link":"https:\/\/funstorage.thehuettl.com\/en\/shop\/lego-41743-friseursalon\/","title":{"rendered":"LEGO\u00ae 41743 Friseursalon"},"content":{"rendered":"<p>Paisley denkt \u00fcber einen neuen Haarschnitt nach. Welche Frisur w\u00fcrde am besten zu ihr passen? Zum Gl\u00fcck ist ihr Freund Olly da. Er kennt sich mit Mode richtig gut aus und m\u00f6chte Paisley unbedingt zeigen, wie viel Spa\u00df ein Friseurbesuch machen kann. Sieh mal, da ist Nadia, die Besitzerin des Friseursalons. Hilf Nadia, Paisleys Haare zu waschen und zu stylen, um ihr einen tollen neuen Look zu verpassen. Zieh dir auf dem Weg nach drau\u00dfen noch unbedingt etwas aus dem Kaugummiautomaten.<\/p>\n<p>&nbsp;<\/p>\n<dl class=\"dl-horizontal\">\n<dd><span id=\"ctl00_main_mgcProduct_ctl00_v1_ctrl_metadata_ProductShopper_l2\">Kinder ab 6 Jahren werden den LEGO\u00ae Friends Friseursalon (41743) gern zusammen mit Paisley und Olly erkunden. Die ebenso sch\u00fcchterne wie unentschlossene Paisley \u00fcberlegt, welcher Haarschnitt wohl gut zu ihr passen w\u00fcrde. Ihr guter Freund Olly macht ihr Mut. Dein Kind kann die beiden Freunde Nadias Friseursalon besuchen lassen, um Paisley einen neuen Look zu verpassen. Im Friseursalon gibt es viel zu entdecken, unter anderem Wasch- und Styling-Stationen und einen Kaugummiautomaten. Drau\u00dfen befinden sich ein Roller-Parkplatz und eine Sitzbank. Wenn Paisley fertig ist, kann dein Kind das Haarteil austauschen, um ihren neuen Style zu bewundern. Noch mehr Bauspa\u00df Die LEGO Builder App bietet Kindern ein leichtes und intuitives Bauabenteuer. Die Funktionen lassen dein Kind 3D-Ansichten der Modelle vergr\u00f6\u00dfern und drehen, Sets speichern und seinen Baufortschritt verfolgen. Freu dich auf die n\u00e4chste Generation in Heartlake City Im LEGO Friends Universum kann dein Kind Freundschaften schlie\u00dfen, faszinierende neue Orte entdecken und Alltagsabenteuer erleben.<\/span><\/dd>\n<\/dl>\n<p>&nbsp;<\/p>\n<p><span lang=\"DE\">Anzahl Teile: 401<br \/>\nAltersempfehlung: 6+<br \/>\nThema:\u00a0<\/span>LEGO\u00ae Friends<\/p>\n<p><span lang=\"DE\">EAN: 5702017432175<\/span><\/p>\n<p>&nbsp;<\/p>\n<p>\u2022 Bauset f\u00fcr Kinder ab 6 Jahren: Der LEGO\u00ae Friends Friseursalon (41743) ist ein tolles Set, um Jungen und M\u00e4dchen, die gern kreativ spielen, die Welt der LEGO Modelle und Rollenspiele vorzustellen<br \/>\n\u2022 3 Spielfiguren: Das Set beinhaltet die LEGO\u00ae Friends Spielfiguren Paisley, Olly und Nadia, den Friseursalon mit detailreichem Innenleben und Au\u00dfenbereich sowie Ollys Roller und eine Parkbank<br \/>\n\u2022 Friseursalon-Zubeh\u00f6r: Das Set beinhaltet unter anderem Pflanzen, Haarpflegeprodukte, Geld, einen Kaugummiautomaten, ein Schild, eine W\u00e4rmelampe und einen Besen<br \/>\n\u2022 Verpasse Paisley einen neuen Look: Dein Kind kann Paisleys Haar und Gesichtsausdruck austauschen, um sie nach dem Friseurbesuch anders aussehen zu lassen<br \/>\n\u2022 Geschenk f\u00fcr Kinder: Dieses LEGO\u00ae Friends Spielset ist ein tolles Geburtstags-, Weihnachts- oder \u00dcberraschungsgeschenk f\u00fcr Kinder ab 6 Jahren, die gern einen Friseursalon zum Spielen bauen m\u00f6chten<br \/>\n\u2022 Abmessungen: Der Friseursalon ist 14\u00a0cm hoch, 25\u00a0cm breit und 9\u00a0cm tief<br \/>\n\u2022 Tolles Bauerlebnis: Entdecke die intuitiven Bauanleitungen in der LEGO\u00ae Builder App, die Kinder 3D-Ansichten der Modelle vergr\u00f6\u00dfern und drehen, den Baufortschritt verfolgen und ihre Sets speichern lassen, w\u00e4hrend sie neue Bauf\u00e4higkeiten entwickeln<br \/>\n\u2022 Eine neue Generation in Heartlake City: Im Jahr 2023 wird das LEGO\u00ae Friends Universum noch gr\u00f6\u00dfer. Neue Charaktere und neue Orte laden zu vielen weiteren Abenteuern und Rollenspielen ein<br \/>\n\u2022 Qualit\u00e4tsprodukt: Alle LEGO\u00ae Elemente entsprechen schon seit 1958 strengen Branchenstandards, damit sie einheitlich und kompatibel sind und sich m\u00fchelos zusammensetzen lassen<br \/>\n\u2022 Sicherheit hat Vorrang: LEGO\u00ae Friends Steine und Teile werden Fall-, Hitze-, Druck- und Torsionstests unterzogen und analysiert, damit sie strikte globale Sicherheitsstandards erf\u00fcllen<\/p>\n<p>&nbsp;<\/p>\n<p>&nbsp;<\/p>","protected":false},"excerpt":{"rendered":"<p>Der LEGO\u00ae Friends Friseursalon ist genau das richtige Bau- und Spielset f\u00fcr kreative Kinder, die gern fantasievolle Geschichten erz\u00e4hlen, die auf echten Abenteuern basieren.<\/p>","protected":false},"featured_media":8679,"comment_status":"open","ping_status":"closed","template":"","meta":[],"product_brand":[],"product_cat":[34,329],"product_tag":[87,368,45],"class_list":{"0":"post-8772","1":"product","2":"type-product","3":"status-publish","4":"has-post-thumbnail","6":"product_cat-lego","7":"product_cat-lego-friends","8":"product_tag-friends","9":"product_tag-friseur","10":"product_tag-lego","12":"first","13":"instock","14":"taxable","15":"shipping-taxable","16":"purchasable","17":"product-type-simple"},"yoast_head":"<!-- This site is optimized with the Yoast SEO plugin v26.4 - https:\/\/yoast.com\/wordpress\/plugins\/seo\/ -->\n<title>LEGO\u00ae 41743 Friseursalon | FunStorage.de<\/title>\n<meta name=\"description\" content=\"LEGO\u00ae 41743 Friseursalon | Ein Besuch im Friseursalon \u2013 mit Freunden | FunStorage.de\" \/>\n<meta name=\"robots\" content=\"index, follow, max-snippet:-1, max-image-preview:large, max-video-preview:-1\" \/>\n<link rel=\"canonical\" href=\"https:\/\/funstorage.thehuettl.com\/en\/wp-json\/wp\/v2\/product\/8772\" \/>\n<meta property=\"og:locale\" content=\"en_US\" \/>\n<meta property=\"og:type\" content=\"article\" \/>\n<meta property=\"og:title\" content=\"LEGO\u00ae 41743 Friseursalon | FunStorage.de\" \/>\n<meta property=\"og:description\" content=\"LEGO\u00ae 41743 Friseursalon | Ein Besuch im Friseursalon \u2013 mit Freunden | FunStorage.de\" \/>\n<meta property=\"og:url\" content=\"https:\/\/funstorage.thehuettl.com\/en\/shop\/lego-41743-friseursalon\/\" \/>\n<meta property=\"og:site_name\" content=\"FunStorage\" \/>\n<meta property=\"article:publisher\" content=\"https:\/\/www.facebook.com\/funstorage.de\" \/>\n<meta property=\"article:modified_time\" content=\"2023-11-13T23:50:05+00:00\" \/>\n<meta property=\"og:image\" content=\"https:\/\/funstorage.thehuettl.com\/wp-content\/uploads\/2023\/03\/41743_boxprod_v29-scaled-1.jpg\" \/>\n\t<meta property=\"og:image:width\" content=\"2560\" \/>\n\t<meta property=\"og:image:height\" content=\"2560\" \/>\n\t<meta property=\"og:image:type\" content=\"image\/jpeg\" \/>\n<meta name=\"twitter:card\" content=\"summary_large_image\" \/>\n<meta name=\"twitter:label1\" content=\"Est. reading time\" \/>\n\t<meta name=\"twitter:data1\" content=\"3 minutes\" \/>\n<script type=\"application\/ld+json\" class=\"yoast-schema-graph\">{\"@context\":\"https:\/\/schema.org\",\"@graph\":[{\"@type\":\"WebPage\",\"@id\":\"https:\/\/funstorage.thehuettl.com\/shop\/lego-41743-friseursalon\/\",\"url\":\"https:\/\/funstorage.thehuettl.com\/shop\/lego-41743-friseursalon\/\",\"name\":\"LEGO\u00ae 41743 Friseursalon | FunStorage.de\",\"isPartOf\":{\"@id\":\"https:\/\/funstorage.thehuettl.com\/#website\"},\"primaryImageOfPage\":{\"@id\":\"https:\/\/funstorage.thehuettl.com\/shop\/lego-41743-friseursalon\/#primaryimage\"},\"image\":{\"@id\":\"https:\/\/funstorage.thehuettl.com\/shop\/lego-41743-friseursalon\/#primaryimage\"},\"thumbnailUrl\":\"https:\/\/funstorage.thehuettl.com\/wp-content\/uploads\/2023\/03\/41743_boxprod_v29-scaled-1.jpg\",\"datePublished\":\"2023-03-01T01:51:07+00:00\",\"dateModified\":\"2023-11-13T23:50:05+00:00\",\"description\":\"LEGO\u00ae 41743 Friseursalon | Ein Besuch im Friseursalon \u2013 mit Freunden | FunStorage.de\",\"breadcrumb\":{\"@id\":\"https:\/\/funstorage.thehuettl.com\/shop\/lego-41743-friseursalon\/#breadcrumb\"},\"inLanguage\":\"en-US\",\"potentialAction\":[{\"@type\":\"ReadAction\",\"target\":[\"https:\/\/funstorage.thehuettl.com\/shop\/lego-41743-friseursalon\/\"]}]},{\"@type\":\"ImageObject\",\"inLanguage\":\"en-US\",\"@id\":\"https:\/\/funstorage.thehuettl.com\/shop\/lego-41743-friseursalon\/#primaryimage\",\"url\":\"https:\/\/funstorage.thehuettl.com\/wp-content\/uploads\/2023\/03\/41743_boxprod_v29-scaled-1.jpg\",\"contentUrl\":\"https:\/\/funstorage.thehuettl.com\/wp-content\/uploads\/2023\/03\/41743_boxprod_v29-scaled-1.jpg\",\"width\":2560,\"height\":2560},{\"@type\":\"BreadcrumbList\",\"@id\":\"https:\/\/funstorage.thehuettl.com\/shop\/lego-41743-friseursalon\/#breadcrumb\",\"itemListElement\":[{\"@type\":\"ListItem\",\"position\":1,\"name\":\"Startseite\",\"item\":\"https:\/\/funstorage.thehuettl.com\/step\/homepage\/\"},{\"@type\":\"ListItem\",\"position\":2,\"name\":\"Shop\",\"item\":\"https:\/\/funstorage.thehuettl.com\/shop\/\"},{\"@type\":\"ListItem\",\"position\":3,\"name\":\"LEGO\u00ae 41743 Friseursalon\"}]},{\"@type\":\"WebSite\",\"@id\":\"https:\/\/funstorage.thehuettl.com\/#website\",\"url\":\"https:\/\/funstorage.thehuettl.com\/\",\"name\":\"FunStorage\",\"description\":\"\",\"publisher\":{\"@id\":\"https:\/\/funstorage.thehuettl.com\/#organization\"},\"potentialAction\":[{\"@type\":\"SearchAction\",\"target\":{\"@type\":\"EntryPoint\",\"urlTemplate\":\"https:\/\/funstorage.thehuettl.com\/?s={search_term_string}\"},\"query-input\":{\"@type\":\"PropertyValueSpecification\",\"valueRequired\":true,\"valueName\":\"search_term_string\"}}],\"inLanguage\":\"en-US\"},{\"@type\":\"Organization\",\"@id\":\"https:\/\/funstorage.thehuettl.com\/#organization\",\"name\":\"FunStorage\",\"url\":\"https:\/\/funstorage.thehuettl.com\/\",\"logo\":{\"@type\":\"ImageObject\",\"inLanguage\":\"en-US\",\"@id\":\"https:\/\/funstorage.thehuettl.com\/#\/schema\/logo\/image\/\",\"url\":\"https:\/\/funstorage.thehuettl.com\/wp-content\/uploads\/2023\/02\/cropped-D2BA2C24-7753-4AC3-9F3B-6C174C5BCB99.png\",\"contentUrl\":\"https:\/\/funstorage.thehuettl.com\/wp-content\/uploads\/2023\/02\/cropped-D2BA2C24-7753-4AC3-9F3B-6C174C5BCB99.png\",\"width\":512,\"height\":512,\"caption\":\"FunStorage\"},\"image\":{\"@id\":\"https:\/\/funstorage.thehuettl.com\/#\/schema\/logo\/image\/\"},\"sameAs\":[\"https:\/\/www.facebook.com\/funstorage.de\"]}]}<\/script>\n<!-- \/ Yoast SEO plugin. -->","yoast_head_json":{"title":"LEGO\u00ae 41743 Friseursalon | FunStorage.de","description":"LEGO\u00ae 41743 Friseursalon | Ein Besuch im Friseursalon \u2013 mit Freunden | FunStorage.de","robots":{"index":"index","follow":"follow","max-snippet":"max-snippet:-1","max-image-preview":"max-image-preview:large","max-video-preview":"max-video-preview:-1"},"canonical":"https:\/\/funstorage.thehuettl.com\/en\/wp-json\/wp\/v2\/product\/8772","og_locale":"en_US","og_type":"article","og_title":"LEGO\u00ae 41743 Friseursalon | FunStorage.de","og_description":"LEGO\u00ae 41743 Friseursalon | Ein Besuch im Friseursalon \u2013 mit Freunden | FunStorage.de","og_url":"https:\/\/funstorage.thehuettl.com\/en\/shop\/lego-41743-friseursalon\/","og_site_name":"FunStorage","article_publisher":"https:\/\/www.facebook.com\/funstorage.de","article_modified_time":"2023-11-13T23:50:05+00:00","og_image":[{"width":2560,"height":2560,"url":"https:\/\/funstorage.thehuettl.com\/wp-content\/uploads\/2023\/03\/41743_boxprod_v29-scaled-1.jpg","type":"image\/jpeg"}],"twitter_card":"summary_large_image","twitter_misc":{"Est. reading time":"3 minutes"},"schema":{"@context":"https:\/\/schema.org","@graph":[{"@type":"WebPage","@id":"https:\/\/funstorage.thehuettl.com\/shop\/lego-41743-friseursalon\/","url":"https:\/\/funstorage.thehuettl.com\/shop\/lego-41743-friseursalon\/","name":"LEGO\u00ae 41743 Friseursalon | FunStorage.de","isPartOf":{"@id":"https:\/\/funstorage.thehuettl.com\/#website"},"primaryImageOfPage":{"@id":"https:\/\/funstorage.thehuettl.com\/shop\/lego-41743-friseursalon\/#primaryimage"},"image":{"@id":"https:\/\/funstorage.thehuettl.com\/shop\/lego-41743-friseursalon\/#primaryimage"},"thumbnailUrl":"https:\/\/funstorage.thehuettl.com\/wp-content\/uploads\/2023\/03\/41743_boxprod_v29-scaled-1.jpg","datePublished":"2023-03-01T01:51:07+00:00","dateModified":"2023-11-13T23:50:05+00:00","description":"LEGO\u00ae 41743 Friseursalon | Ein Besuch im Friseursalon \u2013 mit Freunden | FunStorage.de","breadcrumb":{"@id":"https:\/\/funstorage.thehuettl.com\/shop\/lego-41743-friseursalon\/#breadcrumb"},"inLanguage":"en-US","potentialAction":[{"@type":"ReadAction","target":["https:\/\/funstorage.thehuettl.com\/shop\/lego-41743-friseursalon\/"]}]},{"@type":"ImageObject","inLanguage":"en-US","@id":"https:\/\/funstorage.thehuettl.com\/shop\/lego-41743-friseursalon\/#primaryimage","url":"https:\/\/funstorage.thehuettl.com\/wp-content\/uploads\/2023\/03\/41743_boxprod_v29-scaled-1.jpg","contentUrl":"https:\/\/funstorage.thehuettl.com\/wp-content\/uploads\/2023\/03\/41743_boxprod_v29-scaled-1.jpg","width":2560,"height":2560},{"@type":"BreadcrumbList","@id":"https:\/\/funstorage.thehuettl.com\/shop\/lego-41743-friseursalon\/#breadcrumb","itemListElement":[{"@type":"ListItem","position":1,"name":"Startseite","item":"https:\/\/funstorage.thehuettl.com\/step\/homepage\/"},{"@type":"ListItem","position":2,"name":"Shop","item":"https:\/\/funstorage.thehuettl.com\/shop\/"},{"@type":"ListItem","position":3,"name":"LEGO\u00ae 41743 Friseursalon"}]},{"@type":"WebSite","@id":"https:\/\/funstorage.thehuettl.com\/#website","url":"https:\/\/funstorage.thehuettl.com\/","name":"FunStorage","description":"","publisher":{"@id":"https:\/\/funstorage.thehuettl.com\/#organization"},"potentialAction":[{"@type":"SearchAction","target":{"@type":"EntryPoint","urlTemplate":"https:\/\/funstorage.thehuettl.com\/?s={search_term_string}"},"query-input":{"@type":"PropertyValueSpecification","valueRequired":true,"valueName":"search_term_string"}}],"inLanguage":"en-US"},{"@type":"Organization","@id":"https:\/\/funstorage.thehuettl.com\/#organization","name":"FunStorage","url":"https:\/\/funstorage.thehuettl.com\/","logo":{"@type":"ImageObject","inLanguage":"en-US","@id":"https:\/\/funstorage.thehuettl.com\/#\/schema\/logo\/image\/","url":"https:\/\/funstorage.thehuettl.com\/wp-content\/uploads\/2023\/02\/cropped-D2BA2C24-7753-4AC3-9F3B-6C174C5BCB99.png","contentUrl":"https:\/\/funstorage.thehuettl.com\/wp-content\/uploads\/2023\/02\/cropped-D2BA2C24-7753-4AC3-9F3B-6C174C5BCB99.png","width":512,"height":512,"caption":"FunStorage"},"image":{"@id":"https:\/\/funstorage.thehuettl.com\/#\/schema\/logo\/image\/"},"sameAs":["https:\/\/www.facebook.com\/funstorage.de"]}]}},"_links":{"self":[{"href":"https:\/\/funstorage.thehuettl.com\/en\/wp-json\/wp\/v2\/product\/8772","targetHints":{"allow":["GET"]}}],"collection":[{"href":"https:\/\/funstorage.thehuettl.com\/en\/wp-json\/wp\/v2\/product"}],"about":[{"href":"https:\/\/funstorage.thehuettl.com\/en\/wp-json\/wp\/v2\/types\/product"}],"replies":[{"embeddable":true,"href":"https:\/\/funstorage.thehuettl.com\/en\/wp-json\/wp\/v2\/comments?post=8772"}],"version-history":[{"count":0,"href":"https:\/\/funstorage.thehuettl.com\/en\/wp-json\/wp\/v2\/product\/8772\/revisions"}],"wp:featuredmedia":[{"embeddable":true,"href":"https:\/\/funstorage.thehuettl.com\/en\/wp-json\/wp\/v2\/media\/8679"}],"wp:attachment":[{"href":"https:\/\/funstorage.thehuettl.com\/en\/wp-json\/wp\/v2\/media?parent=8772"}],"wp:term":[{"taxonomy":"product_brand","embeddable":true,"href":"https:\/\/funstorage.thehuettl.com\/en\/wp-json\/wp\/v2\/product_brand?post=8772"},{"taxonomy":"product_cat","embeddable":true,"href":"https:\/\/funstorage.thehuettl.com\/en\/wp-json\/wp\/v2\/product_cat?post=8772"},{"taxonomy":"product_tag","embeddable":true,"href":"https:\/\/funstorage.thehuettl.com\/en\/wp-json\/wp\/v2\/product_tag?post=8772"}],"curies":[{"name":"wp","href":"https:\/\/api.w.org\/{rel}","templated":true}]}}