{"id":8775,"date":"2023-03-01T02:51:08","date_gmt":"2023-03-01T01:51:08","guid":{"rendered":"https:\/\/funstorage.thehuettl.com\/?post_type=product&#038;p=8775"},"modified":"2023-11-14T00:49:59","modified_gmt":"2023-11-13T23:49:59","slug":"lego-41755-novas-zimmer","status":"publish","type":"product","link":"https:\/\/funstorage.thehuettl.com\/en\/shop\/lego-41755-novas-zimmer\/","title":{"rendered":"LEGO\u00ae 41755 Novas Zimmer"},"content":{"rendered":"<p>M\u00f6chtest du spielen? In Novas Zimmer dreht sich alles um ihre Begeisterung f\u00fcrs Gaming. Lerne Nova und Zac kennen, w\u00e4hrend sie miteinander ihre Lieblingsvideospiele spielen. Nova hat einen Gaming-PC mit Tastatur, Neon-L\u00fcfter, einen Gaming-Stuhl und ein Mikrofon in ihrem Zimmer. Du brauchst eine Pause? Dann hol dir was zu trinken und schau dir die Comics an. Oder spiel mit dem Rettungshund Pickle. Auf seinen R\u00e4dern schafft er es die Rampe hinauf zum Bett!<\/p>\n<p>&nbsp;<\/p>\n<p>LEGO\u00ae Friends Novas Zimmer (41755) ist ein tolles Bau- und Spielset, in dem Kinder ab 6 Jahren vieles entdecken k\u00f6nnen. Zac dachte eigentlich, er h\u00e4tte nicht viel mit Nova gemeinsam. Doch dann fand er heraus, dass sie Videospiele liebt \u2013 genau wie er! Jetzt spielen die beiden h\u00e4ufig miteinander und sind mittlerweile fast schon unzertrennlich. Dein Kind wird es lieben, die Funktionen in diesem Kinderzimmer zu entdecken, zum Beispiel den Gaming-PC mit Tastatur, Neon-L\u00fcftern und Mikrofon sowie den Gaming-Stuhl. Dein Kind kann den beiden Charakteren auch helfen, den Rettungshund Pickle zu versorgen. Auf der Werkbank kann Nova die R\u00e4der von Pickle reparieren. Und dank der Rampe schafft es der Hund aufs Bett hinauf. Gern wird dein Kind auch all die anderen Details wie das versteckte Poster entdecken, die Novas andere Interessen preisgeben. Inspiration f\u00fcr junge Baumeisterinnen und Baumeister Die LEGO Builder App bietet Kindern ein leichtes und intuitives Bauabenteuer. Die Funktionen lassen dein Kind 3D-Ansichten der Modelle vergr\u00f6\u00dfern und drehen, Sets speichern und seinen Baufortschritt verfolgen. Heartlake City w\u00e4chst Im LEGO Friends Universum kann dein Kind Freundschaften schlie\u00dfen, faszinierende neue Orte entdecken und Alltagsabenteuer erleben.<\/p>\n<p>&nbsp;<\/p>\n<p><span lang=\"DE\">Anzahl Teile: 179<br \/>\nAltersempfehlung: 6+<br \/>\nThema:\u00a0<\/span>LEGO\u00ae Friends<\/p>\n<p><span lang=\"DE\">EAN: 5702017415376<\/span><\/p>\n<p>&nbsp;<\/p>\n<dl class=\"dl-horizontal\">\n<dd>\n<div id=\"ctl00_main_mgcProduct_ctl00_v1_ctrl_metadata_ProductBullets_divReadmore\">\u2022 Novas Zimmer \u2013 ein Set f\u00fcr Kinder ab 6 Jahren: Das Spielset 41755 stellt Novas Kinderzimmer mit Laptop und Gaming-Stuhl dar. In diesem Gamer-Paradies kann dein Kind viele Rollenspiele und Geschichten darstellen<br \/>\n\u2022 2 Spielfiguren: Das Spielset beinhaltet die LEGO\u00ae Friends Spielfiguren Nova und Zac sowie den Rettungshund Pickle mit R\u00e4dern, die seine Hinterbeine ersetzen, damit er es die Rampe hinauf ins Bett schafft<br \/>\n\u2022 Lerne Nova besser kennen: Das Zubeh\u00f6r verschafft Kindern einen Einblick in Novas Welt und besteht aus einer Werkbank, R\u00e4dern, Futter und Wasser f\u00fcr Pickle, ausgestellten Figuren und einem versteckten Poster<br \/>\n\u2022 Geschenk f\u00fcr Kinder: Du suchst nach einem Spielzeug? Dieses LEGO\u00ae Friends Modell eines Kinderzimmers ist ein tolles Geburtstags-, Weihnachts- oder \u00dcberraschungsgeschenk f\u00fcr Kinder ab 6 Jahren, die gern kreativ spielen und Videospiele lieben<br \/>\n\u2022 Abmessungen: Dieses LEGO\u00ae Friends Modell eines Kinderzimmers ist 7\u00a0cm hoch, 12\u00a0cm breit und 11\u00a0cm tief<br \/>\n\u2022 Intuitive Anleitung: Die LEGO\u00ae Builder App nimmt dich und dein Kind auf ein intuitives Bauabenteuer mit. Coole Funktionen lassen euch 3D-Ansichten der Modelle vergr\u00f6\u00dfern und drehen, Sets speichern und euren Baufortschritt verfolgen<br \/>\n\u2022 Eine neue Generation in Heartlake City: Im Jahr 2023 wird das LEGO\u00ae Friends Universum noch gr\u00f6\u00dfer. Neue Charaktere und neue Orte laden zu vielen weiteren Abenteuern und Rollenspielen ein<br \/>\n\u2022 Qualit\u00e4tsprodukt: Alle LEGO\u00ae Elemente entsprechen strengen Branchenstandards, damit sie einheitlich und kompatibel sind und sich m\u00fchelos zusammensetzen lassen<br \/>\n\u2022 Sicherheit hat Vorrang: LEGO\u00ae Friends Steine und Teile werden Fall-, Hitze-, Druck- und Torsionstests unterzogen und analysiert, damit sie strikte globale Sicherheitsstandards erf\u00fcllen<\/div>\n<\/dd>\n<\/dl>","protected":false},"excerpt":{"rendered":"<p>LEGO\u00ae Friends Novas Zimmer: Modell eines Kinderzimmers f\u00fcr Kinder ab 6 Jahren mit Gaming-Funktionen und reichlich Zubeh\u00f6r, um kreativ zu spielen.<\/p>","protected":false},"featured_media":8699,"comment_status":"open","ping_status":"closed","template":"","meta":[],"product_brand":[],"product_cat":[34,329],"product_tag":[87,45,373,366],"class_list":{"0":"post-8775","1":"product","2":"type-product","3":"status-publish","4":"has-post-thumbnail","6":"product_cat-lego","7":"product_cat-lego-friends","8":"product_tag-friends","9":"product_tag-lego","10":"product_tag-novas","11":"product_tag-zimmer","13":"first","14":"instock","15":"taxable","16":"shipping-taxable","17":"purchasable","18":"product-type-simple"},"yoast_head":"<!-- This site is optimized with the Yoast SEO plugin v26.4 - https:\/\/yoast.com\/wordpress\/plugins\/seo\/ -->\n<title>LEGO\u00ae 41755 Novas Zimmer | Funstorage.de<\/title>\n<meta name=\"description\" content=\"LEGO\u00ae Friends 41755 Novas Zimmer | Cooles Bauset, jede Menge Spielspa\u00df | | FunStorage.de\" \/>\n<meta name=\"robots\" content=\"index, follow, max-snippet:-1, max-image-preview:large, max-video-preview:-1\" \/>\n<link rel=\"canonical\" href=\"https:\/\/funstorage.thehuettl.com\/en\/wp-json\/wp\/v2\/product\/8775\" \/>\n<meta property=\"og:locale\" content=\"en_US\" \/>\n<meta property=\"og:type\" content=\"article\" \/>\n<meta property=\"og:title\" content=\"LEGO\u00ae 41755 Novas Zimmer | Funstorage.de\" \/>\n<meta property=\"og:description\" content=\"LEGO\u00ae Friends 41755 Novas Zimmer | Cooles Bauset, jede Menge Spielspa\u00df | | FunStorage.de\" \/>\n<meta property=\"og:url\" content=\"https:\/\/funstorage.thehuettl.com\/en\/shop\/lego-41755-novas-zimmer\/\" \/>\n<meta property=\"og:site_name\" content=\"FunStorage\" \/>\n<meta property=\"article:publisher\" content=\"https:\/\/www.facebook.com\/funstorage.de\" \/>\n<meta property=\"article:modified_time\" content=\"2023-11-13T23:49:59+00:00\" \/>\n<meta property=\"og:image\" content=\"https:\/\/funstorage.thehuettl.com\/wp-content\/uploads\/2023\/03\/41755_boxprod_v29-scaled-1.jpg\" \/>\n\t<meta property=\"og:image:width\" content=\"2560\" \/>\n\t<meta property=\"og:image:height\" content=\"2560\" \/>\n\t<meta property=\"og:image:type\" content=\"image\/jpeg\" \/>\n<meta name=\"twitter:card\" content=\"summary_large_image\" \/>\n<meta name=\"twitter:label1\" content=\"Est. reading time\" \/>\n\t<meta name=\"twitter:data1\" content=\"3 minutes\" \/>\n<script type=\"application\/ld+json\" class=\"yoast-schema-graph\">{\"@context\":\"https:\/\/schema.org\",\"@graph\":[{\"@type\":\"WebPage\",\"@id\":\"https:\/\/funstorage.thehuettl.com\/shop\/lego-41755-novas-zimmer\/\",\"url\":\"https:\/\/funstorage.thehuettl.com\/shop\/lego-41755-novas-zimmer\/\",\"name\":\"LEGO\u00ae 41755 Novas Zimmer | Funstorage.de\",\"isPartOf\":{\"@id\":\"https:\/\/funstorage.thehuettl.com\/#website\"},\"primaryImageOfPage\":{\"@id\":\"https:\/\/funstorage.thehuettl.com\/shop\/lego-41755-novas-zimmer\/#primaryimage\"},\"image\":{\"@id\":\"https:\/\/funstorage.thehuettl.com\/shop\/lego-41755-novas-zimmer\/#primaryimage\"},\"thumbnailUrl\":\"https:\/\/funstorage.thehuettl.com\/wp-content\/uploads\/2023\/03\/41755_boxprod_v29-scaled-1.jpg\",\"datePublished\":\"2023-03-01T01:51:08+00:00\",\"dateModified\":\"2023-11-13T23:49:59+00:00\",\"description\":\"LEGO\u00ae Friends 41755 Novas Zimmer | Cooles Bauset, jede Menge Spielspa\u00df | | FunStorage.de\",\"breadcrumb\":{\"@id\":\"https:\/\/funstorage.thehuettl.com\/shop\/lego-41755-novas-zimmer\/#breadcrumb\"},\"inLanguage\":\"en-US\",\"potentialAction\":[{\"@type\":\"ReadAction\",\"target\":[\"https:\/\/funstorage.thehuettl.com\/shop\/lego-41755-novas-zimmer\/\"]}]},{\"@type\":\"ImageObject\",\"inLanguage\":\"en-US\",\"@id\":\"https:\/\/funstorage.thehuettl.com\/shop\/lego-41755-novas-zimmer\/#primaryimage\",\"url\":\"https:\/\/funstorage.thehuettl.com\/wp-content\/uploads\/2023\/03\/41755_boxprod_v29-scaled-1.jpg\",\"contentUrl\":\"https:\/\/funstorage.thehuettl.com\/wp-content\/uploads\/2023\/03\/41755_boxprod_v29-scaled-1.jpg\",\"width\":2560,\"height\":2560},{\"@type\":\"BreadcrumbList\",\"@id\":\"https:\/\/funstorage.thehuettl.com\/shop\/lego-41755-novas-zimmer\/#breadcrumb\",\"itemListElement\":[{\"@type\":\"ListItem\",\"position\":1,\"name\":\"Startseite\",\"item\":\"https:\/\/funstorage.thehuettl.com\/step\/homepage\/\"},{\"@type\":\"ListItem\",\"position\":2,\"name\":\"Shop\",\"item\":\"https:\/\/funstorage.thehuettl.com\/shop\/\"},{\"@type\":\"ListItem\",\"position\":3,\"name\":\"LEGO\u00ae 41755 Novas Zimmer\"}]},{\"@type\":\"WebSite\",\"@id\":\"https:\/\/funstorage.thehuettl.com\/#website\",\"url\":\"https:\/\/funstorage.thehuettl.com\/\",\"name\":\"FunStorage\",\"description\":\"\",\"publisher\":{\"@id\":\"https:\/\/funstorage.thehuettl.com\/#organization\"},\"potentialAction\":[{\"@type\":\"SearchAction\",\"target\":{\"@type\":\"EntryPoint\",\"urlTemplate\":\"https:\/\/funstorage.thehuettl.com\/?s={search_term_string}\"},\"query-input\":{\"@type\":\"PropertyValueSpecification\",\"valueRequired\":true,\"valueName\":\"search_term_string\"}}],\"inLanguage\":\"en-US\"},{\"@type\":\"Organization\",\"@id\":\"https:\/\/funstorage.thehuettl.com\/#organization\",\"name\":\"FunStorage\",\"url\":\"https:\/\/funstorage.thehuettl.com\/\",\"logo\":{\"@type\":\"ImageObject\",\"inLanguage\":\"en-US\",\"@id\":\"https:\/\/funstorage.thehuettl.com\/#\/schema\/logo\/image\/\",\"url\":\"https:\/\/funstorage.thehuettl.com\/wp-content\/uploads\/2023\/02\/cropped-D2BA2C24-7753-4AC3-9F3B-6C174C5BCB99.png\",\"contentUrl\":\"https:\/\/funstorage.thehuettl.com\/wp-content\/uploads\/2023\/02\/cropped-D2BA2C24-7753-4AC3-9F3B-6C174C5BCB99.png\",\"width\":512,\"height\":512,\"caption\":\"FunStorage\"},\"image\":{\"@id\":\"https:\/\/funstorage.thehuettl.com\/#\/schema\/logo\/image\/\"},\"sameAs\":[\"https:\/\/www.facebook.com\/funstorage.de\"]}]}<\/script>\n<!-- \/ Yoast SEO plugin. -->","yoast_head_json":{"title":"LEGO\u00ae 41755 Novas Zimmer | Funstorage.de","description":"LEGO\u00ae Friends 41755 Novas Zimmer | Cooles Bauset, jede Menge Spielspa\u00df | | FunStorage.de","robots":{"index":"index","follow":"follow","max-snippet":"max-snippet:-1","max-image-preview":"max-image-preview:large","max-video-preview":"max-video-preview:-1"},"canonical":"https:\/\/funstorage.thehuettl.com\/en\/wp-json\/wp\/v2\/product\/8775","og_locale":"en_US","og_type":"article","og_title":"LEGO\u00ae 41755 Novas Zimmer | Funstorage.de","og_description":"LEGO\u00ae Friends 41755 Novas Zimmer | Cooles Bauset, jede Menge Spielspa\u00df | | FunStorage.de","og_url":"https:\/\/funstorage.thehuettl.com\/en\/shop\/lego-41755-novas-zimmer\/","og_site_name":"FunStorage","article_publisher":"https:\/\/www.facebook.com\/funstorage.de","article_modified_time":"2023-11-13T23:49:59+00:00","og_image":[{"width":2560,"height":2560,"url":"https:\/\/funstorage.thehuettl.com\/wp-content\/uploads\/2023\/03\/41755_boxprod_v29-scaled-1.jpg","type":"image\/jpeg"}],"twitter_card":"summary_large_image","twitter_misc":{"Est. reading time":"3 minutes"},"schema":{"@context":"https:\/\/schema.org","@graph":[{"@type":"WebPage","@id":"https:\/\/funstorage.thehuettl.com\/shop\/lego-41755-novas-zimmer\/","url":"https:\/\/funstorage.thehuettl.com\/shop\/lego-41755-novas-zimmer\/","name":"LEGO\u00ae 41755 Novas Zimmer | Funstorage.de","isPartOf":{"@id":"https:\/\/funstorage.thehuettl.com\/#website"},"primaryImageOfPage":{"@id":"https:\/\/funstorage.thehuettl.com\/shop\/lego-41755-novas-zimmer\/#primaryimage"},"image":{"@id":"https:\/\/funstorage.thehuettl.com\/shop\/lego-41755-novas-zimmer\/#primaryimage"},"thumbnailUrl":"https:\/\/funstorage.thehuettl.com\/wp-content\/uploads\/2023\/03\/41755_boxprod_v29-scaled-1.jpg","datePublished":"2023-03-01T01:51:08+00:00","dateModified":"2023-11-13T23:49:59+00:00","description":"LEGO\u00ae Friends 41755 Novas Zimmer | Cooles Bauset, jede Menge Spielspa\u00df | | FunStorage.de","breadcrumb":{"@id":"https:\/\/funstorage.thehuettl.com\/shop\/lego-41755-novas-zimmer\/#breadcrumb"},"inLanguage":"en-US","potentialAction":[{"@type":"ReadAction","target":["https:\/\/funstorage.thehuettl.com\/shop\/lego-41755-novas-zimmer\/"]}]},{"@type":"ImageObject","inLanguage":"en-US","@id":"https:\/\/funstorage.thehuettl.com\/shop\/lego-41755-novas-zimmer\/#primaryimage","url":"https:\/\/funstorage.thehuettl.com\/wp-content\/uploads\/2023\/03\/41755_boxprod_v29-scaled-1.jpg","contentUrl":"https:\/\/funstorage.thehuettl.com\/wp-content\/uploads\/2023\/03\/41755_boxprod_v29-scaled-1.jpg","width":2560,"height":2560},{"@type":"BreadcrumbList","@id":"https:\/\/funstorage.thehuettl.com\/shop\/lego-41755-novas-zimmer\/#breadcrumb","itemListElement":[{"@type":"ListItem","position":1,"name":"Startseite","item":"https:\/\/funstorage.thehuettl.com\/step\/homepage\/"},{"@type":"ListItem","position":2,"name":"Shop","item":"https:\/\/funstorage.thehuettl.com\/shop\/"},{"@type":"ListItem","position":3,"name":"LEGO\u00ae 41755 Novas Zimmer"}]},{"@type":"WebSite","@id":"https:\/\/funstorage.thehuettl.com\/#website","url":"https:\/\/funstorage.thehuettl.com\/","name":"FunStorage","description":"","publisher":{"@id":"https:\/\/funstorage.thehuettl.com\/#organization"},"potentialAction":[{"@type":"SearchAction","target":{"@type":"EntryPoint","urlTemplate":"https:\/\/funstorage.thehuettl.com\/?s={search_term_string}"},"query-input":{"@type":"PropertyValueSpecification","valueRequired":true,"valueName":"search_term_string"}}],"inLanguage":"en-US"},{"@type":"Organization","@id":"https:\/\/funstorage.thehuettl.com\/#organization","name":"FunStorage","url":"https:\/\/funstorage.thehuettl.com\/","logo":{"@type":"ImageObject","inLanguage":"en-US","@id":"https:\/\/funstorage.thehuettl.com\/#\/schema\/logo\/image\/","url":"https:\/\/funstorage.thehuettl.com\/wp-content\/uploads\/2023\/02\/cropped-D2BA2C24-7753-4AC3-9F3B-6C174C5BCB99.png","contentUrl":"https:\/\/funstorage.thehuettl.com\/wp-content\/uploads\/2023\/02\/cropped-D2BA2C24-7753-4AC3-9F3B-6C174C5BCB99.png","width":512,"height":512,"caption":"FunStorage"},"image":{"@id":"https:\/\/funstorage.thehuettl.com\/#\/schema\/logo\/image\/"},"sameAs":["https:\/\/www.facebook.com\/funstorage.de"]}]}},"_links":{"self":[{"href":"https:\/\/funstorage.thehuettl.com\/en\/wp-json\/wp\/v2\/product\/8775","targetHints":{"allow":["GET"]}}],"collection":[{"href":"https:\/\/funstorage.thehuettl.com\/en\/wp-json\/wp\/v2\/product"}],"about":[{"href":"https:\/\/funstorage.thehuettl.com\/en\/wp-json\/wp\/v2\/types\/product"}],"replies":[{"embeddable":true,"href":"https:\/\/funstorage.thehuettl.com\/en\/wp-json\/wp\/v2\/comments?post=8775"}],"version-history":[{"count":0,"href":"https:\/\/funstorage.thehuettl.com\/en\/wp-json\/wp\/v2\/product\/8775\/revisions"}],"wp:featuredmedia":[{"embeddable":true,"href":"https:\/\/funstorage.thehuettl.com\/en\/wp-json\/wp\/v2\/media\/8699"}],"wp:attachment":[{"href":"https:\/\/funstorage.thehuettl.com\/en\/wp-json\/wp\/v2\/media?parent=8775"}],"wp:term":[{"taxonomy":"product_brand","embeddable":true,"href":"https:\/\/funstorage.thehuettl.com\/en\/wp-json\/wp\/v2\/product_brand?post=8775"},{"taxonomy":"product_cat","embeddable":true,"href":"https:\/\/funstorage.thehuettl.com\/en\/wp-json\/wp\/v2\/product_cat?post=8775"},{"taxonomy":"product_tag","embeddable":true,"href":"https:\/\/funstorage.thehuettl.com\/en\/wp-json\/wp\/v2\/product_tag?post=8775"}],"curies":[{"name":"wp","href":"https:\/\/api.w.org\/{rel}","templated":true}]}}